{"id":95,"date":"2022-03-07T15:56:32","date_gmt":"2022-03-07T14:56:32","guid":{"rendered":"https:\/\/ellington-photo.com\/ErosWalker\/?page_id=95"},"modified":"2022-03-14T08:54:04","modified_gmt":"2022-03-14T07:54:04","slug":"romans-et-nouvelles-gratuit","status":"publish","type":"page","link":"https:\/\/ellington-photo.com\/ErosWalker\/romans-et-nouvelles-gratuit\/","title":{"rendered":"Romans et nouvelles"},"content":{"rendered":"\n<p>Cette section vous permet d&rsquo;acc\u00e9der \u00e0 des \u0153uvres plus longues sous forme de t\u00e9l\u00e9chargement gratuit au format PDF ou eBook.<\/p>\n\n\n\n<ul class=\"wp-block-list\"><li><strong>\u00ab\u00a0<a href=\"https:\/\/ellington-photo.com\/ErosWalker\/on-the-road-again-ou-mefiez-vous-des-blondes\/\" target=\"_blank\" rel=\"noreferrer noopener\">On the road again ou M\u00e9fiez-vous des blondes<\/a>\u00ab\u00a0<\/strong> : un road movie dans l&rsquo;esprit des romans noirs am\u00e9ricains, accompagn\u00e9 d&rsquo;une ambiance musicale.<\/li><\/ul>\n\n\n\n<div class=\"wp-block-image\"><figure class=\"aligncenter size-full\"><a href=\"https:\/\/ellington-photo.com\/ErosWalker\/on-the-road-again-ou-mefiez-vous-des-blondes\/\" target=\"_blank\" rel=\"noopener\"><img loading=\"lazy\" decoding=\"async\" width=\"197\" height=\"279\" src=\"https:\/\/ellington-photo.com\/ErosWalker\/wp-content\/uploads\/2022\/03\/Marylin-rec.jpg\" alt=\"\" class=\"wp-image-121\"\/><\/a><\/figure><\/div>\n\n\n\n<ul class=\"wp-block-list\"><li><strong><a href=\"https:\/\/ellington-photo.com\/ErosWalker\/route-66-moto-erotique\/\" target=\"_blank\" rel=\"noreferrer noopener\">\u00ab\u00a0Route 66\u00a0\u00bb<\/a> <\/strong>: Deux amis parcourent \u00e0 moto la mythique <em>Route 66<\/em> dans l&rsquo;ouest am\u00e9ricain avant d&rsquo;\u00eatre entra\u00een\u00e9s malgr\u00e9 eux dans une enqu\u00eate polici\u00e8re. Ce roman est le premier d&rsquo;une s\u00e9rie mettant en situation les personnages r\u00e9currents, Ange S\u00e9gafr\u00e9di et son ami Philippe de Loubennes.<\/li><\/ul>\n\n\n\n<div class=\"wp-block-image\"><figure class=\"aligncenter size-full is-resized\"><a href=\"https:\/\/ellington-photo.com\/ErosWalker\/route-66-moto-erotique\/\" target=\"_blank\" rel=\"noopener\"><img loading=\"lazy\" decoding=\"async\" src=\"https:\/\/ellington-photo.com\/ErosWalker\/wp-content\/uploads\/2022\/03\/Route-66-cover.jpg\" alt=\"\" class=\"wp-image-128\" width=\"200\" height=\"321\" srcset=\"https:\/\/ellington-photo.com\/ErosWalker\/wp-content\/uploads\/2022\/03\/Route-66-cover.jpg 284w, https:\/\/ellington-photo.com\/ErosWalker\/wp-content\/uploads\/2022\/03\/Route-66-cover-187x300.jpg 187w\" sizes=\"auto, (max-width: 200px) 100vw, 200px\" \/><\/a><\/figure><\/div>\n\n\n\n<ul class=\"wp-block-list\"><li><a href=\"https:\/\/ellington-photo.com\/ErosWalker\/permanence-de-nuit\/\" target=\"_blank\" rel=\"noreferrer noopener\">\u00ab\u00a0Permanence de nuit\u00a0\u00bb<\/a> : Une nouvelle \u00e9rotique sur fond de meurtre dans la bourgeoisie de province.<\/li><\/ul>\n\n\n\n<div class=\"wp-block-image\"><figure class=\"aligncenter size-full is-resized\"><img loading=\"lazy\" decoding=\"async\" src=\"https:\/\/ellington-photo.com\/ErosWalker\/wp-content\/uploads\/2022\/03\/Permanence-de-nuit-cover.jpg\" alt=\"\" class=\"wp-image-178\" width=\"193\" height=\"327\" srcset=\"https:\/\/ellington-photo.com\/ErosWalker\/wp-content\/uploads\/2022\/03\/Permanence-de-nuit-cover.jpg 286w, https:\/\/ellington-photo.com\/ErosWalker\/wp-content\/uploads\/2022\/03\/Permanence-de-nuit-cover-177x300.jpg 177w\" sizes=\"auto, (max-width: 193px) 100vw, 193px\" \/><\/figure><\/div>\n","protected":false},"excerpt":{"rendered":"<p>Cette section vous permet d&rsquo;acc\u00e9der \u00e0 des \u0153uvres plus longues sous forme de t\u00e9l\u00e9chargement gratuit au format PDF ou eBook. \u00ab\u00a0On the road again ou M\u00e9fiez-vous des blondes\u00ab\u00a0 : un road movie dans l&rsquo;esprit des romans noirs am\u00e9ricains, accompagn\u00e9 d&rsquo;une ambiance musicale. \u00ab\u00a0Route 66\u00a0\u00bb : &hellip; <\/p>\n","protected":false},"author":1,"featured_media":0,"parent":0,"menu_order":0,"comment_status":"closed","ping_status":"closed","template":"","meta":{"footnotes":""},"class_list":["post-95","page","type-page","status-publish","hentry"],"yoast_head":"<!-- This site is optimized with the Yoast SEO plugin v27.4 - https:\/\/yoast.com\/product\/yoast-seo-wordpress\/ -->\n<title>Romans et nouvelles - Eros Walker Stories<\/title>\n<meta name=\"description\" content=\"Romans gratuits \u00e0 t\u00e9l\u00e9charger\" \/>\n<meta name=\"robots\" content=\"index, follow, max-snippet:-1, max-image-preview:large, max-video-preview:-1\" \/>\n<link rel=\"canonical\" href=\"https:\/\/ellington-photo.com\/ErosWalker\/romans-et-nouvelles-gratuit\/\" \/>\n<meta property=\"og:locale\" content=\"fr_FR\" \/>\n<meta property=\"og:type\" content=\"article\" \/>\n<meta property=\"og:title\" content=\"Romans et nouvelles - Eros Walker Stories\" \/>\n<meta property=\"og:description\" content=\"Romans gratuits \u00e0 t\u00e9l\u00e9charger\" \/>\n<meta property=\"og:url\" content=\"https:\/\/ellington-photo.com\/ErosWalker\/romans-et-nouvelles-gratuit\/\" \/>\n<meta property=\"og:site_name\" content=\"Eros Walker Stories\" \/>\n<meta property=\"article:modified_time\" content=\"2022-03-14T07:54:04+00:00\" \/>\n<meta property=\"og:image\" content=\"https:\/\/ellington-photo.com\/ErosWalker\/wp-content\/uploads\/2022\/03\/Marylin-rec.jpg\" \/>\n<meta name=\"twitter:card\" content=\"summary_large_image\" \/>\n<meta name=\"twitter:label1\" content=\"Dur\u00e9e de lecture estim\u00e9e\" \/>\n\t<meta name=\"twitter:data1\" content=\"2 minutes\" \/>\n<script type=\"application\/ld+json\" class=\"yoast-schema-graph\">{\"@context\":\"https:\\\/\\\/schema.org\",\"@graph\":[{\"@type\":\"WebPage\",\"@id\":\"https:\\\/\\\/ellington-photo.com\\\/ErosWalker\\\/romans-et-nouvelles-gratuit\\\/\",\"url\":\"https:\\\/\\\/ellington-photo.com\\\/ErosWalker\\\/romans-et-nouvelles-gratuit\\\/\",\"name\":\"Romans et nouvelles - Eros Walker Stories\",\"isPartOf\":{\"@id\":\"https:\\\/\\\/ellington-photo.com\\\/ErosWalker\\\/#website\"},\"primaryImageOfPage\":{\"@id\":\"https:\\\/\\\/ellington-photo.com\\\/ErosWalker\\\/romans-et-nouvelles-gratuit\\\/#primaryimage\"},\"image\":{\"@id\":\"https:\\\/\\\/ellington-photo.com\\\/ErosWalker\\\/romans-et-nouvelles-gratuit\\\/#primaryimage\"},\"thumbnailUrl\":\"https:\\\/\\\/ellington-photo.com\\\/ErosWalker\\\/wp-content\\\/uploads\\\/2022\\\/03\\\/Marylin-rec.jpg\",\"datePublished\":\"2022-03-07T14:56:32+00:00\",\"dateModified\":\"2022-03-14T07:54:04+00:00\",\"description\":\"Romans gratuits \u00e0 t\u00e9l\u00e9charger\",\"breadcrumb\":{\"@id\":\"https:\\\/\\\/ellington-photo.com\\\/ErosWalker\\\/romans-et-nouvelles-gratuit\\\/#breadcrumb\"},\"inLanguage\":\"fr-FR\",\"potentialAction\":[{\"@type\":\"ReadAction\",\"target\":[\"https:\\\/\\\/ellington-photo.com\\\/ErosWalker\\\/romans-et-nouvelles-gratuit\\\/\"]}]},{\"@type\":\"ImageObject\",\"inLanguage\":\"fr-FR\",\"@id\":\"https:\\\/\\\/ellington-photo.com\\\/ErosWalker\\\/romans-et-nouvelles-gratuit\\\/#primaryimage\",\"url\":\"https:\\\/\\\/ellington-photo.com\\\/ErosWalker\\\/wp-content\\\/uploads\\\/2022\\\/03\\\/Marylin-rec.jpg\",\"contentUrl\":\"https:\\\/\\\/ellington-photo.com\\\/ErosWalker\\\/wp-content\\\/uploads\\\/2022\\\/03\\\/Marylin-rec.jpg\",\"width\":197,\"height\":279},{\"@type\":\"BreadcrumbList\",\"@id\":\"https:\\\/\\\/ellington-photo.com\\\/ErosWalker\\\/romans-et-nouvelles-gratuit\\\/#breadcrumb\",\"itemListElement\":[{\"@type\":\"ListItem\",\"position\":1,\"name\":\"Accueil\",\"item\":\"https:\\\/\\\/ellington-photo.com\\\/ErosWalker\\\/\"},{\"@type\":\"ListItem\",\"position\":2,\"name\":\"Romans et nouvelles\"}]},{\"@type\":\"WebSite\",\"@id\":\"https:\\\/\\\/ellington-photo.com\\\/ErosWalker\\\/#website\",\"url\":\"https:\\\/\\\/ellington-photo.com\\\/ErosWalker\\\/\",\"name\":\"Eros Walker Stories\",\"description\":\"Litt\u00e9rature et images\",\"publisher\":{\"@id\":\"https:\\\/\\\/ellington-photo.com\\\/ErosWalker\\\/#organization\"},\"potentialAction\":[{\"@type\":\"SearchAction\",\"target\":{\"@type\":\"EntryPoint\",\"urlTemplate\":\"https:\\\/\\\/ellington-photo.com\\\/ErosWalker\\\/?s={search_term_string}\"},\"query-input\":{\"@type\":\"PropertyValueSpecification\",\"valueRequired\":true,\"valueName\":\"search_term_string\"}}],\"inLanguage\":\"fr-FR\"},{\"@type\":\"Organization\",\"@id\":\"https:\\\/\\\/ellington-photo.com\\\/ErosWalker\\\/#organization\",\"name\":\"Eros Walker Stories\",\"url\":\"https:\\\/\\\/ellington-photo.com\\\/ErosWalker\\\/\",\"logo\":{\"@type\":\"ImageObject\",\"inLanguage\":\"fr-FR\",\"@id\":\"https:\\\/\\\/ellington-photo.com\\\/ErosWalker\\\/#\\\/schema\\\/logo\\\/image\\\/\",\"url\":\"https:\\\/\\\/ellington-photo.com\\\/ErosWalker\\\/wp-content\\\/uploads\\\/2025\\\/05\\\/Chat-Noir.jpg\",\"contentUrl\":\"https:\\\/\\\/ellington-photo.com\\\/ErosWalker\\\/wp-content\\\/uploads\\\/2025\\\/05\\\/Chat-Noir.jpg\",\"width\":400,\"height\":391,\"caption\":\"Eros Walker Stories\"},\"image\":{\"@id\":\"https:\\\/\\\/ellington-photo.com\\\/ErosWalker\\\/#\\\/schema\\\/logo\\\/image\\\/\"},\"sameAs\":[\"https:\\\/\\\/www.linkedin.com\\\/in\\\/eros-walker-ab710a298\\\/\"]}]}<\/script>\n<!-- \/ Yoast SEO plugin. -->","yoast_head_json":{"title":"Romans et nouvelles - Eros Walker Stories","description":"Romans gratuits \u00e0 t\u00e9l\u00e9charger","robots":{"index":"index","follow":"follow","max-snippet":"max-snippet:-1","max-image-preview":"max-image-preview:large","max-video-preview":"max-video-preview:-1"},"canonical":"https:\/\/ellington-photo.com\/ErosWalker\/romans-et-nouvelles-gratuit\/","og_locale":"fr_FR","og_type":"article","og_title":"Romans et nouvelles - Eros Walker Stories","og_description":"Romans gratuits \u00e0 t\u00e9l\u00e9charger","og_url":"https:\/\/ellington-photo.com\/ErosWalker\/romans-et-nouvelles-gratuit\/","og_site_name":"Eros Walker Stories","article_modified_time":"2022-03-14T07:54:04+00:00","og_image":[{"url":"https:\/\/ellington-photo.com\/ErosWalker\/wp-content\/uploads\/2022\/03\/Marylin-rec.jpg","type":"","width":"","height":""}],"twitter_card":"summary_large_image","twitter_misc":{"Dur\u00e9e de lecture estim\u00e9e":"2 minutes"},"schema":{"@context":"https:\/\/schema.org","@graph":[{"@type":"WebPage","@id":"https:\/\/ellington-photo.com\/ErosWalker\/romans-et-nouvelles-gratuit\/","url":"https:\/\/ellington-photo.com\/ErosWalker\/romans-et-nouvelles-gratuit\/","name":"Romans et nouvelles - Eros Walker Stories","isPartOf":{"@id":"https:\/\/ellington-photo.com\/ErosWalker\/#website"},"primaryImageOfPage":{"@id":"https:\/\/ellington-photo.com\/ErosWalker\/romans-et-nouvelles-gratuit\/#primaryimage"},"image":{"@id":"https:\/\/ellington-photo.com\/ErosWalker\/romans-et-nouvelles-gratuit\/#primaryimage"},"thumbnailUrl":"https:\/\/ellington-photo.com\/ErosWalker\/wp-content\/uploads\/2022\/03\/Marylin-rec.jpg","datePublished":"2022-03-07T14:56:32+00:00","dateModified":"2022-03-14T07:54:04+00:00","description":"Romans gratuits \u00e0 t\u00e9l\u00e9charger","breadcrumb":{"@id":"https:\/\/ellington-photo.com\/ErosWalker\/romans-et-nouvelles-gratuit\/#breadcrumb"},"inLanguage":"fr-FR","potentialAction":[{"@type":"ReadAction","target":["https:\/\/ellington-photo.com\/ErosWalker\/romans-et-nouvelles-gratuit\/"]}]},{"@type":"ImageObject","inLanguage":"fr-FR","@id":"https:\/\/ellington-photo.com\/ErosWalker\/romans-et-nouvelles-gratuit\/#primaryimage","url":"https:\/\/ellington-photo.com\/ErosWalker\/wp-content\/uploads\/2022\/03\/Marylin-rec.jpg","contentUrl":"https:\/\/ellington-photo.com\/ErosWalker\/wp-content\/uploads\/2022\/03\/Marylin-rec.jpg","width":197,"height":279},{"@type":"BreadcrumbList","@id":"https:\/\/ellington-photo.com\/ErosWalker\/romans-et-nouvelles-gratuit\/#breadcrumb","itemListElement":[{"@type":"ListItem","position":1,"name":"Accueil","item":"https:\/\/ellington-photo.com\/ErosWalker\/"},{"@type":"ListItem","position":2,"name":"Romans et nouvelles"}]},{"@type":"WebSite","@id":"https:\/\/ellington-photo.com\/ErosWalker\/#website","url":"https:\/\/ellington-photo.com\/ErosWalker\/","name":"Eros Walker Stories","description":"Litt\u00e9rature et images","publisher":{"@id":"https:\/\/ellington-photo.com\/ErosWalker\/#organization"},"potentialAction":[{"@type":"SearchAction","target":{"@type":"EntryPoint","urlTemplate":"https:\/\/ellington-photo.com\/ErosWalker\/?s={search_term_string}"},"query-input":{"@type":"PropertyValueSpecification","valueRequired":true,"valueName":"search_term_string"}}],"inLanguage":"fr-FR"},{"@type":"Organization","@id":"https:\/\/ellington-photo.com\/ErosWalker\/#organization","name":"Eros Walker Stories","url":"https:\/\/ellington-photo.com\/ErosWalker\/","logo":{"@type":"ImageObject","inLanguage":"fr-FR","@id":"https:\/\/ellington-photo.com\/ErosWalker\/#\/schema\/logo\/image\/","url":"https:\/\/ellington-photo.com\/ErosWalker\/wp-content\/uploads\/2025\/05\/Chat-Noir.jpg","contentUrl":"https:\/\/ellington-photo.com\/ErosWalker\/wp-content\/uploads\/2025\/05\/Chat-Noir.jpg","width":400,"height":391,"caption":"Eros Walker Stories"},"image":{"@id":"https:\/\/ellington-photo.com\/ErosWalker\/#\/schema\/logo\/image\/"},"sameAs":["https:\/\/www.linkedin.com\/in\/eros-walker-ab710a298\/"]}]}},"_links":{"self":[{"href":"https:\/\/ellington-photo.com\/ErosWalker\/wp-json\/wp\/v2\/pages\/95","targetHints":{"allow":["GET"]}}],"collection":[{"href":"https:\/\/ellington-photo.com\/ErosWalker\/wp-json\/wp\/v2\/pages"}],"about":[{"href":"https:\/\/ellington-photo.com\/ErosWalker\/wp-json\/wp\/v2\/types\/page"}],"author":[{"embeddable":true,"href":"https:\/\/ellington-photo.com\/ErosWalker\/wp-json\/wp\/v2\/users\/1"}],"replies":[{"embeddable":true,"href":"https:\/\/ellington-photo.com\/ErosWalker\/wp-json\/wp\/v2\/comments?post=95"}],"version-history":[{"count":8,"href":"https:\/\/ellington-photo.com\/ErosWalker\/wp-json\/wp\/v2\/pages\/95\/revisions"}],"predecessor-version":[{"id":185,"href":"https:\/\/ellington-photo.com\/ErosWalker\/wp-json\/wp\/v2\/pages\/95\/revisions\/185"}],"wp:attachment":[{"href":"https:\/\/ellington-photo.com\/ErosWalker\/wp-json\/wp\/v2\/media?parent=95"}],"curies":[{"name":"wp","href":"https:\/\/api.w.org\/{rel}","templated":true}]}}