{"id":90,"date":"2022-03-07T15:52:10","date_gmt":"2022-03-07T14:52:10","guid":{"rendered":"https:\/\/ellington-photo.com\/ErosWalker\/?page_id=90"},"modified":"2022-03-13T17:15:40","modified_gmt":"2022-03-13T16:15:40","slug":"on-the-road-again-ou-mefiez-vous-des-blondes","status":"publish","type":"page","link":"https:\/\/ellington-photo.com\/ErosWalker\/on-the-road-again-ou-mefiez-vous-des-blondes\/","title":{"rendered":"On the road again"},"content":{"rendered":"\n<p class=\"has-medium-font-size\"><strong>ou M\u00e9fiez-vous des blondes<\/strong><\/p>\n\n\n\n<figure class=\"wp-block-image size-full\"><img loading=\"lazy\" decoding=\"async\" width=\"305\" height=\"497\" src=\"https:\/\/ellington-photo.com\/ErosWalker\/wp-content\/uploads\/2022\/03\/On-the-road-again-couverture.jpg\" alt=\"\" class=\"wp-image-93\" srcset=\"https:\/\/ellington-photo.com\/ErosWalker\/wp-content\/uploads\/2022\/03\/On-the-road-again-couverture.jpg 305w, https:\/\/ellington-photo.com\/ErosWalker\/wp-content\/uploads\/2022\/03\/On-the-road-again-couverture-184x300.jpg 184w\" sizes=\"auto, (max-width: 305px) 100vw, 305px\" \/><\/figure>\n\n\n\n<p><\/p>\n\n\n\n<p><strong>Prologue<\/strong><\/p>\n\n\n\n<p>La journ\u00e9e avait pourtant bien commenc\u00e9. J\u2019avais quitt\u00e9 Vegas sous le soleil du printemps, la capote de la Mustang ouverte, en \u00e9coutant \u00ab Born to be wild \u00bb* \u00e0 fond. Je tapais le rythme sur le volant en chantant avec Steppenwolf. Une canette pos\u00e9e sur la console \u00e0 port\u00e9e de main, j\u2019\u00e9tais heureux.<\/p>\n\n\n\n<p>J\u2019avais pass\u00e9 toute la semaine \u00e0 Vegas, \u00e0 jouer au poker, invit\u00e9 par le Bellagio pour des parties priv\u00e9es o\u00f9 l\u2019on joue gros. Quelques caves pleins aux as avaient cru pouvoir lutter contre moi et j\u2019avais encaiss\u00e9 un joli paquet, ce qui m\u2019avait permis de repartir au volant d\u2019une belle caisse presque neuve, une 5.0 de 2020, avec 460 chevaux sous le capot.<\/p>\n\n\n\n<p>Le ciel du d\u00e9sert \u00e9tait bleu, sans un nuage \u00e0 l\u2019horizon. Le moteur ronronnait et la route d\u00e9filait. J\u2019\u00e9tais parti vers le nord-ouest, sur la 95, avec l\u2019id\u00e9e de rejoindre San Francisco par le parc de Yosemite. Je roulais depuis une heure \u00e0 peine quand je me suis rendu compte que je n\u2019avais pas contr\u00f4l\u00e9 le niveau du r\u00e9servoir. La jauge indiquait un quart. Pas de quoi s\u2019alarmer, mais je d\u00e9cidai de m\u2019arr\u00eater \u00e0 Beatty pour faire le plein et manger un morceau. Il n\u2019y a pas beaucoup de stations en dehors de Las Vegas, et j\u2019aurais pu m\u2019arr\u00eater \u00e0 Amargosa, mais j\u2019avais choisi Beatty, allez savoir pourquoi. Ce trou \u00e0 rats n\u2019existe que parce que c\u2019est le point d\u2019entr\u00e9e de la Vall\u00e9e de la Mort, mais c\u2019est aussi pour \u00e7a qu\u2019il y a des restos et des stations-essence.<\/p>\n\n\n\n<p>J\u2019aurais vraiment mieux fait de m\u2019arr\u00eater \u00e0 Amargosa Valley, mais \u00e7a je ne pouvais pas encore le savoir.<\/p>\n\n\n\n<p>En arrivant \u00e0 Beatty, je me suis gar\u00e9 devant chez Mel\u2019s. Je n\u2019avais aucune raison particuli\u00e8re de choisir ce <em>diner<\/em>** l\u00e0, mais c\u2019\u00e9tait le premier \u00e0 l\u2019entr\u00e9e de la ville. Une femme qui devait approcher les cent ans est venue prendre ma commande en trainant des pieds. Elle m\u2019a tendu le menu sans dire un mot et elle est repartie, avant de revenir aussi lentement avec un pichet d\u2019eau glac\u00e9e. J\u2019ai command\u00e9 des \u0153ufs Benedict avec une grosse tranche de bacon canadien et des toasts. Quand elle a transmis ma demande, j\u2019ai entendu une voie caverneuse grommeler quelque chose d\u2019incompr\u00e9hensible dans la cuisine. Les \u0153ufs \u00e9taient bons, le caf\u00e9 un peu moins. J\u2019ai pay\u00e9 16 dollars et laiss\u00e9 3 billets en guise de pourboire, grand seigneur.<\/p>\n\n\n\n<p>C\u2019est \u00e0 la station Arco que les ennuis ont commenc\u00e9. Si j\u2019avais fait trois cent m\u00e8tres de plus, pour aller chez Eddie, tout aurait \u00e9t\u00e9 diff\u00e9rent, mais je me suis arr\u00eat\u00e9 chez Arco. Apr\u00e8s avoir fait le plein, je suis all\u00e9 payer \u00e0 la boutique, j\u2019aurais pu utiliser ma carte de cr\u00e9dit, mais j\u2019avais encore du cash plein les poches. La fille \u00e9tait un peu \u00e0 l\u2019\u00e9cart, en train de siroter un Dr Pepper. Je ne pouvais pas la manquer. Une fille comme \u00e7a, on ne peut pas la manquer. Pendant que je payais mon carburant, elle s\u2019est approch\u00e9e et au moment o\u00f9 je me retournais pour sortir, elle m\u2019a demand\u00e9 o\u00f9 j\u2019allais.<\/p>\n\n\n\n<p>Elle avait la voix un peu rauque de certaines chanteuses de rock, qui collait bien avec son look. On aurait dit Marylin sur la jaquette de \u00ab Rivi\u00e8re sans Retour \u00bb. Je lui ai dit que je remontais vers le nord. Elle m\u2019a demand\u00e9 si je voulais bien l\u2019emmener et moi, sans r\u00e9fl\u00e9chir, j\u2019ai dit oui.<\/p>\n\n\n\n<p><\/p>\n\n\n\n<p>* Born to be wild : <a rel=\"noreferrer noopener\" href=\"https:\/\/www.youtube.com\/watch?v=egMWlD3fLJ8\" target=\"_blank\">https:\/\/www.youtube.com\/watch?v=egMWlD3fLJ8<\/a><\/p>\n\n\n\n<p>** Diner : un restaurant traditionnel, sans pr\u00e9tention aux Etats-Unis<\/p>\n\n\n\n<p><\/p>\n\n\n\n<p>T\u00e9l\u00e9charger le texte complet au format PDF ou eBook :<br>ht<a href=\"\/\/www.edition999.info\/On-the-Road-Again.html\" target=\"_blank\" rel=\"noreferrer noopener\">tps:\/\/www.edition999.info\/On-the-Road-Again.html<\/a><\/p>\n","protected":false},"excerpt":{"rendered":"<p>ou M\u00e9fiez-vous des blondes Prologue La journ\u00e9e avait pourtant bien commenc\u00e9. J\u2019avais quitt\u00e9 Vegas sous le soleil du printemps, la capote de la Mustang ouverte, en \u00e9coutant \u00ab Born to be wild \u00bb* \u00e0 fond. Je tapais le rythme sur le volant en chantant avec &hellip; <\/p>\n","protected":false},"author":1,"featured_media":0,"parent":0,"menu_order":0,"comment_status":"closed","ping_status":"closed","template":"","meta":{"footnotes":""},"class_list":["post-90","page","type-page","status-publish","hentry"],"yoast_head":"<!-- This site is optimized with the Yoast SEO plugin v27.4 - https:\/\/yoast.com\/product\/yoast-seo-wordpress\/ -->\n<title>On the road again - Eros Walker Stories<\/title>\n<meta name=\"description\" content=\"Roman court esprit roman noir am\u00e9ricain\" \/>\n<meta name=\"robots\" content=\"index, follow, max-snippet:-1, max-image-preview:large, max-video-preview:-1\" \/>\n<link rel=\"canonical\" href=\"https:\/\/ellington-photo.com\/ErosWalker\/on-the-road-again-ou-mefiez-vous-des-blondes\/\" \/>\n<meta property=\"og:locale\" content=\"fr_FR\" \/>\n<meta property=\"og:type\" content=\"article\" \/>\n<meta property=\"og:title\" content=\"On the road again - Eros Walker Stories\" \/>\n<meta property=\"og:description\" content=\"Roman court esprit roman noir am\u00e9ricain\" \/>\n<meta property=\"og:url\" content=\"https:\/\/ellington-photo.com\/ErosWalker\/on-the-road-again-ou-mefiez-vous-des-blondes\/\" \/>\n<meta property=\"og:site_name\" content=\"Eros Walker Stories\" \/>\n<meta property=\"article:modified_time\" content=\"2022-03-13T16:15:40+00:00\" \/>\n<meta property=\"og:image\" content=\"https:\/\/ellington-photo.com\/ErosWalker\/wp-content\/uploads\/2022\/03\/On-the-road-again-couverture.jpg\" \/>\n<meta name=\"twitter:card\" content=\"summary_large_image\" \/>\n<meta name=\"twitter:label1\" content=\"Dur\u00e9e de lecture estim\u00e9e\" \/>\n\t<meta name=\"twitter:data1\" content=\"4 minutes\" \/>\n<script type=\"application\/ld+json\" class=\"yoast-schema-graph\">{\"@context\":\"https:\\\/\\\/schema.org\",\"@graph\":[{\"@type\":\"WebPage\",\"@id\":\"https:\\\/\\\/ellington-photo.com\\\/ErosWalker\\\/on-the-road-again-ou-mefiez-vous-des-blondes\\\/\",\"url\":\"https:\\\/\\\/ellington-photo.com\\\/ErosWalker\\\/on-the-road-again-ou-mefiez-vous-des-blondes\\\/\",\"name\":\"On the road again - Eros Walker Stories\",\"isPartOf\":{\"@id\":\"https:\\\/\\\/ellington-photo.com\\\/ErosWalker\\\/#website\"},\"primaryImageOfPage\":{\"@id\":\"https:\\\/\\\/ellington-photo.com\\\/ErosWalker\\\/on-the-road-again-ou-mefiez-vous-des-blondes\\\/#primaryimage\"},\"image\":{\"@id\":\"https:\\\/\\\/ellington-photo.com\\\/ErosWalker\\\/on-the-road-again-ou-mefiez-vous-des-blondes\\\/#primaryimage\"},\"thumbnailUrl\":\"https:\\\/\\\/ellington-photo.com\\\/ErosWalker\\\/wp-content\\\/uploads\\\/2022\\\/03\\\/On-the-road-again-couverture.jpg\",\"datePublished\":\"2022-03-07T14:52:10+00:00\",\"dateModified\":\"2022-03-13T16:15:40+00:00\",\"description\":\"Roman court esprit roman noir am\u00e9ricain\",\"breadcrumb\":{\"@id\":\"https:\\\/\\\/ellington-photo.com\\\/ErosWalker\\\/on-the-road-again-ou-mefiez-vous-des-blondes\\\/#breadcrumb\"},\"inLanguage\":\"fr-FR\",\"potentialAction\":[{\"@type\":\"ReadAction\",\"target\":[\"https:\\\/\\\/ellington-photo.com\\\/ErosWalker\\\/on-the-road-again-ou-mefiez-vous-des-blondes\\\/\"]}]},{\"@type\":\"ImageObject\",\"inLanguage\":\"fr-FR\",\"@id\":\"https:\\\/\\\/ellington-photo.com\\\/ErosWalker\\\/on-the-road-again-ou-mefiez-vous-des-blondes\\\/#primaryimage\",\"url\":\"https:\\\/\\\/ellington-photo.com\\\/ErosWalker\\\/wp-content\\\/uploads\\\/2022\\\/03\\\/On-the-road-again-couverture.jpg\",\"contentUrl\":\"https:\\\/\\\/ellington-photo.com\\\/ErosWalker\\\/wp-content\\\/uploads\\\/2022\\\/03\\\/On-the-road-again-couverture.jpg\",\"width\":305,\"height\":497},{\"@type\":\"BreadcrumbList\",\"@id\":\"https:\\\/\\\/ellington-photo.com\\\/ErosWalker\\\/on-the-road-again-ou-mefiez-vous-des-blondes\\\/#breadcrumb\",\"itemListElement\":[{\"@type\":\"ListItem\",\"position\":1,\"name\":\"Accueil\",\"item\":\"https:\\\/\\\/ellington-photo.com\\\/ErosWalker\\\/\"},{\"@type\":\"ListItem\",\"position\":2,\"name\":\"On the road again\"}]},{\"@type\":\"WebSite\",\"@id\":\"https:\\\/\\\/ellington-photo.com\\\/ErosWalker\\\/#website\",\"url\":\"https:\\\/\\\/ellington-photo.com\\\/ErosWalker\\\/\",\"name\":\"Eros Walker Stories\",\"description\":\"Litt\u00e9rature et images\",\"publisher\":{\"@id\":\"https:\\\/\\\/ellington-photo.com\\\/ErosWalker\\\/#organization\"},\"potentialAction\":[{\"@type\":\"SearchAction\",\"target\":{\"@type\":\"EntryPoint\",\"urlTemplate\":\"https:\\\/\\\/ellington-photo.com\\\/ErosWalker\\\/?s={search_term_string}\"},\"query-input\":{\"@type\":\"PropertyValueSpecification\",\"valueRequired\":true,\"valueName\":\"search_term_string\"}}],\"inLanguage\":\"fr-FR\"},{\"@type\":\"Organization\",\"@id\":\"https:\\\/\\\/ellington-photo.com\\\/ErosWalker\\\/#organization\",\"name\":\"Eros Walker Stories\",\"url\":\"https:\\\/\\\/ellington-photo.com\\\/ErosWalker\\\/\",\"logo\":{\"@type\":\"ImageObject\",\"inLanguage\":\"fr-FR\",\"@id\":\"https:\\\/\\\/ellington-photo.com\\\/ErosWalker\\\/#\\\/schema\\\/logo\\\/image\\\/\",\"url\":\"https:\\\/\\\/ellington-photo.com\\\/ErosWalker\\\/wp-content\\\/uploads\\\/2025\\\/05\\\/Chat-Noir.jpg\",\"contentUrl\":\"https:\\\/\\\/ellington-photo.com\\\/ErosWalker\\\/wp-content\\\/uploads\\\/2025\\\/05\\\/Chat-Noir.jpg\",\"width\":400,\"height\":391,\"caption\":\"Eros Walker Stories\"},\"image\":{\"@id\":\"https:\\\/\\\/ellington-photo.com\\\/ErosWalker\\\/#\\\/schema\\\/logo\\\/image\\\/\"},\"sameAs\":[\"https:\\\/\\\/www.linkedin.com\\\/in\\\/eros-walker-ab710a298\\\/\"]}]}<\/script>\n<!-- \/ Yoast SEO plugin. -->","yoast_head_json":{"title":"On the road again - Eros Walker Stories","description":"Roman court esprit roman noir am\u00e9ricain","robots":{"index":"index","follow":"follow","max-snippet":"max-snippet:-1","max-image-preview":"max-image-preview:large","max-video-preview":"max-video-preview:-1"},"canonical":"https:\/\/ellington-photo.com\/ErosWalker\/on-the-road-again-ou-mefiez-vous-des-blondes\/","og_locale":"fr_FR","og_type":"article","og_title":"On the road again - Eros Walker Stories","og_description":"Roman court esprit roman noir am\u00e9ricain","og_url":"https:\/\/ellington-photo.com\/ErosWalker\/on-the-road-again-ou-mefiez-vous-des-blondes\/","og_site_name":"Eros Walker Stories","article_modified_time":"2022-03-13T16:15:40+00:00","og_image":[{"url":"https:\/\/ellington-photo.com\/ErosWalker\/wp-content\/uploads\/2022\/03\/On-the-road-again-couverture.jpg","type":"","width":"","height":""}],"twitter_card":"summary_large_image","twitter_misc":{"Dur\u00e9e de lecture estim\u00e9e":"4 minutes"},"schema":{"@context":"https:\/\/schema.org","@graph":[{"@type":"WebPage","@id":"https:\/\/ellington-photo.com\/ErosWalker\/on-the-road-again-ou-mefiez-vous-des-blondes\/","url":"https:\/\/ellington-photo.com\/ErosWalker\/on-the-road-again-ou-mefiez-vous-des-blondes\/","name":"On the road again - Eros Walker Stories","isPartOf":{"@id":"https:\/\/ellington-photo.com\/ErosWalker\/#website"},"primaryImageOfPage":{"@id":"https:\/\/ellington-photo.com\/ErosWalker\/on-the-road-again-ou-mefiez-vous-des-blondes\/#primaryimage"},"image":{"@id":"https:\/\/ellington-photo.com\/ErosWalker\/on-the-road-again-ou-mefiez-vous-des-blondes\/#primaryimage"},"thumbnailUrl":"https:\/\/ellington-photo.com\/ErosWalker\/wp-content\/uploads\/2022\/03\/On-the-road-again-couverture.jpg","datePublished":"2022-03-07T14:52:10+00:00","dateModified":"2022-03-13T16:15:40+00:00","description":"Roman court esprit roman noir am\u00e9ricain","breadcrumb":{"@id":"https:\/\/ellington-photo.com\/ErosWalker\/on-the-road-again-ou-mefiez-vous-des-blondes\/#breadcrumb"},"inLanguage":"fr-FR","potentialAction":[{"@type":"ReadAction","target":["https:\/\/ellington-photo.com\/ErosWalker\/on-the-road-again-ou-mefiez-vous-des-blondes\/"]}]},{"@type":"ImageObject","inLanguage":"fr-FR","@id":"https:\/\/ellington-photo.com\/ErosWalker\/on-the-road-again-ou-mefiez-vous-des-blondes\/#primaryimage","url":"https:\/\/ellington-photo.com\/ErosWalker\/wp-content\/uploads\/2022\/03\/On-the-road-again-couverture.jpg","contentUrl":"https:\/\/ellington-photo.com\/ErosWalker\/wp-content\/uploads\/2022\/03\/On-the-road-again-couverture.jpg","width":305,"height":497},{"@type":"BreadcrumbList","@id":"https:\/\/ellington-photo.com\/ErosWalker\/on-the-road-again-ou-mefiez-vous-des-blondes\/#breadcrumb","itemListElement":[{"@type":"ListItem","position":1,"name":"Accueil","item":"https:\/\/ellington-photo.com\/ErosWalker\/"},{"@type":"ListItem","position":2,"name":"On the road again"}]},{"@type":"WebSite","@id":"https:\/\/ellington-photo.com\/ErosWalker\/#website","url":"https:\/\/ellington-photo.com\/ErosWalker\/","name":"Eros Walker Stories","description":"Litt\u00e9rature et images","publisher":{"@id":"https:\/\/ellington-photo.com\/ErosWalker\/#organization"},"potentialAction":[{"@type":"SearchAction","target":{"@type":"EntryPoint","urlTemplate":"https:\/\/ellington-photo.com\/ErosWalker\/?s={search_term_string}"},"query-input":{"@type":"PropertyValueSpecification","valueRequired":true,"valueName":"search_term_string"}}],"inLanguage":"fr-FR"},{"@type":"Organization","@id":"https:\/\/ellington-photo.com\/ErosWalker\/#organization","name":"Eros Walker Stories","url":"https:\/\/ellington-photo.com\/ErosWalker\/","logo":{"@type":"ImageObject","inLanguage":"fr-FR","@id":"https:\/\/ellington-photo.com\/ErosWalker\/#\/schema\/logo\/image\/","url":"https:\/\/ellington-photo.com\/ErosWalker\/wp-content\/uploads\/2025\/05\/Chat-Noir.jpg","contentUrl":"https:\/\/ellington-photo.com\/ErosWalker\/wp-content\/uploads\/2025\/05\/Chat-Noir.jpg","width":400,"height":391,"caption":"Eros Walker Stories"},"image":{"@id":"https:\/\/ellington-photo.com\/ErosWalker\/#\/schema\/logo\/image\/"},"sameAs":["https:\/\/www.linkedin.com\/in\/eros-walker-ab710a298\/"]}]}},"_links":{"self":[{"href":"https:\/\/ellington-photo.com\/ErosWalker\/wp-json\/wp\/v2\/pages\/90","targetHints":{"allow":["GET"]}}],"collection":[{"href":"https:\/\/ellington-photo.com\/ErosWalker\/wp-json\/wp\/v2\/pages"}],"about":[{"href":"https:\/\/ellington-photo.com\/ErosWalker\/wp-json\/wp\/v2\/types\/page"}],"author":[{"embeddable":true,"href":"https:\/\/ellington-photo.com\/ErosWalker\/wp-json\/wp\/v2\/users\/1"}],"replies":[{"embeddable":true,"href":"https:\/\/ellington-photo.com\/ErosWalker\/wp-json\/wp\/v2\/comments?post=90"}],"version-history":[{"count":4,"href":"https:\/\/ellington-photo.com\/ErosWalker\/wp-json\/wp\/v2\/pages\/90\/revisions"}],"predecessor-version":[{"id":146,"href":"https:\/\/ellington-photo.com\/ErosWalker\/wp-json\/wp\/v2\/pages\/90\/revisions\/146"}],"wp:attachment":[{"href":"https:\/\/ellington-photo.com\/ErosWalker\/wp-json\/wp\/v2\/media?parent=90"}],"curies":[{"name":"wp","href":"https:\/\/api.w.org\/{rel}","templated":true}]}}