{"id":84,"date":"2022-03-01T11:23:44","date_gmt":"2022-03-01T10:23:44","guid":{"rendered":"https:\/\/ellington-photo.com\/ErosWalker\/?page_id=84"},"modified":"2022-03-13T17:24:58","modified_gmt":"2022-03-13T16:24:58","slug":"restaurant-dhotel","status":"publish","type":"page","link":"https:\/\/ellington-photo.com\/ErosWalker\/restaurant-dhotel\/","title":{"rendered":"Restaurant d&rsquo;h\u00f4tel"},"content":{"rendered":"\n<p>Je ne connais pas d\u2019endroit aussi d\u00e9primant pour un individu sain de corps et d\u2019esprit que la salle de restaurant d\u2019un h\u00f4tel de passage. Telle \u00e9tait la r\u00e9flexion que je me faisais en me dirigeant vers le lieu o\u00f9 je m\u2019\u00e9tais r\u00e9solu \u00e0 prendre mon repas. Arriv\u00e9 apr\u00e8s la tomb\u00e9e de la nuit dans cette petite ville, je n\u2019avais gu\u00e8re envie de ressortir pour chercher mieux. De toute fa\u00e7on, en cette soir\u00e9e de Coupe d\u2019Europe, je ne pourrais gu\u00e8re \u00e9chapper \u00e0 la retransmission sur grand \u00e9cran et aux commentaires braillards de supporters t\u00e9l\u00e9visuels excit\u00e9s. Mieux valait donc rester sur place et me contenter d\u2019un repas rapide satisfaisant mes nouvelles exigences di\u00e9t\u00e9tiques. <\/p>\n\n\n\n<p>Comme il fallait s\u2019y attendre, la salle \u00e9tait \u00e0 peu pr\u00e8s vide, le ma\u00eetre d\u2019h\u00f4tel s\u2019ing\u00e9niant pour une raison inconnue \u00e0 accentuer le ph\u00e9nom\u00e8ne en dispersant les rares d\u00eeneurs aux quatre coins de la pi\u00e8ce. Le match \u00e9tant retransmis au bar, la pi\u00e8ce \u00e9tait calme. Dans un angle, une chemin\u00e9e traditionnelle diffusait une douce chaleur, et je d\u00e9cidai de m\u2019y installer sans me soucier du loufiat qui me proposait une table libre dans le coin oppos\u00e9.<\/p>\n\n\n\n<p>Ayant d\u00e9clin\u00e9 poliment mais fermement l\u2019ap\u00e9ritif maison, probablement un modeste kir au vin blanc de fin de cuv\u00e9e, je m\u2019absorbai dans la lecture de mon roman de poche. Je ne suis pas un inconditionnel d\u2019Harlan Coben mais le choix limit\u00e9 du kiosque de la gare ne m\u2019avait pas permis d\u2019\u00eatre trop exigeant. J\u2019avais \u00e0 peine ouvert le livre que je fus interrompu par la responsable de l\u2019\u00e9tablissement qui m\u2019avait accueilli quelques minutes plus t\u00f4t dissimul\u00e9e derri\u00e8re le comptoir de la r\u00e9ception. Je lui en fis la remarque et elle me r\u00e9pondit avec un charmant sourire qu\u2019elle \u00e9tait contrainte d\u2019assurer elle-m\u00eame une partie du service en raison de l\u2019absence inopin\u00e9e de sa serveuse attitr\u00e9e. Je me f\u00e9licitai&nbsp; aupr\u00e8s d\u2019elle de ma bonne fortune, car bien que n\u2019ayant eu qu\u2019une vision assez limit\u00e9e de sa personne, elle m\u2019avait fait une tr\u00e8s plaisante impression. M\u2019ayant confi\u00e9 la carte, elle s\u2019\u00e9loigna de ma table, me donnant le plaisir de constater que l\u2019envers valait bien l\u2019endroit.<\/p>\n\n\n\n<p>En dehors de ma table, seules trois autres \u00e9taient occup\u00e9es. Un couple \u00e2g\u00e9, d\u2019allure britannique, deux hommes discutant voitures, radars et autres sujets intellectuels et une femme seule, difficile de lui donner un \u00e2ge pr\u00e9cis, probablement entre quarante et soixante ans, tenue banale et sans style, probablement consciente de son manque total de s\u00e9duction. Inutile d\u2019esp\u00e9rer un quelconque \u00e9v\u00e9nement issu de cette peu brillante assembl\u00e9e. Un coup d&rsquo;\u0153il rapide \u00e0 la carte pour me r\u00e9soudre \u00e0 choisir l\u2019in\u00e9vitable \u00ab pi\u00e8ce du boucher \u00bb, saignante et sans sauce, seule compatible avec mes pratiques alimentaires du moment.<\/p>\n\n\n\n<p>J\u2019avais \u00e0 peine repris mon polar quand la ma\u00eetresse des lieux revint s\u2019enqu\u00e9rir de mon choix. Lui ayant communiqu\u00e9 mes d\u00e9sirs, \u00e0 accompagner d\u2019une bouteille d\u2019eau gazeuse, devant sa moue un peu d\u00e9\u00e7ue du peu d\u2019int\u00e9r\u00eat de ma commande, je lui expliquais que j\u2019avais entrepris un ambitieux programme de perte de poids, dont la r\u00e9alisation \u00e9tait rendue particuli\u00e8rement difficile du fait de ma vie de nomade moderne. Son agr\u00e9able sourire revint sur son visage et je la regardai \u00e0 nouveau s\u2019\u00e9loigner avec gr\u00e2ce, balan\u00e7ant avec \u00e9l\u00e9gance son joli petit derri\u00e8re, en direction de la cuisine.<\/p>\n\n\n\n<p>Les anglais avaient quitt\u00e9 la salle et les deux hommes en \u00e9taient au caf\u00e9. J\u2019avais renonc\u00e9 \u00e0 \u00e9pier la femme, de toute fa\u00e7on assise dans mon dos. J\u2019eus cette fois le temps de lire un chapitre complet avant que mon plat ne soit servi par le serveur, sans m\u00eame une formule de politesse rituelle. Je mangeais dans un silence assez pesant, les deux hommes \u00e9taient eux aussi partis, sans doute pour regarder le match au bar, tournant les pages entre deux bouch\u00e9es, consomm\u00e9es les unes comme les autres sans y pr\u00eater attention. Seules les buches cr\u00e9pitant dans la chemin\u00e9e apportaient un peu de bruit de fond, et je fus un peu surpris lorsqu\u2019elle revint pour enlever mon couvert.<\/p>\n\n\n\n<p>\u2014 Je ne vous propose pas la carte des desserts, me dit-elle, mais je peux vous offrir un fromage blanc au miel. Vous pouvez vous permettre \u00e7a.<\/p>\n\n\n\n<p>Je relevais les yeux pour la regarder avec un peu plus d\u2019attention. Elle portait une tenue assez stricte, chemisier blanc et jupe noire, assez longue, mais il me sembla \u00e0 ce moment que son d\u00e9collet\u00e9 \u00e9tait plus attirant qu\u2019auparavant. Je distinguais tr\u00e8s nettement maintenant la dentelle blanche de son soutien-gorge ainsi que le galbe de ses seins. Sans doute un bouton d\u00e9graf\u00e9, mais la belle n\u2019en avais cure. \u00c0 moins, me dis-je, que ce ne soit d\u00e9lib\u00e9r\u00e9ment aguicheur. J\u2019eus soudain l\u2019impression que la soir\u00e9e pourrait \u00eatre en partie sauv\u00e9e par cette attention charmante.<\/p>\n\n\n\n<p>Je n\u2019eus pas longtemps \u00e0 attendre avant qu\u2019elle ne revienne elle-m\u00eame avec mon dessert. Sa d\u00e9marche \u00e9tait de toute \u00e9vidence plus langoureuse. D\u00e9posant l\u2019assiette devant moi, le doute ne me fus plus permis, son buste g\u00e9n\u00e9reux offert \u00e0 mon regard \u00e9tait bel et bien un signal \u00e0 mon intention. Il me fallait montrer que le message \u00e9tait bien re\u00e7u. J\u2019optais pour un compliment aimable, associant la qualit\u00e9 de la table au charme de l\u2019h\u00f4tesse. Sa r\u00e9action fut assez inattendue. Elle s\u2019assit sur la chaise libre, face \u00e0 moi.<\/p>\n\n\n\n<p>\u2014 Je m\u2019appelle Isabelle. Je m\u2019occupe seule de cet h\u00f4tel depuis quelques temps et je m\u2019emmerde dans ce trou. Alors vous comprenez, parfois j\u2019essaie de prendre un peu de bon temps avec un client. Vous me plaisez bien et j\u2019ai vraiment besoin de baiser.<\/p>\n\n\n\n<p>J\u2019\u00e9tais pour le moins surpris d\u2019une attaque aussi directe, mais en m\u00eame temps enchant\u00e9 de la tournure des \u00e9v\u00e9nements. Sans me laisser le temps de r\u00e9pondre, elle prit ma main par-dessus la table en se levant et la dirigea vers ses seins.<\/p>\n\n\n\n<p>\u2014 Touche-les, ils sont encore fermes pour mon \u00e2ge.<\/p>\n\n\n\n<p>Je caressai doucement la peau d\u00e9licate au-dessus de la dentelle, sentant rapidement durcir le t\u00e9ton sous la fine \u00e9toffe. Mes doigts se firent un peu plus pressants, glissant sous le tissu pour lib\u00e9rer la pointe \u00e9rig\u00e9e.<\/p>\n\n\n\n<p>\u2014 Viens, me dit-elle.<\/p>\n\n\n\n<p>N\u00e9gligeant mon dessert \u00e0 peine effleur\u00e9, je la suivis jusqu\u2019\u00e0 un petit salon attenant \u00e0 la r\u00e9ception. J\u2019entendais maintenant les commentaires venant du bar. La partie \u00e9tait termin\u00e9e et les spectateurs rejouaient le match. Isabelle referma la porte derri\u00e8re moi, me fit signe de m\u2019assoir sur un petit canap\u00e9 et entreprit un lent effeuillage pour notre seul plaisir. Son chemisier d\u00e9j\u00e0 bien ouvert fut le premier \u00e0 rejoindre le sol, bient\u00f4t rejoint par sa jupe noire. Elle portait en dessous un ensemble complet de lingerie fine, incluant un porte-jarretelles traditionnel et des bas couture. Ses pieds \u00e9taient chauss\u00e9s de chaussures fines \u00e0 hauts talons, surement pas une tenue tr\u00e8s confortable pour le travail en salle.<\/p>\n\n\n\n<p>Conservant ses dessous, elle s&rsquo;approcha de moi et sans plier les genoux entreprit de lib\u00e9rer la protub\u00e9rance d\u00e9j\u00e0 nettement marqu\u00e9e dans mon pantalon. Il ne lui fallut pas longtemps pour avoir en main l&rsquo;objet de sa convoitise. Posant un genou sur le canap\u00e9 \u00e0 c\u00f4t\u00e9 de moi, sa main commen\u00e7a un lent mouvement autour de mon membre dress\u00e9 avant que ses l\u00e8vres ne viennent se joindre \u00e0 l&rsquo;exercice.<\/p>\n\n\n\n<p>De mon c\u00f4t\u00e9, je caressais doucement le joli post\u00e9rieur aux rondeurs d\u00e9gag\u00e9es, glissant doucement les doigts vers le sillon dans lequel se perdait le string blanc. Je d\u00e9couvris bien vite que son sexe n&rsquo;attendait plus que moi, \u00e9tant d\u00e9j\u00e0 g\u00e9n\u00e9reusement humect\u00e9, pr\u00eat \u00e0 une visite d\u00e9sormais in\u00e9luctable. Isa \u00e9tait bien de mon avis et prit rapidement position apr\u00e8s avoir adroitement mis en place un pr\u00e9servatif promptement d\u00e9ball\u00e9 , me tournant le dos, guidant mon sexe durci vers l&rsquo;entr\u00e9e du sien, \u00e9cartant au passage le symbolique barrage d&rsquo;\u00e9toffe. De mes mains \u00e0 nouveau libres, je fis rapidement glisser le soutien-gorge afin de me donner acc\u00e8s \u00e0 deux seins pulpeux mais fermes dont je pris possession comme elle acc\u00e9l\u00e9rait sa chevauch\u00e9e.<\/p>\n\n\n\n<p>Il ne fallut pas longtemps \u00e0 ce r\u00e9gime pour que nos d\u00e9sirs se m\u00ealent en une jouissance intense.<\/p>\n\n\n\n<p>J&rsquo;avais \u00e0 peine r\u00e9ajust\u00e9 ma tenue quand Isa franchit la porte en lan\u00e7ant un joyeux \u00ab Bonne Nuit \u00bb avant d&rsquo;aller retrouver ses clients au bar.<\/p>\n","protected":false},"excerpt":{"rendered":"<p>Je ne connais pas d\u2019endroit aussi d\u00e9primant pour un individu sain de corps et d\u2019esprit que la salle de restaurant d\u2019un h\u00f4tel de passage. Telle \u00e9tait la r\u00e9flexion que je me faisais en me dirigeant vers le lieu o\u00f9 je m\u2019\u00e9tais r\u00e9solu \u00e0 prendre mon &hellip; <\/p>\n","protected":false},"author":1,"featured_media":0,"parent":0,"menu_order":0,"comment_status":"closed","ping_status":"closed","template":"","meta":{"footnotes":""},"class_list":["post-84","page","type-page","status-publish","hentry"],"yoast_head":"<!-- This site is optimized with the Yoast SEO plugin v27.4 - https:\/\/yoast.com\/product\/yoast-seo-wordpress\/ -->\n<title>Restaurant d&#039;h\u00f4tel - Eros Walker Stories<\/title>\n<meta name=\"description\" content=\"Je ne connais pas d\u2019endroit aussi d\u00e9primant pour un individu sain de corps et d\u2019esprit que la salle de restaurant d\u2019un h\u00f4tel de passage. Telle \u00e9tait la r\u00e9flexion que je me faisais en me dirigeant vers le lieu o\u00f9 je m\u2019\u00e9tais r\u00e9solu \u00e0 prendre mon repas. Arriv\u00e9 apr\u00e8s la tomb\u00e9e de la nuit dans cette petite ville, je n\u2019avais gu\u00e8re envie de ressortir pour chercher mieux. De toute fa\u00e7on, en cette soir\u00e9e de Coupe d\u2019Europe, je ne pourrais gu\u00e8re \u00e9chapper \u00e0 la retransmission sur grand \u00e9cran et aux commentaires braillards de supporters t\u00e9l\u00e9visuels excit\u00e9s. Mieux valait donc rester sur place et me contenter d\u2019un repas rapide satisfaisant mes nouvelles exigences di\u00e9t\u00e9tiques.\" \/>\n<meta name=\"robots\" content=\"index, follow, max-snippet:-1, max-image-preview:large, max-video-preview:-1\" \/>\n<link rel=\"canonical\" href=\"https:\/\/ellington-photo.com\/ErosWalker\/restaurant-dhotel\/\" \/>\n<meta property=\"og:locale\" content=\"fr_FR\" \/>\n<meta property=\"og:type\" content=\"article\" \/>\n<meta property=\"og:title\" content=\"Restaurant d&#039;h\u00f4tel - Eros Walker Stories\" \/>\n<meta property=\"og:description\" content=\"Je ne connais pas d\u2019endroit aussi d\u00e9primant pour un individu sain de corps et d\u2019esprit que la salle de restaurant d\u2019un h\u00f4tel de passage. Telle \u00e9tait la r\u00e9flexion que je me faisais en me dirigeant vers le lieu o\u00f9 je m\u2019\u00e9tais r\u00e9solu \u00e0 prendre mon repas. Arriv\u00e9 apr\u00e8s la tomb\u00e9e de la nuit dans cette petite ville, je n\u2019avais gu\u00e8re envie de ressortir pour chercher mieux. De toute fa\u00e7on, en cette soir\u00e9e de Coupe d\u2019Europe, je ne pourrais gu\u00e8re \u00e9chapper \u00e0 la retransmission sur grand \u00e9cran et aux commentaires braillards de supporters t\u00e9l\u00e9visuels excit\u00e9s. Mieux valait donc rester sur place et me contenter d\u2019un repas rapide satisfaisant mes nouvelles exigences di\u00e9t\u00e9tiques.\" \/>\n<meta property=\"og:url\" content=\"https:\/\/ellington-photo.com\/ErosWalker\/restaurant-dhotel\/\" \/>\n<meta property=\"og:site_name\" content=\"Eros Walker Stories\" \/>\n<meta property=\"article:modified_time\" content=\"2022-03-13T16:24:58+00:00\" \/>\n<meta name=\"twitter:card\" content=\"summary_large_image\" \/>\n<meta name=\"twitter:label1\" content=\"Dur\u00e9e de lecture estim\u00e9e\" \/>\n\t<meta name=\"twitter:data1\" content=\"7 minutes\" \/>\n<script type=\"application\/ld+json\" class=\"yoast-schema-graph\">{\"@context\":\"https:\\\/\\\/schema.org\",\"@graph\":[{\"@type\":\"WebPage\",\"@id\":\"https:\\\/\\\/ellington-photo.com\\\/ErosWalker\\\/restaurant-dhotel\\\/\",\"url\":\"https:\\\/\\\/ellington-photo.com\\\/ErosWalker\\\/restaurant-dhotel\\\/\",\"name\":\"Restaurant d'h\u00f4tel - Eros Walker Stories\",\"isPartOf\":{\"@id\":\"https:\\\/\\\/ellington-photo.com\\\/ErosWalker\\\/#website\"},\"datePublished\":\"2022-03-01T10:23:44+00:00\",\"dateModified\":\"2022-03-13T16:24:58+00:00\",\"description\":\"Je ne connais pas d\u2019endroit aussi d\u00e9primant pour un individu sain de corps et d\u2019esprit que la salle de restaurant d\u2019un h\u00f4tel de passage. Telle \u00e9tait la r\u00e9flexion que je me faisais en me dirigeant vers le lieu o\u00f9 je m\u2019\u00e9tais r\u00e9solu \u00e0 prendre mon repas. Arriv\u00e9 apr\u00e8s la tomb\u00e9e de la nuit dans cette petite ville, je n\u2019avais gu\u00e8re envie de ressortir pour chercher mieux. De toute fa\u00e7on, en cette soir\u00e9e de Coupe d\u2019Europe, je ne pourrais gu\u00e8re \u00e9chapper \u00e0 la retransmission sur grand \u00e9cran et aux commentaires braillards de supporters t\u00e9l\u00e9visuels excit\u00e9s. Mieux valait donc rester sur place et me contenter d\u2019un repas rapide satisfaisant mes nouvelles exigences di\u00e9t\u00e9tiques.\",\"breadcrumb\":{\"@id\":\"https:\\\/\\\/ellington-photo.com\\\/ErosWalker\\\/restaurant-dhotel\\\/#breadcrumb\"},\"inLanguage\":\"fr-FR\",\"potentialAction\":[{\"@type\":\"ReadAction\",\"target\":[\"https:\\\/\\\/ellington-photo.com\\\/ErosWalker\\\/restaurant-dhotel\\\/\"]}]},{\"@type\":\"BreadcrumbList\",\"@id\":\"https:\\\/\\\/ellington-photo.com\\\/ErosWalker\\\/restaurant-dhotel\\\/#breadcrumb\",\"itemListElement\":[{\"@type\":\"ListItem\",\"position\":1,\"name\":\"Accueil\",\"item\":\"https:\\\/\\\/ellington-photo.com\\\/ErosWalker\\\/\"},{\"@type\":\"ListItem\",\"position\":2,\"name\":\"Restaurant d&rsquo;h\u00f4tel\"}]},{\"@type\":\"WebSite\",\"@id\":\"https:\\\/\\\/ellington-photo.com\\\/ErosWalker\\\/#website\",\"url\":\"https:\\\/\\\/ellington-photo.com\\\/ErosWalker\\\/\",\"name\":\"Eros Walker Stories\",\"description\":\"Litt\u00e9rature et images\",\"publisher\":{\"@id\":\"https:\\\/\\\/ellington-photo.com\\\/ErosWalker\\\/#organization\"},\"potentialAction\":[{\"@type\":\"SearchAction\",\"target\":{\"@type\":\"EntryPoint\",\"urlTemplate\":\"https:\\\/\\\/ellington-photo.com\\\/ErosWalker\\\/?s={search_term_string}\"},\"query-input\":{\"@type\":\"PropertyValueSpecification\",\"valueRequired\":true,\"valueName\":\"search_term_string\"}}],\"inLanguage\":\"fr-FR\"},{\"@type\":\"Organization\",\"@id\":\"https:\\\/\\\/ellington-photo.com\\\/ErosWalker\\\/#organization\",\"name\":\"Eros Walker Stories\",\"url\":\"https:\\\/\\\/ellington-photo.com\\\/ErosWalker\\\/\",\"logo\":{\"@type\":\"ImageObject\",\"inLanguage\":\"fr-FR\",\"@id\":\"https:\\\/\\\/ellington-photo.com\\\/ErosWalker\\\/#\\\/schema\\\/logo\\\/image\\\/\",\"url\":\"https:\\\/\\\/ellington-photo.com\\\/ErosWalker\\\/wp-content\\\/uploads\\\/2025\\\/05\\\/Chat-Noir.jpg\",\"contentUrl\":\"https:\\\/\\\/ellington-photo.com\\\/ErosWalker\\\/wp-content\\\/uploads\\\/2025\\\/05\\\/Chat-Noir.jpg\",\"width\":400,\"height\":391,\"caption\":\"Eros Walker Stories\"},\"image\":{\"@id\":\"https:\\\/\\\/ellington-photo.com\\\/ErosWalker\\\/#\\\/schema\\\/logo\\\/image\\\/\"},\"sameAs\":[\"https:\\\/\\\/www.linkedin.com\\\/in\\\/eros-walker-ab710a298\\\/\"]}]}<\/script>\n<!-- \/ Yoast SEO plugin. -->","yoast_head_json":{"title":"Restaurant d'h\u00f4tel - Eros Walker Stories","description":"Je ne connais pas d\u2019endroit aussi d\u00e9primant pour un individu sain de corps et d\u2019esprit que la salle de restaurant d\u2019un h\u00f4tel de passage. Telle \u00e9tait la r\u00e9flexion que je me faisais en me dirigeant vers le lieu o\u00f9 je m\u2019\u00e9tais r\u00e9solu \u00e0 prendre mon repas. Arriv\u00e9 apr\u00e8s la tomb\u00e9e de la nuit dans cette petite ville, je n\u2019avais gu\u00e8re envie de ressortir pour chercher mieux. De toute fa\u00e7on, en cette soir\u00e9e de Coupe d\u2019Europe, je ne pourrais gu\u00e8re \u00e9chapper \u00e0 la retransmission sur grand \u00e9cran et aux commentaires braillards de supporters t\u00e9l\u00e9visuels excit\u00e9s. Mieux valait donc rester sur place et me contenter d\u2019un repas rapide satisfaisant mes nouvelles exigences di\u00e9t\u00e9tiques.","robots":{"index":"index","follow":"follow","max-snippet":"max-snippet:-1","max-image-preview":"max-image-preview:large","max-video-preview":"max-video-preview:-1"},"canonical":"https:\/\/ellington-photo.com\/ErosWalker\/restaurant-dhotel\/","og_locale":"fr_FR","og_type":"article","og_title":"Restaurant d'h\u00f4tel - Eros Walker Stories","og_description":"Je ne connais pas d\u2019endroit aussi d\u00e9primant pour un individu sain de corps et d\u2019esprit que la salle de restaurant d\u2019un h\u00f4tel de passage. Telle \u00e9tait la r\u00e9flexion que je me faisais en me dirigeant vers le lieu o\u00f9 je m\u2019\u00e9tais r\u00e9solu \u00e0 prendre mon repas. Arriv\u00e9 apr\u00e8s la tomb\u00e9e de la nuit dans cette petite ville, je n\u2019avais gu\u00e8re envie de ressortir pour chercher mieux. De toute fa\u00e7on, en cette soir\u00e9e de Coupe d\u2019Europe, je ne pourrais gu\u00e8re \u00e9chapper \u00e0 la retransmission sur grand \u00e9cran et aux commentaires braillards de supporters t\u00e9l\u00e9visuels excit\u00e9s. Mieux valait donc rester sur place et me contenter d\u2019un repas rapide satisfaisant mes nouvelles exigences di\u00e9t\u00e9tiques.","og_url":"https:\/\/ellington-photo.com\/ErosWalker\/restaurant-dhotel\/","og_site_name":"Eros Walker Stories","article_modified_time":"2022-03-13T16:24:58+00:00","twitter_card":"summary_large_image","twitter_misc":{"Dur\u00e9e de lecture estim\u00e9e":"7 minutes"},"schema":{"@context":"https:\/\/schema.org","@graph":[{"@type":"WebPage","@id":"https:\/\/ellington-photo.com\/ErosWalker\/restaurant-dhotel\/","url":"https:\/\/ellington-photo.com\/ErosWalker\/restaurant-dhotel\/","name":"Restaurant d'h\u00f4tel - Eros Walker Stories","isPartOf":{"@id":"https:\/\/ellington-photo.com\/ErosWalker\/#website"},"datePublished":"2022-03-01T10:23:44+00:00","dateModified":"2022-03-13T16:24:58+00:00","description":"Je ne connais pas d\u2019endroit aussi d\u00e9primant pour un individu sain de corps et d\u2019esprit que la salle de restaurant d\u2019un h\u00f4tel de passage. Telle \u00e9tait la r\u00e9flexion que je me faisais en me dirigeant vers le lieu o\u00f9 je m\u2019\u00e9tais r\u00e9solu \u00e0 prendre mon repas. Arriv\u00e9 apr\u00e8s la tomb\u00e9e de la nuit dans cette petite ville, je n\u2019avais gu\u00e8re envie de ressortir pour chercher mieux. De toute fa\u00e7on, en cette soir\u00e9e de Coupe d\u2019Europe, je ne pourrais gu\u00e8re \u00e9chapper \u00e0 la retransmission sur grand \u00e9cran et aux commentaires braillards de supporters t\u00e9l\u00e9visuels excit\u00e9s. Mieux valait donc rester sur place et me contenter d\u2019un repas rapide satisfaisant mes nouvelles exigences di\u00e9t\u00e9tiques.","breadcrumb":{"@id":"https:\/\/ellington-photo.com\/ErosWalker\/restaurant-dhotel\/#breadcrumb"},"inLanguage":"fr-FR","potentialAction":[{"@type":"ReadAction","target":["https:\/\/ellington-photo.com\/ErosWalker\/restaurant-dhotel\/"]}]},{"@type":"BreadcrumbList","@id":"https:\/\/ellington-photo.com\/ErosWalker\/restaurant-dhotel\/#breadcrumb","itemListElement":[{"@type":"ListItem","position":1,"name":"Accueil","item":"https:\/\/ellington-photo.com\/ErosWalker\/"},{"@type":"ListItem","position":2,"name":"Restaurant d&rsquo;h\u00f4tel"}]},{"@type":"WebSite","@id":"https:\/\/ellington-photo.com\/ErosWalker\/#website","url":"https:\/\/ellington-photo.com\/ErosWalker\/","name":"Eros Walker Stories","description":"Litt\u00e9rature et images","publisher":{"@id":"https:\/\/ellington-photo.com\/ErosWalker\/#organization"},"potentialAction":[{"@type":"SearchAction","target":{"@type":"EntryPoint","urlTemplate":"https:\/\/ellington-photo.com\/ErosWalker\/?s={search_term_string}"},"query-input":{"@type":"PropertyValueSpecification","valueRequired":true,"valueName":"search_term_string"}}],"inLanguage":"fr-FR"},{"@type":"Organization","@id":"https:\/\/ellington-photo.com\/ErosWalker\/#organization","name":"Eros Walker Stories","url":"https:\/\/ellington-photo.com\/ErosWalker\/","logo":{"@type":"ImageObject","inLanguage":"fr-FR","@id":"https:\/\/ellington-photo.com\/ErosWalker\/#\/schema\/logo\/image\/","url":"https:\/\/ellington-photo.com\/ErosWalker\/wp-content\/uploads\/2025\/05\/Chat-Noir.jpg","contentUrl":"https:\/\/ellington-photo.com\/ErosWalker\/wp-content\/uploads\/2025\/05\/Chat-Noir.jpg","width":400,"height":391,"caption":"Eros Walker Stories"},"image":{"@id":"https:\/\/ellington-photo.com\/ErosWalker\/#\/schema\/logo\/image\/"},"sameAs":["https:\/\/www.linkedin.com\/in\/eros-walker-ab710a298\/"]}]}},"_links":{"self":[{"href":"https:\/\/ellington-photo.com\/ErosWalker\/wp-json\/wp\/v2\/pages\/84","targetHints":{"allow":["GET"]}}],"collection":[{"href":"https:\/\/ellington-photo.com\/ErosWalker\/wp-json\/wp\/v2\/pages"}],"about":[{"href":"https:\/\/ellington-photo.com\/ErosWalker\/wp-json\/wp\/v2\/types\/page"}],"author":[{"embeddable":true,"href":"https:\/\/ellington-photo.com\/ErosWalker\/wp-json\/wp\/v2\/users\/1"}],"replies":[{"embeddable":true,"href":"https:\/\/ellington-photo.com\/ErosWalker\/wp-json\/wp\/v2\/comments?post=84"}],"version-history":[{"count":1,"href":"https:\/\/ellington-photo.com\/ErosWalker\/wp-json\/wp\/v2\/pages\/84\/revisions"}],"predecessor-version":[{"id":85,"href":"https:\/\/ellington-photo.com\/ErosWalker\/wp-json\/wp\/v2\/pages\/84\/revisions\/85"}],"wp:attachment":[{"href":"https:\/\/ellington-photo.com\/ErosWalker\/wp-json\/wp\/v2\/media?parent=84"}],"curies":[{"name":"wp","href":"https:\/\/api.w.org\/{rel}","templated":true}]}}