{"id":79,"date":"2022-03-01T10:40:28","date_gmt":"2022-03-01T09:40:28","guid":{"rendered":"https:\/\/ellington-photo.com\/ErosWalker\/?page_id=79"},"modified":"2022-03-01T10:54:42","modified_gmt":"2022-03-01T09:54:42","slug":"bouchon-lyonnais-2","status":"publish","type":"page","link":"https:\/\/ellington-photo.com\/ErosWalker\/bouchon-lyonnais-2\/","title":{"rendered":"Bouchon lyonnais (2)"},"content":{"rendered":"\n<p class=\"has-small-font-size\"><em>Seconde partie<\/em><\/p>\n\n\n\n<p>Dehors, il faisait encore tr\u00e8s doux. Monica ne portait qu\u2019une simple veste, mais elle n\u2019avait pas froid. Ils partirent \u00e0 pied dans les ruelles, main dans la main. Malko marchait d\u2019un pas assur\u00e9. Apr\u00e8s quelques d\u00e9tours, il s\u2019arr\u00eata devant une maison sans vitrine, o\u00f9 la seule ouverture \u00e9tait une porte \u00e9paisse munie d\u2019un petit guichet. Malko sonna.<\/p>\n\n\n\n<p>\u2014 Vous ne connaissez s\u00fbrement pas ce genre d\u2019\u00e9tablissement.<\/p>\n\n\n\n<p>Monica n\u2019eut pas le temps de r\u00e9pondre. A travers le guichet, Malko se pr\u00e9senta et la porte s\u2019ouvrit aussit\u00f4t. Une jeune femme v\u00eatue d\u2019une robe extr\u00eamement courte, la poitrine serr\u00e9e dans un bustier qui faisait pigeonner ses seins et mont\u00e9e sur des talons tr\u00e8s hauts les accueillit avec chaleur. Surprise de voir cette femme dans cette tenue, Monica la suivit jusqu&rsquo;\u00e0 un petit guichet et lui confia sa veste et son sac. L\u2019\u00e9tablissement \u00e9tait assez petit. Un bar faisait face \u00e0 une piste de danse \u00e9clair\u00e9e de lasers de couleur, des banquettes rouges et des tables basses meublaient le reste de l\u2019espace. Dans un angle, un petit escalier permettait l\u2019acc\u00e8s au niveau inf\u00e9rieur. Monica d\u00e9couvrait cet endroit surprenant pour elle.<\/p>\n\n\n\n<p>Sur la piste, trois femmes dansaient sur un rythme soutenu. L\u2019une d\u2019elle portait une robe quasi transparente, qui mettait en valeur ses formes agr\u00e9ables. Seul un string minuscule se dessinait sous la robe. Les deux autres danseuses tournaient autour d\u2019elle, la fr\u00f4lant et dessinant sa silhouette dans leur chor\u00e9graphie. La musique changea pour un tempo plus lent. Les trois jeunes femmes se rapproch\u00e8rent. Leurs corps se touchaient maintenant, des mains caressaient les seins et les fesses offertes. Monica \u00e9tait fascin\u00e9e par ce spectacle. Elle n\u2019avait jamais rien vu de tel, du moins dans la r\u00e9alit\u00e9. Elle n\u2019ignorait pas que ce type d\u2019\u00e9tablissement exist\u00e2t mais n\u2019aurait jamais imagin\u00e9 d\u2019y entrer un jour. Au bras d\u2019un play-boy inconnu de surcro\u00eet.<\/p>\n\n\n\n<p>Assise sur une banquette, Monica avait laiss\u00e9 sa t\u00eate reposer sur l\u2019\u00e9paule de Malko. L\u2019h\u00f4tesse qui les avait accueillis v\u00eent prendre leur commande, puis Malko l\u2019entra\u00eena vers la piste de danse. Les trois danseuses s\u2019\u00e9cart\u00e8rent un peu pour leur laisser la place au centre de la piste. Monica et Malko commenc\u00e8rent \u00e0 danser face \u00e0 face. Malgr\u00e9 son appr\u00e9hension, port\u00e9e par la musique et la magie du moment, Monica ondulait lascivement, les yeux dans les yeux de Malko. Les trois autres femmes se rapproch\u00e8rent d&rsquo;elle, reprenant leur gestuelle, mimant les caresses sur l\u2019ensemble de son corps. Le rythme changea \u00e0 nouveau et ils revinrent \u00e0 leur place o\u00f9 deux verres avaient \u00e9t\u00e9 d\u00e9pos\u00e9s. Monica b\u00fbt un peu puis remarqua qu\u2019un bouton de son chemisier s\u2019\u00e9tait ouvert pendant qu\u2019elle dansait, laissant voir son soutien-gorge de dentelle blanche. Elle entreprit de le refermer mais Malko arr\u00eata son geste. Sa main d\u00e9licate pos\u00e9e sur la sienne la f\u00eet d\u00e9licieusement frissonner. Elle s&rsquo;abandonnait totalement maintenant.<\/p>\n\n\n\n<p>\u2014 C\u2019est tr\u00e8s bien comme \u00e7\u00e0.<\/p>\n\n\n\n<p>Ils retourn\u00e8rent danser sur un rythme moderne, d\u2019autres couples avaient rejoint la piste o\u00f9 il commen\u00e7ait \u00e0 faire vraiment chaud. Au bout d\u2019un moment, Malko l\u2019entra\u00eena vers l\u2019escalier.<\/p>\n\n\n\n<p>\u2014 Viens, allons visiter les caves.<\/p>\n\n\n\n<p>Ils durent descendre l\u2019un derri\u00e8re l\u2019autre. Monica \u00e9tait mal \u00e0 l&rsquo;aise dans cet escalier \u00e9troit, autant du fait de ses talons que par crainte de ce qu&rsquo;elle allait trouver au dessous. Ils d\u00e9bouch\u00e8rent dans une salle vo\u00fbt\u00e9e, peu \u00e9clair\u00e9e, meubl\u00e9e comme \u00e0 l\u2019\u00e9tage sup\u00e9rieur de canap\u00e9s et de petites tables. La musique parvenait de mani\u00e8re att\u00e9nu\u00e9e. Quelques couples \u00e9taient install\u00e9s, certaines femmes avaient les jupes relev\u00e9es tr\u00e8s haut, d\u2019autres avaient la main dans le pantalon de leur partenaire. Malko ne s\u2019arr\u00eata pas dans cette pi\u00e8ce et se dirigea vers un couloir \u00e9troit. Quelques alc\u00f4ves s\u2019ouvraient de part et d\u2019autre, n&rsquo;offrant que de grands divans rouges. Dans l\u2019une d\u2019elle, un couple \u00e9tait en train de faire l\u2019amour sous les yeux d\u2019un autre couple plus \u00e2g\u00e9. L\u2019homme caressait les seins nus de sa femme tout en les regardant.<\/p>\n\n\n\n<p>Malko continua jusqu\u2019\u00e0 la cave du fond. Dans la p\u00e9nombre, Monica mit un moment \u00e0 distinguer la croix dress\u00e9e dans un angle. Des sangles de cuir pendaient de ses bras. Des cha\u00eenes \u00e9taient suspendues au plafond bas. Monica eut un moment de frayeur lorsque Malko l&rsquo;adossa \u00e0 l\u2019espar de bois en la rassurant \u00e0 mi-voix. Il fit sauter les boutons restant et \u00e9carta le chemisier. Ses mains se pos\u00e8rent sur la poitrine de Monica qui bomba le torse, offrant ses seins aux caresses. Sous l&rsquo;effet de la surprise et de la fraicheur du lieu, le fin duvet couvrant la peau de sa gorge \u00e9tait dress\u00e9, augmentant la sensibilit\u00e9 de cette zone. L\u2019alcool aidant, elle n\u2019avait plus aucune crainte. Elle \u00e9tait pr\u00eate \u00e0 accomplir tout ce que Malko lui demanderait. Il fit totalement glisser le chemisier sur ses \u00e9paules puis les bretelles du soutien-gorge.<\/p>\n\n\n\n<p>Il releva ses bras et les fit passer dans les bracelets de cuir. Sa bouche se posa sur la sienne, dans un long et chaud baiser, sa langue cherchant sa langue, tournant sans cesse. Puis il descendit sur ses seins, d\u00e9gageant les t\u00e9tons pour les prendre entre ses l\u00e8vres et les mordiller gentiment. Les pointes se durcirent imm\u00e9diatement, pour le plus grand plaisir de Malko qui les prit entre ses doigts, les faisant rouler d\u00e9licatement. Il colla son corps contre elle et elle sentit la bosse dans son pantalon, ne pouvant rien faire d\u2019autre que de frotter son pubis contre la virilit\u00e9 prisonni\u00e8re de son amant. Abandonnant les seins, les mains de Malko descendirent jusqu\u2019\u00e0 la taille, cherchant \u00e0 d\u00e9grafer la jupe l\u00e9g\u00e8re. Celle-ci n\u2019offrit que peu de r\u00e9sistance et glissa sur les pieds de Monica, la laissant v\u00eatue de sa seule petite culotte et de son soutien-gorge \u00e0 demi \u00f4t\u00e9. Malko finit la besogne et ce dernier se retrouva lui aussi aux pieds de Monica.<\/p>\n\n\n\n<p>Sans un bruit, une forme souple se baissa pour ramasser les v\u00eatements dispers\u00e9s et les d\u00e9poser dans une petite niche du mur. Dans la p\u00e9nombre, Monica reconnut l\u2019une des danseuses, qui s\u2019\u00e9tait gliss\u00e9e \u00e0 leur suite dans la salle. Elle \u00e9tait maintenant habill\u00e9e de ses seuls bas et de son porte-jarretelles de voile noir, encadrant un sexe totalement lisse, tel celui d\u2019une petite fille. Apr\u00e8s s\u2019\u00eatre acquitt\u00e9e de sa t\u00e2che, elle alla s\u2019accroupir dans un coin sombre.<\/p>\n\n\n\n<p>Monica sentait maintenant le d\u00e9sir l\u2019envahir, tout son corps appelait les caresses de ce m\u00e2le dont les mains expertes continuaient \u00e0 parcourir les formes d\u00e9nud\u00e9es en \u00e9vitant toutefois soigneusement le triangle encore prot\u00e9g\u00e9. Apr\u00e8s un moment qui lui parut interminable, Monica sentit enfin les doigts faire glisser lentement l\u2019\u00e9lastique sur ses hanches, puis sur ses cuisses, d\u00e9voilant une toison sombre et fris\u00e9e. Monica n\u2019avait pas succomb\u00e9 \u00e0 la mode de l\u2019\u00e9pilation int\u00e9grale, se contentant du \u00ab maillot \u00bb et pr\u00e9servant ainsi une f\u00e9minit\u00e9 intacte, sous sa fourrure intime. Comme elle s\u2019y attendait, Malko lui fit \u00e9carter les jambes et les lia aux branches du bas.<\/p>\n\n\n\n<p>Ainsi immobilis\u00e9e, Monica ne pouvait qu\u2019attendre le bon vouloir de son ma\u00eetre. Malko se recula de quelques pas, admirant cette femme splendide ainsi crucifi\u00e9e, seins gonfl\u00e9s, les l\u00e8vres de son sexe entrouvertes sous les poils bruns d\u00e9j\u00e0 coll\u00e9s par le d\u00e9sir bouillonnant en elle. Sur un geste \u00e0 peine perceptible, la petite danseuse s\u2019approcha de Malko. Collant ses seins menus dans son dos, elle entreprit d\u2019\u00f4ter sa veste puis sa chemise blanche. Malko avait un torse puissant, les muscles bien dessin\u00e9s par l\u2019exercice physique. Les mains de la jeune fille le parcouraient avec avidit\u00e9, laissant Monica dans un \u00e9tat de frustration intense. Puis ce fut le tour du pantalon. Toujours derri\u00e8re Malko, ne laissant voir \u00e0 Monica que ses mains agiles s\u2019affairant sur la ceinture et la braguette, lib\u00e9rant un slip fort tendu par le membre gonfl\u00e9. Malko se tourna l\u00e9g\u00e8rement, permettant \u00e0 la petite de se glisser \u00e0 genoux devant lui, faisant sauter l\u2019ultime verrou et prenant goul\u00fbment le p\u00e9nis dress\u00e9 dans sa bouche.<\/p>\n\n\n\n<p>Monica tira sur ses liens pour manifester sa r\u00e9probation. L\u2019objet lui revenait de droit et elle ne supportait pas de le voir englouti par cette cr\u00e9ature venue de nulle part.<\/p>\n\n\n\n<p>\u2014 Regarde comme elle suce bien , dit Malko, tandis que les mains accompagnaient les l\u00e8vres dans un lent va-et-vient sur la hampe fi\u00e8rement brandie.<\/p>\n\n\n\n<p>Monica aurait voulu soulager la tension mont\u00e9e en elle, caresser son clitoris gonfl\u00e9, lib\u00e9rer son plaisir, mais ses entraves l\u2019en emp\u00eachaient.<\/p>\n\n\n\n<p>Repoussant doucement la petite toujours \u00e0 genoux, Malko revint vers Monica, dirigeant le membre puissant vers l\u2019entr\u00e9e de sa grotte maintenant bien ouverte. Cuisses \u00e9cart\u00e9es, les mains dans les mains de Monica, Malko promenait son gland sur les l\u00e8vres humides, se frayant un chemin vers le bouton de rose, le massant d\u00e9licatement de bas en haut avant de s\u2019\u00e9loigner et de recommencer avec lenteur. Aux pieds de Monica, le petite essayait de gober au passage les couilles de Malko, ses cheveux caressant les cuisses de Monica, s\u2019ajoutant au plaisir intense, puis renon\u00e7ant \u00e0 cet exercice improbable, elle entreprit de l\u00e9cher le sexe de Malko et celui de Monica dans un m\u00eame geste impr\u00e9cis. Monica n\u2019en pouvait plus de plaisir et sentit prendre naissance au creux de son ventre un orgasme comme Mario n\u2019avait jamais su en provoquer, m\u00eame dans leur jeunesse tumultueuse. Tout son corps se t\u00e9tanisa, dans un spasme violent avant qu\u2019elle ne retombe pantelante, les bras pendus aux bracelets de cuir.<\/p>\n\n\n\n<p>Malko fit signe \u00e0 la petite qui lib\u00e9ra ses membres avec douceur. Malko l\u2019accueillit dans ses bras et l\u2019embrassa longuement.<\/p>\n\n\n\n<p>\u2014 Baise-moi, d\u00e9fonce-moi ! dit-elle alors.<\/p>\n\n\n\n<p>Plusieurs couples se tenaient \u00e0 distance respectueuse, n\u2019ayant rien perdu du spectacle propos\u00e9. Ils s\u2019\u00e9cart\u00e8rent pour les laisser sortir, suivis de la petite portant leurs v\u00eatements. Ils se dirig\u00e8rent vers une autre pi\u00e8ce, une simple alc\u00f4ve occup\u00e9e par un grand divan rouge. Malko s\u2019y allongea sur le dos, laissant ainsi tout loisir \u00e0 Monica de prendre en charge le sexe toujours en \u00e9rection. Celle-ci ne se fit pas prier, agenouill\u00e9e aupr\u00e8s de Malko, sa croupe offerte aux regards, engloutissant l\u2019objet de son d\u00e9sir \u00e0 pleine bouche. Une main audacieuse se porta sur ses fesses, qu\u2019elle repoussa avec vigueur. L\u2019homme se retira penaud. Elle \u00e9tait consciente d\u2019\u00eatre observ\u00e9e par tous les clients maintenant regroup\u00e9s autour de la porte et n\u2019en avait cure, mais elle ne voulait plus partager sa r\u00e9compense. La petite esclave avait elle aussi compris. Dans le coin du divan, elle se masturbait en faisant glisser ses doigts en V entre ses l\u00e8vres, encadrant son clitoris \u00e0 chaque passage, avec de petits g\u00e9missements.<\/p>\n\n\n\n<p>C\u2019\u00e9tait maintenant au tour de Monica de diriger l\u2019exercice. S\u2019aidant de ses doigts, elle entreprit de chevaucher son \u00e9talon en pleine puissance. Le gros gland n\u2019eut pas de peine \u00e0 franchir l\u2019orifice abondamment lubrifi\u00e9 et Monica se d\u00e9cha\u00eena alors, ses seins dansant en tous sens au rythme des mouvements de ses hanches, venant effleurer la poitrine et le visage de Malko lorsqu\u2019elle se penchait vers lui, livrant en m\u00eame temps aux yeux des envieux une vue imprenable sur son cul largement ouvert.<\/p>\n\n\n\n<p>Comme elle semblait atteindre une nouvelle jouissance, Malko y glissa un doigt pr\u00e9alablement mouill\u00e9 de ses propres humeurs. Celui-ci p\u00e9n\u00e9tra sans rencontrer de r\u00e9sistance. Monica eut un petit sursaut avant de reprendre son man\u00e8ge. Puis elle se cabra soudain, poussant un cri, avant de s\u2019effondrer haletante sur la poitrine de Malko, dans un nouvel \u00e9lan de plaisir.<\/p>\n\n\n\n<p>Malko n\u2019avait toujours pas atteint la jouissance et reprit l\u2019initiative. Toujours \u00e0 genoux, Monica tendit son cul \u00e0 Malko qui la prit violemment par derri\u00e8re, dans une \u00e9treinte animale. Puis se d\u00e9gageant, il fit remonter son gland de quelques centim\u00e8tres. Monica essaya de se d\u00e9gager mais Malko la tenant fermement par les hanches pers\u00e9v\u00e9ra dans son effort. Renon\u00e7ant \u00e0 lutter, Monica livra son petit trou encore inviol\u00e9 \u00e0 la verge conqu\u00e9rante, dans un cri o\u00f9 se m\u00ealaient douleur et plaisir. Apr\u00e8s un instant de r\u00e9pit, Malko entreprit de se mouvoir lentement, allant de plus en plus profond dans les entrailles de Monica, dont les cris ne disaient maintenant que le bonheur. Enfin, il se retira, crachant une longue gicl\u00e9e de sperme \u00e9pais sur les fesses encore largement ouvertes. Monica se retourna.<\/p>\n\n\n\n<p>\u2014 Esp\u00e8ce de salaud, tu m\u2019a fait horriblement mal.<\/p>\n\n\n\n<p>Elle lui prit les testicules \u00e0 pleine main en serrant de toutes ses forces. Malko serra les dents sous la douleur jusqu\u2019\u00e0 ce que rel\u00e2chant sa prise, Monica \u00e9crase sa bouche sur la sienne.<\/p>\n\n\n\n<p>\u2014 Ne refait jamais cela, ou je t\u2019arrache les couilles !<\/p>\n\n\n\n<p>Quelques heures plus tard, Monica sure d\u2019elle se pr\u00e9sentait au cabinet d\u2019avocats.<\/p>\n\n\n\n<p>\u2014 Vous savez, ce n\u2019\u00e9tait pas la peine de vous d\u00e9placer sp\u00e9cialement, je viens moi-m\u00eame souvent \u00e0 Paris<\/p>\n\n\n\n<p>Regardant l\u2019associ\u00e9 principal dans les yeux, Monica lui r\u00e9pondit avec assurance.<\/p>\n\n\n\n<p>\u2014 Oui, c\u2019est vrai, mais je souhaitais me rendre compte par moi-m\u00eame de l\u2019ambiance de cette ville, o\u00f9 je risque de passer pas mal de temps, maintenant.<\/p>\n\n\n\n<p>En disant cela, un frisson parcourut tout son corps.<\/p>\n\n\n\n<p><\/p>\n\n\n\n<p>\u00a9Eros Walker 2004<\/p>\n","protected":false},"excerpt":{"rendered":"<p>Seconde partie Dehors, il faisait encore tr\u00e8s doux. Monica ne portait qu\u2019une simple veste, mais elle n\u2019avait pas froid. Ils partirent \u00e0 pied dans les ruelles, main dans la main. Malko marchait d\u2019un pas assur\u00e9. Apr\u00e8s quelques d\u00e9tours, il s\u2019arr\u00eata devant une maison sans vitrine, &hellip; <\/p>\n","protected":false},"author":1,"featured_media":0,"parent":0,"menu_order":0,"comment_status":"closed","ping_status":"closed","template":"","meta":{"footnotes":""},"class_list":["post-79","page","type-page","status-publish","hentry"],"yoast_head":"<!-- This site is optimized with the Yoast SEO plugin v27.4 - https:\/\/yoast.com\/product\/yoast-seo-wordpress\/ -->\n<title>Bouchon lyonnais (2) - Eros Walker Stories<\/title>\n<meta name=\"robots\" content=\"index, follow, max-snippet:-1, max-image-preview:large, max-video-preview:-1\" \/>\n<link rel=\"canonical\" href=\"https:\/\/ellington-photo.com\/ErosWalker\/bouchon-lyonnais-2\/\" \/>\n<meta property=\"og:locale\" content=\"fr_FR\" \/>\n<meta property=\"og:type\" content=\"article\" \/>\n<meta property=\"og:title\" content=\"Bouchon lyonnais (2) - Eros Walker Stories\" \/>\n<meta property=\"og:description\" content=\"Seconde partie Dehors, il faisait encore tr\u00e8s doux. Monica ne portait qu\u2019une simple veste, mais elle n\u2019avait pas froid. Ils partirent \u00e0 pied dans les ruelles, main dans la main. Malko marchait d\u2019un pas assur\u00e9. Apr\u00e8s quelques d\u00e9tours, il s\u2019arr\u00eata devant une maison sans vitrine, &hellip;\" \/>\n<meta property=\"og:url\" content=\"https:\/\/ellington-photo.com\/ErosWalker\/bouchon-lyonnais-2\/\" \/>\n<meta property=\"og:site_name\" content=\"Eros Walker Stories\" \/>\n<meta property=\"article:modified_time\" content=\"2022-03-01T09:54:42+00:00\" \/>\n<meta name=\"twitter:card\" content=\"summary_large_image\" \/>\n<meta name=\"twitter:label1\" content=\"Dur\u00e9e de lecture estim\u00e9e\" \/>\n\t<meta name=\"twitter:data1\" content=\"12 minutes\" \/>\n<script type=\"application\/ld+json\" class=\"yoast-schema-graph\">{\"@context\":\"https:\\\/\\\/schema.org\",\"@graph\":[{\"@type\":\"WebPage\",\"@id\":\"https:\\\/\\\/ellington-photo.com\\\/ErosWalker\\\/bouchon-lyonnais-2\\\/\",\"url\":\"https:\\\/\\\/ellington-photo.com\\\/ErosWalker\\\/bouchon-lyonnais-2\\\/\",\"name\":\"Bouchon lyonnais (2) - Eros Walker Stories\",\"isPartOf\":{\"@id\":\"https:\\\/\\\/ellington-photo.com\\\/ErosWalker\\\/#website\"},\"datePublished\":\"2022-03-01T09:40:28+00:00\",\"dateModified\":\"2022-03-01T09:54:42+00:00\",\"breadcrumb\":{\"@id\":\"https:\\\/\\\/ellington-photo.com\\\/ErosWalker\\\/bouchon-lyonnais-2\\\/#breadcrumb\"},\"inLanguage\":\"fr-FR\",\"potentialAction\":[{\"@type\":\"ReadAction\",\"target\":[\"https:\\\/\\\/ellington-photo.com\\\/ErosWalker\\\/bouchon-lyonnais-2\\\/\"]}]},{\"@type\":\"BreadcrumbList\",\"@id\":\"https:\\\/\\\/ellington-photo.com\\\/ErosWalker\\\/bouchon-lyonnais-2\\\/#breadcrumb\",\"itemListElement\":[{\"@type\":\"ListItem\",\"position\":1,\"name\":\"Accueil\",\"item\":\"https:\\\/\\\/ellington-photo.com\\\/ErosWalker\\\/\"},{\"@type\":\"ListItem\",\"position\":2,\"name\":\"Bouchon lyonnais (2)\"}]},{\"@type\":\"WebSite\",\"@id\":\"https:\\\/\\\/ellington-photo.com\\\/ErosWalker\\\/#website\",\"url\":\"https:\\\/\\\/ellington-photo.com\\\/ErosWalker\\\/\",\"name\":\"Eros Walker Stories\",\"description\":\"Litt\u00e9rature et images\",\"publisher\":{\"@id\":\"https:\\\/\\\/ellington-photo.com\\\/ErosWalker\\\/#organization\"},\"potentialAction\":[{\"@type\":\"SearchAction\",\"target\":{\"@type\":\"EntryPoint\",\"urlTemplate\":\"https:\\\/\\\/ellington-photo.com\\\/ErosWalker\\\/?s={search_term_string}\"},\"query-input\":{\"@type\":\"PropertyValueSpecification\",\"valueRequired\":true,\"valueName\":\"search_term_string\"}}],\"inLanguage\":\"fr-FR\"},{\"@type\":\"Organization\",\"@id\":\"https:\\\/\\\/ellington-photo.com\\\/ErosWalker\\\/#organization\",\"name\":\"Eros Walker Stories\",\"url\":\"https:\\\/\\\/ellington-photo.com\\\/ErosWalker\\\/\",\"logo\":{\"@type\":\"ImageObject\",\"inLanguage\":\"fr-FR\",\"@id\":\"https:\\\/\\\/ellington-photo.com\\\/ErosWalker\\\/#\\\/schema\\\/logo\\\/image\\\/\",\"url\":\"https:\\\/\\\/ellington-photo.com\\\/ErosWalker\\\/wp-content\\\/uploads\\\/2025\\\/05\\\/Chat-Noir.jpg\",\"contentUrl\":\"https:\\\/\\\/ellington-photo.com\\\/ErosWalker\\\/wp-content\\\/uploads\\\/2025\\\/05\\\/Chat-Noir.jpg\",\"width\":400,\"height\":391,\"caption\":\"Eros Walker Stories\"},\"image\":{\"@id\":\"https:\\\/\\\/ellington-photo.com\\\/ErosWalker\\\/#\\\/schema\\\/logo\\\/image\\\/\"},\"sameAs\":[\"https:\\\/\\\/www.linkedin.com\\\/in\\\/eros-walker-ab710a298\\\/\"]}]}<\/script>\n<!-- \/ Yoast SEO plugin. -->","yoast_head_json":{"title":"Bouchon lyonnais (2) - Eros Walker Stories","robots":{"index":"index","follow":"follow","max-snippet":"max-snippet:-1","max-image-preview":"max-image-preview:large","max-video-preview":"max-video-preview:-1"},"canonical":"https:\/\/ellington-photo.com\/ErosWalker\/bouchon-lyonnais-2\/","og_locale":"fr_FR","og_type":"article","og_title":"Bouchon lyonnais (2) - Eros Walker Stories","og_description":"Seconde partie Dehors, il faisait encore tr\u00e8s doux. Monica ne portait qu\u2019une simple veste, mais elle n\u2019avait pas froid. Ils partirent \u00e0 pied dans les ruelles, main dans la main. Malko marchait d\u2019un pas assur\u00e9. Apr\u00e8s quelques d\u00e9tours, il s\u2019arr\u00eata devant une maison sans vitrine, &hellip;","og_url":"https:\/\/ellington-photo.com\/ErosWalker\/bouchon-lyonnais-2\/","og_site_name":"Eros Walker Stories","article_modified_time":"2022-03-01T09:54:42+00:00","twitter_card":"summary_large_image","twitter_misc":{"Dur\u00e9e de lecture estim\u00e9e":"12 minutes"},"schema":{"@context":"https:\/\/schema.org","@graph":[{"@type":"WebPage","@id":"https:\/\/ellington-photo.com\/ErosWalker\/bouchon-lyonnais-2\/","url":"https:\/\/ellington-photo.com\/ErosWalker\/bouchon-lyonnais-2\/","name":"Bouchon lyonnais (2) - Eros Walker Stories","isPartOf":{"@id":"https:\/\/ellington-photo.com\/ErosWalker\/#website"},"datePublished":"2022-03-01T09:40:28+00:00","dateModified":"2022-03-01T09:54:42+00:00","breadcrumb":{"@id":"https:\/\/ellington-photo.com\/ErosWalker\/bouchon-lyonnais-2\/#breadcrumb"},"inLanguage":"fr-FR","potentialAction":[{"@type":"ReadAction","target":["https:\/\/ellington-photo.com\/ErosWalker\/bouchon-lyonnais-2\/"]}]},{"@type":"BreadcrumbList","@id":"https:\/\/ellington-photo.com\/ErosWalker\/bouchon-lyonnais-2\/#breadcrumb","itemListElement":[{"@type":"ListItem","position":1,"name":"Accueil","item":"https:\/\/ellington-photo.com\/ErosWalker\/"},{"@type":"ListItem","position":2,"name":"Bouchon lyonnais (2)"}]},{"@type":"WebSite","@id":"https:\/\/ellington-photo.com\/ErosWalker\/#website","url":"https:\/\/ellington-photo.com\/ErosWalker\/","name":"Eros Walker Stories","description":"Litt\u00e9rature et images","publisher":{"@id":"https:\/\/ellington-photo.com\/ErosWalker\/#organization"},"potentialAction":[{"@type":"SearchAction","target":{"@type":"EntryPoint","urlTemplate":"https:\/\/ellington-photo.com\/ErosWalker\/?s={search_term_string}"},"query-input":{"@type":"PropertyValueSpecification","valueRequired":true,"valueName":"search_term_string"}}],"inLanguage":"fr-FR"},{"@type":"Organization","@id":"https:\/\/ellington-photo.com\/ErosWalker\/#organization","name":"Eros Walker Stories","url":"https:\/\/ellington-photo.com\/ErosWalker\/","logo":{"@type":"ImageObject","inLanguage":"fr-FR","@id":"https:\/\/ellington-photo.com\/ErosWalker\/#\/schema\/logo\/image\/","url":"https:\/\/ellington-photo.com\/ErosWalker\/wp-content\/uploads\/2025\/05\/Chat-Noir.jpg","contentUrl":"https:\/\/ellington-photo.com\/ErosWalker\/wp-content\/uploads\/2025\/05\/Chat-Noir.jpg","width":400,"height":391,"caption":"Eros Walker Stories"},"image":{"@id":"https:\/\/ellington-photo.com\/ErosWalker\/#\/schema\/logo\/image\/"},"sameAs":["https:\/\/www.linkedin.com\/in\/eros-walker-ab710a298\/"]}]}},"_links":{"self":[{"href":"https:\/\/ellington-photo.com\/ErosWalker\/wp-json\/wp\/v2\/pages\/79","targetHints":{"allow":["GET"]}}],"collection":[{"href":"https:\/\/ellington-photo.com\/ErosWalker\/wp-json\/wp\/v2\/pages"}],"about":[{"href":"https:\/\/ellington-photo.com\/ErosWalker\/wp-json\/wp\/v2\/types\/page"}],"author":[{"embeddable":true,"href":"https:\/\/ellington-photo.com\/ErosWalker\/wp-json\/wp\/v2\/users\/1"}],"replies":[{"embeddable":true,"href":"https:\/\/ellington-photo.com\/ErosWalker\/wp-json\/wp\/v2\/comments?post=79"}],"version-history":[{"count":2,"href":"https:\/\/ellington-photo.com\/ErosWalker\/wp-json\/wp\/v2\/pages\/79\/revisions"}],"predecessor-version":[{"id":83,"href":"https:\/\/ellington-photo.com\/ErosWalker\/wp-json\/wp\/v2\/pages\/79\/revisions\/83"}],"wp:attachment":[{"href":"https:\/\/ellington-photo.com\/ErosWalker\/wp-json\/wp\/v2\/media?parent=79"}],"curies":[{"name":"wp","href":"https:\/\/api.w.org\/{rel}","templated":true}]}}