{"id":74,"date":"2022-03-01T10:35:12","date_gmt":"2022-03-01T09:35:12","guid":{"rendered":"https:\/\/ellington-photo.com\/ErosWalker\/?page_id=74"},"modified":"2022-03-13T17:18:01","modified_gmt":"2022-03-13T16:18:01","slug":"bouchon-lyonnais","status":"publish","type":"page","link":"https:\/\/ellington-photo.com\/ErosWalker\/bouchon-lyonnais\/","title":{"rendered":"Bouchon lyonnais"},"content":{"rendered":"\n<p class=\"has-small-font-size\"><em>Premi\u00e8re partie<\/em><\/p>\n\n\n\n<p>Le TGV avait plus d\u2019une demi-heure de retard, ce qui aga\u00e7ait les voyageurs occasionnels, mais laissait indiff\u00e9rents les plus aguerris, somnolents ou absorb\u00e9s par leur ordinateur portable. Monica n\u2019\u00e9tait pas famili\u00e8re de cette ambiance. Ces types de trains n\u2019existaient pas en Italie, et depuis que la soci\u00e9t\u00e9 qui employait son mari les avait envoy\u00e9s en France, deux ans plus t\u00f4t, elle n\u2019avait jamais eu l\u2019occasion de faire ce voyage. Il \u00e9tait d\u00e9j\u00e0 assez tard dans la soir\u00e9e et le train n\u2019\u00e9tait pas complet. Le compartiment inf\u00e9rieur de la voiture \u00e9tait plong\u00e9 dans la p\u00e9nombre, laissant aux seules lampes individuelles le soin de diffuser une lumi\u00e8re intimiste.<\/p>\n\n\n\n<p>Monica observa l\u2019homme assis en face d\u2019elle. Il \u00e9tait mont\u00e9 au dernier moment, alors que les portes allaient se fermer et malgr\u00e9 les nombreuses places libres, \u00e9tait venu occuper le si\u00e8ge en vis \u00e0 vis. Elle en avait \u00e9t\u00e9 un peu agac\u00e9e. Elle faisait ce voyage seule, pour se rendre \u00e0 un rendez-vous de recrutement. Son dipl\u00f4me de droit international et sa parfaite ma\u00eetrise de la langue lui avaient permis de postuler pour rejoindre un cabinet lyonnais, qui repr\u00e9sentait les int\u00e9r\u00eats de grands clients italiens. Elle devait rencontrer le principal associ\u00e9 le lendemain pour finaliser son contrat. Elle faisait cette d\u00e9marche secr\u00e8tement, \u00e0 l\u2019insu de son mari, qui d\u00e9sapprouvait farouchement l\u2019id\u00e9e m\u00eame qu\u2019une femme travaille sans y \u00eatre contrainte par la n\u00e9cessit\u00e9. Mais c\u2019est justement ce carcan de principes d\u2019un autre temps qui avait fini par \u00e9mousser la complicit\u00e9 de leur couple et qui la poussaient aujourd\u2019hui \u00e0 rechercher son ind\u00e9pendance. Elle avait profit\u00e9 d\u2019un voyage de Mario \u00e0 l\u2019\u00e9tranger pour programmer cette escapade et cela l\u2019emplissait d\u2019un \u00e9trange sentiment o\u00f9 crainte et culpabilit\u00e9 se m\u00ealaient au plaisir et \u00e0 l\u2019excitation de l\u2019interdit.<\/p>\n\n\n\n<p>Depuis quelques temps, le train roulait \u00e0 vitesse r\u00e9duite et le contr\u00f4leur venait d\u2019annoncer avec les excuses d\u2019usage le retard probable. L\u2019homme profita de l\u2019occasion pour engager la conversation.<\/p>\n\n\n\n<p>\u2014 J\u2019esp\u00e8re que personne ne vous attend \u00e0 la gare.<\/p>\n\n\n\n<p>En temps ordinaire, Monica aurait esquiv\u00e9 une telle banalit\u00e9, mais elle d\u00e9cida de se pr\u00eater au jeu.<\/p>\n\n\n\n<p>\u2014 Non, personne, dit-elle, je me rends \u00e0 Lyon pour traiter des affaires. J\u2019ai un important rendez-vous demain tr\u00e8s t\u00f4t, c\u2019est pour cela que j\u2019ai pr\u00e9f\u00e9r\u00e9 partir ce soir. J\u2019esp\u00e8re simplement qu\u2019il y aura encore des taxis.<\/p>\n\n\n\n<p>Ils \u00e9chang\u00e8rent ainsi quelques phrases sans importance lorsque l\u2019homme lui demanda dans quel h\u00f4tel elle avait r\u00e9serv\u00e9. Cette question lui parut incroyablement indiscr\u00e8te. Elle le lui dit, mais sur un ton amical qui le poussa \u00e0 encha\u00eener.<\/p>\n\n\n\n<p>\u2014 Que connaissez-vous de Lyon ?<\/p>\n\n\n\n<p>Monica lui avoua qu\u2019elle n\u2019avait jamais s\u00e9journ\u00e9 dans cette ville. En fait, elle ne connaissait pas grand-chose de la France, son mari pr\u00e9f\u00e9rant retourner en Italie d\u00e8s que l\u2019occasion se pr\u00e9sentait. A cause du climat pr\u00e9tendait-il.<\/p>\n\n\n\n<p>\u2014 C\u2019est dommage, les vieux quartiers de Lyon sont tr\u00e8s agr\u00e9ables. Pour ma part, je pr\u00e9f\u00e8re les Terreaux, il y a beaucoup de restaurants et quelques bars anim\u00e9s, mais le quartier Saint Jean de l\u2019autre c\u00f4t\u00e9 de la Sa\u00f4ne est \u00e9galement attachant.<\/p>\n\n\n\n<p>L\u2019inconnu continua ainsi un moment, d\u00e9crivant tour \u00e0 tour l\u2019histoire et la g\u00e9ographie d\u2019une ville qu\u2019il semblait bien conna\u00eetre.<\/p>\n\n\n\n<p>\u2014 J\u2019y suis n\u00e9  et j\u2019y ai v\u00e9cu plus de vingt ans, avant de venir m\u2019installer \u00e0 Paris, mais j\u2019aime m\u2019y replonger quand l\u2019occasion se pr\u00e9sente, fl\u00e2ner dans les petites rues, sans but, les soirs d\u2019\u00e9t\u00e9. Entrer dans un bar ou une bo\u00eete de nuit et passer un moment \u00e0 \u00e9couter de la musique ou \u00e0 bavarder avec de parfaits inconnus.<\/p>\n\n\n\n<p>Monica n\u2019eut aucun doute sur les facult\u00e9s d\u2019adaptation de son interlocuteur. Il faisait la conversation \u00e0 lui tout seul, se contentant de solliciter une approbation de la jeune femme de temps en temps. Elle prenait plaisir \u00e0 ce petit jeu sans cons\u00e9quence.<\/p>\n\n\n\n<p>Le train finit par ralentir dans un bruit de freins, marquant l\u2019approche de la gare. Il \u00e9tait presque 22 h 00.<\/p>\n\n\n\n<p>\u2014 Puis-je me permettre de vous inviter \u00e0 d\u00eener ? \u00c0 cette heure-ci, vous ne trouverez plus rien d\u2019ouvert \u00e0 c\u00f4t\u00e9 de votre h\u00f4tel.<\/p>\n\n\n\n<p>Monica f\u00fbt surprise de cette proposition aussi directe. Cela d\u00fbt se voir sur son visage car l\u2019homme ajouta aussit\u00f4t : <\/p>\n\n\n\n<p>\u2014 Vous devez me trouver bien grossier. Mais c\u2019est ma seule chance. Je n\u2019ai pas envie de vous voir ainsi dispara\u00eetre \u00e0 jamais au pied de ce train. <\/p>\n\n\n\n<p>Monica bafouilla quelque chose qu\u2019il re\u00e7ut comme une acceptation. Il prendraient un taxi tous les deux et passeraient d\u2019abord d\u00e9poser les bagages de Monica \u00e0 l\u2019h\u00f4tel, ainsi, ils ne seraient pas tent\u00e9s de relouer la chambre. Monica se sentait maintenant prise au pi\u00e8ge. Comment se d\u00e9gager d\u2019une aussi aimable proposition ? Ne revendiquait-elle pas son ind\u00e9pendance ? Accepter de d\u00eener avec cet homme n\u2019\u00e9tait pas une perspective si d\u00e9sagr\u00e9able.<\/p>\n\n\n\n<p>\u2014 Accepterez-vous de me dire votre pr\u00e9nom, belle inconnue ?<\/p>\n\n\n\n<p>\u2014 Monica, je suis Italienne, comme vous avez d\u00fb le remarquer.<\/p>\n\n\n\n<p>Impossible en effet d\u2019ignorer son charme latin, soigneusement entretenu, et son accent si typique.<\/p>\n\n\n\n<p>\u2014 Je m\u2019appelle Jean-Marc, mais depuis l\u2019universit\u00e9, mes amis m\u2019appellent Malko, comme le h\u00e9ros de SAS, pr\u00e9cisa-t-il.<\/p>\n\n\n\n<p>Elle ignorait tout de ce Malko et de SAS mais ne lui dit pas.<\/p>\n\n\n\n<p>\u2014 Malko, d\u2019accord.<\/p>\n\n\n\n<p>Elle laissa Malko attendre dans le taxi le temps de prendre possession de sa chambre. Elle aurait aim\u00e9 avoir le temps de se changer et prendre une douche, mais outre le fait qu\u2019elle n\u2019en avait pas vraiment le temps, elle ne disposait pour tout autre v\u00eatement que du tailleur gris qu\u2019elle avait emport\u00e9 en vue de son rendez-vous du lendemain. Elle se contenta d\u2019une retouche rapide \u00e0 son maquillage et d\u2019une touche discr\u00e8te de parfum. Cela lui prit tout de m\u00eame pr\u00e8s d\u2019un quart d\u2019heure. Malko ne manifestait aucun signe d\u2019impatience. On ne pouvait en dire autant du chauffeur qui martelait nerveusement son volant.<\/p>\n\n\n\n<p>\u2014 Je n\u2019ai pas eu le temps de me changer. J\u2019esp\u00e8re que \u00e7a ira.<\/p>\n\n\n\n<p>\u2014 Vous \u00eates tr\u00e8s belle comme cela.<\/p>\n\n\n\n<p>Il la d\u00e9tailla sans vergogne. Monica se savait tr\u00e8s attirante. Elle avait la beaut\u00e9 affirm\u00e9e d\u2019une femme de trente-cinq ans et remarquait souvent les regards des hommes dans les lieux publics. Ses yeux clairs contrastaient avec sa peau mate et ses cheveux tr\u00e8s sombres, donnant \u00e0 son regard une grande intensit\u00e9. Ses l\u00e8vres formaient facilement un sourire charmant sur des dents que le tabac n\u2019avait jamais ternies. Son chemiser l\u00e9ger, en ce d\u00e9but d\u2019\u00e9t\u00e9, s\u2019ouvrait largement sur la naissance d\u2019une poitrine qu\u2019on devinait ferme et g\u00e9n\u00e9reuse. Elle avait la taille fine et les hanches un peu larges, mais sans exc\u00e8s, caract\u00e9ristiques d\u2019une femme m\u00e9diterran\u00e9enne.<\/p>\n\n\n\n<p>Malko avait d\u00fb donner des instructions en son absence car le chauffeur d\u00e9marra d\u00e8s qu\u2019elle f\u00fbt install\u00e9e dans la voiture. Malko conserva le silence pendant les quelques minutes du voyage. Monica en fut un peu surprise. Le taxi les d\u00e9posa \u00e0 l\u2019angle de deux petites rues, apr\u00e8s d\u2019innombrables d\u00e9tours rendus indispensables par les sens interdits. Malko r\u00e9gla la course et fit le tour de la voiture pour ouvrir la porti\u00e8re de Monica, fort civilement.<\/p>\n\n\n\n<p>\u2014 Je vous invite chez Jeannot, c\u2019est un des bouchons les plus connus de Lyon, mais c\u2019est aussi un ami, je l\u2019ai appel\u00e9 en vous attendant.<\/p>\n\n\n\n<p>De l\u2019ext\u00e9rieur, l\u2019\u00e9tablissement ne payait pas de mine, mais la salle \u00e9tait pleine et bruyante. De grandes tabl\u00e9es joyeuses c\u00f4toyaient des petites tables o\u00f9 des couples tentaient de converser malgr\u00e9 le brouhaha. Un serveur portant un grand tablier les dirigea vers une table dans un angle o\u00f9 il les pla\u00e7a l\u2019un \u00e0 c\u00f4t\u00e9 de l\u2019autre sur une banquette de moleskine plut\u00f4t que face \u00e0 face, pour faciliter le service. Monica ne fut pas dupe mais le remercia poliment. Malko s\u2019installa r\u00e9solument de biais sur la banquette pour reprendre la conversation.<\/p>\n\n\n\n<p>\u2014 Les sp\u00e9cialit\u00e9s lyonnaises ne doivent pas \u00eatre tr\u00e8s conformes \u00e0 vos habitudes alimentaires. Le patron ne se vexera pas si vous vous contentez d\u2019une salade. Tant que vous acceptez de l\u2019accompagner d\u2019un pot de beaujolais.<\/p>\n\n\n\n<p>Il rit. Elle fit semblant de se f\u00e2cher et d\u00e9clara qu\u2019elle prendrait un saucisson chaud. Il opta pour l\u2019andouillette. Le serveur leur apporta le vin et les servit tous les deux, sans le rituel de la d\u00e9gustation pr\u00e9alable. Malko leva son verre et proposa un toast.<\/p>\n\n\n\n<p>\u2014 A notre rencontre !<\/p>\n\n\n\n<p>Monica l\u2019imita et choqua l\u00e9g\u00e8rement son verre contre le sien avant de le porter \u00e0 ses l\u00e8vres.<\/p>\n\n\n\n<p>\u2014 A notre rencontre ! r\u00e9p\u00e9ta-t-elle en reposant le verre. Et tant pis pour les cons\u00e9quences, ajouta-t-elle en elle-m\u00eame, sachant d\u00e9j\u00e0 qu\u2019elle venait de franchir le point de non-retour.<\/p>\n\n\n\n<p>Le repas se poursuivit agr\u00e9ablement, au rythme de la conversation soutenue par Malko. Avant les desserts, il savait presque tout de la vie de Monica, qui sans s\u2019en rendre vraiment compte lui avait expliqu\u00e9 sa vie un peu terne de femme d\u2019un aristocrate italien, catholique et conservateur, dirigeant la filiale fran\u00e7aise de l\u2019entreprise qui avait \u00e9t\u00e9 en son temps la fiert\u00e9 de la famille, avant d\u2019\u00eatre c\u00e9d\u00e9e \u00e0 un groupe d\u2019investisseurs, au moment du d\u00e9c\u00e8s du fondateur. Son mari travaillait beaucoup, \u00e9tant souvent absent du fait de ses nombreux voyages et donc, elle s\u2019ennuyait ferme \u00e0 Paris, malgr\u00e9 les attraits de la capitale fran\u00e7aise.<\/p>\n\n\n\n<p>Malko avait-il compris \u00e0 travers ces quelques phrases qu\u2019elle vivait surtout une grande d\u00e9tresse sentimentale. Pass\u00e9es les premi\u00e8res ann\u00e9es de leur mariage, o\u00f9 f\u00eates et week-ends romantiques s\u2019encha\u00eenaient sans repos, la routine puis le vide s\u2019\u00e9taient install\u00e9s, \u00e0 mesure que grandissait l\u2019influence de son mari dans le groupe. Certes, ils couchaient encore ensemble de temps en temps et Mario se montrait dans ces moments-l\u00e0 un amant fougueux, mais en dehors de ces courtes p\u00e9riodes, il ne subsistait rien de l\u2019amoureux passionn\u00e9 qui l\u2019avait s\u00e9duite lorsqu\u2019elle avait 18 ans. Monica avait d\u2019abord cru \u00e0 une liaison, mais elle avait vite compris que la v\u00e9ritable ma\u00eetresse de Mario \u00e9tait le pouvoir qu\u2019il avait acquis dans le monde professionnel et que seuls comptaient pour lui les combats livr\u00e9s sur les march\u00e9s financiers et les dizaines de millions qui naissaient de ses d\u00e9cisions avis\u00e9es.<\/p>\n\n\n\n<p>Oui, sans doute cet inconnu avait-il per\u00e7u ses attentes car imperceptiblement, il s\u2019\u00e9tait rapproch\u00e9 d\u2019elle, profitant de leur position c\u00f4te \u00e0 c\u00f4te pour venir toucher son genou avec le sien. Monica n\u2019avait pas cherch\u00e9 \u00e0 se d\u00e9rober, attendant la suite avec le d\u00e9licat plaisir de l\u2019interdit transgress\u00e9. Peu de temps apr\u00e8s, Malko s\u2019\u00e9tait absent\u00e9 quelques instants, pendant son absence, le serveur avait apport\u00e9 deux verres d\u2019alcool. A son retour, Malko prit l\u2019un des verres et le porta \u00e0 ses l\u00e8vres d\u00e9licatement, humant les vapeurs puissantes de l\u2019alcool.<\/p>\n\n\n\n<p>\u2014 C\u2019est un tr\u00e8s vieux cognac, j\u2019esp\u00e8re que vous l\u2019aimerez.<\/p>\n\n\n\n<p>En temps normal, Monica ne buvait que tr\u00e8s mod\u00e9r\u00e9ment, et le vin du repas repr\u00e9sentait d\u00e9j\u00e0 pour elle une consommation importante, mais elle n\u2019osa pas refuser. Elle b\u00fbt un peu de l\u2019alcool qui lui fit l\u2019impression de s\u2019\u00e9vaporer imm\u00e9diatement dans sa bouche. A ce moment, la main de Malko se posa sur son genou. Monica, en cette saison, ne portait ni bas ni collants et le contact sur sa peau la fit sursauter. Un court instant elle envisagea de se lever et de quitter un homme aussi grossier, mais son corps ne fit que se laisser aller sur la banquette, ses cuisses s\u2019\u00e9cart\u00e8rent l\u00e9g\u00e8rement.<\/p>\n\n\n\n<p>Malko comprit le signal et sa main se fit plus pressante sous la table, caressant doucement la peau soyeuse jusqu\u2019au contact de la jupe courte. Apr\u00e8s une h\u00e9sitation, elle reprit son chemin en repoussant l\u2019\u00e9toffe l\u00e9g\u00e8re. Les joues de Monica s\u2019\u00e9taient color\u00e9es et son souffle \u00e9tait plus court. Son regard vint alors se fixer dans celui de Malko, au moment o\u00f9 les doigts de celui-ci atteignaient la dentelle de sa culotte. Monica sourit \u00e0 Malko, acceptant tacitement de se livrer totalement \u00e0 ce s\u00e9ducteur.<\/p>\n\n\n\n<p>Malko ne poussa pas plus loin et reprit une attitude convenable. Ils termin\u00e8rent tous deux leurs verres et Malko se leva.<\/p>\n\n\n\n<p>\u2014 Venez ! dit-il, continuant \u00e0 la vouvoyer, la nuit ne fait que commencer.<\/p>\n\n\n\n<p>Malko tendit la main pour l\u2019aider \u00e0 se mettre debout. Monica la saisit et la serra plus fort que n\u00e9cessaire. Elle se rapprocha de lui et ils \u00e9chang\u00e8rent un court baiser.<\/p>\n\n\n\n<p><\/p>\n\n\n\n<p><a href=\"https:\/\/ellington-photo.com\/ErosWalker\/bouchon-lyonnais-2\/\">Lire la suite&#8230;<\/a><\/p>\n","protected":false},"excerpt":{"rendered":"<p>Premi\u00e8re partie Le TGV avait plus d\u2019une demi-heure de retard, ce qui aga\u00e7ait les voyageurs occasionnels, mais laissait indiff\u00e9rents les plus aguerris, somnolents ou absorb\u00e9s par leur ordinateur portable. Monica n\u2019\u00e9tait pas famili\u00e8re de cette ambiance. Ces types de trains n\u2019existaient pas en Italie, et &hellip; <\/p>\n","protected":false},"author":1,"featured_media":0,"parent":0,"menu_order":0,"comment_status":"closed","ping_status":"closed","template":"","meta":{"footnotes":""},"class_list":["post-74","page","type-page","status-publish","hentry"],"yoast_head":"<!-- This site is optimized with the Yoast SEO plugin v27.4 - https:\/\/yoast.com\/product\/yoast-seo-wordpress\/ -->\n<title>Bouchon lyonnais - Eros Walker Stories<\/title>\n<meta name=\"description\" content=\"Le TGV avait plus d\u2019une demi-heure de retard, ce qui aga\u00e7ait les voyageurs occasionnels, mais laissait indiff\u00e9rents les plus aguerris, somnolents ou absorb\u00e9s par leur ordinateur portable. Monica n\u2019\u00e9tait pas famili\u00e8re de cette ambiance.\" \/>\n<meta name=\"robots\" content=\"index, follow, max-snippet:-1, max-image-preview:large, max-video-preview:-1\" \/>\n<link rel=\"canonical\" href=\"https:\/\/ellington-photo.com\/ErosWalker\/bouchon-lyonnais\/\" \/>\n<meta property=\"og:locale\" content=\"fr_FR\" \/>\n<meta property=\"og:type\" content=\"article\" \/>\n<meta property=\"og:title\" content=\"Bouchon lyonnais - Eros Walker Stories\" \/>\n<meta property=\"og:description\" content=\"Le TGV avait plus d\u2019une demi-heure de retard, ce qui aga\u00e7ait les voyageurs occasionnels, mais laissait indiff\u00e9rents les plus aguerris, somnolents ou absorb\u00e9s par leur ordinateur portable. Monica n\u2019\u00e9tait pas famili\u00e8re de cette ambiance.\" \/>\n<meta property=\"og:url\" content=\"https:\/\/ellington-photo.com\/ErosWalker\/bouchon-lyonnais\/\" \/>\n<meta property=\"og:site_name\" content=\"Eros Walker Stories\" \/>\n<meta property=\"article:modified_time\" content=\"2022-03-13T16:18:01+00:00\" \/>\n<meta name=\"twitter:card\" content=\"summary_large_image\" \/>\n<meta name=\"twitter:label1\" content=\"Dur\u00e9e de lecture estim\u00e9e\" \/>\n\t<meta name=\"twitter:data1\" content=\"11 minutes\" \/>\n<script type=\"application\/ld+json\" class=\"yoast-schema-graph\">{\"@context\":\"https:\\\/\\\/schema.org\",\"@graph\":[{\"@type\":\"WebPage\",\"@id\":\"https:\\\/\\\/ellington-photo.com\\\/ErosWalker\\\/bouchon-lyonnais\\\/\",\"url\":\"https:\\\/\\\/ellington-photo.com\\\/ErosWalker\\\/bouchon-lyonnais\\\/\",\"name\":\"Bouchon lyonnais - Eros Walker Stories\",\"isPartOf\":{\"@id\":\"https:\\\/\\\/ellington-photo.com\\\/ErosWalker\\\/#website\"},\"datePublished\":\"2022-03-01T09:35:12+00:00\",\"dateModified\":\"2022-03-13T16:18:01+00:00\",\"description\":\"Le TGV avait plus d\u2019une demi-heure de retard, ce qui aga\u00e7ait les voyageurs occasionnels, mais laissait indiff\u00e9rents les plus aguerris, somnolents ou absorb\u00e9s par leur ordinateur portable. Monica n\u2019\u00e9tait pas famili\u00e8re de cette ambiance.\",\"breadcrumb\":{\"@id\":\"https:\\\/\\\/ellington-photo.com\\\/ErosWalker\\\/bouchon-lyonnais\\\/#breadcrumb\"},\"inLanguage\":\"fr-FR\",\"potentialAction\":[{\"@type\":\"ReadAction\",\"target\":[\"https:\\\/\\\/ellington-photo.com\\\/ErosWalker\\\/bouchon-lyonnais\\\/\"]}]},{\"@type\":\"BreadcrumbList\",\"@id\":\"https:\\\/\\\/ellington-photo.com\\\/ErosWalker\\\/bouchon-lyonnais\\\/#breadcrumb\",\"itemListElement\":[{\"@type\":\"ListItem\",\"position\":1,\"name\":\"Accueil\",\"item\":\"https:\\\/\\\/ellington-photo.com\\\/ErosWalker\\\/\"},{\"@type\":\"ListItem\",\"position\":2,\"name\":\"Bouchon lyonnais\"}]},{\"@type\":\"WebSite\",\"@id\":\"https:\\\/\\\/ellington-photo.com\\\/ErosWalker\\\/#website\",\"url\":\"https:\\\/\\\/ellington-photo.com\\\/ErosWalker\\\/\",\"name\":\"Eros Walker Stories\",\"description\":\"Litt\u00e9rature et images\",\"publisher\":{\"@id\":\"https:\\\/\\\/ellington-photo.com\\\/ErosWalker\\\/#organization\"},\"potentialAction\":[{\"@type\":\"SearchAction\",\"target\":{\"@type\":\"EntryPoint\",\"urlTemplate\":\"https:\\\/\\\/ellington-photo.com\\\/ErosWalker\\\/?s={search_term_string}\"},\"query-input\":{\"@type\":\"PropertyValueSpecification\",\"valueRequired\":true,\"valueName\":\"search_term_string\"}}],\"inLanguage\":\"fr-FR\"},{\"@type\":\"Organization\",\"@id\":\"https:\\\/\\\/ellington-photo.com\\\/ErosWalker\\\/#organization\",\"name\":\"Eros Walker Stories\",\"url\":\"https:\\\/\\\/ellington-photo.com\\\/ErosWalker\\\/\",\"logo\":{\"@type\":\"ImageObject\",\"inLanguage\":\"fr-FR\",\"@id\":\"https:\\\/\\\/ellington-photo.com\\\/ErosWalker\\\/#\\\/schema\\\/logo\\\/image\\\/\",\"url\":\"https:\\\/\\\/ellington-photo.com\\\/ErosWalker\\\/wp-content\\\/uploads\\\/2025\\\/05\\\/Chat-Noir.jpg\",\"contentUrl\":\"https:\\\/\\\/ellington-photo.com\\\/ErosWalker\\\/wp-content\\\/uploads\\\/2025\\\/05\\\/Chat-Noir.jpg\",\"width\":400,\"height\":391,\"caption\":\"Eros Walker Stories\"},\"image\":{\"@id\":\"https:\\\/\\\/ellington-photo.com\\\/ErosWalker\\\/#\\\/schema\\\/logo\\\/image\\\/\"},\"sameAs\":[\"https:\\\/\\\/www.linkedin.com\\\/in\\\/eros-walker-ab710a298\\\/\"]}]}<\/script>\n<!-- \/ Yoast SEO plugin. -->","yoast_head_json":{"title":"Bouchon lyonnais - Eros Walker Stories","description":"Le TGV avait plus d\u2019une demi-heure de retard, ce qui aga\u00e7ait les voyageurs occasionnels, mais laissait indiff\u00e9rents les plus aguerris, somnolents ou absorb\u00e9s par leur ordinateur portable. Monica n\u2019\u00e9tait pas famili\u00e8re de cette ambiance.","robots":{"index":"index","follow":"follow","max-snippet":"max-snippet:-1","max-image-preview":"max-image-preview:large","max-video-preview":"max-video-preview:-1"},"canonical":"https:\/\/ellington-photo.com\/ErosWalker\/bouchon-lyonnais\/","og_locale":"fr_FR","og_type":"article","og_title":"Bouchon lyonnais - Eros Walker Stories","og_description":"Le TGV avait plus d\u2019une demi-heure de retard, ce qui aga\u00e7ait les voyageurs occasionnels, mais laissait indiff\u00e9rents les plus aguerris, somnolents ou absorb\u00e9s par leur ordinateur portable. Monica n\u2019\u00e9tait pas famili\u00e8re de cette ambiance.","og_url":"https:\/\/ellington-photo.com\/ErosWalker\/bouchon-lyonnais\/","og_site_name":"Eros Walker Stories","article_modified_time":"2022-03-13T16:18:01+00:00","twitter_card":"summary_large_image","twitter_misc":{"Dur\u00e9e de lecture estim\u00e9e":"11 minutes"},"schema":{"@context":"https:\/\/schema.org","@graph":[{"@type":"WebPage","@id":"https:\/\/ellington-photo.com\/ErosWalker\/bouchon-lyonnais\/","url":"https:\/\/ellington-photo.com\/ErosWalker\/bouchon-lyonnais\/","name":"Bouchon lyonnais - Eros Walker Stories","isPartOf":{"@id":"https:\/\/ellington-photo.com\/ErosWalker\/#website"},"datePublished":"2022-03-01T09:35:12+00:00","dateModified":"2022-03-13T16:18:01+00:00","description":"Le TGV avait plus d\u2019une demi-heure de retard, ce qui aga\u00e7ait les voyageurs occasionnels, mais laissait indiff\u00e9rents les plus aguerris, somnolents ou absorb\u00e9s par leur ordinateur portable. Monica n\u2019\u00e9tait pas famili\u00e8re de cette ambiance.","breadcrumb":{"@id":"https:\/\/ellington-photo.com\/ErosWalker\/bouchon-lyonnais\/#breadcrumb"},"inLanguage":"fr-FR","potentialAction":[{"@type":"ReadAction","target":["https:\/\/ellington-photo.com\/ErosWalker\/bouchon-lyonnais\/"]}]},{"@type":"BreadcrumbList","@id":"https:\/\/ellington-photo.com\/ErosWalker\/bouchon-lyonnais\/#breadcrumb","itemListElement":[{"@type":"ListItem","position":1,"name":"Accueil","item":"https:\/\/ellington-photo.com\/ErosWalker\/"},{"@type":"ListItem","position":2,"name":"Bouchon lyonnais"}]},{"@type":"WebSite","@id":"https:\/\/ellington-photo.com\/ErosWalker\/#website","url":"https:\/\/ellington-photo.com\/ErosWalker\/","name":"Eros Walker Stories","description":"Litt\u00e9rature et images","publisher":{"@id":"https:\/\/ellington-photo.com\/ErosWalker\/#organization"},"potentialAction":[{"@type":"SearchAction","target":{"@type":"EntryPoint","urlTemplate":"https:\/\/ellington-photo.com\/ErosWalker\/?s={search_term_string}"},"query-input":{"@type":"PropertyValueSpecification","valueRequired":true,"valueName":"search_term_string"}}],"inLanguage":"fr-FR"},{"@type":"Organization","@id":"https:\/\/ellington-photo.com\/ErosWalker\/#organization","name":"Eros Walker Stories","url":"https:\/\/ellington-photo.com\/ErosWalker\/","logo":{"@type":"ImageObject","inLanguage":"fr-FR","@id":"https:\/\/ellington-photo.com\/ErosWalker\/#\/schema\/logo\/image\/","url":"https:\/\/ellington-photo.com\/ErosWalker\/wp-content\/uploads\/2025\/05\/Chat-Noir.jpg","contentUrl":"https:\/\/ellington-photo.com\/ErosWalker\/wp-content\/uploads\/2025\/05\/Chat-Noir.jpg","width":400,"height":391,"caption":"Eros Walker Stories"},"image":{"@id":"https:\/\/ellington-photo.com\/ErosWalker\/#\/schema\/logo\/image\/"},"sameAs":["https:\/\/www.linkedin.com\/in\/eros-walker-ab710a298\/"]}]}},"_links":{"self":[{"href":"https:\/\/ellington-photo.com\/ErosWalker\/wp-json\/wp\/v2\/pages\/74","targetHints":{"allow":["GET"]}}],"collection":[{"href":"https:\/\/ellington-photo.com\/ErosWalker\/wp-json\/wp\/v2\/pages"}],"about":[{"href":"https:\/\/ellington-photo.com\/ErosWalker\/wp-json\/wp\/v2\/types\/page"}],"author":[{"embeddable":true,"href":"https:\/\/ellington-photo.com\/ErosWalker\/wp-json\/wp\/v2\/users\/1"}],"replies":[{"embeddable":true,"href":"https:\/\/ellington-photo.com\/ErosWalker\/wp-json\/wp\/v2\/comments?post=74"}],"version-history":[{"count":2,"href":"https:\/\/ellington-photo.com\/ErosWalker\/wp-json\/wp\/v2\/pages\/74\/revisions"}],"predecessor-version":[{"id":82,"href":"https:\/\/ellington-photo.com\/ErosWalker\/wp-json\/wp\/v2\/pages\/74\/revisions\/82"}],"wp:attachment":[{"href":"https:\/\/ellington-photo.com\/ErosWalker\/wp-json\/wp\/v2\/media?parent=74"}],"curies":[{"name":"wp","href":"https:\/\/api.w.org\/{rel}","templated":true}]}}