{"id":591,"date":"2026-02-10T11:30:53","date_gmt":"2026-02-10T10:30:53","guid":{"rendered":"https:\/\/ellington-photo.com\/ErosWalker\/?page_id=591"},"modified":"2026-02-14T10:53:37","modified_gmt":"2026-02-14T09:53:37","slug":"linconnu-de-la-montagne-noire-13-2","status":"publish","type":"page","link":"https:\/\/ellington-photo.com\/ErosWalker\/linconnu-de-la-montagne-noire-13-2\/","title":{"rendered":"L&rsquo;inconnu de la Montagne Noire (13)"},"content":{"rendered":"\n<p class=\"has-medium-font-size\">Jeudi 2 octobre<\/p>\n\n\n\n<p>Laurent Cazenave avait pass\u00e9 du temps \u00e0 trier et ranger les documents contenus dans ce qu\u2019il appelait maintenant le \u00ab cabinet \u00bb de son p\u00e8re. Il avait install\u00e9 un v\u00e9ritable bureau, apport\u00e9 un si\u00e8ge confortable et des \u00e9clairages modernes. Les archives couvraient de nombreux \u00e9pisodes de la R\u00e9sistance arm\u00e9e, il y avait plusieurs cahiers consacr\u00e9s au maquis du Vercors, aux \u00e9v\u00e9nements du plateau des Gli\u00e8res ainsi qu\u2019aux mouvements du Limousin, mais c\u2019\u00e9tait incontestablement le Corps Franc de la Montagne Noire qui tenait le plus de place. Sans doute parce que c\u2019\u00e9tait celui qui avait \u00e9t\u00e9 actif \u00e0 l\u2019endroit m\u00eame o\u00f9 le pharmacien avait v\u00e9cu. Le commissaire avait parcouru plusieurs carnets, il ne voyait pas en quoi les faits rapport\u00e9s pouvaient se relier \u00e0 un homme retrouv\u00e9 mort de nos jours. Ni la victime, ni le tireur n\u2019avaient pu participer \u00e0 ces combats, \u00e0 moins d\u2019\u00eatre centenaires. Cependant, soucieux d\u2019honorer l\u2019engagement pris envers Pujol, il d\u00e9cida de passer chez le vieil homme pour le tenir informer de sa d\u00e9couverte.<\/p>\n\n\n\n<p>N\u2019ayant pas le num\u00e9ro de t\u00e9l\u00e9phone de l\u2019ancien maire, Laurent alla sonner \u00e0 la porte de Miquel en d\u00e9but d\u2019apr\u00e8s-midi.<\/p>\n\n\n\n<p>\u2014 Eh bonjour, Commissaire, comment-allez-vous ? Entrez donc !<\/p>\n\n\n\n<p>\u2014 J\u2019esp\u00e8re que je ne vous d\u00e9range pas, r\u00e9pondit le visiteur, je pense que vous allez \u00eatre int\u00e9ress\u00e9 et s\u2019il vous plait, laissez tomber le Commissaire, je suis \u00e0 la retraite.<\/p>\n\n\n\n<p>\u2014 Comme vous voudrez, venez au salon. Prendrez-vous un caf\u00e9 ou quelque chose de plus fort ? proposa l\u2019instituteur.<\/p>\n\n\n\n<p>\u2014 Un caf\u00e9, \u00e7a ira bien, merci.<\/p>\n\n\n\n<p>Cazenave attendit le retour de son h\u00f4te avant de sortir ses carnets. Quand les tasses fumantes furent sur la table, il commen\u00e7a \u00e0 expliquer.<\/p>\n\n\n\n<p>\u2014 Vous aviez raison, Miquel, mon p\u00e8re a bien amass\u00e9 de la documentation sur les Maquis. Je me suis aventur\u00e9 dans une petite pi\u00e8ce sous les toits o\u00f9 je n\u2019\u00e9tais jamais entr\u00e9. J\u2019y ai trouv\u00e9 une masse de documents.<\/p>\n\n\n\n<p>\u2014 Je le savais bien, r\u00e9pondit Pujol.<\/p>\n\n\n\n<p>\u2014 Tenez, je vous ai apport\u00e9 un \u00e9chantillon.<\/p>\n\n\n\n<p>L\u2019ancien policier sortit trois carnets de sa poche et les posa entre les tasses. C\u2019\u00e9taient des petits volumes \u00e0 la couverture marbr\u00e9e et \u00e0 la reliure renforc\u00e9e d\u2019une toile noire.<\/p>\n\n\n\n<p>\u2014 Vous permettez ? demanda Miquel avant de se saisir d\u2019un exemplaire.<\/p>\n\n\n\n<p>\u2014 Je vous en prie, je suis venu pour \u00e7a.<\/p>\n\n\n\n<p>Pujol parcourut le petit recueil avec attention, tournant les pages avec pr\u00e9caution. Apr\u00e8s quelques minutes, il reposa le calepin.<\/p>\n\n\n\n<p>\u2014 C\u2019est impressionnant !<\/p>\n\n\n\n<p>\u2014 Les carnets ne sont que la synth\u00e8se, il y a des quantit\u00e9s de documents bruts, collect\u00e9s dans des cahiers grand format. Je crois que mon p\u00e8re a pu parler \u00e0 certains des protagonistes, il y a quelques ann\u00e9es. Il y avait une sorte d\u2019association des membres du Corps Franc.<\/p>\n\n\n\n<p>\u2014 C\u2019est peut-\u00eatre d\u00e9licat pour vous, mais m\u2019autoriseriez-vous \u00e0 en voir un peu plus ? J\u2019ai c\u00f4toy\u00e9 des a\u00een\u00e9s qui avaient v\u00e9cu cette p\u00e9riode. Moi-m\u00eame, je n\u2019\u00e9tais qu\u2019un gamin, mais j\u2019ai encore le souvenir du bruit des avions. Je ne vivais pas ici \u00e0 cette \u00e9poque, mais \u00e0 Lautrec, on les voyait passer au-dessus de nous. Je suis venu m\u2019installer \u00e0 Arfons en 1986, je peux vous dire que les vieux du village parlaient encore souvent de ces jours de l\u2019\u00e9t\u00e9 44.<\/p>\n\n\n\n<p>\u2014 Ce sera avec plaisir, vous pouvez venir quand vous voulez, j\u2019ai fait un peu de m\u00e9nage, mais je vous pr\u00e9viens, n\u2019imaginez pas que je vais me mettre en chasse de l\u2019assassin ! Croyez-moi, des cadavres, j\u2019en ai eu plus que mon compte et aujourd\u2019hui, je n\u2019ai pas envie de retomber l\u00e0-dedans.<\/p>\n\n\n\n<p>\u2014 Vous savez, en tant que Maire d\u2019un petit village, on entend toutes sortes de choses, et des macchab\u00e9es, on en a eu aussi quelques uns. J\u2019avoue que j\u2019aimerais bien savoir si certains ragots auraient pu avoir un fond de v\u00e9rit\u00e9.<\/p>\n\n\n\n<p>\u2014 Que voulez-vous dire ? demanda Cazenave.<\/p>\n\n\n\n<p>\u2014 Tout le monde n\u2019a pas \u00e9t\u00e9 h\u00e9ro\u00efque \u00e0 cette \u00e9poque, et ici comme ailleurs, on a eu des r\u00e9sistants de la onzi\u00e8me heure et je peux vous dire que quarante ans apr\u00e8s, on en parlait encore \u00e0 voix basse.<\/p>\n\n\n\n<p>\u2014 J\u2019esp\u00e8re que vous avez de bonnes lunettes, parce que vous avez pu constater que l\u2019\u00e9criture de mon p\u00e8re n\u2019avait rien \u00e0 envier \u00e0 celle des m\u00e9decins de son \u00e9poque, et certains documents, ce sont pour la plupart des fac-simil\u00e9s anciens, sont plut\u00f4t difficiles \u00e0 d\u00e9chiffrer. Sans compter que la plupart des notes ont \u00e9t\u00e9 laiss\u00e9es par des hommes qui n\u2019\u00e9taient pas des lettr\u00e9s. En tant qu\u2019ancien prof, vous allez \u00eatre servi !<\/p>\n\n\n\n<p>\u2014 Je suis pr\u00eat \u00e0 relever le d\u00e9fi !<\/p>\n\n\n\n<p><\/p>\n\n\n\n<p><a href=\"https:\/\/ellington-photo.com\/ErosWalker\/linconnu-de-la-montagne-noire-14\/\" type=\"link\" id=\"https:\/\/ellington-photo.com\/ErosWalker\/linconnu-de-la-montagne-noire-14\/\">Lire la suite<\/a><\/p>\n\n\n\n<p><\/p>\n","protected":false},"excerpt":{"rendered":"<p>Jeudi 2 octobre Laurent Cazenave avait pass\u00e9 du temps \u00e0 trier et ranger les documents contenus dans ce qu\u2019il appelait maintenant le \u00ab cabinet \u00bb de son p\u00e8re. Il avait install\u00e9 un v\u00e9ritable bureau, apport\u00e9 un si\u00e8ge confortable et des \u00e9clairages modernes. Les archives couvraient &hellip; <\/p>\n","protected":false},"author":1,"featured_media":596,"parent":0,"menu_order":0,"comment_status":"closed","ping_status":"closed","template":"","meta":{"footnotes":""},"class_list":["post-591","page","type-page","status-publish","has-post-thumbnail","hentry"],"yoast_head":"<!-- This site is optimized with the Yoast SEO plugin v27.5 - https:\/\/yoast.com\/product\/yoast-seo-wordpress\/ -->\n<title>L&#039;inconnu de la Montagne Noire (13) - Eros Walker Stories<\/title>\n<meta name=\"robots\" content=\"index, follow, max-snippet:-1, max-image-preview:large, max-video-preview:-1\" \/>\n<link rel=\"canonical\" href=\"https:\/\/ellington-photo.com\/ErosWalker\/linconnu-de-la-montagne-noire-13-2\/\" \/>\n<meta property=\"og:locale\" content=\"fr_FR\" \/>\n<meta property=\"og:type\" content=\"article\" \/>\n<meta property=\"og:title\" content=\"L&#039;inconnu de la Montagne Noire (13) - Eros Walker Stories\" \/>\n<meta property=\"og:description\" content=\"Jeudi 2 octobre Laurent Cazenave avait pass\u00e9 du temps \u00e0 trier et ranger les documents contenus dans ce qu\u2019il appelait maintenant le \u00ab cabinet \u00bb de son p\u00e8re. Il avait install\u00e9 un v\u00e9ritable bureau, apport\u00e9 un si\u00e8ge confortable et des \u00e9clairages modernes. Les archives couvraient &hellip;\" \/>\n<meta property=\"og:url\" content=\"https:\/\/ellington-photo.com\/ErosWalker\/linconnu-de-la-montagne-noire-13-2\/\" \/>\n<meta property=\"og:site_name\" content=\"Eros Walker Stories\" \/>\n<meta property=\"article:modified_time\" content=\"2026-02-14T09:53:37+00:00\" \/>\n<meta property=\"og:image\" content=\"https:\/\/ellington-photo.com\/ErosWalker\/wp-content\/uploads\/2026\/02\/Chapitre-12-Les-cahiers-et-carnets-2.jpg\" \/>\n\t<meta property=\"og:image:width\" content=\"1024\" \/>\n\t<meta property=\"og:image:height\" content=\"768\" \/>\n\t<meta property=\"og:image:type\" content=\"image\/jpeg\" \/>\n<meta name=\"twitter:card\" content=\"summary_large_image\" \/>\n<meta name=\"twitter:label1\" content=\"Dur\u00e9e de lecture estim\u00e9e\" \/>\n\t<meta name=\"twitter:data1\" content=\"4 minutes\" \/>\n<script type=\"application\/ld+json\" class=\"yoast-schema-graph\">{\"@context\":\"https:\\\/\\\/schema.org\",\"@graph\":[{\"@type\":\"WebPage\",\"@id\":\"https:\\\/\\\/ellington-photo.com\\\/ErosWalker\\\/linconnu-de-la-montagne-noire-13-2\\\/\",\"url\":\"https:\\\/\\\/ellington-photo.com\\\/ErosWalker\\\/linconnu-de-la-montagne-noire-13-2\\\/\",\"name\":\"L'inconnu de la Montagne Noire (13) - Eros Walker Stories\",\"isPartOf\":{\"@id\":\"https:\\\/\\\/ellington-photo.com\\\/ErosWalker\\\/#website\"},\"primaryImageOfPage\":{\"@id\":\"https:\\\/\\\/ellington-photo.com\\\/ErosWalker\\\/linconnu-de-la-montagne-noire-13-2\\\/#primaryimage\"},\"image\":{\"@id\":\"https:\\\/\\\/ellington-photo.com\\\/ErosWalker\\\/linconnu-de-la-montagne-noire-13-2\\\/#primaryimage\"},\"thumbnailUrl\":\"https:\\\/\\\/ellington-photo.com\\\/ErosWalker\\\/wp-content\\\/uploads\\\/2026\\\/02\\\/Chapitre-12-Les-cahiers-et-carnets-2.jpg\",\"datePublished\":\"2026-02-10T10:30:53+00:00\",\"dateModified\":\"2026-02-14T09:53:37+00:00\",\"breadcrumb\":{\"@id\":\"https:\\\/\\\/ellington-photo.com\\\/ErosWalker\\\/linconnu-de-la-montagne-noire-13-2\\\/#breadcrumb\"},\"inLanguage\":\"fr-FR\",\"potentialAction\":[{\"@type\":\"ReadAction\",\"target\":[\"https:\\\/\\\/ellington-photo.com\\\/ErosWalker\\\/linconnu-de-la-montagne-noire-13-2\\\/\"]}]},{\"@type\":\"ImageObject\",\"inLanguage\":\"fr-FR\",\"@id\":\"https:\\\/\\\/ellington-photo.com\\\/ErosWalker\\\/linconnu-de-la-montagne-noire-13-2\\\/#primaryimage\",\"url\":\"https:\\\/\\\/ellington-photo.com\\\/ErosWalker\\\/wp-content\\\/uploads\\\/2026\\\/02\\\/Chapitre-12-Les-cahiers-et-carnets-2.jpg\",\"contentUrl\":\"https:\\\/\\\/ellington-photo.com\\\/ErosWalker\\\/wp-content\\\/uploads\\\/2026\\\/02\\\/Chapitre-12-Les-cahiers-et-carnets-2.jpg\",\"width\":1024,\"height\":768,\"caption\":\"Les carnets du pharmacien\"},{\"@type\":\"BreadcrumbList\",\"@id\":\"https:\\\/\\\/ellington-photo.com\\\/ErosWalker\\\/linconnu-de-la-montagne-noire-13-2\\\/#breadcrumb\",\"itemListElement\":[{\"@type\":\"ListItem\",\"position\":1,\"name\":\"Accueil\",\"item\":\"https:\\\/\\\/ellington-photo.com\\\/ErosWalker\\\/\"},{\"@type\":\"ListItem\",\"position\":2,\"name\":\"L&rsquo;inconnu de la Montagne Noire (13)\"}]},{\"@type\":\"WebSite\",\"@id\":\"https:\\\/\\\/ellington-photo.com\\\/ErosWalker\\\/#website\",\"url\":\"https:\\\/\\\/ellington-photo.com\\\/ErosWalker\\\/\",\"name\":\"Eros Walker Stories\",\"description\":\"Litt\u00e9rature et images\",\"publisher\":{\"@id\":\"https:\\\/\\\/ellington-photo.com\\\/ErosWalker\\\/#organization\"},\"potentialAction\":[{\"@type\":\"SearchAction\",\"target\":{\"@type\":\"EntryPoint\",\"urlTemplate\":\"https:\\\/\\\/ellington-photo.com\\\/ErosWalker\\\/?s={search_term_string}\"},\"query-input\":{\"@type\":\"PropertyValueSpecification\",\"valueRequired\":true,\"valueName\":\"search_term_string\"}}],\"inLanguage\":\"fr-FR\"},{\"@type\":\"Organization\",\"@id\":\"https:\\\/\\\/ellington-photo.com\\\/ErosWalker\\\/#organization\",\"name\":\"Eros Walker Stories\",\"url\":\"https:\\\/\\\/ellington-photo.com\\\/ErosWalker\\\/\",\"logo\":{\"@type\":\"ImageObject\",\"inLanguage\":\"fr-FR\",\"@id\":\"https:\\\/\\\/ellington-photo.com\\\/ErosWalker\\\/#\\\/schema\\\/logo\\\/image\\\/\",\"url\":\"https:\\\/\\\/ellington-photo.com\\\/ErosWalker\\\/wp-content\\\/uploads\\\/2025\\\/05\\\/Chat-Noir.jpg\",\"contentUrl\":\"https:\\\/\\\/ellington-photo.com\\\/ErosWalker\\\/wp-content\\\/uploads\\\/2025\\\/05\\\/Chat-Noir.jpg\",\"width\":400,\"height\":391,\"caption\":\"Eros Walker Stories\"},\"image\":{\"@id\":\"https:\\\/\\\/ellington-photo.com\\\/ErosWalker\\\/#\\\/schema\\\/logo\\\/image\\\/\"},\"sameAs\":[\"https:\\\/\\\/www.linkedin.com\\\/in\\\/eros-walker-ab710a298\\\/\"]}]}<\/script>\n<!-- \/ Yoast SEO plugin. -->","yoast_head_json":{"title":"L'inconnu de la Montagne Noire (13) - Eros Walker Stories","robots":{"index":"index","follow":"follow","max-snippet":"max-snippet:-1","max-image-preview":"max-image-preview:large","max-video-preview":"max-video-preview:-1"},"canonical":"https:\/\/ellington-photo.com\/ErosWalker\/linconnu-de-la-montagne-noire-13-2\/","og_locale":"fr_FR","og_type":"article","og_title":"L'inconnu de la Montagne Noire (13) - Eros Walker Stories","og_description":"Jeudi 2 octobre Laurent Cazenave avait pass\u00e9 du temps \u00e0 trier et ranger les documents contenus dans ce qu\u2019il appelait maintenant le \u00ab cabinet \u00bb de son p\u00e8re. Il avait install\u00e9 un v\u00e9ritable bureau, apport\u00e9 un si\u00e8ge confortable et des \u00e9clairages modernes. Les archives couvraient &hellip;","og_url":"https:\/\/ellington-photo.com\/ErosWalker\/linconnu-de-la-montagne-noire-13-2\/","og_site_name":"Eros Walker Stories","article_modified_time":"2026-02-14T09:53:37+00:00","og_image":[{"width":1024,"height":768,"url":"https:\/\/ellington-photo.com\/ErosWalker\/wp-content\/uploads\/2026\/02\/Chapitre-12-Les-cahiers-et-carnets-2.jpg","type":"image\/jpeg"}],"twitter_card":"summary_large_image","twitter_misc":{"Dur\u00e9e de lecture estim\u00e9e":"4 minutes"},"schema":{"@context":"https:\/\/schema.org","@graph":[{"@type":"WebPage","@id":"https:\/\/ellington-photo.com\/ErosWalker\/linconnu-de-la-montagne-noire-13-2\/","url":"https:\/\/ellington-photo.com\/ErosWalker\/linconnu-de-la-montagne-noire-13-2\/","name":"L'inconnu de la Montagne Noire (13) - Eros Walker Stories","isPartOf":{"@id":"https:\/\/ellington-photo.com\/ErosWalker\/#website"},"primaryImageOfPage":{"@id":"https:\/\/ellington-photo.com\/ErosWalker\/linconnu-de-la-montagne-noire-13-2\/#primaryimage"},"image":{"@id":"https:\/\/ellington-photo.com\/ErosWalker\/linconnu-de-la-montagne-noire-13-2\/#primaryimage"},"thumbnailUrl":"https:\/\/ellington-photo.com\/ErosWalker\/wp-content\/uploads\/2026\/02\/Chapitre-12-Les-cahiers-et-carnets-2.jpg","datePublished":"2026-02-10T10:30:53+00:00","dateModified":"2026-02-14T09:53:37+00:00","breadcrumb":{"@id":"https:\/\/ellington-photo.com\/ErosWalker\/linconnu-de-la-montagne-noire-13-2\/#breadcrumb"},"inLanguage":"fr-FR","potentialAction":[{"@type":"ReadAction","target":["https:\/\/ellington-photo.com\/ErosWalker\/linconnu-de-la-montagne-noire-13-2\/"]}]},{"@type":"ImageObject","inLanguage":"fr-FR","@id":"https:\/\/ellington-photo.com\/ErosWalker\/linconnu-de-la-montagne-noire-13-2\/#primaryimage","url":"https:\/\/ellington-photo.com\/ErosWalker\/wp-content\/uploads\/2026\/02\/Chapitre-12-Les-cahiers-et-carnets-2.jpg","contentUrl":"https:\/\/ellington-photo.com\/ErosWalker\/wp-content\/uploads\/2026\/02\/Chapitre-12-Les-cahiers-et-carnets-2.jpg","width":1024,"height":768,"caption":"Les carnets du pharmacien"},{"@type":"BreadcrumbList","@id":"https:\/\/ellington-photo.com\/ErosWalker\/linconnu-de-la-montagne-noire-13-2\/#breadcrumb","itemListElement":[{"@type":"ListItem","position":1,"name":"Accueil","item":"https:\/\/ellington-photo.com\/ErosWalker\/"},{"@type":"ListItem","position":2,"name":"L&rsquo;inconnu de la Montagne Noire (13)"}]},{"@type":"WebSite","@id":"https:\/\/ellington-photo.com\/ErosWalker\/#website","url":"https:\/\/ellington-photo.com\/ErosWalker\/","name":"Eros Walker Stories","description":"Litt\u00e9rature et images","publisher":{"@id":"https:\/\/ellington-photo.com\/ErosWalker\/#organization"},"potentialAction":[{"@type":"SearchAction","target":{"@type":"EntryPoint","urlTemplate":"https:\/\/ellington-photo.com\/ErosWalker\/?s={search_term_string}"},"query-input":{"@type":"PropertyValueSpecification","valueRequired":true,"valueName":"search_term_string"}}],"inLanguage":"fr-FR"},{"@type":"Organization","@id":"https:\/\/ellington-photo.com\/ErosWalker\/#organization","name":"Eros Walker Stories","url":"https:\/\/ellington-photo.com\/ErosWalker\/","logo":{"@type":"ImageObject","inLanguage":"fr-FR","@id":"https:\/\/ellington-photo.com\/ErosWalker\/#\/schema\/logo\/image\/","url":"https:\/\/ellington-photo.com\/ErosWalker\/wp-content\/uploads\/2025\/05\/Chat-Noir.jpg","contentUrl":"https:\/\/ellington-photo.com\/ErosWalker\/wp-content\/uploads\/2025\/05\/Chat-Noir.jpg","width":400,"height":391,"caption":"Eros Walker Stories"},"image":{"@id":"https:\/\/ellington-photo.com\/ErosWalker\/#\/schema\/logo\/image\/"},"sameAs":["https:\/\/www.linkedin.com\/in\/eros-walker-ab710a298\/"]}]}},"_links":{"self":[{"href":"https:\/\/ellington-photo.com\/ErosWalker\/wp-json\/wp\/v2\/pages\/591","targetHints":{"allow":["GET"]}}],"collection":[{"href":"https:\/\/ellington-photo.com\/ErosWalker\/wp-json\/wp\/v2\/pages"}],"about":[{"href":"https:\/\/ellington-photo.com\/ErosWalker\/wp-json\/wp\/v2\/types\/page"}],"author":[{"embeddable":true,"href":"https:\/\/ellington-photo.com\/ErosWalker\/wp-json\/wp\/v2\/users\/1"}],"replies":[{"embeddable":true,"href":"https:\/\/ellington-photo.com\/ErosWalker\/wp-json\/wp\/v2\/comments?post=591"}],"version-history":[{"count":4,"href":"https:\/\/ellington-photo.com\/ErosWalker\/wp-json\/wp\/v2\/pages\/591\/revisions"}],"predecessor-version":[{"id":614,"href":"https:\/\/ellington-photo.com\/ErosWalker\/wp-json\/wp\/v2\/pages\/591\/revisions\/614"}],"wp:featuredmedia":[{"embeddable":true,"href":"https:\/\/ellington-photo.com\/ErosWalker\/wp-json\/wp\/v2\/media\/596"}],"wp:attachment":[{"href":"https:\/\/ellington-photo.com\/ErosWalker\/wp-json\/wp\/v2\/media?parent=591"}],"curies":[{"name":"wp","href":"https:\/\/api.w.org\/{rel}","templated":true}]}}