{"id":587,"date":"2026-02-09T09:20:43","date_gmt":"2026-02-09T08:20:43","guid":{"rendered":"https:\/\/ellington-photo.com\/ErosWalker\/?page_id=587"},"modified":"2026-02-14T10:49:41","modified_gmt":"2026-02-14T09:49:41","slug":"linconnu-de-la-montagne-noire-12","status":"publish","type":"page","link":"https:\/\/ellington-photo.com\/ErosWalker\/linconnu-de-la-montagne-noire-12\/","title":{"rendered":"L&rsquo;inconnu de la Montagne Noire (12)"},"content":{"rendered":"\n<p class=\"has-medium-font-size\">Mercredi 1<sup>er<\/sup> octobre<\/p>\n\n\n\n<p>\u2014 C\u2019est par ici, indiqua l\u2019employ\u00e9 du service de fourri\u00e8re, nous \u00e9tions sur le point de contacter le propri\u00e9taire du v\u00e9hicule, c\u2019est une voiture de location, vous le savez&nbsp;?<\/p>\n\n\n\n<p>\u2014 Oui, en effet, nous avons m\u00eame la cl\u00e9&nbsp;! fit remarquer L\u00e9o Maillet. Cette voiture est l\u00e0 depuis combien de temps&nbsp;?<\/p>\n\n\n\n<p>\u2014 On nous l\u2019a d\u00e9pos\u00e9e samedi dernier, elle \u00e9tait rest\u00e9e \u00e0 l\u2019emplacement du march\u00e9, \u00e0 Mazamet.<\/p>\n\n\n\n<p>\u2014 Nous avons l\u2019autorisation du parquet pour perquisitionner cette voiture. Pouvez-vous rester comme t\u00e9moin&nbsp;? demanda Clarisse.<\/p>\n\n\n\n<p>Le gendarme d\u00e9verrouilla la voiture et ouvrit la porti\u00e8re c\u00f4t\u00e9 conducteur. L\u2019adjudante fit de m\u00eame c\u00f4t\u00e9 passager. L\u2019int\u00e9rieur du v\u00e9hicule \u00e9tait propre et ne laissa para\u00eetre aucune trace anormale.<\/p>\n\n\n\n<p>\u2014 Int\u00e9ressant, remarqua Clarisse, on dirait qu\u2019il y a une sacoche d\u2019ordinateur, pos\u00e9e par terre. Tu peux aller chercher des sacs plastiques&nbsp;?<\/p>\n\n\n\n<p>Le jeune gendarme revint quelques instants plus tard avec les poches demand\u00e9es.<\/p>\n\n\n\n<p>\u2014 Il n\u2019y a rien sur les si\u00e8ges \u00e0 l\u2019arri\u00e8re. On va regarder dans le coffre, notre homme avait quitt\u00e9 son h\u00f4tel, on devrait trouver un bagage.<\/p>\n\n\n\n<p>\u2014 J\u2019y vais, dit L\u00e9o. En effet, il y a une valise, elle ne date pas d\u2019hier. On n\u2019en voit plus trop des comme \u00e7a&nbsp;!<\/p>\n\n\n\n<p>Clarisse contourna le v\u00e9hicule. Dans la malle se trouvait une vieille valise comme on en utilisait dans les ann\u00e9es 80, en cuir ou plus probablement en simili, de couleur fauve, avec deux grosses boucles pour s\u00e9curiser la fermeture.<\/p>\n\n\n\n<p>\u2014 On ne touche \u00e0 rien, conclut l\u2019adjudante, on va faire transporter la Golf et son contenu aux Services Techniques. On prend juste l\u2019ordinateur. Tu as regard\u00e9 de ton c\u00f4t\u00e9 s\u2019il y avait un t\u00e9l\u00e9phone portable&nbsp;? D\u2019apr\u00e8s le rapport, l\u2019homme n\u2019en avait pas sur lui.<\/p>\n\n\n\n<p>\u2014 Rien de mon c\u00f4t\u00e9, d\u00e9clara L\u00e9o, je regarde dans la bo\u00eete \u00e0 gants. Non, pas de portable ni de c\u00e2ble de recharge. Juste les documents du loueur.<\/p>\n\n\n\n<p>\u2014 Bien, appelle les coll\u00e8gues pour qu\u2019ils prennent en charge la voiture et ensuite on rentre.<\/p>\n\n\n\n<p>En milieu d\u2019apr\u00e8s-midi, Clarisse \u00e9tait dans la zone de travail des informaticiens. Apr\u00e8s avoir fait relever toutes les empreintes, elle \u00e9tait maintenant impatiente de d\u00e9couvrir le contenu de la machine.<\/p>\n\n\n\n<p>\u2014 C\u2019est un vieux mod\u00e8le, expliqua le technicien, je ne savais pas que cette marque existait encore. Maxdata, c\u2019\u00e9tait fabriqu\u00e9 en Allemagne. Il ne devrait pas \u00eatre trop difficile \u00e0 craquer.<\/p>\n\n\n\n<p>\u2014 Bon, alors allons-y, r\u00e9pondit Clarisse avec impatience.<\/p>\n\n\n\n<p>\u2014 Oui, mais il faut \u00eatre patient, les machines de cette \u00e9poque ne d\u00e9marraient pas en quinze secondes, comme aujourd\u2019hui.<\/p>\n\n\n\n<p>De fait, il fallut presque cinq minutes pour obtenir l\u2019\u00e9cran de connexion de Windows.<\/p>\n\n\n\n<p>\u2014 XP, je suis trop jeune pour avoir connu \u00e7a, m\u00eame \u00e0 l\u2019\u00e9cole&nbsp;!<\/p>\n\n\n\n<p>\u2014 D\u2019accord, tu peux l\u2019ouvrir ou non&nbsp;?<\/p>\n\n\n\n<p>\u2014 Oui, oui, attends, il n\u2019a pas encore fini, temp\u00e9ra le jeune geek. Voil\u00e0, soit ce type n\u2019a vraiment rien \u00e0 cacher, soit il est particuli\u00e8rement n\u00e9gligent. Il n\u2019y a m\u00eame pas de mot de passe.<\/p>\n\n\n\n<p>L\u2019\u00e9cran s\u2019afficha enfin, le fond d\u2019\u00e9cran repr\u00e9sentait une vue a\u00e9rienne de la porte de Brandebourg \u00e0 Berlin, mais telle qu\u2019elle \u00e9tait dans les ann\u00e9es 60, le Mur \u00e9tait bien visible.<\/p>\n\n\n\n<p>\u2014 Dr\u00f4le de bonhomme, commenta Clarisse, qui aurait envie de voir une photo comme \u00e7a tous les jours&nbsp;?<\/p>\n\n\n\n<p class=\"has-medium-font-size\">\u2014 Sans doute un nostalgique de cette \u00e9poque.<\/p>\n\n\n\n<p><\/p>\n\n\n\n<p><a href=\"https:\/\/ellington-photo.com\/ErosWalker\/linconnu-de-la-montagne-noire-13\/\" type=\"link\" id=\"https:\/\/ellington-photo.com\/ErosWalker\/linconnu-de-la-montagne-noire-11\/\">Lire la suite<\/a><\/p>\n\n\n\n<p><\/p>\n","protected":false},"excerpt":{"rendered":"<p>Mercredi 1er octobre \u2014 C\u2019est par ici, indiqua l\u2019employ\u00e9 du service de fourri\u00e8re, nous \u00e9tions sur le point de contacter le propri\u00e9taire du v\u00e9hicule, c\u2019est une voiture de location, vous le savez&nbsp;? \u2014 Oui, en effet, nous avons m\u00eame la cl\u00e9&nbsp;! fit remarquer L\u00e9o Maillet. &hellip; <\/p>\n","protected":false},"author":1,"featured_media":607,"parent":0,"menu_order":0,"comment_status":"closed","ping_status":"closed","template":"","meta":{"footnotes":""},"class_list":["post-587","page","type-page","status-publish","has-post-thumbnail","hentry"],"yoast_head":"<!-- This site is optimized with the Yoast SEO plugin v27.5 - https:\/\/yoast.com\/product\/yoast-seo-wordpress\/ -->\n<title>L&#039;inconnu de la Montagne Noire (12) - Eros Walker Stories<\/title>\n<meta name=\"robots\" content=\"index, follow, max-snippet:-1, max-image-preview:large, max-video-preview:-1\" \/>\n<link rel=\"canonical\" href=\"https:\/\/ellington-photo.com\/ErosWalker\/linconnu-de-la-montagne-noire-12\/\" \/>\n<meta property=\"og:locale\" content=\"fr_FR\" \/>\n<meta property=\"og:type\" content=\"article\" \/>\n<meta property=\"og:title\" content=\"L&#039;inconnu de la Montagne Noire (12) - Eros Walker Stories\" \/>\n<meta property=\"og:description\" content=\"Mercredi 1er octobre \u2014 C\u2019est par ici, indiqua l\u2019employ\u00e9 du service de fourri\u00e8re, nous \u00e9tions sur le point de contacter le propri\u00e9taire du v\u00e9hicule, c\u2019est une voiture de location, vous le savez&nbsp;? \u2014 Oui, en effet, nous avons m\u00eame la cl\u00e9&nbsp;! fit remarquer L\u00e9o Maillet. &hellip;\" \/>\n<meta property=\"og:url\" content=\"https:\/\/ellington-photo.com\/ErosWalker\/linconnu-de-la-montagne-noire-12\/\" \/>\n<meta property=\"og:site_name\" content=\"Eros Walker Stories\" \/>\n<meta property=\"article:modified_time\" content=\"2026-02-14T09:49:41+00:00\" \/>\n<meta property=\"og:image\" content=\"https:\/\/ellington-photo.com\/ErosWalker\/wp-content\/uploads\/2026\/02\/Chapitre-14-Les-effets-personnels.jpg\" \/>\n\t<meta property=\"og:image:width\" content=\"1024\" \/>\n\t<meta property=\"og:image:height\" content=\"768\" \/>\n\t<meta property=\"og:image:type\" content=\"image\/jpeg\" \/>\n<meta name=\"twitter:card\" content=\"summary_large_image\" \/>\n<meta name=\"twitter:label1\" content=\"Dur\u00e9e de lecture estim\u00e9e\" \/>\n\t<meta name=\"twitter:data1\" content=\"3 minutes\" \/>\n<script type=\"application\/ld+json\" class=\"yoast-schema-graph\">{\"@context\":\"https:\\\/\\\/schema.org\",\"@graph\":[{\"@type\":\"WebPage\",\"@id\":\"https:\\\/\\\/ellington-photo.com\\\/ErosWalker\\\/linconnu-de-la-montagne-noire-12\\\/\",\"url\":\"https:\\\/\\\/ellington-photo.com\\\/ErosWalker\\\/linconnu-de-la-montagne-noire-12\\\/\",\"name\":\"L'inconnu de la Montagne Noire (12) - Eros Walker Stories\",\"isPartOf\":{\"@id\":\"https:\\\/\\\/ellington-photo.com\\\/ErosWalker\\\/#website\"},\"primaryImageOfPage\":{\"@id\":\"https:\\\/\\\/ellington-photo.com\\\/ErosWalker\\\/linconnu-de-la-montagne-noire-12\\\/#primaryimage\"},\"image\":{\"@id\":\"https:\\\/\\\/ellington-photo.com\\\/ErosWalker\\\/linconnu-de-la-montagne-noire-12\\\/#primaryimage\"},\"thumbnailUrl\":\"https:\\\/\\\/ellington-photo.com\\\/ErosWalker\\\/wp-content\\\/uploads\\\/2026\\\/02\\\/Chapitre-14-Les-effets-personnels.jpg\",\"datePublished\":\"2026-02-09T08:20:43+00:00\",\"dateModified\":\"2026-02-14T09:49:41+00:00\",\"breadcrumb\":{\"@id\":\"https:\\\/\\\/ellington-photo.com\\\/ErosWalker\\\/linconnu-de-la-montagne-noire-12\\\/#breadcrumb\"},\"inLanguage\":\"fr-FR\",\"potentialAction\":[{\"@type\":\"ReadAction\",\"target\":[\"https:\\\/\\\/ellington-photo.com\\\/ErosWalker\\\/linconnu-de-la-montagne-noire-12\\\/\"]}]},{\"@type\":\"ImageObject\",\"inLanguage\":\"fr-FR\",\"@id\":\"https:\\\/\\\/ellington-photo.com\\\/ErosWalker\\\/linconnu-de-la-montagne-noire-12\\\/#primaryimage\",\"url\":\"https:\\\/\\\/ellington-photo.com\\\/ErosWalker\\\/wp-content\\\/uploads\\\/2026\\\/02\\\/Chapitre-14-Les-effets-personnels.jpg\",\"contentUrl\":\"https:\\\/\\\/ellington-photo.com\\\/ErosWalker\\\/wp-content\\\/uploads\\\/2026\\\/02\\\/Chapitre-14-Les-effets-personnels.jpg\",\"width\":1024,\"height\":768},{\"@type\":\"BreadcrumbList\",\"@id\":\"https:\\\/\\\/ellington-photo.com\\\/ErosWalker\\\/linconnu-de-la-montagne-noire-12\\\/#breadcrumb\",\"itemListElement\":[{\"@type\":\"ListItem\",\"position\":1,\"name\":\"Accueil\",\"item\":\"https:\\\/\\\/ellington-photo.com\\\/ErosWalker\\\/\"},{\"@type\":\"ListItem\",\"position\":2,\"name\":\"L&rsquo;inconnu de la Montagne Noire (12)\"}]},{\"@type\":\"WebSite\",\"@id\":\"https:\\\/\\\/ellington-photo.com\\\/ErosWalker\\\/#website\",\"url\":\"https:\\\/\\\/ellington-photo.com\\\/ErosWalker\\\/\",\"name\":\"Eros Walker Stories\",\"description\":\"Litt\u00e9rature et images\",\"publisher\":{\"@id\":\"https:\\\/\\\/ellington-photo.com\\\/ErosWalker\\\/#organization\"},\"potentialAction\":[{\"@type\":\"SearchAction\",\"target\":{\"@type\":\"EntryPoint\",\"urlTemplate\":\"https:\\\/\\\/ellington-photo.com\\\/ErosWalker\\\/?s={search_term_string}\"},\"query-input\":{\"@type\":\"PropertyValueSpecification\",\"valueRequired\":true,\"valueName\":\"search_term_string\"}}],\"inLanguage\":\"fr-FR\"},{\"@type\":\"Organization\",\"@id\":\"https:\\\/\\\/ellington-photo.com\\\/ErosWalker\\\/#organization\",\"name\":\"Eros Walker Stories\",\"url\":\"https:\\\/\\\/ellington-photo.com\\\/ErosWalker\\\/\",\"logo\":{\"@type\":\"ImageObject\",\"inLanguage\":\"fr-FR\",\"@id\":\"https:\\\/\\\/ellington-photo.com\\\/ErosWalker\\\/#\\\/schema\\\/logo\\\/image\\\/\",\"url\":\"https:\\\/\\\/ellington-photo.com\\\/ErosWalker\\\/wp-content\\\/uploads\\\/2025\\\/05\\\/Chat-Noir.jpg\",\"contentUrl\":\"https:\\\/\\\/ellington-photo.com\\\/ErosWalker\\\/wp-content\\\/uploads\\\/2025\\\/05\\\/Chat-Noir.jpg\",\"width\":400,\"height\":391,\"caption\":\"Eros Walker Stories\"},\"image\":{\"@id\":\"https:\\\/\\\/ellington-photo.com\\\/ErosWalker\\\/#\\\/schema\\\/logo\\\/image\\\/\"},\"sameAs\":[\"https:\\\/\\\/www.linkedin.com\\\/in\\\/eros-walker-ab710a298\\\/\"]}]}<\/script>\n<!-- \/ Yoast SEO plugin. -->","yoast_head_json":{"title":"L'inconnu de la Montagne Noire (12) - Eros Walker Stories","robots":{"index":"index","follow":"follow","max-snippet":"max-snippet:-1","max-image-preview":"max-image-preview:large","max-video-preview":"max-video-preview:-1"},"canonical":"https:\/\/ellington-photo.com\/ErosWalker\/linconnu-de-la-montagne-noire-12\/","og_locale":"fr_FR","og_type":"article","og_title":"L'inconnu de la Montagne Noire (12) - Eros Walker Stories","og_description":"Mercredi 1er octobre \u2014 C\u2019est par ici, indiqua l\u2019employ\u00e9 du service de fourri\u00e8re, nous \u00e9tions sur le point de contacter le propri\u00e9taire du v\u00e9hicule, c\u2019est une voiture de location, vous le savez&nbsp;? \u2014 Oui, en effet, nous avons m\u00eame la cl\u00e9&nbsp;! fit remarquer L\u00e9o Maillet. &hellip;","og_url":"https:\/\/ellington-photo.com\/ErosWalker\/linconnu-de-la-montagne-noire-12\/","og_site_name":"Eros Walker Stories","article_modified_time":"2026-02-14T09:49:41+00:00","og_image":[{"width":1024,"height":768,"url":"https:\/\/ellington-photo.com\/ErosWalker\/wp-content\/uploads\/2026\/02\/Chapitre-14-Les-effets-personnels.jpg","type":"image\/jpeg"}],"twitter_card":"summary_large_image","twitter_misc":{"Dur\u00e9e de lecture estim\u00e9e":"3 minutes"},"schema":{"@context":"https:\/\/schema.org","@graph":[{"@type":"WebPage","@id":"https:\/\/ellington-photo.com\/ErosWalker\/linconnu-de-la-montagne-noire-12\/","url":"https:\/\/ellington-photo.com\/ErosWalker\/linconnu-de-la-montagne-noire-12\/","name":"L'inconnu de la Montagne Noire (12) - Eros Walker Stories","isPartOf":{"@id":"https:\/\/ellington-photo.com\/ErosWalker\/#website"},"primaryImageOfPage":{"@id":"https:\/\/ellington-photo.com\/ErosWalker\/linconnu-de-la-montagne-noire-12\/#primaryimage"},"image":{"@id":"https:\/\/ellington-photo.com\/ErosWalker\/linconnu-de-la-montagne-noire-12\/#primaryimage"},"thumbnailUrl":"https:\/\/ellington-photo.com\/ErosWalker\/wp-content\/uploads\/2026\/02\/Chapitre-14-Les-effets-personnels.jpg","datePublished":"2026-02-09T08:20:43+00:00","dateModified":"2026-02-14T09:49:41+00:00","breadcrumb":{"@id":"https:\/\/ellington-photo.com\/ErosWalker\/linconnu-de-la-montagne-noire-12\/#breadcrumb"},"inLanguage":"fr-FR","potentialAction":[{"@type":"ReadAction","target":["https:\/\/ellington-photo.com\/ErosWalker\/linconnu-de-la-montagne-noire-12\/"]}]},{"@type":"ImageObject","inLanguage":"fr-FR","@id":"https:\/\/ellington-photo.com\/ErosWalker\/linconnu-de-la-montagne-noire-12\/#primaryimage","url":"https:\/\/ellington-photo.com\/ErosWalker\/wp-content\/uploads\/2026\/02\/Chapitre-14-Les-effets-personnels.jpg","contentUrl":"https:\/\/ellington-photo.com\/ErosWalker\/wp-content\/uploads\/2026\/02\/Chapitre-14-Les-effets-personnels.jpg","width":1024,"height":768},{"@type":"BreadcrumbList","@id":"https:\/\/ellington-photo.com\/ErosWalker\/linconnu-de-la-montagne-noire-12\/#breadcrumb","itemListElement":[{"@type":"ListItem","position":1,"name":"Accueil","item":"https:\/\/ellington-photo.com\/ErosWalker\/"},{"@type":"ListItem","position":2,"name":"L&rsquo;inconnu de la Montagne Noire (12)"}]},{"@type":"WebSite","@id":"https:\/\/ellington-photo.com\/ErosWalker\/#website","url":"https:\/\/ellington-photo.com\/ErosWalker\/","name":"Eros Walker Stories","description":"Litt\u00e9rature et images","publisher":{"@id":"https:\/\/ellington-photo.com\/ErosWalker\/#organization"},"potentialAction":[{"@type":"SearchAction","target":{"@type":"EntryPoint","urlTemplate":"https:\/\/ellington-photo.com\/ErosWalker\/?s={search_term_string}"},"query-input":{"@type":"PropertyValueSpecification","valueRequired":true,"valueName":"search_term_string"}}],"inLanguage":"fr-FR"},{"@type":"Organization","@id":"https:\/\/ellington-photo.com\/ErosWalker\/#organization","name":"Eros Walker Stories","url":"https:\/\/ellington-photo.com\/ErosWalker\/","logo":{"@type":"ImageObject","inLanguage":"fr-FR","@id":"https:\/\/ellington-photo.com\/ErosWalker\/#\/schema\/logo\/image\/","url":"https:\/\/ellington-photo.com\/ErosWalker\/wp-content\/uploads\/2025\/05\/Chat-Noir.jpg","contentUrl":"https:\/\/ellington-photo.com\/ErosWalker\/wp-content\/uploads\/2025\/05\/Chat-Noir.jpg","width":400,"height":391,"caption":"Eros Walker Stories"},"image":{"@id":"https:\/\/ellington-photo.com\/ErosWalker\/#\/schema\/logo\/image\/"},"sameAs":["https:\/\/www.linkedin.com\/in\/eros-walker-ab710a298\/"]}]}},"_links":{"self":[{"href":"https:\/\/ellington-photo.com\/ErosWalker\/wp-json\/wp\/v2\/pages\/587","targetHints":{"allow":["GET"]}}],"collection":[{"href":"https:\/\/ellington-photo.com\/ErosWalker\/wp-json\/wp\/v2\/pages"}],"about":[{"href":"https:\/\/ellington-photo.com\/ErosWalker\/wp-json\/wp\/v2\/types\/page"}],"author":[{"embeddable":true,"href":"https:\/\/ellington-photo.com\/ErosWalker\/wp-json\/wp\/v2\/users\/1"}],"replies":[{"embeddable":true,"href":"https:\/\/ellington-photo.com\/ErosWalker\/wp-json\/wp\/v2\/comments?post=587"}],"version-history":[{"count":4,"href":"https:\/\/ellington-photo.com\/ErosWalker\/wp-json\/wp\/v2\/pages\/587\/revisions"}],"predecessor-version":[{"id":608,"href":"https:\/\/ellington-photo.com\/ErosWalker\/wp-json\/wp\/v2\/pages\/587\/revisions\/608"}],"wp:featuredmedia":[{"embeddable":true,"href":"https:\/\/ellington-photo.com\/ErosWalker\/wp-json\/wp\/v2\/media\/607"}],"wp:attachment":[{"href":"https:\/\/ellington-photo.com\/ErosWalker\/wp-json\/wp\/v2\/media?parent=587"}],"curies":[{"name":"wp","href":"https:\/\/api.w.org\/{rel}","templated":true}]}}