{"id":580,"date":"2026-02-06T14:13:21","date_gmt":"2026-02-06T13:13:21","guid":{"rendered":"https:\/\/ellington-photo.com\/ErosWalker\/?page_id=580"},"modified":"2026-02-09T09:19:00","modified_gmt":"2026-02-09T08:19:00","slug":"linconnu-de-la-montagne-noire-10","status":"publish","type":"page","link":"https:\/\/ellington-photo.com\/ErosWalker\/linconnu-de-la-montagne-noire-10\/","title":{"rendered":"L&rsquo;inconnu de la Montagne Noire (10)"},"content":{"rendered":"\n<p class=\"has-medium-font-size\"><strong>Chapitre 10<\/strong><\/p>\n\n\n\n<p>Mardi 30 septembre<\/p>\n\n\n\n<p>Clarisse Dumaine repassa dans le grand open-space partag\u00e9 par les \u00e9quipes de la Section de Recherche et interpella un jeune gendarme occup\u00e9 sur son ordinateur.<\/p>\n\n\n\n<p>\u2014 L\u00e9o, tu as quelque chose d\u2019urgent en ce moment&nbsp;?<\/p>\n\n\n\n<p>\u2014 Non, rien qui ne peut attendre, tu as besoin de moi&nbsp;?<\/p>\n\n\n\n<p>\u2014 Le major veut qu\u2019on retrouve une voiture, on va r\u00e9cup\u00e9rer la cl\u00e9 et on fait un tour chez les loueurs.<\/p>\n\n\n\n<p>\u2014 On a la cl\u00e9&nbsp;? demanda L\u00e9o.<\/p>\n\n\n\n<p>\u2014 Oui, elle \u00e9tait dans la poche de la victime. C\u2019est une voiture de chez Sixt, mais on n\u2019a aucune id\u00e9e de l\u2019endroit o\u00f9 elle se trouve actuellement. On va d\u00e9j\u00e0 essayer \u00e0 Blagnac.<\/p>\n\n\n\n<p>Apr\u00e8s \u00eatre pass\u00e9s au service technique, Clarisse regarda la cl\u00e9. Le num\u00e9ro d\u2019immatriculation figurait sur le porte-cl\u00e9.<\/p>\n\n\n\n<p>\u2014 Interroge le fichier des cartes grises. Le major pense qu\u2019il s\u2019agit du Golf bleue.<\/p>\n\n\n\n<p>\u2014 Je regarde \u00e7a tout de suite.<\/p>\n\n\n\n<p>Quelques minutes plus tard, la M\u00e9gane de service roulait sur la rocade. L\u00e9o Maillet confirma l\u2019information.<\/p>\n\n\n\n<p>\u2014 En effet, c\u2019est bien une Golf, elle est assez r\u00e9cente.<\/p>\n\n\n\n<p>\u2014 Lance un avis de recherche aux brigades de la r\u00e9gion, demanda l\u2019adjudante. Ensuite, tu appelleras la police municipale de Castres et aussi la police nationale. D\u2019apr\u00e8s le l\u00e9giste, la victime a \u00e9t\u00e9 tu\u00e9e il y a pr\u00e8s d\u2019une semaine. La voiture a peut-\u00eatre \u00e9t\u00e9 remarqu\u00e9e.<\/p>\n\n\n\n<p>Il ne leur fallut pas plus d\u2019un quart d\u2019heure pour arriver \u00e0 l\u2019a\u00e9roport. Clarisse laissa la voiture sur un emplacement de service \u00e0 proximit\u00e9 du terminal. L\u2019employ\u00e9 de chez Sixt les re\u00e7ut aimablement, mais ne retrouva pas de contrat pour cette voiture dans son fichier. Elle ne se rappelait pas non plus d\u2019un individu correspondant \u00e0 la description donn\u00e9e par les gendarmes.<\/p>\n\n\n\n<p>\u2014 Je suis d\u00e9sol\u00e9e, mais je ne peux pas vous en dire plus, vous devriez essayer l\u2019agence de Matabiau. Votre voyageur a pu arriver par le train.<\/p>\n\n\n\n<p>Les deux gendarmes retourn\u00e8rent \u00e0 leur voiture, ils \u00e9taient habitu\u00e9s \u00e0 ces d\u00e9convenues, les enqu\u00eates judiciaires ne se menaient pas en quelques minutes. La patience \u00e9tait l\u2019une de leurs principales qualit\u00e9s. Ils eurent plus de chance \u00e0 la gare SNCF.<\/p>\n\n\n\n<p>\u2014 Oui, r\u00e9pondit le manager de la station, c\u2019est bien une de nos voitures. Elle a \u00e9t\u00e9 lou\u00e9e le 15 par un individu d\u00e9nomm\u00e9 Rudolph Kaiser, je peux vous fournir la copie de ses pi\u00e8ces d\u2019identit\u00e9. Par contre, elle aurait d\u00fb rentrer le 23 et elle est toujours manquante. Elle a \u00e9t\u00e9 accident\u00e9e&nbsp;?<\/p>\n\n\n\n<p>\u2014 Nous n\u2019en savons rien, nous recherchons cette voiture et la personne qui l\u2019a lou\u00e9e.<\/p>\n\n\n\n<p>\u2014 Je vais vous faire une impression de ses documents d\u2019identit\u00e9. Monsieur Kaiser est de nationalit\u00e9 allemande, domicili\u00e9 \u00e0 Potsdam.<\/p>\n\n\n\n<p>\u2014 Vous pourriez nous le d\u00e9crire&nbsp;? demanda L\u00e9o.<\/p>\n\n\n\n<p>\u2014 Non, d\u00e9sol\u00e9, ce n\u2019est pas moi qui ai trait\u00e9 sa r\u00e9servation et la personne qui l\u2019a re\u00e7u est absente aujourd\u2019hui.<\/p>\n\n\n\n<p>\u2014 Dommage, commenta le gendarme.<\/p>\n\n\n\n<p>\u2014 Voil\u00e0 les impressions, se contenta de r\u00e9pondre l\u2019employ\u00e9 en tendant deux feuilles. Je suis d\u00e9sol\u00e9, la qualit\u00e9 n\u2019est pas g\u00e9niale, mais pour nous, c\u2019est suffisant.<\/p>\n\n\n\n<p>Clarisse prit les deux documents, les photos \u00e9taient tr\u00e8s sombres. Elle regarda la date de naissance&nbsp;: 1961. C\u2019\u00e9tait coh\u00e9rent avec l\u2019\u00e2ge estim\u00e9 de la victime. Mais pourquoi avait-il r\u00e9serv\u00e9 un h\u00f4tel sous un faux nom&nbsp;?<\/p>\n\n\n\n<p>\u2014 Quand vous avez constat\u00e9 que le v\u00e9hicule n\u2019avait pas \u00e9t\u00e9 rendu, vous n\u2019avez cherch\u00e9 \u00e0 contacter le client&nbsp;?<\/p>\n\n\n\n<p>\u2014 Nous l\u2019avons fait, mais nous sommes tomb\u00e9s sur sa messagerie et il n\u2019a jamais rappel\u00e9.<\/p>\n\n\n\n<p>\u2014 \u00c7a arrive souvent que des voitures ne soient pas rendues&nbsp;?<\/p>\n\n\n\n<p>\u2014 Oui, \u00e7a arrive parfois. Le plus souvent, le client a chang\u00e9 ses plans, elle il la rend un peu plus tard, dans une autre agence. On patiente toujours un peu avant de s\u2019inqui\u00e9ter. L\u00e0, \u00e7a ne fait qu\u2019une semaine de retard.<\/p>\n\n\n\n<p>\u2014 Vous avez de la chance, on va lancer un avis de recherche&nbsp;! conclut Clarisse avant de sortir avec les deux feuillets.<\/p>\n\n\n\n<p>L\u2019apr\u00e8s-midi s\u2019achevait quand les deux gendarmes laiss\u00e8rent la voiture au parking.<\/p>\n\n\n\n<p>\u2014 Je te laisse la paperasse, d\u00e9clara l\u2019adjudante. Je vais voir Olivier.<\/p>\n\n\n\n<p>Le major \u00e9tait \u00e0 son bureau, occup\u00e9 \u00e0 lire des document sur son \u00e9cran.<\/p>\n\n\n\n<p>\u2014 Vous avez retrouv\u00e9 la voiture&nbsp;? demanda-t-il en levant les yeux vers la jeune femme.<\/p>\n\n\n\n<p>\u2014 Pas encore, mais on sait qu\u2019elle a \u00e9t\u00e9 lou\u00e9e \u00e0 la gare et pas par Klaus Bauer. Le client a fourni des papiers au nom de Rudolf Kaiser, de Potsdam.<\/p>\n\n\n\n<p>\u2014 C\u2019est dans l\u2019ex-RDA remarqua Roumiac.<\/p>\n\n\n\n<p>\u2014 Pr\u00e8s de Berlin, j\u2019ai v\u00e9rifi\u00e9 en venant.<\/p>\n\n\n\n<p>\u2014 Le l\u00e9giste pense que la victime venait d\u2019Europe de l\u2019Est, p\u00e9riode sovi\u00e9tique. Les photos ne sont pas bonnes sur les documents, mais les techniciens pourront s\u00fbrement nous dire si on affaire \u00e0 la m\u00eame personne. En tout cas, la date de naissance est coh\u00e9rente.<\/p>\n\n\n\n<p>\u2014 Contacte les services allemands, ils doivent pouvoir nous fournir les empreintes digitales de ce Kaiser. Tout \u00e9tait fich\u00e9 chez eux \u00e0 cette \u00e9poque. Essaie aussi de retracer son voyage, la SNCF a peut-\u00eatre enregistr\u00e9 une r\u00e9servation.<\/p>\n\n\n\n<p>\u2014 Je vais les contacter, mais il aura peut-\u00eatre choisi une troisi\u00e8me identit\u00e9, s\u2019il voulait brouiller les pistes.<\/p>\n\n\n\n<p>\u2014 C\u2019est un risque, en effet. On n\u2019a pas de nouvelles de la voiture&nbsp;?<\/p>\n\n\n\n<p>\u2014 Maillet a fait passer le mot, mais pas de retour pour le moment.<\/p>\n\n\n\n<p>\u2014 Bon, \u00e7a suffira pour ce soir, esp\u00e9rons que nous aurons quelques r\u00e9ponses demain.<\/p>\n\n\n\n<p>\u2014 J\u2019envoie la demande aux Allemands et je rentre.<\/p>\n\n\n\n<p><\/p>\n\n\n\n<p><a href=\"https:\/\/ellington-photo.com\/ErosWalker\/linconnu-de-la-montagne-noire-11\/\" type=\"link\" id=\"https:\/\/ellington-photo.com\/ErosWalker\/linconnu-de-la-montagne-noire-11\/\">Lire la suite<\/a><\/p>\n","protected":false},"excerpt":{"rendered":"<p>Chapitre 10 Mardi 30 septembre Clarisse Dumaine repassa dans le grand open-space partag\u00e9 par les \u00e9quipes de la Section de Recherche et interpella un jeune gendarme occup\u00e9 sur son ordinateur. \u2014 L\u00e9o, tu as quelque chose d\u2019urgent en ce moment&nbsp;? \u2014 Non, rien qui ne &hellip; <\/p>\n","protected":false},"author":1,"featured_media":585,"parent":0,"menu_order":0,"comment_status":"closed","ping_status":"closed","template":"","meta":{"footnotes":""},"class_list":["post-580","page","type-page","status-publish","has-post-thumbnail","hentry"],"yoast_head":"<!-- This site is optimized with the Yoast SEO plugin v27.5 - https:\/\/yoast.com\/product\/yoast-seo-wordpress\/ -->\n<title>L&#039;inconnu de la Montagne Noire (10) - Eros Walker Stories<\/title>\n<meta name=\"robots\" content=\"index, follow, max-snippet:-1, max-image-preview:large, max-video-preview:-1\" \/>\n<link rel=\"canonical\" href=\"https:\/\/ellington-photo.com\/ErosWalker\/linconnu-de-la-montagne-noire-10\/\" \/>\n<meta property=\"og:locale\" content=\"fr_FR\" \/>\n<meta property=\"og:type\" content=\"article\" \/>\n<meta property=\"og:title\" content=\"L&#039;inconnu de la Montagne Noire (10) - Eros Walker Stories\" \/>\n<meta property=\"og:description\" content=\"Chapitre 10 Mardi 30 septembre Clarisse Dumaine repassa dans le grand open-space partag\u00e9 par les \u00e9quipes de la Section de Recherche et interpella un jeune gendarme occup\u00e9 sur son ordinateur. \u2014 L\u00e9o, tu as quelque chose d\u2019urgent en ce moment&nbsp;? \u2014 Non, rien qui ne &hellip;\" \/>\n<meta property=\"og:url\" content=\"https:\/\/ellington-photo.com\/ErosWalker\/linconnu-de-la-montagne-noire-10\/\" \/>\n<meta property=\"og:site_name\" content=\"Eros Walker Stories\" \/>\n<meta property=\"article:modified_time\" content=\"2026-02-09T08:19:00+00:00\" \/>\n<meta property=\"og:image\" content=\"https:\/\/ellington-photo.com\/ErosWalker\/wp-content\/uploads\/2026\/02\/Chapitre-10-La-golf-bleue.jpg\" \/>\n\t<meta property=\"og:image:width\" content=\"1024\" \/>\n\t<meta property=\"og:image:height\" content=\"768\" \/>\n\t<meta property=\"og:image:type\" content=\"image\/jpeg\" \/>\n<meta name=\"twitter:card\" content=\"summary_large_image\" \/>\n<meta name=\"twitter:label1\" content=\"Dur\u00e9e de lecture estim\u00e9e\" \/>\n\t<meta name=\"twitter:data1\" content=\"5 minutes\" \/>\n<script type=\"application\/ld+json\" class=\"yoast-schema-graph\">{\"@context\":\"https:\\\/\\\/schema.org\",\"@graph\":[{\"@type\":\"WebPage\",\"@id\":\"https:\\\/\\\/ellington-photo.com\\\/ErosWalker\\\/linconnu-de-la-montagne-noire-10\\\/\",\"url\":\"https:\\\/\\\/ellington-photo.com\\\/ErosWalker\\\/linconnu-de-la-montagne-noire-10\\\/\",\"name\":\"L'inconnu de la Montagne Noire (10) - Eros Walker Stories\",\"isPartOf\":{\"@id\":\"https:\\\/\\\/ellington-photo.com\\\/ErosWalker\\\/#website\"},\"primaryImageOfPage\":{\"@id\":\"https:\\\/\\\/ellington-photo.com\\\/ErosWalker\\\/linconnu-de-la-montagne-noire-10\\\/#primaryimage\"},\"image\":{\"@id\":\"https:\\\/\\\/ellington-photo.com\\\/ErosWalker\\\/linconnu-de-la-montagne-noire-10\\\/#primaryimage\"},\"thumbnailUrl\":\"https:\\\/\\\/ellington-photo.com\\\/ErosWalker\\\/wp-content\\\/uploads\\\/2026\\\/02\\\/Chapitre-10-La-golf-bleue.jpg\",\"datePublished\":\"2026-02-06T13:13:21+00:00\",\"dateModified\":\"2026-02-09T08:19:00+00:00\",\"breadcrumb\":{\"@id\":\"https:\\\/\\\/ellington-photo.com\\\/ErosWalker\\\/linconnu-de-la-montagne-noire-10\\\/#breadcrumb\"},\"inLanguage\":\"fr-FR\",\"potentialAction\":[{\"@type\":\"ReadAction\",\"target\":[\"https:\\\/\\\/ellington-photo.com\\\/ErosWalker\\\/linconnu-de-la-montagne-noire-10\\\/\"]}]},{\"@type\":\"ImageObject\",\"inLanguage\":\"fr-FR\",\"@id\":\"https:\\\/\\\/ellington-photo.com\\\/ErosWalker\\\/linconnu-de-la-montagne-noire-10\\\/#primaryimage\",\"url\":\"https:\\\/\\\/ellington-photo.com\\\/ErosWalker\\\/wp-content\\\/uploads\\\/2026\\\/02\\\/Chapitre-10-La-golf-bleue.jpg\",\"contentUrl\":\"https:\\\/\\\/ellington-photo.com\\\/ErosWalker\\\/wp-content\\\/uploads\\\/2026\\\/02\\\/Chapitre-10-La-golf-bleue.jpg\",\"width\":1024,\"height\":768,\"caption\":\"A la recherche de la golf bleue de l'inconnu\"},{\"@type\":\"BreadcrumbList\",\"@id\":\"https:\\\/\\\/ellington-photo.com\\\/ErosWalker\\\/linconnu-de-la-montagne-noire-10\\\/#breadcrumb\",\"itemListElement\":[{\"@type\":\"ListItem\",\"position\":1,\"name\":\"Accueil\",\"item\":\"https:\\\/\\\/ellington-photo.com\\\/ErosWalker\\\/\"},{\"@type\":\"ListItem\",\"position\":2,\"name\":\"L&rsquo;inconnu de la Montagne Noire (10)\"}]},{\"@type\":\"WebSite\",\"@id\":\"https:\\\/\\\/ellington-photo.com\\\/ErosWalker\\\/#website\",\"url\":\"https:\\\/\\\/ellington-photo.com\\\/ErosWalker\\\/\",\"name\":\"Eros Walker Stories\",\"description\":\"Litt\u00e9rature et images\",\"publisher\":{\"@id\":\"https:\\\/\\\/ellington-photo.com\\\/ErosWalker\\\/#organization\"},\"potentialAction\":[{\"@type\":\"SearchAction\",\"target\":{\"@type\":\"EntryPoint\",\"urlTemplate\":\"https:\\\/\\\/ellington-photo.com\\\/ErosWalker\\\/?s={search_term_string}\"},\"query-input\":{\"@type\":\"PropertyValueSpecification\",\"valueRequired\":true,\"valueName\":\"search_term_string\"}}],\"inLanguage\":\"fr-FR\"},{\"@type\":\"Organization\",\"@id\":\"https:\\\/\\\/ellington-photo.com\\\/ErosWalker\\\/#organization\",\"name\":\"Eros Walker Stories\",\"url\":\"https:\\\/\\\/ellington-photo.com\\\/ErosWalker\\\/\",\"logo\":{\"@type\":\"ImageObject\",\"inLanguage\":\"fr-FR\",\"@id\":\"https:\\\/\\\/ellington-photo.com\\\/ErosWalker\\\/#\\\/schema\\\/logo\\\/image\\\/\",\"url\":\"https:\\\/\\\/ellington-photo.com\\\/ErosWalker\\\/wp-content\\\/uploads\\\/2025\\\/05\\\/Chat-Noir.jpg\",\"contentUrl\":\"https:\\\/\\\/ellington-photo.com\\\/ErosWalker\\\/wp-content\\\/uploads\\\/2025\\\/05\\\/Chat-Noir.jpg\",\"width\":400,\"height\":391,\"caption\":\"Eros Walker Stories\"},\"image\":{\"@id\":\"https:\\\/\\\/ellington-photo.com\\\/ErosWalker\\\/#\\\/schema\\\/logo\\\/image\\\/\"},\"sameAs\":[\"https:\\\/\\\/www.linkedin.com\\\/in\\\/eros-walker-ab710a298\\\/\"]}]}<\/script>\n<!-- \/ Yoast SEO plugin. -->","yoast_head_json":{"title":"L'inconnu de la Montagne Noire (10) - Eros Walker Stories","robots":{"index":"index","follow":"follow","max-snippet":"max-snippet:-1","max-image-preview":"max-image-preview:large","max-video-preview":"max-video-preview:-1"},"canonical":"https:\/\/ellington-photo.com\/ErosWalker\/linconnu-de-la-montagne-noire-10\/","og_locale":"fr_FR","og_type":"article","og_title":"L'inconnu de la Montagne Noire (10) - Eros Walker Stories","og_description":"Chapitre 10 Mardi 30 septembre Clarisse Dumaine repassa dans le grand open-space partag\u00e9 par les \u00e9quipes de la Section de Recherche et interpella un jeune gendarme occup\u00e9 sur son ordinateur. \u2014 L\u00e9o, tu as quelque chose d\u2019urgent en ce moment&nbsp;? \u2014 Non, rien qui ne &hellip;","og_url":"https:\/\/ellington-photo.com\/ErosWalker\/linconnu-de-la-montagne-noire-10\/","og_site_name":"Eros Walker Stories","article_modified_time":"2026-02-09T08:19:00+00:00","og_image":[{"width":1024,"height":768,"url":"https:\/\/ellington-photo.com\/ErosWalker\/wp-content\/uploads\/2026\/02\/Chapitre-10-La-golf-bleue.jpg","type":"image\/jpeg"}],"twitter_card":"summary_large_image","twitter_misc":{"Dur\u00e9e de lecture estim\u00e9e":"5 minutes"},"schema":{"@context":"https:\/\/schema.org","@graph":[{"@type":"WebPage","@id":"https:\/\/ellington-photo.com\/ErosWalker\/linconnu-de-la-montagne-noire-10\/","url":"https:\/\/ellington-photo.com\/ErosWalker\/linconnu-de-la-montagne-noire-10\/","name":"L'inconnu de la Montagne Noire (10) - Eros Walker Stories","isPartOf":{"@id":"https:\/\/ellington-photo.com\/ErosWalker\/#website"},"primaryImageOfPage":{"@id":"https:\/\/ellington-photo.com\/ErosWalker\/linconnu-de-la-montagne-noire-10\/#primaryimage"},"image":{"@id":"https:\/\/ellington-photo.com\/ErosWalker\/linconnu-de-la-montagne-noire-10\/#primaryimage"},"thumbnailUrl":"https:\/\/ellington-photo.com\/ErosWalker\/wp-content\/uploads\/2026\/02\/Chapitre-10-La-golf-bleue.jpg","datePublished":"2026-02-06T13:13:21+00:00","dateModified":"2026-02-09T08:19:00+00:00","breadcrumb":{"@id":"https:\/\/ellington-photo.com\/ErosWalker\/linconnu-de-la-montagne-noire-10\/#breadcrumb"},"inLanguage":"fr-FR","potentialAction":[{"@type":"ReadAction","target":["https:\/\/ellington-photo.com\/ErosWalker\/linconnu-de-la-montagne-noire-10\/"]}]},{"@type":"ImageObject","inLanguage":"fr-FR","@id":"https:\/\/ellington-photo.com\/ErosWalker\/linconnu-de-la-montagne-noire-10\/#primaryimage","url":"https:\/\/ellington-photo.com\/ErosWalker\/wp-content\/uploads\/2026\/02\/Chapitre-10-La-golf-bleue.jpg","contentUrl":"https:\/\/ellington-photo.com\/ErosWalker\/wp-content\/uploads\/2026\/02\/Chapitre-10-La-golf-bleue.jpg","width":1024,"height":768,"caption":"A la recherche de la golf bleue de l'inconnu"},{"@type":"BreadcrumbList","@id":"https:\/\/ellington-photo.com\/ErosWalker\/linconnu-de-la-montagne-noire-10\/#breadcrumb","itemListElement":[{"@type":"ListItem","position":1,"name":"Accueil","item":"https:\/\/ellington-photo.com\/ErosWalker\/"},{"@type":"ListItem","position":2,"name":"L&rsquo;inconnu de la Montagne Noire (10)"}]},{"@type":"WebSite","@id":"https:\/\/ellington-photo.com\/ErosWalker\/#website","url":"https:\/\/ellington-photo.com\/ErosWalker\/","name":"Eros Walker Stories","description":"Litt\u00e9rature et images","publisher":{"@id":"https:\/\/ellington-photo.com\/ErosWalker\/#organization"},"potentialAction":[{"@type":"SearchAction","target":{"@type":"EntryPoint","urlTemplate":"https:\/\/ellington-photo.com\/ErosWalker\/?s={search_term_string}"},"query-input":{"@type":"PropertyValueSpecification","valueRequired":true,"valueName":"search_term_string"}}],"inLanguage":"fr-FR"},{"@type":"Organization","@id":"https:\/\/ellington-photo.com\/ErosWalker\/#organization","name":"Eros Walker Stories","url":"https:\/\/ellington-photo.com\/ErosWalker\/","logo":{"@type":"ImageObject","inLanguage":"fr-FR","@id":"https:\/\/ellington-photo.com\/ErosWalker\/#\/schema\/logo\/image\/","url":"https:\/\/ellington-photo.com\/ErosWalker\/wp-content\/uploads\/2025\/05\/Chat-Noir.jpg","contentUrl":"https:\/\/ellington-photo.com\/ErosWalker\/wp-content\/uploads\/2025\/05\/Chat-Noir.jpg","width":400,"height":391,"caption":"Eros Walker Stories"},"image":{"@id":"https:\/\/ellington-photo.com\/ErosWalker\/#\/schema\/logo\/image\/"},"sameAs":["https:\/\/www.linkedin.com\/in\/eros-walker-ab710a298\/"]}]}},"_links":{"self":[{"href":"https:\/\/ellington-photo.com\/ErosWalker\/wp-json\/wp\/v2\/pages\/580","targetHints":{"allow":["GET"]}}],"collection":[{"href":"https:\/\/ellington-photo.com\/ErosWalker\/wp-json\/wp\/v2\/pages"}],"about":[{"href":"https:\/\/ellington-photo.com\/ErosWalker\/wp-json\/wp\/v2\/types\/page"}],"author":[{"embeddable":true,"href":"https:\/\/ellington-photo.com\/ErosWalker\/wp-json\/wp\/v2\/users\/1"}],"replies":[{"embeddable":true,"href":"https:\/\/ellington-photo.com\/ErosWalker\/wp-json\/wp\/v2\/comments?post=580"}],"version-history":[{"count":2,"href":"https:\/\/ellington-photo.com\/ErosWalker\/wp-json\/wp\/v2\/pages\/580\/revisions"}],"predecessor-version":[{"id":588,"href":"https:\/\/ellington-photo.com\/ErosWalker\/wp-json\/wp\/v2\/pages\/580\/revisions\/588"}],"wp:featuredmedia":[{"embeddable":true,"href":"https:\/\/ellington-photo.com\/ErosWalker\/wp-json\/wp\/v2\/media\/585"}],"wp:attachment":[{"href":"https:\/\/ellington-photo.com\/ErosWalker\/wp-json\/wp\/v2\/media?parent=580"}],"curies":[{"name":"wp","href":"https:\/\/api.w.org\/{rel}","templated":true}]}}