{"id":554,"date":"2026-01-23T10:40:47","date_gmt":"2026-01-23T09:40:47","guid":{"rendered":"https:\/\/ellington-photo.com\/ErosWalker\/?page_id=554"},"modified":"2026-02-01T11:14:02","modified_gmt":"2026-02-01T10:14:02","slug":"linconnu-de-la-montagne-noire-6","status":"publish","type":"page","link":"https:\/\/ellington-photo.com\/ErosWalker\/linconnu-de-la-montagne-noire-6\/","title":{"rendered":"L&rsquo;inconnu de la Montagne Noire (6)"},"content":{"rendered":"\n<p class=\"has-medium-font-size\"><strong>Chapitre 6<\/strong><\/p>\n\n\n\n<p><strong>Mardi 30 septembre<\/strong><\/p>\n\n\n\n<p>Le Major Olivier Roumiac \u00e9tait toujours un des premiers arriv\u00e9s au bureau, caserne Courr\u00e8ge. Sa fonction au sein de la Section de Recherche le dispensait le plus souvent du port de l\u2019uniforme et son physique d\u2019ancien deuxi\u00e8me ligne ne laissait pas indiff\u00e9rent. Son sup\u00e9rieur lui avait attribu\u00e9 la veille une nouvelle affaire, le cadavre d\u2019un inconnu tu\u00e9 par balles, dans le sud du Tarn. Les documents pr\u00e9liminaires transmis par ses coll\u00e8gues de Labrugui\u00e8re ne donnaient gu\u00e8re de pr\u00e9cisions. Olivier attendait donc avec impatience de lire les premiers rapports du l\u00e9giste et des techniciens d\u2019identit\u00e9 judiciaire, les grattous, comme se plaisaient \u00e0 les appeler gentiment les coll\u00e8gues. Les documents esp\u00e9r\u00e9s l\u2019attendaient dans sa messagerie s\u00e9curis\u00e9e. Le major commen\u00e7a par le m\u00e9mo du l\u00e9giste. Le m\u00e9decin commen\u00e7ait par une longue liste de pr\u00e9cautions oratoires, n\u2019ayant pas encore proc\u00e9d\u00e9 \u00e0 l\u2019autopsie ni aux examens de routine.<\/p>\n\n\n\n<p>Le service de m\u00e9decine l\u00e9gale avait re\u00e7u le corps dans la nuit du vendredi au samedi et le docteur Malureau n\u2019avait pu l\u2019examiner que le samedi matin. Les premi\u00e8res constatations pr\u00e9sentaient l\u2019inconnu comme un homme caucasien, dont l\u2019\u00e2ge pouvait \u00eatre estim\u00e9 entre soixante et soixante-dix ans, de taille et de corpulence moyenne, un m\u00e8tre soixante-quinze pour soixante-dix kilos. Il ne lui \u00e9tait pas possible de se prononcer avec pr\u00e9cision sur la date de la mort, au mieux une fourchette entre quatre et huit jours. Le d\u00e9c\u00e8s \u00e9tait tr\u00e8s probablement d\u00fb aux blessures inflig\u00e9es par les projectiles re\u00e7us dans le thorax, l\u2019un d\u2019entre eux ayant vraisemblablement touch\u00e9 le c\u0153ur. Le m\u00e9decin pr\u00e9cisait un point int\u00e9ressant. Les trois impacts frontaux n\u2019\u00e9taient pas tr\u00e8s group\u00e9s et seulement deux orifices de sortie \u00e9taient visibles dans le dos. Une balle \u00e9tait donc probablement rest\u00e9e \u00e0 l\u2019int\u00e9rieur du corps, ce qui serait facilement v\u00e9rifiable sur les radiographies lors de l\u2019autopsie, programm\u00e9e pour le mardi apr\u00e8s midi. Le major \u00e9tait cordialement invit\u00e9 \u00e0 y assister.<\/p>\n\n\n\n<p>Roumiac referma le document et nota le rendez-vous macabre. Le compte-rendu des TIJ lui apporta des informations compl\u00e9mentaires. Il commen\u00e7a par l\u2019inventaire des v\u00eatements et objets trouv\u00e9s sur le cadavre.<\/p>\n\n\n\n<p>Sans surprise, aucun document d\u2019identit\u00e9 n\u2019avait \u00e9t\u00e9 trouv\u00e9 dans les poches, ni portefeuille, ni aucun papier administratif. En revanche, dans la poche du pantalon, on avait retrouv\u00e9 la note froiss\u00e9e d\u2019un h\u00f4tel de Castres, pour la p\u00e9riode du 15 au 23 septembre. Il y avait \u00e9galement quelques pi\u00e8ces de monnaie ainsi que la cl\u00e9 d\u2019une voiture de location, de la soci\u00e9t\u00e9 SIXT.<\/p>\n\n\n\n<p>Les v\u00eatements apportaient aussi quelques \u00e9l\u00e9ments. Le sp\u00e9cialiste mentionnait que la veste et le pantalon \u00e9taient de qualit\u00e9 m\u00e9diocre, assez usag\u00e9s, d\u2019un style tr\u00e8s d\u00e9mod\u00e9. Suivait la description des diff\u00e9rentes pi\u00e8ces. Les \u00e9tiquettes \u00e9taient encore pr\u00e9sentes mais peu lisibles, correspondant \u00e0 des marques inconnues du technicien. La chemise \u00e9tait, sans surprise, d\u00e9grad\u00e9e par les impacts et le sang, il n\u2019y avait toutefois pas de trace de br\u00fblure, signe que les coups de feu avaient \u00e9t\u00e9 port\u00e9s \u00e0 une distance assez importante, sup\u00e9rieure \u00e0 un m\u00e8tre.<\/p>\n\n\n\n<p>Concernant le lieu o\u00f9 le corps avait \u00e9t\u00e9 retrouv\u00e9, il \u00e9tait pr\u00e9cis\u00e9 qu\u2019aucun objet n\u2019avait \u00e9t\u00e9 retrouv\u00e9, pouvant appartenir \u00e0 la victime ou \u00e0 son ou ses assassins. Les projectiles en particulier n\u2019avaient pas \u00e9t\u00e9 localis\u00e9s, ni balles, ni \u00e9tuis. Le technicien pr\u00e9cisait que les douilles pouvaient avoir \u00e9t\u00e9 ramass\u00e9es et les balles perdues dans la v\u00e9g\u00e9tation. Les pr\u00e9l\u00e8vements de sol ne montraient pas de traces significatives du sang de la victime. La disposition du corps ne correspondait pas non plus \u00e0 un d\u00e9c\u00e8s sur place. Il semblait donc probable que le corps avait \u00e9t\u00e9 d\u00e9plac\u00e9 post-mortem.<\/p>\n\n\n\n<p>Le major consulta ses notes. L\u2019autopsie lui en dirait plus un peu plus tard, mais il y avait d\u00e9j\u00e0 quelques pistes \u00e0 creuser sans attendre. Il se connecta en premier sur internet pour en savoir un peu plus sur l\u2019h\u00f4tel dans lequel la victime avait s\u00e9journ\u00e9. L\u2019\u00e9tablissement \u00e9tait situ\u00e9 en centre-ville, \u00e0 proximit\u00e9 de l\u2019Agout, la rivi\u00e8re traversant la ville. C\u2019\u00e9tait un h\u00f4tel modeste, mais les photos montraient des chambres simples et propres. Roumiac composa le num\u00e9ro. Une voix d\u00e9crocha rapidement, lui demandant de patienter en ligne. Pendant quelques minutes, il entendit quelques bribes de conversation. Compte-tenu de l\u2019heure, il comprit qu\u2019il s\u2019agissait de clients r\u00e9glant leur note. La voix reprit le combin\u00e9. Le major se pr\u00e9senta rapidement et expliqua l\u2019objet de son appel, sans mentionner le d\u00e9c\u00e8s de la personne en question.<\/p>\n\n\n\n<p>\u2014 En effet, les dates que vous mentionnez correspondent \u00e0 deux clients chez nous, je pr\u00e9cise que c\u2019\u00e9tait deux voyageurs distincts.<\/p>\n\n\n\n<p>\u2014 La personne qui m\u2019int\u00e9resse portait peut-\u00eatre une tenue remarquable, une chemise bleue \u00e0 fleurs et une cravate de tricot verte, d\u2019un style d\u00e9mod\u00e9, la soixantaine.<\/p>\n\n\n\n<p>\u2014 Oui, je vois tout \u00e0 fait de qui vous parlez. Il a effectu\u00e9 sa r\u00e9servation via un site en ligne, sous le nom de Klaus Bauer. Il parlait plut\u00f4t bien le fran\u00e7ais, mais avec un accent germanique bien marqu\u00e9.<\/p>\n\n\n\n<p>\u2014 Savez-vous s\u2019il a une voiture&nbsp;?<\/p>\n\n\n\n<p>\u2014 Oui, il a demand\u00e9 \u00e0 utiliser notre parking. J\u2019ai not\u00e9 sur le registre une Volkswagen Golf, bleu sombre.<\/p>\n\n\n\n<p>\u2014 Je vous remercie, je ne vais pas abuser de votre temps, vous devez avoir du monde au comptoir, je passerai peut-\u00eatre reparler avec vous prochainement.<\/p>\n\n\n\n<p>Olivier raccrocha et nota les informations recueillies. Il \u00e9tait neuf heures, l\u2019heure de la pause caf\u00e9 et du premier briefing. Il avait maintenant quelques pistes sur lesquelles faire travailler son \u00e9quipe.<\/p>\n\n\n\n<p><a href=\"https:\/\/ellington-photo.com\/ErosWalker\/linconnu-de-la-montagne-noire-7\/\">Lire la suite<\/a><\/p>\n","protected":false},"excerpt":{"rendered":"<p>Chapitre 6 Mardi 30 septembre Le Major Olivier Roumiac \u00e9tait toujours un des premiers arriv\u00e9s au bureau, caserne Courr\u00e8ge. Sa fonction au sein de la Section de Recherche le dispensait le plus souvent du port de l\u2019uniforme et son physique d\u2019ancien deuxi\u00e8me ligne ne laissait &hellip; <\/p>\n","protected":false},"author":1,"featured_media":558,"parent":0,"menu_order":0,"comment_status":"closed","ping_status":"closed","template":"","meta":{"footnotes":""},"class_list":["post-554","page","type-page","status-publish","has-post-thumbnail","hentry"],"yoast_head":"<!-- This site is optimized with the Yoast SEO plugin v27.5 - https:\/\/yoast.com\/product\/yoast-seo-wordpress\/ -->\n<title>L&#039;inconnu de la Montagne Noire (6) - Eros Walker Stories<\/title>\n<meta name=\"robots\" content=\"index, follow, max-snippet:-1, max-image-preview:large, max-video-preview:-1\" \/>\n<link rel=\"canonical\" href=\"https:\/\/ellington-photo.com\/ErosWalker\/linconnu-de-la-montagne-noire-6\/\" \/>\n<meta property=\"og:locale\" content=\"fr_FR\" \/>\n<meta property=\"og:type\" content=\"article\" \/>\n<meta property=\"og:title\" content=\"L&#039;inconnu de la Montagne Noire (6) - Eros Walker Stories\" \/>\n<meta property=\"og:description\" content=\"Chapitre 6 Mardi 30 septembre Le Major Olivier Roumiac \u00e9tait toujours un des premiers arriv\u00e9s au bureau, caserne Courr\u00e8ge. Sa fonction au sein de la Section de Recherche le dispensait le plus souvent du port de l\u2019uniforme et son physique d\u2019ancien deuxi\u00e8me ligne ne laissait &hellip;\" \/>\n<meta property=\"og:url\" content=\"https:\/\/ellington-photo.com\/ErosWalker\/linconnu-de-la-montagne-noire-6\/\" \/>\n<meta property=\"og:site_name\" content=\"Eros Walker Stories\" \/>\n<meta property=\"article:modified_time\" content=\"2026-02-01T10:14:02+00:00\" \/>\n<meta property=\"og:image\" content=\"https:\/\/ellington-photo.com\/ErosWalker\/wp-content\/uploads\/2026\/01\/Chapitre-6-Le-labo-des-TIJ.jpg\" \/>\n\t<meta property=\"og:image:width\" content=\"1024\" \/>\n\t<meta property=\"og:image:height\" content=\"768\" \/>\n\t<meta property=\"og:image:type\" content=\"image\/jpeg\" \/>\n<meta name=\"twitter:card\" content=\"summary_large_image\" \/>\n<meta name=\"twitter:label1\" content=\"Dur\u00e9e de lecture estim\u00e9e\" \/>\n\t<meta name=\"twitter:data1\" content=\"5 minutes\" \/>\n<script type=\"application\/ld+json\" class=\"yoast-schema-graph\">{\"@context\":\"https:\\\/\\\/schema.org\",\"@graph\":[{\"@type\":\"WebPage\",\"@id\":\"https:\\\/\\\/ellington-photo.com\\\/ErosWalker\\\/linconnu-de-la-montagne-noire-6\\\/\",\"url\":\"https:\\\/\\\/ellington-photo.com\\\/ErosWalker\\\/linconnu-de-la-montagne-noire-6\\\/\",\"name\":\"L'inconnu de la Montagne Noire (6) - Eros Walker Stories\",\"isPartOf\":{\"@id\":\"https:\\\/\\\/ellington-photo.com\\\/ErosWalker\\\/#website\"},\"primaryImageOfPage\":{\"@id\":\"https:\\\/\\\/ellington-photo.com\\\/ErosWalker\\\/linconnu-de-la-montagne-noire-6\\\/#primaryimage\"},\"image\":{\"@id\":\"https:\\\/\\\/ellington-photo.com\\\/ErosWalker\\\/linconnu-de-la-montagne-noire-6\\\/#primaryimage\"},\"thumbnailUrl\":\"https:\\\/\\\/ellington-photo.com\\\/ErosWalker\\\/wp-content\\\/uploads\\\/2026\\\/01\\\/Chapitre-6-Le-labo-des-TIJ.jpg\",\"datePublished\":\"2026-01-23T09:40:47+00:00\",\"dateModified\":\"2026-02-01T10:14:02+00:00\",\"breadcrumb\":{\"@id\":\"https:\\\/\\\/ellington-photo.com\\\/ErosWalker\\\/linconnu-de-la-montagne-noire-6\\\/#breadcrumb\"},\"inLanguage\":\"fr-FR\",\"potentialAction\":[{\"@type\":\"ReadAction\",\"target\":[\"https:\\\/\\\/ellington-photo.com\\\/ErosWalker\\\/linconnu-de-la-montagne-noire-6\\\/\"]}]},{\"@type\":\"ImageObject\",\"inLanguage\":\"fr-FR\",\"@id\":\"https:\\\/\\\/ellington-photo.com\\\/ErosWalker\\\/linconnu-de-la-montagne-noire-6\\\/#primaryimage\",\"url\":\"https:\\\/\\\/ellington-photo.com\\\/ErosWalker\\\/wp-content\\\/uploads\\\/2026\\\/01\\\/Chapitre-6-Le-labo-des-TIJ.jpg\",\"contentUrl\":\"https:\\\/\\\/ellington-photo.com\\\/ErosWalker\\\/wp-content\\\/uploads\\\/2026\\\/01\\\/Chapitre-6-Le-labo-des-TIJ.jpg\",\"width\":1024,\"height\":768},{\"@type\":\"BreadcrumbList\",\"@id\":\"https:\\\/\\\/ellington-photo.com\\\/ErosWalker\\\/linconnu-de-la-montagne-noire-6\\\/#breadcrumb\",\"itemListElement\":[{\"@type\":\"ListItem\",\"position\":1,\"name\":\"Accueil\",\"item\":\"https:\\\/\\\/ellington-photo.com\\\/ErosWalker\\\/\"},{\"@type\":\"ListItem\",\"position\":2,\"name\":\"L&rsquo;inconnu de la Montagne Noire (6)\"}]},{\"@type\":\"WebSite\",\"@id\":\"https:\\\/\\\/ellington-photo.com\\\/ErosWalker\\\/#website\",\"url\":\"https:\\\/\\\/ellington-photo.com\\\/ErosWalker\\\/\",\"name\":\"Eros Walker Stories\",\"description\":\"Litt\u00e9rature et images\",\"publisher\":{\"@id\":\"https:\\\/\\\/ellington-photo.com\\\/ErosWalker\\\/#organization\"},\"potentialAction\":[{\"@type\":\"SearchAction\",\"target\":{\"@type\":\"EntryPoint\",\"urlTemplate\":\"https:\\\/\\\/ellington-photo.com\\\/ErosWalker\\\/?s={search_term_string}\"},\"query-input\":{\"@type\":\"PropertyValueSpecification\",\"valueRequired\":true,\"valueName\":\"search_term_string\"}}],\"inLanguage\":\"fr-FR\"},{\"@type\":\"Organization\",\"@id\":\"https:\\\/\\\/ellington-photo.com\\\/ErosWalker\\\/#organization\",\"name\":\"Eros Walker Stories\",\"url\":\"https:\\\/\\\/ellington-photo.com\\\/ErosWalker\\\/\",\"logo\":{\"@type\":\"ImageObject\",\"inLanguage\":\"fr-FR\",\"@id\":\"https:\\\/\\\/ellington-photo.com\\\/ErosWalker\\\/#\\\/schema\\\/logo\\\/image\\\/\",\"url\":\"https:\\\/\\\/ellington-photo.com\\\/ErosWalker\\\/wp-content\\\/uploads\\\/2025\\\/05\\\/Chat-Noir.jpg\",\"contentUrl\":\"https:\\\/\\\/ellington-photo.com\\\/ErosWalker\\\/wp-content\\\/uploads\\\/2025\\\/05\\\/Chat-Noir.jpg\",\"width\":400,\"height\":391,\"caption\":\"Eros Walker Stories\"},\"image\":{\"@id\":\"https:\\\/\\\/ellington-photo.com\\\/ErosWalker\\\/#\\\/schema\\\/logo\\\/image\\\/\"},\"sameAs\":[\"https:\\\/\\\/www.linkedin.com\\\/in\\\/eros-walker-ab710a298\\\/\"]}]}<\/script>\n<!-- \/ Yoast SEO plugin. -->","yoast_head_json":{"title":"L'inconnu de la Montagne Noire (6) - Eros Walker Stories","robots":{"index":"index","follow":"follow","max-snippet":"max-snippet:-1","max-image-preview":"max-image-preview:large","max-video-preview":"max-video-preview:-1"},"canonical":"https:\/\/ellington-photo.com\/ErosWalker\/linconnu-de-la-montagne-noire-6\/","og_locale":"fr_FR","og_type":"article","og_title":"L'inconnu de la Montagne Noire (6) - Eros Walker Stories","og_description":"Chapitre 6 Mardi 30 septembre Le Major Olivier Roumiac \u00e9tait toujours un des premiers arriv\u00e9s au bureau, caserne Courr\u00e8ge. Sa fonction au sein de la Section de Recherche le dispensait le plus souvent du port de l\u2019uniforme et son physique d\u2019ancien deuxi\u00e8me ligne ne laissait &hellip;","og_url":"https:\/\/ellington-photo.com\/ErosWalker\/linconnu-de-la-montagne-noire-6\/","og_site_name":"Eros Walker Stories","article_modified_time":"2026-02-01T10:14:02+00:00","og_image":[{"width":1024,"height":768,"url":"https:\/\/ellington-photo.com\/ErosWalker\/wp-content\/uploads\/2026\/01\/Chapitre-6-Le-labo-des-TIJ.jpg","type":"image\/jpeg"}],"twitter_card":"summary_large_image","twitter_misc":{"Dur\u00e9e de lecture estim\u00e9e":"5 minutes"},"schema":{"@context":"https:\/\/schema.org","@graph":[{"@type":"WebPage","@id":"https:\/\/ellington-photo.com\/ErosWalker\/linconnu-de-la-montagne-noire-6\/","url":"https:\/\/ellington-photo.com\/ErosWalker\/linconnu-de-la-montagne-noire-6\/","name":"L'inconnu de la Montagne Noire (6) - Eros Walker Stories","isPartOf":{"@id":"https:\/\/ellington-photo.com\/ErosWalker\/#website"},"primaryImageOfPage":{"@id":"https:\/\/ellington-photo.com\/ErosWalker\/linconnu-de-la-montagne-noire-6\/#primaryimage"},"image":{"@id":"https:\/\/ellington-photo.com\/ErosWalker\/linconnu-de-la-montagne-noire-6\/#primaryimage"},"thumbnailUrl":"https:\/\/ellington-photo.com\/ErosWalker\/wp-content\/uploads\/2026\/01\/Chapitre-6-Le-labo-des-TIJ.jpg","datePublished":"2026-01-23T09:40:47+00:00","dateModified":"2026-02-01T10:14:02+00:00","breadcrumb":{"@id":"https:\/\/ellington-photo.com\/ErosWalker\/linconnu-de-la-montagne-noire-6\/#breadcrumb"},"inLanguage":"fr-FR","potentialAction":[{"@type":"ReadAction","target":["https:\/\/ellington-photo.com\/ErosWalker\/linconnu-de-la-montagne-noire-6\/"]}]},{"@type":"ImageObject","inLanguage":"fr-FR","@id":"https:\/\/ellington-photo.com\/ErosWalker\/linconnu-de-la-montagne-noire-6\/#primaryimage","url":"https:\/\/ellington-photo.com\/ErosWalker\/wp-content\/uploads\/2026\/01\/Chapitre-6-Le-labo-des-TIJ.jpg","contentUrl":"https:\/\/ellington-photo.com\/ErosWalker\/wp-content\/uploads\/2026\/01\/Chapitre-6-Le-labo-des-TIJ.jpg","width":1024,"height":768},{"@type":"BreadcrumbList","@id":"https:\/\/ellington-photo.com\/ErosWalker\/linconnu-de-la-montagne-noire-6\/#breadcrumb","itemListElement":[{"@type":"ListItem","position":1,"name":"Accueil","item":"https:\/\/ellington-photo.com\/ErosWalker\/"},{"@type":"ListItem","position":2,"name":"L&rsquo;inconnu de la Montagne Noire (6)"}]},{"@type":"WebSite","@id":"https:\/\/ellington-photo.com\/ErosWalker\/#website","url":"https:\/\/ellington-photo.com\/ErosWalker\/","name":"Eros Walker Stories","description":"Litt\u00e9rature et images","publisher":{"@id":"https:\/\/ellington-photo.com\/ErosWalker\/#organization"},"potentialAction":[{"@type":"SearchAction","target":{"@type":"EntryPoint","urlTemplate":"https:\/\/ellington-photo.com\/ErosWalker\/?s={search_term_string}"},"query-input":{"@type":"PropertyValueSpecification","valueRequired":true,"valueName":"search_term_string"}}],"inLanguage":"fr-FR"},{"@type":"Organization","@id":"https:\/\/ellington-photo.com\/ErosWalker\/#organization","name":"Eros Walker Stories","url":"https:\/\/ellington-photo.com\/ErosWalker\/","logo":{"@type":"ImageObject","inLanguage":"fr-FR","@id":"https:\/\/ellington-photo.com\/ErosWalker\/#\/schema\/logo\/image\/","url":"https:\/\/ellington-photo.com\/ErosWalker\/wp-content\/uploads\/2025\/05\/Chat-Noir.jpg","contentUrl":"https:\/\/ellington-photo.com\/ErosWalker\/wp-content\/uploads\/2025\/05\/Chat-Noir.jpg","width":400,"height":391,"caption":"Eros Walker Stories"},"image":{"@id":"https:\/\/ellington-photo.com\/ErosWalker\/#\/schema\/logo\/image\/"},"sameAs":["https:\/\/www.linkedin.com\/in\/eros-walker-ab710a298\/"]}]}},"_links":{"self":[{"href":"https:\/\/ellington-photo.com\/ErosWalker\/wp-json\/wp\/v2\/pages\/554","targetHints":{"allow":["GET"]}}],"collection":[{"href":"https:\/\/ellington-photo.com\/ErosWalker\/wp-json\/wp\/v2\/pages"}],"about":[{"href":"https:\/\/ellington-photo.com\/ErosWalker\/wp-json\/wp\/v2\/types\/page"}],"author":[{"embeddable":true,"href":"https:\/\/ellington-photo.com\/ErosWalker\/wp-json\/wp\/v2\/users\/1"}],"replies":[{"embeddable":true,"href":"https:\/\/ellington-photo.com\/ErosWalker\/wp-json\/wp\/v2\/comments?post=554"}],"version-history":[{"count":3,"href":"https:\/\/ellington-photo.com\/ErosWalker\/wp-json\/wp\/v2\/pages\/554\/revisions"}],"predecessor-version":[{"id":573,"href":"https:\/\/ellington-photo.com\/ErosWalker\/wp-json\/wp\/v2\/pages\/554\/revisions\/573"}],"wp:featuredmedia":[{"embeddable":true,"href":"https:\/\/ellington-photo.com\/ErosWalker\/wp-json\/wp\/v2\/media\/558"}],"wp:attachment":[{"href":"https:\/\/ellington-photo.com\/ErosWalker\/wp-json\/wp\/v2\/media?parent=554"}],"curies":[{"name":"wp","href":"https:\/\/api.w.org\/{rel}","templated":true}]}}