{"id":533,"date":"2026-01-19T12:21:20","date_gmt":"2026-01-19T11:21:20","guid":{"rendered":"https:\/\/ellington-photo.com\/ErosWalker\/?page_id=533"},"modified":"2026-01-20T16:47:23","modified_gmt":"2026-01-20T15:47:23","slug":"linconnu-de-la-montagne-noire","status":"publish","type":"page","link":"https:\/\/ellington-photo.com\/ErosWalker\/linconnu-de-la-montagne-noire\/","title":{"rendered":"L&rsquo;inconnu de la Montagne Noire (3)"},"content":{"rendered":"\n<p class=\"has-medium-font-size\"><strong>Chapitre 3<\/strong><\/p>\n\n\n\n<p><strong>Vendredi 26 septembre<\/strong><\/p>\n\n\n\n<p>Il \u00e9tait seize heures trente quand le portable de Guilhem sonna pour annoncer l\u2019arriv\u00e9e des gendarmes. Les deux hommes sortirent sur la place du village pour les accueillir. La Dacia Duster se gara \u00e0 c\u00f4t\u00e9 du C15 et deux fonctionnaires en sortirent, un homme corpulent d\u2019une cinquantaine d\u2019ann\u00e9es, portant des galons d\u2019adjudant, accompagn\u00e9 d\u2019une jeune femme d\u2019allure sportive, avec les trois barrettes obliques de mar\u00e9chal des logis chef.<\/p>\n\n\n\n<p>L\u2019homme se pr\u00e9senta comme l\u2019adjudant Moncade, la femme comme Juliette Florent, en ne pr\u00e9cisant pas son grade.<\/p>\n\n\n\n<p>\u2014 Guilhem Alric, c\u2019est moi qui vous ai appel\u00e9s.<\/p>\n\n\n\n<p>\u2014 Et moi, c\u2019est Miquel Pujol, je suis l\u2019ancien maire d\u2019Arfons. Je connais \u00e0 peu pr\u00e8s tout le monde ici.<\/p>\n\n\n\n<p>\u2014 Tr\u00e8s bien, r\u00e9pondit l\u2019adjudant, ne perdons pas trop de temps, la nuit va bient\u00f4t tomber. Montrez-nous le chemin.<\/p>\n\n\n\n<p>\u2014 Je vous accompagne, proposa Pujol, comme je vous l\u2019ai dit, je connais beaucoup de monde, je reconnaitrai peut-\u00eatre l\u2019individu.<\/p>\n\n\n\n<p>\u2014 C\u2019est un homme, pr\u00e9cisa Guilhem, mais moi je crois que je ne l\u2019ai jamais vu.<\/p>\n\n\n\n<p>Guilhem sortit du village par la route des Escudi\u00e8s, puis quitta le bitume au niveau du Plo del May. Il roula encore quelques centaines de m\u00e8tres sur un chemin d\u00e9fonc\u00e9 avant de s\u2019arr\u00eater.<\/p>\n\n\n\n<p>\u2014 Nous y sommes, d\u00e9clara Alric aux deux gendarmes. Le corps se trouve un peu plus haut.<\/p>\n\n\n\n<p>\u2014 Allons-y&nbsp;!<\/p>\n\n\n\n<p>Quelques minutes plus tard, Guilhem indiqua les marques qu\u2019il avait laiss\u00e9es.<\/p>\n\n\n\n<p>\u2014 C\u2019est l\u00e0, j\u2019ai marqu\u00e9 l\u2019endroit. C\u2019est mon chien qui l\u2019a trouv\u00e9, moi j\u2019aurais pu passer \u00e0 c\u00f4t\u00e9 sans rien voir.<\/p>\n\n\n\n<p>\u2014 C\u2019est vous qui l\u2019avez d\u00e9gag\u00e9&nbsp;? demand\u00e9 l\u2019adjudant.<\/p>\n\n\n\n<p>\u2014 Oui, Marti, mon chien, tournait autour en grognant, j\u2019ai voulu voir ce qui le perturbait. Au d\u00e9but j\u2019ai pens\u00e9 \u00e0 une charogne d\u2019animal, abandonn\u00e9e par des chasseurs, mais quand j\u2019ai vu la main, j\u2019ai voulu en savoir un peu plus, puis je suis descendu pour vous pr\u00e9venir.<\/p>\n\n\n\n<p>\u2014 Juliette, descends \u00e0 la voiture et appelle la brigade, qu\u2019ils pr\u00e9viennent le procureur et les techniciens.<\/p>\n\n\n\n<p>\u2014 Il n\u2019y a pas de r\u00e9seau ici&nbsp;!<\/p>\n\n\n\n<p>\u2014 La radio fonctionne tr\u00e8s bien, ne vous inqui\u00e9tez pas.<\/p>\n\n\n\n<p>Miquel Pujol \u00e9tait rest\u00e9 un peu en retrait. Il s\u2019approcha pour examiner le cadavre.<\/p>\n\n\n\n<p>\u2014 Vous le reconnaissez&nbsp;? demanda Moncade.<\/p>\n\n\n\n<p>\u2014 Non, ce n\u2019est pas facile avec tous ces asticots, mais je ne crois pas avoir vu cet homme auparavant, et ses v\u00eatements ne me disent rien, ce n\u2019est pas une tenue courante par ici.<\/p>\n\n\n\n<p>Guilhem regarda plus attentivement le corps toujours partiellement couvert de feuilles. L\u2019homme portait une veste de costume sombre, sur une chemise bleue imprim\u00e9e de petits motifs floraux ferm\u00e9e par une cravate tricot\u00e9e verte. Pujol avait raison, cette ensemble n\u2019\u00e9tait pas banal.<\/p>\n\n\n\n<p>\u2014 Je vous remercie, mais je n\u2019aurai plus besoin de vous maintenant. Vous pouvez regagner vos domiciles. Laissez juste vos identit\u00e9s compl\u00e8tes et adresses \u00e0 ma coll\u00e8gue en descendant.<\/p>\n\n\n\n<p>\u2014 Vous nous tiendrez au courant, demanda l\u2019ancien maire&nbsp;?<\/p>\n\n\n\n<p>\u2014 Ce n\u2019est pas pr\u00e9vu dans la proc\u00e9dure, mais je pense que vous aurez prochainement des nouvelles en lisant la D\u00e9p\u00eache.<\/p>\n\n\n\n<p>Les deux hommes se regard\u00e8rent un instant, d\u00e9pit\u00e9s, puis se conform\u00e8rent aux directives du gendarme. Arriv\u00e9s au niveau des voitures, ils se dirig\u00e8rent vers la Dacia o\u00f9 la jeune femme \u00e9tait affair\u00e9e sur un ordinateur encastr\u00e9 dans le tableau de bord.<\/p>\n\n\n\n<p>\u2014 Votre chef nous a demand\u00e9 de vous laisser nos coordonn\u00e9es et de redescendre.<\/p>\n\n\n\n<p>\u2014 Oui, je vais noter vos noms et adresses et on vous contactera si nous avons besoin d\u2019informations compl\u00e9mentaires.<\/p>\n\n\n\n<p>\u2014 Qu\u2019est-ce qui va se passer maintenant&nbsp;? demanda Guilhem.<\/p>\n\n\n\n<p>\u2014 Une \u00e9quipe de techniciens vient de se mettre en route, mais il va leur falloir un peu de temps, ils viennent de Toulouse. Le parquet de Castres a \u00e9t\u00e9 inform\u00e9, le procureur enverra s\u00fbrement quelqu\u2019un, le m\u00e9decin l\u00e9giste va aussi se d\u00e9placer pour faire les constatations, puis le corps sera envoy\u00e9 \u00e0 l\u2019institut m\u00e9dico-l\u00e9gal pour autopsie. \u00c7a va prendre un peu de temps, on est l\u00e0 pour une partie de la nuit.<\/p>\n\n\n\n<p><a href=\"https:\/\/ellington-photo.com\/ErosWalker\/linconnu-de-la-montagne-noire-4\/\" type=\"link\" id=\"https:\/\/ellington-photo.com\/ErosWalker\/linconnu-de-la-montagne-noire-4\/\">Lire la suite<\/a><\/p>\n\n\n\n<p><\/p>\n","protected":false},"excerpt":{"rendered":"<p>Chapitre 3 Vendredi 26 septembre Il \u00e9tait seize heures trente quand le portable de Guilhem sonna pour annoncer l\u2019arriv\u00e9e des gendarmes. Les deux hommes sortirent sur la place du village pour les accueillir. La Dacia Duster se gara \u00e0 c\u00f4t\u00e9 du C15 et deux fonctionnaires &hellip; <\/p>\n","protected":false},"author":1,"featured_media":534,"parent":0,"menu_order":0,"comment_status":"closed","ping_status":"closed","template":"","meta":{"footnotes":""},"class_list":["post-533","page","type-page","status-publish","has-post-thumbnail","hentry"],"yoast_head":"<!-- This site is optimized with the Yoast SEO plugin v27.4 - https:\/\/yoast.com\/product\/yoast-seo-wordpress\/ -->\n<title>L&#039;inconnu de la Montagne Noire (3) - Eros Walker Stories<\/title>\n<meta name=\"robots\" content=\"index, follow, max-snippet:-1, max-image-preview:large, max-video-preview:-1\" \/>\n<link rel=\"canonical\" href=\"https:\/\/ellington-photo.com\/ErosWalker\/linconnu-de-la-montagne-noire\/\" \/>\n<meta property=\"og:locale\" content=\"fr_FR\" \/>\n<meta property=\"og:type\" content=\"article\" \/>\n<meta property=\"og:title\" content=\"L&#039;inconnu de la Montagne Noire (3) - Eros Walker Stories\" \/>\n<meta property=\"og:description\" content=\"Chapitre 3 Vendredi 26 septembre Il \u00e9tait seize heures trente quand le portable de Guilhem sonna pour annoncer l\u2019arriv\u00e9e des gendarmes. Les deux hommes sortirent sur la place du village pour les accueillir. La Dacia Duster se gara \u00e0 c\u00f4t\u00e9 du C15 et deux fonctionnaires &hellip;\" \/>\n<meta property=\"og:url\" content=\"https:\/\/ellington-photo.com\/ErosWalker\/linconnu-de-la-montagne-noire\/\" \/>\n<meta property=\"og:site_name\" content=\"Eros Walker Stories\" \/>\n<meta property=\"article:modified_time\" content=\"2026-01-20T15:47:23+00:00\" \/>\n<meta property=\"og:image\" content=\"https:\/\/ellington-photo.com\/ErosWalker\/wp-content\/uploads\/2026\/01\/Chapitre-3-Avec-les-gendarmes-dans-la-montagne.jpg\" \/>\n\t<meta property=\"og:image:width\" content=\"1024\" \/>\n\t<meta property=\"og:image:height\" content=\"768\" \/>\n\t<meta property=\"og:image:type\" content=\"image\/jpeg\" \/>\n<meta name=\"twitter:card\" content=\"summary_large_image\" \/>\n<meta name=\"twitter:label1\" content=\"Dur\u00e9e de lecture estim\u00e9e\" \/>\n\t<meta name=\"twitter:data1\" content=\"4 minutes\" \/>\n<script type=\"application\/ld+json\" class=\"yoast-schema-graph\">{\"@context\":\"https:\\\/\\\/schema.org\",\"@graph\":[{\"@type\":\"WebPage\",\"@id\":\"https:\\\/\\\/ellington-photo.com\\\/ErosWalker\\\/linconnu-de-la-montagne-noire\\\/\",\"url\":\"https:\\\/\\\/ellington-photo.com\\\/ErosWalker\\\/linconnu-de-la-montagne-noire\\\/\",\"name\":\"L'inconnu de la Montagne Noire (3) - Eros Walker Stories\",\"isPartOf\":{\"@id\":\"https:\\\/\\\/ellington-photo.com\\\/ErosWalker\\\/#website\"},\"primaryImageOfPage\":{\"@id\":\"https:\\\/\\\/ellington-photo.com\\\/ErosWalker\\\/linconnu-de-la-montagne-noire\\\/#primaryimage\"},\"image\":{\"@id\":\"https:\\\/\\\/ellington-photo.com\\\/ErosWalker\\\/linconnu-de-la-montagne-noire\\\/#primaryimage\"},\"thumbnailUrl\":\"https:\\\/\\\/ellington-photo.com\\\/ErosWalker\\\/wp-content\\\/uploads\\\/2026\\\/01\\\/Chapitre-3-Avec-les-gendarmes-dans-la-montagne.jpg\",\"datePublished\":\"2026-01-19T11:21:20+00:00\",\"dateModified\":\"2026-01-20T15:47:23+00:00\",\"breadcrumb\":{\"@id\":\"https:\\\/\\\/ellington-photo.com\\\/ErosWalker\\\/linconnu-de-la-montagne-noire\\\/#breadcrumb\"},\"inLanguage\":\"fr-FR\",\"potentialAction\":[{\"@type\":\"ReadAction\",\"target\":[\"https:\\\/\\\/ellington-photo.com\\\/ErosWalker\\\/linconnu-de-la-montagne-noire\\\/\"]}]},{\"@type\":\"ImageObject\",\"inLanguage\":\"fr-FR\",\"@id\":\"https:\\\/\\\/ellington-photo.com\\\/ErosWalker\\\/linconnu-de-la-montagne-noire\\\/#primaryimage\",\"url\":\"https:\\\/\\\/ellington-photo.com\\\/ErosWalker\\\/wp-content\\\/uploads\\\/2026\\\/01\\\/Chapitre-3-Avec-les-gendarmes-dans-la-montagne.jpg\",\"contentUrl\":\"https:\\\/\\\/ellington-photo.com\\\/ErosWalker\\\/wp-content\\\/uploads\\\/2026\\\/01\\\/Chapitre-3-Avec-les-gendarmes-dans-la-montagne.jpg\",\"width\":1024,\"height\":768},{\"@type\":\"BreadcrumbList\",\"@id\":\"https:\\\/\\\/ellington-photo.com\\\/ErosWalker\\\/linconnu-de-la-montagne-noire\\\/#breadcrumb\",\"itemListElement\":[{\"@type\":\"ListItem\",\"position\":1,\"name\":\"Accueil\",\"item\":\"https:\\\/\\\/ellington-photo.com\\\/ErosWalker\\\/\"},{\"@type\":\"ListItem\",\"position\":2,\"name\":\"L&rsquo;inconnu de la Montagne Noire (3)\"}]},{\"@type\":\"WebSite\",\"@id\":\"https:\\\/\\\/ellington-photo.com\\\/ErosWalker\\\/#website\",\"url\":\"https:\\\/\\\/ellington-photo.com\\\/ErosWalker\\\/\",\"name\":\"Eros Walker Stories\",\"description\":\"Litt\u00e9rature et images\",\"publisher\":{\"@id\":\"https:\\\/\\\/ellington-photo.com\\\/ErosWalker\\\/#organization\"},\"potentialAction\":[{\"@type\":\"SearchAction\",\"target\":{\"@type\":\"EntryPoint\",\"urlTemplate\":\"https:\\\/\\\/ellington-photo.com\\\/ErosWalker\\\/?s={search_term_string}\"},\"query-input\":{\"@type\":\"PropertyValueSpecification\",\"valueRequired\":true,\"valueName\":\"search_term_string\"}}],\"inLanguage\":\"fr-FR\"},{\"@type\":\"Organization\",\"@id\":\"https:\\\/\\\/ellington-photo.com\\\/ErosWalker\\\/#organization\",\"name\":\"Eros Walker Stories\",\"url\":\"https:\\\/\\\/ellington-photo.com\\\/ErosWalker\\\/\",\"logo\":{\"@type\":\"ImageObject\",\"inLanguage\":\"fr-FR\",\"@id\":\"https:\\\/\\\/ellington-photo.com\\\/ErosWalker\\\/#\\\/schema\\\/logo\\\/image\\\/\",\"url\":\"https:\\\/\\\/ellington-photo.com\\\/ErosWalker\\\/wp-content\\\/uploads\\\/2025\\\/05\\\/Chat-Noir.jpg\",\"contentUrl\":\"https:\\\/\\\/ellington-photo.com\\\/ErosWalker\\\/wp-content\\\/uploads\\\/2025\\\/05\\\/Chat-Noir.jpg\",\"width\":400,\"height\":391,\"caption\":\"Eros Walker Stories\"},\"image\":{\"@id\":\"https:\\\/\\\/ellington-photo.com\\\/ErosWalker\\\/#\\\/schema\\\/logo\\\/image\\\/\"},\"sameAs\":[\"https:\\\/\\\/www.linkedin.com\\\/in\\\/eros-walker-ab710a298\\\/\"]}]}<\/script>\n<!-- \/ Yoast SEO plugin. -->","yoast_head_json":{"title":"L'inconnu de la Montagne Noire (3) - Eros Walker Stories","robots":{"index":"index","follow":"follow","max-snippet":"max-snippet:-1","max-image-preview":"max-image-preview:large","max-video-preview":"max-video-preview:-1"},"canonical":"https:\/\/ellington-photo.com\/ErosWalker\/linconnu-de-la-montagne-noire\/","og_locale":"fr_FR","og_type":"article","og_title":"L'inconnu de la Montagne Noire (3) - Eros Walker Stories","og_description":"Chapitre 3 Vendredi 26 septembre Il \u00e9tait seize heures trente quand le portable de Guilhem sonna pour annoncer l\u2019arriv\u00e9e des gendarmes. Les deux hommes sortirent sur la place du village pour les accueillir. La Dacia Duster se gara \u00e0 c\u00f4t\u00e9 du C15 et deux fonctionnaires &hellip;","og_url":"https:\/\/ellington-photo.com\/ErosWalker\/linconnu-de-la-montagne-noire\/","og_site_name":"Eros Walker Stories","article_modified_time":"2026-01-20T15:47:23+00:00","og_image":[{"width":1024,"height":768,"url":"https:\/\/ellington-photo.com\/ErosWalker\/wp-content\/uploads\/2026\/01\/Chapitre-3-Avec-les-gendarmes-dans-la-montagne.jpg","type":"image\/jpeg"}],"twitter_card":"summary_large_image","twitter_misc":{"Dur\u00e9e de lecture estim\u00e9e":"4 minutes"},"schema":{"@context":"https:\/\/schema.org","@graph":[{"@type":"WebPage","@id":"https:\/\/ellington-photo.com\/ErosWalker\/linconnu-de-la-montagne-noire\/","url":"https:\/\/ellington-photo.com\/ErosWalker\/linconnu-de-la-montagne-noire\/","name":"L'inconnu de la Montagne Noire (3) - Eros Walker Stories","isPartOf":{"@id":"https:\/\/ellington-photo.com\/ErosWalker\/#website"},"primaryImageOfPage":{"@id":"https:\/\/ellington-photo.com\/ErosWalker\/linconnu-de-la-montagne-noire\/#primaryimage"},"image":{"@id":"https:\/\/ellington-photo.com\/ErosWalker\/linconnu-de-la-montagne-noire\/#primaryimage"},"thumbnailUrl":"https:\/\/ellington-photo.com\/ErosWalker\/wp-content\/uploads\/2026\/01\/Chapitre-3-Avec-les-gendarmes-dans-la-montagne.jpg","datePublished":"2026-01-19T11:21:20+00:00","dateModified":"2026-01-20T15:47:23+00:00","breadcrumb":{"@id":"https:\/\/ellington-photo.com\/ErosWalker\/linconnu-de-la-montagne-noire\/#breadcrumb"},"inLanguage":"fr-FR","potentialAction":[{"@type":"ReadAction","target":["https:\/\/ellington-photo.com\/ErosWalker\/linconnu-de-la-montagne-noire\/"]}]},{"@type":"ImageObject","inLanguage":"fr-FR","@id":"https:\/\/ellington-photo.com\/ErosWalker\/linconnu-de-la-montagne-noire\/#primaryimage","url":"https:\/\/ellington-photo.com\/ErosWalker\/wp-content\/uploads\/2026\/01\/Chapitre-3-Avec-les-gendarmes-dans-la-montagne.jpg","contentUrl":"https:\/\/ellington-photo.com\/ErosWalker\/wp-content\/uploads\/2026\/01\/Chapitre-3-Avec-les-gendarmes-dans-la-montagne.jpg","width":1024,"height":768},{"@type":"BreadcrumbList","@id":"https:\/\/ellington-photo.com\/ErosWalker\/linconnu-de-la-montagne-noire\/#breadcrumb","itemListElement":[{"@type":"ListItem","position":1,"name":"Accueil","item":"https:\/\/ellington-photo.com\/ErosWalker\/"},{"@type":"ListItem","position":2,"name":"L&rsquo;inconnu de la Montagne Noire (3)"}]},{"@type":"WebSite","@id":"https:\/\/ellington-photo.com\/ErosWalker\/#website","url":"https:\/\/ellington-photo.com\/ErosWalker\/","name":"Eros Walker Stories","description":"Litt\u00e9rature et images","publisher":{"@id":"https:\/\/ellington-photo.com\/ErosWalker\/#organization"},"potentialAction":[{"@type":"SearchAction","target":{"@type":"EntryPoint","urlTemplate":"https:\/\/ellington-photo.com\/ErosWalker\/?s={search_term_string}"},"query-input":{"@type":"PropertyValueSpecification","valueRequired":true,"valueName":"search_term_string"}}],"inLanguage":"fr-FR"},{"@type":"Organization","@id":"https:\/\/ellington-photo.com\/ErosWalker\/#organization","name":"Eros Walker Stories","url":"https:\/\/ellington-photo.com\/ErosWalker\/","logo":{"@type":"ImageObject","inLanguage":"fr-FR","@id":"https:\/\/ellington-photo.com\/ErosWalker\/#\/schema\/logo\/image\/","url":"https:\/\/ellington-photo.com\/ErosWalker\/wp-content\/uploads\/2025\/05\/Chat-Noir.jpg","contentUrl":"https:\/\/ellington-photo.com\/ErosWalker\/wp-content\/uploads\/2025\/05\/Chat-Noir.jpg","width":400,"height":391,"caption":"Eros Walker Stories"},"image":{"@id":"https:\/\/ellington-photo.com\/ErosWalker\/#\/schema\/logo\/image\/"},"sameAs":["https:\/\/www.linkedin.com\/in\/eros-walker-ab710a298\/"]}]}},"_links":{"self":[{"href":"https:\/\/ellington-photo.com\/ErosWalker\/wp-json\/wp\/v2\/pages\/533","targetHints":{"allow":["GET"]}}],"collection":[{"href":"https:\/\/ellington-photo.com\/ErosWalker\/wp-json\/wp\/v2\/pages"}],"about":[{"href":"https:\/\/ellington-photo.com\/ErosWalker\/wp-json\/wp\/v2\/types\/page"}],"author":[{"embeddable":true,"href":"https:\/\/ellington-photo.com\/ErosWalker\/wp-json\/wp\/v2\/users\/1"}],"replies":[{"embeddable":true,"href":"https:\/\/ellington-photo.com\/ErosWalker\/wp-json\/wp\/v2\/comments?post=533"}],"version-history":[{"count":4,"href":"https:\/\/ellington-photo.com\/ErosWalker\/wp-json\/wp\/v2\/pages\/533\/revisions"}],"predecessor-version":[{"id":545,"href":"https:\/\/ellington-photo.com\/ErosWalker\/wp-json\/wp\/v2\/pages\/533\/revisions\/545"}],"wp:featuredmedia":[{"embeddable":true,"href":"https:\/\/ellington-photo.com\/ErosWalker\/wp-json\/wp\/v2\/media\/534"}],"wp:attachment":[{"href":"https:\/\/ellington-photo.com\/ErosWalker\/wp-json\/wp\/v2\/media?parent=533"}],"curies":[{"name":"wp","href":"https:\/\/api.w.org\/{rel}","templated":true}]}}