{"id":527,"date":"2026-01-18T18:47:41","date_gmt":"2026-01-18T17:47:41","guid":{"rendered":"https:\/\/ellington-photo.com\/ErosWalker\/?page_id=527"},"modified":"2026-01-20T16:14:35","modified_gmt":"2026-01-20T15:14:35","slug":"chapitre-2","status":"publish","type":"page","link":"https:\/\/ellington-photo.com\/ErosWalker\/chapitre-2\/","title":{"rendered":"L&rsquo;inconnu de la Montagne Noire (2)"},"content":{"rendered":"\n<p><strong>Chapitre 2<\/strong><\/p>\n\n\n\n<p>Laurent Cazenave \u00e9tait n\u00e9 \u00e0 Castres soixante-cinq ans plus t\u00f4t. Ses parents \u00e9taient \u00e9tablis \u00e0 Sor\u00e8ze o\u00f9 ils tenaient une pharmacie sur la place centrale, sous les couverts. Il avait effectu\u00e9 une partie de sa scolarit\u00e9 \u00e0 l\u2019abbaye-\u00e9cole, juste avant le d\u00e9part des Dominicains, et en avait conserv\u00e9 une cordiale d\u00e9testation du monde eccl\u00e9siastique. \u00c0 quinze ans, il avait quitt\u00e9 Sor\u00e8ze pour entrer en seconde au lyc\u00e9e Pierre de Fermat \u00e0 Toulouse. Ses parents avaient \u00e9t\u00e9 contrari\u00e9s lorsque le bac en poche, il avait d\u00e9cid\u00e9 d\u2019entreprendre une licence de Droit plut\u00f4t que de s\u2019orienter vers les \u00e9tudes de pharmacie en vue de reprendre l\u2019officine familiale.<\/p>\n\n\n\n<p>Laurent \u00e9tait un \u00e9tudiant travailleur, ce qui ne l\u2019emp\u00eachait pas de passer du bon temps avec ses camarades dans les bars de la place Saint Pierre. C\u2019est l\u00e0 qu\u2019il avait fait connaissance avec Mathilde, une \u00e9tudiante b\u00e9arnaise qui deviendrait sa femme quelques ann\u00e9es plus tard. Sa ma\u00eetrise en poche, il avait h\u00e9sit\u00e9 entre l\u2019\u00e9cole de la magistrature et le CAPA, mais avait finalement opt\u00e9 pour l\u2019\u00e9cole nationale de police \u00e0 Saint Cyr au Mont d\u2019Or, en r\u00e9gion lyonnaise. Pour le jeune homme qui, en dehors de ses vacances, n\u2019avait jamais quitt\u00e9 le Midi, la transition f\u00fbt un peu rude. Son accent avait un temps \u00e9t\u00e9 moqu\u00e9 par certains camarades, mais le bon caract\u00e8re du Tarnais avait eu raison de ces plaisanteries. Mathilde, qui avait pu le rejoindre rapidement, n\u2019\u00e9tait pas \u00e9trang\u00e8re \u00e0 cette bonhommie naturelle. Ses bons r\u00e9sultats lui avaient permis de choisir son principal stage \u00e0 la Direction de la Police Judiciaire de Lyon, sous l\u2019autorit\u00e9 de Francis Chekroun, un flic hors norme. Son profil atypique, ancien prof de maths, ceinture noire de judo, avait profond\u00e9ment marqu\u00e9 le jeune flic. L\u2019inspecteur Cazenave avait commenc\u00e9 sa carri\u00e8re de terrain au commissariat des Minguettes, \u00e0 V\u00e9nissieux. Apr\u00e8s cinq ans et une premi\u00e8re promotion au grade d\u2019inspecteur divisionnaire, il avait quitt\u00e9 les cit\u00e9s pour int\u00e9grer la BRB et le grand banditisme. Son sens des responsabilit\u00e9s et ses qualit\u00e9s de leader l\u2019avaient fait remarquer et ses sup\u00e9rieurs l\u2019avaient convaincu de se pr\u00e9senter au concours de commissaire. Il avait \u00e9t\u00e9 surpris de r\u00e9ussir \u00e0 la premi\u00e8re tentative, ce qui \u00e9tait encore tr\u00e8s rare \u00e0 cette \u00e9poque. Apr\u00e8s un nouveau s\u00e9jour \u00e0 Saint Cyr, il avait choisi de quitter Lyon et obtenu un poste \u00e0 B\u00e9ziers, pour le plus grand plaisir de Mathilde, et de ses deux fils, n\u00e9s entretemps, enchant\u00e9s d\u2019aller vivre au soleil, pr\u00e8s de la mer.<\/p>\n\n\n\n<p>Plusieurs affectations avaient suivi, \u00e0 Montpellier puis Marseille, mais le commissaire Cazenave n\u2019avait jamais eu l\u2019opportunit\u00e9 de revenir \u00e0 Toulouse, \u00e0 titre professionnel du moins. Avec le temps et le stress de la profession, ses relations conjugales s\u2019\u00e9taient d\u00e9grad\u00e9es. Mathilde avait refus\u00e9 de quitter Montpellier et le couple avait fini par divorcer \u00e0 l\u2019amiable. Les deux gar\u00e7ons avaient grandi et pris leur envol. Pierre, l\u2019a\u00een\u00e9, avait quitt\u00e9 la France pour aller travailler en Californie dans une entreprise de technologie. Eric, le second, dirigeait un h\u00f4tel de luxe dans une station de ski en Suisse.<\/p>\n\n\n\n<p>En 2022, l\u2019heure de la retraite avait sonn\u00e9 et le commissaire Cazenave avait d\u00e9finitivement boucl\u00e9 ses cartons. Les premiers mois lui avaient paru difficiles, et il avait train\u00e9 un moment, d\u00e9s\u0153uvr\u00e9 dans la cit\u00e9 phoc\u00e9enne, fr\u00e9quentant de moins en moins ses anciens coll\u00e8gues.<\/p>\n\n\n\n<p>Ses parents avaient de leur c\u00f4t\u00e9 vendu la pharmacie familiale vingt ans plus t\u00f4t, et choisi de vivre dans une vieille ferme qu\u2019ils avaient restaur\u00e9 et am\u00e9nag\u00e9 avec le confort moderne \u00e0 proximit\u00e9 du lac du Lampy, \u00e0 la limite de l\u2019Aude et du Tarn. Le policier \u00e9tait parfois inquiet de savoir ses parents et surtout sa m\u00e8re, seule apr\u00e8s la mort de son p\u00e8re, isol\u00e9s les jours o\u00f9 les rigueurs de l\u2019hiver se faisaient sentir sur la montagne, mais il n\u2019avait pas r\u00e9ussi \u00e0 les convaincre de prendre un pied \u00e0 terre en ville, pour y passer la mauvaise saison et b\u00e9n\u00e9ficier d\u2019une meilleure couverture m\u00e9dicale.<\/p>\n\n\n\n<p>Deux ans plus t\u00f4t, Madame Cazenave, qui venait d\u2019avoir quatre-vingt douze ans, s\u2019\u00e9tait r\u00e9solue \u00e0 s\u2019installer dans une maison de retraite confortable, \u00e0 proximit\u00e9 de Sor\u00e8ze o\u00f9 elle avait encore quelques amis et connaissances de sa g\u00e9n\u00e9ration. Elle n\u2019y \u00e9tait rest\u00e9e que quelques mois. Son fils avait re\u00e7u un appel t\u00e9l\u00e9phonique un matin, lui annon\u00e7ant le d\u00e9c\u00e8s de sa m\u00e8re durant son sommeil. Quelques jours plus tard, la famille Cazenave se trouvait r\u00e9unie dans le petit cimeti\u00e8re au pied de la montagne. Laurent avait une s\u0153ur, Charlotte, avec laquelle il n\u2019avait que peu de contacts. Elle vivait en Australie depuis quarante ans. Leurs \u00e9changes se limitaient \u00e0 quelques conversations Face Time \u00e0 l\u2019occasion des f\u00eates et des anniversaires, rien de plus.<\/p>\n\n\n\n<p>\u00c0 l\u2019issue de la c\u00e9r\u00e9monie, Laurent, Charlotte qui avait fait le voyage seule, Pierre et Eric, s\u2019\u00e9taient retrouv\u00e9s dans la maison du Lampy. Mathilde, qui s\u2019\u00e9tait elle aussi d\u00e9plac\u00e9e, avait d\u00e9clar\u00e9 que la discussion ne la concernait pas.<\/p>\n\n\n\n<p>Laurent avait pos\u00e9 la question du devenir de cette propri\u00e9t\u00e9, inoccup\u00e9e depuis pr\u00e8s d&rsquo;un an. Sans surprise, Charlotte, qui la connaissait \u00e0 peine, ainsi que les deux gar\u00e7ons, d\u00e9clar\u00e8rent qu\u2019ils n\u2019y avaient pas d\u2019attachement particulier. L\u2019ancien policier, qui avait gard\u00e9 une certaine nostalgie de ses promenades d\u2019adolescent dans la r\u00e9gion, prit alors la d\u00e9cision de venir l\u2019occuper, n\u2019ayant plus de raison de rester seul \u00e0 Marseille.<\/p>\n\n\n\n<p><a href=\"https:\/\/ellington-photo.com\/ErosWalker\/linconnu-de-la-montagne-noire\/\">Lire la suite<\/a> <\/p>\n","protected":false},"excerpt":{"rendered":"<p>Chapitre 2 Laurent Cazenave \u00e9tait n\u00e9 \u00e0 Castres soixante-cinq ans plus t\u00f4t. Ses parents \u00e9taient \u00e9tablis \u00e0 Sor\u00e8ze o\u00f9 ils tenaient une pharmacie sur la place centrale, sous les couverts. Il avait effectu\u00e9 une partie de sa scolarit\u00e9 \u00e0 l\u2019abbaye-\u00e9cole, juste avant le d\u00e9part des &hellip; <\/p>\n","protected":false},"author":1,"featured_media":528,"parent":0,"menu_order":0,"comment_status":"closed","ping_status":"closed","template":"","meta":{"footnotes":""},"class_list":["post-527","page","type-page","status-publish","has-post-thumbnail","hentry"],"yoast_head":"<!-- This site is optimized with the Yoast SEO plugin v27.4 - https:\/\/yoast.com\/product\/yoast-seo-wordpress\/ -->\n<title>L&#039;inconnu de la Montagne Noire (2) - Eros Walker Stories<\/title>\n<meta name=\"robots\" content=\"index, follow, max-snippet:-1, max-image-preview:large, max-video-preview:-1\" \/>\n<link rel=\"canonical\" href=\"https:\/\/ellington-photo.com\/ErosWalker\/chapitre-2\/\" \/>\n<meta property=\"og:locale\" content=\"fr_FR\" \/>\n<meta property=\"og:type\" content=\"article\" \/>\n<meta property=\"og:title\" content=\"L&#039;inconnu de la Montagne Noire (2) - Eros Walker Stories\" \/>\n<meta property=\"og:description\" content=\"Chapitre 2 Laurent Cazenave \u00e9tait n\u00e9 \u00e0 Castres soixante-cinq ans plus t\u00f4t. Ses parents \u00e9taient \u00e9tablis \u00e0 Sor\u00e8ze o\u00f9 ils tenaient une pharmacie sur la place centrale, sous les couverts. Il avait effectu\u00e9 une partie de sa scolarit\u00e9 \u00e0 l\u2019abbaye-\u00e9cole, juste avant le d\u00e9part des &hellip;\" \/>\n<meta property=\"og:url\" content=\"https:\/\/ellington-photo.com\/ErosWalker\/chapitre-2\/\" \/>\n<meta property=\"og:site_name\" content=\"Eros Walker Stories\" \/>\n<meta property=\"article:modified_time\" content=\"2026-01-20T15:14:35+00:00\" \/>\n<meta property=\"og:image\" content=\"https:\/\/ellington-photo.com\/ErosWalker\/wp-content\/uploads\/2026\/01\/Chapitre-2-Le-commissaire-Cazenave.jpg\" \/>\n\t<meta property=\"og:image:width\" content=\"1024\" \/>\n\t<meta property=\"og:image:height\" content=\"768\" \/>\n\t<meta property=\"og:image:type\" content=\"image\/jpeg\" \/>\n<meta name=\"twitter:card\" content=\"summary_large_image\" \/>\n<meta name=\"twitter:label1\" content=\"Dur\u00e9e de lecture estim\u00e9e\" \/>\n\t<meta name=\"twitter:data1\" content=\"5 minutes\" \/>\n<script type=\"application\/ld+json\" class=\"yoast-schema-graph\">{\"@context\":\"https:\\\/\\\/schema.org\",\"@graph\":[{\"@type\":\"WebPage\",\"@id\":\"https:\\\/\\\/ellington-photo.com\\\/ErosWalker\\\/chapitre-2\\\/\",\"url\":\"https:\\\/\\\/ellington-photo.com\\\/ErosWalker\\\/chapitre-2\\\/\",\"name\":\"L'inconnu de la Montagne Noire (2) - Eros Walker Stories\",\"isPartOf\":{\"@id\":\"https:\\\/\\\/ellington-photo.com\\\/ErosWalker\\\/#website\"},\"primaryImageOfPage\":{\"@id\":\"https:\\\/\\\/ellington-photo.com\\\/ErosWalker\\\/chapitre-2\\\/#primaryimage\"},\"image\":{\"@id\":\"https:\\\/\\\/ellington-photo.com\\\/ErosWalker\\\/chapitre-2\\\/#primaryimage\"},\"thumbnailUrl\":\"https:\\\/\\\/ellington-photo.com\\\/ErosWalker\\\/wp-content\\\/uploads\\\/2026\\\/01\\\/Chapitre-2-Le-commissaire-Cazenave.jpg\",\"datePublished\":\"2026-01-18T17:47:41+00:00\",\"dateModified\":\"2026-01-20T15:14:35+00:00\",\"breadcrumb\":{\"@id\":\"https:\\\/\\\/ellington-photo.com\\\/ErosWalker\\\/chapitre-2\\\/#breadcrumb\"},\"inLanguage\":\"fr-FR\",\"potentialAction\":[{\"@type\":\"ReadAction\",\"target\":[\"https:\\\/\\\/ellington-photo.com\\\/ErosWalker\\\/chapitre-2\\\/\"]}]},{\"@type\":\"ImageObject\",\"inLanguage\":\"fr-FR\",\"@id\":\"https:\\\/\\\/ellington-photo.com\\\/ErosWalker\\\/chapitre-2\\\/#primaryimage\",\"url\":\"https:\\\/\\\/ellington-photo.com\\\/ErosWalker\\\/wp-content\\\/uploads\\\/2026\\\/01\\\/Chapitre-2-Le-commissaire-Cazenave.jpg\",\"contentUrl\":\"https:\\\/\\\/ellington-photo.com\\\/ErosWalker\\\/wp-content\\\/uploads\\\/2026\\\/01\\\/Chapitre-2-Le-commissaire-Cazenave.jpg\",\"width\":1024,\"height\":768},{\"@type\":\"BreadcrumbList\",\"@id\":\"https:\\\/\\\/ellington-photo.com\\\/ErosWalker\\\/chapitre-2\\\/#breadcrumb\",\"itemListElement\":[{\"@type\":\"ListItem\",\"position\":1,\"name\":\"Accueil\",\"item\":\"https:\\\/\\\/ellington-photo.com\\\/ErosWalker\\\/\"},{\"@type\":\"ListItem\",\"position\":2,\"name\":\"L&rsquo;inconnu de la Montagne Noire (2)\"}]},{\"@type\":\"WebSite\",\"@id\":\"https:\\\/\\\/ellington-photo.com\\\/ErosWalker\\\/#website\",\"url\":\"https:\\\/\\\/ellington-photo.com\\\/ErosWalker\\\/\",\"name\":\"Eros Walker Stories\",\"description\":\"Litt\u00e9rature et images\",\"publisher\":{\"@id\":\"https:\\\/\\\/ellington-photo.com\\\/ErosWalker\\\/#organization\"},\"potentialAction\":[{\"@type\":\"SearchAction\",\"target\":{\"@type\":\"EntryPoint\",\"urlTemplate\":\"https:\\\/\\\/ellington-photo.com\\\/ErosWalker\\\/?s={search_term_string}\"},\"query-input\":{\"@type\":\"PropertyValueSpecification\",\"valueRequired\":true,\"valueName\":\"search_term_string\"}}],\"inLanguage\":\"fr-FR\"},{\"@type\":\"Organization\",\"@id\":\"https:\\\/\\\/ellington-photo.com\\\/ErosWalker\\\/#organization\",\"name\":\"Eros Walker Stories\",\"url\":\"https:\\\/\\\/ellington-photo.com\\\/ErosWalker\\\/\",\"logo\":{\"@type\":\"ImageObject\",\"inLanguage\":\"fr-FR\",\"@id\":\"https:\\\/\\\/ellington-photo.com\\\/ErosWalker\\\/#\\\/schema\\\/logo\\\/image\\\/\",\"url\":\"https:\\\/\\\/ellington-photo.com\\\/ErosWalker\\\/wp-content\\\/uploads\\\/2025\\\/05\\\/Chat-Noir.jpg\",\"contentUrl\":\"https:\\\/\\\/ellington-photo.com\\\/ErosWalker\\\/wp-content\\\/uploads\\\/2025\\\/05\\\/Chat-Noir.jpg\",\"width\":400,\"height\":391,\"caption\":\"Eros Walker Stories\"},\"image\":{\"@id\":\"https:\\\/\\\/ellington-photo.com\\\/ErosWalker\\\/#\\\/schema\\\/logo\\\/image\\\/\"},\"sameAs\":[\"https:\\\/\\\/www.linkedin.com\\\/in\\\/eros-walker-ab710a298\\\/\"]}]}<\/script>\n<!-- \/ Yoast SEO plugin. -->","yoast_head_json":{"title":"L'inconnu de la Montagne Noire (2) - Eros Walker Stories","robots":{"index":"index","follow":"follow","max-snippet":"max-snippet:-1","max-image-preview":"max-image-preview:large","max-video-preview":"max-video-preview:-1"},"canonical":"https:\/\/ellington-photo.com\/ErosWalker\/chapitre-2\/","og_locale":"fr_FR","og_type":"article","og_title":"L'inconnu de la Montagne Noire (2) - Eros Walker Stories","og_description":"Chapitre 2 Laurent Cazenave \u00e9tait n\u00e9 \u00e0 Castres soixante-cinq ans plus t\u00f4t. Ses parents \u00e9taient \u00e9tablis \u00e0 Sor\u00e8ze o\u00f9 ils tenaient une pharmacie sur la place centrale, sous les couverts. Il avait effectu\u00e9 une partie de sa scolarit\u00e9 \u00e0 l\u2019abbaye-\u00e9cole, juste avant le d\u00e9part des &hellip;","og_url":"https:\/\/ellington-photo.com\/ErosWalker\/chapitre-2\/","og_site_name":"Eros Walker Stories","article_modified_time":"2026-01-20T15:14:35+00:00","og_image":[{"width":1024,"height":768,"url":"https:\/\/ellington-photo.com\/ErosWalker\/wp-content\/uploads\/2026\/01\/Chapitre-2-Le-commissaire-Cazenave.jpg","type":"image\/jpeg"}],"twitter_card":"summary_large_image","twitter_misc":{"Dur\u00e9e de lecture estim\u00e9e":"5 minutes"},"schema":{"@context":"https:\/\/schema.org","@graph":[{"@type":"WebPage","@id":"https:\/\/ellington-photo.com\/ErosWalker\/chapitre-2\/","url":"https:\/\/ellington-photo.com\/ErosWalker\/chapitre-2\/","name":"L'inconnu de la Montagne Noire (2) - Eros Walker Stories","isPartOf":{"@id":"https:\/\/ellington-photo.com\/ErosWalker\/#website"},"primaryImageOfPage":{"@id":"https:\/\/ellington-photo.com\/ErosWalker\/chapitre-2\/#primaryimage"},"image":{"@id":"https:\/\/ellington-photo.com\/ErosWalker\/chapitre-2\/#primaryimage"},"thumbnailUrl":"https:\/\/ellington-photo.com\/ErosWalker\/wp-content\/uploads\/2026\/01\/Chapitre-2-Le-commissaire-Cazenave.jpg","datePublished":"2026-01-18T17:47:41+00:00","dateModified":"2026-01-20T15:14:35+00:00","breadcrumb":{"@id":"https:\/\/ellington-photo.com\/ErosWalker\/chapitre-2\/#breadcrumb"},"inLanguage":"fr-FR","potentialAction":[{"@type":"ReadAction","target":["https:\/\/ellington-photo.com\/ErosWalker\/chapitre-2\/"]}]},{"@type":"ImageObject","inLanguage":"fr-FR","@id":"https:\/\/ellington-photo.com\/ErosWalker\/chapitre-2\/#primaryimage","url":"https:\/\/ellington-photo.com\/ErosWalker\/wp-content\/uploads\/2026\/01\/Chapitre-2-Le-commissaire-Cazenave.jpg","contentUrl":"https:\/\/ellington-photo.com\/ErosWalker\/wp-content\/uploads\/2026\/01\/Chapitre-2-Le-commissaire-Cazenave.jpg","width":1024,"height":768},{"@type":"BreadcrumbList","@id":"https:\/\/ellington-photo.com\/ErosWalker\/chapitre-2\/#breadcrumb","itemListElement":[{"@type":"ListItem","position":1,"name":"Accueil","item":"https:\/\/ellington-photo.com\/ErosWalker\/"},{"@type":"ListItem","position":2,"name":"L&rsquo;inconnu de la Montagne Noire (2)"}]},{"@type":"WebSite","@id":"https:\/\/ellington-photo.com\/ErosWalker\/#website","url":"https:\/\/ellington-photo.com\/ErosWalker\/","name":"Eros Walker Stories","description":"Litt\u00e9rature et images","publisher":{"@id":"https:\/\/ellington-photo.com\/ErosWalker\/#organization"},"potentialAction":[{"@type":"SearchAction","target":{"@type":"EntryPoint","urlTemplate":"https:\/\/ellington-photo.com\/ErosWalker\/?s={search_term_string}"},"query-input":{"@type":"PropertyValueSpecification","valueRequired":true,"valueName":"search_term_string"}}],"inLanguage":"fr-FR"},{"@type":"Organization","@id":"https:\/\/ellington-photo.com\/ErosWalker\/#organization","name":"Eros Walker Stories","url":"https:\/\/ellington-photo.com\/ErosWalker\/","logo":{"@type":"ImageObject","inLanguage":"fr-FR","@id":"https:\/\/ellington-photo.com\/ErosWalker\/#\/schema\/logo\/image\/","url":"https:\/\/ellington-photo.com\/ErosWalker\/wp-content\/uploads\/2025\/05\/Chat-Noir.jpg","contentUrl":"https:\/\/ellington-photo.com\/ErosWalker\/wp-content\/uploads\/2025\/05\/Chat-Noir.jpg","width":400,"height":391,"caption":"Eros Walker Stories"},"image":{"@id":"https:\/\/ellington-photo.com\/ErosWalker\/#\/schema\/logo\/image\/"},"sameAs":["https:\/\/www.linkedin.com\/in\/eros-walker-ab710a298\/"]}]}},"_links":{"self":[{"href":"https:\/\/ellington-photo.com\/ErosWalker\/wp-json\/wp\/v2\/pages\/527","targetHints":{"allow":["GET"]}}],"collection":[{"href":"https:\/\/ellington-photo.com\/ErosWalker\/wp-json\/wp\/v2\/pages"}],"about":[{"href":"https:\/\/ellington-photo.com\/ErosWalker\/wp-json\/wp\/v2\/types\/page"}],"author":[{"embeddable":true,"href":"https:\/\/ellington-photo.com\/ErosWalker\/wp-json\/wp\/v2\/users\/1"}],"replies":[{"embeddable":true,"href":"https:\/\/ellington-photo.com\/ErosWalker\/wp-json\/wp\/v2\/comments?post=527"}],"version-history":[{"count":4,"href":"https:\/\/ellington-photo.com\/ErosWalker\/wp-json\/wp\/v2\/pages\/527\/revisions"}],"predecessor-version":[{"id":539,"href":"https:\/\/ellington-photo.com\/ErosWalker\/wp-json\/wp\/v2\/pages\/527\/revisions\/539"}],"wp:featuredmedia":[{"embeddable":true,"href":"https:\/\/ellington-photo.com\/ErosWalker\/wp-json\/wp\/v2\/media\/528"}],"wp:attachment":[{"href":"https:\/\/ellington-photo.com\/ErosWalker\/wp-json\/wp\/v2\/media?parent=527"}],"curies":[{"name":"wp","href":"https:\/\/api.w.org\/{rel}","templated":true}]}}