{"id":523,"date":"2026-01-16T17:56:22","date_gmt":"2026-01-16T16:56:22","guid":{"rendered":"https:\/\/ellington-photo.com\/ErosWalker\/?page_id=523"},"modified":"2026-01-18T18:48:31","modified_gmt":"2026-01-18T17:48:31","slug":"linconnu-de-la-montagne-noire-roman","status":"publish","type":"page","link":"https:\/\/ellington-photo.com\/ErosWalker\/linconnu-de-la-montagne-noire-roman\/","title":{"rendered":"L&rsquo;inconnu de la Montagne Noire (Roman)"},"content":{"rendered":"\n<p class=\"has-medium-font-size\" style=\"text-decoration:underline\"><strong>Chapitre 1<\/strong><\/p>\n\n\n\n<p><strong>Vendredi 26 septembre<\/strong><\/p>\n\n\n\n<p>Guilhem Alric se releva, un superbe c\u00e8pe \u00e0 la main. Il chercha des yeux Marti, le berger qui ne quittait que rarement ses pas. Le chien \u00e9tait sorti de son champ de vision. Il l\u2019appela, puis siffla dans ses doigts. Apr\u00e8s quelques instants, il lui sembla entendre des grognements \u00e0 quelque distance. Le vieil homme se dirigea dans la direction du bruit. Le chien tournait en jappant autour d\u2019un amas de feuilles et d\u2019\u00e9pines de sapin. Guilhem s\u2019approcha et fouilla le tas de v\u00e9g\u00e9taux du bout de son b\u00e2ton ferr\u00e9. Le chien l\u2019imita en creusant de ses pattes et de son museau. Ce fut l\u2019animal qui mit \u00e0 jour une main humaine.<\/p>\n\n\n\n<p>Le promeneur posa son panier et entreprit de calmer le chien avant de soulever les d\u00e9bris. Il ne tarda pas \u00e0 mettre \u00e0 jour un corps. Il ne faisait aucun doute que l\u2019individu \u00e9tait mort depuis d\u00e9j\u00e0 quelques temps. Les insectes grouillaient sur le visage et avaient d\u00e9j\u00e0 commenc\u00e9 \u00e0 attaquer les parties molles.<\/p>\n\n\n\n<p>Guilhem sortit son portable, un vieux Samsung \u00e0 l\u2019\u00e9cran fissur\u00e9 depuis longtemps, mais il constata imm\u00e9diatement qu\u2019il n\u2019y avait pas de r\u00e9seau \u00e0 cet endroit de la montagne. Il marqua l\u2019emplacement avec quelques grandes branches mortes, m\u00eame s\u2019il \u00e9tait certain de pouvoir retrouver l\u2019endroit, et entreprit de redescendre vers sa voiture pour rejoindre le village. Une fois Marti install\u00e9 \u00e0 l\u2019arri\u00e8re et le panier pos\u00e9 \u00e0 la place du passager, Guilhem dirigea la v\u00e9n\u00e9rable C15 entre les orni\u00e8res et les flaques de boue de la piste foresti\u00e8re, sans consid\u00e9ration pour les suspensions qui criaient gr\u00e2ce \u00e0 chaque coup de volant. Il lui fallut cinq minutes pour retrouver la route et cinq de plus pour atteindre Arfons o\u00f9 il s\u2019arr\u00eata sur la place centrale.<\/p>\n\n\n\n<p>La connexion \u00e9tait r\u00e9tablie et l\u2019homme put composer le 17. Il lui fallut d\u2019abord s\u2019identifier et se localiser avant de pouvoir expliquer l\u2019objet de son appel.<\/p>\n\n\n\n<p>\u2014 Je l\u2019ai trouv\u00e9 dans la for\u00eat, au-dessus du Plo del May, r\u00e9p\u00e9ta Guilhem, je cherchais des champignons et c\u2019est Marti, mon chien, qui a trouv\u00e9 le corps.<\/p>\n\n\n\n<p>\u2014 Vous dites qu\u2019il est mort&nbsp;? questionna la voix au bout de la ligne.<\/p>\n\n\n\n<p>\u2014 Madame, j\u2019ai \u00e9t\u00e9 pompier volontaire pendant plus de vingt ans, je sais reconnaitre un cadavre, d\u2019autant que celui-l\u00e0 n\u2019est pas beau \u00e0 voir.<\/p>\n\n\n\n<p>\u2014 Excusez-moi, je voulais juste \u00eatre pr\u00e9cise.<\/p>\n\n\n\n<p>\u2014 Bon, vous allez envoyer quelqu\u2019un&nbsp;?<\/p>\n\n\n\n<p>\u2014 Je vais pr\u00e9venir les coll\u00e8gues de Labrugui\u00e8re, vous pouvez les attendre pour les guider&nbsp;?<\/p>\n\n\n\n<p>\u2014 Ben oui, ils ne risquent pas de trouver tous seuls&nbsp;! s\u2019aga\u00e7a le vieil homme.<\/p>\n\n\n\n<p>Guilhem regarda sa montre, il \u00e9tait encore t\u00f4t, la nuit n\u2019allait pas tomber tout de suite. Il appela sa femme pour la pr\u00e9venir de son probable retard.<\/p>\n\n\n\n<p>\u2014 Un cadavre&nbsp;? s\u2019\u00e9tonna la femme. Dans la montagne&nbsp;?<\/p>\n\n\n\n<p>\u2014 Oui, sur la route de Font Bruno, enfin, au-dessus de la route, dans un coin \u00e0 champignon. Je suis pass\u00e9 par l\u00e0 il y a trois jours et Marti n\u2019a rien remarqu\u00e9.<\/p>\n\n\n\n<p>\u2014 Et qu\u2019est-ce que tu vas faire&nbsp;?<\/p>\n\n\n\n<p>\u2014 J\u2019ai appel\u00e9 les gendarmes, il faut que je les attende \u00e0 Arfons pour les conduire sur place.<\/p>\n\n\n\n<p>\u00c0 l\u2019arri\u00e8re de la fourgonnette, le chien commen\u00e7ait \u00e0 trouver le temps long. L\u2019homme lui ouvrit la porte et le laissa errer sur la place, la truffe \u00e0 l\u2019affut de nouvelles odeurs. Comme il surveillait l\u2019animal, Guilhem entendit une voix derri\u00e8re lui.<\/p>\n\n\n\n<p>\u2014 Adieu Guilh\u00e8m, coss\u00ed va ?<\/p>\n\n\n\n<p>\u2014 Va plan Miquel e tu&nbsp;?<\/p>\n\n\n\n<p>Les deux hommes continu\u00e8rent la conversation en fran\u00e7ais.<\/p>\n\n\n\n<p>\u2014 \u00c7a fait un moment qu\u2019on ne t\u2019a pas vu ici&nbsp;!<\/p>\n\n\n\n<p>\u2014 C\u2019est vrai que depuis que le bar a ferm\u00e9, je n\u2019ai plus trop de raisons de m\u2019arr\u00eater ici.<\/p>\n\n\n\n<p>\u2014 Et qu\u2019est-ce que tu fais alors&nbsp;?<\/p>\n\n\n\n<p>\u2014 J\u2019attends les gendarmes.<\/p>\n\n\n\n<p>Miquel Pujol avait \u00e9t\u00e9 maire du village pendant de nombreuses ann\u00e9es et Guilhem avait eu l\u2019occasion de travailler pour lui \u00e0 plusieurs reprises, dans sa vie professionnelle. Il lui raconta ce qu\u2019il venait de d\u00e9couvrir.<\/p>\n\n\n\n<p>\u2014 Ils en ont au moins pour une demi-heure, viens boire un verre \u00e0 la maison. Nous serons plus \u00e0 l\u2019aise pour les attendre.<\/p>\n\n\n\n<p>\u2014 Ils ont mon num\u00e9ro de portable, ils sauront bien me trouver, tu as raison.<\/p>\n\n\n\n<p>Guilhem siffla le chien et les deux hommes se dirig\u00e8rent vers une belle maison ancienne, \u00e0 quelque distance, l\u2019animal sur les talons.<\/p>\n\n\n\n<p><\/p>\n\n\n\n<p><a href=\"https:\/\/ellington-photo.com\/ErosWalker\/chapitre-2\/\">Lire la suite <\/a><\/p>\n","protected":false},"excerpt":{"rendered":"<p>Chapitre 1 Vendredi 26 septembre Guilhem Alric se releva, un superbe c\u00e8pe \u00e0 la main. Il chercha des yeux Marti, le berger qui ne quittait que rarement ses pas. Le chien \u00e9tait sorti de son champ de vision. Il l\u2019appela, puis siffla dans ses doigts. &hellip; <\/p>\n","protected":false},"author":1,"featured_media":526,"parent":0,"menu_order":0,"comment_status":"closed","ping_status":"closed","template":"","meta":{"footnotes":""},"class_list":["post-523","page","type-page","status-publish","has-post-thumbnail","hentry"],"yoast_head":"<!-- This site is optimized with the Yoast SEO plugin v27.4 - https:\/\/yoast.com\/product\/yoast-seo-wordpress\/ -->\n<title>L&#039;inconnu de la Montagne Noire (Roman) - Eros Walker Stories<\/title>\n<meta name=\"robots\" content=\"index, follow, max-snippet:-1, max-image-preview:large, max-video-preview:-1\" \/>\n<link rel=\"canonical\" href=\"https:\/\/ellington-photo.com\/ErosWalker\/linconnu-de-la-montagne-noire-roman\/\" \/>\n<meta property=\"og:locale\" content=\"fr_FR\" \/>\n<meta property=\"og:type\" content=\"article\" \/>\n<meta property=\"og:title\" content=\"L&#039;inconnu de la Montagne Noire (Roman) - Eros Walker Stories\" \/>\n<meta property=\"og:description\" content=\"Chapitre 1 Vendredi 26 septembre Guilhem Alric se releva, un superbe c\u00e8pe \u00e0 la main. Il chercha des yeux Marti, le berger qui ne quittait que rarement ses pas. Le chien \u00e9tait sorti de son champ de vision. Il l\u2019appela, puis siffla dans ses doigts. &hellip;\" \/>\n<meta property=\"og:url\" content=\"https:\/\/ellington-photo.com\/ErosWalker\/linconnu-de-la-montagne-noire-roman\/\" \/>\n<meta property=\"og:site_name\" content=\"Eros Walker Stories\" \/>\n<meta property=\"article:modified_time\" content=\"2026-01-18T17:48:31+00:00\" \/>\n<meta property=\"og:image\" content=\"https:\/\/ellington-photo.com\/ErosWalker\/wp-content\/uploads\/2026\/01\/Chapitre-1-Dans-la-Montagne.jpg\" \/>\n\t<meta property=\"og:image:width\" content=\"1024\" \/>\n\t<meta property=\"og:image:height\" content=\"768\" \/>\n\t<meta property=\"og:image:type\" content=\"image\/jpeg\" \/>\n<meta name=\"twitter:card\" content=\"summary_large_image\" \/>\n<meta name=\"twitter:label1\" content=\"Dur\u00e9e de lecture estim\u00e9e\" \/>\n\t<meta name=\"twitter:data1\" content=\"4 minutes\" \/>\n<script type=\"application\/ld+json\" class=\"yoast-schema-graph\">{\"@context\":\"https:\\\/\\\/schema.org\",\"@graph\":[{\"@type\":\"WebPage\",\"@id\":\"https:\\\/\\\/ellington-photo.com\\\/ErosWalker\\\/linconnu-de-la-montagne-noire-roman\\\/\",\"url\":\"https:\\\/\\\/ellington-photo.com\\\/ErosWalker\\\/linconnu-de-la-montagne-noire-roman\\\/\",\"name\":\"L'inconnu de la Montagne Noire (Roman) - Eros Walker Stories\",\"isPartOf\":{\"@id\":\"https:\\\/\\\/ellington-photo.com\\\/ErosWalker\\\/#website\"},\"primaryImageOfPage\":{\"@id\":\"https:\\\/\\\/ellington-photo.com\\\/ErosWalker\\\/linconnu-de-la-montagne-noire-roman\\\/#primaryimage\"},\"image\":{\"@id\":\"https:\\\/\\\/ellington-photo.com\\\/ErosWalker\\\/linconnu-de-la-montagne-noire-roman\\\/#primaryimage\"},\"thumbnailUrl\":\"https:\\\/\\\/ellington-photo.com\\\/ErosWalker\\\/wp-content\\\/uploads\\\/2026\\\/01\\\/Chapitre-1-Dans-la-Montagne.jpg\",\"datePublished\":\"2026-01-16T16:56:22+00:00\",\"dateModified\":\"2026-01-18T17:48:31+00:00\",\"breadcrumb\":{\"@id\":\"https:\\\/\\\/ellington-photo.com\\\/ErosWalker\\\/linconnu-de-la-montagne-noire-roman\\\/#breadcrumb\"},\"inLanguage\":\"fr-FR\",\"potentialAction\":[{\"@type\":\"ReadAction\",\"target\":[\"https:\\\/\\\/ellington-photo.com\\\/ErosWalker\\\/linconnu-de-la-montagne-noire-roman\\\/\"]}]},{\"@type\":\"ImageObject\",\"inLanguage\":\"fr-FR\",\"@id\":\"https:\\\/\\\/ellington-photo.com\\\/ErosWalker\\\/linconnu-de-la-montagne-noire-roman\\\/#primaryimage\",\"url\":\"https:\\\/\\\/ellington-photo.com\\\/ErosWalker\\\/wp-content\\\/uploads\\\/2026\\\/01\\\/Chapitre-1-Dans-la-Montagne.jpg\",\"contentUrl\":\"https:\\\/\\\/ellington-photo.com\\\/ErosWalker\\\/wp-content\\\/uploads\\\/2026\\\/01\\\/Chapitre-1-Dans-la-Montagne.jpg\",\"width\":1024,\"height\":768},{\"@type\":\"BreadcrumbList\",\"@id\":\"https:\\\/\\\/ellington-photo.com\\\/ErosWalker\\\/linconnu-de-la-montagne-noire-roman\\\/#breadcrumb\",\"itemListElement\":[{\"@type\":\"ListItem\",\"position\":1,\"name\":\"Accueil\",\"item\":\"https:\\\/\\\/ellington-photo.com\\\/ErosWalker\\\/\"},{\"@type\":\"ListItem\",\"position\":2,\"name\":\"L&rsquo;inconnu de la Montagne Noire (Roman)\"}]},{\"@type\":\"WebSite\",\"@id\":\"https:\\\/\\\/ellington-photo.com\\\/ErosWalker\\\/#website\",\"url\":\"https:\\\/\\\/ellington-photo.com\\\/ErosWalker\\\/\",\"name\":\"Eros Walker Stories\",\"description\":\"Litt\u00e9rature et images\",\"publisher\":{\"@id\":\"https:\\\/\\\/ellington-photo.com\\\/ErosWalker\\\/#organization\"},\"potentialAction\":[{\"@type\":\"SearchAction\",\"target\":{\"@type\":\"EntryPoint\",\"urlTemplate\":\"https:\\\/\\\/ellington-photo.com\\\/ErosWalker\\\/?s={search_term_string}\"},\"query-input\":{\"@type\":\"PropertyValueSpecification\",\"valueRequired\":true,\"valueName\":\"search_term_string\"}}],\"inLanguage\":\"fr-FR\"},{\"@type\":\"Organization\",\"@id\":\"https:\\\/\\\/ellington-photo.com\\\/ErosWalker\\\/#organization\",\"name\":\"Eros Walker Stories\",\"url\":\"https:\\\/\\\/ellington-photo.com\\\/ErosWalker\\\/\",\"logo\":{\"@type\":\"ImageObject\",\"inLanguage\":\"fr-FR\",\"@id\":\"https:\\\/\\\/ellington-photo.com\\\/ErosWalker\\\/#\\\/schema\\\/logo\\\/image\\\/\",\"url\":\"https:\\\/\\\/ellington-photo.com\\\/ErosWalker\\\/wp-content\\\/uploads\\\/2025\\\/05\\\/Chat-Noir.jpg\",\"contentUrl\":\"https:\\\/\\\/ellington-photo.com\\\/ErosWalker\\\/wp-content\\\/uploads\\\/2025\\\/05\\\/Chat-Noir.jpg\",\"width\":400,\"height\":391,\"caption\":\"Eros Walker Stories\"},\"image\":{\"@id\":\"https:\\\/\\\/ellington-photo.com\\\/ErosWalker\\\/#\\\/schema\\\/logo\\\/image\\\/\"},\"sameAs\":[\"https:\\\/\\\/www.linkedin.com\\\/in\\\/eros-walker-ab710a298\\\/\"]}]}<\/script>\n<!-- \/ Yoast SEO plugin. -->","yoast_head_json":{"title":"L'inconnu de la Montagne Noire (Roman) - Eros Walker Stories","robots":{"index":"index","follow":"follow","max-snippet":"max-snippet:-1","max-image-preview":"max-image-preview:large","max-video-preview":"max-video-preview:-1"},"canonical":"https:\/\/ellington-photo.com\/ErosWalker\/linconnu-de-la-montagne-noire-roman\/","og_locale":"fr_FR","og_type":"article","og_title":"L'inconnu de la Montagne Noire (Roman) - Eros Walker Stories","og_description":"Chapitre 1 Vendredi 26 septembre Guilhem Alric se releva, un superbe c\u00e8pe \u00e0 la main. Il chercha des yeux Marti, le berger qui ne quittait que rarement ses pas. Le chien \u00e9tait sorti de son champ de vision. Il l\u2019appela, puis siffla dans ses doigts. &hellip;","og_url":"https:\/\/ellington-photo.com\/ErosWalker\/linconnu-de-la-montagne-noire-roman\/","og_site_name":"Eros Walker Stories","article_modified_time":"2026-01-18T17:48:31+00:00","og_image":[{"width":1024,"height":768,"url":"https:\/\/ellington-photo.com\/ErosWalker\/wp-content\/uploads\/2026\/01\/Chapitre-1-Dans-la-Montagne.jpg","type":"image\/jpeg"}],"twitter_card":"summary_large_image","twitter_misc":{"Dur\u00e9e de lecture estim\u00e9e":"4 minutes"},"schema":{"@context":"https:\/\/schema.org","@graph":[{"@type":"WebPage","@id":"https:\/\/ellington-photo.com\/ErosWalker\/linconnu-de-la-montagne-noire-roman\/","url":"https:\/\/ellington-photo.com\/ErosWalker\/linconnu-de-la-montagne-noire-roman\/","name":"L'inconnu de la Montagne Noire (Roman) - Eros Walker Stories","isPartOf":{"@id":"https:\/\/ellington-photo.com\/ErosWalker\/#website"},"primaryImageOfPage":{"@id":"https:\/\/ellington-photo.com\/ErosWalker\/linconnu-de-la-montagne-noire-roman\/#primaryimage"},"image":{"@id":"https:\/\/ellington-photo.com\/ErosWalker\/linconnu-de-la-montagne-noire-roman\/#primaryimage"},"thumbnailUrl":"https:\/\/ellington-photo.com\/ErosWalker\/wp-content\/uploads\/2026\/01\/Chapitre-1-Dans-la-Montagne.jpg","datePublished":"2026-01-16T16:56:22+00:00","dateModified":"2026-01-18T17:48:31+00:00","breadcrumb":{"@id":"https:\/\/ellington-photo.com\/ErosWalker\/linconnu-de-la-montagne-noire-roman\/#breadcrumb"},"inLanguage":"fr-FR","potentialAction":[{"@type":"ReadAction","target":["https:\/\/ellington-photo.com\/ErosWalker\/linconnu-de-la-montagne-noire-roman\/"]}]},{"@type":"ImageObject","inLanguage":"fr-FR","@id":"https:\/\/ellington-photo.com\/ErosWalker\/linconnu-de-la-montagne-noire-roman\/#primaryimage","url":"https:\/\/ellington-photo.com\/ErosWalker\/wp-content\/uploads\/2026\/01\/Chapitre-1-Dans-la-Montagne.jpg","contentUrl":"https:\/\/ellington-photo.com\/ErosWalker\/wp-content\/uploads\/2026\/01\/Chapitre-1-Dans-la-Montagne.jpg","width":1024,"height":768},{"@type":"BreadcrumbList","@id":"https:\/\/ellington-photo.com\/ErosWalker\/linconnu-de-la-montagne-noire-roman\/#breadcrumb","itemListElement":[{"@type":"ListItem","position":1,"name":"Accueil","item":"https:\/\/ellington-photo.com\/ErosWalker\/"},{"@type":"ListItem","position":2,"name":"L&rsquo;inconnu de la Montagne Noire (Roman)"}]},{"@type":"WebSite","@id":"https:\/\/ellington-photo.com\/ErosWalker\/#website","url":"https:\/\/ellington-photo.com\/ErosWalker\/","name":"Eros Walker Stories","description":"Litt\u00e9rature et images","publisher":{"@id":"https:\/\/ellington-photo.com\/ErosWalker\/#organization"},"potentialAction":[{"@type":"SearchAction","target":{"@type":"EntryPoint","urlTemplate":"https:\/\/ellington-photo.com\/ErosWalker\/?s={search_term_string}"},"query-input":{"@type":"PropertyValueSpecification","valueRequired":true,"valueName":"search_term_string"}}],"inLanguage":"fr-FR"},{"@type":"Organization","@id":"https:\/\/ellington-photo.com\/ErosWalker\/#organization","name":"Eros Walker Stories","url":"https:\/\/ellington-photo.com\/ErosWalker\/","logo":{"@type":"ImageObject","inLanguage":"fr-FR","@id":"https:\/\/ellington-photo.com\/ErosWalker\/#\/schema\/logo\/image\/","url":"https:\/\/ellington-photo.com\/ErosWalker\/wp-content\/uploads\/2025\/05\/Chat-Noir.jpg","contentUrl":"https:\/\/ellington-photo.com\/ErosWalker\/wp-content\/uploads\/2025\/05\/Chat-Noir.jpg","width":400,"height":391,"caption":"Eros Walker Stories"},"image":{"@id":"https:\/\/ellington-photo.com\/ErosWalker\/#\/schema\/logo\/image\/"},"sameAs":["https:\/\/www.linkedin.com\/in\/eros-walker-ab710a298\/"]}]}},"_links":{"self":[{"href":"https:\/\/ellington-photo.com\/ErosWalker\/wp-json\/wp\/v2\/pages\/523","targetHints":{"allow":["GET"]}}],"collection":[{"href":"https:\/\/ellington-photo.com\/ErosWalker\/wp-json\/wp\/v2\/pages"}],"about":[{"href":"https:\/\/ellington-photo.com\/ErosWalker\/wp-json\/wp\/v2\/types\/page"}],"author":[{"embeddable":true,"href":"https:\/\/ellington-photo.com\/ErosWalker\/wp-json\/wp\/v2\/users\/1"}],"replies":[{"embeddable":true,"href":"https:\/\/ellington-photo.com\/ErosWalker\/wp-json\/wp\/v2\/comments?post=523"}],"version-history":[{"count":2,"href":"https:\/\/ellington-photo.com\/ErosWalker\/wp-json\/wp\/v2\/pages\/523\/revisions"}],"predecessor-version":[{"id":530,"href":"https:\/\/ellington-photo.com\/ErosWalker\/wp-json\/wp\/v2\/pages\/523\/revisions\/530"}],"wp:featuredmedia":[{"embeddable":true,"href":"https:\/\/ellington-photo.com\/ErosWalker\/wp-json\/wp\/v2\/media\/526"}],"wp:attachment":[{"href":"https:\/\/ellington-photo.com\/ErosWalker\/wp-json\/wp\/v2\/media?parent=523"}],"curies":[{"name":"wp","href":"https:\/\/api.w.org\/{rel}","templated":true}]}}