{"id":52,"date":"2022-02-27T18:19:46","date_gmt":"2022-02-27T17:19:46","guid":{"rendered":"https:\/\/ellington-photo.com\/ErosWalker\/?page_id=52"},"modified":"2022-03-13T17:24:06","modified_gmt":"2022-03-13T16:24:06","slug":"lou-et-la-fille-en-rouge","status":"publish","type":"page","link":"https:\/\/ellington-photo.com\/ErosWalker\/lou-et-la-fille-en-rouge\/","title":{"rendered":"Lou et la fille en rouge"},"content":{"rendered":"\n<p class=\"has-text-align-left has-medium-font-size\"><br>Ce matin n\u2019est pas le meilleur de ma vie. Je me regarde dans la glace et ce que je vois me fait froid dans le dos. Des h\u00e9matomes, une sale mine, je suis vraiment mal. Autant que je vous donne les d\u00e9tails. Je sais que je n\u2019ai pas une bonne r\u00e9putation dans notre petite ville, mais je ne m\u2019attendais pas \u00e0 pareil traitement.<br><\/p>\n\n\n\n<p class=\"has-text-align-left has-medium-font-size\">Je m\u2019appelle Jean-Louis Wolf, mais avec le temps, on m\u2019a appel\u00e9 Jean-Lou,<br>puis Lou tout court.<br>Quand j\u2019\u00e9tais encore au lyc\u00e9e, les filles disaient de moi :<br>\u2014 Lou est trop craquant.<br>D\u2019autres disaient :<br>\u2014 Lou est trop croquant.<br>Il en est rest\u00e9 une image d\u00e9testable dont je ne me suis jamais remis. Depuis, j\u2019essaie de vivre ma vie de m\u00e2le alpha sans cr\u00e9er de probl\u00e8me \u00e0 la meute de mes conqu\u00eates. Au si\u00e8cle dernier, on m\u2019aurait qualifi\u00e9 de play-boy mais je ne sais pas si ce terme a encore un sens. Laissez-moi vous raconter ma derni\u00e8re m\u00e9saventure, celle qui m\u2019a laiss\u00e9 dans cet \u00e9tat.<br><\/p>\n\n\n\n<p class=\"has-text-align-left has-medium-font-size\">Il faut tout de m\u00eame que je vous parle un peu de moi, sinon vous ne comprendrez pas ce qui suit. Je crois que l\u2019on peut me qualifier de beau gosse, j\u2019ai un physique sportif, certains ou certaines diront rac\u00e9, j\u2019ai une silhouette \u00e9lanc\u00e9e, une chevelure poivre et sel, un m\u00e9lange de blond platine et d\u2019argent, et surtout un regard de glace qui en a fait craquer plus d\u2019une. Et je ne vous parle pas de mes dents. J\u2019aime la nuit et ses plaisirs, les clubs et les dancefloors et je rentre rarement seul. Je l\u2019avoue, j\u2019ai bris\u00e9 des c\u0153urs et s\u00fbrement des m\u00e9nages mais est-ce<br>une raison pour me faire une telle r\u00e9putation. Ce n\u2019est pas ma faute si les femmes mari\u00e9es aiment les mauvais gar\u00e7ons.<br><\/p>\n\n\n\n<p class=\"has-text-align-left has-medium-font-size\">Bref, ce soir-l\u00e0 ou plut\u00f4t cette fin de journ\u00e9e, j\u2019\u00e9tais tranquillement install\u00e9 \u00e0 la terrasse du bar le plus fr\u00e9quent\u00e9 de notre petite ville pour boire un verre, comme presque tous les jours. J\u2019\u00e9tais seul, je parcourais mon r\u00e9pertoire pour savoir qui appeler pour passer la soir\u00e9e quand une jeune femme vint s\u2019assoir \u00e0 la table voisine. Moi, vous imaginez, je jette un \u0153il int\u00e9ress\u00e9. La fille est habill\u00e9e tout en rouge. Elle est plut\u00f4t gironde dans sa robe moulante, et je ne suis pas<br>indiff\u00e9rent \u00e0 sa poitrine g\u00e9n\u00e9reuse. Elle est \u00e0 peine install\u00e9e que son portable sonne. Je ne suis pas toute la conversation, mais je comprends qu\u2019elle est contrari\u00e9e. Elle raccroche avec un <br>\u00abOK, j\u2019arrive \u00bb qui en dit long sur sa motivation. Je ne peux m\u2019emp\u00eacher de me m\u00ealer de ce qui ne me concerne pas, mais c\u2019est sans doute une des raisons pour lesquelles on ne m\u2019aime pas trop ici.<br>\u2014 Excusez-moi Mademoiselle, mais je n\u2019ai pas pu m\u2019emp\u00eacher d\u2019\u00e9couter une<br>partie de votre conversation, si je peux vous aider, ce sera avec plaisir.<br>La donzelle se retourne vers moi et m\u2019examine de pied en cap. Je suis habitu\u00e9 \u00e0 cette situation et je lui offre mon sourire carnassier et mon regard glacial de pr\u00e9dateur auquel nulle ne r\u00e9siste. Elle balbutie quelques mots et je comprends qu\u2019elle avait un plan avec son boy-friend mais que sa grand-m\u00e8re, elle l\u2019appelle \u00ab M\u00e8re-grand \u00bb, lui a demand\u00e9 de lui rapporter son IPhone qu\u2019elle a oubli\u00e9 chez elle, en ville.<br>Ne me demandez pas pourquoi je m\u2019interpose dans cette affaire, peut-\u00eatre parce que la fille a un joli sourire et des seins \u00e0 faire bander un saint. Bref, elle m\u2019explique qu\u2019elle est bien ennuy\u00e9e parce qu\u2019elle avait d\u2019autres projets pour la fin de journ\u00e9e et que sa grand-m\u00e8re habite en dehors de la ville, en bordure de la for\u00eat. Et moi, comme un idiot, n&rsquo;ayant rien retenu de<br>l\u2019histoire de ma famille, je lui propose de lui rendre service.<br>La jolie fille dans sa robe rouge me demande alors de rapporter le portable \u00e0 M\u00e8re-grand, elle pr\u00e9cise qu\u2019elle passera plus tard. Elle me donne le code de la porte d&rsquo;entr\u00e9e et me pr\u00e9cise que le syst\u00e8me confirmera le code avec un message idiot : \u00ab Tire la bobinette et la chevillette<br>cherra \u00bb. Elle dit que personne n\u2019a compris ce que \u00e7a veut dire, mais que M\u00e8re-grand est comme \u00e7a.<br>Bon, nous voil\u00e0 avec un plan bancal. Il est 19 heures, je me suis engag\u00e9 \u00e0 aller chez M\u00e8re-grand et la fille doit me rejoindre en d\u00e9but de soir\u00e9e. Qu\u2019est-ce que j\u2019avais en t\u00eate ce soir-l\u00e0 ?<br>Une demi-heure plus tard, je gare mon coup\u00e9 sport \u00e0 l\u2019adresse indiqu\u00e9e et je compose le code.<br>\u00ab Tire la bobinette et la chevillette cherra \u00bb.<br>Je pousse le portail qui s\u2019ouvre sans r\u00e9sistance. La porte du pavillon est entr\u2019ouverte. Il y a de la lumi\u00e8re et de la musique \u00e0 l\u2019int\u00e9rieur. Les BeeGees, Saturday Night Fever, j\u2019ai toujours eu un faible pour ce morceau.<br>J\u2019entre sans frapper. Je reconnais que c\u2019\u00e9tait une erreur, mais quand on est un m\u00e2le alpha, on ne se pose pas ce genre de questions. Quand j\u2019arrive au milieu du salon, d\u2019o\u00f9 provient la musique, je tombe sur Tina Turner, enfin non, pas vraiment, mais l\u2019image que je me fais de Tina<br>Turner. Une femme danse sur le rythme disco, elle porte une robe moulante qui ne cache pas grand-chose de son anatomie. Des talons de quinze centim\u00e8tres et une crini\u00e8re de lionne.<br>Je sais que les f\u00e9lins et les canid\u00e9s ne sont pas les meilleurs amis, mais je suis pour l\u2019amiti\u00e9 entre les esp\u00e8ces.<br>M\u00e8re-grand est juste la plus sexy des femmes que j\u2019ai rencontr\u00e9es. Quand elle me voit entrer, comme un idiot, avec son portable \u00e0 la main, elle me fait signe de la rejoindre. Nous dansons un moment face \u00e0 face. Elle me domine et neutralise mon pouvoir naturel. Je suis sous son influence. Je n\u2019avais jamais v\u00e9cu \u00e7a.<br>\u2014 O\u00f9 est ma petite-fille ?<br>\u2014 Je ne sais pas, elle m\u2019a demand\u00e9 de vous apporter le t\u00e9l\u00e9phone.<br>\u2014 Elle est comme moi, elle a le sexe dans le sang. Elle n\u2019a jamais su r\u00e9sister \u00e0 un beau m\u00e2le.<br>\u2014 C\u2019est que\u2026 je voulais juste rendre service\u2026<br>\u2014 Trop tard, elle t\u2019a pi\u00e9g\u00e9. Comment t\u2019appelles-tu ?<br>\u2014 Jean-Louis Wolf, mes amis m\u2019appellent Lou.<br>\u2014 Approche, Lou. Je ne vais pas te manger.<br>L\u00e0, je reconnais que j\u2019aurais d\u00fb me m\u00e9fier. Les lionnes sont redoutables. Mais vous savez aussi que les m\u00e2les ont un probl\u00e8me de discernement d\u00e8s que la testost\u00e9rone d\u00e9passe la dose prescrite. Alors je vais danser avec elle. Elle me colle ses seins contre la poitrine. Et moi, je sens mon organe qui gonfle et se plaque contre sa robe minimaliste.<br>\u2014 Tu me vois comme une lionne sans doute, mais je suis une cougar, j\u2019aime les jeunes m\u00e2les puissants et endurants.<br>Sa main s\u2019insinue sous mon T-shirt, elle me caresse les t\u00e9tons. Mon regard de<br>glace se liqu\u00e9fie sous ses caresses. Elle prend ma main et la plaque sur son pubis. L\u2019\u00e9toffe ne cache rien de ses formes. Je devine que sous le fin tissu, elle ne porte rien, hormis une toison<br>fris\u00e9e, offerte \u00e0 mes caresses. Sa bouche avide se pose sur la mienne, sa langue m\u2019envahit pour un long et passionn\u00e9 baiser.<br>Elle m\u2019entraine dans la chambre et me jette sur le lit. Je me laisse faire, je ne<br>suis pas de taille \u00e0 lutter. M\u00e8re-grand lib\u00e8re mon sexe et l\u2019embouche avidement. Je crains un instant pour ma virilit\u00e9 mais elle a de l\u2019exp\u00e9rience et je ne tarde pas \u00e0 sentir le d\u00e9sir revenir en moi. Quand je suis \u00e0 sa convenance, elle me guide en elle pour une longue chevauch\u00e9e qui me laisse sans forces. Je reste allong\u00e9 sur le lit pendant qu\u2019elle se rhabille et passe dans la salle de<br>bain pour se maquiller.<br>\u2014 Tu peux rester ici, quand ma petite fille arrivera, dis-lui que je suis partie finir la soir\u00e9e dans un club libertin. Elle me conna\u00eet, elle ne posera pas de questions.<br>Elle part avec son portable. Je ne suis pas venu pour rien. Moi, comme un idiot, je reste l\u00e0, \u00e0 trainer un moment, quand j\u2019entends :<br>\u00ab Tire la bobinette et la chevillette cherra \u00bb<br>Je ne sais pas ce qui m\u2019a pris \u00e0 ce moment, je me glisse sous les draps et je fais semblant de dormir. Un pas l\u00e9ger entre dans la chambre, je reconnais la voix.<br>\u2014 M\u00e8re-grand, c\u2019est moi, ta petite-fille. Tu vas bien ?<br>Je tire le drap sur moi et laisse entendre un grognement :<br>\u2014 Hum, hum, \u2026<br>La fille en rouge s\u2019approche du lit et regarde le drap.<br>\u2014 M\u00e8re-grand, tu as des grands yeux, comme ceux de mon ami Lou.<br>\u2014 Hum, hum, \u2026<br>Elle pose sa main et dit :<br>\u2014 M\u00e8re-grand, tu as une grosse bite, je peux y go\u00fbter ?<br>Et sans attendre ma r\u00e9ponse, elle tire le drap et prend mon sexe dans sa bouche. Moi, vous me connaissez maintenant, que voulez-vous que j\u2019y fasse ? Ma main remonte le long de ses cuisses et se glisse sous la petite robe rouge. La luronne ne porte pas plus de culotte que sa grand-m\u00e8re. Je lui caresse les fesses et elle se laisse faire. Je dirais m\u00eame qu\u2019elle appr\u00e9cie l\u2019attention. Elle fait passer la robe sur ses \u00e9paules et se pr\u00e9sente nue devant moi. Elle me propose deux jolis seins juv\u00e9niles \u00e0 caresser.<br>Qu\u2019auriez-vous fait \u00e0 ma place ? je les prends dans mes mains, je les malaxe, je fais saillir les t\u00e9tons que je porte \u00e0 ma bouche de carnassier. Elle me signifie son d\u00e9sir. Je la prends en levrette, que vous voulez-vous, on a \u00e7a dans le sang. Elle manifeste son plaisir bruyamment quand la sonnette imb\u00e9cile se manifeste \u00e0 nouveau.<br>\u00ab Tire la bobinette et la chevillette cherra \u00bb<br>Je n\u2019ai pas le temps de quitter la place qu\u2019un homme bott\u00e9 et v\u00eatu d\u2019une combinaison crott\u00e9e entre dans la chambre. Quand il nous voit ainsi, il \u00e9paule le fusil qu&rsquo;il porte encore en bandouli\u00e8re et me menace.<br>\u2014 Esp\u00e8ce de salaud, tu n\u2019as pas honte, et o\u00f9 est Maman ?<br>J\u2019avoue que ne m\u2019en suis pas trop mal tir\u00e9. Dans le pass\u00e9, certains de mes<br>anc\u00eatres ont fini \u00e9corch\u00e9s, mais moi je n\u2019ai pris que quelques coups de<br>crosse.<br>Je ne suis pas pr\u00e8s de rendre service \u00e0 nouveau \u00e0 une fille en rouge, surtout<br>si son p\u00e8re est chasseur.<\/p>\n\n\n\n<p>\u00a9Eros Walker 2022<\/p>\n","protected":false},"excerpt":{"rendered":"<p>Ce matin n\u2019est pas le meilleur de ma vie. Je me regarde dans la glace et ce que je vois me fait froid dans le dos. Des h\u00e9matomes, une sale mine, je suis vraiment mal. Autant que je vous donne les d\u00e9tails. Je sais que &hellip; <\/p>\n","protected":false},"author":1,"featured_media":0,"parent":0,"menu_order":0,"comment_status":"closed","ping_status":"closed","template":"","meta":{"footnotes":""},"class_list":["post-52","page","type-page","status-publish","hentry"],"yoast_head":"<!-- This site is optimized with the Yoast SEO plugin v27.4 - https:\/\/yoast.com\/product\/yoast-seo-wordpress\/ -->\n<title>Lou et la fille en rouge - Eros Walker Stories<\/title>\n<meta name=\"description\" content=\"Ce matin n\u2019est pas le meilleur de ma vie. Je me regarde dans la glace et ce que je vois me fait froid dans le dos. Des h\u00e9matomes, une sale mine, je suis vraiment mal. Autant que je vous donne les d\u00e9tails. Je sais que je n\u2019ai pas une bonne r\u00e9putation dans notre petite ville, mais je ne m\u2019attendais pas \u00e0 pareil traitement.\" \/>\n<meta name=\"robots\" content=\"index, follow, max-snippet:-1, max-image-preview:large, max-video-preview:-1\" \/>\n<link rel=\"canonical\" href=\"https:\/\/ellington-photo.com\/ErosWalker\/lou-et-la-fille-en-rouge\/\" \/>\n<meta property=\"og:locale\" content=\"fr_FR\" \/>\n<meta property=\"og:type\" content=\"article\" \/>\n<meta property=\"og:title\" content=\"Lou et la fille en rouge - Eros Walker Stories\" \/>\n<meta property=\"og:description\" content=\"Ce matin n\u2019est pas le meilleur de ma vie. Je me regarde dans la glace et ce que je vois me fait froid dans le dos. Des h\u00e9matomes, une sale mine, je suis vraiment mal. Autant que je vous donne les d\u00e9tails. Je sais que je n\u2019ai pas une bonne r\u00e9putation dans notre petite ville, mais je ne m\u2019attendais pas \u00e0 pareil traitement.\" \/>\n<meta property=\"og:url\" content=\"https:\/\/ellington-photo.com\/ErosWalker\/lou-et-la-fille-en-rouge\/\" \/>\n<meta property=\"og:site_name\" content=\"Eros Walker Stories\" \/>\n<meta property=\"article:modified_time\" content=\"2022-03-13T16:24:06+00:00\" \/>\n<meta name=\"twitter:card\" content=\"summary_large_image\" \/>\n<meta name=\"twitter:label1\" content=\"Dur\u00e9e de lecture estim\u00e9e\" \/>\n\t<meta name=\"twitter:data1\" content=\"9 minutes\" \/>\n<script type=\"application\/ld+json\" class=\"yoast-schema-graph\">{\"@context\":\"https:\\\/\\\/schema.org\",\"@graph\":[{\"@type\":\"WebPage\",\"@id\":\"https:\\\/\\\/ellington-photo.com\\\/ErosWalker\\\/lou-et-la-fille-en-rouge\\\/\",\"url\":\"https:\\\/\\\/ellington-photo.com\\\/ErosWalker\\\/lou-et-la-fille-en-rouge\\\/\",\"name\":\"Lou et la fille en rouge - Eros Walker Stories\",\"isPartOf\":{\"@id\":\"https:\\\/\\\/ellington-photo.com\\\/ErosWalker\\\/#website\"},\"datePublished\":\"2022-02-27T17:19:46+00:00\",\"dateModified\":\"2022-03-13T16:24:06+00:00\",\"description\":\"Ce matin n\u2019est pas le meilleur de ma vie. Je me regarde dans la glace et ce que je vois me fait froid dans le dos. Des h\u00e9matomes, une sale mine, je suis vraiment mal. Autant que je vous donne les d\u00e9tails. Je sais que je n\u2019ai pas une bonne r\u00e9putation dans notre petite ville, mais je ne m\u2019attendais pas \u00e0 pareil traitement.\",\"breadcrumb\":{\"@id\":\"https:\\\/\\\/ellington-photo.com\\\/ErosWalker\\\/lou-et-la-fille-en-rouge\\\/#breadcrumb\"},\"inLanguage\":\"fr-FR\",\"potentialAction\":[{\"@type\":\"ReadAction\",\"target\":[\"https:\\\/\\\/ellington-photo.com\\\/ErosWalker\\\/lou-et-la-fille-en-rouge\\\/\"]}]},{\"@type\":\"BreadcrumbList\",\"@id\":\"https:\\\/\\\/ellington-photo.com\\\/ErosWalker\\\/lou-et-la-fille-en-rouge\\\/#breadcrumb\",\"itemListElement\":[{\"@type\":\"ListItem\",\"position\":1,\"name\":\"Accueil\",\"item\":\"https:\\\/\\\/ellington-photo.com\\\/ErosWalker\\\/\"},{\"@type\":\"ListItem\",\"position\":2,\"name\":\"Lou et la fille en rouge\"}]},{\"@type\":\"WebSite\",\"@id\":\"https:\\\/\\\/ellington-photo.com\\\/ErosWalker\\\/#website\",\"url\":\"https:\\\/\\\/ellington-photo.com\\\/ErosWalker\\\/\",\"name\":\"Eros Walker Stories\",\"description\":\"Litt\u00e9rature et images\",\"publisher\":{\"@id\":\"https:\\\/\\\/ellington-photo.com\\\/ErosWalker\\\/#organization\"},\"potentialAction\":[{\"@type\":\"SearchAction\",\"target\":{\"@type\":\"EntryPoint\",\"urlTemplate\":\"https:\\\/\\\/ellington-photo.com\\\/ErosWalker\\\/?s={search_term_string}\"},\"query-input\":{\"@type\":\"PropertyValueSpecification\",\"valueRequired\":true,\"valueName\":\"search_term_string\"}}],\"inLanguage\":\"fr-FR\"},{\"@type\":\"Organization\",\"@id\":\"https:\\\/\\\/ellington-photo.com\\\/ErosWalker\\\/#organization\",\"name\":\"Eros Walker Stories\",\"url\":\"https:\\\/\\\/ellington-photo.com\\\/ErosWalker\\\/\",\"logo\":{\"@type\":\"ImageObject\",\"inLanguage\":\"fr-FR\",\"@id\":\"https:\\\/\\\/ellington-photo.com\\\/ErosWalker\\\/#\\\/schema\\\/logo\\\/image\\\/\",\"url\":\"https:\\\/\\\/ellington-photo.com\\\/ErosWalker\\\/wp-content\\\/uploads\\\/2025\\\/05\\\/Chat-Noir.jpg\",\"contentUrl\":\"https:\\\/\\\/ellington-photo.com\\\/ErosWalker\\\/wp-content\\\/uploads\\\/2025\\\/05\\\/Chat-Noir.jpg\",\"width\":400,\"height\":391,\"caption\":\"Eros Walker Stories\"},\"image\":{\"@id\":\"https:\\\/\\\/ellington-photo.com\\\/ErosWalker\\\/#\\\/schema\\\/logo\\\/image\\\/\"},\"sameAs\":[\"https:\\\/\\\/www.linkedin.com\\\/in\\\/eros-walker-ab710a298\\\/\"]}]}<\/script>\n<!-- \/ Yoast SEO plugin. -->","yoast_head_json":{"title":"Lou et la fille en rouge - Eros Walker Stories","description":"Ce matin n\u2019est pas le meilleur de ma vie. Je me regarde dans la glace et ce que je vois me fait froid dans le dos. Des h\u00e9matomes, une sale mine, je suis vraiment mal. Autant que je vous donne les d\u00e9tails. Je sais que je n\u2019ai pas une bonne r\u00e9putation dans notre petite ville, mais je ne m\u2019attendais pas \u00e0 pareil traitement.","robots":{"index":"index","follow":"follow","max-snippet":"max-snippet:-1","max-image-preview":"max-image-preview:large","max-video-preview":"max-video-preview:-1"},"canonical":"https:\/\/ellington-photo.com\/ErosWalker\/lou-et-la-fille-en-rouge\/","og_locale":"fr_FR","og_type":"article","og_title":"Lou et la fille en rouge - Eros Walker Stories","og_description":"Ce matin n\u2019est pas le meilleur de ma vie. Je me regarde dans la glace et ce que je vois me fait froid dans le dos. Des h\u00e9matomes, une sale mine, je suis vraiment mal. Autant que je vous donne les d\u00e9tails. Je sais que je n\u2019ai pas une bonne r\u00e9putation dans notre petite ville, mais je ne m\u2019attendais pas \u00e0 pareil traitement.","og_url":"https:\/\/ellington-photo.com\/ErosWalker\/lou-et-la-fille-en-rouge\/","og_site_name":"Eros Walker Stories","article_modified_time":"2022-03-13T16:24:06+00:00","twitter_card":"summary_large_image","twitter_misc":{"Dur\u00e9e de lecture estim\u00e9e":"9 minutes"},"schema":{"@context":"https:\/\/schema.org","@graph":[{"@type":"WebPage","@id":"https:\/\/ellington-photo.com\/ErosWalker\/lou-et-la-fille-en-rouge\/","url":"https:\/\/ellington-photo.com\/ErosWalker\/lou-et-la-fille-en-rouge\/","name":"Lou et la fille en rouge - Eros Walker Stories","isPartOf":{"@id":"https:\/\/ellington-photo.com\/ErosWalker\/#website"},"datePublished":"2022-02-27T17:19:46+00:00","dateModified":"2022-03-13T16:24:06+00:00","description":"Ce matin n\u2019est pas le meilleur de ma vie. Je me regarde dans la glace et ce que je vois me fait froid dans le dos. Des h\u00e9matomes, une sale mine, je suis vraiment mal. Autant que je vous donne les d\u00e9tails. Je sais que je n\u2019ai pas une bonne r\u00e9putation dans notre petite ville, mais je ne m\u2019attendais pas \u00e0 pareil traitement.","breadcrumb":{"@id":"https:\/\/ellington-photo.com\/ErosWalker\/lou-et-la-fille-en-rouge\/#breadcrumb"},"inLanguage":"fr-FR","potentialAction":[{"@type":"ReadAction","target":["https:\/\/ellington-photo.com\/ErosWalker\/lou-et-la-fille-en-rouge\/"]}]},{"@type":"BreadcrumbList","@id":"https:\/\/ellington-photo.com\/ErosWalker\/lou-et-la-fille-en-rouge\/#breadcrumb","itemListElement":[{"@type":"ListItem","position":1,"name":"Accueil","item":"https:\/\/ellington-photo.com\/ErosWalker\/"},{"@type":"ListItem","position":2,"name":"Lou et la fille en rouge"}]},{"@type":"WebSite","@id":"https:\/\/ellington-photo.com\/ErosWalker\/#website","url":"https:\/\/ellington-photo.com\/ErosWalker\/","name":"Eros Walker Stories","description":"Litt\u00e9rature et images","publisher":{"@id":"https:\/\/ellington-photo.com\/ErosWalker\/#organization"},"potentialAction":[{"@type":"SearchAction","target":{"@type":"EntryPoint","urlTemplate":"https:\/\/ellington-photo.com\/ErosWalker\/?s={search_term_string}"},"query-input":{"@type":"PropertyValueSpecification","valueRequired":true,"valueName":"search_term_string"}}],"inLanguage":"fr-FR"},{"@type":"Organization","@id":"https:\/\/ellington-photo.com\/ErosWalker\/#organization","name":"Eros Walker Stories","url":"https:\/\/ellington-photo.com\/ErosWalker\/","logo":{"@type":"ImageObject","inLanguage":"fr-FR","@id":"https:\/\/ellington-photo.com\/ErosWalker\/#\/schema\/logo\/image\/","url":"https:\/\/ellington-photo.com\/ErosWalker\/wp-content\/uploads\/2025\/05\/Chat-Noir.jpg","contentUrl":"https:\/\/ellington-photo.com\/ErosWalker\/wp-content\/uploads\/2025\/05\/Chat-Noir.jpg","width":400,"height":391,"caption":"Eros Walker Stories"},"image":{"@id":"https:\/\/ellington-photo.com\/ErosWalker\/#\/schema\/logo\/image\/"},"sameAs":["https:\/\/www.linkedin.com\/in\/eros-walker-ab710a298\/"]}]}},"_links":{"self":[{"href":"https:\/\/ellington-photo.com\/ErosWalker\/wp-json\/wp\/v2\/pages\/52","targetHints":{"allow":["GET"]}}],"collection":[{"href":"https:\/\/ellington-photo.com\/ErosWalker\/wp-json\/wp\/v2\/pages"}],"about":[{"href":"https:\/\/ellington-photo.com\/ErosWalker\/wp-json\/wp\/v2\/types\/page"}],"author":[{"embeddable":true,"href":"https:\/\/ellington-photo.com\/ErosWalker\/wp-json\/wp\/v2\/users\/1"}],"replies":[{"embeddable":true,"href":"https:\/\/ellington-photo.com\/ErosWalker\/wp-json\/wp\/v2\/comments?post=52"}],"version-history":[{"count":1,"href":"https:\/\/ellington-photo.com\/ErosWalker\/wp-json\/wp\/v2\/pages\/52\/revisions"}],"predecessor-version":[{"id":53,"href":"https:\/\/ellington-photo.com\/ErosWalker\/wp-json\/wp\/v2\/pages\/52\/revisions\/53"}],"wp:attachment":[{"href":"https:\/\/ellington-photo.com\/ErosWalker\/wp-json\/wp\/v2\/media?parent=52"}],"curies":[{"name":"wp","href":"https:\/\/api.w.org\/{rel}","templated":true}]}}