{"id":479,"date":"2025-05-15T09:56:28","date_gmt":"2025-05-15T07:56:28","guid":{"rendered":"https:\/\/ellington-photo.com\/ErosWalker\/?page_id=479"},"modified":"2025-05-26T10:29:22","modified_gmt":"2025-05-26T08:29:22","slug":"dernier-set-10","status":"publish","type":"page","link":"https:\/\/ellington-photo.com\/ErosWalker\/dernier-set-10\/","title":{"rendered":"Dernier Set (10)"},"content":{"rendered":"\n<h1 class=\"wp-block-heading\"><a>S\u00e9ance d\u2019enregistrement<\/a><\/h1>\n\n\n\n<p><strong>East Elk Avenue, Glendale, Californie<\/strong><\/p>\n\n\n\n<p>Je me r\u00e9veille avec la gueule de bois. J\u2019aimerais rester couch\u00e9 encore un moment pour que \u00e7a passe, mais j\u2019ai rendez-vous avec mes partenaires pour une s\u00e9ance studio. Je suis rentr\u00e9 \u00e0 trois heures du matin et j&rsquo;ai trop bu avec Nash. Apr\u00e8s avoir suivi mes deux tourmenteurs, mon pote est revenu au Club. Il m\u2019a fait part de ce qu\u2019il avait d\u00e9couvert, \u00e0 savoir pas grand-chose, mais il a surtout essay\u00e9 de me rassurer. De verre en verre, nous avons commenc\u00e9 \u00e0 refaire le monde et envisager divers avenirs. Ce matin, il ne me reste que le mal de t\u00eate et la sensation de voguer sur un bateau au milieu des vagues. Mon c\u0153ur est naus\u00e9eux comme le jour o\u00f9 je suis sorti pour une partie de p\u00eache avec des copains \u00e0 Catalina. J\u2019aime l\u2019oc\u00e9an, mais seulement vu depuis le sable de la plage. Je jette deux cachets de citrate de b\u00e9ta\u00efne dans un verre d\u2019eau et j\u2019avale un Advil. Le temps d\u2019une longue douche, les m\u00e9docs commencent \u00e0 faire leur effet et je me sens un peu mieux. Je regarde ma montre, j\u2019ai r\u00e9gl\u00e9 le r\u00e9veil au plus juste en rentrant, il ne faut pas que je traine. Un trio peut \u00e0 la limite commencer \u00e0 jouer sans la batterie ou sans la basse, mais si le pianiste n\u2019est pas l\u00e0, c\u2019est foutu.<\/p>\n\n\n\n<p>Le studio se situe \u00e0 Glendale. Ce n\u2019est pas vraiment un studio professionnel, c\u2019est un pote de Jeff qui a am\u00e9nag\u00e9 chez lui un espace permettant de r\u00e9aliser des enregistrements de qualit\u00e9 correcte afin de pr\u00e9parer des maquettes. Nous nous y retrouvons souvent, quand nous ne jouons pas le soir, pour travailler sur nos propres compositions. Il est un peu plus de onze heures quand le taxi me d\u00e9pose devant la porte. Je suis en retard, mais pas trop. Jeff et Martin sont d\u00e9j\u00e0 l\u00e0 et Marcus, le propri\u00e9taire des lieux et ing\u00e9nieur du son, leur fait \u00e9couter quelques enregistrements r\u00e9cents. On reste un moment \u00e0 discuter de ce qu\u2019on va faire avant de passer dans la zone d\u00e9di\u00e9e aux instrumentistes. Les conditions ne sont pas optimales, le piano est num\u00e9rique et Jeff a apport\u00e9 une basse \u00e9lectrique, moins encombrante que l\u2019acoustique, mais c\u2019est suffisant pour d\u00e9grossir nos nouveaux sch\u00e9mas. Nous jouons ensemble depuis quelques ann\u00e9es d\u00e9j\u00e0 et nous avons pu enregistrer trois albums sur un label ind\u00e9pendant. Sans rouler sur l\u2019or, nous arrivons \u00e0 vivre de notre musique, ce qui est plut\u00f4t pas mal. Chacun d\u2019entre nous a aussi des activit\u00e9s ind\u00e9pendantes en tant que sideman<a href=\"#_ftn1\" id=\"_ftnref1\">[1]<\/a> ou enseignant. Nous jouons en g\u00e9n\u00e9ral deux ou trois soirs par semaine dans les clubs de la ville et de la r\u00e9gion, ce qui nous laisse quand m\u00eame pas mal de temps libre.<\/p>\n\n\n\n<p>C\u2019est en g\u00e9n\u00e9ral moi qui \u00e9labore le canevas de nos compositions. J\u2019ai \u00e9tudi\u00e9 le piano au Conservatoire Fran\u00e7ais, \u00e0 Beverly Hills et j\u2019ai suivi des cours de musicologie \u00e0 l\u2019UCLA, apr\u00e8s mes premi\u00e8res ann\u00e9es de fac \u00e0 Santa Barbara. Jeff et Martin viennent ensuite enrichir les th\u00e8mes avec les sp\u00e9cificit\u00e9s de leurs instruments. Les morceaux sur lesquels nous travaillons en ce moment sont en chantier depuis quelques semaines, \u00e7a commence \u00e0 ressembler \u00e0 quelque chose. Il nous arrive m\u00eame de les tester certains soirs sur sc\u00e8ne. Mes principales influences ont \u00e9t\u00e9 Bill Evans et Oscar Peterson, mais surtout le fran\u00e7ais Michel Petrucciani que j\u2019ai eu la chance de voir jouer au Village Vanguard, \u00e0 une \u00e9poque o\u00f9 j\u2019allais assez souvent \u00e0 New-York.<\/p>\n\n\n\n<p>On joue pendant un peu plus d\u2019une heure. Marcus fait quelques prises que l\u2019on \u00e9tudie tous ensemble. On sent qu\u2019on se rapproche. Apr\u00e8s une pause pour le d\u00e9jeuner, Jeff me prend \u00e0 part.<\/p>\n\n\n\n<p>\u00ab Je te connais depuis assez longtemps, Mike, je vois quand quelque chose ne va pas chez toi. Ce matin tu as bien jou\u00e9, rien \u00e0 redire de ce c\u00f4t\u00e9-l\u00e0, mais je te sentais ailleurs. Qu\u2019est-ce qui te pr\u00e9occupe ? C\u2019est en relation avec ces gars qui t\u2019ont agress\u00e9 l\u2019autre soir ?<\/p>\n\n\n\n<p>\u2014 Ils sont revenus hier !<\/p>\n\n\n\n<p>\u2014 Oui, je sais, je les ai remarqu\u00e9s moi aussi. Qu\u2019est-ce qu\u2019ils te veulent ?<\/p>\n\n\n\n<p>\u2014 C\u2019est une histoire de jeu et de pognon.<\/p>\n\n\n\n<p>\u2014 Tu leur dois de l\u2019argent ?<\/p>\n\n\n\n<p>\u2014 Non, pas vraiment. J\u2019ai jou\u00e9 au poker contre leur patron et j\u2019ai gagn\u00e9. Un peu trop \u00e0 son go\u00fbt et il est mauvais perdant.<\/p>\n\n\n\n<p>\u2014 C\u2019est pour \u00e7a qu\u2019il a envoy\u00e9 ces types ? C\u2019est qui ce mec ? Un gangster ?<\/p>\n\n\n\n<p>\u2014 J\u2019en sais rien pour le moment. Avec Nash, on essaie de l\u2019identifier. Ensuite, on avisera. Tout ce qu\u2019on sait, c\u2019est qu\u2019il a un business sur le port de Long Beach et qu\u2019il roule en Lamborghini.<\/p>\n\n\n\n<p>\u2014 C\u2019est pas un mis\u00e9reux !<\/p>\n\n\n\n<p>\u2014 Je ne pense pas que ce soit le montant de mes gains qui lui pose un probl\u00e8me, c\u2019est plut\u00f4t une question d\u2019honneur, ou quelque chose comme \u00e7a.<\/p>\n\n\n\n<p>\u2014 C\u2019est plus g\u00eanant, en effet.<\/p>\n\n\n\n<p>\u2014 Allez, dis-je pour conclure, on ne va pas se laisser pourrir la vie pour \u00e7a, on y retourne ?<\/p>\n\n\n\n<p>\u2014 N\u2019oublie pas qu\u2019on est l\u00e0 pour t\u2019aider si tu as besoin de quelque chose !<\/p>\n\n\n\n<p>\u2014 Pas de probl\u00e8me, je sais que vous \u00eates de vrais amis. \u00bb<\/p>\n\n\n\n<p>On se remet au travail et on enregistre encore trois morceaux, avec de nombreuses pauses pour discuter du r\u00e9sultat. Quand on a enfin termin\u00e9, je reconnecte mon portable, je le coupe toujours quand je travaille. Je vois que Mary a essay\u00e9 de m\u2019appeler. Je lui r\u00e9pond par texto en lui proposant de boire un verre ce soir. Elle accepte le principe et je lui propose de passer \u00e0 la maison avec Nash s\u2019il est libre.<\/p>\n\n\n\n<hr class=\"wp-block-separator has-alpha-channel-opacity\"\/>\n\n\n\n<p><a href=\"#_ftnref1\" id=\"_ftn1\">[1]<\/a> Un sideman est un musicien professionnel dont les services sont requis pour enregistrer avec un groupe de musique dont il n&rsquo;est pas membre permanent.<\/p>\n\n\n\n<p><\/p>\n\n\n\n<p><strong><strong><strong><strong><strong>Chapitre suivant : <a href=\"https:\/\/ellington-photo.com\/ErosWalker\/dernier-set-4\/\"><\/a><\/strong><\/strong><\/strong><a href=\"https:\/\/ellington-photo.com\/ErosWalker\/dernier-set-11\/\"><strong><strong><strong>https:\/\/ellington-photo.com\/ErosWalker\/dernier-set-<\/strong><\/strong><\/strong>11\/<\/a><\/strong><\/strong><\/p>\n","protected":false},"excerpt":{"rendered":"<p>S\u00e9ance d\u2019enregistrement East Elk Avenue, Glendale, Californie Je me r\u00e9veille avec la gueule de bois. J\u2019aimerais rester couch\u00e9 encore un moment pour que \u00e7a passe, mais j\u2019ai rendez-vous avec mes partenaires pour une s\u00e9ance studio. Je suis rentr\u00e9 \u00e0 trois heures du matin et j&rsquo;ai &hellip; <\/p>\n","protected":false},"author":1,"featured_media":482,"parent":0,"menu_order":0,"comment_status":"closed","ping_status":"closed","template":"","meta":{"footnotes":""},"class_list":["post-479","page","type-page","status-publish","has-post-thumbnail","hentry"],"yoast_head":"<!-- This site is optimized with the Yoast SEO plugin v27.4 - https:\/\/yoast.com\/product\/yoast-seo-wordpress\/ -->\n<title>Dernier Set (10) - Eros Walker Stories<\/title>\n<meta name=\"robots\" content=\"index, follow, max-snippet:-1, max-image-preview:large, max-video-preview:-1\" \/>\n<link rel=\"canonical\" href=\"https:\/\/ellington-photo.com\/ErosWalker\/dernier-set-10\/\" \/>\n<meta property=\"og:locale\" content=\"fr_FR\" \/>\n<meta property=\"og:type\" content=\"article\" \/>\n<meta property=\"og:title\" content=\"Dernier Set (10) - Eros Walker Stories\" \/>\n<meta property=\"og:description\" content=\"S\u00e9ance d\u2019enregistrement East Elk Avenue, Glendale, Californie Je me r\u00e9veille avec la gueule de bois. J\u2019aimerais rester couch\u00e9 encore un moment pour que \u00e7a passe, mais j\u2019ai rendez-vous avec mes partenaires pour une s\u00e9ance studio. Je suis rentr\u00e9 \u00e0 trois heures du matin et j&rsquo;ai &hellip;\" \/>\n<meta property=\"og:url\" content=\"https:\/\/ellington-photo.com\/ErosWalker\/dernier-set-10\/\" \/>\n<meta property=\"og:site_name\" content=\"Eros Walker Stories\" \/>\n<meta property=\"article:modified_time\" content=\"2025-05-26T08:29:22+00:00\" \/>\n<meta property=\"og:image\" content=\"https:\/\/ellington-photo.com\/ErosWalker\/wp-content\/uploads\/2025\/05\/Dernier-Set-10.png\" \/>\n\t<meta property=\"og:image:width\" content=\"1536\" \/>\n\t<meta property=\"og:image:height\" content=\"1024\" \/>\n\t<meta property=\"og:image:type\" content=\"image\/png\" \/>\n<meta name=\"twitter:card\" content=\"summary_large_image\" \/>\n<meta name=\"twitter:label1\" content=\"Dur\u00e9e de lecture estim\u00e9e\" \/>\n\t<meta name=\"twitter:data1\" content=\"6 minutes\" \/>\n<script type=\"application\/ld+json\" class=\"yoast-schema-graph\">{\"@context\":\"https:\\\/\\\/schema.org\",\"@graph\":[{\"@type\":\"WebPage\",\"@id\":\"https:\\\/\\\/ellington-photo.com\\\/ErosWalker\\\/dernier-set-10\\\/\",\"url\":\"https:\\\/\\\/ellington-photo.com\\\/ErosWalker\\\/dernier-set-10\\\/\",\"name\":\"Dernier Set (10) - Eros Walker Stories\",\"isPartOf\":{\"@id\":\"https:\\\/\\\/ellington-photo.com\\\/ErosWalker\\\/#website\"},\"primaryImageOfPage\":{\"@id\":\"https:\\\/\\\/ellington-photo.com\\\/ErosWalker\\\/dernier-set-10\\\/#primaryimage\"},\"image\":{\"@id\":\"https:\\\/\\\/ellington-photo.com\\\/ErosWalker\\\/dernier-set-10\\\/#primaryimage\"},\"thumbnailUrl\":\"https:\\\/\\\/ellington-photo.com\\\/ErosWalker\\\/wp-content\\\/uploads\\\/2025\\\/05\\\/Dernier-Set-10.png\",\"datePublished\":\"2025-05-15T07:56:28+00:00\",\"dateModified\":\"2025-05-26T08:29:22+00:00\",\"breadcrumb\":{\"@id\":\"https:\\\/\\\/ellington-photo.com\\\/ErosWalker\\\/dernier-set-10\\\/#breadcrumb\"},\"inLanguage\":\"fr-FR\",\"potentialAction\":[{\"@type\":\"ReadAction\",\"target\":[\"https:\\\/\\\/ellington-photo.com\\\/ErosWalker\\\/dernier-set-10\\\/\"]}]},{\"@type\":\"ImageObject\",\"inLanguage\":\"fr-FR\",\"@id\":\"https:\\\/\\\/ellington-photo.com\\\/ErosWalker\\\/dernier-set-10\\\/#primaryimage\",\"url\":\"https:\\\/\\\/ellington-photo.com\\\/ErosWalker\\\/wp-content\\\/uploads\\\/2025\\\/05\\\/Dernier-Set-10.png\",\"contentUrl\":\"https:\\\/\\\/ellington-photo.com\\\/ErosWalker\\\/wp-content\\\/uploads\\\/2025\\\/05\\\/Dernier-Set-10.png\",\"width\":1536,\"height\":1024},{\"@type\":\"BreadcrumbList\",\"@id\":\"https:\\\/\\\/ellington-photo.com\\\/ErosWalker\\\/dernier-set-10\\\/#breadcrumb\",\"itemListElement\":[{\"@type\":\"ListItem\",\"position\":1,\"name\":\"Accueil\",\"item\":\"https:\\\/\\\/ellington-photo.com\\\/ErosWalker\\\/\"},{\"@type\":\"ListItem\",\"position\":2,\"name\":\"Dernier Set (10)\"}]},{\"@type\":\"WebSite\",\"@id\":\"https:\\\/\\\/ellington-photo.com\\\/ErosWalker\\\/#website\",\"url\":\"https:\\\/\\\/ellington-photo.com\\\/ErosWalker\\\/\",\"name\":\"Eros Walker Stories\",\"description\":\"Litt\u00e9rature et images\",\"publisher\":{\"@id\":\"https:\\\/\\\/ellington-photo.com\\\/ErosWalker\\\/#organization\"},\"potentialAction\":[{\"@type\":\"SearchAction\",\"target\":{\"@type\":\"EntryPoint\",\"urlTemplate\":\"https:\\\/\\\/ellington-photo.com\\\/ErosWalker\\\/?s={search_term_string}\"},\"query-input\":{\"@type\":\"PropertyValueSpecification\",\"valueRequired\":true,\"valueName\":\"search_term_string\"}}],\"inLanguage\":\"fr-FR\"},{\"@type\":\"Organization\",\"@id\":\"https:\\\/\\\/ellington-photo.com\\\/ErosWalker\\\/#organization\",\"name\":\"Eros Walker Stories\",\"url\":\"https:\\\/\\\/ellington-photo.com\\\/ErosWalker\\\/\",\"logo\":{\"@type\":\"ImageObject\",\"inLanguage\":\"fr-FR\",\"@id\":\"https:\\\/\\\/ellington-photo.com\\\/ErosWalker\\\/#\\\/schema\\\/logo\\\/image\\\/\",\"url\":\"https:\\\/\\\/ellington-photo.com\\\/ErosWalker\\\/wp-content\\\/uploads\\\/2025\\\/05\\\/Chat-Noir.jpg\",\"contentUrl\":\"https:\\\/\\\/ellington-photo.com\\\/ErosWalker\\\/wp-content\\\/uploads\\\/2025\\\/05\\\/Chat-Noir.jpg\",\"width\":400,\"height\":391,\"caption\":\"Eros Walker Stories\"},\"image\":{\"@id\":\"https:\\\/\\\/ellington-photo.com\\\/ErosWalker\\\/#\\\/schema\\\/logo\\\/image\\\/\"},\"sameAs\":[\"https:\\\/\\\/www.linkedin.com\\\/in\\\/eros-walker-ab710a298\\\/\"]}]}<\/script>\n<!-- \/ Yoast SEO plugin. -->","yoast_head_json":{"title":"Dernier Set (10) - Eros Walker Stories","robots":{"index":"index","follow":"follow","max-snippet":"max-snippet:-1","max-image-preview":"max-image-preview:large","max-video-preview":"max-video-preview:-1"},"canonical":"https:\/\/ellington-photo.com\/ErosWalker\/dernier-set-10\/","og_locale":"fr_FR","og_type":"article","og_title":"Dernier Set (10) - Eros Walker Stories","og_description":"S\u00e9ance d\u2019enregistrement East Elk Avenue, Glendale, Californie Je me r\u00e9veille avec la gueule de bois. J\u2019aimerais rester couch\u00e9 encore un moment pour que \u00e7a passe, mais j\u2019ai rendez-vous avec mes partenaires pour une s\u00e9ance studio. Je suis rentr\u00e9 \u00e0 trois heures du matin et j&rsquo;ai &hellip;","og_url":"https:\/\/ellington-photo.com\/ErosWalker\/dernier-set-10\/","og_site_name":"Eros Walker Stories","article_modified_time":"2025-05-26T08:29:22+00:00","og_image":[{"width":1536,"height":1024,"url":"https:\/\/ellington-photo.com\/ErosWalker\/wp-content\/uploads\/2025\/05\/Dernier-Set-10.png","type":"image\/png"}],"twitter_card":"summary_large_image","twitter_misc":{"Dur\u00e9e de lecture estim\u00e9e":"6 minutes"},"schema":{"@context":"https:\/\/schema.org","@graph":[{"@type":"WebPage","@id":"https:\/\/ellington-photo.com\/ErosWalker\/dernier-set-10\/","url":"https:\/\/ellington-photo.com\/ErosWalker\/dernier-set-10\/","name":"Dernier Set (10) - Eros Walker Stories","isPartOf":{"@id":"https:\/\/ellington-photo.com\/ErosWalker\/#website"},"primaryImageOfPage":{"@id":"https:\/\/ellington-photo.com\/ErosWalker\/dernier-set-10\/#primaryimage"},"image":{"@id":"https:\/\/ellington-photo.com\/ErosWalker\/dernier-set-10\/#primaryimage"},"thumbnailUrl":"https:\/\/ellington-photo.com\/ErosWalker\/wp-content\/uploads\/2025\/05\/Dernier-Set-10.png","datePublished":"2025-05-15T07:56:28+00:00","dateModified":"2025-05-26T08:29:22+00:00","breadcrumb":{"@id":"https:\/\/ellington-photo.com\/ErosWalker\/dernier-set-10\/#breadcrumb"},"inLanguage":"fr-FR","potentialAction":[{"@type":"ReadAction","target":["https:\/\/ellington-photo.com\/ErosWalker\/dernier-set-10\/"]}]},{"@type":"ImageObject","inLanguage":"fr-FR","@id":"https:\/\/ellington-photo.com\/ErosWalker\/dernier-set-10\/#primaryimage","url":"https:\/\/ellington-photo.com\/ErosWalker\/wp-content\/uploads\/2025\/05\/Dernier-Set-10.png","contentUrl":"https:\/\/ellington-photo.com\/ErosWalker\/wp-content\/uploads\/2025\/05\/Dernier-Set-10.png","width":1536,"height":1024},{"@type":"BreadcrumbList","@id":"https:\/\/ellington-photo.com\/ErosWalker\/dernier-set-10\/#breadcrumb","itemListElement":[{"@type":"ListItem","position":1,"name":"Accueil","item":"https:\/\/ellington-photo.com\/ErosWalker\/"},{"@type":"ListItem","position":2,"name":"Dernier Set (10)"}]},{"@type":"WebSite","@id":"https:\/\/ellington-photo.com\/ErosWalker\/#website","url":"https:\/\/ellington-photo.com\/ErosWalker\/","name":"Eros Walker Stories","description":"Litt\u00e9rature et images","publisher":{"@id":"https:\/\/ellington-photo.com\/ErosWalker\/#organization"},"potentialAction":[{"@type":"SearchAction","target":{"@type":"EntryPoint","urlTemplate":"https:\/\/ellington-photo.com\/ErosWalker\/?s={search_term_string}"},"query-input":{"@type":"PropertyValueSpecification","valueRequired":true,"valueName":"search_term_string"}}],"inLanguage":"fr-FR"},{"@type":"Organization","@id":"https:\/\/ellington-photo.com\/ErosWalker\/#organization","name":"Eros Walker Stories","url":"https:\/\/ellington-photo.com\/ErosWalker\/","logo":{"@type":"ImageObject","inLanguage":"fr-FR","@id":"https:\/\/ellington-photo.com\/ErosWalker\/#\/schema\/logo\/image\/","url":"https:\/\/ellington-photo.com\/ErosWalker\/wp-content\/uploads\/2025\/05\/Chat-Noir.jpg","contentUrl":"https:\/\/ellington-photo.com\/ErosWalker\/wp-content\/uploads\/2025\/05\/Chat-Noir.jpg","width":400,"height":391,"caption":"Eros Walker Stories"},"image":{"@id":"https:\/\/ellington-photo.com\/ErosWalker\/#\/schema\/logo\/image\/"},"sameAs":["https:\/\/www.linkedin.com\/in\/eros-walker-ab710a298\/"]}]}},"_links":{"self":[{"href":"https:\/\/ellington-photo.com\/ErosWalker\/wp-json\/wp\/v2\/pages\/479","targetHints":{"allow":["GET"]}}],"collection":[{"href":"https:\/\/ellington-photo.com\/ErosWalker\/wp-json\/wp\/v2\/pages"}],"about":[{"href":"https:\/\/ellington-photo.com\/ErosWalker\/wp-json\/wp\/v2\/types\/page"}],"author":[{"embeddable":true,"href":"https:\/\/ellington-photo.com\/ErosWalker\/wp-json\/wp\/v2\/users\/1"}],"replies":[{"embeddable":true,"href":"https:\/\/ellington-photo.com\/ErosWalker\/wp-json\/wp\/v2\/comments?post=479"}],"version-history":[{"count":2,"href":"https:\/\/ellington-photo.com\/ErosWalker\/wp-json\/wp\/v2\/pages\/479\/revisions"}],"predecessor-version":[{"id":487,"href":"https:\/\/ellington-photo.com\/ErosWalker\/wp-json\/wp\/v2\/pages\/479\/revisions\/487"}],"wp:featuredmedia":[{"embeddable":true,"href":"https:\/\/ellington-photo.com\/ErosWalker\/wp-json\/wp\/v2\/media\/482"}],"wp:attachment":[{"href":"https:\/\/ellington-photo.com\/ErosWalker\/wp-json\/wp\/v2\/media?parent=479"}],"curies":[{"name":"wp","href":"https:\/\/api.w.org\/{rel}","templated":true}]}}