{"id":473,"date":"2025-05-12T10:03:42","date_gmt":"2025-05-12T08:03:42","guid":{"rendered":"https:\/\/ellington-photo.com\/ErosWalker\/?page_id=473"},"modified":"2025-05-15T09:57:15","modified_gmt":"2025-05-15T07:57:15","slug":"dernier-set-9","status":"publish","type":"page","link":"https:\/\/ellington-photo.com\/ErosWalker\/dernier-set-9\/","title":{"rendered":"Dernier Set (9)"},"content":{"rendered":"\n<h1 class=\"wp-block-heading\"><a>Compl\u00e9ment de recherche<\/a><\/h1>\n\n\n\n<p><strong>Park Paseo Lane, Los Angeles<\/strong><\/p>\n\n\n\n<p>Mary Sakamura se r\u00e9veilla un peu plus tard qu\u2019\u00e0 son habitude. Elle sentit la pr\u00e9sence de Steve dans son lit et fit en sorte de ne pas le d\u00e9ranger en se levant. Elle avait dormi nue, ce qui lui arrivait rarement lorsqu\u2019elle \u00e9tait seule, ou alors apr\u00e8s une soir\u00e9e trop arros\u00e9e. Elle ramassa un T-shirt qui trainait sur le dos d\u2019une chaise et se dirigea vers la salle de bains. Elle fit couler la douche, tr\u00e8s chaude, jusqu\u2019\u00e0 ce que la vapeur envahisse l\u2019espace, puis se glissa sous le jet presque brulant. Ce rituel lui \u00e9tait n\u00e9cessaire pour se sentir pleinement \u00e9veill\u00e9e. Lorsqu\u2019elle revint dans la chambre, Steve \u00e9tait assis, le dos contre la t\u00eate de lit, les yeux encore pleins de sommeil.<\/p>\n\n\n\n<p>\u00ab Bien dormi ? demanda Mary.<\/p>\n\n\n\n<p>\u2014 Quelle heure est-il ?<\/p>\n\n\n\n<p>\u2014 Presque sept heures. Je vais faire du caf\u00e9. Tu voudras des \u0153ufs ?<\/p>\n\n\n\n<p>\u2014 Dans cette tenue ?<\/p>\n\n\n\n<p>\u2014 Quoi ? Qu\u2019est-ce qui ne va pas ?<\/p>\n\n\n\n<p>\u2014 Ce T-shirt est tellement court que je vois bien que tu n\u2019as rien dessous.<\/p>\n\n\n\n<p>\u2014 \u00c7a n\u2019avait pas l\u2019air de te d\u00e9ranger hier soir, r\u00e9pondit Mary en riant. Tiens, je l\u2019enl\u00e8ve. \u00bb<\/p>\n\n\n\n<p>La jeune femme fit voler le v\u00eatement en direction de son amant et se rapprocha du lit.<\/p>\n\n\n\n<p>\u00ab Comme \u00e7a, c\u2019est mieux ? dit-elle en prenant ses seins \u00e0 pleines mains.<\/p>\n\n\n\n<p>\u2014 Hum, je peux me passer des \u0153ufs, r\u00e9pondit Steve en lui attrapant le bras, et je prendrai le caf\u00e9 au bureau. \u00c7a nous laisse un peu de temps. Regarde, fit-il en tirant le drap, on peut se passer des pr\u00e9liminaires. \u00bb<\/p>\n\n\n\n<p>Vingt minutes plus tard, Saka parcourait les messages de la nuit sur son mobile. Elle prit un post-it et nota l\u2019immatriculation communiqu\u00e9e par Nash.<\/p>\n\n\n\n<p>\u00ab Tu as eu un extra ce matin, tu m\u2019en dois un en retour. J\u2019ai une autre immat\u2019 pour toi. Une Dodge Charger, voil\u00e0 le num\u00e9ro.<\/p>\n\n\n\n<p>\u2014 Je t\u2019appelle d\u00e8s que je suis au bureau. \u00bb<\/p>\n\n\n\n<p>Steve parti, Saka passa dans la pi\u00e8ce qui lui servait de bureau. M\u00eame si elle partageait un local avec Nash, elle avait un espace privatif o\u00f9 elle appr\u00e9ciait de se retrouver pour travailler sans influences perturbatrices. Elle \u00e9tait \u00e9quip\u00e9e de plusieurs ordinateurs ainsi que de dispositifs lui permettant de naviguer sur toutes les zones de l\u2019internet sans laisser de traces. La machine sur laquelle \u00e9taient stock\u00e9es ses donn\u00e9es les plus sensibles n\u2019\u00e9tait pas connect\u00e9e au r\u00e9seau, la d\u00e9tective les transf\u00e9rait r\u00e9guli\u00e8rement d\u2019un serveur \u00e0 l\u2019autre \u00e0 l\u2019aide d\u2019une cl\u00e9 crypt\u00e9e. Sa premi\u00e8re t\u00e2che de la journ\u00e9e \u00e9tait d\u2019identifier les entreprises domicili\u00e9es \u00e0 proximit\u00e9 des coordonn\u00e9es fournies par Nash. Elle reporta les chiffres sur une application de cartographie. Le point correspondait \u00e0 une zone de parking, sur le port de Long Beach. Sur la vue satellite, on distinguait une dizaine de voitures qui pouvaient \u00eatre associ\u00e9es \u00e0 trois b\u00e2timents, assez vastes pour servir d\u2019entrep\u00f4ts de transit. Des containers isol\u00e9s \u00e9taient \u00e9galement visibles sur l\u2019image.<\/p>\n\n\n\n<p>Mary passa sur le site de l\u2019autorit\u00e9 portuaire. Un plan permettait d\u2019identifier les diff\u00e9rentes zones du port avec leurs sp\u00e9cialisations. Celle qui l\u2019int\u00e9ressait \u00e9tait d\u00e9crite comme \u00e9tant d\u00e9di\u00e9e aux transit de marchandises s\u00e8ches. Le nom de plusieurs soci\u00e9t\u00e9s \u00e9tait cit\u00e9. Elle les nota avec l\u2019intention de croiser ces informations avec celles de sites d\u2019information financi\u00e8re. Au bout d\u2019une heure, apr\u00e8s avoir \u00e9limin\u00e9 toutes les entit\u00e9s rattach\u00e9es \u00e0 de grands groupes internationaux, il lui restait une liste de trois noms, Californian Maritime Company, King Trading Corp et Chance International Overseas. Elle regarda l\u2019heure au bas de son \u00e9cran. Neuf heures dix, il \u00e9tait grand temps de retrouver Nash et de partager ces informations.<\/p>\n\n\n\n<p>Pendant qu\u2019elle achevait de s\u2019habiller, elle entendit le son d\u2019une notification sur son mobile. Le message provenait de Steve.<\/p>\n\n\n\n<p>\u00ab Dodge Charger 2021, couleur noire, propri\u00e9taire : Jack Russo, 47 Newmeadow, Irvine Californie. \u00bb<\/p>\n\n\n\n<p>Elle fit suivre l\u2019info \u00e0 son partenaire, en ajoutant les noms des trois soci\u00e9t\u00e9s.<\/p>\n\n\n\n<p><\/p>\n\n\n\n<p><strong><strong><strong><strong>Chapitre suivant : <a href=\"https:\/\/ellington-photo.com\/ErosWalker\/dernier-set-4\/\"><\/a><\/strong><\/strong><\/strong><a href=\"https:\/\/ellington-photo.com\/ErosWalker\/dernier-set-10\/\"><strong><strong><strong>https:\/\/ellington-photo.com\/ErosWalker\/dernier-set-<\/strong><\/strong><\/strong>10\/<\/a><\/strong><\/p>\n\n\n\n<p><\/p>\n","protected":false},"excerpt":{"rendered":"<p>Compl\u00e9ment de recherche Park Paseo Lane, Los Angeles Mary Sakamura se r\u00e9veilla un peu plus tard qu\u2019\u00e0 son habitude. Elle sentit la pr\u00e9sence de Steve dans son lit et fit en sorte de ne pas le d\u00e9ranger en se levant. Elle avait dormi nue, ce &hellip; <\/p>\n","protected":false},"author":1,"featured_media":477,"parent":0,"menu_order":0,"comment_status":"closed","ping_status":"closed","template":"","meta":{"footnotes":""},"class_list":["post-473","page","type-page","status-publish","has-post-thumbnail","hentry"],"yoast_head":"<!-- This site is optimized with the Yoast SEO plugin v27.4 - https:\/\/yoast.com\/product\/yoast-seo-wordpress\/ -->\n<title>Dernier Set (9) - Eros Walker Stories<\/title>\n<meta name=\"robots\" content=\"index, follow, max-snippet:-1, max-image-preview:large, max-video-preview:-1\" \/>\n<link rel=\"canonical\" href=\"https:\/\/ellington-photo.com\/ErosWalker\/dernier-set-9\/\" \/>\n<meta property=\"og:locale\" content=\"fr_FR\" \/>\n<meta property=\"og:type\" content=\"article\" \/>\n<meta property=\"og:title\" content=\"Dernier Set (9) - Eros Walker Stories\" \/>\n<meta property=\"og:description\" content=\"Compl\u00e9ment de recherche Park Paseo Lane, Los Angeles Mary Sakamura se r\u00e9veilla un peu plus tard qu\u2019\u00e0 son habitude. Elle sentit la pr\u00e9sence de Steve dans son lit et fit en sorte de ne pas le d\u00e9ranger en se levant. Elle avait dormi nue, ce &hellip;\" \/>\n<meta property=\"og:url\" content=\"https:\/\/ellington-photo.com\/ErosWalker\/dernier-set-9\/\" \/>\n<meta property=\"og:site_name\" content=\"Eros Walker Stories\" \/>\n<meta property=\"article:modified_time\" content=\"2025-05-15T07:57:15+00:00\" \/>\n<meta property=\"og:image\" content=\"https:\/\/ellington-photo.com\/ErosWalker\/wp-content\/uploads\/2025\/05\/Dernier-Set-09.jpg\" \/>\n\t<meta property=\"og:image:width\" content=\"2368\" \/>\n\t<meta property=\"og:image:height\" content=\"1792\" \/>\n\t<meta property=\"og:image:type\" content=\"image\/jpeg\" \/>\n<meta name=\"twitter:card\" content=\"summary_large_image\" \/>\n<meta name=\"twitter:label1\" content=\"Dur\u00e9e de lecture estim\u00e9e\" \/>\n\t<meta name=\"twitter:data1\" content=\"4 minutes\" \/>\n<script type=\"application\/ld+json\" class=\"yoast-schema-graph\">{\"@context\":\"https:\\\/\\\/schema.org\",\"@graph\":[{\"@type\":\"WebPage\",\"@id\":\"https:\\\/\\\/ellington-photo.com\\\/ErosWalker\\\/dernier-set-9\\\/\",\"url\":\"https:\\\/\\\/ellington-photo.com\\\/ErosWalker\\\/dernier-set-9\\\/\",\"name\":\"Dernier Set (9) - Eros Walker Stories\",\"isPartOf\":{\"@id\":\"https:\\\/\\\/ellington-photo.com\\\/ErosWalker\\\/#website\"},\"primaryImageOfPage\":{\"@id\":\"https:\\\/\\\/ellington-photo.com\\\/ErosWalker\\\/dernier-set-9\\\/#primaryimage\"},\"image\":{\"@id\":\"https:\\\/\\\/ellington-photo.com\\\/ErosWalker\\\/dernier-set-9\\\/#primaryimage\"},\"thumbnailUrl\":\"https:\\\/\\\/ellington-photo.com\\\/ErosWalker\\\/wp-content\\\/uploads\\\/2025\\\/05\\\/Dernier-Set-09.jpg\",\"datePublished\":\"2025-05-12T08:03:42+00:00\",\"dateModified\":\"2025-05-15T07:57:15+00:00\",\"breadcrumb\":{\"@id\":\"https:\\\/\\\/ellington-photo.com\\\/ErosWalker\\\/dernier-set-9\\\/#breadcrumb\"},\"inLanguage\":\"fr-FR\",\"potentialAction\":[{\"@type\":\"ReadAction\",\"target\":[\"https:\\\/\\\/ellington-photo.com\\\/ErosWalker\\\/dernier-set-9\\\/\"]}]},{\"@type\":\"ImageObject\",\"inLanguage\":\"fr-FR\",\"@id\":\"https:\\\/\\\/ellington-photo.com\\\/ErosWalker\\\/dernier-set-9\\\/#primaryimage\",\"url\":\"https:\\\/\\\/ellington-photo.com\\\/ErosWalker\\\/wp-content\\\/uploads\\\/2025\\\/05\\\/Dernier-Set-09.jpg\",\"contentUrl\":\"https:\\\/\\\/ellington-photo.com\\\/ErosWalker\\\/wp-content\\\/uploads\\\/2025\\\/05\\\/Dernier-Set-09.jpg\",\"width\":2368,\"height\":1792},{\"@type\":\"BreadcrumbList\",\"@id\":\"https:\\\/\\\/ellington-photo.com\\\/ErosWalker\\\/dernier-set-9\\\/#breadcrumb\",\"itemListElement\":[{\"@type\":\"ListItem\",\"position\":1,\"name\":\"Accueil\",\"item\":\"https:\\\/\\\/ellington-photo.com\\\/ErosWalker\\\/\"},{\"@type\":\"ListItem\",\"position\":2,\"name\":\"Dernier Set (9)\"}]},{\"@type\":\"WebSite\",\"@id\":\"https:\\\/\\\/ellington-photo.com\\\/ErosWalker\\\/#website\",\"url\":\"https:\\\/\\\/ellington-photo.com\\\/ErosWalker\\\/\",\"name\":\"Eros Walker Stories\",\"description\":\"Litt\u00e9rature et images\",\"publisher\":{\"@id\":\"https:\\\/\\\/ellington-photo.com\\\/ErosWalker\\\/#organization\"},\"potentialAction\":[{\"@type\":\"SearchAction\",\"target\":{\"@type\":\"EntryPoint\",\"urlTemplate\":\"https:\\\/\\\/ellington-photo.com\\\/ErosWalker\\\/?s={search_term_string}\"},\"query-input\":{\"@type\":\"PropertyValueSpecification\",\"valueRequired\":true,\"valueName\":\"search_term_string\"}}],\"inLanguage\":\"fr-FR\"},{\"@type\":\"Organization\",\"@id\":\"https:\\\/\\\/ellington-photo.com\\\/ErosWalker\\\/#organization\",\"name\":\"Eros Walker Stories\",\"url\":\"https:\\\/\\\/ellington-photo.com\\\/ErosWalker\\\/\",\"logo\":{\"@type\":\"ImageObject\",\"inLanguage\":\"fr-FR\",\"@id\":\"https:\\\/\\\/ellington-photo.com\\\/ErosWalker\\\/#\\\/schema\\\/logo\\\/image\\\/\",\"url\":\"https:\\\/\\\/ellington-photo.com\\\/ErosWalker\\\/wp-content\\\/uploads\\\/2025\\\/05\\\/Chat-Noir.jpg\",\"contentUrl\":\"https:\\\/\\\/ellington-photo.com\\\/ErosWalker\\\/wp-content\\\/uploads\\\/2025\\\/05\\\/Chat-Noir.jpg\",\"width\":400,\"height\":391,\"caption\":\"Eros Walker Stories\"},\"image\":{\"@id\":\"https:\\\/\\\/ellington-photo.com\\\/ErosWalker\\\/#\\\/schema\\\/logo\\\/image\\\/\"},\"sameAs\":[\"https:\\\/\\\/www.linkedin.com\\\/in\\\/eros-walker-ab710a298\\\/\"]}]}<\/script>\n<!-- \/ Yoast SEO plugin. -->","yoast_head_json":{"title":"Dernier Set (9) - Eros Walker Stories","robots":{"index":"index","follow":"follow","max-snippet":"max-snippet:-1","max-image-preview":"max-image-preview:large","max-video-preview":"max-video-preview:-1"},"canonical":"https:\/\/ellington-photo.com\/ErosWalker\/dernier-set-9\/","og_locale":"fr_FR","og_type":"article","og_title":"Dernier Set (9) - Eros Walker Stories","og_description":"Compl\u00e9ment de recherche Park Paseo Lane, Los Angeles Mary Sakamura se r\u00e9veilla un peu plus tard qu\u2019\u00e0 son habitude. Elle sentit la pr\u00e9sence de Steve dans son lit et fit en sorte de ne pas le d\u00e9ranger en se levant. Elle avait dormi nue, ce &hellip;","og_url":"https:\/\/ellington-photo.com\/ErosWalker\/dernier-set-9\/","og_site_name":"Eros Walker Stories","article_modified_time":"2025-05-15T07:57:15+00:00","og_image":[{"width":2368,"height":1792,"url":"https:\/\/ellington-photo.com\/ErosWalker\/wp-content\/uploads\/2025\/05\/Dernier-Set-09.jpg","type":"image\/jpeg"}],"twitter_card":"summary_large_image","twitter_misc":{"Dur\u00e9e de lecture estim\u00e9e":"4 minutes"},"schema":{"@context":"https:\/\/schema.org","@graph":[{"@type":"WebPage","@id":"https:\/\/ellington-photo.com\/ErosWalker\/dernier-set-9\/","url":"https:\/\/ellington-photo.com\/ErosWalker\/dernier-set-9\/","name":"Dernier Set (9) - Eros Walker Stories","isPartOf":{"@id":"https:\/\/ellington-photo.com\/ErosWalker\/#website"},"primaryImageOfPage":{"@id":"https:\/\/ellington-photo.com\/ErosWalker\/dernier-set-9\/#primaryimage"},"image":{"@id":"https:\/\/ellington-photo.com\/ErosWalker\/dernier-set-9\/#primaryimage"},"thumbnailUrl":"https:\/\/ellington-photo.com\/ErosWalker\/wp-content\/uploads\/2025\/05\/Dernier-Set-09.jpg","datePublished":"2025-05-12T08:03:42+00:00","dateModified":"2025-05-15T07:57:15+00:00","breadcrumb":{"@id":"https:\/\/ellington-photo.com\/ErosWalker\/dernier-set-9\/#breadcrumb"},"inLanguage":"fr-FR","potentialAction":[{"@type":"ReadAction","target":["https:\/\/ellington-photo.com\/ErosWalker\/dernier-set-9\/"]}]},{"@type":"ImageObject","inLanguage":"fr-FR","@id":"https:\/\/ellington-photo.com\/ErosWalker\/dernier-set-9\/#primaryimage","url":"https:\/\/ellington-photo.com\/ErosWalker\/wp-content\/uploads\/2025\/05\/Dernier-Set-09.jpg","contentUrl":"https:\/\/ellington-photo.com\/ErosWalker\/wp-content\/uploads\/2025\/05\/Dernier-Set-09.jpg","width":2368,"height":1792},{"@type":"BreadcrumbList","@id":"https:\/\/ellington-photo.com\/ErosWalker\/dernier-set-9\/#breadcrumb","itemListElement":[{"@type":"ListItem","position":1,"name":"Accueil","item":"https:\/\/ellington-photo.com\/ErosWalker\/"},{"@type":"ListItem","position":2,"name":"Dernier Set (9)"}]},{"@type":"WebSite","@id":"https:\/\/ellington-photo.com\/ErosWalker\/#website","url":"https:\/\/ellington-photo.com\/ErosWalker\/","name":"Eros Walker Stories","description":"Litt\u00e9rature et images","publisher":{"@id":"https:\/\/ellington-photo.com\/ErosWalker\/#organization"},"potentialAction":[{"@type":"SearchAction","target":{"@type":"EntryPoint","urlTemplate":"https:\/\/ellington-photo.com\/ErosWalker\/?s={search_term_string}"},"query-input":{"@type":"PropertyValueSpecification","valueRequired":true,"valueName":"search_term_string"}}],"inLanguage":"fr-FR"},{"@type":"Organization","@id":"https:\/\/ellington-photo.com\/ErosWalker\/#organization","name":"Eros Walker Stories","url":"https:\/\/ellington-photo.com\/ErosWalker\/","logo":{"@type":"ImageObject","inLanguage":"fr-FR","@id":"https:\/\/ellington-photo.com\/ErosWalker\/#\/schema\/logo\/image\/","url":"https:\/\/ellington-photo.com\/ErosWalker\/wp-content\/uploads\/2025\/05\/Chat-Noir.jpg","contentUrl":"https:\/\/ellington-photo.com\/ErosWalker\/wp-content\/uploads\/2025\/05\/Chat-Noir.jpg","width":400,"height":391,"caption":"Eros Walker Stories"},"image":{"@id":"https:\/\/ellington-photo.com\/ErosWalker\/#\/schema\/logo\/image\/"},"sameAs":["https:\/\/www.linkedin.com\/in\/eros-walker-ab710a298\/"]}]}},"_links":{"self":[{"href":"https:\/\/ellington-photo.com\/ErosWalker\/wp-json\/wp\/v2\/pages\/473","targetHints":{"allow":["GET"]}}],"collection":[{"href":"https:\/\/ellington-photo.com\/ErosWalker\/wp-json\/wp\/v2\/pages"}],"about":[{"href":"https:\/\/ellington-photo.com\/ErosWalker\/wp-json\/wp\/v2\/types\/page"}],"author":[{"embeddable":true,"href":"https:\/\/ellington-photo.com\/ErosWalker\/wp-json\/wp\/v2\/users\/1"}],"replies":[{"embeddable":true,"href":"https:\/\/ellington-photo.com\/ErosWalker\/wp-json\/wp\/v2\/comments?post=473"}],"version-history":[{"count":2,"href":"https:\/\/ellington-photo.com\/ErosWalker\/wp-json\/wp\/v2\/pages\/473\/revisions"}],"predecessor-version":[{"id":481,"href":"https:\/\/ellington-photo.com\/ErosWalker\/wp-json\/wp\/v2\/pages\/473\/revisions\/481"}],"wp:featuredmedia":[{"embeddable":true,"href":"https:\/\/ellington-photo.com\/ErosWalker\/wp-json\/wp\/v2\/media\/477"}],"wp:attachment":[{"href":"https:\/\/ellington-photo.com\/ErosWalker\/wp-json\/wp\/v2\/media?parent=473"}],"curies":[{"name":"wp","href":"https:\/\/api.w.org\/{rel}","templated":true}]}}