{"id":461,"date":"2025-04-28T16:33:55","date_gmt":"2025-04-28T14:33:55","guid":{"rendered":"https:\/\/ellington-photo.com\/ErosWalker\/?page_id=461"},"modified":"2025-05-06T16:54:30","modified_gmt":"2025-05-06T14:54:30","slug":"dernier-set-7","status":"publish","type":"page","link":"https:\/\/ellington-photo.com\/ErosWalker\/dernier-set-7\/","title":{"rendered":"Dernier Set (7)"},"content":{"rendered":"\n<h1 class=\"wp-block-heading\"><a>Le Club<\/a><\/h1>\n\n\n\n<p><strong>Le Club, Santa Monica Boulevard \u2013 West Hollywood<\/strong><\/p>\n\n\n\n<p>C\u2019est la sonnerie de mon t\u00e9l\u00e9phone qui me tire d\u2019un sommeil lourd. Je regarde l\u2019appareil, ce n\u2019est pas un appel, mais l\u2019alarme que j\u2019avais programm\u00e9e pour vingt heures. Il fait presque nuit dans la pi\u00e8ce. J\u2019ai encore deux heures pour me pr\u00e9parer et rejoindre Le Club. Dans la glace, mon allure ne s\u2019est pas franchement am\u00e9lior\u00e9e. J\u2019ai un \u0153il \u00e0 demi-ferm\u00e9 par l\u2019h\u00e9matome qui le cerne et une plaie qui a s\u00e9ch\u00e9 \u00e0 la commissure des l\u00e8vres. J\u2019applique un peu de pommade et je d\u00e9sinfecte la blessure. J\u2019ai encore les abdos douloureux, mais j\u2019ai l\u2019impression que \u00e7a va mieux \u00e0 l\u2019int\u00e9rieur. J\u2019essaierai de manger un morceau en arrivant, Jerry a toujours de quoi nourrir ses musicos. Pour le moment, je me contente d\u2019un caf\u00e9 bien fort. Je jette un coup d\u2019\u0153il dans mon dressing. Les cintres vides sont les plus nombreux. Il faudra que je passe au pressing rapidement. Nous ne sommes plus au temps o\u00f9 m\u00eame les rockers portaient une cravate, mais notre trio pr\u00e9f\u00e8re se produire avec une tenue assez soign\u00e9e. Je regarde ma montre, il me reste une petite heure. Je me mets au piano pour me d\u00e9rouiller les doigts. J\u2019ai depuis quelques temps remplac\u00e9 mon vieux Yamaha par son descendant digital, je peux ainsi jouer \u00e0 n\u2019importe quelle heure sans d\u00e9ranger mes voisins. Je coiffe le casque et plaque quelques accords. J\u2019enchaine les exercices pour me rassurer, tout va bien de ce c\u00f4t\u00e9-l\u00e0. \u00c0 dix heures moins le quart, je commande un taxi et sors attendre dans la rue. Je reconnais le chauffeur, c\u2019est un latino qui doit travailler dans le quartier, il ne me demande pas o\u00f9 je vais, c\u2019est d\u00e9j\u00e0 enregistr\u00e9 dans son application.<\/p>\n\n\n\n<p>\u00ab Il y en a pour une vingtaine de minutes, me pr\u00e9cise l\u2019homme en d\u00e9signant l\u2019\u00e9cran de son t\u00e9l\u00e9phone sur le tableau de bord. Vous voulez de la musique ? Une station de jazz ?<\/p>\n\n\n\n<p>\u2014 KJAZZ sur 88.1, si vous voulez bien. \u00bb<\/p>\n\n\n\n<p>Le chauffeur r\u00e8gle sa radio et Miles Davis remplit l\u2019habitacle. Je ne suis pas un grand fan de la trompette, je n\u2019en ai jamais eu dans mes formations, mais Miles, c\u2019est tout de m\u00eame chouette. Je reconnais <em>So What<\/em>, dans la version extraite de l\u2019album Kind of Blue, sans doute l\u2019un des meilleurs albums de jazz de tous les temps. C\u2019est ensuite <em>Misty, <\/em>par Errol Garner, un morceau que j\u2019ai souvent repris avec le trio. La voiture ralentit et s\u2019arr\u00eate. Je sors de ma m\u00e9lancolie. Le chauffeur me tend sa carte.<\/p>\n\n\n\n<p>\u00ab Appelez-moi directement, je vous ferai un prix.<\/p>\n\n\n\n<p>\u2014 Merci, dis-je machinalement, mais je risque de terminer assez tard.<\/p>\n\n\n\n<p>\u2014 Pas de probl\u00e8me, Monsieur, je tourne toute la nuit.&nbsp;\u00bb<\/p>\n\n\n\n<p>J\u2019empoche le bout de carton en me demandant combien les plateformes pr\u00e9l\u00e8vent sur le montant de la course. Jerry me regarde entrer avec un dr\u00f4le d\u2019air. Il me faut un moment pour comprendre. Je remets mes lunettes de soleil.<\/p>\n\n\n\n<p>\u00ab Qu\u2019est-ce qui t\u2019es arriv\u00e9 ? T\u2019as crois\u00e9 l\u2019amant de ta femme ?<\/p>\n\n\n\n<p>\u2014 C\u2019est la deuxi\u00e8me blague foireuse de la journ\u00e9e, merci. Deux types me sont tomb\u00e9s dessus quand je suis sorti d\u2019ici, la nuit derni\u00e8re.<\/p>\n\n\n\n<p>\u2014 Ils ne t\u2019ont pas loup\u00e9, tu peux jouer ?<\/p>\n\n\n\n<p>\u2014 Bien s\u00fbr, sinon je t\u2019aurais pr\u00e9venu. C\u2019est pas comme si j\u2019avais besoin de lire les partitions. Ray Charles se d\u00e9brouillait tr\u00e8s bien dans le noir, et Stevie Wonder aussi. Martin et Jeff sont arriv\u00e9s ?<\/p>\n\n\n\n<p>\u2014 Ils sont derri\u00e8re ! \u00bb<\/p>\n\n\n\n<p><em>Derri\u00e8re<\/em> d\u00e9signe une petite pi\u00e8ce \u00e0 l\u2019\u00e9cart servant \u00e0 la fois de loge pour les musiciens et d\u2019espace pour ranger les instruments mobiles. Jeff y laisse sa contrebasse quand nous devons jouer plusieurs soirs de suite.<\/p>\n\n\n\n<p>\u00ab Tu aurais quelque chose \u00e0 manger, je n\u2019ai pas d\u00e9jeun\u00e9 et pas d\u00een\u00e9 non plus.<\/p>\n\n\n\n<p>\u2014 Je peux te pr\u00e9parer un sandwich \u00e0 la dinde ou si tu pr\u00e9f\u00e8res, je peux te commander quelque chose chez le chinois d\u2019\u00e0 c\u00f4t\u00e9.<\/p>\n\n\n\n<p>\u2014 OK pour le sandwich, \u00e7a ira bien. Je vais rejoindre les autres. \u00bb<\/p>\n\n\n\n<p>Je retrouve mes partenaires dans le local qui nous est affect\u00e9. J\u2019ai droit \u00e0 de nouvelles questions.<\/p>\n\n\n\n<p>\u00ab C\u2019est les types que j\u2019ai rep\u00e9r\u00e9s au bar ? demande Jeff.<\/p>\n\n\n\n<p>\u2014 Oui, ils m\u2019attendaient dehors et ils m\u2019ont agress\u00e9 d\u00e8s que vous \u00eates partis.<\/p>\n\n\n\n<p>\u2014 Qu\u2019est-ce qu\u2019ils te voulaient ? questionne Martin.<\/p>\n\n\n\n<p>\u2014 Je pr\u00e9f\u00e8re ne pas trop en parler, si \u00e7a ne vous d\u00e9range pas. Rien qui vous concerne en tout cas. Et ne vous inqui\u00e9tez pas, je suis en \u00e9tat de jouer.<\/p>\n\n\n\n<p>\u2014 Bon, c\u2019est toi qui vois, conclut Jeff en d\u00e9ballant sa grand-m\u00e8re<a href=\"#_ftn1\" id=\"_ftnref1\">[1]<\/a>. \u00bb<\/p>\n\n\n\n<p>Je reviens au bar. Jerry me tend une assiette et une pinte de bi\u00e8re. La salle est encore vide, la bo\u00eete n\u2019ouvre pour les clients qu\u2019\u00e0 onze heures. Martin teste ses toms et retend quelques peaux. Jeff accorde son instrument. Je les rejoins sur l\u2019estrade pour faire les balances et la lumi\u00e8re, avec Linda, l\u2019assistante de Jerry. Les premiers clients arrivent et les tables se couvrent de verres. Je finis ma bi\u00e8re au bar. Linda diffuse de la musique enregistr\u00e9e avant que nous n\u2019attaquions le premier set. On fait g\u00e9n\u00e9ralement trois passages. Le premier, c\u2019est des morceaux faciles, des standards que tout le monde connait par c\u0153ur. \u00c7a plait \u00e0 ceux qui ne viennent pas souvent. Dans le deuxi\u00e8me, on essaie nos propres compositions ou des variations sur des th\u00e8mes plus ardus et au troisi\u00e8me on finit plus cool. Martin monte le premier, suivi de Jeff. Je les rejoins et m\u2019installe au clavier, avec mes lunettes et mon chapeau je fais un peu Blues Brother, enfin en plus noir que Dan Aykroyd. J\u2019attaque <em>Alice in Wonderland<\/em>, de Bill Evans. Linda r\u00e9duit l\u2019\u00e9clairage de la salle. C\u2019est reparti.<\/p>\n\n\n\n<p>Minuit et demi, premi\u00e8re pause. Je suis au bar quand je vois Nash qui entre, seul. Je lui fait signe et il vient me rejoindre. Jerry lui apporte un whisky, il connait ses habitudes.<\/p>\n\n\n\n<p>\u00ab Je suis all\u00e9 voir un biker sur le port, il va se renseigner pour ton type, le conducteur de la Lamborghini. Il ne doit pas y en avoir des masses sur les quais.<\/p>\n\n\n\n<p>\u2014 Merci vieux, qu\u2019est-ce qu\u2019on fera si on ne les retrouve pas ?<\/p>\n\n\n\n<p>\u2014 Ils te retrouveront, eux, et on essaiera d\u2019\u00eatre l\u00e0 !<\/p>\n\n\n\n<p>\u2014 Tu crois que ces types sont vraiment dangereux ?<\/p>\n\n\n\n<p>\u2014 Quand on te regarde, on se dit qu\u2019ils ne jouent pas vraiment chez les amateurs.<\/p>\n\n\n\n<p>\u2014 Tu restes un moment ? On va jouer quelques morceaux nouveaux.<\/p>\n\n\n\n<p>\u2014 Avec plaisir, je vais me trouver une table dans un coin. \u00bb<\/p>\n\n\n\n<p>C\u2019est au milieu du deuxi\u00e8me set que je les rep\u00e8re. Les m\u00eames gars qu\u2019hier. Ils me regardent et le petit me fait un signe, d\u00e9signant ses yeux de ses doigts. J\u2019essaie de d\u00e9tourner le regard, mais je reviens r\u00e9guli\u00e8rement sur le bar. Ils me tournent le dos maintenant, sirotant un verre. Apr\u00e8s moins d\u2019un quart d\u2019heure, je les vois faire signe \u00e0 Jerry. Le plus grand tend un billet et ils sortent. Nash se l\u00e8ve \u00e0 leur suite.<\/p>\n\n\n\n<hr class=\"wp-block-separator has-alpha-channel-opacity\"\/>\n\n\n\n<p><a href=\"#_ftnref1\" id=\"_ftn1\">[1]<\/a> Surnom donn\u00e9 par les musiciens \u00e0 la contrebasse<\/p>\n\n\n\n<p><\/p>\n\n\n\n<p><strong><strong>Chapitre suivant : <a href=\"https:\/\/ellington-photo.com\/ErosWalker\/dernier-set-4\/\"><\/a><a href=\"https:\/\/ellington-photo.com\/ErosWalker\/dernier-set-8\/\">https:\/\/ellington-photo.com\/ErosWalker\/dernier-set-<\/a>8<a href=\"https:\/\/ellington-photo.com\/ErosWalker\/dernier-set-6\/\">\/<\/a><\/strong><\/strong><\/p>\n\n\n\n<p><\/p>\n","protected":false},"excerpt":{"rendered":"<p>Le Club Le Club, Santa Monica Boulevard \u2013 West Hollywood C\u2019est la sonnerie de mon t\u00e9l\u00e9phone qui me tire d\u2019un sommeil lourd. Je regarde l\u2019appareil, ce n\u2019est pas un appel, mais l\u2019alarme que j\u2019avais programm\u00e9e pour vingt heures. Il fait presque nuit dans la pi\u00e8ce. &hellip; <\/p>\n","protected":false},"author":1,"featured_media":464,"parent":0,"menu_order":0,"comment_status":"closed","ping_status":"closed","template":"","meta":{"footnotes":""},"class_list":["post-461","page","type-page","status-publish","has-post-thumbnail","hentry"],"yoast_head":"<!-- This site is optimized with the Yoast SEO plugin v27.4 - https:\/\/yoast.com\/product\/yoast-seo-wordpress\/ -->\n<title>Dernier Set (7) - Eros Walker Stories<\/title>\n<meta name=\"robots\" content=\"index, follow, max-snippet:-1, max-image-preview:large, max-video-preview:-1\" \/>\n<link rel=\"canonical\" href=\"https:\/\/ellington-photo.com\/ErosWalker\/dernier-set-7\/\" \/>\n<meta property=\"og:locale\" content=\"fr_FR\" \/>\n<meta property=\"og:type\" content=\"article\" \/>\n<meta property=\"og:title\" content=\"Dernier Set (7) - Eros Walker Stories\" \/>\n<meta property=\"og:description\" content=\"Le Club Le Club, Santa Monica Boulevard \u2013 West Hollywood C\u2019est la sonnerie de mon t\u00e9l\u00e9phone qui me tire d\u2019un sommeil lourd. Je regarde l\u2019appareil, ce n\u2019est pas un appel, mais l\u2019alarme que j\u2019avais programm\u00e9e pour vingt heures. Il fait presque nuit dans la pi\u00e8ce. &hellip;\" \/>\n<meta property=\"og:url\" content=\"https:\/\/ellington-photo.com\/ErosWalker\/dernier-set-7\/\" \/>\n<meta property=\"og:site_name\" content=\"Eros Walker Stories\" \/>\n<meta property=\"article:modified_time\" content=\"2025-05-06T14:54:30+00:00\" \/>\n<meta property=\"og:image\" content=\"https:\/\/ellington-photo.com\/ErosWalker\/wp-content\/uploads\/2025\/04\/Dernier-Set-7.jpg\" \/>\n\t<meta property=\"og:image:width\" content=\"2368\" \/>\n\t<meta property=\"og:image:height\" content=\"1792\" \/>\n\t<meta property=\"og:image:type\" content=\"image\/jpeg\" \/>\n<meta name=\"twitter:card\" content=\"summary_large_image\" \/>\n<meta name=\"twitter:label1\" content=\"Dur\u00e9e de lecture estim\u00e9e\" \/>\n\t<meta name=\"twitter:data1\" content=\"6 minutes\" \/>\n<script type=\"application\/ld+json\" class=\"yoast-schema-graph\">{\"@context\":\"https:\\\/\\\/schema.org\",\"@graph\":[{\"@type\":\"WebPage\",\"@id\":\"https:\\\/\\\/ellington-photo.com\\\/ErosWalker\\\/dernier-set-7\\\/\",\"url\":\"https:\\\/\\\/ellington-photo.com\\\/ErosWalker\\\/dernier-set-7\\\/\",\"name\":\"Dernier Set (7) - Eros Walker Stories\",\"isPartOf\":{\"@id\":\"https:\\\/\\\/ellington-photo.com\\\/ErosWalker\\\/#website\"},\"primaryImageOfPage\":{\"@id\":\"https:\\\/\\\/ellington-photo.com\\\/ErosWalker\\\/dernier-set-7\\\/#primaryimage\"},\"image\":{\"@id\":\"https:\\\/\\\/ellington-photo.com\\\/ErosWalker\\\/dernier-set-7\\\/#primaryimage\"},\"thumbnailUrl\":\"https:\\\/\\\/ellington-photo.com\\\/ErosWalker\\\/wp-content\\\/uploads\\\/2025\\\/04\\\/Dernier-Set-7.jpg\",\"datePublished\":\"2025-04-28T14:33:55+00:00\",\"dateModified\":\"2025-05-06T14:54:30+00:00\",\"breadcrumb\":{\"@id\":\"https:\\\/\\\/ellington-photo.com\\\/ErosWalker\\\/dernier-set-7\\\/#breadcrumb\"},\"inLanguage\":\"fr-FR\",\"potentialAction\":[{\"@type\":\"ReadAction\",\"target\":[\"https:\\\/\\\/ellington-photo.com\\\/ErosWalker\\\/dernier-set-7\\\/\"]}]},{\"@type\":\"ImageObject\",\"inLanguage\":\"fr-FR\",\"@id\":\"https:\\\/\\\/ellington-photo.com\\\/ErosWalker\\\/dernier-set-7\\\/#primaryimage\",\"url\":\"https:\\\/\\\/ellington-photo.com\\\/ErosWalker\\\/wp-content\\\/uploads\\\/2025\\\/04\\\/Dernier-Set-7.jpg\",\"contentUrl\":\"https:\\\/\\\/ellington-photo.com\\\/ErosWalker\\\/wp-content\\\/uploads\\\/2025\\\/04\\\/Dernier-Set-7.jpg\",\"width\":2368,\"height\":1792},{\"@type\":\"BreadcrumbList\",\"@id\":\"https:\\\/\\\/ellington-photo.com\\\/ErosWalker\\\/dernier-set-7\\\/#breadcrumb\",\"itemListElement\":[{\"@type\":\"ListItem\",\"position\":1,\"name\":\"Accueil\",\"item\":\"https:\\\/\\\/ellington-photo.com\\\/ErosWalker\\\/\"},{\"@type\":\"ListItem\",\"position\":2,\"name\":\"Dernier Set (7)\"}]},{\"@type\":\"WebSite\",\"@id\":\"https:\\\/\\\/ellington-photo.com\\\/ErosWalker\\\/#website\",\"url\":\"https:\\\/\\\/ellington-photo.com\\\/ErosWalker\\\/\",\"name\":\"Eros Walker Stories\",\"description\":\"Litt\u00e9rature et images\",\"publisher\":{\"@id\":\"https:\\\/\\\/ellington-photo.com\\\/ErosWalker\\\/#organization\"},\"potentialAction\":[{\"@type\":\"SearchAction\",\"target\":{\"@type\":\"EntryPoint\",\"urlTemplate\":\"https:\\\/\\\/ellington-photo.com\\\/ErosWalker\\\/?s={search_term_string}\"},\"query-input\":{\"@type\":\"PropertyValueSpecification\",\"valueRequired\":true,\"valueName\":\"search_term_string\"}}],\"inLanguage\":\"fr-FR\"},{\"@type\":\"Organization\",\"@id\":\"https:\\\/\\\/ellington-photo.com\\\/ErosWalker\\\/#organization\",\"name\":\"Eros Walker Stories\",\"url\":\"https:\\\/\\\/ellington-photo.com\\\/ErosWalker\\\/\",\"logo\":{\"@type\":\"ImageObject\",\"inLanguage\":\"fr-FR\",\"@id\":\"https:\\\/\\\/ellington-photo.com\\\/ErosWalker\\\/#\\\/schema\\\/logo\\\/image\\\/\",\"url\":\"https:\\\/\\\/ellington-photo.com\\\/ErosWalker\\\/wp-content\\\/uploads\\\/2025\\\/05\\\/Chat-Noir.jpg\",\"contentUrl\":\"https:\\\/\\\/ellington-photo.com\\\/ErosWalker\\\/wp-content\\\/uploads\\\/2025\\\/05\\\/Chat-Noir.jpg\",\"width\":400,\"height\":391,\"caption\":\"Eros Walker Stories\"},\"image\":{\"@id\":\"https:\\\/\\\/ellington-photo.com\\\/ErosWalker\\\/#\\\/schema\\\/logo\\\/image\\\/\"},\"sameAs\":[\"https:\\\/\\\/www.linkedin.com\\\/in\\\/eros-walker-ab710a298\\\/\"]}]}<\/script>\n<!-- \/ Yoast SEO plugin. -->","yoast_head_json":{"title":"Dernier Set (7) - Eros Walker Stories","robots":{"index":"index","follow":"follow","max-snippet":"max-snippet:-1","max-image-preview":"max-image-preview:large","max-video-preview":"max-video-preview:-1"},"canonical":"https:\/\/ellington-photo.com\/ErosWalker\/dernier-set-7\/","og_locale":"fr_FR","og_type":"article","og_title":"Dernier Set (7) - Eros Walker Stories","og_description":"Le Club Le Club, Santa Monica Boulevard \u2013 West Hollywood C\u2019est la sonnerie de mon t\u00e9l\u00e9phone qui me tire d\u2019un sommeil lourd. Je regarde l\u2019appareil, ce n\u2019est pas un appel, mais l\u2019alarme que j\u2019avais programm\u00e9e pour vingt heures. Il fait presque nuit dans la pi\u00e8ce. &hellip;","og_url":"https:\/\/ellington-photo.com\/ErosWalker\/dernier-set-7\/","og_site_name":"Eros Walker Stories","article_modified_time":"2025-05-06T14:54:30+00:00","og_image":[{"width":2368,"height":1792,"url":"https:\/\/ellington-photo.com\/ErosWalker\/wp-content\/uploads\/2025\/04\/Dernier-Set-7.jpg","type":"image\/jpeg"}],"twitter_card":"summary_large_image","twitter_misc":{"Dur\u00e9e de lecture estim\u00e9e":"6 minutes"},"schema":{"@context":"https:\/\/schema.org","@graph":[{"@type":"WebPage","@id":"https:\/\/ellington-photo.com\/ErosWalker\/dernier-set-7\/","url":"https:\/\/ellington-photo.com\/ErosWalker\/dernier-set-7\/","name":"Dernier Set (7) - Eros Walker Stories","isPartOf":{"@id":"https:\/\/ellington-photo.com\/ErosWalker\/#website"},"primaryImageOfPage":{"@id":"https:\/\/ellington-photo.com\/ErosWalker\/dernier-set-7\/#primaryimage"},"image":{"@id":"https:\/\/ellington-photo.com\/ErosWalker\/dernier-set-7\/#primaryimage"},"thumbnailUrl":"https:\/\/ellington-photo.com\/ErosWalker\/wp-content\/uploads\/2025\/04\/Dernier-Set-7.jpg","datePublished":"2025-04-28T14:33:55+00:00","dateModified":"2025-05-06T14:54:30+00:00","breadcrumb":{"@id":"https:\/\/ellington-photo.com\/ErosWalker\/dernier-set-7\/#breadcrumb"},"inLanguage":"fr-FR","potentialAction":[{"@type":"ReadAction","target":["https:\/\/ellington-photo.com\/ErosWalker\/dernier-set-7\/"]}]},{"@type":"ImageObject","inLanguage":"fr-FR","@id":"https:\/\/ellington-photo.com\/ErosWalker\/dernier-set-7\/#primaryimage","url":"https:\/\/ellington-photo.com\/ErosWalker\/wp-content\/uploads\/2025\/04\/Dernier-Set-7.jpg","contentUrl":"https:\/\/ellington-photo.com\/ErosWalker\/wp-content\/uploads\/2025\/04\/Dernier-Set-7.jpg","width":2368,"height":1792},{"@type":"BreadcrumbList","@id":"https:\/\/ellington-photo.com\/ErosWalker\/dernier-set-7\/#breadcrumb","itemListElement":[{"@type":"ListItem","position":1,"name":"Accueil","item":"https:\/\/ellington-photo.com\/ErosWalker\/"},{"@type":"ListItem","position":2,"name":"Dernier Set (7)"}]},{"@type":"WebSite","@id":"https:\/\/ellington-photo.com\/ErosWalker\/#website","url":"https:\/\/ellington-photo.com\/ErosWalker\/","name":"Eros Walker Stories","description":"Litt\u00e9rature et images","publisher":{"@id":"https:\/\/ellington-photo.com\/ErosWalker\/#organization"},"potentialAction":[{"@type":"SearchAction","target":{"@type":"EntryPoint","urlTemplate":"https:\/\/ellington-photo.com\/ErosWalker\/?s={search_term_string}"},"query-input":{"@type":"PropertyValueSpecification","valueRequired":true,"valueName":"search_term_string"}}],"inLanguage":"fr-FR"},{"@type":"Organization","@id":"https:\/\/ellington-photo.com\/ErosWalker\/#organization","name":"Eros Walker Stories","url":"https:\/\/ellington-photo.com\/ErosWalker\/","logo":{"@type":"ImageObject","inLanguage":"fr-FR","@id":"https:\/\/ellington-photo.com\/ErosWalker\/#\/schema\/logo\/image\/","url":"https:\/\/ellington-photo.com\/ErosWalker\/wp-content\/uploads\/2025\/05\/Chat-Noir.jpg","contentUrl":"https:\/\/ellington-photo.com\/ErosWalker\/wp-content\/uploads\/2025\/05\/Chat-Noir.jpg","width":400,"height":391,"caption":"Eros Walker Stories"},"image":{"@id":"https:\/\/ellington-photo.com\/ErosWalker\/#\/schema\/logo\/image\/"},"sameAs":["https:\/\/www.linkedin.com\/in\/eros-walker-ab710a298\/"]}]}},"_links":{"self":[{"href":"https:\/\/ellington-photo.com\/ErosWalker\/wp-json\/wp\/v2\/pages\/461","targetHints":{"allow":["GET"]}}],"collection":[{"href":"https:\/\/ellington-photo.com\/ErosWalker\/wp-json\/wp\/v2\/pages"}],"about":[{"href":"https:\/\/ellington-photo.com\/ErosWalker\/wp-json\/wp\/v2\/types\/page"}],"author":[{"embeddable":true,"href":"https:\/\/ellington-photo.com\/ErosWalker\/wp-json\/wp\/v2\/users\/1"}],"replies":[{"embeddable":true,"href":"https:\/\/ellington-photo.com\/ErosWalker\/wp-json\/wp\/v2\/comments?post=461"}],"version-history":[{"count":2,"href":"https:\/\/ellington-photo.com\/ErosWalker\/wp-json\/wp\/v2\/pages\/461\/revisions"}],"predecessor-version":[{"id":471,"href":"https:\/\/ellington-photo.com\/ErosWalker\/wp-json\/wp\/v2\/pages\/461\/revisions\/471"}],"wp:featuredmedia":[{"embeddable":true,"href":"https:\/\/ellington-photo.com\/ErosWalker\/wp-json\/wp\/v2\/media\/464"}],"wp:attachment":[{"href":"https:\/\/ellington-photo.com\/ErosWalker\/wp-json\/wp\/v2\/media?parent=461"}],"curies":[{"name":"wp","href":"https:\/\/api.w.org\/{rel}","templated":true}]}}