{"id":457,"date":"2025-04-28T11:19:21","date_gmt":"2025-04-28T09:19:21","guid":{"rendered":"https:\/\/ellington-photo.com\/ErosWalker\/?page_id=457"},"modified":"2025-04-28T16:34:30","modified_gmt":"2025-04-28T14:34:30","slug":"dernier-set-6","status":"publish","type":"page","link":"https:\/\/ellington-photo.com\/ErosWalker\/dernier-set-6\/","title":{"rendered":"Dernier Set (6)"},"content":{"rendered":"\n<h1 class=\"wp-block-heading\"><a>Vaines recherches<\/a><\/h1>\n\n\n\n<p><strong>Historic South Central, Los Angeles<\/strong><\/p>\n\n\n\n<p>Nash \u00e0 peine parti, Saka s\u2019\u00e9tait install\u00e9e \u00e0 son bureau recherchant les concessionnaires Lamborghini. Rien que pour Los Angeles, elle en avait identifi\u00e9 deux, \u00e0 Irvine au sud et Beverly Hills \u00e0 l\u2019ouest. Il y en avait \u00e9galement un \u00e0 Rancho Mirage, \u00e0 l\u2019est de Palm Springs, deux dans la r\u00e9gion de San Francisco et un \u00e0 La Jolla. Sans connaitre le mod\u00e8le et la couleur du v\u00e9hicule, elle n\u2019avait aucune chance de ce c\u00f4t\u00e9. Elle se dit aussi que le conducteur n\u2019avait pas n\u00e9cessairement achet\u00e9 cette voiture directement \u00e0 un revendeur officiel. Elle pouvait tout aussi bien avoir \u00e9t\u00e9 lou\u00e9e pour la circonstance. Plusieurs soci\u00e9t\u00e9s proposaient ce genre de service \u00e0 des clients fortun\u00e9s ayant envie de se faire plaisir ou d\u2019\u00e9blouir une relation nouvelle. Elle d\u00e9cida de tenter sa chance aupr\u00e8s d\u2019un de ses contacts au sein du DMV, au service des cartes grises. En tant que priv\u00e9e, elle n\u2019avait pas directement acc\u00e8s au fichier des immatriculations, mais elle avait souvent eu besoin d\u2019identifier le propri\u00e9taire d\u2019un v\u00e9hicule impliqu\u00e9 dans une de leurs affaires. Craquer l\u2019acc\u00e8s \u00e0 un fichier du gouvernement \u00e9tait trop risqu\u00e9 et elle pr\u00e9f\u00e9rait se tourner vers des informateurs autoris\u00e9s. Pour les v\u00e9hicules, elle avait g\u00e9n\u00e9ralement recours \u00e0 Steve Morton, qui occupait un poste \u00e0 un \u00e9chelon interm\u00e9diaire de l\u2019administration, lui donnant un acc\u00e8s sans contrainte aux donn\u00e9es enregistr\u00e9es. Mary avait connu Steve lors d\u2019une conf\u00e9rence qu\u2019il donnait \u00e0 l\u2019UCLA, l\u2019universit\u00e9 de Californie \u00e0 Los Angeles, alors que Saka y avait repris un cursus de criminologie, quelques ann\u00e9es plus t\u00f4t. Mary avait appr\u00e9ci\u00e9 ce fonctionnaire brillant, mais sans grande ambition, qui pr\u00e9sentait avec brio les diff\u00e9rentes requ\u00eates \u00e0 la disposition des forces de l\u2019ordre pour identifier un v\u00e9hicule ou son propri\u00e9taire. \u00c0 la fin de la session, ils avaient bu quelques verres avec d\u2019autres \u00e9tudiants, sans oublier d\u2019\u00e9changer leurs contacts. Steve avait pris l\u2019initiative quelques jours plus tard, invitant la jeune femme \u00e0 diner \u00e0 Santa Monica. La soir\u00e9e s\u2019\u00e9tait termin\u00e9e sous la couette et s\u2019\u00e9tait renouvel\u00e9e occasionnellement. Mary ne d\u00e9sirait pas se lier dans une relation durable et cela convenait parfaitement \u00e0 Steve. Ils continuaient de se voir de temps en temps, autant pour le plaisir de se retrouver que pour entretenir une relation profitable au business des priv\u00e9s.<\/p>\n\n\n\n<p>\u00ab Tiens, \u00e7a faisait un moment que n\u2019avais plus eu de tes nouvelles, r\u00e9pondit Steve en prenant la communication. Est-ce que tu m\u2019appelles pour me proposer une soir\u00e9e coquine ou pour me demander un service ?<\/p>\n\n\n\n<p>\u2014 Disons que l\u2019un n\u2019emp\u00eache pas l\u2019autre, confirma Mary. Je suis sur un nouveau dossier en ce moment, mais \u00e7a n\u2019empi\u00e8te pas sur mes soir\u00e9es.<\/p>\n\n\n\n<p>\u2014 Et ce nouveau dossier d\u00e9bute avec une voiture myst\u00e9rieuse, je me trompe ?<\/p>\n\n\n\n<p>\u2014 En effet, c\u2019est l\u2019un de nos points de d\u00e9part, confirma Mary.<\/p>\n\n\n\n<p>\u2014 Ne m\u2019en dit pas plus, je pr\u00e9f\u00e8re ne pas parler de \u00e7a au t\u00e9l\u00e9phone. Qu\u2019est-ce que tu dirais de passer me voir ce soir, un peu avant la fermeture des bureaux ? On regarde un peu ce que tu cherches et ensuite on va boire un verre quelque part !<\/p>\n\n\n\n<p>\u2014 C\u2019est bon pour moi, r\u00e9pondit Saka.<\/p>\n\n\n\n<p>\u2014 Les bureaux ferment \u00e0 cinq heures, on dit quatre heures et demi ? Je suis maintenant sur Hope Street South, ce n\u2019est pas tr\u00e8s loin de chez toi, au bord de la I-110.<\/p>\n\n\n\n<p>\u2014 Je connais, pas de probl\u00e8me, \u00e0 tout \u00e0 l\u2019heure. \u00bb<\/p>\n\n\n\n<p><br>Mary Sakamura avait choisi de vivre seule, sans conjoint ni enfant. Ce n\u2019\u00e9tait pas un choix de conviction, mais de raison. Elle savait que son m\u00e9tier passerait toujours avant sa vie personnelle, et que ce m\u00e9tier n\u2019\u00e9tait pas compatible avec une vie de famille. Elle s\u2019en accommodait d\u2019ailleurs fort bien, maintenant une vie sociale riche et vari\u00e9e avec de nombreux amis des deux sexes. Elle connaissait assez Steve pour savoir qu\u2019il souhaiterait sans doute l\u2019emmener dans un endroit assez chic, ayant h\u00e9rit\u00e9 d\u2019une fortune familiale qui lui permettait de consid\u00e9rer le salaire que lui versait l\u2019 \u00c9tat comme de l\u2019argent de poche. Elle d\u00e9cida donc de repasser chez elle pour adopter une tenue plus en ad\u00e9quation avec la soir\u00e9e annonc\u00e9e. Elle habitait une maison r\u00e9cente, situ\u00e9e dans une r\u00e9sidence proche de First Street, juste \u00e0 l\u2019est des voies ferr\u00e9es. C\u2019\u00e9tait assez proche du bureau, accessible \u00e0 pied, quand elle avait besoin de courir. Ce jour-l\u00e0, Mary gara sa VW Beetle devant le garage et se dirigea vers la villa. Elle d\u00e9verrouilla l\u2019alarme et jeta son sac sur le canap\u00e9 du salon. Une heure plus tard, apr\u00e8s avoir pris une longue douche et s\u00e9lectionn\u00e9 une robe assez chic sans \u00eatre trop voyante, elle se sentait pr\u00eate \u00e0 aller retrouver Steve.<\/p>\n\n\n\n<p>L\u2019employ\u00e9e \u00e0 la r\u00e9ception remit \u00e0 Mary un badge de visiteur qui avait \u00e9t\u00e9 pr\u00e9par\u00e9 \u00e0 l\u2019avance. La jeune femme passa les contr\u00f4les de s\u00e9curit\u00e9 et monta \u00e0 l\u2019\u00e9tage auquel l\u2019attendait Steve.<\/p>\n\n\n\n<p>\u00ab Je vois que tu as pr\u00e9vu de me s\u00e9duire, j\u2019en suis heureux. Je n\u2019ai malheureusement pas eu le temps d\u2019en faire autant. J\u2019esp\u00e8re que tu ne m\u2019en voudras pas.<\/p>\n\n\n\n<p>\u2014 Tu es tr\u00e8s bien comme \u00e7a, valida Mary, apr\u00e8s avoir fait sembler d\u2019examiner son h\u00f4te. J\u2019esp\u00e8re que les autres femmes seront jalouses de voir avec quel play-boy je sors !<\/p>\n\n\n\n<p>\u2014 Allez, assez jou\u00e9, on se connait depuis trop longtemps. Viens dans mon bureau, nous serons plus \u00e0 l\u2019aise pour parler de ce qui t\u2019am\u00e8ne ici. \u00bb<\/p>\n\n\n\n<p>Mary prit le temps d\u2019exposer la situation, sans citer le nom de Mike.<\/p>\n\n\n\n<p>\u00ab C\u2019est plut\u00f4t maigre comme indication, tu l\u2019avoueras. Sais-tu combien il y a de Lamborghini immatricul\u00e9es dans le comt\u00e9 de Los Angeles ? Plusieurs centaines. C\u2019est une marque qui plait assez aux stars de Hollywood. Ce n\u2019est pas un hasard s\u2019il y a un concessionnaire \u00e0 Beverly Hills. Sans le mod\u00e8le, il n&rsquo;y a pas d&rsquo;espoir.<\/p>\n\n\n\n<p>\u00ab&nbsp;Et si la voiture \u00e9tait au nom de son entreprise ? demanda Saka.<\/p>\n\n\n\n<p>\u2014 C\u2019est s\u00fbr que \u00e7a r\u00e9duirait le champ de recherche. Tu as le nom de cette soci\u00e9t\u00e9 ?<\/p>\n\n\n\n<p>\u2014 Non, admit Mary, je crois qu\u2019elle se situe sur le port de Long Beach.<\/p>\n\n\n\n<p>\u2014 Ce n\u2019est pas tr\u00e8s r\u00e9sidentiel, je peux r\u00e9duire les recherches avec le code postal. \u00bb<\/p>\n\n\n\n<p>Apr\u00e8s quelques secondes Steve reprit.<\/p>\n\n\n\n<p>\u00ab J\u2019en trouve trois. Je ne peux pas faire mieux. Je t\u2019imprime les infos, mais ce n\u2019est pas moi qui te les ai transmises.<\/p>\n\n\n\n<p>\u2014 Tu l\u2019as dit, on se connait depuis longtemps, tu sais bien que je prot\u00e8ge mes sources.<\/p>\n\n\n\n<p>\u2014 Je sais, je disais \u00e7a comme \u00e7a. \u00bb<\/p>\n\n\n\n<p>Mary plia la feuille en quatre et la glissa dans son sac. Steve arr\u00eata l\u2019ordinateur et se leva. Mary l\u2019imita et ils se dirig\u00e8rent vers la sortie.<\/p>\n\n\n\n<p>\u00ab Tu es venue en voiture ? demanda Steve.<\/p>\n\n\n\n<p>\u2014 Non, je l\u2019ai laiss\u00e9e chez moi. J\u2019ai pris un Uber.<\/p>\n\n\n\n<p>\u2014 Parfait, dans ce cas, je te raccompagnerai. Venice, \u00e7a te tente ? J\u2019ai d\u00e9couvert un bar sympa, \u00e0 deux pas de la plage.<\/p>\n\n\n\n<p>\u2014 Va pour Venice ! r\u00e9pondit Mary, en se disant que le dernier verre se prendrait assur\u00e9ment chez elle. \u00bb<\/p>\n\n\n\n<p><\/p>\n\n\n\n<p><strong>Chapitre suivant : <a href=\"https:\/\/ellington-photo.com\/ErosWalker\/dernier-set-4\/\"><\/a><a href=\"https:\/\/ellington-photo.com\/ErosWalker\/dernier-set-7\/\">https:\/\/ellington-photo.com\/ErosWalker\/dernier-set-<\/a>7<a href=\"https:\/\/ellington-photo.com\/ErosWalker\/dernier-set-6\/\">\/<\/a><\/strong><\/p>\n","protected":false},"excerpt":{"rendered":"<p>Vaines recherches Historic South Central, Los Angeles Nash \u00e0 peine parti, Saka s\u2019\u00e9tait install\u00e9e \u00e0 son bureau recherchant les concessionnaires Lamborghini. Rien que pour Los Angeles, elle en avait identifi\u00e9 deux, \u00e0 Irvine au sud et Beverly Hills \u00e0 l\u2019ouest. Il y en avait \u00e9galement &hellip; <\/p>\n","protected":false},"author":1,"featured_media":460,"parent":0,"menu_order":0,"comment_status":"closed","ping_status":"closed","template":"","meta":{"footnotes":""},"class_list":["post-457","page","type-page","status-publish","has-post-thumbnail","hentry"],"yoast_head":"<!-- This site is optimized with the Yoast SEO plugin v27.4 - https:\/\/yoast.com\/product\/yoast-seo-wordpress\/ -->\n<title>Dernier Set (6) - Eros Walker Stories<\/title>\n<meta name=\"robots\" content=\"index, follow, max-snippet:-1, max-image-preview:large, max-video-preview:-1\" \/>\n<link rel=\"canonical\" href=\"https:\/\/ellington-photo.com\/ErosWalker\/dernier-set-6\/\" \/>\n<meta property=\"og:locale\" content=\"fr_FR\" \/>\n<meta property=\"og:type\" content=\"article\" \/>\n<meta property=\"og:title\" content=\"Dernier Set (6) - Eros Walker Stories\" \/>\n<meta property=\"og:description\" content=\"Vaines recherches Historic South Central, Los Angeles Nash \u00e0 peine parti, Saka s\u2019\u00e9tait install\u00e9e \u00e0 son bureau recherchant les concessionnaires Lamborghini. Rien que pour Los Angeles, elle en avait identifi\u00e9 deux, \u00e0 Irvine au sud et Beverly Hills \u00e0 l\u2019ouest. Il y en avait \u00e9galement &hellip;\" \/>\n<meta property=\"og:url\" content=\"https:\/\/ellington-photo.com\/ErosWalker\/dernier-set-6\/\" \/>\n<meta property=\"og:site_name\" content=\"Eros Walker Stories\" \/>\n<meta property=\"article:modified_time\" content=\"2025-04-28T14:34:30+00:00\" \/>\n<meta property=\"og:image\" content=\"https:\/\/ellington-photo.com\/ErosWalker\/wp-content\/uploads\/2025\/04\/Dernier-Set-6.jpg\" \/>\n\t<meta property=\"og:image:width\" content=\"2368\" \/>\n\t<meta property=\"og:image:height\" content=\"1792\" \/>\n\t<meta property=\"og:image:type\" content=\"image\/jpeg\" \/>\n<meta name=\"twitter:card\" content=\"summary_large_image\" \/>\n<meta name=\"twitter:label1\" content=\"Dur\u00e9e de lecture estim\u00e9e\" \/>\n\t<meta name=\"twitter:data1\" content=\"6 minutes\" \/>\n<script type=\"application\/ld+json\" class=\"yoast-schema-graph\">{\"@context\":\"https:\\\/\\\/schema.org\",\"@graph\":[{\"@type\":\"WebPage\",\"@id\":\"https:\\\/\\\/ellington-photo.com\\\/ErosWalker\\\/dernier-set-6\\\/\",\"url\":\"https:\\\/\\\/ellington-photo.com\\\/ErosWalker\\\/dernier-set-6\\\/\",\"name\":\"Dernier Set (6) - Eros Walker Stories\",\"isPartOf\":{\"@id\":\"https:\\\/\\\/ellington-photo.com\\\/ErosWalker\\\/#website\"},\"primaryImageOfPage\":{\"@id\":\"https:\\\/\\\/ellington-photo.com\\\/ErosWalker\\\/dernier-set-6\\\/#primaryimage\"},\"image\":{\"@id\":\"https:\\\/\\\/ellington-photo.com\\\/ErosWalker\\\/dernier-set-6\\\/#primaryimage\"},\"thumbnailUrl\":\"https:\\\/\\\/ellington-photo.com\\\/ErosWalker\\\/wp-content\\\/uploads\\\/2025\\\/04\\\/Dernier-Set-6.jpg\",\"datePublished\":\"2025-04-28T09:19:21+00:00\",\"dateModified\":\"2025-04-28T14:34:30+00:00\",\"breadcrumb\":{\"@id\":\"https:\\\/\\\/ellington-photo.com\\\/ErosWalker\\\/dernier-set-6\\\/#breadcrumb\"},\"inLanguage\":\"fr-FR\",\"potentialAction\":[{\"@type\":\"ReadAction\",\"target\":[\"https:\\\/\\\/ellington-photo.com\\\/ErosWalker\\\/dernier-set-6\\\/\"]}]},{\"@type\":\"ImageObject\",\"inLanguage\":\"fr-FR\",\"@id\":\"https:\\\/\\\/ellington-photo.com\\\/ErosWalker\\\/dernier-set-6\\\/#primaryimage\",\"url\":\"https:\\\/\\\/ellington-photo.com\\\/ErosWalker\\\/wp-content\\\/uploads\\\/2025\\\/04\\\/Dernier-Set-6.jpg\",\"contentUrl\":\"https:\\\/\\\/ellington-photo.com\\\/ErosWalker\\\/wp-content\\\/uploads\\\/2025\\\/04\\\/Dernier-Set-6.jpg\",\"width\":2368,\"height\":1792},{\"@type\":\"BreadcrumbList\",\"@id\":\"https:\\\/\\\/ellington-photo.com\\\/ErosWalker\\\/dernier-set-6\\\/#breadcrumb\",\"itemListElement\":[{\"@type\":\"ListItem\",\"position\":1,\"name\":\"Accueil\",\"item\":\"https:\\\/\\\/ellington-photo.com\\\/ErosWalker\\\/\"},{\"@type\":\"ListItem\",\"position\":2,\"name\":\"Dernier Set (6)\"}]},{\"@type\":\"WebSite\",\"@id\":\"https:\\\/\\\/ellington-photo.com\\\/ErosWalker\\\/#website\",\"url\":\"https:\\\/\\\/ellington-photo.com\\\/ErosWalker\\\/\",\"name\":\"Eros Walker Stories\",\"description\":\"Litt\u00e9rature et images\",\"publisher\":{\"@id\":\"https:\\\/\\\/ellington-photo.com\\\/ErosWalker\\\/#organization\"},\"potentialAction\":[{\"@type\":\"SearchAction\",\"target\":{\"@type\":\"EntryPoint\",\"urlTemplate\":\"https:\\\/\\\/ellington-photo.com\\\/ErosWalker\\\/?s={search_term_string}\"},\"query-input\":{\"@type\":\"PropertyValueSpecification\",\"valueRequired\":true,\"valueName\":\"search_term_string\"}}],\"inLanguage\":\"fr-FR\"},{\"@type\":\"Organization\",\"@id\":\"https:\\\/\\\/ellington-photo.com\\\/ErosWalker\\\/#organization\",\"name\":\"Eros Walker Stories\",\"url\":\"https:\\\/\\\/ellington-photo.com\\\/ErosWalker\\\/\",\"logo\":{\"@type\":\"ImageObject\",\"inLanguage\":\"fr-FR\",\"@id\":\"https:\\\/\\\/ellington-photo.com\\\/ErosWalker\\\/#\\\/schema\\\/logo\\\/image\\\/\",\"url\":\"https:\\\/\\\/ellington-photo.com\\\/ErosWalker\\\/wp-content\\\/uploads\\\/2025\\\/05\\\/Chat-Noir.jpg\",\"contentUrl\":\"https:\\\/\\\/ellington-photo.com\\\/ErosWalker\\\/wp-content\\\/uploads\\\/2025\\\/05\\\/Chat-Noir.jpg\",\"width\":400,\"height\":391,\"caption\":\"Eros Walker Stories\"},\"image\":{\"@id\":\"https:\\\/\\\/ellington-photo.com\\\/ErosWalker\\\/#\\\/schema\\\/logo\\\/image\\\/\"},\"sameAs\":[\"https:\\\/\\\/www.linkedin.com\\\/in\\\/eros-walker-ab710a298\\\/\"]}]}<\/script>\n<!-- \/ Yoast SEO plugin. -->","yoast_head_json":{"title":"Dernier Set (6) - Eros Walker Stories","robots":{"index":"index","follow":"follow","max-snippet":"max-snippet:-1","max-image-preview":"max-image-preview:large","max-video-preview":"max-video-preview:-1"},"canonical":"https:\/\/ellington-photo.com\/ErosWalker\/dernier-set-6\/","og_locale":"fr_FR","og_type":"article","og_title":"Dernier Set (6) - Eros Walker Stories","og_description":"Vaines recherches Historic South Central, Los Angeles Nash \u00e0 peine parti, Saka s\u2019\u00e9tait install\u00e9e \u00e0 son bureau recherchant les concessionnaires Lamborghini. Rien que pour Los Angeles, elle en avait identifi\u00e9 deux, \u00e0 Irvine au sud et Beverly Hills \u00e0 l\u2019ouest. Il y en avait \u00e9galement &hellip;","og_url":"https:\/\/ellington-photo.com\/ErosWalker\/dernier-set-6\/","og_site_name":"Eros Walker Stories","article_modified_time":"2025-04-28T14:34:30+00:00","og_image":[{"width":2368,"height":1792,"url":"https:\/\/ellington-photo.com\/ErosWalker\/wp-content\/uploads\/2025\/04\/Dernier-Set-6.jpg","type":"image\/jpeg"}],"twitter_card":"summary_large_image","twitter_misc":{"Dur\u00e9e de lecture estim\u00e9e":"6 minutes"},"schema":{"@context":"https:\/\/schema.org","@graph":[{"@type":"WebPage","@id":"https:\/\/ellington-photo.com\/ErosWalker\/dernier-set-6\/","url":"https:\/\/ellington-photo.com\/ErosWalker\/dernier-set-6\/","name":"Dernier Set (6) - Eros Walker Stories","isPartOf":{"@id":"https:\/\/ellington-photo.com\/ErosWalker\/#website"},"primaryImageOfPage":{"@id":"https:\/\/ellington-photo.com\/ErosWalker\/dernier-set-6\/#primaryimage"},"image":{"@id":"https:\/\/ellington-photo.com\/ErosWalker\/dernier-set-6\/#primaryimage"},"thumbnailUrl":"https:\/\/ellington-photo.com\/ErosWalker\/wp-content\/uploads\/2025\/04\/Dernier-Set-6.jpg","datePublished":"2025-04-28T09:19:21+00:00","dateModified":"2025-04-28T14:34:30+00:00","breadcrumb":{"@id":"https:\/\/ellington-photo.com\/ErosWalker\/dernier-set-6\/#breadcrumb"},"inLanguage":"fr-FR","potentialAction":[{"@type":"ReadAction","target":["https:\/\/ellington-photo.com\/ErosWalker\/dernier-set-6\/"]}]},{"@type":"ImageObject","inLanguage":"fr-FR","@id":"https:\/\/ellington-photo.com\/ErosWalker\/dernier-set-6\/#primaryimage","url":"https:\/\/ellington-photo.com\/ErosWalker\/wp-content\/uploads\/2025\/04\/Dernier-Set-6.jpg","contentUrl":"https:\/\/ellington-photo.com\/ErosWalker\/wp-content\/uploads\/2025\/04\/Dernier-Set-6.jpg","width":2368,"height":1792},{"@type":"BreadcrumbList","@id":"https:\/\/ellington-photo.com\/ErosWalker\/dernier-set-6\/#breadcrumb","itemListElement":[{"@type":"ListItem","position":1,"name":"Accueil","item":"https:\/\/ellington-photo.com\/ErosWalker\/"},{"@type":"ListItem","position":2,"name":"Dernier Set (6)"}]},{"@type":"WebSite","@id":"https:\/\/ellington-photo.com\/ErosWalker\/#website","url":"https:\/\/ellington-photo.com\/ErosWalker\/","name":"Eros Walker Stories","description":"Litt\u00e9rature et images","publisher":{"@id":"https:\/\/ellington-photo.com\/ErosWalker\/#organization"},"potentialAction":[{"@type":"SearchAction","target":{"@type":"EntryPoint","urlTemplate":"https:\/\/ellington-photo.com\/ErosWalker\/?s={search_term_string}"},"query-input":{"@type":"PropertyValueSpecification","valueRequired":true,"valueName":"search_term_string"}}],"inLanguage":"fr-FR"},{"@type":"Organization","@id":"https:\/\/ellington-photo.com\/ErosWalker\/#organization","name":"Eros Walker Stories","url":"https:\/\/ellington-photo.com\/ErosWalker\/","logo":{"@type":"ImageObject","inLanguage":"fr-FR","@id":"https:\/\/ellington-photo.com\/ErosWalker\/#\/schema\/logo\/image\/","url":"https:\/\/ellington-photo.com\/ErosWalker\/wp-content\/uploads\/2025\/05\/Chat-Noir.jpg","contentUrl":"https:\/\/ellington-photo.com\/ErosWalker\/wp-content\/uploads\/2025\/05\/Chat-Noir.jpg","width":400,"height":391,"caption":"Eros Walker Stories"},"image":{"@id":"https:\/\/ellington-photo.com\/ErosWalker\/#\/schema\/logo\/image\/"},"sameAs":["https:\/\/www.linkedin.com\/in\/eros-walker-ab710a298\/"]}]}},"_links":{"self":[{"href":"https:\/\/ellington-photo.com\/ErosWalker\/wp-json\/wp\/v2\/pages\/457","targetHints":{"allow":["GET"]}}],"collection":[{"href":"https:\/\/ellington-photo.com\/ErosWalker\/wp-json\/wp\/v2\/pages"}],"about":[{"href":"https:\/\/ellington-photo.com\/ErosWalker\/wp-json\/wp\/v2\/types\/page"}],"author":[{"embeddable":true,"href":"https:\/\/ellington-photo.com\/ErosWalker\/wp-json\/wp\/v2\/users\/1"}],"replies":[{"embeddable":true,"href":"https:\/\/ellington-photo.com\/ErosWalker\/wp-json\/wp\/v2\/comments?post=457"}],"version-history":[{"count":2,"href":"https:\/\/ellington-photo.com\/ErosWalker\/wp-json\/wp\/v2\/pages\/457\/revisions"}],"predecessor-version":[{"id":463,"href":"https:\/\/ellington-photo.com\/ErosWalker\/wp-json\/wp\/v2\/pages\/457\/revisions\/463"}],"wp:featuredmedia":[{"embeddable":true,"href":"https:\/\/ellington-photo.com\/ErosWalker\/wp-json\/wp\/v2\/media\/460"}],"wp:attachment":[{"href":"https:\/\/ellington-photo.com\/ErosWalker\/wp-json\/wp\/v2\/media?parent=457"}],"curies":[{"name":"wp","href":"https:\/\/api.w.org\/{rel}","templated":true}]}}