{"id":446,"date":"2025-04-24T09:31:29","date_gmt":"2025-04-24T07:31:29","guid":{"rendered":"https:\/\/ellington-photo.com\/ErosWalker\/?page_id=446"},"modified":"2025-04-25T09:01:45","modified_gmt":"2025-04-25T07:01:45","slug":"dernier-set-4","status":"publish","type":"page","link":"https:\/\/ellington-photo.com\/ErosWalker\/dernier-set-4\/","title":{"rendered":"Dernier Set (4)"},"content":{"rendered":"\n<h1 class=\"wp-block-heading\"><a>Leonardo Giordano<\/a><\/h1>\n\n\n\n<p>Haut du formulaire<\/p>\n\n\n\n<p><strong>Long Beach Harbour, Californie<\/strong><\/p>\n\n\n\n<p>La Lamborghini Revuelto se lan\u00e7a sur Seaside Freeway dans le hurlement de ses douze cylindres. Le conducteur ralentit pour quitter l\u2019autoroute et prendre Pier T Avenue afin de p\u00e9n\u00e9trer dans l\u2019enceinte portuaire. Se faufilant entre les semi-remorques en attente de contr\u00f4le, il franchit les portiques avec fracas. Le bolide jaune s\u2019engagea entre les ilots de containers, \u00e9vitant les chariots \u00e9l\u00e9vateurs et les camions charg\u00e9s. L\u2019homme au volant s\u2019offrit un dernier drift avant de p\u00e9n\u00e9trer dans un hangar et d\u2019arr\u00eater le v\u00e9hicule au milieu des palettes. La porti\u00e8re en \u00e9lytre s\u2019ouvrit pour permettre \u00e0 Leonardo Giordano de quitter la voiture, laissant le soin \u00e0 l\u2019un de ses employ\u00e9s d\u2019aller la parquer. Dans un vaste bureau, au sommet d\u2019un escalier m\u00e9tallique, deux hommes attendaient depuis un moment. Ils pos\u00e8rent leurs caf\u00e9s quand le patron entra.<\/p>\n\n\n\n<p>\u00ab Alors ? demanda l\u2019arrivant, comment \u00e7a s\u2019est pass\u00e9. Vous l\u2019avez retrouv\u00e9 ce type ?<\/p>\n\n\n\n<p>\u2014 Oui patron, r\u00e9pondit Jack, le plus grand des deux. On a attendu la fermeture du club et on est all\u00e9 lui parler.<\/p>\n\n\n\n<p>\u2014 Enfin, on a transmis votre message, compl\u00e9ta Lino, le plus petit.<\/p>\n\n\n\n<p>\u2014 Vous l\u2019avez esquint\u00e9 ?<\/p>\n\n\n\n<p>\u2014 On a fait comme vous aviez demand\u00e9, on n\u2019a pas touch\u00e9 ses mains, mais il ne doit pas \u00eatre tr\u00e8s pr\u00e9sentable ce matin.<\/p>\n\n\n\n<p>\u2014 C\u2019est bien. Si on l\u2019avait trop ab\u00eem\u00e9, il aurait disparu dans la nature et mon fric avec. Vous retournerez vous montrer au club ce soir, juste pour lui mettre la pression, mais vous ne faites rien. Je veux juste qu\u2019il vous voie, et ensuite vous vous barrez.<\/p>\n\n\n\n<p>\u2014 Vous croyez qu\u2019il va rendre le pognon ? demanda Lino.<\/p>\n\n\n\n<p>\u2014 On verra bien, c\u2019est pas pour la somme, c\u2019est pour le principe.<\/p>\n\n\n\n<p>\u2014 Vous ne craignez pas qu\u2019il aille parler aux flics ? s\u2019inqui\u00e9ta Jack.<\/p>\n\n\n\n<p>\u2014 \u00c7a m\u2019\u00e9tonnerait, les flics d\u2019Hollywood ont autre chose \u00e0 foutre que s\u2019occuper d\u2019une bagarre \u00e0 la sortie d\u2019un bar. Bon, assez parl\u00e9 de \u00e7a, qu\u2019est-ce qu\u2019on a d\u2019autre aujourd\u2019hui ?<\/p>\n\n\n\n<p>\u2014 Les containers en provenance de Shanga\u00ef ont \u00e9t\u00e9 d\u00e9charg\u00e9s hier. Ils sont en cours de d\u00e9douanement. On devrait les recevoir dans l\u2019apr\u00e8s-midi.<\/p>\n\n\n\n<p>\u2014 Voyez avec Franck, il faut livrer la marchandise au plus vite. Les clients attendent depuis une semaine.<\/p>\n\n\n\n<p>\u2014 On n\u2019y peut rien, c\u2019est la p\u00e9nurie pour les caisses, d\u00e9clara Lino.<\/p>\n\n\n\n<p>\u2014 Mon cul ! c\u2019est encore une combine pour faire monter les tarifs, s\u2019emporta Leonardo. Que Franck se d\u00e9merde, il faut que tout soit parti demain.<\/p>\n\n\n\n<p>\u2014 Sinon, votre nouvelle voiture, se hasarda Jack ?<\/p>\n\n\n\n<p>\u2014 Je ne suis pas s\u00fbr que \u00e7a justifie les six cents mille dollars qu\u2019il m\u2019a fallu d\u00e9bourser. Je crois que je pr\u00e9f\u00e9rais l\u2019Aston Martin. La Lamborghini, c\u2019est juste un moteur. L\u2019Aston Martin, c\u2019est la classe. \u00bb<\/p>\n\n\n\n<p><\/p>\n\n\n\n<p>Chapitre suivant : <a href=\"https:\/\/ellington-photo.com\/ErosWalker\/dernier-set-4\/\"><\/a><a href=\"https:\/\/ellington-photo.com\/ErosWalker\/dernier-set-5\/\">https:\/\/ellington-photo.com\/ErosWalker\/dernier-set-5\/<\/a><\/p>\n\n\n\n<p><\/p>\n","protected":false},"excerpt":{"rendered":"<p>Leonardo Giordano Haut du formulaire Long Beach Harbour, Californie La Lamborghini Revuelto se lan\u00e7a sur Seaside Freeway dans le hurlement de ses douze cylindres. Le conducteur ralentit pour quitter l\u2019autoroute et prendre Pier T Avenue afin de p\u00e9n\u00e9trer dans l\u2019enceinte portuaire. Se faufilant entre les &hellip; <\/p>\n","protected":false},"author":1,"featured_media":448,"parent":0,"menu_order":0,"comment_status":"closed","ping_status":"closed","template":"","meta":{"footnotes":""},"class_list":["post-446","page","type-page","status-publish","has-post-thumbnail","hentry"],"yoast_head":"<!-- This site is optimized with the Yoast SEO plugin v27.4 - https:\/\/yoast.com\/product\/yoast-seo-wordpress\/ -->\n<title>Dernier Set (4) - Eros Walker Stories<\/title>\n<meta name=\"robots\" content=\"index, follow, max-snippet:-1, max-image-preview:large, max-video-preview:-1\" \/>\n<link rel=\"canonical\" href=\"https:\/\/ellington-photo.com\/ErosWalker\/dernier-set-4\/\" \/>\n<meta property=\"og:locale\" content=\"fr_FR\" \/>\n<meta property=\"og:type\" content=\"article\" \/>\n<meta property=\"og:title\" content=\"Dernier Set (4) - Eros Walker Stories\" \/>\n<meta property=\"og:description\" content=\"Leonardo Giordano Haut du formulaire Long Beach Harbour, Californie La Lamborghini Revuelto se lan\u00e7a sur Seaside Freeway dans le hurlement de ses douze cylindres. Le conducteur ralentit pour quitter l\u2019autoroute et prendre Pier T Avenue afin de p\u00e9n\u00e9trer dans l\u2019enceinte portuaire. Se faufilant entre les &hellip;\" \/>\n<meta property=\"og:url\" content=\"https:\/\/ellington-photo.com\/ErosWalker\/dernier-set-4\/\" \/>\n<meta property=\"og:site_name\" content=\"Eros Walker Stories\" \/>\n<meta property=\"article:modified_time\" content=\"2025-04-25T07:01:45+00:00\" \/>\n<meta property=\"og:image\" content=\"https:\/\/ellington-photo.com\/ErosWalker\/wp-content\/uploads\/2025\/04\/Dernier-Set-4.jpg\" \/>\n\t<meta property=\"og:image:width\" content=\"2368\" \/>\n\t<meta property=\"og:image:height\" content=\"1792\" \/>\n\t<meta property=\"og:image:type\" content=\"image\/jpeg\" \/>\n<meta name=\"twitter:card\" content=\"summary_large_image\" \/>\n<meta name=\"twitter:label1\" content=\"Dur\u00e9e de lecture estim\u00e9e\" \/>\n\t<meta name=\"twitter:data1\" content=\"3 minutes\" \/>\n<script type=\"application\/ld+json\" class=\"yoast-schema-graph\">{\"@context\":\"https:\\\/\\\/schema.org\",\"@graph\":[{\"@type\":\"WebPage\",\"@id\":\"https:\\\/\\\/ellington-photo.com\\\/ErosWalker\\\/dernier-set-4\\\/\",\"url\":\"https:\\\/\\\/ellington-photo.com\\\/ErosWalker\\\/dernier-set-4\\\/\",\"name\":\"Dernier Set (4) - Eros Walker Stories\",\"isPartOf\":{\"@id\":\"https:\\\/\\\/ellington-photo.com\\\/ErosWalker\\\/#website\"},\"primaryImageOfPage\":{\"@id\":\"https:\\\/\\\/ellington-photo.com\\\/ErosWalker\\\/dernier-set-4\\\/#primaryimage\"},\"image\":{\"@id\":\"https:\\\/\\\/ellington-photo.com\\\/ErosWalker\\\/dernier-set-4\\\/#primaryimage\"},\"thumbnailUrl\":\"https:\\\/\\\/ellington-photo.com\\\/ErosWalker\\\/wp-content\\\/uploads\\\/2025\\\/04\\\/Dernier-Set-4.jpg\",\"datePublished\":\"2025-04-24T07:31:29+00:00\",\"dateModified\":\"2025-04-25T07:01:45+00:00\",\"breadcrumb\":{\"@id\":\"https:\\\/\\\/ellington-photo.com\\\/ErosWalker\\\/dernier-set-4\\\/#breadcrumb\"},\"inLanguage\":\"fr-FR\",\"potentialAction\":[{\"@type\":\"ReadAction\",\"target\":[\"https:\\\/\\\/ellington-photo.com\\\/ErosWalker\\\/dernier-set-4\\\/\"]}]},{\"@type\":\"ImageObject\",\"inLanguage\":\"fr-FR\",\"@id\":\"https:\\\/\\\/ellington-photo.com\\\/ErosWalker\\\/dernier-set-4\\\/#primaryimage\",\"url\":\"https:\\\/\\\/ellington-photo.com\\\/ErosWalker\\\/wp-content\\\/uploads\\\/2025\\\/04\\\/Dernier-Set-4.jpg\",\"contentUrl\":\"https:\\\/\\\/ellington-photo.com\\\/ErosWalker\\\/wp-content\\\/uploads\\\/2025\\\/04\\\/Dernier-Set-4.jpg\",\"width\":2368,\"height\":1792},{\"@type\":\"BreadcrumbList\",\"@id\":\"https:\\\/\\\/ellington-photo.com\\\/ErosWalker\\\/dernier-set-4\\\/#breadcrumb\",\"itemListElement\":[{\"@type\":\"ListItem\",\"position\":1,\"name\":\"Accueil\",\"item\":\"https:\\\/\\\/ellington-photo.com\\\/ErosWalker\\\/\"},{\"@type\":\"ListItem\",\"position\":2,\"name\":\"Dernier Set (4)\"}]},{\"@type\":\"WebSite\",\"@id\":\"https:\\\/\\\/ellington-photo.com\\\/ErosWalker\\\/#website\",\"url\":\"https:\\\/\\\/ellington-photo.com\\\/ErosWalker\\\/\",\"name\":\"Eros Walker Stories\",\"description\":\"Litt\u00e9rature et images\",\"publisher\":{\"@id\":\"https:\\\/\\\/ellington-photo.com\\\/ErosWalker\\\/#organization\"},\"potentialAction\":[{\"@type\":\"SearchAction\",\"target\":{\"@type\":\"EntryPoint\",\"urlTemplate\":\"https:\\\/\\\/ellington-photo.com\\\/ErosWalker\\\/?s={search_term_string}\"},\"query-input\":{\"@type\":\"PropertyValueSpecification\",\"valueRequired\":true,\"valueName\":\"search_term_string\"}}],\"inLanguage\":\"fr-FR\"},{\"@type\":\"Organization\",\"@id\":\"https:\\\/\\\/ellington-photo.com\\\/ErosWalker\\\/#organization\",\"name\":\"Eros Walker Stories\",\"url\":\"https:\\\/\\\/ellington-photo.com\\\/ErosWalker\\\/\",\"logo\":{\"@type\":\"ImageObject\",\"inLanguage\":\"fr-FR\",\"@id\":\"https:\\\/\\\/ellington-photo.com\\\/ErosWalker\\\/#\\\/schema\\\/logo\\\/image\\\/\",\"url\":\"https:\\\/\\\/ellington-photo.com\\\/ErosWalker\\\/wp-content\\\/uploads\\\/2025\\\/05\\\/Chat-Noir.jpg\",\"contentUrl\":\"https:\\\/\\\/ellington-photo.com\\\/ErosWalker\\\/wp-content\\\/uploads\\\/2025\\\/05\\\/Chat-Noir.jpg\",\"width\":400,\"height\":391,\"caption\":\"Eros Walker Stories\"},\"image\":{\"@id\":\"https:\\\/\\\/ellington-photo.com\\\/ErosWalker\\\/#\\\/schema\\\/logo\\\/image\\\/\"},\"sameAs\":[\"https:\\\/\\\/www.linkedin.com\\\/in\\\/eros-walker-ab710a298\\\/\"]}]}<\/script>\n<!-- \/ Yoast SEO plugin. -->","yoast_head_json":{"title":"Dernier Set (4) - Eros Walker Stories","robots":{"index":"index","follow":"follow","max-snippet":"max-snippet:-1","max-image-preview":"max-image-preview:large","max-video-preview":"max-video-preview:-1"},"canonical":"https:\/\/ellington-photo.com\/ErosWalker\/dernier-set-4\/","og_locale":"fr_FR","og_type":"article","og_title":"Dernier Set (4) - Eros Walker Stories","og_description":"Leonardo Giordano Haut du formulaire Long Beach Harbour, Californie La Lamborghini Revuelto se lan\u00e7a sur Seaside Freeway dans le hurlement de ses douze cylindres. Le conducteur ralentit pour quitter l\u2019autoroute et prendre Pier T Avenue afin de p\u00e9n\u00e9trer dans l\u2019enceinte portuaire. Se faufilant entre les &hellip;","og_url":"https:\/\/ellington-photo.com\/ErosWalker\/dernier-set-4\/","og_site_name":"Eros Walker Stories","article_modified_time":"2025-04-25T07:01:45+00:00","og_image":[{"width":2368,"height":1792,"url":"https:\/\/ellington-photo.com\/ErosWalker\/wp-content\/uploads\/2025\/04\/Dernier-Set-4.jpg","type":"image\/jpeg"}],"twitter_card":"summary_large_image","twitter_misc":{"Dur\u00e9e de lecture estim\u00e9e":"3 minutes"},"schema":{"@context":"https:\/\/schema.org","@graph":[{"@type":"WebPage","@id":"https:\/\/ellington-photo.com\/ErosWalker\/dernier-set-4\/","url":"https:\/\/ellington-photo.com\/ErosWalker\/dernier-set-4\/","name":"Dernier Set (4) - Eros Walker Stories","isPartOf":{"@id":"https:\/\/ellington-photo.com\/ErosWalker\/#website"},"primaryImageOfPage":{"@id":"https:\/\/ellington-photo.com\/ErosWalker\/dernier-set-4\/#primaryimage"},"image":{"@id":"https:\/\/ellington-photo.com\/ErosWalker\/dernier-set-4\/#primaryimage"},"thumbnailUrl":"https:\/\/ellington-photo.com\/ErosWalker\/wp-content\/uploads\/2025\/04\/Dernier-Set-4.jpg","datePublished":"2025-04-24T07:31:29+00:00","dateModified":"2025-04-25T07:01:45+00:00","breadcrumb":{"@id":"https:\/\/ellington-photo.com\/ErosWalker\/dernier-set-4\/#breadcrumb"},"inLanguage":"fr-FR","potentialAction":[{"@type":"ReadAction","target":["https:\/\/ellington-photo.com\/ErosWalker\/dernier-set-4\/"]}]},{"@type":"ImageObject","inLanguage":"fr-FR","@id":"https:\/\/ellington-photo.com\/ErosWalker\/dernier-set-4\/#primaryimage","url":"https:\/\/ellington-photo.com\/ErosWalker\/wp-content\/uploads\/2025\/04\/Dernier-Set-4.jpg","contentUrl":"https:\/\/ellington-photo.com\/ErosWalker\/wp-content\/uploads\/2025\/04\/Dernier-Set-4.jpg","width":2368,"height":1792},{"@type":"BreadcrumbList","@id":"https:\/\/ellington-photo.com\/ErosWalker\/dernier-set-4\/#breadcrumb","itemListElement":[{"@type":"ListItem","position":1,"name":"Accueil","item":"https:\/\/ellington-photo.com\/ErosWalker\/"},{"@type":"ListItem","position":2,"name":"Dernier Set (4)"}]},{"@type":"WebSite","@id":"https:\/\/ellington-photo.com\/ErosWalker\/#website","url":"https:\/\/ellington-photo.com\/ErosWalker\/","name":"Eros Walker Stories","description":"Litt\u00e9rature et images","publisher":{"@id":"https:\/\/ellington-photo.com\/ErosWalker\/#organization"},"potentialAction":[{"@type":"SearchAction","target":{"@type":"EntryPoint","urlTemplate":"https:\/\/ellington-photo.com\/ErosWalker\/?s={search_term_string}"},"query-input":{"@type":"PropertyValueSpecification","valueRequired":true,"valueName":"search_term_string"}}],"inLanguage":"fr-FR"},{"@type":"Organization","@id":"https:\/\/ellington-photo.com\/ErosWalker\/#organization","name":"Eros Walker Stories","url":"https:\/\/ellington-photo.com\/ErosWalker\/","logo":{"@type":"ImageObject","inLanguage":"fr-FR","@id":"https:\/\/ellington-photo.com\/ErosWalker\/#\/schema\/logo\/image\/","url":"https:\/\/ellington-photo.com\/ErosWalker\/wp-content\/uploads\/2025\/05\/Chat-Noir.jpg","contentUrl":"https:\/\/ellington-photo.com\/ErosWalker\/wp-content\/uploads\/2025\/05\/Chat-Noir.jpg","width":400,"height":391,"caption":"Eros Walker Stories"},"image":{"@id":"https:\/\/ellington-photo.com\/ErosWalker\/#\/schema\/logo\/image\/"},"sameAs":["https:\/\/www.linkedin.com\/in\/eros-walker-ab710a298\/"]}]}},"_links":{"self":[{"href":"https:\/\/ellington-photo.com\/ErosWalker\/wp-json\/wp\/v2\/pages\/446","targetHints":{"allow":["GET"]}}],"collection":[{"href":"https:\/\/ellington-photo.com\/ErosWalker\/wp-json\/wp\/v2\/pages"}],"about":[{"href":"https:\/\/ellington-photo.com\/ErosWalker\/wp-json\/wp\/v2\/types\/page"}],"author":[{"embeddable":true,"href":"https:\/\/ellington-photo.com\/ErosWalker\/wp-json\/wp\/v2\/users\/1"}],"replies":[{"embeddable":true,"href":"https:\/\/ellington-photo.com\/ErosWalker\/wp-json\/wp\/v2\/comments?post=446"}],"version-history":[{"count":2,"href":"https:\/\/ellington-photo.com\/ErosWalker\/wp-json\/wp\/v2\/pages\/446\/revisions"}],"predecessor-version":[{"id":455,"href":"https:\/\/ellington-photo.com\/ErosWalker\/wp-json\/wp\/v2\/pages\/446\/revisions\/455"}],"wp:featuredmedia":[{"embeddable":true,"href":"https:\/\/ellington-photo.com\/ErosWalker\/wp-json\/wp\/v2\/media\/448"}],"wp:attachment":[{"href":"https:\/\/ellington-photo.com\/ErosWalker\/wp-json\/wp\/v2\/media?parent=446"}],"curies":[{"name":"wp","href":"https:\/\/api.w.org\/{rel}","templated":true}]}}