{"id":440,"date":"2025-04-23T12:09:33","date_gmt":"2025-04-23T10:09:33","guid":{"rendered":"https:\/\/ellington-photo.com\/ErosWalker\/?page_id=440"},"modified":"2025-04-24T09:38:06","modified_gmt":"2025-04-24T07:38:06","slug":"dernier-set-3","status":"publish","type":"page","link":"https:\/\/ellington-photo.com\/ErosWalker\/dernier-set-3\/","title":{"rendered":"Dernier Set (3)"},"content":{"rendered":"\n<h1 class=\"wp-block-heading\"><a>Mike Bentwood<\/a><\/h1>\n\n\n\n<p><strong>Echo Park et Little Tokyo, Los Angeles<\/strong><\/p>\n\n\n\n<p>J\u2019ai du mal \u00e0 me lever ce matin. Une douleur lancinante continue \u00e0 me lac\u00e9rer le ventre, \u00e0 l\u2019endroit o\u00f9 le mastard a frapp\u00e9. Dans la glace de la salle de bain, ma gueule me fait presque peur. M\u00eame sur une peau noire, l\u2019ecchymose autour de mon \u0153il est bien visible et je vois mal. Je d\u00e9niche une paire de vieilles Ray Ban teint\u00e9es et je me tra\u00eene jusqu\u2019\u00e0 la cuisine. Je n\u2019ai encore jamais pris une telle d\u00e9rouill\u00e9e. Dans ma jeunesse, j\u2019ai eu envie d&rsquo;essayer la boxe, comme les copains, mais j\u2019en ai vite eu marre de prendre des coups, et surtout, je ne voulais pas risquer de m\u2019abimer les mains. \u00c0 quinze ans, j\u2019\u00e9tais d\u00e9j\u00e0 plut\u00f4t bon au clavier et je me d\u00e9brouillais pas trop mal avec une Gibson. Je n\u2019avais pas encore d\u00e9cid\u00e9 de devenir musicien professionnel, mais j\u2019avais compris qu\u2019il me fallait pr\u00e9server ce capital. Les deux brutes de la veille avaient simplement d\u00e9cid\u00e9 de me donner un avertissement, sinon ils m\u2019auraient bris\u00e9 les doigts.<\/p>\n\n\n\n<p>Je pr\u00e9pare un caf\u00e9 bien fort, je bois deux grandes tasses. Mon estomac a un peu de mal \u00e0 les garder et je comprends que je ne pourrai rien avaler de solide. Je reste un moment assis sur le tabouret, les coudes pos\u00e9s sur le bar en attendant que mon corps accepte de me r\u00e9pondre. \u00c7a revient doucement et je peux me glisser sous la douche. L\u2019eau chaude me fait un peu de bien et j\u2019ai l\u2019impression de revenir \u00e0 la vie. Saka et Nash m\u2019ont donn\u00e9 rendez-vous pour d\u00e9jeuner \u00e0 Little Tokyo. On se retrouve souvent dans ce coin, \u00e0 deux pas de leur bureau et pas trop loin de chez moi. Je d\u00e9cide d\u2019y aller \u00e0 pied, pour me remettre les id\u00e9es en place. Une petite heure, la balade n\u2019est pas des plus plaisantes, avec les autoroutes qui s\u00e9parent les deux quartiers, mais je n\u2019ai rien d\u2019autre \u00e0 faire de toute fa\u00e7on.<\/p>\n\n\n\n<p>Quand je pousse la porte d\u2019Azay, je me demande ce qui attire tant de monde \u00e0 cet endroit. Je ne suis pas fan de sushis, j\u2019ai \u00e9t\u00e9 biberonn\u00e9 aux hamburgers, mais de toute fa\u00e7on, je n\u2019ai pas faim. Mes amis sont install\u00e9s \u00e0 une table au fond, Nash se serre pour me faire une place sur la banquette, \u00e0 c\u00f4t\u00e9 de lui. Saka me regarde avec un dr\u00f4le d\u2019air.<\/p>\n\n\n\n<p>\u00ab T\u2019as vraiment une sale gueule, t\u2019es tomb\u00e9 dans l\u2019escalier ?<\/p>\n\n\n\n<p>\u2014 Tr\u00e8s amusant, merci pour ta compassion.&nbsp;\u00bb<\/p>\n\n\n\n<p>Je r\u00e9ponds en essayant de sourire, mais \u00e7a me fait mal.<\/p>\n\n\n\n<p>\u00ab&nbsp;C\u2019est pour \u00e7a que tu voulais nous voir ? me demande Nash, pragmatique.<\/p>\n\n\n\n<p>\u2014 C\u2019est pas pour partager les sushis avec vous, c\u2019est s\u00fbr. Je ne pourrai rien avaler.<\/p>\n\n\n\n<p>\u2014 Alors, raconte ! lan\u00e7a Saka. \u00bb<\/p>\n\n\n\n<p>Je commence mon histoire, en remontant un peu en arri\u00e8re. Deux soirs plus t\u00f4t pr\u00e9cis\u00e9ment.<\/p>\n\n\n\n<p>Si on exclut la fumette que j&rsquo;ai vite arr\u00eat\u00e9e, je n\u2019ai qu\u2019un seul vice, quand on n\u2019a pas d\u2019engagement avec le trio, il m\u2019arrive d\u2019aller faire un poker. C\u2019est un truc qui m\u2019est rest\u00e9 de ma p\u00e9riode \u00e9tudiante et je me d\u00e9brouille pas trop mal. Je joue plut\u00f4t dans des soir\u00e9es priv\u00e9es, mais il m\u2019arrive de temps en temps d\u2019aller dans un bar que je connais. Ce soir l\u00e0, j\u2019\u00e9tait plut\u00f4t en veine, et le type d\u2019en face ne l\u2019a pas compris. \u00c0 trois heures, je lui avais pris presque trente grands<a href=\"#_ftn1\" id=\"_ftnref1\">[1]<\/a>. Il m\u2019a accus\u00e9 de tricherie et il a foutu le camp, furibard. Comme je ramassais mon fric en finissant mon verre le patron du rade est venu me voir.<\/p>\n\n\n\n<p>\u00ab Fais gaffe, ce type a la rancune tenace. Il joue comme un pied, mais il d\u00e9teste perdre.<\/p>\n\n\n\n<p>\u2014 C\u2019est qui ?<\/p>\n\n\n\n<p>\u2014 Je ne sais pas trop, il vient de temps en temps jouer ici, \u00e7a se finit presque toujours comme ce soir. On dit qu\u2019il gagne pas mal de pognon en faisant des affaires sur le port, \u00e0 Long Beach. Vu les caisses qu\u2019il conduit, \u00e7a pourrait bien \u00eatre vrai. Je l\u2019ai vu arriver une fois en Aston-Martin, une autre en Lamborghini.<\/p>\n\n\n\n<p>\u2014 Il vient seul ?<\/p>\n\n\n\n<p>\u2014 Non, il est g\u00e9n\u00e9ralement avec deux types, un grand baraqu\u00e9 et un petit \u00e0 l\u2019air vicieux, ils restent au bar.<\/p>\n\n\n\n<p>\u2014 Des gardes du corps ?<\/p>\n\n\n\n<p>\u2014 Sans doute, oui. Pas des mecs \u00e0 qui t\u2019as envie de payer un verre en tout cas. \u00bb<\/p>\n\n\n\n<p>Nash profite d\u2019une respiration pour me demander.<\/p>\n\n\n\n<p>\u00ab C\u2019est eux qui t\u2019ont fait \u00e7a ?<\/p>\n\n\n\n<p>\u2014 Je peux pas en \u00eatre s\u00fbr \u00e0 cent pour cent, mais \u00e7a se pourrait bien, vu qu\u2019ils m\u2019ont donn\u00e9 trois jours pour rembourser.<\/p>\n\n\n\n<p>\u2014 Tu n\u2019es pas all\u00e9 voir les flics ? demande Saka, connaissant d\u00e9j\u00e0 ma r\u00e9ponse.<\/p>\n\n\n\n<p>\u2014 Que j\u2019aille leur raconter que je me suis fait rosser en sortant d\u2019une salle de jeu clandestine ? Je fais du jazz, pas du stand-up.<\/p>\n\n\n\n<p>\u2014 \u00c7a s\u2019est pass\u00e9 comment ? relance Nash.<\/p>\n\n\n\n<p>\u2014 Hier soir, ce matin plut\u00f4t. Ils sont entr\u00e9s dans le Club un peu avant la fin de notre dernier set. Ils se sont install\u00e9s au bar et ils ont attendu. Quand on a eu rang\u00e9 les instruments et pris le dernier verre avec Jerry, Martin et Jeff sont repartis ensemble en voiture, moi j\u2019ai appel\u00e9 un Uber. J\u2019attendais tout seul sur le trottoir quand ils me sont tomb\u00e9s dessus.<\/p>\n\n\n\n<p>\u2014 Ils ne t\u2019ont pas rat\u00e9 ! commenta Mary.<\/p>\n\n\n\n<p>\u2014 Je m\u2019en tire pas trop mal, dis-je en remuant les doigts. Avec des lunettes et un chapeau, je serai pr\u00e9sentable ce soir.<\/p>\n\n\n\n<p>\u2014 Qu\u2019est-ce que tu vas faire ? demanda Nash.<\/p>\n\n\n\n<p>\u2014 Je ne sais pas encore, c\u2019est pour \u00e7a que je voulais vous voir. Ce fric, je ne l\u2019ai pas vol\u00e9. Qu\u2019est-ce qui me garantit qu\u2019ils me laisseront tranquille si je leur rend ?<\/p>\n\n\n\n<p>\u2014 Tu as raison, dit Saka, jamais c\u00e9der au chantage, mais tu ne peux pas disparaitre dans la nature et si tu restes \u00e0 LA, ils te retrouveront un jour ou l\u2019autre. Ils n\u2019ont pas eu de mal la premi\u00e8re fois. Je ne sais pas comment d\u2019ailleurs.<\/p>\n\n\n\n<p>\u2014 Moi non plus, mais il y a des gens qui me connaissent dans ce bar, qui savent o\u00f9 je joue au moins.<\/p>\n\n\n\n<p>\u2014 C\u2019est pas le plus important. Il faut commencer par identifier ton adversaire.<\/p>\n\n\n\n<p>\u2014 J\u2019ai pas grand-chose. Les voitures, Long Beach, il a vaguement le type rital, pas tr\u00e8s grand, tr\u00e8s brun. S\u00fbrement pas latino.<\/p>\n\n\n\n<p>\u2014 On a d\u00e9j\u00e0 un d\u00e9but, r\u00e9pond Nash, en signe d\u2019encouragement. Des types qui font du business sur le port avec des caisses pareilles, il ne doit pas y en avoir des masses. Je vais faire passer le mot.<\/p>\n\n\n\n<p>\u2014 Je fais quoi en attendant ?<\/p>\n\n\n\n<p>\u2014 Rien ! Tu continues \u00e0 vivre normalement. Ils t\u2019on dit trois jours ? \u00c7a nous laisse au moins quarante-huit heures pour nous renseigner, notre taf, et tu sais qu\u2019on le fait bien.<\/p>\n\n\n\n<p>\u2014 Je sais, c\u2019est pour \u00e7a que je suis l\u00e0.<\/p>\n\n\n\n<p>\u2014 Pas la peine d\u2019avoir des amis si on peut pas compter sur eux, compl\u00e9ta Saka. \u00bb<\/p>\n\n\n\n<p>Je finis mon caf\u00e9, embrasse Mary et serre la pogne de Nash. Le soleil brille sur Los Angeles, je d\u00e9cide de rentrer chez moi et de me recoucher.<\/p>\n\n\n\n<hr class=\"wp-block-separator has-alpha-channel-opacity\"\/>\n\n\n\n<p><a href=\"#_ftnref1\" id=\"_ftn1\">[1]<\/a> 1 grand = 1000 dollars en argot am\u00e9ricain<\/p>\n\n\n\n<p><\/p>\n\n\n\n<p>Chapitre suivant : <a href=\"https:\/\/ellington-photo.com\/ErosWalker\/dernier-set-4\/\"><\/a><a href=\"https:\/\/ellington-photo.com\/ErosWalker\/dernier-set-4\/\">https:\/\/ellington-photo.com\/ErosWalker\/dernier-set-4\/<\/a><\/p>\n\n\n\n<p><\/p>\n","protected":false},"excerpt":{"rendered":"<p>Mike Bentwood Echo Park et Little Tokyo, Los Angeles J\u2019ai du mal \u00e0 me lever ce matin. Une douleur lancinante continue \u00e0 me lac\u00e9rer le ventre, \u00e0 l\u2019endroit o\u00f9 le mastard a frapp\u00e9. Dans la glace de la salle de bain, ma gueule me fait &hellip; <\/p>\n","protected":false},"author":1,"featured_media":442,"parent":0,"menu_order":0,"comment_status":"closed","ping_status":"closed","template":"","meta":{"footnotes":""},"class_list":["post-440","page","type-page","status-publish","has-post-thumbnail","hentry"],"yoast_head":"<!-- This site is optimized with the Yoast SEO plugin v27.4 - https:\/\/yoast.com\/product\/yoast-seo-wordpress\/ -->\n<title>Dernier Set (3) - Eros Walker Stories<\/title>\n<meta name=\"robots\" content=\"index, follow, max-snippet:-1, max-image-preview:large, max-video-preview:-1\" \/>\n<link rel=\"canonical\" href=\"https:\/\/ellington-photo.com\/ErosWalker\/dernier-set-3\/\" \/>\n<meta property=\"og:locale\" content=\"fr_FR\" \/>\n<meta property=\"og:type\" content=\"article\" \/>\n<meta property=\"og:title\" content=\"Dernier Set (3) - Eros Walker Stories\" \/>\n<meta property=\"og:description\" content=\"Mike Bentwood Echo Park et Little Tokyo, Los Angeles J\u2019ai du mal \u00e0 me lever ce matin. Une douleur lancinante continue \u00e0 me lac\u00e9rer le ventre, \u00e0 l\u2019endroit o\u00f9 le mastard a frapp\u00e9. Dans la glace de la salle de bain, ma gueule me fait &hellip;\" \/>\n<meta property=\"og:url\" content=\"https:\/\/ellington-photo.com\/ErosWalker\/dernier-set-3\/\" \/>\n<meta property=\"og:site_name\" content=\"Eros Walker Stories\" \/>\n<meta property=\"article:modified_time\" content=\"2025-04-24T07:38:06+00:00\" \/>\n<meta property=\"og:image\" content=\"https:\/\/ellington-photo.com\/ErosWalker\/wp-content\/uploads\/2025\/04\/Chapitre-3.jpg\" \/>\n\t<meta property=\"og:image:width\" content=\"2368\" \/>\n\t<meta property=\"og:image:height\" content=\"1792\" \/>\n\t<meta property=\"og:image:type\" content=\"image\/jpeg\" \/>\n<meta name=\"twitter:card\" content=\"summary_large_image\" \/>\n<meta name=\"twitter:label1\" content=\"Dur\u00e9e de lecture estim\u00e9e\" \/>\n\t<meta name=\"twitter:data1\" content=\"6 minutes\" \/>\n<script type=\"application\/ld+json\" class=\"yoast-schema-graph\">{\"@context\":\"https:\\\/\\\/schema.org\",\"@graph\":[{\"@type\":\"WebPage\",\"@id\":\"https:\\\/\\\/ellington-photo.com\\\/ErosWalker\\\/dernier-set-3\\\/\",\"url\":\"https:\\\/\\\/ellington-photo.com\\\/ErosWalker\\\/dernier-set-3\\\/\",\"name\":\"Dernier Set (3) - Eros Walker Stories\",\"isPartOf\":{\"@id\":\"https:\\\/\\\/ellington-photo.com\\\/ErosWalker\\\/#website\"},\"primaryImageOfPage\":{\"@id\":\"https:\\\/\\\/ellington-photo.com\\\/ErosWalker\\\/dernier-set-3\\\/#primaryimage\"},\"image\":{\"@id\":\"https:\\\/\\\/ellington-photo.com\\\/ErosWalker\\\/dernier-set-3\\\/#primaryimage\"},\"thumbnailUrl\":\"https:\\\/\\\/ellington-photo.com\\\/ErosWalker\\\/wp-content\\\/uploads\\\/2025\\\/04\\\/Chapitre-3.jpg\",\"datePublished\":\"2025-04-23T10:09:33+00:00\",\"dateModified\":\"2025-04-24T07:38:06+00:00\",\"breadcrumb\":{\"@id\":\"https:\\\/\\\/ellington-photo.com\\\/ErosWalker\\\/dernier-set-3\\\/#breadcrumb\"},\"inLanguage\":\"fr-FR\",\"potentialAction\":[{\"@type\":\"ReadAction\",\"target\":[\"https:\\\/\\\/ellington-photo.com\\\/ErosWalker\\\/dernier-set-3\\\/\"]}]},{\"@type\":\"ImageObject\",\"inLanguage\":\"fr-FR\",\"@id\":\"https:\\\/\\\/ellington-photo.com\\\/ErosWalker\\\/dernier-set-3\\\/#primaryimage\",\"url\":\"https:\\\/\\\/ellington-photo.com\\\/ErosWalker\\\/wp-content\\\/uploads\\\/2025\\\/04\\\/Chapitre-3.jpg\",\"contentUrl\":\"https:\\\/\\\/ellington-photo.com\\\/ErosWalker\\\/wp-content\\\/uploads\\\/2025\\\/04\\\/Chapitre-3.jpg\",\"width\":2368,\"height\":1792},{\"@type\":\"BreadcrumbList\",\"@id\":\"https:\\\/\\\/ellington-photo.com\\\/ErosWalker\\\/dernier-set-3\\\/#breadcrumb\",\"itemListElement\":[{\"@type\":\"ListItem\",\"position\":1,\"name\":\"Accueil\",\"item\":\"https:\\\/\\\/ellington-photo.com\\\/ErosWalker\\\/\"},{\"@type\":\"ListItem\",\"position\":2,\"name\":\"Dernier Set (3)\"}]},{\"@type\":\"WebSite\",\"@id\":\"https:\\\/\\\/ellington-photo.com\\\/ErosWalker\\\/#website\",\"url\":\"https:\\\/\\\/ellington-photo.com\\\/ErosWalker\\\/\",\"name\":\"Eros Walker Stories\",\"description\":\"Litt\u00e9rature et images\",\"publisher\":{\"@id\":\"https:\\\/\\\/ellington-photo.com\\\/ErosWalker\\\/#organization\"},\"potentialAction\":[{\"@type\":\"SearchAction\",\"target\":{\"@type\":\"EntryPoint\",\"urlTemplate\":\"https:\\\/\\\/ellington-photo.com\\\/ErosWalker\\\/?s={search_term_string}\"},\"query-input\":{\"@type\":\"PropertyValueSpecification\",\"valueRequired\":true,\"valueName\":\"search_term_string\"}}],\"inLanguage\":\"fr-FR\"},{\"@type\":\"Organization\",\"@id\":\"https:\\\/\\\/ellington-photo.com\\\/ErosWalker\\\/#organization\",\"name\":\"Eros Walker Stories\",\"url\":\"https:\\\/\\\/ellington-photo.com\\\/ErosWalker\\\/\",\"logo\":{\"@type\":\"ImageObject\",\"inLanguage\":\"fr-FR\",\"@id\":\"https:\\\/\\\/ellington-photo.com\\\/ErosWalker\\\/#\\\/schema\\\/logo\\\/image\\\/\",\"url\":\"https:\\\/\\\/ellington-photo.com\\\/ErosWalker\\\/wp-content\\\/uploads\\\/2025\\\/05\\\/Chat-Noir.jpg\",\"contentUrl\":\"https:\\\/\\\/ellington-photo.com\\\/ErosWalker\\\/wp-content\\\/uploads\\\/2025\\\/05\\\/Chat-Noir.jpg\",\"width\":400,\"height\":391,\"caption\":\"Eros Walker Stories\"},\"image\":{\"@id\":\"https:\\\/\\\/ellington-photo.com\\\/ErosWalker\\\/#\\\/schema\\\/logo\\\/image\\\/\"},\"sameAs\":[\"https:\\\/\\\/www.linkedin.com\\\/in\\\/eros-walker-ab710a298\\\/\"]}]}<\/script>\n<!-- \/ Yoast SEO plugin. -->","yoast_head_json":{"title":"Dernier Set (3) - Eros Walker Stories","robots":{"index":"index","follow":"follow","max-snippet":"max-snippet:-1","max-image-preview":"max-image-preview:large","max-video-preview":"max-video-preview:-1"},"canonical":"https:\/\/ellington-photo.com\/ErosWalker\/dernier-set-3\/","og_locale":"fr_FR","og_type":"article","og_title":"Dernier Set (3) - Eros Walker Stories","og_description":"Mike Bentwood Echo Park et Little Tokyo, Los Angeles J\u2019ai du mal \u00e0 me lever ce matin. Une douleur lancinante continue \u00e0 me lac\u00e9rer le ventre, \u00e0 l\u2019endroit o\u00f9 le mastard a frapp\u00e9. Dans la glace de la salle de bain, ma gueule me fait &hellip;","og_url":"https:\/\/ellington-photo.com\/ErosWalker\/dernier-set-3\/","og_site_name":"Eros Walker Stories","article_modified_time":"2025-04-24T07:38:06+00:00","og_image":[{"width":2368,"height":1792,"url":"https:\/\/ellington-photo.com\/ErosWalker\/wp-content\/uploads\/2025\/04\/Chapitre-3.jpg","type":"image\/jpeg"}],"twitter_card":"summary_large_image","twitter_misc":{"Dur\u00e9e de lecture estim\u00e9e":"6 minutes"},"schema":{"@context":"https:\/\/schema.org","@graph":[{"@type":"WebPage","@id":"https:\/\/ellington-photo.com\/ErosWalker\/dernier-set-3\/","url":"https:\/\/ellington-photo.com\/ErosWalker\/dernier-set-3\/","name":"Dernier Set (3) - Eros Walker Stories","isPartOf":{"@id":"https:\/\/ellington-photo.com\/ErosWalker\/#website"},"primaryImageOfPage":{"@id":"https:\/\/ellington-photo.com\/ErosWalker\/dernier-set-3\/#primaryimage"},"image":{"@id":"https:\/\/ellington-photo.com\/ErosWalker\/dernier-set-3\/#primaryimage"},"thumbnailUrl":"https:\/\/ellington-photo.com\/ErosWalker\/wp-content\/uploads\/2025\/04\/Chapitre-3.jpg","datePublished":"2025-04-23T10:09:33+00:00","dateModified":"2025-04-24T07:38:06+00:00","breadcrumb":{"@id":"https:\/\/ellington-photo.com\/ErosWalker\/dernier-set-3\/#breadcrumb"},"inLanguage":"fr-FR","potentialAction":[{"@type":"ReadAction","target":["https:\/\/ellington-photo.com\/ErosWalker\/dernier-set-3\/"]}]},{"@type":"ImageObject","inLanguage":"fr-FR","@id":"https:\/\/ellington-photo.com\/ErosWalker\/dernier-set-3\/#primaryimage","url":"https:\/\/ellington-photo.com\/ErosWalker\/wp-content\/uploads\/2025\/04\/Chapitre-3.jpg","contentUrl":"https:\/\/ellington-photo.com\/ErosWalker\/wp-content\/uploads\/2025\/04\/Chapitre-3.jpg","width":2368,"height":1792},{"@type":"BreadcrumbList","@id":"https:\/\/ellington-photo.com\/ErosWalker\/dernier-set-3\/#breadcrumb","itemListElement":[{"@type":"ListItem","position":1,"name":"Accueil","item":"https:\/\/ellington-photo.com\/ErosWalker\/"},{"@type":"ListItem","position":2,"name":"Dernier Set (3)"}]},{"@type":"WebSite","@id":"https:\/\/ellington-photo.com\/ErosWalker\/#website","url":"https:\/\/ellington-photo.com\/ErosWalker\/","name":"Eros Walker Stories","description":"Litt\u00e9rature et images","publisher":{"@id":"https:\/\/ellington-photo.com\/ErosWalker\/#organization"},"potentialAction":[{"@type":"SearchAction","target":{"@type":"EntryPoint","urlTemplate":"https:\/\/ellington-photo.com\/ErosWalker\/?s={search_term_string}"},"query-input":{"@type":"PropertyValueSpecification","valueRequired":true,"valueName":"search_term_string"}}],"inLanguage":"fr-FR"},{"@type":"Organization","@id":"https:\/\/ellington-photo.com\/ErosWalker\/#organization","name":"Eros Walker Stories","url":"https:\/\/ellington-photo.com\/ErosWalker\/","logo":{"@type":"ImageObject","inLanguage":"fr-FR","@id":"https:\/\/ellington-photo.com\/ErosWalker\/#\/schema\/logo\/image\/","url":"https:\/\/ellington-photo.com\/ErosWalker\/wp-content\/uploads\/2025\/05\/Chat-Noir.jpg","contentUrl":"https:\/\/ellington-photo.com\/ErosWalker\/wp-content\/uploads\/2025\/05\/Chat-Noir.jpg","width":400,"height":391,"caption":"Eros Walker Stories"},"image":{"@id":"https:\/\/ellington-photo.com\/ErosWalker\/#\/schema\/logo\/image\/"},"sameAs":["https:\/\/www.linkedin.com\/in\/eros-walker-ab710a298\/"]}]}},"_links":{"self":[{"href":"https:\/\/ellington-photo.com\/ErosWalker\/wp-json\/wp\/v2\/pages\/440","targetHints":{"allow":["GET"]}}],"collection":[{"href":"https:\/\/ellington-photo.com\/ErosWalker\/wp-json\/wp\/v2\/pages"}],"about":[{"href":"https:\/\/ellington-photo.com\/ErosWalker\/wp-json\/wp\/v2\/types\/page"}],"author":[{"embeddable":true,"href":"https:\/\/ellington-photo.com\/ErosWalker\/wp-json\/wp\/v2\/users\/1"}],"replies":[{"embeddable":true,"href":"https:\/\/ellington-photo.com\/ErosWalker\/wp-json\/wp\/v2\/comments?post=440"}],"version-history":[{"count":3,"href":"https:\/\/ellington-photo.com\/ErosWalker\/wp-json\/wp\/v2\/pages\/440\/revisions"}],"predecessor-version":[{"id":451,"href":"https:\/\/ellington-photo.com\/ErosWalker\/wp-json\/wp\/v2\/pages\/440\/revisions\/451"}],"wp:featuredmedia":[{"embeddable":true,"href":"https:\/\/ellington-photo.com\/ErosWalker\/wp-json\/wp\/v2\/media\/442"}],"wp:attachment":[{"href":"https:\/\/ellington-photo.com\/ErosWalker\/wp-json\/wp\/v2\/media?parent=440"}],"curies":[{"name":"wp","href":"https:\/\/api.w.org\/{rel}","templated":true}]}}