{"id":432,"date":"2025-04-22T17:22:09","date_gmt":"2025-04-22T15:22:09","guid":{"rendered":"https:\/\/ellington-photo.com\/ErosWalker\/?page_id=432"},"modified":"2025-04-28T16:56:25","modified_gmt":"2025-04-28T14:56:25","slug":"dernier-set-1","status":"publish","type":"page","link":"https:\/\/ellington-photo.com\/ErosWalker\/dernier-set-1\/","title":{"rendered":"Dernier Set (1)"},"content":{"rendered":"\n<h1 class=\"wp-block-heading\"><a>Prologue<\/a><\/h1>\n\n\n\n<p><strong>Le Club, Santa Monica Boulevard \u2013 West Hollywood<\/strong><\/p>\n\n\n\n<p>Il est presque une heure du matin quand nous remontons sur la petite sc\u00e8ne pour un dernier set. Nous avons d\u00e9j\u00e0 pas mal picol\u00e9 et aussi beaucoup fum\u00e9, mais \u00e7a, on a l\u2019habitude. Martin s\u2019installe derri\u00e8re ses caisses et Jeff enlace sa contrebasse. Moi, je me remets au clavier. Martin frappe ses baguettes et nous attaquons <em>My Foolish Heart<\/em> de Bill Evans. La salle a d\u00e9j\u00e0 commenc\u00e9 \u00e0 se vider, ne restent que les vrais amateurs ou les types trop bourr\u00e9s pour rentrer chez eux. Comme je m\u2019appr\u00eate \u00e0 faire signe \u00e0 Jeff de lancer son chorus, celui-ci fait un imperceptible mouvement du menton, d\u00e9signant le bar. \u00c7a fait plus de dix ans qu\u2019on joue ensemble, nous nous comprenons sans avoir \u00e0 nous parler. Je tourne la t\u00eate et je les vois.<\/p>\n\n\n\n<p>Les deux types d\u00e9tonnent dans le paysage, pas le style des spectateurs habituels de la bo\u00eete. Le premier est taill\u00e9 comme une armoire, debout, accoud\u00e9 au bar et doit mesurer pr\u00e8s de deux m\u00e8tres. Son compagnon est plus petit, il est assis sur un tabouret et boit une bi\u00e8re. Tout de suite, je sens que ces gars-l\u00e0 ne sont pas venus pour la musique et il y a d\u2019autres rades plus accessibles pour boire un coup.<\/p>\n\n\n\n<p>Nous encha\u00eenons avec <em>Reunion Blues <\/em>d\u2019Oscar Peterson et <em>Fly Me to the Moon<\/em>. Les deux gars s\u2019enfilent des verres sans rien se dire. Je ne vois pas chez eux ces petits mouvements de la t\u00eate ou du corps que font les spectateurs qui se laissent porter par le rythme et je n\u2019aime pas \u00e7a. On joue encore trois ou quatre morceaux avant de nous arr\u00eater et saluer les rares personnes encore pr\u00e9sentes. Jeff range sa basse et me rejoint au bout du bar. Je suis en train de discuter avec Jerry, le patron. Jerry et moi, on se connait depuis plus de vingt ans. Il essuyait d\u00e9j\u00e0 les verres quand j\u2019ai commenc\u00e9 \u00e0 monter sur sc\u00e8ne un peu avant la fin de la fac. Depuis il a mont\u00e9 sa bo\u00eete, Le Club, avec des majuscules, sur Sunset Boulevard. Ses affaires tournent bien et on continue \u00e0 passer r\u00e9guli\u00e8rement chez lui. J\u2019ai montr\u00e9 les deux types \u00e0 l\u2019autre bout du zinc.<\/p>\n\n\n\n<p>\u00ab Connais pas, je ne les ai jamais vus. Pas le style des habitu\u00e9s.<\/p>\n\n\n\n<p>\u2014 C\u2019est ce que me disais aussi, lui r\u00e9pondis-je. Des flics&nbsp;?<\/p>\n\n\n\n<p>\u2014 \u00c7a m\u2019\u00e9tonnerait, \u00e0 moins que t\u2019aies fait une connerie\u2026<\/p>\n\n\n\n<p>\u2014 Ils se d\u00e9placeraient pas \u00e0 deux heures du mat\u2019 pour un stationnement interdit. \u00bb<\/p>\n\n\n\n<p>On boit encore un verre ou deux avec Jeff et Martin puis on se quitte sur le trottoir. J\u2019allume une cigarette en attendant mon Uber. C\u2019est \u00e0 ce moment que les deux hommes viennent vers moi.<\/p>\n\n\n\n<p><\/p>\n\n\n\n<p><\/p>\n\n\n\n<p>Chapitre suivant : <a href=\"https:\/\/ellington-photo.com\/ErosWalker\/dernier-set-2\/\">https:\/\/ellington-photo.com\/ErosWalker\/dernier-set-2\/<\/a><\/p>\n\n\n\n<p><\/p>\n\n\n\n<p><a href=\"https:\/\/www.monbestseller.com\/manuscrit\/22501-dernier-set\">Lire le texte sur monBestSeller<\/a><\/p>\n","protected":false},"excerpt":{"rendered":"<p>Prologue Le Club, Santa Monica Boulevard \u2013 West Hollywood Il est presque une heure du matin quand nous remontons sur la petite sc\u00e8ne pour un dernier set. Nous avons d\u00e9j\u00e0 pas mal picol\u00e9 et aussi beaucoup fum\u00e9, mais \u00e7a, on a l\u2019habitude. Martin s\u2019installe derri\u00e8re &hellip; <\/p>\n","protected":false},"author":1,"featured_media":435,"parent":0,"menu_order":0,"comment_status":"closed","ping_status":"closed","template":"","meta":{"footnotes":""},"class_list":["post-432","page","type-page","status-publish","has-post-thumbnail","hentry"],"yoast_head":"<!-- This site is optimized with the Yoast SEO plugin v27.4 - https:\/\/yoast.com\/product\/yoast-seo-wordpress\/ -->\n<title>Dernier Set (1) - Eros Walker Stories<\/title>\n<meta name=\"description\" content=\"D\u00e9couvrez le d\u00e9but captivant d&#039;un roman noir se d\u00e9roulant dans un club de jazz sur Sunset Boulevard. Entre musique, myst\u00e8re et rencontres inattendues, plongez dans une ambiance envo\u00fbtante o\u00f9 chaque note cache un secret.\" \/>\n<meta name=\"robots\" content=\"index, follow, max-snippet:-1, max-image-preview:large, max-video-preview:-1\" \/>\n<link rel=\"canonical\" href=\"https:\/\/ellington-photo.com\/ErosWalker\/dernier-set-1\/\" \/>\n<meta property=\"og:locale\" content=\"fr_FR\" \/>\n<meta property=\"og:type\" content=\"article\" \/>\n<meta property=\"og:title\" content=\"Dernier Set (1) - Eros Walker Stories\" \/>\n<meta property=\"og:description\" content=\"D\u00e9couvrez le d\u00e9but captivant d&#039;un roman noir se d\u00e9roulant dans un club de jazz sur Sunset Boulevard. Entre musique, myst\u00e8re et rencontres inattendues, plongez dans une ambiance envo\u00fbtante o\u00f9 chaque note cache un secret.\" \/>\n<meta property=\"og:url\" content=\"https:\/\/ellington-photo.com\/ErosWalker\/dernier-set-1\/\" \/>\n<meta property=\"og:site_name\" content=\"Eros Walker Stories\" \/>\n<meta property=\"article:modified_time\" content=\"2025-04-28T14:56:25+00:00\" \/>\n<meta property=\"og:image\" content=\"https:\/\/ellington-photo.com\/ErosWalker\/wp-content\/uploads\/2025\/04\/Dernier-Set-1.jpg\" \/>\n\t<meta property=\"og:image:width\" content=\"2368\" \/>\n\t<meta property=\"og:image:height\" content=\"1792\" \/>\n\t<meta property=\"og:image:type\" content=\"image\/jpeg\" \/>\n<meta name=\"twitter:card\" content=\"summary_large_image\" \/>\n<meta name=\"twitter:label1\" content=\"Dur\u00e9e de lecture estim\u00e9e\" \/>\n\t<meta name=\"twitter:data1\" content=\"3 minutes\" \/>\n<script type=\"application\/ld+json\" class=\"yoast-schema-graph\">{\"@context\":\"https:\\\/\\\/schema.org\",\"@graph\":[{\"@type\":\"WebPage\",\"@id\":\"https:\\\/\\\/ellington-photo.com\\\/ErosWalker\\\/dernier-set-1\\\/\",\"url\":\"https:\\\/\\\/ellington-photo.com\\\/ErosWalker\\\/dernier-set-1\\\/\",\"name\":\"Dernier Set (1) - Eros Walker Stories\",\"isPartOf\":{\"@id\":\"https:\\\/\\\/ellington-photo.com\\\/ErosWalker\\\/#website\"},\"primaryImageOfPage\":{\"@id\":\"https:\\\/\\\/ellington-photo.com\\\/ErosWalker\\\/dernier-set-1\\\/#primaryimage\"},\"image\":{\"@id\":\"https:\\\/\\\/ellington-photo.com\\\/ErosWalker\\\/dernier-set-1\\\/#primaryimage\"},\"thumbnailUrl\":\"https:\\\/\\\/ellington-photo.com\\\/ErosWalker\\\/wp-content\\\/uploads\\\/2025\\\/04\\\/Dernier-Set-1.jpg\",\"datePublished\":\"2025-04-22T15:22:09+00:00\",\"dateModified\":\"2025-04-28T14:56:25+00:00\",\"description\":\"D\u00e9couvrez le d\u00e9but captivant d'un roman noir se d\u00e9roulant dans un club de jazz sur Sunset Boulevard. Entre musique, myst\u00e8re et rencontres inattendues, plongez dans une ambiance envo\u00fbtante o\u00f9 chaque note cache un secret.\",\"breadcrumb\":{\"@id\":\"https:\\\/\\\/ellington-photo.com\\\/ErosWalker\\\/dernier-set-1\\\/#breadcrumb\"},\"inLanguage\":\"fr-FR\",\"potentialAction\":[{\"@type\":\"ReadAction\",\"target\":[\"https:\\\/\\\/ellington-photo.com\\\/ErosWalker\\\/dernier-set-1\\\/\"]}]},{\"@type\":\"ImageObject\",\"inLanguage\":\"fr-FR\",\"@id\":\"https:\\\/\\\/ellington-photo.com\\\/ErosWalker\\\/dernier-set-1\\\/#primaryimage\",\"url\":\"https:\\\/\\\/ellington-photo.com\\\/ErosWalker\\\/wp-content\\\/uploads\\\/2025\\\/04\\\/Dernier-Set-1.jpg\",\"contentUrl\":\"https:\\\/\\\/ellington-photo.com\\\/ErosWalker\\\/wp-content\\\/uploads\\\/2025\\\/04\\\/Dernier-Set-1.jpg\",\"width\":2368,\"height\":1792},{\"@type\":\"BreadcrumbList\",\"@id\":\"https:\\\/\\\/ellington-photo.com\\\/ErosWalker\\\/dernier-set-1\\\/#breadcrumb\",\"itemListElement\":[{\"@type\":\"ListItem\",\"position\":1,\"name\":\"Accueil\",\"item\":\"https:\\\/\\\/ellington-photo.com\\\/ErosWalker\\\/\"},{\"@type\":\"ListItem\",\"position\":2,\"name\":\"Dernier Set (1)\"}]},{\"@type\":\"WebSite\",\"@id\":\"https:\\\/\\\/ellington-photo.com\\\/ErosWalker\\\/#website\",\"url\":\"https:\\\/\\\/ellington-photo.com\\\/ErosWalker\\\/\",\"name\":\"Eros Walker Stories\",\"description\":\"Litt\u00e9rature et images\",\"publisher\":{\"@id\":\"https:\\\/\\\/ellington-photo.com\\\/ErosWalker\\\/#organization\"},\"potentialAction\":[{\"@type\":\"SearchAction\",\"target\":{\"@type\":\"EntryPoint\",\"urlTemplate\":\"https:\\\/\\\/ellington-photo.com\\\/ErosWalker\\\/?s={search_term_string}\"},\"query-input\":{\"@type\":\"PropertyValueSpecification\",\"valueRequired\":true,\"valueName\":\"search_term_string\"}}],\"inLanguage\":\"fr-FR\"},{\"@type\":\"Organization\",\"@id\":\"https:\\\/\\\/ellington-photo.com\\\/ErosWalker\\\/#organization\",\"name\":\"Eros Walker Stories\",\"url\":\"https:\\\/\\\/ellington-photo.com\\\/ErosWalker\\\/\",\"logo\":{\"@type\":\"ImageObject\",\"inLanguage\":\"fr-FR\",\"@id\":\"https:\\\/\\\/ellington-photo.com\\\/ErosWalker\\\/#\\\/schema\\\/logo\\\/image\\\/\",\"url\":\"https:\\\/\\\/ellington-photo.com\\\/ErosWalker\\\/wp-content\\\/uploads\\\/2025\\\/05\\\/Chat-Noir.jpg\",\"contentUrl\":\"https:\\\/\\\/ellington-photo.com\\\/ErosWalker\\\/wp-content\\\/uploads\\\/2025\\\/05\\\/Chat-Noir.jpg\",\"width\":400,\"height\":391,\"caption\":\"Eros Walker Stories\"},\"image\":{\"@id\":\"https:\\\/\\\/ellington-photo.com\\\/ErosWalker\\\/#\\\/schema\\\/logo\\\/image\\\/\"},\"sameAs\":[\"https:\\\/\\\/www.linkedin.com\\\/in\\\/eros-walker-ab710a298\\\/\"]}]}<\/script>\n<!-- \/ Yoast SEO plugin. -->","yoast_head_json":{"title":"Dernier Set (1) - Eros Walker Stories","description":"D\u00e9couvrez le d\u00e9but captivant d'un roman noir se d\u00e9roulant dans un club de jazz sur Sunset Boulevard. Entre musique, myst\u00e8re et rencontres inattendues, plongez dans une ambiance envo\u00fbtante o\u00f9 chaque note cache un secret.","robots":{"index":"index","follow":"follow","max-snippet":"max-snippet:-1","max-image-preview":"max-image-preview:large","max-video-preview":"max-video-preview:-1"},"canonical":"https:\/\/ellington-photo.com\/ErosWalker\/dernier-set-1\/","og_locale":"fr_FR","og_type":"article","og_title":"Dernier Set (1) - Eros Walker Stories","og_description":"D\u00e9couvrez le d\u00e9but captivant d'un roman noir se d\u00e9roulant dans un club de jazz sur Sunset Boulevard. Entre musique, myst\u00e8re et rencontres inattendues, plongez dans une ambiance envo\u00fbtante o\u00f9 chaque note cache un secret.","og_url":"https:\/\/ellington-photo.com\/ErosWalker\/dernier-set-1\/","og_site_name":"Eros Walker Stories","article_modified_time":"2025-04-28T14:56:25+00:00","og_image":[{"width":2368,"height":1792,"url":"https:\/\/ellington-photo.com\/ErosWalker\/wp-content\/uploads\/2025\/04\/Dernier-Set-1.jpg","type":"image\/jpeg"}],"twitter_card":"summary_large_image","twitter_misc":{"Dur\u00e9e de lecture estim\u00e9e":"3 minutes"},"schema":{"@context":"https:\/\/schema.org","@graph":[{"@type":"WebPage","@id":"https:\/\/ellington-photo.com\/ErosWalker\/dernier-set-1\/","url":"https:\/\/ellington-photo.com\/ErosWalker\/dernier-set-1\/","name":"Dernier Set (1) - Eros Walker Stories","isPartOf":{"@id":"https:\/\/ellington-photo.com\/ErosWalker\/#website"},"primaryImageOfPage":{"@id":"https:\/\/ellington-photo.com\/ErosWalker\/dernier-set-1\/#primaryimage"},"image":{"@id":"https:\/\/ellington-photo.com\/ErosWalker\/dernier-set-1\/#primaryimage"},"thumbnailUrl":"https:\/\/ellington-photo.com\/ErosWalker\/wp-content\/uploads\/2025\/04\/Dernier-Set-1.jpg","datePublished":"2025-04-22T15:22:09+00:00","dateModified":"2025-04-28T14:56:25+00:00","description":"D\u00e9couvrez le d\u00e9but captivant d'un roman noir se d\u00e9roulant dans un club de jazz sur Sunset Boulevard. Entre musique, myst\u00e8re et rencontres inattendues, plongez dans une ambiance envo\u00fbtante o\u00f9 chaque note cache un secret.","breadcrumb":{"@id":"https:\/\/ellington-photo.com\/ErosWalker\/dernier-set-1\/#breadcrumb"},"inLanguage":"fr-FR","potentialAction":[{"@type":"ReadAction","target":["https:\/\/ellington-photo.com\/ErosWalker\/dernier-set-1\/"]}]},{"@type":"ImageObject","inLanguage":"fr-FR","@id":"https:\/\/ellington-photo.com\/ErosWalker\/dernier-set-1\/#primaryimage","url":"https:\/\/ellington-photo.com\/ErosWalker\/wp-content\/uploads\/2025\/04\/Dernier-Set-1.jpg","contentUrl":"https:\/\/ellington-photo.com\/ErosWalker\/wp-content\/uploads\/2025\/04\/Dernier-Set-1.jpg","width":2368,"height":1792},{"@type":"BreadcrumbList","@id":"https:\/\/ellington-photo.com\/ErosWalker\/dernier-set-1\/#breadcrumb","itemListElement":[{"@type":"ListItem","position":1,"name":"Accueil","item":"https:\/\/ellington-photo.com\/ErosWalker\/"},{"@type":"ListItem","position":2,"name":"Dernier Set (1)"}]},{"@type":"WebSite","@id":"https:\/\/ellington-photo.com\/ErosWalker\/#website","url":"https:\/\/ellington-photo.com\/ErosWalker\/","name":"Eros Walker Stories","description":"Litt\u00e9rature et images","publisher":{"@id":"https:\/\/ellington-photo.com\/ErosWalker\/#organization"},"potentialAction":[{"@type":"SearchAction","target":{"@type":"EntryPoint","urlTemplate":"https:\/\/ellington-photo.com\/ErosWalker\/?s={search_term_string}"},"query-input":{"@type":"PropertyValueSpecification","valueRequired":true,"valueName":"search_term_string"}}],"inLanguage":"fr-FR"},{"@type":"Organization","@id":"https:\/\/ellington-photo.com\/ErosWalker\/#organization","name":"Eros Walker Stories","url":"https:\/\/ellington-photo.com\/ErosWalker\/","logo":{"@type":"ImageObject","inLanguage":"fr-FR","@id":"https:\/\/ellington-photo.com\/ErosWalker\/#\/schema\/logo\/image\/","url":"https:\/\/ellington-photo.com\/ErosWalker\/wp-content\/uploads\/2025\/05\/Chat-Noir.jpg","contentUrl":"https:\/\/ellington-photo.com\/ErosWalker\/wp-content\/uploads\/2025\/05\/Chat-Noir.jpg","width":400,"height":391,"caption":"Eros Walker Stories"},"image":{"@id":"https:\/\/ellington-photo.com\/ErosWalker\/#\/schema\/logo\/image\/"},"sameAs":["https:\/\/www.linkedin.com\/in\/eros-walker-ab710a298\/"]}]}},"_links":{"self":[{"href":"https:\/\/ellington-photo.com\/ErosWalker\/wp-json\/wp\/v2\/pages\/432","targetHints":{"allow":["GET"]}}],"collection":[{"href":"https:\/\/ellington-photo.com\/ErosWalker\/wp-json\/wp\/v2\/pages"}],"about":[{"href":"https:\/\/ellington-photo.com\/ErosWalker\/wp-json\/wp\/v2\/types\/page"}],"author":[{"embeddable":true,"href":"https:\/\/ellington-photo.com\/ErosWalker\/wp-json\/wp\/v2\/users\/1"}],"replies":[{"embeddable":true,"href":"https:\/\/ellington-photo.com\/ErosWalker\/wp-json\/wp\/v2\/comments?post=432"}],"version-history":[{"count":3,"href":"https:\/\/ellington-photo.com\/ErosWalker\/wp-json\/wp\/v2\/pages\/432\/revisions"}],"predecessor-version":[{"id":466,"href":"https:\/\/ellington-photo.com\/ErosWalker\/wp-json\/wp\/v2\/pages\/432\/revisions\/466"}],"wp:featuredmedia":[{"embeddable":true,"href":"https:\/\/ellington-photo.com\/ErosWalker\/wp-json\/wp\/v2\/media\/435"}],"wp:attachment":[{"href":"https:\/\/ellington-photo.com\/ErosWalker\/wp-json\/wp\/v2\/media?parent=432"}],"curies":[{"name":"wp","href":"https:\/\/api.w.org\/{rel}","templated":true}]}}