{"id":425,"date":"2025-02-12T10:11:08","date_gmt":"2025-02-12T09:11:08","guid":{"rendered":"https:\/\/ellington-photo.com\/ErosWalker\/?page_id=425"},"modified":"2025-02-12T10:11:09","modified_gmt":"2025-02-12T09:11:09","slug":"mortelle-cavale-35","status":"publish","type":"page","link":"https:\/\/ellington-photo.com\/ErosWalker\/mortelle-cavale-35\/","title":{"rendered":"Mortelle Cavale (35)"},"content":{"rendered":"\n<p><strong>La chasse aux pigeons<\/strong><\/p>\n\n\n\n<p><strong>Las Vegas, Nevada<\/strong><\/p>\n\n\n\n<p><strong>Lundi 15 d\u00e9cembre 1980, 22:00<\/strong><\/p>\n\n\n\n<p>D\u00e8s son premier passage \u00e0 Las Vegas, quelques semaines plus t\u00f4t, Becky avait d\u00e9cid\u00e9 que cette ville \u00e9tait faite pour elle. Elle y \u00e9tait d\u00e9j\u00e0 revenue une fois, et s\u2019\u00e9tait vite aper\u00e7ue qu\u2019il ne lui serait pas difficile d\u2019y gagner de l\u2019argent rapidement. Les nombreux casinos du Strip permettaient de changer de lieu chaque soir et ainsi \u00e9viter de se faire remarquer par les physionomistes. Elle avait \u00e9galement compris qu\u2019il fallait \u00e9viter les tenues trop voyantes et avait opt\u00e9 pour une garde-robe discr\u00e8te.<\/p>\n\n\n\n<p>La veille, en descendant du Desert Wind \u00e0 Las Vegas Union Plaza, elle s\u2019\u00e9tait dirig\u00e9e vers un petit h\u00f4tel bon march\u00e9, rep\u00e9r\u00e9 lors de son pr\u00e9c\u00e9dent voyage. Situ\u00e9 \u00e0 une courte distance de Las Vegas Boulevard, il offrait une alternative commode aux grands \u00e9tablissements attach\u00e9s aux casinos. Apr\u00e8s quatre heures pass\u00e9es dans le train, un passage par la salle de bain avait \u00e9t\u00e9 b\u00e9n\u00e9fique et c\u2019est \u00e0 la tomb\u00e9e de la nuit qu\u2019elle s\u2019\u00e9tait dirig\u00e9e vers le Sands. Ce soir-l\u00e0, la vedette \u00e9tait Frank Sinatra. Un ballet de limousines et de taxis d\u00e9versait les couples en tenue de soir\u00e9e venus applaudir le c\u00e9l\u00e8bre crooner, de retour sur sc\u00e8ne apr\u00e8s une longue absence. Becky n&rsquo;\u00e9tait pas l\u00e0 pour le spectacle, mais elle s\u2019\u00e9tait dit que c\u2019\u00e9tait une opportunit\u00e9 pour passer inaper\u00e7ue. Dans la grande salle de jeu, elle retrouva l\u2019ambiance \u00e9tourdissante de bruit, de lumi\u00e8res et de fum\u00e9e qu\u2019elle trouvait stimulante. Les tables de jeu \u00e9taient d\u00e9j\u00e0 bien occup\u00e9es. Roulette, craps ou black-jack, il y en avait pour tous les gouts. Des hommes attentifs \u00e9taient focalis\u00e9s sur leurs cartes, tandis que des femmes lan\u00e7aient les d\u00e9s dans de grands \u00e9clats de rire. Becky n&rsquo;\u00e9tait pas joueuse, elle avait d\u2019autres projets. Elle se fraya un chemin vers le plus grand bar, pr\u00eate \u00e0 se mettre au travail.<\/p>\n\n\n\n<p>Il \u00e9tait plus de trois heures lorsque Becky avait rejoint son h\u00f4tel, plus riche de presque cinq cents dollars. Le sc\u00e9nario \u00e9tait toujours le m\u00eame. Quelques verres au bar, offerts par un ou plusieurs hommes chanceux au jeu, d\u00e9sireux de se donner un peu de bon temps, selon l\u2019adage : <em>ce qui se passe \u00e0 Vegas reste \u00e0 Vegas<\/em>, puis un passage par une des bo\u00eetes de nuit pour chauffer un peu plus le pigeon et enfin la conclusion dans la chambre de l\u2019heureux \u00e9lu. Elle avait r\u00e9p\u00e9t\u00e9 le man\u00e8ge \u00e0 deux reprises ce soir l\u00e0. La premi\u00e8re fois avec un homme d\u2019affaires du Wyoming, venu participer \u00e0 un s\u00e9minaire commercial, la suivante avec un fermier, fier des ses deux mille hectares de champs de pommes de terre, sur les bords de la Snake River, dans l\u2019Idaho. Becky avait r\u00e9ussi \u00e0 lui soutirer presque trois cent dollars sans qu\u2019il ne lui en co\u00fbte plus que montrer la dentelle de son soutien-gorge, puisque l\u2019homme s\u2019\u00e9tait endormi d\u00e8s son arriv\u00e9e dans la chambre.<\/p>\n\n\n\n<p>Le lendemain, la matin\u00e9e \u00e9tait d\u00e9j\u00e0 bien avanc\u00e9e quand la jeune femme ouvrit un \u0153il. La lumi\u00e8re du jour envahissait la pi\u00e8ce et les bruits de la ville auraient pu la dissuader de rester au lit. N\u2019ayant rien de particulier \u00e0 faire, elle d\u00e9cida de trainer un moment jusqu\u2019\u00e0 ce que son estomac commence \u00e0 se manifester. Elle d\u00e9cida alors de se rendre dans un mall voisin, pour y d\u00e9jeuner et utiliser une partie des dollars gagn\u00e9s la veille. Becky entretenait une relation particuli\u00e8re avec l\u2019argent. Elle aimait en gagner, de fa\u00e7on agr\u00e9able de pr\u00e9f\u00e9rence, mais elle n\u2019\u00e9tait pas d\u00e9pensi\u00e8re. Certes il lui fallait bien investir dans ce qu\u2019elle consid\u00e9rait comme des frais professionnels, mais elle se contentait de v\u00eatements et d\u2019accessoires bon march\u00e9, sans attirance particuli\u00e8re pour les marques \u00e0 la mode. Cela lui permettait de rapporter r\u00e9guli\u00e8rement une belle contribution aux charges de sa cohabitation avec Jenny.<\/p>\n\n\n\n<p>Elle avait pris le temps dans l\u2019apr\u00e8s-midi de visiter quelques endroits qu\u2019elle n\u2019avait pas encore fr\u00e9quent\u00e9s. Elle d\u00e9cida que pour ce soir, ce serait le Flamingo. Elle opta pour le style country, avec un jean serr\u00e9, un chemisier blanc g\u00e9n\u00e9reusement ouvert et un gilet de cuir \u00e0 franges. Des bottines \u00e0 talons compl\u00e9taient l\u2019ensemble. Les d\u00e9corations lumineuses du Flamingo se voyaient de loin. L\u2019\u00e9tablissement \u00e9tait adoss\u00e9 \u00e0 l\u2019h\u00f4tel Hilton, un nom synonyme de luxe, aux oreilles de la jeune escort-girl. Becky constata vite qu\u2019elle n\u2019\u00e9tait pas l&rsquo;unique femme seule \u00e0 s\u2019attarder au bar. Il ne lui fallut pourtant pas attendre longtemps avant qu\u2019on vienne lui proposer un verre. Le premier \u00e0 tenter sa chance aurait s\u00fbrement pu \u00eatre son grand p\u00e8re, ou du moins l\u2019id\u00e9e qu\u2019elle se faisait d\u2019un grand-p\u00e8re, n\u2019en ayant elle-m\u00eame jamais eu. Elle le remercia gentiment sans c\u00e9der \u00e0 ses avances. Quelques minutes plus tard, ce furent trois jeunes hommes qui vinrent faire un brin de conversation. Elle comprit vite que l\u2019un d\u2019eux devait se marier prochainement et qu\u2019il voulait profiter d\u2019une derni\u00e8re nuit de libert\u00e9. Ils accept\u00e8rent sans difficult\u00e9 de payer les bi\u00e8res, mais se montr\u00e8rent plus r\u00e9ticents quand Becky proposa ses tarifs. Finalement, un homme seul vint s\u2019asseoir sur le si\u00e8ge voisin du sien. Un simple coup d\u2019\u0153il lui suffit pour sentir l\u2019odeur de l\u2019argent facile. Les v\u00eatements de marque comme la montre de luxe \u00e9taient d\u00e9j\u00e0 des indices, mais lorsqu\u2019il sortit la liasse de billets verts pour r\u00e9gler les premiers verres, elle f\u00fbt totalement convaincue. Une demi-heure plus tard, ils \u00e9taient sur la piste du night-club apr\u00e8s avoir bu une premi\u00e8re coupe de champagne. Lorsque les mains devinrent un peu plus fermes sur le bas de ses reins, la jeune femme se laissa faire, prenant plaisir \u00e0 ce jeu voluptueux. Son compagnon ne semblait pas press\u00e9 de conclure, profitant du spectacle offert sur la sc\u00e8ne, tout en se contentant de caresses discr\u00e8tes. C\u2019est \u00e0 la fin de la deuxi\u00e8me bouteille qu\u2019il proposa de continuer la soir\u00e9e dans les \u00e9tages. Lorsque Becky lui glissa son prix \u00e0 l\u2019oreille, l\u2019homme lui r\u00e9pondit sans sourciller qu\u2019il lui offrait le double pour passer la nuit avec lui.<\/p>\n\n\n\n<p><\/p>\n\n\n\n<p>\u00c0 suivre&#8230;<\/p>\n","protected":false},"excerpt":{"rendered":"<p>La chasse aux pigeons Las Vegas, Nevada Lundi 15 d\u00e9cembre 1980, 22:00 D\u00e8s son premier passage \u00e0 Las Vegas, quelques semaines plus t\u00f4t, Becky avait d\u00e9cid\u00e9 que cette ville \u00e9tait faite pour elle. Elle y \u00e9tait d\u00e9j\u00e0 revenue une fois, et s\u2019\u00e9tait vite aper\u00e7ue qu\u2019il &hellip; <\/p>\n","protected":false},"author":1,"featured_media":404,"parent":0,"menu_order":0,"comment_status":"closed","ping_status":"closed","template":"","meta":{"footnotes":""},"class_list":["post-425","page","type-page","status-publish","has-post-thumbnail","hentry"],"yoast_head":"<!-- This site is optimized with the Yoast SEO plugin v27.4 - https:\/\/yoast.com\/product\/yoast-seo-wordpress\/ -->\n<title>Mortelle Cavale (35) - Eros Walker Stories<\/title>\n<meta name=\"robots\" content=\"index, follow, max-snippet:-1, max-image-preview:large, max-video-preview:-1\" \/>\n<link rel=\"canonical\" href=\"https:\/\/ellington-photo.com\/ErosWalker\/mortelle-cavale-35\/\" \/>\n<meta property=\"og:locale\" content=\"fr_FR\" \/>\n<meta property=\"og:type\" content=\"article\" \/>\n<meta property=\"og:title\" content=\"Mortelle Cavale (35) - Eros Walker Stories\" \/>\n<meta property=\"og:description\" content=\"La chasse aux pigeons Las Vegas, Nevada Lundi 15 d\u00e9cembre 1980, 22:00 D\u00e8s son premier passage \u00e0 Las Vegas, quelques semaines plus t\u00f4t, Becky avait d\u00e9cid\u00e9 que cette ville \u00e9tait faite pour elle. Elle y \u00e9tait d\u00e9j\u00e0 revenue une fois, et s\u2019\u00e9tait vite aper\u00e7ue qu\u2019il &hellip;\" \/>\n<meta property=\"og:url\" content=\"https:\/\/ellington-photo.com\/ErosWalker\/mortelle-cavale-35\/\" \/>\n<meta property=\"og:site_name\" content=\"Eros Walker Stories\" \/>\n<meta property=\"article:modified_time\" content=\"2025-02-12T09:11:09+00:00\" \/>\n<meta property=\"og:image\" content=\"https:\/\/ellington-photo.com\/ErosWalker\/wp-content\/uploads\/2025\/01\/Designer-48.jpeg\" \/>\n\t<meta property=\"og:image:width\" content=\"1024\" \/>\n\t<meta property=\"og:image:height\" content=\"1024\" \/>\n\t<meta property=\"og:image:type\" content=\"image\/jpeg\" \/>\n<meta name=\"twitter:card\" content=\"summary_large_image\" \/>\n<meta name=\"twitter:label1\" content=\"Dur\u00e9e de lecture estim\u00e9e\" \/>\n\t<meta name=\"twitter:data1\" content=\"6 minutes\" \/>\n<script type=\"application\/ld+json\" class=\"yoast-schema-graph\">{\"@context\":\"https:\\\/\\\/schema.org\",\"@graph\":[{\"@type\":\"WebPage\",\"@id\":\"https:\\\/\\\/ellington-photo.com\\\/ErosWalker\\\/mortelle-cavale-35\\\/\",\"url\":\"https:\\\/\\\/ellington-photo.com\\\/ErosWalker\\\/mortelle-cavale-35\\\/\",\"name\":\"Mortelle Cavale (35) - Eros Walker Stories\",\"isPartOf\":{\"@id\":\"https:\\\/\\\/ellington-photo.com\\\/ErosWalker\\\/#website\"},\"primaryImageOfPage\":{\"@id\":\"https:\\\/\\\/ellington-photo.com\\\/ErosWalker\\\/mortelle-cavale-35\\\/#primaryimage\"},\"image\":{\"@id\":\"https:\\\/\\\/ellington-photo.com\\\/ErosWalker\\\/mortelle-cavale-35\\\/#primaryimage\"},\"thumbnailUrl\":\"https:\\\/\\\/ellington-photo.com\\\/ErosWalker\\\/wp-content\\\/uploads\\\/2025\\\/01\\\/Designer-48.jpeg\",\"datePublished\":\"2025-02-12T09:11:08+00:00\",\"dateModified\":\"2025-02-12T09:11:09+00:00\",\"breadcrumb\":{\"@id\":\"https:\\\/\\\/ellington-photo.com\\\/ErosWalker\\\/mortelle-cavale-35\\\/#breadcrumb\"},\"inLanguage\":\"fr-FR\",\"potentialAction\":[{\"@type\":\"ReadAction\",\"target\":[\"https:\\\/\\\/ellington-photo.com\\\/ErosWalker\\\/mortelle-cavale-35\\\/\"]}]},{\"@type\":\"ImageObject\",\"inLanguage\":\"fr-FR\",\"@id\":\"https:\\\/\\\/ellington-photo.com\\\/ErosWalker\\\/mortelle-cavale-35\\\/#primaryimage\",\"url\":\"https:\\\/\\\/ellington-photo.com\\\/ErosWalker\\\/wp-content\\\/uploads\\\/2025\\\/01\\\/Designer-48.jpeg\",\"contentUrl\":\"https:\\\/\\\/ellington-photo.com\\\/ErosWalker\\\/wp-content\\\/uploads\\\/2025\\\/01\\\/Designer-48.jpeg\",\"width\":1024,\"height\":1024},{\"@type\":\"BreadcrumbList\",\"@id\":\"https:\\\/\\\/ellington-photo.com\\\/ErosWalker\\\/mortelle-cavale-35\\\/#breadcrumb\",\"itemListElement\":[{\"@type\":\"ListItem\",\"position\":1,\"name\":\"Accueil\",\"item\":\"https:\\\/\\\/ellington-photo.com\\\/ErosWalker\\\/\"},{\"@type\":\"ListItem\",\"position\":2,\"name\":\"Mortelle Cavale (35)\"}]},{\"@type\":\"WebSite\",\"@id\":\"https:\\\/\\\/ellington-photo.com\\\/ErosWalker\\\/#website\",\"url\":\"https:\\\/\\\/ellington-photo.com\\\/ErosWalker\\\/\",\"name\":\"Eros Walker Stories\",\"description\":\"Litt\u00e9rature et images\",\"publisher\":{\"@id\":\"https:\\\/\\\/ellington-photo.com\\\/ErosWalker\\\/#organization\"},\"potentialAction\":[{\"@type\":\"SearchAction\",\"target\":{\"@type\":\"EntryPoint\",\"urlTemplate\":\"https:\\\/\\\/ellington-photo.com\\\/ErosWalker\\\/?s={search_term_string}\"},\"query-input\":{\"@type\":\"PropertyValueSpecification\",\"valueRequired\":true,\"valueName\":\"search_term_string\"}}],\"inLanguage\":\"fr-FR\"},{\"@type\":\"Organization\",\"@id\":\"https:\\\/\\\/ellington-photo.com\\\/ErosWalker\\\/#organization\",\"name\":\"Eros Walker Stories\",\"url\":\"https:\\\/\\\/ellington-photo.com\\\/ErosWalker\\\/\",\"logo\":{\"@type\":\"ImageObject\",\"inLanguage\":\"fr-FR\",\"@id\":\"https:\\\/\\\/ellington-photo.com\\\/ErosWalker\\\/#\\\/schema\\\/logo\\\/image\\\/\",\"url\":\"https:\\\/\\\/ellington-photo.com\\\/ErosWalker\\\/wp-content\\\/uploads\\\/2025\\\/05\\\/Chat-Noir.jpg\",\"contentUrl\":\"https:\\\/\\\/ellington-photo.com\\\/ErosWalker\\\/wp-content\\\/uploads\\\/2025\\\/05\\\/Chat-Noir.jpg\",\"width\":400,\"height\":391,\"caption\":\"Eros Walker Stories\"},\"image\":{\"@id\":\"https:\\\/\\\/ellington-photo.com\\\/ErosWalker\\\/#\\\/schema\\\/logo\\\/image\\\/\"},\"sameAs\":[\"https:\\\/\\\/www.linkedin.com\\\/in\\\/eros-walker-ab710a298\\\/\"]}]}<\/script>\n<!-- \/ Yoast SEO plugin. -->","yoast_head_json":{"title":"Mortelle Cavale (35) - Eros Walker Stories","robots":{"index":"index","follow":"follow","max-snippet":"max-snippet:-1","max-image-preview":"max-image-preview:large","max-video-preview":"max-video-preview:-1"},"canonical":"https:\/\/ellington-photo.com\/ErosWalker\/mortelle-cavale-35\/","og_locale":"fr_FR","og_type":"article","og_title":"Mortelle Cavale (35) - Eros Walker Stories","og_description":"La chasse aux pigeons Las Vegas, Nevada Lundi 15 d\u00e9cembre 1980, 22:00 D\u00e8s son premier passage \u00e0 Las Vegas, quelques semaines plus t\u00f4t, Becky avait d\u00e9cid\u00e9 que cette ville \u00e9tait faite pour elle. Elle y \u00e9tait d\u00e9j\u00e0 revenue une fois, et s\u2019\u00e9tait vite aper\u00e7ue qu\u2019il &hellip;","og_url":"https:\/\/ellington-photo.com\/ErosWalker\/mortelle-cavale-35\/","og_site_name":"Eros Walker Stories","article_modified_time":"2025-02-12T09:11:09+00:00","og_image":[{"width":1024,"height":1024,"url":"https:\/\/ellington-photo.com\/ErosWalker\/wp-content\/uploads\/2025\/01\/Designer-48.jpeg","type":"image\/jpeg"}],"twitter_card":"summary_large_image","twitter_misc":{"Dur\u00e9e de lecture estim\u00e9e":"6 minutes"},"schema":{"@context":"https:\/\/schema.org","@graph":[{"@type":"WebPage","@id":"https:\/\/ellington-photo.com\/ErosWalker\/mortelle-cavale-35\/","url":"https:\/\/ellington-photo.com\/ErosWalker\/mortelle-cavale-35\/","name":"Mortelle Cavale (35) - Eros Walker Stories","isPartOf":{"@id":"https:\/\/ellington-photo.com\/ErosWalker\/#website"},"primaryImageOfPage":{"@id":"https:\/\/ellington-photo.com\/ErosWalker\/mortelle-cavale-35\/#primaryimage"},"image":{"@id":"https:\/\/ellington-photo.com\/ErosWalker\/mortelle-cavale-35\/#primaryimage"},"thumbnailUrl":"https:\/\/ellington-photo.com\/ErosWalker\/wp-content\/uploads\/2025\/01\/Designer-48.jpeg","datePublished":"2025-02-12T09:11:08+00:00","dateModified":"2025-02-12T09:11:09+00:00","breadcrumb":{"@id":"https:\/\/ellington-photo.com\/ErosWalker\/mortelle-cavale-35\/#breadcrumb"},"inLanguage":"fr-FR","potentialAction":[{"@type":"ReadAction","target":["https:\/\/ellington-photo.com\/ErosWalker\/mortelle-cavale-35\/"]}]},{"@type":"ImageObject","inLanguage":"fr-FR","@id":"https:\/\/ellington-photo.com\/ErosWalker\/mortelle-cavale-35\/#primaryimage","url":"https:\/\/ellington-photo.com\/ErosWalker\/wp-content\/uploads\/2025\/01\/Designer-48.jpeg","contentUrl":"https:\/\/ellington-photo.com\/ErosWalker\/wp-content\/uploads\/2025\/01\/Designer-48.jpeg","width":1024,"height":1024},{"@type":"BreadcrumbList","@id":"https:\/\/ellington-photo.com\/ErosWalker\/mortelle-cavale-35\/#breadcrumb","itemListElement":[{"@type":"ListItem","position":1,"name":"Accueil","item":"https:\/\/ellington-photo.com\/ErosWalker\/"},{"@type":"ListItem","position":2,"name":"Mortelle Cavale (35)"}]},{"@type":"WebSite","@id":"https:\/\/ellington-photo.com\/ErosWalker\/#website","url":"https:\/\/ellington-photo.com\/ErosWalker\/","name":"Eros Walker Stories","description":"Litt\u00e9rature et images","publisher":{"@id":"https:\/\/ellington-photo.com\/ErosWalker\/#organization"},"potentialAction":[{"@type":"SearchAction","target":{"@type":"EntryPoint","urlTemplate":"https:\/\/ellington-photo.com\/ErosWalker\/?s={search_term_string}"},"query-input":{"@type":"PropertyValueSpecification","valueRequired":true,"valueName":"search_term_string"}}],"inLanguage":"fr-FR"},{"@type":"Organization","@id":"https:\/\/ellington-photo.com\/ErosWalker\/#organization","name":"Eros Walker Stories","url":"https:\/\/ellington-photo.com\/ErosWalker\/","logo":{"@type":"ImageObject","inLanguage":"fr-FR","@id":"https:\/\/ellington-photo.com\/ErosWalker\/#\/schema\/logo\/image\/","url":"https:\/\/ellington-photo.com\/ErosWalker\/wp-content\/uploads\/2025\/05\/Chat-Noir.jpg","contentUrl":"https:\/\/ellington-photo.com\/ErosWalker\/wp-content\/uploads\/2025\/05\/Chat-Noir.jpg","width":400,"height":391,"caption":"Eros Walker Stories"},"image":{"@id":"https:\/\/ellington-photo.com\/ErosWalker\/#\/schema\/logo\/image\/"},"sameAs":["https:\/\/www.linkedin.com\/in\/eros-walker-ab710a298\/"]}]}},"_links":{"self":[{"href":"https:\/\/ellington-photo.com\/ErosWalker\/wp-json\/wp\/v2\/pages\/425","targetHints":{"allow":["GET"]}}],"collection":[{"href":"https:\/\/ellington-photo.com\/ErosWalker\/wp-json\/wp\/v2\/pages"}],"about":[{"href":"https:\/\/ellington-photo.com\/ErosWalker\/wp-json\/wp\/v2\/types\/page"}],"author":[{"embeddable":true,"href":"https:\/\/ellington-photo.com\/ErosWalker\/wp-json\/wp\/v2\/users\/1"}],"replies":[{"embeddable":true,"href":"https:\/\/ellington-photo.com\/ErosWalker\/wp-json\/wp\/v2\/comments?post=425"}],"version-history":[{"count":1,"href":"https:\/\/ellington-photo.com\/ErosWalker\/wp-json\/wp\/v2\/pages\/425\/revisions"}],"predecessor-version":[{"id":426,"href":"https:\/\/ellington-photo.com\/ErosWalker\/wp-json\/wp\/v2\/pages\/425\/revisions\/426"}],"wp:featuredmedia":[{"embeddable":true,"href":"https:\/\/ellington-photo.com\/ErosWalker\/wp-json\/wp\/v2\/media\/404"}],"wp:attachment":[{"href":"https:\/\/ellington-photo.com\/ErosWalker\/wp-json\/wp\/v2\/media?parent=425"}],"curies":[{"name":"wp","href":"https:\/\/api.w.org\/{rel}","templated":true}]}}