{"id":419,"date":"2025-02-12T10:08:45","date_gmt":"2025-02-12T09:08:45","guid":{"rendered":"https:\/\/ellington-photo.com\/ErosWalker\/?page_id=419"},"modified":"2025-02-12T10:08:45","modified_gmt":"2025-02-12T09:08:45","slug":"mortelle-cavale-34","status":"publish","type":"page","link":"https:\/\/ellington-photo.com\/ErosWalker\/mortelle-cavale-34\/","title":{"rendered":"Mortelle Cavale (34)"},"content":{"rendered":"\n<p><strong>Disparition inqui\u00e9tante<\/strong><\/p>\n\n\n\n<p><strong>Barstow, Californie<\/strong><\/p>\n\n\n\n<p><strong>Lundi 15 d\u00e9cembre 1980, 10:00<\/strong><\/p>\n\n\n\n<p>Le lundi est mon jour de repos. Depuis que je suis arriv\u00e9e \u00e0 Barstow, je vis au motel de Roy. Je ne suis pas tr\u00e8s exigeante, mais j\u2019aimerais me sentir chez moi. M\u00eame s\u2019il me consent une remise significative sur le prix de la chambre, \u00e7a fait quand m\u00eame un budget important. J\u2019ai profit\u00e9 d\u2019un peu de temps libre pour lire les petites annonces et j\u2019ai trouv\u00e9 un petit appartement meubl\u00e9, pas trop loin du bar. Ce n\u2019est pas tr\u00e8s grand, il n\u2019y a que deux pi\u00e8ces, ni tr\u00e8s luxueux, mais le logement est propre. J\u2019ai vers\u00e9 une avance de deux semaines, jusqu\u2019\u00e0 la fin du mois. Becky passant de moins en moins de temps avec moi, je ne lui ai pas demand\u00e9 son avis. Je lui ai juste annonc\u00e9 ma d\u00e9cision de d\u00e9m\u00e9nager. \u00c7a n\u2019a suscit\u00e9 aucune r\u00e9action particuli\u00e8re de sa part. De toute fa\u00e7on, elle est de nouveau partie pour Vegas. Elle a pris le Desert Wind[1] hier apr\u00e8s-midi sans me pr\u00e9ciser quand elle rentrerait.<\/p>\n\n\n\n<p>J\u2019entreprends d\u2019emballer mes affaires, ce qui ne prend pas vraiment longtemps, toutes mes possessions tiennent dans deux valises. Quand je sors le sac de voyage achet\u00e9 \u00e0 Vicksburg de sous le lit, je le trouve anormalement l\u00e9ger. C\u2019est dans ce sac que j\u2019ai pour habitude de ranger le Smith &amp; Wesson. Lorsque j\u2019ouvre le sac, il n\u2019y a plus de doute, le revolver a disparu. Bien s\u00fbr, j\u2019aurais d\u00fb depuis longtemps me d\u00e9barrasser de ce flingue compromettant, mais je me suis dit \u00e0 chaque fois que j\u2019ai envisag\u00e9 de le jeter au fond d\u2019un lac, que deux femmes voyageant seules en voiture pourraient avoir besoin d\u2019un moyen de d\u00e9fense. J\u2019ai gard\u00e9 en t\u00eate l\u2019aventure de la for\u00eat d\u2019Homochitto. Pas besoin de me creuser la cervelle pour savoir ce qu\u2019il est devenu. Une seule personne sait que je garde une arme dans ce sac et cette personne vient de partir seule. Sans doute a-t-elle fait de m\u00eame \u00e0 chacune de ses escapades. J\u2019esp\u00e8re au moins qu\u2019elle n\u2019a pas eu de nouvelle occasion de s\u2019en servir. Pas de question \u00e0 se poser, cette arme n\u2019existe pas, pas besoin de d\u00e9clarer sa perte. Il sera temps d\u2019aviser lorsque mon amie rentrera.<\/p>\n\n\n\n<p>Connaissant Becky, je me doute qu\u2019elle n\u2019est pas retourn\u00e9e dans le Nevada pour faire du tourisme. Elle s\u2019imagine sans doute que cette arme la prot\u00e8ge. C\u2019est vrai qu\u2019\u00e0 Memphis, elle lui a bien rendu service, mais ce genre de chance ne dure jamais bien longtemps. Que fait-elle lorsqu\u2019elle part ainsi ? Elle n\u2019a jamais vraiment voulu me donner de d\u00e9tails, pourtant je peux l\u2019imaginer. Les casinos sont une aubaine pour les jeunes femmes comme elle. Les hommes seuls s\u2019y trouvent en nombre et s\u2019ils ont eu la chance de gagner un peu \u00e0 une table de jeu, ils sont prompts \u00e0 partager leurs gains avec une jeune et jolie escorte. Cependant, les \u00e9tablissements doivent avoir du personnel pour surveiller ce genre de choses, et on sait que les casinos sont tous plus ou moins contr\u00f4l\u00e9s par la Mafia. Becky n\u2019est pas encore une habitu\u00e9e et elle sans doute l\u2019id\u00e9e de changer de coin chaque soir, mais \u00e7a ne pourra pas durer longtemps.<\/p>\n\n\n\n<p>De toute fa\u00e7on, je n\u2019y peux rien, je termine mes bagages et je les charge dans la voiture. Je laisse un message \u00e0 la r\u00e9ception avec ma nouvelle adresse et je quitte le motel.<\/p>\n\n\n\n<p>[1] Une branche de l\u2019Amtrak desservant Las Vegas depuis Barstow<\/p>\n\n\n\n<p><\/p>\n\n\n\n<p><a href=\"https:\/\/ellington-photo.com\/ErosWalker\/mortelle-cavale-33\/\">Continuer la lecture : <\/a><a href=\"https:\/\/ellington-photo.com\/ErosWalker\/mortelle-cavale-35\/\">https:\/\/ellington-photo.com\/ErosWalker\/mortelle-cavale-<\/a>35\/<\/p>\n\n\n\n<p><\/p>\n","protected":false},"excerpt":{"rendered":"<p>Disparition inqui\u00e9tante Barstow, Californie Lundi 15 d\u00e9cembre 1980, 10:00 Le lundi est mon jour de repos. Depuis que je suis arriv\u00e9e \u00e0 Barstow, je vis au motel de Roy. Je ne suis pas tr\u00e8s exigeante, mais j\u2019aimerais me sentir chez moi. M\u00eame s\u2019il me consent &hellip; <\/p>\n","protected":false},"author":1,"featured_media":405,"parent":0,"menu_order":0,"comment_status":"closed","ping_status":"closed","template":"","meta":{"footnotes":""},"class_list":["post-419","page","type-page","status-publish","has-post-thumbnail","hentry"],"yoast_head":"<!-- This site is optimized with the Yoast SEO plugin v27.4 - https:\/\/yoast.com\/product\/yoast-seo-wordpress\/ -->\n<title>Mortelle Cavale (34) - Eros Walker Stories<\/title>\n<meta name=\"robots\" content=\"index, follow, max-snippet:-1, max-image-preview:large, max-video-preview:-1\" \/>\n<link rel=\"canonical\" href=\"https:\/\/ellington-photo.com\/ErosWalker\/mortelle-cavale-34\/\" \/>\n<meta property=\"og:locale\" content=\"fr_FR\" \/>\n<meta property=\"og:type\" content=\"article\" \/>\n<meta property=\"og:title\" content=\"Mortelle Cavale (34) - Eros Walker Stories\" \/>\n<meta property=\"og:description\" content=\"Disparition inqui\u00e9tante Barstow, Californie Lundi 15 d\u00e9cembre 1980, 10:00 Le lundi est mon jour de repos. Depuis que je suis arriv\u00e9e \u00e0 Barstow, je vis au motel de Roy. Je ne suis pas tr\u00e8s exigeante, mais j\u2019aimerais me sentir chez moi. M\u00eame s\u2019il me consent &hellip;\" \/>\n<meta property=\"og:url\" content=\"https:\/\/ellington-photo.com\/ErosWalker\/mortelle-cavale-34\/\" \/>\n<meta property=\"og:site_name\" content=\"Eros Walker Stories\" \/>\n<meta property=\"og:image\" content=\"https:\/\/ellington-photo.com\/ErosWalker\/wp-content\/uploads\/2025\/01\/Designer-47.jpeg\" \/>\n\t<meta property=\"og:image:width\" content=\"1024\" \/>\n\t<meta property=\"og:image:height\" content=\"1024\" \/>\n\t<meta property=\"og:image:type\" content=\"image\/jpeg\" \/>\n<meta name=\"twitter:card\" content=\"summary_large_image\" \/>\n<meta name=\"twitter:label1\" content=\"Dur\u00e9e de lecture estim\u00e9e\" \/>\n\t<meta name=\"twitter:data1\" content=\"3 minutes\" \/>\n<script type=\"application\/ld+json\" class=\"yoast-schema-graph\">{\"@context\":\"https:\\\/\\\/schema.org\",\"@graph\":[{\"@type\":\"WebPage\",\"@id\":\"https:\\\/\\\/ellington-photo.com\\\/ErosWalker\\\/mortelle-cavale-34\\\/\",\"url\":\"https:\\\/\\\/ellington-photo.com\\\/ErosWalker\\\/mortelle-cavale-34\\\/\",\"name\":\"Mortelle Cavale (34) - Eros Walker Stories\",\"isPartOf\":{\"@id\":\"https:\\\/\\\/ellington-photo.com\\\/ErosWalker\\\/#website\"},\"primaryImageOfPage\":{\"@id\":\"https:\\\/\\\/ellington-photo.com\\\/ErosWalker\\\/mortelle-cavale-34\\\/#primaryimage\"},\"image\":{\"@id\":\"https:\\\/\\\/ellington-photo.com\\\/ErosWalker\\\/mortelle-cavale-34\\\/#primaryimage\"},\"thumbnailUrl\":\"https:\\\/\\\/ellington-photo.com\\\/ErosWalker\\\/wp-content\\\/uploads\\\/2025\\\/01\\\/Designer-47.jpeg\",\"datePublished\":\"2025-02-12T09:08:45+00:00\",\"breadcrumb\":{\"@id\":\"https:\\\/\\\/ellington-photo.com\\\/ErosWalker\\\/mortelle-cavale-34\\\/#breadcrumb\"},\"inLanguage\":\"fr-FR\",\"potentialAction\":[{\"@type\":\"ReadAction\",\"target\":[\"https:\\\/\\\/ellington-photo.com\\\/ErosWalker\\\/mortelle-cavale-34\\\/\"]}]},{\"@type\":\"ImageObject\",\"inLanguage\":\"fr-FR\",\"@id\":\"https:\\\/\\\/ellington-photo.com\\\/ErosWalker\\\/mortelle-cavale-34\\\/#primaryimage\",\"url\":\"https:\\\/\\\/ellington-photo.com\\\/ErosWalker\\\/wp-content\\\/uploads\\\/2025\\\/01\\\/Designer-47.jpeg\",\"contentUrl\":\"https:\\\/\\\/ellington-photo.com\\\/ErosWalker\\\/wp-content\\\/uploads\\\/2025\\\/01\\\/Designer-47.jpeg\",\"width\":1024,\"height\":1024},{\"@type\":\"BreadcrumbList\",\"@id\":\"https:\\\/\\\/ellington-photo.com\\\/ErosWalker\\\/mortelle-cavale-34\\\/#breadcrumb\",\"itemListElement\":[{\"@type\":\"ListItem\",\"position\":1,\"name\":\"Accueil\",\"item\":\"https:\\\/\\\/ellington-photo.com\\\/ErosWalker\\\/\"},{\"@type\":\"ListItem\",\"position\":2,\"name\":\"Mortelle Cavale (34)\"}]},{\"@type\":\"WebSite\",\"@id\":\"https:\\\/\\\/ellington-photo.com\\\/ErosWalker\\\/#website\",\"url\":\"https:\\\/\\\/ellington-photo.com\\\/ErosWalker\\\/\",\"name\":\"Eros Walker Stories\",\"description\":\"Litt\u00e9rature et images\",\"publisher\":{\"@id\":\"https:\\\/\\\/ellington-photo.com\\\/ErosWalker\\\/#organization\"},\"potentialAction\":[{\"@type\":\"SearchAction\",\"target\":{\"@type\":\"EntryPoint\",\"urlTemplate\":\"https:\\\/\\\/ellington-photo.com\\\/ErosWalker\\\/?s={search_term_string}\"},\"query-input\":{\"@type\":\"PropertyValueSpecification\",\"valueRequired\":true,\"valueName\":\"search_term_string\"}}],\"inLanguage\":\"fr-FR\"},{\"@type\":\"Organization\",\"@id\":\"https:\\\/\\\/ellington-photo.com\\\/ErosWalker\\\/#organization\",\"name\":\"Eros Walker Stories\",\"url\":\"https:\\\/\\\/ellington-photo.com\\\/ErosWalker\\\/\",\"logo\":{\"@type\":\"ImageObject\",\"inLanguage\":\"fr-FR\",\"@id\":\"https:\\\/\\\/ellington-photo.com\\\/ErosWalker\\\/#\\\/schema\\\/logo\\\/image\\\/\",\"url\":\"https:\\\/\\\/ellington-photo.com\\\/ErosWalker\\\/wp-content\\\/uploads\\\/2025\\\/05\\\/Chat-Noir.jpg\",\"contentUrl\":\"https:\\\/\\\/ellington-photo.com\\\/ErosWalker\\\/wp-content\\\/uploads\\\/2025\\\/05\\\/Chat-Noir.jpg\",\"width\":400,\"height\":391,\"caption\":\"Eros Walker Stories\"},\"image\":{\"@id\":\"https:\\\/\\\/ellington-photo.com\\\/ErosWalker\\\/#\\\/schema\\\/logo\\\/image\\\/\"},\"sameAs\":[\"https:\\\/\\\/www.linkedin.com\\\/in\\\/eros-walker-ab710a298\\\/\"]}]}<\/script>\n<!-- \/ Yoast SEO plugin. -->","yoast_head_json":{"title":"Mortelle Cavale (34) - Eros Walker Stories","robots":{"index":"index","follow":"follow","max-snippet":"max-snippet:-1","max-image-preview":"max-image-preview:large","max-video-preview":"max-video-preview:-1"},"canonical":"https:\/\/ellington-photo.com\/ErosWalker\/mortelle-cavale-34\/","og_locale":"fr_FR","og_type":"article","og_title":"Mortelle Cavale (34) - Eros Walker Stories","og_description":"Disparition inqui\u00e9tante Barstow, Californie Lundi 15 d\u00e9cembre 1980, 10:00 Le lundi est mon jour de repos. Depuis que je suis arriv\u00e9e \u00e0 Barstow, je vis au motel de Roy. Je ne suis pas tr\u00e8s exigeante, mais j\u2019aimerais me sentir chez moi. M\u00eame s\u2019il me consent &hellip;","og_url":"https:\/\/ellington-photo.com\/ErosWalker\/mortelle-cavale-34\/","og_site_name":"Eros Walker Stories","og_image":[{"width":1024,"height":1024,"url":"https:\/\/ellington-photo.com\/ErosWalker\/wp-content\/uploads\/2025\/01\/Designer-47.jpeg","type":"image\/jpeg"}],"twitter_card":"summary_large_image","twitter_misc":{"Dur\u00e9e de lecture estim\u00e9e":"3 minutes"},"schema":{"@context":"https:\/\/schema.org","@graph":[{"@type":"WebPage","@id":"https:\/\/ellington-photo.com\/ErosWalker\/mortelle-cavale-34\/","url":"https:\/\/ellington-photo.com\/ErosWalker\/mortelle-cavale-34\/","name":"Mortelle Cavale (34) - Eros Walker Stories","isPartOf":{"@id":"https:\/\/ellington-photo.com\/ErosWalker\/#website"},"primaryImageOfPage":{"@id":"https:\/\/ellington-photo.com\/ErosWalker\/mortelle-cavale-34\/#primaryimage"},"image":{"@id":"https:\/\/ellington-photo.com\/ErosWalker\/mortelle-cavale-34\/#primaryimage"},"thumbnailUrl":"https:\/\/ellington-photo.com\/ErosWalker\/wp-content\/uploads\/2025\/01\/Designer-47.jpeg","datePublished":"2025-02-12T09:08:45+00:00","breadcrumb":{"@id":"https:\/\/ellington-photo.com\/ErosWalker\/mortelle-cavale-34\/#breadcrumb"},"inLanguage":"fr-FR","potentialAction":[{"@type":"ReadAction","target":["https:\/\/ellington-photo.com\/ErosWalker\/mortelle-cavale-34\/"]}]},{"@type":"ImageObject","inLanguage":"fr-FR","@id":"https:\/\/ellington-photo.com\/ErosWalker\/mortelle-cavale-34\/#primaryimage","url":"https:\/\/ellington-photo.com\/ErosWalker\/wp-content\/uploads\/2025\/01\/Designer-47.jpeg","contentUrl":"https:\/\/ellington-photo.com\/ErosWalker\/wp-content\/uploads\/2025\/01\/Designer-47.jpeg","width":1024,"height":1024},{"@type":"BreadcrumbList","@id":"https:\/\/ellington-photo.com\/ErosWalker\/mortelle-cavale-34\/#breadcrumb","itemListElement":[{"@type":"ListItem","position":1,"name":"Accueil","item":"https:\/\/ellington-photo.com\/ErosWalker\/"},{"@type":"ListItem","position":2,"name":"Mortelle Cavale (34)"}]},{"@type":"WebSite","@id":"https:\/\/ellington-photo.com\/ErosWalker\/#website","url":"https:\/\/ellington-photo.com\/ErosWalker\/","name":"Eros Walker Stories","description":"Litt\u00e9rature et images","publisher":{"@id":"https:\/\/ellington-photo.com\/ErosWalker\/#organization"},"potentialAction":[{"@type":"SearchAction","target":{"@type":"EntryPoint","urlTemplate":"https:\/\/ellington-photo.com\/ErosWalker\/?s={search_term_string}"},"query-input":{"@type":"PropertyValueSpecification","valueRequired":true,"valueName":"search_term_string"}}],"inLanguage":"fr-FR"},{"@type":"Organization","@id":"https:\/\/ellington-photo.com\/ErosWalker\/#organization","name":"Eros Walker Stories","url":"https:\/\/ellington-photo.com\/ErosWalker\/","logo":{"@type":"ImageObject","inLanguage":"fr-FR","@id":"https:\/\/ellington-photo.com\/ErosWalker\/#\/schema\/logo\/image\/","url":"https:\/\/ellington-photo.com\/ErosWalker\/wp-content\/uploads\/2025\/05\/Chat-Noir.jpg","contentUrl":"https:\/\/ellington-photo.com\/ErosWalker\/wp-content\/uploads\/2025\/05\/Chat-Noir.jpg","width":400,"height":391,"caption":"Eros Walker Stories"},"image":{"@id":"https:\/\/ellington-photo.com\/ErosWalker\/#\/schema\/logo\/image\/"},"sameAs":["https:\/\/www.linkedin.com\/in\/eros-walker-ab710a298\/"]}]}},"_links":{"self":[{"href":"https:\/\/ellington-photo.com\/ErosWalker\/wp-json\/wp\/v2\/pages\/419","targetHints":{"allow":["GET"]}}],"collection":[{"href":"https:\/\/ellington-photo.com\/ErosWalker\/wp-json\/wp\/v2\/pages"}],"about":[{"href":"https:\/\/ellington-photo.com\/ErosWalker\/wp-json\/wp\/v2\/types\/page"}],"author":[{"embeddable":true,"href":"https:\/\/ellington-photo.com\/ErosWalker\/wp-json\/wp\/v2\/users\/1"}],"replies":[{"embeddable":true,"href":"https:\/\/ellington-photo.com\/ErosWalker\/wp-json\/wp\/v2\/comments?post=419"}],"version-history":[{"count":1,"href":"https:\/\/ellington-photo.com\/ErosWalker\/wp-json\/wp\/v2\/pages\/419\/revisions"}],"predecessor-version":[{"id":424,"href":"https:\/\/ellington-photo.com\/ErosWalker\/wp-json\/wp\/v2\/pages\/419\/revisions\/424"}],"wp:featuredmedia":[{"embeddable":true,"href":"https:\/\/ellington-photo.com\/ErosWalker\/wp-json\/wp\/v2\/media\/405"}],"wp:attachment":[{"href":"https:\/\/ellington-photo.com\/ErosWalker\/wp-json\/wp\/v2\/media?parent=419"}],"curies":[{"name":"wp","href":"https:\/\/api.w.org\/{rel}","templated":true}]}}