{"id":408,"date":"2025-01-21T17:19:00","date_gmt":"2025-01-21T16:19:00","guid":{"rendered":"https:\/\/ellington-photo.com\/ErosWalker\/?page_id=408"},"modified":"2025-02-12T10:08:31","modified_gmt":"2025-02-12T09:08:31","slug":"mortelle-cavale-33","status":"publish","type":"page","link":"https:\/\/ellington-photo.com\/ErosWalker\/mortelle-cavale-33\/","title":{"rendered":"Mortelle Cavale (33)"},"content":{"rendered":"\n<p><strong>Nouvelle vie<\/strong><\/p>\n\n\n\n<p><strong>Barstow, Californie<\/strong><\/p>\n\n\n\n<p><strong>Vendredi 12 d\u00e9cembre 1980, 17:00<\/strong><\/p>\n\n\n\n<p>Cela fait d\u00e9j\u00e0 plus de trois semaines que je suis arriv\u00e9e \u00e0 Barstow.<\/p>\n\n\n\n<p>Apr\u00e8s la visite du sergent Schwartz, j\u2019ai eu une longue conversation avec Ronnie. Il a fallu que j\u2019insiste beaucoup pour qu\u2019il accepte de me parler de la famille McCoy. J\u2019ai finalement compris que Millan McCoy est le propri\u00e9taire d\u2019un important groupe alimentaire produisant des chips commercialis\u00e9es dans tous les \u00c9tats-Unis, mais aussi de milliers d\u2019hectares de bl\u00e9 et de ma\u00efs. Son fils Jimmy, le jeune homme \u00e0 la Camaro jaune, est appel\u00e9 \u00e0 prendre la suite de l\u2019empire familial, d\u00e8s qu\u2019il aura termin\u00e9 ses \u00e9tudes. Millan McCoy est un des plus gros donateurs du parti r\u00e9publicain local et un ami intime du gouverneur John W. Carlin, pourtant d\u00e9mocrate. Ronnie m\u2019a pr\u00e9venu, le maire de Topeka lui mange dans la main et le chef de la police tremble quand il re\u00e7oit un appel t\u00e9l\u00e9phonique de son assistante.<\/p>\n\n\n\n<p>Je comprends mieux pourquoi Becky n\u2019est pas bien vue dans ce tableau.<\/p>\n\n\n\n<p>Avec l\u2019aide de mon patron, j\u2019ai pu d\u00e9nicher une Chevrolet Vega Station Wagon. Ronnie l\u2019a entretenue lui-m\u00eame depuis sa sortie du concessionnaire local et elle n\u2019a jamais quitt\u00e9 les routes du comt\u00e9, sa propri\u00e9taire \u00e9tant une femme \u00e2g\u00e9e, aujourd\u2019hui incapable de conduire. Cette fois, je l\u2019ai achet\u00e9e \u00e0 mon nom.<\/p>\n\n\n\n<p>Quand je lui ai annonc\u00e9 que nous allions partir, Ronnie n\u2019a pas \u00e9t\u00e9 surpris, mais il m\u2019a avou\u00e9 qu\u2019il avait secr\u00e8tement esp\u00e9r\u00e9 que je reste et partage sa vie. Je n\u2019ai pas su quoi r\u00e9pondre et j\u2019ai d\u00fb avoir l\u2019air idiote, mais heureusement, j\u2019ai r\u00e9ussi \u00e0 ne pas \u00e9clater de rire. Je sais bien que je ne suis pas l\u2019\u00e9pouse r\u00eav\u00e9e pour un homme dans la force de l\u2019\u00e2ge, mais tout de m\u00eame, Ronnie a trente ans de plus que moi, et je n\u2019imagine pas servir de l\u2019essence pendant le restant de mes jours. J\u2019ai essay\u00e9 d\u2019avoir quelques mots gentils pour le consoler et il a reconnu que lui-m\u00eame n\u2019y croyait pas vraiment. Il m\u2019a aussi parl\u00e9 de Becky, j\u2019ai bien senti qu\u2019il avait du mal \u00e0 trouver les mots qui ne me choqueraient pas trop, mais il a quand m\u00eame voulu me mettre en garde, me demandant pourquoi je m\u2019\u00e9tais entich\u00e9e de cette gamine \u00e0 probl\u00e8mes. Je ne pouvais pas lui r\u00e9pondre que je me posais la m\u00eame question !<\/p>\n\n\n\n<p>Le samedi suivant, le 22 novembre, nous avons fourr\u00e9 nos maigres possessions \u00e0 l\u2019arri\u00e8re de la voiture et nous sommes parties vers l\u2019ouest, en direction de Denver. Une journ\u00e9e de route \u00e0 travers le Kansas et le Colorado. Apr\u00e8s avoir travers\u00e9 les plaines interminables, nous avons aper\u00e7u les montagnes dans le lointain, un peu avant la tomb\u00e9e de la nuit. La temp\u00e9rature n\u2019avait cess\u00e9 de baisser durant notre voyage et les premiers flocons ont commenc\u00e9 \u00e0 tomber quand nous avons travers\u00e9 Limon. Il nous restait encore presque cent miles que nous avons parcourus \u00e0 vitesse r\u00e9duite.<\/p>\n\n\n\n<p>Comme \u00e0 son habitude, ma passag\u00e8re a tout juste consenti \u00e0 desserrer les dents pour se plaindre de la faim, de la soif et de la longueur du trajet.<\/p>\n\n\n\n<p>Nous n\u2019avons pass\u00e9 qu\u2019une nuit \u00e0 Denver et d\u00e8s le lendemain, nous reprenions la route en direction de Las Vegas.<\/p>\n\n\n\n<p>Cette \u00e9tape a \u00e9t\u00e9 particuli\u00e8rement p\u00e9nible, il n\u2019y a aucune ville importante sur le chemin. Pas question pourtant de conduire douze heures d\u2019affil\u00e9e, en franchissant les montagnes par des routes d\u00e9j\u00e0 enneig\u00e9es par endroit. J\u2019ai roul\u00e9 jusqu\u2019\u00e0 Cedar City au sud de l\u2019Utah, o\u00f9 nous avons pass\u00e9 la nuit dans un motel minable en bord de route. C\u2019est dans l\u2019apr\u00e8s-midi, le lundi, que nous avons enfin atteint Las Vegas. Becky a consenti \u00e0 \u00e9merger de sa l\u00e9thargie. Elle \u00e9tait toute excit\u00e9e quand nous avons descendu Las Vegas Boulevard, <em>the Strip<\/em>, avec tous ses casinos. Pour ma part, je n\u2019avais qu\u2019une envie, trouver un h\u00f4tel bon march\u00e9, abandonner la voiture dans le parking et aller me coucher apr\u00e8s une bonne douche. J\u2019ai continu\u00e9 en direction de l\u2019a\u00e9roport jusqu\u2019\u00e0 ce que je trouve un Motel 6 qui proposait des chambres \u00e0 22 dollars. J\u2019ai pay\u00e9 pour deux nuits. J\u2019avais besoin de souffler un peu apr\u00e8s toute cette distance parcourue. Le temps que je sorte de la salle de bain, Becky avait disparu, laissant ses v\u00eatements froiss\u00e9s par le voyage sur l\u2019un des lits.<\/p>\n\n\n\n<p>Je me suis laiss\u00e9e tomber sur l\u2019autre. Il ne m\u2019a fallu que quelques minutes pour m\u2019endormir. Pendant un moment, j\u2019ai r\u00eav\u00e9 de routes de montagne et de d\u00e9sert, de poids lourds qui nous d\u00e9passaient en d\u00e9stabilisant la petite Vega, puis je suis tomb\u00e9 dans un sommeil profond. Quand j\u2019ai rouvert les yeux, la nuit \u00e9tait tomb\u00e9e. J\u2019avais faim et soif. Je me suis habill\u00e9e et je suis sortie en laissant un mot pour Becky. De l\u2019autre c\u00f4t\u00e9 du boulevard, un petit centre commercial proposait l\u2019enseigne IHOP[1]. C\u2019\u00e9tait largement suffisant pour moi. Lorsque je suis revenue, moins d\u2019une heure apr\u00e8s, Becky n\u2019\u00e9tait toujours pas l\u00e0. J\u2019ai train\u00e9 un moment devant la t\u00e9l\u00e9 avant de me remettre au lit.<\/p>\n\n\n\n<p>Je n\u2019ai pas regard\u00e9 l\u2019heure quand mon amie est rentr\u00e9e, elle a eu la gentillesse de ne pas allumer la lumi\u00e8re et de se coucher sans bruit. Le lendemain, quand je me suis r\u00e9veill\u00e9e, j\u2019avais dormi pr\u00e8s de douze heures. Je suis retourn\u00e9e au restaurant de cr\u00eapes pour prendre mon petit-d\u00e9jeuner. J\u2019ai rapport\u00e9 des cr\u00eapes et du caf\u00e9 pour Becky.<\/p>\n\n\n\n<p>\u00ab Je crois que je pourrais me plaire ici, me d\u00e9clara la jeune fille en se levant deux heures plus tard. Il y a des spectacles partout et du monde dans la rue toute la nuit !<\/p>\n\n\n\n<p>\u2014 Je n\u2019en doute pas, mais pour moi, il n\u2019en est pas question. Je te rappelle que nous avons d\u00e9j\u00e0 eu une discussion et que nous avons d\u00e9cid\u00e9 d\u2019aller en Californie. Nous n\u2019y sommes pas encore. C\u2019est bien aussi la Californie.<\/p>\n\n\n\n<p>\u2014 O\u00f9 en Californie ? \u00c0 Los Angeles ou San Francisco ?<\/p>\n\n\n\n<p>\u2014 C\u2019est trop grand ! Pour commencer, il vaut mieux choisir une ville plus petite. J\u2019ai pens\u00e9 \u00e0 Barstow, ce n\u2019est pas tr\u00e8s loin de Los Angeles. Tiens regarde ! \u00bb<\/p>\n\n\n\n<p>Je lui ai montr\u00e9 l\u2019atlas Rand McNally.<\/p>\n\n\n\n<p>\u00ab C\u2019est dans le d\u00e9sert ! proteste Becky.<\/p>\n\n\n\n<p>\u2014 Las Vegas aussi !<\/p>\n\n\n\n<p>\u2014 Qu\u2019est-ce que tu veux faire \u00e0 Barstow ?<\/p>\n\n\n\n<p>\u2014 La m\u00eame chose qu\u2019\u00e0 Memphis, \u00e0 Tulsa ou \u00e0 Topeka. Travailler et gagner ma vie honn\u00eatement. Et je pense que tu devrais commencer \u00e0 faire comme moi.<\/p>\n\n\n\n<p>\u2014 Tu rigoles ? T\u2019imagines que je vais passer ma vie \u00e0 bosser dans une boutique ou un resto minable ?<\/p>\n\n\n\n<p>\u2014 Combien de temps crois-tu que tu vas pouvoir continuer \u00e0 gagner ton argent comme tu le fais aujourd\u2019hui ?<\/p>\n\n\n\n<p>\u2014 Tu craches pas dessus ! \u00bb<\/p>\n\n\n\n<p>La conversation \u00e9tait mal partie, une fois de plus. Il me fallait calmer le jeu.<\/p>\n\n\n\n<p>\u00ab Ecoute, on a fait un deal il y a une semaine, \u00e0 Topeka. On va tenter notre chance \u00e0 Barstow. Si \u00e7a ne te plait pas, tu pourras toujours partir o\u00f9 tu veux. Moi, j\u2019ai envie d\u2019une vie tranquille, pas d\u2019aventure. En attendant, \u00e7a te dirait de faire un peu de shopping ? \u00bb<\/p>\n\n\n\n<p>Le mardi matin, nous avons pris l\u2019Interstate 15 en direction de la Californie. La neige du Colorado \u00e9tait d\u00e9j\u00e0 loin derri\u00e8re nous. J\u2019ai trouv\u00e9 une pension \u00e0 proximit\u00e9 de la gare. D\u00e8s le lendemain, comme \u00e0 mon habitude, j\u2019ai commenc\u00e9 \u00e0 chercher du travail. Je n\u2019ai pas eu de mal \u00e0 trouver. D\u00e8s le jeudi, j\u2019ai commenc\u00e9 au Roy\u2019s Caf\u00e9. Mon exp\u00e9rience a tout de suite convaincu le patron. L\u2019\u00e9tablissement est adoss\u00e9 \u00e0 un motel. \u00c0 cette \u00e9poque de l\u2019ann\u00e9e, il y a toujours des chambres disponibles. J\u2019en ai obtenu une pour un prix modique. Roy, le patron est un homme d\u2019une cinquantaine d\u2019ann\u00e9es, il a travaill\u00e9 pour les chemins de fer avant de poser ses bagages \u00e0 Barstow. Il y a aussi Jeff, le cuisinier et deux autres serveuses, Sandy et Winona. Jeff est afro-am\u00e9ricain, Winona vient de la tribu des Serrano. Ses parents habitent encore Kelso, un petit village dans le d\u00e9sert de Mojave. L\u2019ambiance est bonne et la client\u00e8le vari\u00e9e. Beaucoup de clients travaillent pour les compagnies ferroviaires, mais il y a aussi des voyageurs de passage qui se dirigent vers l\u2019Arizona par l\u2019Interstate 40. Seule ombre au tableau, Becky est beaucoup moins enthousiaste que moi. Depuis que nous sommes arriv\u00e9es, elle a d\u00e9j\u00e0 pris le train pour aller passer trois jours \u00e0 Los Angeles et elle est retourn\u00e9e presque une semaine \u00e0 Las Vegas. Je ne sais pas comment elle se d\u00e9brouille, mais \u00e0 chaque fois, elle m\u2019a rapport\u00e9 de l\u2019argent. Pas \u00e9norm\u00e9ment, bien s\u00fbr, mais quelques dizaines de dollars tout de m\u00eame. J\u2019ai l\u2019impression qu\u2019elle prend ses distances, mais elle revient toujours. Combien de temps cela durera-t-il ?<\/p>\n\n\n\n<p>[1] IHOP, une chaine de restaurants sp\u00e9cialis\u00e9e dans les cr\u00eapes<\/p>\n\n\n\n<p><\/p>\n\n\n\n<p><a href=\"https:\/\/ellington-photo.com\/ErosWalker\/mortelle-cavale-33\/\">Continuer la lecture : <\/a><a href=\"https:\/\/ellington-photo.com\/ErosWalker\/mortelle-cavale-34\/\">https:\/\/ellington-photo.com\/ErosWalker\/mortelle-cavale-3<\/a>4\/<\/p>\n\n\n\n<p><\/p>\n","protected":false},"excerpt":{"rendered":"<p>Nouvelle vie Barstow, Californie Vendredi 12 d\u00e9cembre 1980, 17:00 Cela fait d\u00e9j\u00e0 plus de trois semaines que je suis arriv\u00e9e \u00e0 Barstow. Apr\u00e8s la visite du sergent Schwartz, j\u2019ai eu une longue conversation avec Ronnie. Il a fallu que j\u2019insiste beaucoup pour qu\u2019il accepte de &hellip; <\/p>\n","protected":false},"author":1,"featured_media":406,"parent":0,"menu_order":0,"comment_status":"closed","ping_status":"closed","template":"","meta":{"footnotes":""},"class_list":["post-408","page","type-page","status-publish","has-post-thumbnail","hentry"],"yoast_head":"<!-- This site is optimized with the Yoast SEO plugin v27.4 - https:\/\/yoast.com\/product\/yoast-seo-wordpress\/ -->\n<title>Mortelle Cavale (33) - Eros Walker Stories<\/title>\n<meta name=\"robots\" content=\"index, follow, max-snippet:-1, max-image-preview:large, max-video-preview:-1\" \/>\n<link rel=\"canonical\" href=\"https:\/\/ellington-photo.com\/ErosWalker\/mortelle-cavale-33\/\" \/>\n<meta property=\"og:locale\" content=\"fr_FR\" \/>\n<meta property=\"og:type\" content=\"article\" \/>\n<meta property=\"og:title\" content=\"Mortelle Cavale (33) - Eros Walker Stories\" \/>\n<meta property=\"og:description\" content=\"Nouvelle vie Barstow, Californie Vendredi 12 d\u00e9cembre 1980, 17:00 Cela fait d\u00e9j\u00e0 plus de trois semaines que je suis arriv\u00e9e \u00e0 Barstow. Apr\u00e8s la visite du sergent Schwartz, j\u2019ai eu une longue conversation avec Ronnie. Il a fallu que j\u2019insiste beaucoup pour qu\u2019il accepte de &hellip;\" \/>\n<meta property=\"og:url\" content=\"https:\/\/ellington-photo.com\/ErosWalker\/mortelle-cavale-33\/\" \/>\n<meta property=\"og:site_name\" content=\"Eros Walker Stories\" \/>\n<meta property=\"article:modified_time\" content=\"2025-02-12T09:08:31+00:00\" \/>\n<meta property=\"og:image\" content=\"https:\/\/ellington-photo.com\/ErosWalker\/wp-content\/uploads\/2025\/01\/Designer-46.jpeg\" \/>\n\t<meta property=\"og:image:width\" content=\"1024\" \/>\n\t<meta property=\"og:image:height\" content=\"1024\" \/>\n\t<meta property=\"og:image:type\" content=\"image\/jpeg\" \/>\n<meta name=\"twitter:card\" content=\"summary_large_image\" \/>\n<meta name=\"twitter:label1\" content=\"Dur\u00e9e de lecture estim\u00e9e\" \/>\n\t<meta name=\"twitter:data1\" content=\"8 minutes\" \/>\n<script type=\"application\/ld+json\" class=\"yoast-schema-graph\">{\"@context\":\"https:\\\/\\\/schema.org\",\"@graph\":[{\"@type\":\"WebPage\",\"@id\":\"https:\\\/\\\/ellington-photo.com\\\/ErosWalker\\\/mortelle-cavale-33\\\/\",\"url\":\"https:\\\/\\\/ellington-photo.com\\\/ErosWalker\\\/mortelle-cavale-33\\\/\",\"name\":\"Mortelle Cavale (33) - Eros Walker Stories\",\"isPartOf\":{\"@id\":\"https:\\\/\\\/ellington-photo.com\\\/ErosWalker\\\/#website\"},\"primaryImageOfPage\":{\"@id\":\"https:\\\/\\\/ellington-photo.com\\\/ErosWalker\\\/mortelle-cavale-33\\\/#primaryimage\"},\"image\":{\"@id\":\"https:\\\/\\\/ellington-photo.com\\\/ErosWalker\\\/mortelle-cavale-33\\\/#primaryimage\"},\"thumbnailUrl\":\"https:\\\/\\\/ellington-photo.com\\\/ErosWalker\\\/wp-content\\\/uploads\\\/2025\\\/01\\\/Designer-46.jpeg\",\"datePublished\":\"2025-01-21T16:19:00+00:00\",\"dateModified\":\"2025-02-12T09:08:31+00:00\",\"breadcrumb\":{\"@id\":\"https:\\\/\\\/ellington-photo.com\\\/ErosWalker\\\/mortelle-cavale-33\\\/#breadcrumb\"},\"inLanguage\":\"fr-FR\",\"potentialAction\":[{\"@type\":\"ReadAction\",\"target\":[\"https:\\\/\\\/ellington-photo.com\\\/ErosWalker\\\/mortelle-cavale-33\\\/\"]}]},{\"@type\":\"ImageObject\",\"inLanguage\":\"fr-FR\",\"@id\":\"https:\\\/\\\/ellington-photo.com\\\/ErosWalker\\\/mortelle-cavale-33\\\/#primaryimage\",\"url\":\"https:\\\/\\\/ellington-photo.com\\\/ErosWalker\\\/wp-content\\\/uploads\\\/2025\\\/01\\\/Designer-46.jpeg\",\"contentUrl\":\"https:\\\/\\\/ellington-photo.com\\\/ErosWalker\\\/wp-content\\\/uploads\\\/2025\\\/01\\\/Designer-46.jpeg\",\"width\":1024,\"height\":1024},{\"@type\":\"BreadcrumbList\",\"@id\":\"https:\\\/\\\/ellington-photo.com\\\/ErosWalker\\\/mortelle-cavale-33\\\/#breadcrumb\",\"itemListElement\":[{\"@type\":\"ListItem\",\"position\":1,\"name\":\"Accueil\",\"item\":\"https:\\\/\\\/ellington-photo.com\\\/ErosWalker\\\/\"},{\"@type\":\"ListItem\",\"position\":2,\"name\":\"Mortelle Cavale (33)\"}]},{\"@type\":\"WebSite\",\"@id\":\"https:\\\/\\\/ellington-photo.com\\\/ErosWalker\\\/#website\",\"url\":\"https:\\\/\\\/ellington-photo.com\\\/ErosWalker\\\/\",\"name\":\"Eros Walker Stories\",\"description\":\"Litt\u00e9rature et images\",\"publisher\":{\"@id\":\"https:\\\/\\\/ellington-photo.com\\\/ErosWalker\\\/#organization\"},\"potentialAction\":[{\"@type\":\"SearchAction\",\"target\":{\"@type\":\"EntryPoint\",\"urlTemplate\":\"https:\\\/\\\/ellington-photo.com\\\/ErosWalker\\\/?s={search_term_string}\"},\"query-input\":{\"@type\":\"PropertyValueSpecification\",\"valueRequired\":true,\"valueName\":\"search_term_string\"}}],\"inLanguage\":\"fr-FR\"},{\"@type\":\"Organization\",\"@id\":\"https:\\\/\\\/ellington-photo.com\\\/ErosWalker\\\/#organization\",\"name\":\"Eros Walker Stories\",\"url\":\"https:\\\/\\\/ellington-photo.com\\\/ErosWalker\\\/\",\"logo\":{\"@type\":\"ImageObject\",\"inLanguage\":\"fr-FR\",\"@id\":\"https:\\\/\\\/ellington-photo.com\\\/ErosWalker\\\/#\\\/schema\\\/logo\\\/image\\\/\",\"url\":\"https:\\\/\\\/ellington-photo.com\\\/ErosWalker\\\/wp-content\\\/uploads\\\/2025\\\/05\\\/Chat-Noir.jpg\",\"contentUrl\":\"https:\\\/\\\/ellington-photo.com\\\/ErosWalker\\\/wp-content\\\/uploads\\\/2025\\\/05\\\/Chat-Noir.jpg\",\"width\":400,\"height\":391,\"caption\":\"Eros Walker Stories\"},\"image\":{\"@id\":\"https:\\\/\\\/ellington-photo.com\\\/ErosWalker\\\/#\\\/schema\\\/logo\\\/image\\\/\"},\"sameAs\":[\"https:\\\/\\\/www.linkedin.com\\\/in\\\/eros-walker-ab710a298\\\/\"]}]}<\/script>\n<!-- \/ Yoast SEO plugin. -->","yoast_head_json":{"title":"Mortelle Cavale (33) - Eros Walker Stories","robots":{"index":"index","follow":"follow","max-snippet":"max-snippet:-1","max-image-preview":"max-image-preview:large","max-video-preview":"max-video-preview:-1"},"canonical":"https:\/\/ellington-photo.com\/ErosWalker\/mortelle-cavale-33\/","og_locale":"fr_FR","og_type":"article","og_title":"Mortelle Cavale (33) - Eros Walker Stories","og_description":"Nouvelle vie Barstow, Californie Vendredi 12 d\u00e9cembre 1980, 17:00 Cela fait d\u00e9j\u00e0 plus de trois semaines que je suis arriv\u00e9e \u00e0 Barstow. Apr\u00e8s la visite du sergent Schwartz, j\u2019ai eu une longue conversation avec Ronnie. Il a fallu que j\u2019insiste beaucoup pour qu\u2019il accepte de &hellip;","og_url":"https:\/\/ellington-photo.com\/ErosWalker\/mortelle-cavale-33\/","og_site_name":"Eros Walker Stories","article_modified_time":"2025-02-12T09:08:31+00:00","og_image":[{"width":1024,"height":1024,"url":"https:\/\/ellington-photo.com\/ErosWalker\/wp-content\/uploads\/2025\/01\/Designer-46.jpeg","type":"image\/jpeg"}],"twitter_card":"summary_large_image","twitter_misc":{"Dur\u00e9e de lecture estim\u00e9e":"8 minutes"},"schema":{"@context":"https:\/\/schema.org","@graph":[{"@type":"WebPage","@id":"https:\/\/ellington-photo.com\/ErosWalker\/mortelle-cavale-33\/","url":"https:\/\/ellington-photo.com\/ErosWalker\/mortelle-cavale-33\/","name":"Mortelle Cavale (33) - Eros Walker Stories","isPartOf":{"@id":"https:\/\/ellington-photo.com\/ErosWalker\/#website"},"primaryImageOfPage":{"@id":"https:\/\/ellington-photo.com\/ErosWalker\/mortelle-cavale-33\/#primaryimage"},"image":{"@id":"https:\/\/ellington-photo.com\/ErosWalker\/mortelle-cavale-33\/#primaryimage"},"thumbnailUrl":"https:\/\/ellington-photo.com\/ErosWalker\/wp-content\/uploads\/2025\/01\/Designer-46.jpeg","datePublished":"2025-01-21T16:19:00+00:00","dateModified":"2025-02-12T09:08:31+00:00","breadcrumb":{"@id":"https:\/\/ellington-photo.com\/ErosWalker\/mortelle-cavale-33\/#breadcrumb"},"inLanguage":"fr-FR","potentialAction":[{"@type":"ReadAction","target":["https:\/\/ellington-photo.com\/ErosWalker\/mortelle-cavale-33\/"]}]},{"@type":"ImageObject","inLanguage":"fr-FR","@id":"https:\/\/ellington-photo.com\/ErosWalker\/mortelle-cavale-33\/#primaryimage","url":"https:\/\/ellington-photo.com\/ErosWalker\/wp-content\/uploads\/2025\/01\/Designer-46.jpeg","contentUrl":"https:\/\/ellington-photo.com\/ErosWalker\/wp-content\/uploads\/2025\/01\/Designer-46.jpeg","width":1024,"height":1024},{"@type":"BreadcrumbList","@id":"https:\/\/ellington-photo.com\/ErosWalker\/mortelle-cavale-33\/#breadcrumb","itemListElement":[{"@type":"ListItem","position":1,"name":"Accueil","item":"https:\/\/ellington-photo.com\/ErosWalker\/"},{"@type":"ListItem","position":2,"name":"Mortelle Cavale (33)"}]},{"@type":"WebSite","@id":"https:\/\/ellington-photo.com\/ErosWalker\/#website","url":"https:\/\/ellington-photo.com\/ErosWalker\/","name":"Eros Walker Stories","description":"Litt\u00e9rature et images","publisher":{"@id":"https:\/\/ellington-photo.com\/ErosWalker\/#organization"},"potentialAction":[{"@type":"SearchAction","target":{"@type":"EntryPoint","urlTemplate":"https:\/\/ellington-photo.com\/ErosWalker\/?s={search_term_string}"},"query-input":{"@type":"PropertyValueSpecification","valueRequired":true,"valueName":"search_term_string"}}],"inLanguage":"fr-FR"},{"@type":"Organization","@id":"https:\/\/ellington-photo.com\/ErosWalker\/#organization","name":"Eros Walker Stories","url":"https:\/\/ellington-photo.com\/ErosWalker\/","logo":{"@type":"ImageObject","inLanguage":"fr-FR","@id":"https:\/\/ellington-photo.com\/ErosWalker\/#\/schema\/logo\/image\/","url":"https:\/\/ellington-photo.com\/ErosWalker\/wp-content\/uploads\/2025\/05\/Chat-Noir.jpg","contentUrl":"https:\/\/ellington-photo.com\/ErosWalker\/wp-content\/uploads\/2025\/05\/Chat-Noir.jpg","width":400,"height":391,"caption":"Eros Walker Stories"},"image":{"@id":"https:\/\/ellington-photo.com\/ErosWalker\/#\/schema\/logo\/image\/"},"sameAs":["https:\/\/www.linkedin.com\/in\/eros-walker-ab710a298\/"]}]}},"_links":{"self":[{"href":"https:\/\/ellington-photo.com\/ErosWalker\/wp-json\/wp\/v2\/pages\/408","targetHints":{"allow":["GET"]}}],"collection":[{"href":"https:\/\/ellington-photo.com\/ErosWalker\/wp-json\/wp\/v2\/pages"}],"about":[{"href":"https:\/\/ellington-photo.com\/ErosWalker\/wp-json\/wp\/v2\/types\/page"}],"author":[{"embeddable":true,"href":"https:\/\/ellington-photo.com\/ErosWalker\/wp-json\/wp\/v2\/users\/1"}],"replies":[{"embeddable":true,"href":"https:\/\/ellington-photo.com\/ErosWalker\/wp-json\/wp\/v2\/comments?post=408"}],"version-history":[{"count":2,"href":"https:\/\/ellington-photo.com\/ErosWalker\/wp-json\/wp\/v2\/pages\/408\/revisions"}],"predecessor-version":[{"id":423,"href":"https:\/\/ellington-photo.com\/ErosWalker\/wp-json\/wp\/v2\/pages\/408\/revisions\/423"}],"wp:featuredmedia":[{"embeddable":true,"href":"https:\/\/ellington-photo.com\/ErosWalker\/wp-json\/wp\/v2\/media\/406"}],"wp:attachment":[{"href":"https:\/\/ellington-photo.com\/ErosWalker\/wp-json\/wp\/v2\/media?parent=408"}],"curies":[{"name":"wp","href":"https:\/\/api.w.org\/{rel}","templated":true}]}}