{"id":400,"date":"2025-01-16T13:23:26","date_gmt":"2025-01-16T12:23:26","guid":{"rendered":"https:\/\/ellington-photo.com\/ErosWalker\/?page_id=400"},"modified":"2025-02-12T10:08:23","modified_gmt":"2025-02-12T09:08:23","slug":"mortelle-cavale-32","status":"publish","type":"page","link":"https:\/\/ellington-photo.com\/ErosWalker\/mortelle-cavale-32\/","title":{"rendered":"Mortelle Cavale (32)"},"content":{"rendered":"\n<p><strong>Passage de t\u00e9moin<\/strong><\/p>\n\n\n\n<p><strong>Kerr-McGee Building, Tulsa Oklahoma<\/strong><\/p>\n\n\n\n<p><strong>Mardi 18 novembre 1980, 11h00<\/strong><\/p>\n\n\n\n<p>L\u2019antenne du FBI \u00e0 Tulsa partage les bureaux d\u2019un immeuble f\u00e9d\u00e9ral au 15th East 5th Street. Le sergent Lobster et l\u2019adjoint Sands y avaient rendez-vous avec l\u2019agent sp\u00e9cial Mark Doherty. Il avait fallu du temps au capitaine Foster et au sh\u00e9rif Langer, les sup\u00e9rieurs des deux officiers pour admettre qu\u2019il fallait passer la main aux f\u00e9d\u00e9raux, mais plus de deux semaines apr\u00e8s la mort du jeune homme, les deux policiers n\u2019avaient pu recueillir aucun \u00e9l\u00e9ment leur permettant de faire progresser leur enqu\u00eate. Les hommes du sh\u00e9rif se pr\u00e9sent\u00e8rent en tenue impeccable et furent accueillis par une r\u00e9ceptionniste qui leur remit des badges d\u2019acc\u00e8s. Aucun d\u2019eux n\u2019avait encore eu affaire \u00e0 la prestigieuse agence. Ils furent impressionn\u00e9s par l\u2019aust\u00e9rit\u00e9 des lieux et l\u2019attitude affair\u00e9e des personnes qui \u00e9voluaient dans le vaste open-space.<\/p>\n\n\n\n<p>Mark Doherty \u00e9tait un homme svelte, \u00e0 l&rsquo;allure sportive, bien qu&rsquo;ayant visiblement atteint la cinquantaine. Il \u00e9tait v\u00eatu d\u2019un costume gris coup\u00e9 avec soin et ses cheveux grisonnants \u00e9taient coup\u00e9s tr\u00e8s court, lui donnait l\u2019air d\u2019un militaire en civil. L\u2019agent fit entrer ses visiteurs dans une petite salle de r\u00e9union et proposa du caf\u00e9. Quand les tasses furent servies, il demanda \u00e0 Lobster et Sands de lui r\u00e9sumer ce qui justifiait leur d\u00e9marche. \u00c9tant le plus grad\u00e9, le sergent prit la parole, mais laissa rapidement son jeune coll\u00e8gue entrer dans les d\u00e9tails.<\/p>\n\n\n\n<p>Un peu intimid\u00e9 au d\u00e9but de son expos\u00e9, Tsali Sands retrouva son assurance \u00e0 mesure qu\u2019il pr\u00e9sentait les \u00e9l\u00e9ments de l\u2019affaire. S\u2019appuyant sur des documents pr\u00e9par\u00e9s pour la circonstance, il d\u00e9buta par le d\u00e9c\u00e8s accidentel du jeune Steve Thomson avant de remonter la chronologie des d\u00e9placements des deux femmes, jusqu\u2019\u00e0 la fuite de Louisiane deux mois plus t\u00f4t et l\u2019incident avec l\u2019adjoint Chance, tel que relat\u00e9 par le sh\u00e9rif Pfeiffer. L\u2019agent Doherty laissa Sands aller jusqu\u2019au bout de son expos\u00e9, prenant de nombreuses notes. Le jeune policier conclut son propos avec une hypoth\u00e8se personnelle, bas\u00e9e sur le t\u00e9moignage de Louis Beckman, l\u2019ami de Thomson. Rebecca Page aurait selon lui \u00e9t\u00e9 surprise que le revolver soit encore op\u00e9rationnel apr\u00e8s avoir tir\u00e9 quatre fois. Pour Sands, la jeune fille savait donc que l\u2019arme avait \u00e9t\u00e9 utilis\u00e9e auparavant.<\/p>\n\n\n\n<p>\u00ab Votre analyse est int\u00e9ressante, d\u00e9clara l\u2019agent sp\u00e9cial, mais elle ne nous dit pas que l\u2019arme a \u00e9t\u00e9 sp\u00e9cifiquement utilis\u00e9e pour commettre un crime. Elle a pu tirer par jeu.<\/p>\n\n\n\n<p>\u2014 Vous avez raison, Monsieur, mais vous admettrez qu\u2019il pourrait \u00eatre pertinent de rechercher sur le trajet de ces deux femmes si d\u2019autres affaires ont mis en \u00e9vidence l\u2019utilisation d\u2019un .38 sp\u00e9cial dans les deux derniers mois. C\u2019est quelque chose que nous ne pouvons pas faire \u00e0 notre niveau.<\/p>\n\n\n\n<p>\u2014 Ne vous inqui\u00e9tez pas, nous avons les moyens de recouper ces informations. Vous avez d\u00e9j\u00e0 r\u00e9uni de pr\u00e9cieuses informations. Je vous f\u00e9licite pour votre t\u00e9nacit\u00e9. Nous allons lancer un mandat d\u2019arr\u00eat f\u00e9d\u00e9ral pour appr\u00e9hender ces deux femmes.<\/p>\n\n\n\n<p>\u2014 Merci, Monsieur. Pensez-vous que nous pourrions \u00eatre tenus au courant de la progression de cette affaire ? demanda Tsali.<\/p>\n\n\n\n<p>\u2014 Nous n\u2019avons pas pour habitude de communiquer sur nos enqu\u00eates, mais vous pouvez sugg\u00e9rer \u00e0 votre capitaine de me t\u00e9l\u00e9phoner d\u2019ici quelques jours, r\u00e9pondit Doherty avec un sourire encourageant. \u00bb<\/p>\n\n\n\n<p>De retour dans la voiture, les deux hommes rest\u00e8rent un moment sans parler puis Tsali demanda \u00e0 son co\u00e9quipier :<\/p>\n\n\n\n<p>\u00ab Tu crois que j\u2019ai eu tort avec ma question ?<\/p>\n\n\n\n<p>\u2014 Tu as bien fait de montrer ton int\u00e9r\u00eat, mais ne te fais pas trop d\u2019illusions, ces gars-l\u00e0 n\u2019ont pas beaucoup de consid\u00e9ration pour des bouseux comme nous ! \u00bb<\/p>\n\n\n\n<p><\/p>\n\n\n\n<p><a href=\"https:\/\/ellington-photo.com\/ErosWalker\/mortelle-cavale-33\/\">Continuer la lecture : https:\/\/ellington-photo.com\/ErosWalker\/mortelle-cavale-3<\/a>3<a href=\"https:\/\/ellington-photo.com\/ErosWalker\/mortelle-cavale-32\/\">\/<\/a><\/p>\n\n\n\n<p><\/p>\n","protected":false},"excerpt":{"rendered":"<p>Passage de t\u00e9moin Kerr-McGee Building, Tulsa Oklahoma Mardi 18 novembre 1980, 11h00 L\u2019antenne du FBI \u00e0 Tulsa partage les bureaux d\u2019un immeuble f\u00e9d\u00e9ral au 15th East 5th Street. Le sergent Lobster et l\u2019adjoint Sands y avaient rendez-vous avec l\u2019agent sp\u00e9cial Mark Doherty. Il avait fallu &hellip; <\/p>\n","protected":false},"author":1,"featured_media":407,"parent":0,"menu_order":0,"comment_status":"closed","ping_status":"closed","template":"","meta":{"footnotes":""},"class_list":["post-400","page","type-page","status-publish","has-post-thumbnail","hentry"],"yoast_head":"<!-- This site is optimized with the Yoast SEO plugin v27.4 - https:\/\/yoast.com\/product\/yoast-seo-wordpress\/ -->\n<title>Mortelle Cavale (32) - Eros Walker Stories<\/title>\n<meta name=\"robots\" content=\"index, follow, max-snippet:-1, max-image-preview:large, max-video-preview:-1\" \/>\n<link rel=\"canonical\" href=\"https:\/\/ellington-photo.com\/ErosWalker\/mortelle-cavale-32\/\" \/>\n<meta property=\"og:locale\" content=\"fr_FR\" \/>\n<meta property=\"og:type\" content=\"article\" \/>\n<meta property=\"og:title\" content=\"Mortelle Cavale (32) - Eros Walker Stories\" \/>\n<meta property=\"og:description\" content=\"Passage de t\u00e9moin Kerr-McGee Building, Tulsa Oklahoma Mardi 18 novembre 1980, 11h00 L\u2019antenne du FBI \u00e0 Tulsa partage les bureaux d\u2019un immeuble f\u00e9d\u00e9ral au 15th East 5th Street. Le sergent Lobster et l\u2019adjoint Sands y avaient rendez-vous avec l\u2019agent sp\u00e9cial Mark Doherty. Il avait fallu &hellip;\" \/>\n<meta property=\"og:url\" content=\"https:\/\/ellington-photo.com\/ErosWalker\/mortelle-cavale-32\/\" \/>\n<meta property=\"og:site_name\" content=\"Eros Walker Stories\" \/>\n<meta property=\"article:modified_time\" content=\"2025-02-12T09:08:23+00:00\" \/>\n<meta property=\"og:image\" content=\"https:\/\/ellington-photo.com\/ErosWalker\/wp-content\/uploads\/2025\/01\/Designer-45.jpeg\" \/>\n\t<meta property=\"og:image:width\" content=\"1024\" \/>\n\t<meta property=\"og:image:height\" content=\"1024\" \/>\n\t<meta property=\"og:image:type\" content=\"image\/jpeg\" \/>\n<meta name=\"twitter:card\" content=\"summary_large_image\" \/>\n<meta name=\"twitter:label1\" content=\"Dur\u00e9e de lecture estim\u00e9e\" \/>\n\t<meta name=\"twitter:data1\" content=\"3 minutes\" \/>\n<script type=\"application\/ld+json\" class=\"yoast-schema-graph\">{\"@context\":\"https:\\\/\\\/schema.org\",\"@graph\":[{\"@type\":\"WebPage\",\"@id\":\"https:\\\/\\\/ellington-photo.com\\\/ErosWalker\\\/mortelle-cavale-32\\\/\",\"url\":\"https:\\\/\\\/ellington-photo.com\\\/ErosWalker\\\/mortelle-cavale-32\\\/\",\"name\":\"Mortelle Cavale (32) - Eros Walker Stories\",\"isPartOf\":{\"@id\":\"https:\\\/\\\/ellington-photo.com\\\/ErosWalker\\\/#website\"},\"primaryImageOfPage\":{\"@id\":\"https:\\\/\\\/ellington-photo.com\\\/ErosWalker\\\/mortelle-cavale-32\\\/#primaryimage\"},\"image\":{\"@id\":\"https:\\\/\\\/ellington-photo.com\\\/ErosWalker\\\/mortelle-cavale-32\\\/#primaryimage\"},\"thumbnailUrl\":\"https:\\\/\\\/ellington-photo.com\\\/ErosWalker\\\/wp-content\\\/uploads\\\/2025\\\/01\\\/Designer-45.jpeg\",\"datePublished\":\"2025-01-16T12:23:26+00:00\",\"dateModified\":\"2025-02-12T09:08:23+00:00\",\"breadcrumb\":{\"@id\":\"https:\\\/\\\/ellington-photo.com\\\/ErosWalker\\\/mortelle-cavale-32\\\/#breadcrumb\"},\"inLanguage\":\"fr-FR\",\"potentialAction\":[{\"@type\":\"ReadAction\",\"target\":[\"https:\\\/\\\/ellington-photo.com\\\/ErosWalker\\\/mortelle-cavale-32\\\/\"]}]},{\"@type\":\"ImageObject\",\"inLanguage\":\"fr-FR\",\"@id\":\"https:\\\/\\\/ellington-photo.com\\\/ErosWalker\\\/mortelle-cavale-32\\\/#primaryimage\",\"url\":\"https:\\\/\\\/ellington-photo.com\\\/ErosWalker\\\/wp-content\\\/uploads\\\/2025\\\/01\\\/Designer-45.jpeg\",\"contentUrl\":\"https:\\\/\\\/ellington-photo.com\\\/ErosWalker\\\/wp-content\\\/uploads\\\/2025\\\/01\\\/Designer-45.jpeg\",\"width\":1024,\"height\":1024},{\"@type\":\"BreadcrumbList\",\"@id\":\"https:\\\/\\\/ellington-photo.com\\\/ErosWalker\\\/mortelle-cavale-32\\\/#breadcrumb\",\"itemListElement\":[{\"@type\":\"ListItem\",\"position\":1,\"name\":\"Accueil\",\"item\":\"https:\\\/\\\/ellington-photo.com\\\/ErosWalker\\\/\"},{\"@type\":\"ListItem\",\"position\":2,\"name\":\"Mortelle Cavale (32)\"}]},{\"@type\":\"WebSite\",\"@id\":\"https:\\\/\\\/ellington-photo.com\\\/ErosWalker\\\/#website\",\"url\":\"https:\\\/\\\/ellington-photo.com\\\/ErosWalker\\\/\",\"name\":\"Eros Walker Stories\",\"description\":\"Litt\u00e9rature et images\",\"publisher\":{\"@id\":\"https:\\\/\\\/ellington-photo.com\\\/ErosWalker\\\/#organization\"},\"potentialAction\":[{\"@type\":\"SearchAction\",\"target\":{\"@type\":\"EntryPoint\",\"urlTemplate\":\"https:\\\/\\\/ellington-photo.com\\\/ErosWalker\\\/?s={search_term_string}\"},\"query-input\":{\"@type\":\"PropertyValueSpecification\",\"valueRequired\":true,\"valueName\":\"search_term_string\"}}],\"inLanguage\":\"fr-FR\"},{\"@type\":\"Organization\",\"@id\":\"https:\\\/\\\/ellington-photo.com\\\/ErosWalker\\\/#organization\",\"name\":\"Eros Walker Stories\",\"url\":\"https:\\\/\\\/ellington-photo.com\\\/ErosWalker\\\/\",\"logo\":{\"@type\":\"ImageObject\",\"inLanguage\":\"fr-FR\",\"@id\":\"https:\\\/\\\/ellington-photo.com\\\/ErosWalker\\\/#\\\/schema\\\/logo\\\/image\\\/\",\"url\":\"https:\\\/\\\/ellington-photo.com\\\/ErosWalker\\\/wp-content\\\/uploads\\\/2025\\\/05\\\/Chat-Noir.jpg\",\"contentUrl\":\"https:\\\/\\\/ellington-photo.com\\\/ErosWalker\\\/wp-content\\\/uploads\\\/2025\\\/05\\\/Chat-Noir.jpg\",\"width\":400,\"height\":391,\"caption\":\"Eros Walker Stories\"},\"image\":{\"@id\":\"https:\\\/\\\/ellington-photo.com\\\/ErosWalker\\\/#\\\/schema\\\/logo\\\/image\\\/\"},\"sameAs\":[\"https:\\\/\\\/www.linkedin.com\\\/in\\\/eros-walker-ab710a298\\\/\"]}]}<\/script>\n<!-- \/ Yoast SEO plugin. -->","yoast_head_json":{"title":"Mortelle Cavale (32) - Eros Walker Stories","robots":{"index":"index","follow":"follow","max-snippet":"max-snippet:-1","max-image-preview":"max-image-preview:large","max-video-preview":"max-video-preview:-1"},"canonical":"https:\/\/ellington-photo.com\/ErosWalker\/mortelle-cavale-32\/","og_locale":"fr_FR","og_type":"article","og_title":"Mortelle Cavale (32) - Eros Walker Stories","og_description":"Passage de t\u00e9moin Kerr-McGee Building, Tulsa Oklahoma Mardi 18 novembre 1980, 11h00 L\u2019antenne du FBI \u00e0 Tulsa partage les bureaux d\u2019un immeuble f\u00e9d\u00e9ral au 15th East 5th Street. Le sergent Lobster et l\u2019adjoint Sands y avaient rendez-vous avec l\u2019agent sp\u00e9cial Mark Doherty. Il avait fallu &hellip;","og_url":"https:\/\/ellington-photo.com\/ErosWalker\/mortelle-cavale-32\/","og_site_name":"Eros Walker Stories","article_modified_time":"2025-02-12T09:08:23+00:00","og_image":[{"width":1024,"height":1024,"url":"https:\/\/ellington-photo.com\/ErosWalker\/wp-content\/uploads\/2025\/01\/Designer-45.jpeg","type":"image\/jpeg"}],"twitter_card":"summary_large_image","twitter_misc":{"Dur\u00e9e de lecture estim\u00e9e":"3 minutes"},"schema":{"@context":"https:\/\/schema.org","@graph":[{"@type":"WebPage","@id":"https:\/\/ellington-photo.com\/ErosWalker\/mortelle-cavale-32\/","url":"https:\/\/ellington-photo.com\/ErosWalker\/mortelle-cavale-32\/","name":"Mortelle Cavale (32) - Eros Walker Stories","isPartOf":{"@id":"https:\/\/ellington-photo.com\/ErosWalker\/#website"},"primaryImageOfPage":{"@id":"https:\/\/ellington-photo.com\/ErosWalker\/mortelle-cavale-32\/#primaryimage"},"image":{"@id":"https:\/\/ellington-photo.com\/ErosWalker\/mortelle-cavale-32\/#primaryimage"},"thumbnailUrl":"https:\/\/ellington-photo.com\/ErosWalker\/wp-content\/uploads\/2025\/01\/Designer-45.jpeg","datePublished":"2025-01-16T12:23:26+00:00","dateModified":"2025-02-12T09:08:23+00:00","breadcrumb":{"@id":"https:\/\/ellington-photo.com\/ErosWalker\/mortelle-cavale-32\/#breadcrumb"},"inLanguage":"fr-FR","potentialAction":[{"@type":"ReadAction","target":["https:\/\/ellington-photo.com\/ErosWalker\/mortelle-cavale-32\/"]}]},{"@type":"ImageObject","inLanguage":"fr-FR","@id":"https:\/\/ellington-photo.com\/ErosWalker\/mortelle-cavale-32\/#primaryimage","url":"https:\/\/ellington-photo.com\/ErosWalker\/wp-content\/uploads\/2025\/01\/Designer-45.jpeg","contentUrl":"https:\/\/ellington-photo.com\/ErosWalker\/wp-content\/uploads\/2025\/01\/Designer-45.jpeg","width":1024,"height":1024},{"@type":"BreadcrumbList","@id":"https:\/\/ellington-photo.com\/ErosWalker\/mortelle-cavale-32\/#breadcrumb","itemListElement":[{"@type":"ListItem","position":1,"name":"Accueil","item":"https:\/\/ellington-photo.com\/ErosWalker\/"},{"@type":"ListItem","position":2,"name":"Mortelle Cavale (32)"}]},{"@type":"WebSite","@id":"https:\/\/ellington-photo.com\/ErosWalker\/#website","url":"https:\/\/ellington-photo.com\/ErosWalker\/","name":"Eros Walker Stories","description":"Litt\u00e9rature et images","publisher":{"@id":"https:\/\/ellington-photo.com\/ErosWalker\/#organization"},"potentialAction":[{"@type":"SearchAction","target":{"@type":"EntryPoint","urlTemplate":"https:\/\/ellington-photo.com\/ErosWalker\/?s={search_term_string}"},"query-input":{"@type":"PropertyValueSpecification","valueRequired":true,"valueName":"search_term_string"}}],"inLanguage":"fr-FR"},{"@type":"Organization","@id":"https:\/\/ellington-photo.com\/ErosWalker\/#organization","name":"Eros Walker Stories","url":"https:\/\/ellington-photo.com\/ErosWalker\/","logo":{"@type":"ImageObject","inLanguage":"fr-FR","@id":"https:\/\/ellington-photo.com\/ErosWalker\/#\/schema\/logo\/image\/","url":"https:\/\/ellington-photo.com\/ErosWalker\/wp-content\/uploads\/2025\/05\/Chat-Noir.jpg","contentUrl":"https:\/\/ellington-photo.com\/ErosWalker\/wp-content\/uploads\/2025\/05\/Chat-Noir.jpg","width":400,"height":391,"caption":"Eros Walker Stories"},"image":{"@id":"https:\/\/ellington-photo.com\/ErosWalker\/#\/schema\/logo\/image\/"},"sameAs":["https:\/\/www.linkedin.com\/in\/eros-walker-ab710a298\/"]}]}},"_links":{"self":[{"href":"https:\/\/ellington-photo.com\/ErosWalker\/wp-json\/wp\/v2\/pages\/400","targetHints":{"allow":["GET"]}}],"collection":[{"href":"https:\/\/ellington-photo.com\/ErosWalker\/wp-json\/wp\/v2\/pages"}],"about":[{"href":"https:\/\/ellington-photo.com\/ErosWalker\/wp-json\/wp\/v2\/types\/page"}],"author":[{"embeddable":true,"href":"https:\/\/ellington-photo.com\/ErosWalker\/wp-json\/wp\/v2\/users\/1"}],"replies":[{"embeddable":true,"href":"https:\/\/ellington-photo.com\/ErosWalker\/wp-json\/wp\/v2\/comments?post=400"}],"version-history":[{"count":3,"href":"https:\/\/ellington-photo.com\/ErosWalker\/wp-json\/wp\/v2\/pages\/400\/revisions"}],"predecessor-version":[{"id":421,"href":"https:\/\/ellington-photo.com\/ErosWalker\/wp-json\/wp\/v2\/pages\/400\/revisions\/421"}],"wp:featuredmedia":[{"embeddable":true,"href":"https:\/\/ellington-photo.com\/ErosWalker\/wp-json\/wp\/v2\/media\/407"}],"wp:attachment":[{"href":"https:\/\/ellington-photo.com\/ErosWalker\/wp-json\/wp\/v2\/media?parent=400"}],"curies":[{"name":"wp","href":"https:\/\/api.w.org\/{rel}","templated":true}]}}