{"id":395,"date":"2025-01-14T18:08:17","date_gmt":"2025-01-14T17:08:17","guid":{"rendered":"https:\/\/ellington-photo.com\/ErosWalker\/?page_id=395"},"modified":"2025-01-16T13:24:06","modified_gmt":"2025-01-16T12:24:06","slug":"mortelle-cavale-31","status":"publish","type":"page","link":"https:\/\/ellington-photo.com\/ErosWalker\/mortelle-cavale-31\/","title":{"rendered":"Mortelle Cavale (31)"},"content":{"rendered":"\n<p><strong>Explication<\/strong><\/p>\n\n\n\n<p><strong>Topeka, Kansas<\/strong><\/p>\n\n\n\n<p><strong>Dimanche 16 novembre 1980, 14h00<\/strong><\/p>\n\n\n\n<p>Je me r\u00e9veille patraque ce dimanche matin. J\u2019ai eu du mal \u00e0 m\u2019endormir, je pensais \u00e0 ce que m\u2019avait dit le flic un peu plus t\u00f4t. Je n\u2019arrivais pas \u00e0 d\u00e9cider. Une voix en moi me disait de partir seule, d\u2019abandonner Becky \u00e0 ses d\u00e9mons, de lui laisser ce flingue, cause de tous nos probl\u00e8mes. Je n\u2019avais que trente-cinq ans, il \u00e9tait encore temps de red\u00e9marrer une nouvelle vie, dans un coin o\u00f9 personne ne me connaitrait, en Californie par exemple. Je commen\u00e7ais \u00e0 \u00e9laborer un sc\u00e9nario lorsque un autre son se fit entendre dans ma t\u00eate, ma conscience sans doute, qui me disait que je ne pouvais pas laisser la jeune fille derri\u00e8re moi, c\u2019\u00e9tait la condamner \u00e0 coup s\u00fbr \u00e0 sombrer dans la prostitution sordide, cam\u00e9e et soumise \u00e0 un type qui abuserait d\u2019elle jusqu\u2019au bout. \u00c0 minuit, je n\u2019avais pas trouv\u00e9 le sommeil. Je me suis relev\u00e9e et je suis descendue dans la boutique. J\u2019ai pris une bouteille de bourbon et je suis remont\u00e9e. J\u2019ai bu plusieurs verres et j\u2019ai fini par m\u2019assoupir sur le canap\u00e9.<\/p>\n\n\n\n<p>Je prends deux Tylenol pour faire passer le mal de t\u00eate. Il me faut ouvrir les pompes et la boutique. La station est toujours assez fr\u00e9quent\u00e9e le dimanche matin, ce sont surtout des familles qui viennent en ville pour l\u2019office, j\u2019ai m\u00eame eu une remarque un jour, d\u2019une femme qui m\u2019a demand\u00e9 quelle \u00e9glise je fr\u00e9quentais. Je lui ai gentiment expliqu\u00e9 que si j\u2019\u00e9tais moi aussi \u00e0 l\u2019\u00e9glise, il n\u2019y aurait personne pour lui permettre de prendre de l\u2019essence !<\/p>\n\n\n\n<p>J\u2019aurais pu lui dire que j\u2019avais \u00e9t\u00e9 \u00e9lev\u00e9e dans la religion catholique, mais j\u2019ai pr\u00e9f\u00e9r\u00e9 \u00e9luder la question. De toute fa\u00e7on, je crains de ne plus trop croire en Dieu depuis quelques ann\u00e9es. J\u2019ai presque toujours travaill\u00e9 le dimanche et \u00e7a fait bien longtemps que je n\u2019ai pas mis les pieds dans une \u00e9glise. Je pense que \u00e7a ne fait pas de moi une mauvaise personne. Je me souviens quand m\u00eame de mes le\u00e7ons de cat\u00e9chisme. Le cur\u00e9 nous disait qu\u2019il fallait aimer son prochain comme soi-m\u00eame. J\u2019ai mis un peu de temps \u00e0 comprendre ce que cette phrase voulait dire. Aujourd\u2019hui, je crois que \u00e7a signifie qu\u2019il faut que j\u2019aide Becky une fois de plus.<\/p>\n\n\n\n<p>Je ferme la boutique \u00e0 midi et je monte dans notre logement pour me pr\u00e9parer un plat simple. Je suis le plus souvent seule pour les repas, \u00e7a ne me d\u00e9range pas, de toute fa\u00e7on, je n\u2019ai jamais \u00e9t\u00e9 une grande cuisini\u00e8re. Becky n\u2019a toujours pas donn\u00e9 signe de vie.<\/p>\n\n\n\n<p>Je m\u2019allonge sur le canap\u00e9, la t\u00e9l\u00e9vision allum\u00e9e en bruit de fond. Je crois bien que je commence \u00e0 somnoler quand j\u2019entends le bruit d\u2019une voiture sous la fen\u00eatre. Le temps que je me l\u00e8ve, je ne vois que l\u2019arri\u00e8re d\u2019une Camaro jaune qui file dans un nuage de poussi\u00e8re. Becky entre tout de suite apr\u00e8s. Elle laisse tomber son sac pr\u00e8s de la porte et file dans sa chambre sans dire un mot. Je regarde l\u2019heure, il est un peu plus de deux heures. Becky r\u00e9apparait deux minutes plus tard, en sous-v\u00eatements, pour se diriger vers la salle de bain.<\/p>\n\n\n\n<p>\u00ab Becky, il faut qu\u2019on parle\u2026 \u00bb<\/p>\n\n\n\n<p>Je n\u2019ai pas le temps d\u2019en dire plus. Elle a d\u00e9j\u00e0 referm\u00e9 la porte. Elle ressort quinze minutes plus tard, juste v\u00eatue d\u2019une serviette autour de la taille, une autre autour de ses cheveux.<\/p>\n\n\n\n<p>\u00ab Becky, c\u2019est important ! dis-je.<\/p>\n\n\n\n<p>\u2014 \u00c7a peut attendre que je sois habill\u00e9e, non ? \u00bb<\/p>\n\n\n\n<p>Je patiente encore un moment avant qu\u2019elle se d\u00e9cide \u00e0 r\u00e9appara\u00eetre.<\/p>\n\n\n\n<p>\u00ab Qu\u2019est-ce qu\u2019il y a encore de si urgent ? me demande-t-elle sur un ton agressif. \u00bb<\/p>\n\n\n\n<p>Je m\u2019efforce de garder mon calme, je ne veux pas entrer dans une confrontation avec elle. Je lui parle de la visite que j\u2019ai eu la veille. Je lui demande si elle a d\u00e9j\u00e0 eu affaire au sergent Schwarz. Je crois d\u00e9tecter un moment d\u2019h\u00e9sitation, mais elle me r\u00e9pond avec aplomb.<\/p>\n\n\n\n<p>\u00ab J\u2019ai jamais entendu parler de ce flic. Qu\u2019est-ce qu\u2019il me veut ? Je n\u2019ai rien fait de mal ici. \u00bb<\/p>\n\n\n\n<p>Et voil\u00e0, c\u2019est bien ce que j\u2019avais imagin\u00e9. Cette gamine n\u2019a aucune conscience de ce qui est l\u00e9gal ou non. Et je ne parle m\u00eame pas de bien ou de mal.<\/p>\n\n\n\n<p>\u00ab Tu sais que se faire payer pour coucher avec des hommes, \u00e7a s\u2019appelle de la prostitution.<\/p>\n\n\n\n<p>\u2014 Je ne suis pas une pute ! Je ne traine pas sur le trottoir. Je sors avec des amis, et ils me font des cadeaux, ce n\u2019est pas interdit !<\/p>\n\n\n\n<p>\u2014 Malheureusement, tout le monde ne voit pas les choses comme \u00e7a.<\/p>\n\n\n\n<p>\u2014 C\u2019est des gros hypocrites, ils trompent leurs femmes et ils trouvent \u00e7a normal, je pourrais te donner quelques noms\u2026<\/p>\n\n\n\n<p>\u2014 Non, surtout pas, je ne veux pas \u00eatre impliqu\u00e9e l\u00e0-dedans. R\u00e9fl\u00e9chis, si tu continues ces pratiques ici, au mieux, tu te retrouveras en prison et\u2026<\/p>\n\n\n\n<p>\u2014 Et quoi ? J\u2019ai d\u00e9j\u00e0 fui un type qui voulait que je tapine pour lui et j\u2019ai tir\u00e9 sur un autre derri\u00e8re un bar. Je sais me d\u00e9fendre.<\/p>\n\n\n\n<p>\u2014 Justement, si tu te fais arr\u00eater, tout \u00e7a risque de remonter \u00e0 la surface et tu finiras ta vie dans un p\u00e9nitencier.<\/p>\n\n\n\n<p>\u2014 Pour ce qu\u2019elle vaut, ma vie\u2026<\/p>\n\n\n\n<p>\u2014 Tu ne crois pas qu\u2019on pourrait essayer de repartir sur d\u2019autres bases ? Ailleurs, loin d\u2019ici ? Moi, j\u2019aimerais bien aller en Californie.<\/p>\n\n\n\n<p>\u2014 La Californie, c\u2019est s\u00fbr, \u00e7a doit \u00eatre cool, mais c\u2019est loin !<\/p>\n\n\n\n<p>\u2014 C\u2019est vrai, on est juste au milieu des \u00c9tats-Unis, \u00e7a fait quelques jours de voyage, mais on n\u2019est pas press\u00e9es.<\/p>\n\n\n\n<p>\u2014 On n\u2019a m\u00eame plus de voiture !<\/p>\n\n\n\n<p>\u2014 On a quelques \u00e9conomies pour en racheter une ou bien on peut prendre le train !<\/p>\n\n\n\n<p>\u2014 J\u2019ai jamais pris le train ! Je suis crev\u00e9e, on peut en reparler plus tard ? L\u00e0, il faut que j\u2019aille dormir. \u00bb<\/p>\n\n\n\n<p>Et elle me plante au beau milieu de la conversation.<\/p>\n\n\n\n<p><\/p>\n\n\n\n<p>Continuer la lecture : <a href=\"https:\/\/ellington-photo.com\/ErosWalker\/mortelle-cavale-32\/\">https:\/\/ellington-photo.com\/ErosWalker\/mortelle-cavale-3<\/a>2<a href=\"https:\/\/ellington-photo.com\/ErosWalker\/mortelle-cavale-32\/\">\/<\/a><\/p>\n","protected":false},"excerpt":{"rendered":"<p>Explication Topeka, Kansas Dimanche 16 novembre 1980, 14h00 Je me r\u00e9veille patraque ce dimanche matin. J\u2019ai eu du mal \u00e0 m\u2019endormir, je pensais \u00e0 ce que m\u2019avait dit le flic un peu plus t\u00f4t. Je n\u2019arrivais pas \u00e0 d\u00e9cider. Une voix en moi me disait &hellip; <\/p>\n","protected":false},"author":1,"featured_media":398,"parent":0,"menu_order":0,"comment_status":"closed","ping_status":"closed","template":"","meta":{"footnotes":""},"class_list":["post-395","page","type-page","status-publish","has-post-thumbnail","hentry"],"yoast_head":"<!-- This site is optimized with the Yoast SEO plugin v27.4 - https:\/\/yoast.com\/product\/yoast-seo-wordpress\/ -->\n<title>Mortelle Cavale (31) - Eros Walker Stories<\/title>\n<meta name=\"robots\" content=\"index, follow, max-snippet:-1, max-image-preview:large, max-video-preview:-1\" \/>\n<link rel=\"canonical\" href=\"https:\/\/ellington-photo.com\/ErosWalker\/mortelle-cavale-31\/\" \/>\n<meta property=\"og:locale\" content=\"fr_FR\" \/>\n<meta property=\"og:type\" content=\"article\" \/>\n<meta property=\"og:title\" content=\"Mortelle Cavale (31) - Eros Walker Stories\" \/>\n<meta property=\"og:description\" content=\"Explication Topeka, Kansas Dimanche 16 novembre 1980, 14h00 Je me r\u00e9veille patraque ce dimanche matin. J\u2019ai eu du mal \u00e0 m\u2019endormir, je pensais \u00e0 ce que m\u2019avait dit le flic un peu plus t\u00f4t. Je n\u2019arrivais pas \u00e0 d\u00e9cider. Une voix en moi me disait &hellip;\" \/>\n<meta property=\"og:url\" content=\"https:\/\/ellington-photo.com\/ErosWalker\/mortelle-cavale-31\/\" \/>\n<meta property=\"og:site_name\" content=\"Eros Walker Stories\" \/>\n<meta property=\"article:modified_time\" content=\"2025-01-16T12:24:06+00:00\" \/>\n<meta property=\"og:image\" content=\"https:\/\/ellington-photo.com\/ErosWalker\/wp-content\/uploads\/2025\/01\/Designer-44.jpeg\" \/>\n\t<meta property=\"og:image:width\" content=\"1024\" \/>\n\t<meta property=\"og:image:height\" content=\"1024\" \/>\n\t<meta property=\"og:image:type\" content=\"image\/jpeg\" \/>\n<meta name=\"twitter:card\" content=\"summary_large_image\" \/>\n<meta name=\"twitter:label1\" content=\"Dur\u00e9e de lecture estim\u00e9e\" \/>\n\t<meta name=\"twitter:data1\" content=\"6 minutes\" \/>\n<script type=\"application\/ld+json\" class=\"yoast-schema-graph\">{\"@context\":\"https:\\\/\\\/schema.org\",\"@graph\":[{\"@type\":\"WebPage\",\"@id\":\"https:\\\/\\\/ellington-photo.com\\\/ErosWalker\\\/mortelle-cavale-31\\\/\",\"url\":\"https:\\\/\\\/ellington-photo.com\\\/ErosWalker\\\/mortelle-cavale-31\\\/\",\"name\":\"Mortelle Cavale (31) - Eros Walker Stories\",\"isPartOf\":{\"@id\":\"https:\\\/\\\/ellington-photo.com\\\/ErosWalker\\\/#website\"},\"primaryImageOfPage\":{\"@id\":\"https:\\\/\\\/ellington-photo.com\\\/ErosWalker\\\/mortelle-cavale-31\\\/#primaryimage\"},\"image\":{\"@id\":\"https:\\\/\\\/ellington-photo.com\\\/ErosWalker\\\/mortelle-cavale-31\\\/#primaryimage\"},\"thumbnailUrl\":\"https:\\\/\\\/ellington-photo.com\\\/ErosWalker\\\/wp-content\\\/uploads\\\/2025\\\/01\\\/Designer-44.jpeg\",\"datePublished\":\"2025-01-14T17:08:17+00:00\",\"dateModified\":\"2025-01-16T12:24:06+00:00\",\"breadcrumb\":{\"@id\":\"https:\\\/\\\/ellington-photo.com\\\/ErosWalker\\\/mortelle-cavale-31\\\/#breadcrumb\"},\"inLanguage\":\"fr-FR\",\"potentialAction\":[{\"@type\":\"ReadAction\",\"target\":[\"https:\\\/\\\/ellington-photo.com\\\/ErosWalker\\\/mortelle-cavale-31\\\/\"]}]},{\"@type\":\"ImageObject\",\"inLanguage\":\"fr-FR\",\"@id\":\"https:\\\/\\\/ellington-photo.com\\\/ErosWalker\\\/mortelle-cavale-31\\\/#primaryimage\",\"url\":\"https:\\\/\\\/ellington-photo.com\\\/ErosWalker\\\/wp-content\\\/uploads\\\/2025\\\/01\\\/Designer-44.jpeg\",\"contentUrl\":\"https:\\\/\\\/ellington-photo.com\\\/ErosWalker\\\/wp-content\\\/uploads\\\/2025\\\/01\\\/Designer-44.jpeg\",\"width\":1024,\"height\":1024},{\"@type\":\"BreadcrumbList\",\"@id\":\"https:\\\/\\\/ellington-photo.com\\\/ErosWalker\\\/mortelle-cavale-31\\\/#breadcrumb\",\"itemListElement\":[{\"@type\":\"ListItem\",\"position\":1,\"name\":\"Accueil\",\"item\":\"https:\\\/\\\/ellington-photo.com\\\/ErosWalker\\\/\"},{\"@type\":\"ListItem\",\"position\":2,\"name\":\"Mortelle Cavale (31)\"}]},{\"@type\":\"WebSite\",\"@id\":\"https:\\\/\\\/ellington-photo.com\\\/ErosWalker\\\/#website\",\"url\":\"https:\\\/\\\/ellington-photo.com\\\/ErosWalker\\\/\",\"name\":\"Eros Walker Stories\",\"description\":\"Litt\u00e9rature et images\",\"publisher\":{\"@id\":\"https:\\\/\\\/ellington-photo.com\\\/ErosWalker\\\/#organization\"},\"potentialAction\":[{\"@type\":\"SearchAction\",\"target\":{\"@type\":\"EntryPoint\",\"urlTemplate\":\"https:\\\/\\\/ellington-photo.com\\\/ErosWalker\\\/?s={search_term_string}\"},\"query-input\":{\"@type\":\"PropertyValueSpecification\",\"valueRequired\":true,\"valueName\":\"search_term_string\"}}],\"inLanguage\":\"fr-FR\"},{\"@type\":\"Organization\",\"@id\":\"https:\\\/\\\/ellington-photo.com\\\/ErosWalker\\\/#organization\",\"name\":\"Eros Walker Stories\",\"url\":\"https:\\\/\\\/ellington-photo.com\\\/ErosWalker\\\/\",\"logo\":{\"@type\":\"ImageObject\",\"inLanguage\":\"fr-FR\",\"@id\":\"https:\\\/\\\/ellington-photo.com\\\/ErosWalker\\\/#\\\/schema\\\/logo\\\/image\\\/\",\"url\":\"https:\\\/\\\/ellington-photo.com\\\/ErosWalker\\\/wp-content\\\/uploads\\\/2025\\\/05\\\/Chat-Noir.jpg\",\"contentUrl\":\"https:\\\/\\\/ellington-photo.com\\\/ErosWalker\\\/wp-content\\\/uploads\\\/2025\\\/05\\\/Chat-Noir.jpg\",\"width\":400,\"height\":391,\"caption\":\"Eros Walker Stories\"},\"image\":{\"@id\":\"https:\\\/\\\/ellington-photo.com\\\/ErosWalker\\\/#\\\/schema\\\/logo\\\/image\\\/\"},\"sameAs\":[\"https:\\\/\\\/www.linkedin.com\\\/in\\\/eros-walker-ab710a298\\\/\"]}]}<\/script>\n<!-- \/ Yoast SEO plugin. -->","yoast_head_json":{"title":"Mortelle Cavale (31) - Eros Walker Stories","robots":{"index":"index","follow":"follow","max-snippet":"max-snippet:-1","max-image-preview":"max-image-preview:large","max-video-preview":"max-video-preview:-1"},"canonical":"https:\/\/ellington-photo.com\/ErosWalker\/mortelle-cavale-31\/","og_locale":"fr_FR","og_type":"article","og_title":"Mortelle Cavale (31) - Eros Walker Stories","og_description":"Explication Topeka, Kansas Dimanche 16 novembre 1980, 14h00 Je me r\u00e9veille patraque ce dimanche matin. J\u2019ai eu du mal \u00e0 m\u2019endormir, je pensais \u00e0 ce que m\u2019avait dit le flic un peu plus t\u00f4t. Je n\u2019arrivais pas \u00e0 d\u00e9cider. Une voix en moi me disait &hellip;","og_url":"https:\/\/ellington-photo.com\/ErosWalker\/mortelle-cavale-31\/","og_site_name":"Eros Walker Stories","article_modified_time":"2025-01-16T12:24:06+00:00","og_image":[{"width":1024,"height":1024,"url":"https:\/\/ellington-photo.com\/ErosWalker\/wp-content\/uploads\/2025\/01\/Designer-44.jpeg","type":"image\/jpeg"}],"twitter_card":"summary_large_image","twitter_misc":{"Dur\u00e9e de lecture estim\u00e9e":"6 minutes"},"schema":{"@context":"https:\/\/schema.org","@graph":[{"@type":"WebPage","@id":"https:\/\/ellington-photo.com\/ErosWalker\/mortelle-cavale-31\/","url":"https:\/\/ellington-photo.com\/ErosWalker\/mortelle-cavale-31\/","name":"Mortelle Cavale (31) - Eros Walker Stories","isPartOf":{"@id":"https:\/\/ellington-photo.com\/ErosWalker\/#website"},"primaryImageOfPage":{"@id":"https:\/\/ellington-photo.com\/ErosWalker\/mortelle-cavale-31\/#primaryimage"},"image":{"@id":"https:\/\/ellington-photo.com\/ErosWalker\/mortelle-cavale-31\/#primaryimage"},"thumbnailUrl":"https:\/\/ellington-photo.com\/ErosWalker\/wp-content\/uploads\/2025\/01\/Designer-44.jpeg","datePublished":"2025-01-14T17:08:17+00:00","dateModified":"2025-01-16T12:24:06+00:00","breadcrumb":{"@id":"https:\/\/ellington-photo.com\/ErosWalker\/mortelle-cavale-31\/#breadcrumb"},"inLanguage":"fr-FR","potentialAction":[{"@type":"ReadAction","target":["https:\/\/ellington-photo.com\/ErosWalker\/mortelle-cavale-31\/"]}]},{"@type":"ImageObject","inLanguage":"fr-FR","@id":"https:\/\/ellington-photo.com\/ErosWalker\/mortelle-cavale-31\/#primaryimage","url":"https:\/\/ellington-photo.com\/ErosWalker\/wp-content\/uploads\/2025\/01\/Designer-44.jpeg","contentUrl":"https:\/\/ellington-photo.com\/ErosWalker\/wp-content\/uploads\/2025\/01\/Designer-44.jpeg","width":1024,"height":1024},{"@type":"BreadcrumbList","@id":"https:\/\/ellington-photo.com\/ErosWalker\/mortelle-cavale-31\/#breadcrumb","itemListElement":[{"@type":"ListItem","position":1,"name":"Accueil","item":"https:\/\/ellington-photo.com\/ErosWalker\/"},{"@type":"ListItem","position":2,"name":"Mortelle Cavale (31)"}]},{"@type":"WebSite","@id":"https:\/\/ellington-photo.com\/ErosWalker\/#website","url":"https:\/\/ellington-photo.com\/ErosWalker\/","name":"Eros Walker Stories","description":"Litt\u00e9rature et images","publisher":{"@id":"https:\/\/ellington-photo.com\/ErosWalker\/#organization"},"potentialAction":[{"@type":"SearchAction","target":{"@type":"EntryPoint","urlTemplate":"https:\/\/ellington-photo.com\/ErosWalker\/?s={search_term_string}"},"query-input":{"@type":"PropertyValueSpecification","valueRequired":true,"valueName":"search_term_string"}}],"inLanguage":"fr-FR"},{"@type":"Organization","@id":"https:\/\/ellington-photo.com\/ErosWalker\/#organization","name":"Eros Walker Stories","url":"https:\/\/ellington-photo.com\/ErosWalker\/","logo":{"@type":"ImageObject","inLanguage":"fr-FR","@id":"https:\/\/ellington-photo.com\/ErosWalker\/#\/schema\/logo\/image\/","url":"https:\/\/ellington-photo.com\/ErosWalker\/wp-content\/uploads\/2025\/05\/Chat-Noir.jpg","contentUrl":"https:\/\/ellington-photo.com\/ErosWalker\/wp-content\/uploads\/2025\/05\/Chat-Noir.jpg","width":400,"height":391,"caption":"Eros Walker Stories"},"image":{"@id":"https:\/\/ellington-photo.com\/ErosWalker\/#\/schema\/logo\/image\/"},"sameAs":["https:\/\/www.linkedin.com\/in\/eros-walker-ab710a298\/"]}]}},"_links":{"self":[{"href":"https:\/\/ellington-photo.com\/ErosWalker\/wp-json\/wp\/v2\/pages\/395","targetHints":{"allow":["GET"]}}],"collection":[{"href":"https:\/\/ellington-photo.com\/ErosWalker\/wp-json\/wp\/v2\/pages"}],"about":[{"href":"https:\/\/ellington-photo.com\/ErosWalker\/wp-json\/wp\/v2\/types\/page"}],"author":[{"embeddable":true,"href":"https:\/\/ellington-photo.com\/ErosWalker\/wp-json\/wp\/v2\/users\/1"}],"replies":[{"embeddable":true,"href":"https:\/\/ellington-photo.com\/ErosWalker\/wp-json\/wp\/v2\/comments?post=395"}],"version-history":[{"count":2,"href":"https:\/\/ellington-photo.com\/ErosWalker\/wp-json\/wp\/v2\/pages\/395\/revisions"}],"predecessor-version":[{"id":403,"href":"https:\/\/ellington-photo.com\/ErosWalker\/wp-json\/wp\/v2\/pages\/395\/revisions\/403"}],"wp:featuredmedia":[{"embeddable":true,"href":"https:\/\/ellington-photo.com\/ErosWalker\/wp-json\/wp\/v2\/media\/398"}],"wp:attachment":[{"href":"https:\/\/ellington-photo.com\/ErosWalker\/wp-json\/wp\/v2\/media?parent=395"}],"curies":[{"name":"wp","href":"https:\/\/api.w.org\/{rel}","templated":true}]}}