{"id":388,"date":"2025-01-10T15:48:32","date_gmt":"2025-01-10T14:48:32","guid":{"rendered":"https:\/\/ellington-photo.com\/ErosWalker\/?page_id=388"},"modified":"2025-01-14T18:08:45","modified_gmt":"2025-01-14T17:08:45","slug":"mortelle-cavale-30","status":"publish","type":"page","link":"https:\/\/ellington-photo.com\/ErosWalker\/mortelle-cavale-30\/","title":{"rendered":"Mortelle Cavale (30)"},"content":{"rendered":"\n<p><strong>Avertissement<\/strong><\/p>\n\n\n\n<p><strong>Topeka, Kansas<\/strong><\/p>\n\n\n\n<p><strong>Samedi 15 novembre 1980, 17h00<\/strong><\/p>\n\n\n\n<p>Je commence \u00e0 prendre mes marques \u00e0 la station. Je rep\u00e8re maintenant les clients r\u00e9guliers des voyageurs de passage. J\u2019ai l\u2019impression que certains reviennent plus souvent que n\u00e9cessaire, \u00e0 peine trois ou quatre gallons dans le r\u00e9servoir, une barre chocolat\u00e9e et dix minutes de conversation, tous les deux ou trois jours\u2026<\/p>\n\n\n\n<p>Ce n\u2019est pas que \u00e7a me d\u00e9range, j\u2019ai travaill\u00e9 assez longtemps chez Billy pour conna\u00eetre ce genre d\u2019individus. Je m\u2019y suis habitu\u00e9e et j\u2019ai d\u00e9velopp\u00e9 une technique pour maintenir juste ce qu\u2019il faut de distance sans les rebuter.<\/p>\n\n\n\n<p>Ce soir, c\u2019est le deuxi\u00e8me week-end apr\u00e8s les \u00e9lections, j\u2019esp\u00e8re que la soir\u00e9e sera un peu plus calme que la semaine pass\u00e9e. Ronnie m\u2019a bien fait comprendre que c\u2019\u00e9tait bon pour les affaires, mais il n\u2019emp\u00eache que je vais encore me retrouver seule pour tenir la boutique. Cette fois, j\u2019ai pris les devants, j\u2019ai mis le Smith et Wesson dans mon sac avant de descendre ce matin. Sa compagnie me rassure, m\u00eame si j\u2019esp\u00e8re bien ne pas avoir \u00e0 le sortir. Je suis aussi plus sereine de savoir que c\u2019est moi qui l\u2019ai et non Becky. Pas la peine de compter sur elle ce soir encore. Elle m\u2019a pr\u00e9venue d\u00e8s hier, elle passe le week-end chez des amis. Inutile de demander d\u2019explications, elle reviendra dimanche soir, raccompagn\u00e9e dans une voiture de sport ou un vieux pick-up, plein de gar\u00e7ons encore \u00e0 moiti\u00e9 ivres. Je dois avouer que sa contribution \u00e0 la caisse commune est plus que g\u00e9n\u00e9reuse, mais Topeka est une petite ville et elle en aura vite fait le tour.<\/p>\n\n\n\n<p>C\u00f4t\u00e9 finances, nous nous en tirons plut\u00f4t bien. Avec l\u2019aide de Ronnie, nous avons vendu le C10 plus cher que nous l\u2019avions achet\u00e9 \u00e0 Memphis et comme nous ne payons pas de loyer, notre p\u00e9cule s\u2019arrondit. D\u2019ici la fin de la semaine prochaine, nous aurons presque trois mille dollars de c\u00f4t\u00e9. Nous allons pouvoir acheter une nouvelle voiture. Comme Becky ne conduit pas et que de mon c\u00f4t\u00e9, je ne bouge pas beaucoup, nous n\u2019en avons pas vraiment besoin. Ronnie me laisse utiliser une vieille Ford Falcon qu\u2019il garde pour les clients qui d\u00e9posent leur voiture \u00e0 l\u2019atelier. C\u2019est bien assez pour aller faire les courses une ou deux fois par semaine. Je me dis toutefois que tout cela n\u2019aura qu\u2019un temps et qu\u2019il nous faudra bien t\u00f4t ou tard reprendre la route.<\/p>\n\n\n\n<p>La nuit commence \u00e0 tomber lorsque qu\u2019une voiture du TPD[1] s\u2019arr\u00eate devant les pompes. Deux homme en descendent et se dirigent directement vers la boutique. Je me doute que ce n\u2019est pas pour de l\u2019essence, le TPD a son propre garage. L\u2019un des policiers va se servir un caf\u00e9 tandis que le second se dirige vers mon comptoir.<\/p>\n\n\n\n<p>\u00ab Bonjour, je suis le sergent Schwartz de la police de la ville. \u00cates-vous Rebecca Page ? \u00bb<\/p>\n\n\n\n<p>Je regarde le flic avec l\u2019air surpris. Je me demande aussit\u00f4t ce que Becky a encore bien pu faire.<\/p>\n\n\n\n<p>\u00ab Non, ce n\u2019est pas moi, je suis Jennifer Boudreaux, je travaille pour Ronald Black. Becky, enfin Rebecca n\u2019est pas ici pour le moment.<\/p>\n\n\n\n<p>\u2014 Elle vit bien ici n\u2019est-ce pas ? insiste l\u2019officier.<\/p>\n\n\n\n<p>\u2014 En effet, nous occupons le logement au-dessus de l\u2019atelier.<\/p>\n\n\n\n<p>\u2014 Quelle relation avez-vous avec Mademoiselle Page, elle est de votre famille ?<\/p>\n\n\n\n<p>\u2014 Non, non, nous partageons le logement pour faire des \u00e9conomies, c\u2019est tout.<\/p>\n\n\n\n<p>\u2014 Vous n\u2019\u00eates pas \u00e0 Topeka depuis longtemps me semble-t-il. D\u2019o\u00f9 venez-vous ? vous avez l\u2019accent du Sud. Qu\u2019est-ce qui vous am\u00e8ne ici ? \u00bb<\/p>\n\n\n\n<p>Je sens des gouttes de sueur froide couler le long de mon dos. Mon cerveau carbure \u00e0 toute allure. Est-ce que les flics de l\u2019Oklahoma ont lanc\u00e9 un avis de recherche dans les \u00e9tats voisins ?<\/p>\n\n\n\n<p>\u00ab Je suis n\u00e9e et j\u2019ai v\u00e9cu en Louisiane, mon mari est mort dans un accident et j\u2019ai eu envie de changer de vie. J\u2019ai fait la connaissance de Becky, enfin Rebecca, il y a quelques semaines, et nous avons d\u00e9cid\u00e9 de faire un bout de route ensemble.<\/p>\n\n\n\n<p>\u2014 Je vois, me r\u00e9pond le sergent, pas vraiment convaincu par mes explications. Savez-vous quand Mademoiselle Page doit rentrer ?<\/p>\n\n\n\n<p>\u2014 Demain, je suppose, elle ne me donne pas trop de d\u00e9tails vous savez !<\/p>\n\n\n\n<p>\u2014 Qu\u2019est-ce que vous savez d\u2019elle au juste ? Que fait-elle de ses journ\u00e9es ? Elle ne travaille pas ?<\/p>\n\n\n\n<p>\u2014 Elle m\u2019aide ici, de temps en temps, balbuti\u00e9-je.<\/p>\n\n\n\n<p>\u2014 \u00c9coutez-moi, Madame Boudreaux ! Je n\u2019ai rien contre vous, mais je pr\u00e9f\u00e8re vous mettre en garde. On nous a rapport\u00e9 que votre amie se livrait \u00e0 des pratiques que nous n\u2019aimons pas trop dans cette ville. Je repasserai un autre jour, mais je vous invite \u00e0 pr\u00e9venir cette Becky, il cracha ce mot avec m\u00e9pris. Elle doit cesser imm\u00e9diatement de se livrer \u00e0 la prostitution clandestine ou nous prendrons des sanctions. Je crois que vous m\u2019avez bien compris.<\/p>\n\n\n\n<p>\u2014 Oui, oui, je lui dirai que vous \u00eates pass\u00e9s, bien s\u00fbr.<\/p>\n\n\n\n<p>\u2014 Par ailleurs, je ne crois pas que Ronnie serait ravi d\u2019apprendre qu\u2019il h\u00e9berge une petite pute chez lui\u2026 \u00bb<\/p>\n\n\n\n<p>Le policier interpelle son coll\u00e8gue qui sort sans payer son caf\u00e9.<\/p>\n\n\n\n<p>Je m\u2019appuie au comptoir le temps de reprendre mes esprits. Bien entendu, je me doutais bien qu\u2019un jour ou l\u2019autre les activit\u00e9s de Becky finiraient par lui cr\u00e9er des probl\u00e8mes. Le seul point positif, c\u2019est qu\u2019ils ignorent tout de ce qui s\u2019est pass\u00e9 \u00e0 Memphis et \u00e0 Tulsa. Une fois de plus, je suis oblig\u00e9e de me poser la question. Qu\u2019est-ce qui me lie \u00e0 Becky ? Nous nous connaissons depuis combien de temps ? M\u00eame pas deux mois. Pourquoi est-ce que je suis oblig\u00e9e de la trainer comme un chewing gum sous ma semelle ? Je ne demande pas grand-chose apr\u00e8s tout, Memphis, Tulsa ou Topeka, je pouvais m\u2019accommoder de tout, mais une fois de plus, je risque d\u2019\u00eatre oblig\u00e9e de repartir vers l\u2019inconnu. Il nous faudra avoir une conversation s\u00e9rieuse, d\u00e8s le retour de Becky. Je me doute bien de ce qu\u2019elle va me r\u00e9pondre.<\/p>\n\n\n\n<p>[1] Topeka Police Department<\/p>\n\n\n\n<p><\/p>\n\n\n\n<p>Continuer la lecture : <a href=\"https:\/\/ellington-photo.com\/ErosWalker\/mortelle-cavale-31\/\">https:\/\/ellington-photo.com\/ErosWalker\/mortelle-cavale-31\/<\/a><\/p>\n\n\n\n<p><\/p>\n","protected":false},"excerpt":{"rendered":"<p>Avertissement Topeka, Kansas Samedi 15 novembre 1980, 17h00 Je commence \u00e0 prendre mes marques \u00e0 la station. Je rep\u00e8re maintenant les clients r\u00e9guliers des voyageurs de passage. J\u2019ai l\u2019impression que certains reviennent plus souvent que n\u00e9cessaire, \u00e0 peine trois ou quatre gallons dans le r\u00e9servoir, &hellip; <\/p>\n","protected":false},"author":1,"featured_media":392,"parent":0,"menu_order":0,"comment_status":"closed","ping_status":"closed","template":"","meta":{"footnotes":""},"class_list":["post-388","page","type-page","status-publish","has-post-thumbnail","hentry"],"yoast_head":"<!-- This site is optimized with the Yoast SEO plugin v27.4 - https:\/\/yoast.com\/product\/yoast-seo-wordpress\/ -->\n<title>Mortelle Cavale (30) - Eros Walker Stories<\/title>\n<meta name=\"robots\" content=\"index, follow, max-snippet:-1, max-image-preview:large, max-video-preview:-1\" \/>\n<link rel=\"canonical\" href=\"https:\/\/ellington-photo.com\/ErosWalker\/mortelle-cavale-30\/\" \/>\n<meta property=\"og:locale\" content=\"fr_FR\" \/>\n<meta property=\"og:type\" content=\"article\" \/>\n<meta property=\"og:title\" content=\"Mortelle Cavale (30) - Eros Walker Stories\" \/>\n<meta property=\"og:description\" content=\"Avertissement Topeka, Kansas Samedi 15 novembre 1980, 17h00 Je commence \u00e0 prendre mes marques \u00e0 la station. Je rep\u00e8re maintenant les clients r\u00e9guliers des voyageurs de passage. J\u2019ai l\u2019impression que certains reviennent plus souvent que n\u00e9cessaire, \u00e0 peine trois ou quatre gallons dans le r\u00e9servoir, &hellip;\" \/>\n<meta property=\"og:url\" content=\"https:\/\/ellington-photo.com\/ErosWalker\/mortelle-cavale-30\/\" \/>\n<meta property=\"og:site_name\" content=\"Eros Walker Stories\" \/>\n<meta property=\"article:modified_time\" content=\"2025-01-14T17:08:45+00:00\" \/>\n<meta property=\"og:image\" content=\"https:\/\/ellington-photo.com\/ErosWalker\/wp-content\/uploads\/2025\/01\/Designer-43.jpeg\" \/>\n\t<meta property=\"og:image:width\" content=\"1024\" \/>\n\t<meta property=\"og:image:height\" content=\"1024\" \/>\n\t<meta property=\"og:image:type\" content=\"image\/jpeg\" \/>\n<meta name=\"twitter:card\" content=\"summary_large_image\" \/>\n<meta name=\"twitter:label1\" content=\"Dur\u00e9e de lecture estim\u00e9e\" \/>\n\t<meta name=\"twitter:data1\" content=\"5 minutes\" \/>\n<script type=\"application\/ld+json\" class=\"yoast-schema-graph\">{\"@context\":\"https:\\\/\\\/schema.org\",\"@graph\":[{\"@type\":\"WebPage\",\"@id\":\"https:\\\/\\\/ellington-photo.com\\\/ErosWalker\\\/mortelle-cavale-30\\\/\",\"url\":\"https:\\\/\\\/ellington-photo.com\\\/ErosWalker\\\/mortelle-cavale-30\\\/\",\"name\":\"Mortelle Cavale (30) - Eros Walker Stories\",\"isPartOf\":{\"@id\":\"https:\\\/\\\/ellington-photo.com\\\/ErosWalker\\\/#website\"},\"primaryImageOfPage\":{\"@id\":\"https:\\\/\\\/ellington-photo.com\\\/ErosWalker\\\/mortelle-cavale-30\\\/#primaryimage\"},\"image\":{\"@id\":\"https:\\\/\\\/ellington-photo.com\\\/ErosWalker\\\/mortelle-cavale-30\\\/#primaryimage\"},\"thumbnailUrl\":\"https:\\\/\\\/ellington-photo.com\\\/ErosWalker\\\/wp-content\\\/uploads\\\/2025\\\/01\\\/Designer-43.jpeg\",\"datePublished\":\"2025-01-10T14:48:32+00:00\",\"dateModified\":\"2025-01-14T17:08:45+00:00\",\"breadcrumb\":{\"@id\":\"https:\\\/\\\/ellington-photo.com\\\/ErosWalker\\\/mortelle-cavale-30\\\/#breadcrumb\"},\"inLanguage\":\"fr-FR\",\"potentialAction\":[{\"@type\":\"ReadAction\",\"target\":[\"https:\\\/\\\/ellington-photo.com\\\/ErosWalker\\\/mortelle-cavale-30\\\/\"]}]},{\"@type\":\"ImageObject\",\"inLanguage\":\"fr-FR\",\"@id\":\"https:\\\/\\\/ellington-photo.com\\\/ErosWalker\\\/mortelle-cavale-30\\\/#primaryimage\",\"url\":\"https:\\\/\\\/ellington-photo.com\\\/ErosWalker\\\/wp-content\\\/uploads\\\/2025\\\/01\\\/Designer-43.jpeg\",\"contentUrl\":\"https:\\\/\\\/ellington-photo.com\\\/ErosWalker\\\/wp-content\\\/uploads\\\/2025\\\/01\\\/Designer-43.jpeg\",\"width\":1024,\"height\":1024},{\"@type\":\"BreadcrumbList\",\"@id\":\"https:\\\/\\\/ellington-photo.com\\\/ErosWalker\\\/mortelle-cavale-30\\\/#breadcrumb\",\"itemListElement\":[{\"@type\":\"ListItem\",\"position\":1,\"name\":\"Accueil\",\"item\":\"https:\\\/\\\/ellington-photo.com\\\/ErosWalker\\\/\"},{\"@type\":\"ListItem\",\"position\":2,\"name\":\"Mortelle Cavale (30)\"}]},{\"@type\":\"WebSite\",\"@id\":\"https:\\\/\\\/ellington-photo.com\\\/ErosWalker\\\/#website\",\"url\":\"https:\\\/\\\/ellington-photo.com\\\/ErosWalker\\\/\",\"name\":\"Eros Walker Stories\",\"description\":\"Litt\u00e9rature et images\",\"publisher\":{\"@id\":\"https:\\\/\\\/ellington-photo.com\\\/ErosWalker\\\/#organization\"},\"potentialAction\":[{\"@type\":\"SearchAction\",\"target\":{\"@type\":\"EntryPoint\",\"urlTemplate\":\"https:\\\/\\\/ellington-photo.com\\\/ErosWalker\\\/?s={search_term_string}\"},\"query-input\":{\"@type\":\"PropertyValueSpecification\",\"valueRequired\":true,\"valueName\":\"search_term_string\"}}],\"inLanguage\":\"fr-FR\"},{\"@type\":\"Organization\",\"@id\":\"https:\\\/\\\/ellington-photo.com\\\/ErosWalker\\\/#organization\",\"name\":\"Eros Walker Stories\",\"url\":\"https:\\\/\\\/ellington-photo.com\\\/ErosWalker\\\/\",\"logo\":{\"@type\":\"ImageObject\",\"inLanguage\":\"fr-FR\",\"@id\":\"https:\\\/\\\/ellington-photo.com\\\/ErosWalker\\\/#\\\/schema\\\/logo\\\/image\\\/\",\"url\":\"https:\\\/\\\/ellington-photo.com\\\/ErosWalker\\\/wp-content\\\/uploads\\\/2025\\\/05\\\/Chat-Noir.jpg\",\"contentUrl\":\"https:\\\/\\\/ellington-photo.com\\\/ErosWalker\\\/wp-content\\\/uploads\\\/2025\\\/05\\\/Chat-Noir.jpg\",\"width\":400,\"height\":391,\"caption\":\"Eros Walker Stories\"},\"image\":{\"@id\":\"https:\\\/\\\/ellington-photo.com\\\/ErosWalker\\\/#\\\/schema\\\/logo\\\/image\\\/\"},\"sameAs\":[\"https:\\\/\\\/www.linkedin.com\\\/in\\\/eros-walker-ab710a298\\\/\"]}]}<\/script>\n<!-- \/ Yoast SEO plugin. -->","yoast_head_json":{"title":"Mortelle Cavale (30) - Eros Walker Stories","robots":{"index":"index","follow":"follow","max-snippet":"max-snippet:-1","max-image-preview":"max-image-preview:large","max-video-preview":"max-video-preview:-1"},"canonical":"https:\/\/ellington-photo.com\/ErosWalker\/mortelle-cavale-30\/","og_locale":"fr_FR","og_type":"article","og_title":"Mortelle Cavale (30) - Eros Walker Stories","og_description":"Avertissement Topeka, Kansas Samedi 15 novembre 1980, 17h00 Je commence \u00e0 prendre mes marques \u00e0 la station. Je rep\u00e8re maintenant les clients r\u00e9guliers des voyageurs de passage. J\u2019ai l\u2019impression que certains reviennent plus souvent que n\u00e9cessaire, \u00e0 peine trois ou quatre gallons dans le r\u00e9servoir, &hellip;","og_url":"https:\/\/ellington-photo.com\/ErosWalker\/mortelle-cavale-30\/","og_site_name":"Eros Walker Stories","article_modified_time":"2025-01-14T17:08:45+00:00","og_image":[{"width":1024,"height":1024,"url":"https:\/\/ellington-photo.com\/ErosWalker\/wp-content\/uploads\/2025\/01\/Designer-43.jpeg","type":"image\/jpeg"}],"twitter_card":"summary_large_image","twitter_misc":{"Dur\u00e9e de lecture estim\u00e9e":"5 minutes"},"schema":{"@context":"https:\/\/schema.org","@graph":[{"@type":"WebPage","@id":"https:\/\/ellington-photo.com\/ErosWalker\/mortelle-cavale-30\/","url":"https:\/\/ellington-photo.com\/ErosWalker\/mortelle-cavale-30\/","name":"Mortelle Cavale (30) - Eros Walker Stories","isPartOf":{"@id":"https:\/\/ellington-photo.com\/ErosWalker\/#website"},"primaryImageOfPage":{"@id":"https:\/\/ellington-photo.com\/ErosWalker\/mortelle-cavale-30\/#primaryimage"},"image":{"@id":"https:\/\/ellington-photo.com\/ErosWalker\/mortelle-cavale-30\/#primaryimage"},"thumbnailUrl":"https:\/\/ellington-photo.com\/ErosWalker\/wp-content\/uploads\/2025\/01\/Designer-43.jpeg","datePublished":"2025-01-10T14:48:32+00:00","dateModified":"2025-01-14T17:08:45+00:00","breadcrumb":{"@id":"https:\/\/ellington-photo.com\/ErosWalker\/mortelle-cavale-30\/#breadcrumb"},"inLanguage":"fr-FR","potentialAction":[{"@type":"ReadAction","target":["https:\/\/ellington-photo.com\/ErosWalker\/mortelle-cavale-30\/"]}]},{"@type":"ImageObject","inLanguage":"fr-FR","@id":"https:\/\/ellington-photo.com\/ErosWalker\/mortelle-cavale-30\/#primaryimage","url":"https:\/\/ellington-photo.com\/ErosWalker\/wp-content\/uploads\/2025\/01\/Designer-43.jpeg","contentUrl":"https:\/\/ellington-photo.com\/ErosWalker\/wp-content\/uploads\/2025\/01\/Designer-43.jpeg","width":1024,"height":1024},{"@type":"BreadcrumbList","@id":"https:\/\/ellington-photo.com\/ErosWalker\/mortelle-cavale-30\/#breadcrumb","itemListElement":[{"@type":"ListItem","position":1,"name":"Accueil","item":"https:\/\/ellington-photo.com\/ErosWalker\/"},{"@type":"ListItem","position":2,"name":"Mortelle Cavale (30)"}]},{"@type":"WebSite","@id":"https:\/\/ellington-photo.com\/ErosWalker\/#website","url":"https:\/\/ellington-photo.com\/ErosWalker\/","name":"Eros Walker Stories","description":"Litt\u00e9rature et images","publisher":{"@id":"https:\/\/ellington-photo.com\/ErosWalker\/#organization"},"potentialAction":[{"@type":"SearchAction","target":{"@type":"EntryPoint","urlTemplate":"https:\/\/ellington-photo.com\/ErosWalker\/?s={search_term_string}"},"query-input":{"@type":"PropertyValueSpecification","valueRequired":true,"valueName":"search_term_string"}}],"inLanguage":"fr-FR"},{"@type":"Organization","@id":"https:\/\/ellington-photo.com\/ErosWalker\/#organization","name":"Eros Walker Stories","url":"https:\/\/ellington-photo.com\/ErosWalker\/","logo":{"@type":"ImageObject","inLanguage":"fr-FR","@id":"https:\/\/ellington-photo.com\/ErosWalker\/#\/schema\/logo\/image\/","url":"https:\/\/ellington-photo.com\/ErosWalker\/wp-content\/uploads\/2025\/05\/Chat-Noir.jpg","contentUrl":"https:\/\/ellington-photo.com\/ErosWalker\/wp-content\/uploads\/2025\/05\/Chat-Noir.jpg","width":400,"height":391,"caption":"Eros Walker Stories"},"image":{"@id":"https:\/\/ellington-photo.com\/ErosWalker\/#\/schema\/logo\/image\/"},"sameAs":["https:\/\/www.linkedin.com\/in\/eros-walker-ab710a298\/"]}]}},"_links":{"self":[{"href":"https:\/\/ellington-photo.com\/ErosWalker\/wp-json\/wp\/v2\/pages\/388","targetHints":{"allow":["GET"]}}],"collection":[{"href":"https:\/\/ellington-photo.com\/ErosWalker\/wp-json\/wp\/v2\/pages"}],"about":[{"href":"https:\/\/ellington-photo.com\/ErosWalker\/wp-json\/wp\/v2\/types\/page"}],"author":[{"embeddable":true,"href":"https:\/\/ellington-photo.com\/ErosWalker\/wp-json\/wp\/v2\/users\/1"}],"replies":[{"embeddable":true,"href":"https:\/\/ellington-photo.com\/ErosWalker\/wp-json\/wp\/v2\/comments?post=388"}],"version-history":[{"count":2,"href":"https:\/\/ellington-photo.com\/ErosWalker\/wp-json\/wp\/v2\/pages\/388\/revisions"}],"predecessor-version":[{"id":397,"href":"https:\/\/ellington-photo.com\/ErosWalker\/wp-json\/wp\/v2\/pages\/388\/revisions\/397"}],"wp:featuredmedia":[{"embeddable":true,"href":"https:\/\/ellington-photo.com\/ErosWalker\/wp-json\/wp\/v2\/media\/392"}],"wp:attachment":[{"href":"https:\/\/ellington-photo.com\/ErosWalker\/wp-json\/wp\/v2\/media?parent=388"}],"curies":[{"name":"wp","href":"https:\/\/api.w.org\/{rel}","templated":true}]}}