{"id":379,"date":"2025-01-02T16:59:49","date_gmt":"2025-01-02T15:59:49","guid":{"rendered":"https:\/\/ellington-photo.com\/ErosWalker\/?page_id=379"},"modified":"2025-01-09T14:17:15","modified_gmt":"2025-01-09T13:17:15","slug":"mortelle-cavale-28","status":"publish","type":"page","link":"https:\/\/ellington-photo.com\/ErosWalker\/mortelle-cavale-28\/","title":{"rendered":"Mortelle Cavale (28)"},"content":{"rendered":"\n<p><strong>C\u00e9l\u00e9bration<\/strong><\/p>\n\n\n\n<p><strong>Topeka, Kansas<\/strong><br><strong>Jeudi 6 novembre 1980, 14h00<\/strong><\/p>\n\n\n\n<p>La fi\u00e8vre qui avait suivi les \u00e9lections commen\u00e7ait \u00e0 retomber. Le Kansas avait tr\u00e8s majoritairement vot\u00e9 pour Ronald Reagan et de nombreuses manifestations festives s\u2019\u00e9taient d\u00e9roul\u00e9es \u00e0 Topeka et dans les environs. Ronnie n\u2019\u00e9tait pas le dernier \u00e0 se r\u00e9jouir de la victoire du cow-boy d\u2019Hollywood, qui de surcroit, portait le m\u00eame pr\u00e9nom que lui. Le patron de la station-service avait offert pas mal de bi\u00e8res \u00e0 ses clients fid\u00e8les, sans oublier de partager avec eux ces moments de convivialit\u00e9. Bien avant l\u2019heure de fermeture, ce mercredi soir, j\u2019avais r\u00e9ussi, non sans mal, \u00e0 le convaincre de rentrer chez lui \u00e0 pied, pour sa s\u00e9curit\u00e9 et celle des autres usagers de la route. Le d\u00e9fil\u00e9 des clients arborant des banni\u00e8res \u00e9toil\u00e9es et l\u2019\u00e9l\u00e9phant symbolique du GOP[1] n\u2019avait cependant pas diminu\u00e9 pour autant. L\u2019heure avan\u00e7ant, l\u2019alcoolisation des citoyens allait en augmentant rapidement. Rest\u00e9e seule dans la boutique, je pris sur moi de tirer le rideau et verrouiller la porte. Cette d\u00e9cision n\u2019a pas plu \u00e0 quelques automobilistes qui se sont mis \u00e0 klaxonner furieusement devant les pompes inertes. Il a fallu qu\u2019une patrouille du TPD[2] vienne mettre un peu d\u2019ordre pour que le calme revienne.<\/p>\n\n\n\n<p>Ce matin, j\u2019ai eu droit \u00e0 une conversation un peu houleuse avec Ronnie, qui n\u2019a pas trop appr\u00e9ci\u00e9 ma fa\u00e7on de g\u00e9rer la situation.<\/p>\n\n\n\n<p>\u00ab Je n\u2019ai pas l\u2019habitude de laisser les flics se m\u00ealer de mes affaires, quand il y a des probl\u00e8mes, on les r\u00e8gle soi-m\u00eame, ici !<\/p>\n\n\n\n<p>\u2014 J\u2019\u00e9tais toute seule, ai-je r\u00e9pondu, qu\u2019est-ce que j\u2019aurais du faire si c\u2019\u00e9tait all\u00e9 plus loin ? Sortir un flingue et tirer dans le tas ? On n\u2019est plus au temps du Far-West.<\/p>\n\n\n\n<p>\u2014 Tu n\u2019es peut-\u00eatre pas faite pour ce boulot apr\u00e8s tout !<\/p>\n\n\n\n<p>\u2014 Si c\u2019est \u00e7a que tu veux, je pars tout de suite et je te laisse te d\u00e9brouiller tout seul ! ai-je d\u00e9clar\u00e9 en col\u00e8re.<\/p>\n\n\n\n<p>\u2014 Non, non, c\u2019est pas ce que je veux dire\u2026<\/p>\n\n\n\n<p>\u2014 Bon, alors on va faire comme si je n\u2019avais rien entendu. C\u2019est pas moi qui ai appel\u00e9 les flics, je n\u2019y peux rien s\u2019il y avait une bande d\u2019ivrognes qui faisaient du tapage dans le quartier.<\/p>\n\n\n\n<p>\u2014 C\u2019est qu\u2019ils ont l\u2019habitude de venir s\u2019approvisionner ici, quand les autres boutiques sont ferm\u00e9es.<\/p>\n\n\n\n<p>\u2014 Oui, \u00e7a je l\u2019ai bien compris, mais jusqu\u2019\u00e0 pr\u00e9sent, ils n\u2019arrivaient pas compl\u00e8tement ivres \u00e0 la boutique.<\/p>\n\n\n\n<p>\u2014 Faut pas leur en vouloir, ils \u00e9taient trop heureux d\u2019avoir bott\u00e9 le cul de ce foutu planteur de cacahu\u00e8tes[3].<\/p>\n\n\n\n<p>\u2014 Ces histoires de politique, moi je m\u2019en fous, ai-je dit pour clore le d\u00e9bat, mais si je me sens encore une fois en danger, je te promets que je fous le camp imm\u00e9diatement.<\/p>\n\n\n\n<p>\u2014 Tu n\u2019\u00e9tais pas en danger, je t\u2019assure !<\/p>\n\n\n\n<p>\u2014 C\u2019est \u00e0 moi d\u2019en juger. Arr\u00eatons-l\u00e0 cette discussion, \u00e7a vaut mieux. \u00bb<\/p>\n\n\n\n<p>Ronnie est parti en bougonnant dans son petit bureau. Je ne travaillais pour lui que depuis une semaine, mais j\u2019avais appris \u00e0 reconna\u00eetre ses comportements. Je savais qu\u2019il allait s\u2019enfermer pendant une demi-heure avant de repara\u00eetre comme si rien ne s\u2019\u00e9tait pass\u00e9. Effectivement, il est revenu un peu plus tard pour aller s\u2019occuper d\u2019une roue crev\u00e9e.<\/p>\n\n\n\n<p>Becky r\u00e9apparait un peu avant l\u2019heure du d\u00e9jeuner. Elle n\u2019est pas rentr\u00e9e de la nuit. Je la vois descendre d\u2019une Camaro jaune et noire qui red\u00e9marre en laissant de la gomme sur le parking.<\/p>\n\n\n\n<p>\u00ab Jolie voiture, dis-je en guise de bienvenue.<\/p>\n\n\n\n<p>\u2014 C\u2019est celle de Jimmy, un copain. Je l\u2019ai rencontr\u00e9 dans un bar hier soir. On a fini la soir\u00e9e chez lui. Il habite Westboro, une \u00e9norme propri\u00e9t\u00e9 avec une piscine et m\u00eame un court de tennis. Son p\u00e8re est avocat, ou quelque chose comme \u00e7a, il y avait plein de monde pour f\u00eater la victoire de Reagan, personne ne s\u2019est occup\u00e9 de nous. Et toi, \u00e7a va ?<\/p>\n\n\n\n<p>\u2014 Si on oublie que j\u2019ai failli me faire lyncher par une bande d\u2019ivrognes, oui, on peut dire \u00e7a. On dirait que tu prends go\u00fbt \u00e0 cette ville.<\/p>\n\n\n\n<p>\u2014 Ben oui, je me suis d\u00e9j\u00e0 fait pas mal d\u2019amis. Bon, faut dire que les filles d\u2019ici sont un peu coinc\u00e9es, si tu vois ce que je veux dire, alors avec moi, ils s\u2019amusent bien.<\/p>\n\n\n\n<p>\u2014 Je te rappelle qu\u2019il y a une semaine, tu m\u2019as propos\u00e9 de m\u2019aider \u00e0 la boutique. Je ne t\u2019ai pas encore trop vue derri\u00e8re le comptoir.<\/p>\n\n\n\n<p>\u2014 En fait, je crois pas que ce soit mon truc de tenir la caisse, mais t\u2019inqui\u00e8te pas, tu sais que je peux te ramener de l\u2019argent.<\/p>\n\n\n\n<p>\u2014 On va en avoir besoin. On doit se d\u00e9barrasser du pickup et on n\u2019en tirera pas grand-chose.<\/p>\n\n\n\n<p>\u2014 Laisse-moi une semaine ou deux ! \u00bb<\/p>\n\n\n\n<p>Elle n\u2019ajoute rien et sort vers notre petit logement. Je n\u2019ai pas de doute sur son aptitude \u00e0 ramener du cash. Le seul probl\u00e8me, c\u2019est que les ennuis suivent g\u00e9n\u00e9ralement de tr\u00e8s pr\u00e8s.<\/p>\n\n\n\n<p><\/p>\n\n\n\n<p>[1] Grand Old Party : surnom du parti R\u00e9publicain aux USA<\/p>\n\n\n\n<p>[2] TPD : Topeka Police Department<\/p>\n\n\n\n<p>[3] Allusion aux origines de Jimmy Carter<\/p>\n\n\n\n<p><\/p>\n\n\n\n<p><\/p>\n\n\n\n<p>Continuer la lecture : <a href=\"https:\/\/ellington-photo.com\/ErosWalker\/mortelle-cavale-29\/\">https:\/\/ellington-photo.com\/ErosWalker\/mortelle-cavale-29\/<\/a><\/p>\n\n\n\n<p><\/p>\n","protected":false},"excerpt":{"rendered":"<p>C\u00e9l\u00e9bration Topeka, KansasJeudi 6 novembre 1980, 14h00 La fi\u00e8vre qui avait suivi les \u00e9lections commen\u00e7ait \u00e0 retomber. Le Kansas avait tr\u00e8s majoritairement vot\u00e9 pour Ronald Reagan et de nombreuses manifestations festives s\u2019\u00e9taient d\u00e9roul\u00e9es \u00e0 Topeka et dans les environs. Ronnie n\u2019\u00e9tait pas le dernier \u00e0 &hellip; <\/p>\n","protected":false},"author":1,"featured_media":380,"parent":0,"menu_order":0,"comment_status":"closed","ping_status":"closed","template":"","meta":{"footnotes":""},"class_list":["post-379","page","type-page","status-publish","has-post-thumbnail","hentry"],"yoast_head":"<!-- This site is optimized with the Yoast SEO plugin v27.4 - https:\/\/yoast.com\/product\/yoast-seo-wordpress\/ -->\n<title>Mortelle Cavale (28) - Eros Walker Stories<\/title>\n<meta name=\"robots\" content=\"index, follow, max-snippet:-1, max-image-preview:large, max-video-preview:-1\" \/>\n<link rel=\"canonical\" href=\"https:\/\/ellington-photo.com\/ErosWalker\/mortelle-cavale-28\/\" \/>\n<meta property=\"og:locale\" content=\"fr_FR\" \/>\n<meta property=\"og:type\" content=\"article\" \/>\n<meta property=\"og:title\" content=\"Mortelle Cavale (28) - Eros Walker Stories\" \/>\n<meta property=\"og:description\" content=\"C\u00e9l\u00e9bration Topeka, KansasJeudi 6 novembre 1980, 14h00 La fi\u00e8vre qui avait suivi les \u00e9lections commen\u00e7ait \u00e0 retomber. Le Kansas avait tr\u00e8s majoritairement vot\u00e9 pour Ronald Reagan et de nombreuses manifestations festives s\u2019\u00e9taient d\u00e9roul\u00e9es \u00e0 Topeka et dans les environs. Ronnie n\u2019\u00e9tait pas le dernier \u00e0 &hellip;\" \/>\n<meta property=\"og:url\" content=\"https:\/\/ellington-photo.com\/ErosWalker\/mortelle-cavale-28\/\" \/>\n<meta property=\"og:site_name\" content=\"Eros Walker Stories\" \/>\n<meta property=\"article:modified_time\" content=\"2025-01-09T13:17:15+00:00\" \/>\n<meta property=\"og:image\" content=\"https:\/\/ellington-photo.com\/ErosWalker\/wp-content\/uploads\/2025\/01\/Designer-40.jpeg\" \/>\n\t<meta property=\"og:image:width\" content=\"1024\" \/>\n\t<meta property=\"og:image:height\" content=\"1024\" \/>\n\t<meta property=\"og:image:type\" content=\"image\/jpeg\" \/>\n<meta name=\"twitter:card\" content=\"summary_large_image\" \/>\n<meta name=\"twitter:label1\" content=\"Dur\u00e9e de lecture estim\u00e9e\" \/>\n\t<meta name=\"twitter:data1\" content=\"5 minutes\" \/>\n<script type=\"application\/ld+json\" class=\"yoast-schema-graph\">{\"@context\":\"https:\\\/\\\/schema.org\",\"@graph\":[{\"@type\":\"WebPage\",\"@id\":\"https:\\\/\\\/ellington-photo.com\\\/ErosWalker\\\/mortelle-cavale-28\\\/\",\"url\":\"https:\\\/\\\/ellington-photo.com\\\/ErosWalker\\\/mortelle-cavale-28\\\/\",\"name\":\"Mortelle Cavale (28) - Eros Walker Stories\",\"isPartOf\":{\"@id\":\"https:\\\/\\\/ellington-photo.com\\\/ErosWalker\\\/#website\"},\"primaryImageOfPage\":{\"@id\":\"https:\\\/\\\/ellington-photo.com\\\/ErosWalker\\\/mortelle-cavale-28\\\/#primaryimage\"},\"image\":{\"@id\":\"https:\\\/\\\/ellington-photo.com\\\/ErosWalker\\\/mortelle-cavale-28\\\/#primaryimage\"},\"thumbnailUrl\":\"https:\\\/\\\/ellington-photo.com\\\/ErosWalker\\\/wp-content\\\/uploads\\\/2025\\\/01\\\/Designer-40.jpeg\",\"datePublished\":\"2025-01-02T15:59:49+00:00\",\"dateModified\":\"2025-01-09T13:17:15+00:00\",\"breadcrumb\":{\"@id\":\"https:\\\/\\\/ellington-photo.com\\\/ErosWalker\\\/mortelle-cavale-28\\\/#breadcrumb\"},\"inLanguage\":\"fr-FR\",\"potentialAction\":[{\"@type\":\"ReadAction\",\"target\":[\"https:\\\/\\\/ellington-photo.com\\\/ErosWalker\\\/mortelle-cavale-28\\\/\"]}]},{\"@type\":\"ImageObject\",\"inLanguage\":\"fr-FR\",\"@id\":\"https:\\\/\\\/ellington-photo.com\\\/ErosWalker\\\/mortelle-cavale-28\\\/#primaryimage\",\"url\":\"https:\\\/\\\/ellington-photo.com\\\/ErosWalker\\\/wp-content\\\/uploads\\\/2025\\\/01\\\/Designer-40.jpeg\",\"contentUrl\":\"https:\\\/\\\/ellington-photo.com\\\/ErosWalker\\\/wp-content\\\/uploads\\\/2025\\\/01\\\/Designer-40.jpeg\",\"width\":1024,\"height\":1024},{\"@type\":\"BreadcrumbList\",\"@id\":\"https:\\\/\\\/ellington-photo.com\\\/ErosWalker\\\/mortelle-cavale-28\\\/#breadcrumb\",\"itemListElement\":[{\"@type\":\"ListItem\",\"position\":1,\"name\":\"Accueil\",\"item\":\"https:\\\/\\\/ellington-photo.com\\\/ErosWalker\\\/\"},{\"@type\":\"ListItem\",\"position\":2,\"name\":\"Mortelle Cavale (28)\"}]},{\"@type\":\"WebSite\",\"@id\":\"https:\\\/\\\/ellington-photo.com\\\/ErosWalker\\\/#website\",\"url\":\"https:\\\/\\\/ellington-photo.com\\\/ErosWalker\\\/\",\"name\":\"Eros Walker Stories\",\"description\":\"Litt\u00e9rature et images\",\"publisher\":{\"@id\":\"https:\\\/\\\/ellington-photo.com\\\/ErosWalker\\\/#organization\"},\"potentialAction\":[{\"@type\":\"SearchAction\",\"target\":{\"@type\":\"EntryPoint\",\"urlTemplate\":\"https:\\\/\\\/ellington-photo.com\\\/ErosWalker\\\/?s={search_term_string}\"},\"query-input\":{\"@type\":\"PropertyValueSpecification\",\"valueRequired\":true,\"valueName\":\"search_term_string\"}}],\"inLanguage\":\"fr-FR\"},{\"@type\":\"Organization\",\"@id\":\"https:\\\/\\\/ellington-photo.com\\\/ErosWalker\\\/#organization\",\"name\":\"Eros Walker Stories\",\"url\":\"https:\\\/\\\/ellington-photo.com\\\/ErosWalker\\\/\",\"logo\":{\"@type\":\"ImageObject\",\"inLanguage\":\"fr-FR\",\"@id\":\"https:\\\/\\\/ellington-photo.com\\\/ErosWalker\\\/#\\\/schema\\\/logo\\\/image\\\/\",\"url\":\"https:\\\/\\\/ellington-photo.com\\\/ErosWalker\\\/wp-content\\\/uploads\\\/2025\\\/05\\\/Chat-Noir.jpg\",\"contentUrl\":\"https:\\\/\\\/ellington-photo.com\\\/ErosWalker\\\/wp-content\\\/uploads\\\/2025\\\/05\\\/Chat-Noir.jpg\",\"width\":400,\"height\":391,\"caption\":\"Eros Walker Stories\"},\"image\":{\"@id\":\"https:\\\/\\\/ellington-photo.com\\\/ErosWalker\\\/#\\\/schema\\\/logo\\\/image\\\/\"},\"sameAs\":[\"https:\\\/\\\/www.linkedin.com\\\/in\\\/eros-walker-ab710a298\\\/\"]}]}<\/script>\n<!-- \/ Yoast SEO plugin. -->","yoast_head_json":{"title":"Mortelle Cavale (28) - Eros Walker Stories","robots":{"index":"index","follow":"follow","max-snippet":"max-snippet:-1","max-image-preview":"max-image-preview:large","max-video-preview":"max-video-preview:-1"},"canonical":"https:\/\/ellington-photo.com\/ErosWalker\/mortelle-cavale-28\/","og_locale":"fr_FR","og_type":"article","og_title":"Mortelle Cavale (28) - Eros Walker Stories","og_description":"C\u00e9l\u00e9bration Topeka, KansasJeudi 6 novembre 1980, 14h00 La fi\u00e8vre qui avait suivi les \u00e9lections commen\u00e7ait \u00e0 retomber. Le Kansas avait tr\u00e8s majoritairement vot\u00e9 pour Ronald Reagan et de nombreuses manifestations festives s\u2019\u00e9taient d\u00e9roul\u00e9es \u00e0 Topeka et dans les environs. Ronnie n\u2019\u00e9tait pas le dernier \u00e0 &hellip;","og_url":"https:\/\/ellington-photo.com\/ErosWalker\/mortelle-cavale-28\/","og_site_name":"Eros Walker Stories","article_modified_time":"2025-01-09T13:17:15+00:00","og_image":[{"width":1024,"height":1024,"url":"https:\/\/ellington-photo.com\/ErosWalker\/wp-content\/uploads\/2025\/01\/Designer-40.jpeg","type":"image\/jpeg"}],"twitter_card":"summary_large_image","twitter_misc":{"Dur\u00e9e de lecture estim\u00e9e":"5 minutes"},"schema":{"@context":"https:\/\/schema.org","@graph":[{"@type":"WebPage","@id":"https:\/\/ellington-photo.com\/ErosWalker\/mortelle-cavale-28\/","url":"https:\/\/ellington-photo.com\/ErosWalker\/mortelle-cavale-28\/","name":"Mortelle Cavale (28) - Eros Walker Stories","isPartOf":{"@id":"https:\/\/ellington-photo.com\/ErosWalker\/#website"},"primaryImageOfPage":{"@id":"https:\/\/ellington-photo.com\/ErosWalker\/mortelle-cavale-28\/#primaryimage"},"image":{"@id":"https:\/\/ellington-photo.com\/ErosWalker\/mortelle-cavale-28\/#primaryimage"},"thumbnailUrl":"https:\/\/ellington-photo.com\/ErosWalker\/wp-content\/uploads\/2025\/01\/Designer-40.jpeg","datePublished":"2025-01-02T15:59:49+00:00","dateModified":"2025-01-09T13:17:15+00:00","breadcrumb":{"@id":"https:\/\/ellington-photo.com\/ErosWalker\/mortelle-cavale-28\/#breadcrumb"},"inLanguage":"fr-FR","potentialAction":[{"@type":"ReadAction","target":["https:\/\/ellington-photo.com\/ErosWalker\/mortelle-cavale-28\/"]}]},{"@type":"ImageObject","inLanguage":"fr-FR","@id":"https:\/\/ellington-photo.com\/ErosWalker\/mortelle-cavale-28\/#primaryimage","url":"https:\/\/ellington-photo.com\/ErosWalker\/wp-content\/uploads\/2025\/01\/Designer-40.jpeg","contentUrl":"https:\/\/ellington-photo.com\/ErosWalker\/wp-content\/uploads\/2025\/01\/Designer-40.jpeg","width":1024,"height":1024},{"@type":"BreadcrumbList","@id":"https:\/\/ellington-photo.com\/ErosWalker\/mortelle-cavale-28\/#breadcrumb","itemListElement":[{"@type":"ListItem","position":1,"name":"Accueil","item":"https:\/\/ellington-photo.com\/ErosWalker\/"},{"@type":"ListItem","position":2,"name":"Mortelle Cavale (28)"}]},{"@type":"WebSite","@id":"https:\/\/ellington-photo.com\/ErosWalker\/#website","url":"https:\/\/ellington-photo.com\/ErosWalker\/","name":"Eros Walker Stories","description":"Litt\u00e9rature et images","publisher":{"@id":"https:\/\/ellington-photo.com\/ErosWalker\/#organization"},"potentialAction":[{"@type":"SearchAction","target":{"@type":"EntryPoint","urlTemplate":"https:\/\/ellington-photo.com\/ErosWalker\/?s={search_term_string}"},"query-input":{"@type":"PropertyValueSpecification","valueRequired":true,"valueName":"search_term_string"}}],"inLanguage":"fr-FR"},{"@type":"Organization","@id":"https:\/\/ellington-photo.com\/ErosWalker\/#organization","name":"Eros Walker Stories","url":"https:\/\/ellington-photo.com\/ErosWalker\/","logo":{"@type":"ImageObject","inLanguage":"fr-FR","@id":"https:\/\/ellington-photo.com\/ErosWalker\/#\/schema\/logo\/image\/","url":"https:\/\/ellington-photo.com\/ErosWalker\/wp-content\/uploads\/2025\/05\/Chat-Noir.jpg","contentUrl":"https:\/\/ellington-photo.com\/ErosWalker\/wp-content\/uploads\/2025\/05\/Chat-Noir.jpg","width":400,"height":391,"caption":"Eros Walker Stories"},"image":{"@id":"https:\/\/ellington-photo.com\/ErosWalker\/#\/schema\/logo\/image\/"},"sameAs":["https:\/\/www.linkedin.com\/in\/eros-walker-ab710a298\/"]}]}},"_links":{"self":[{"href":"https:\/\/ellington-photo.com\/ErosWalker\/wp-json\/wp\/v2\/pages\/379","targetHints":{"allow":["GET"]}}],"collection":[{"href":"https:\/\/ellington-photo.com\/ErosWalker\/wp-json\/wp\/v2\/pages"}],"about":[{"href":"https:\/\/ellington-photo.com\/ErosWalker\/wp-json\/wp\/v2\/types\/page"}],"author":[{"embeddable":true,"href":"https:\/\/ellington-photo.com\/ErosWalker\/wp-json\/wp\/v2\/users\/1"}],"replies":[{"embeddable":true,"href":"https:\/\/ellington-photo.com\/ErosWalker\/wp-json\/wp\/v2\/comments?post=379"}],"version-history":[{"count":2,"href":"https:\/\/ellington-photo.com\/ErosWalker\/wp-json\/wp\/v2\/pages\/379\/revisions"}],"predecessor-version":[{"id":385,"href":"https:\/\/ellington-photo.com\/ErosWalker\/wp-json\/wp\/v2\/pages\/379\/revisions\/385"}],"wp:featuredmedia":[{"embeddable":true,"href":"https:\/\/ellington-photo.com\/ErosWalker\/wp-json\/wp\/v2\/media\/380"}],"wp:attachment":[{"href":"https:\/\/ellington-photo.com\/ErosWalker\/wp-json\/wp\/v2\/media?parent=379"}],"curies":[{"name":"wp","href":"https:\/\/api.w.org\/{rel}","templated":true}]}}