{"id":375,"date":"2024-12-31T14:06:05","date_gmt":"2024-12-31T13:06:05","guid":{"rendered":"https:\/\/ellington-photo.com\/ErosWalker\/?page_id=375"},"modified":"2025-01-02T16:59:18","modified_gmt":"2025-01-02T15:59:18","slug":"mortelle-cavale-27","status":"publish","type":"page","link":"https:\/\/ellington-photo.com\/ErosWalker\/mortelle-cavale-27\/","title":{"rendered":"Mortelle Cavale (27)"},"content":{"rendered":"\n<p><strong>Eclaircissements<\/strong><\/p>\n\n\n\n<p><strong>Claremore, Oklahoma<\/strong><br><strong>Lundi 3 novembre 1980, 11h00<\/strong><\/p>\n\n\n\n<p>Le sergent Lobster et son \u00e9quipier commen\u00e7aient \u00e0 douter du succ\u00e8s de leur d\u00e9marche. Ils avaient lanc\u00e9 un avis de recherche pour les deux femmes dans tout l\u2019Oklahoma, mais les retours avaient tous \u00e9t\u00e9 n\u00e9gatifs. Ni la police d\u2019\u00c9tat, ni les Sh\u00e9rifs des comt\u00e9s voisins n\u2019avaient enregistr\u00e9 d\u2019infraction concernant le pickup Chevrolet, pas plus que de signalement concernant deux jeunes femmes voyageant dans ce v\u00e9hicule. Ils \u00e9taient retourn\u00e9s \u00e0 Tulsa et avaient interrog\u00e9 les autres occupants de l\u2019immeuble. Personne n\u2019avait revu les locataires recherch\u00e9es. Plusieurs personnes avaient bien remarqu\u00e9 le C10 dans le quartier, mais pas depuis une semaine. La conclusion \u00e9tait \u00e9vidente. Jennifer Boudreaux et Rebecca Page avaient bel et bien pris le large. Seul point positif, le DMV[1] du Tennessee avait r\u00e9pondu \u00e0 leur requ\u00eate. Il confirmait qu\u2019un v\u00e9hicule Chevrolet C10 avait bien \u00e9t\u00e9 enregistr\u00e9 au nom de Rebecca Page le 1er octobre, \u00e0 Memphis. La transaction avait \u00e9t\u00e9 effectu\u00e9e par un certain Fergus Young. L\u2019adresse donn\u00e9e lors de l\u2019achat \u00e9tait celle d\u2019un h\u00f4tel de Memphis. Contact\u00e9 par t\u00e9l\u00e9phone, le propri\u00e9taire de l\u2019h\u00f4tel avait confirm\u00e9 que les deux femmes avaient bien s\u00e9journ\u00e9 chez lui jusqu\u2019au 3 octobre, date \u00e0 laquelle Jenny et Becky, c\u2019est ainsi qu\u2019il les avait appel\u00e9es, avaient quitt\u00e9 son \u00e9tablissement apr\u00e8s avoir r\u00e9gl\u00e9 leur d\u00fb. Mo\u00efse White avait d\u00e9clar\u00e9 ne pas conna\u00eetre la destination des deux femmes. Il n\u2019avait rien pu dire de plus, si ce n\u2019est que c\u2019\u00e9tait des personnes charmantes, qui avaient toujours pay\u00e9 leur chambre dans les d\u00e9lais.<\/p>\n\n\n\n<p>Tsali Sands avait \u00e9galement entrepris de remonter la piste des deux femmes. Jennifer Boudreaux avait pr\u00e9sent\u00e9 son permis de conduire pour louer l\u2019appartement \u00e0 Tulsa. Le gestionnaire de l\u2019immeuble lui en avait fait parvenir la copie par fax. L\u2019adresse mentionn\u00e9e \u00e9tait situ\u00e9e \u00e0 B\u00e2ton-Rouge en Louisiane. Il lui avait fallu quelques coups de fil pour remonter jusqu\u2019au propri\u00e9taire. Celui-ci connaissait bien Jenny Boudreaux \u00e0 qui il louait l\u2019appartement depuis plusieurs ann\u00e9es. Pour lui, Jenny vivait seule, il n\u2019avait jamais eu connaissance d\u2019une colocataire. Tous les loyers avaient toujours \u00e9t\u00e9 pay\u00e9s \u00e0 la date fix\u00e9e, \u00e0 l\u2019exception du dernier, celui d\u2019octobre, qui n\u2019avait pas \u00e9t\u00e9 honor\u00e9. Il avait essay\u00e9 de joindre sa locataire par t\u00e9l\u00e9phone, mais sans succ\u00e8s. Tsali avait tout de m\u00eame obtenu une information int\u00e9ressante, l\u2019adresse d\u2019un bar \u00e0 proximit\u00e9 de B\u00e2ton-Rouge o\u00f9 travaillait la jeune femme. Le patron de l\u2019\u00e9tablissement, William Thibodeaux, avait confirm\u00e9 l\u2019information. Il avait bien employ\u00e9 Jenny pendant trois ans, mais elle \u00e9tait partie quelques semaines plus t\u00f4t. Apr\u00e8s quelques h\u00e9sitations, Thibodeaux a retrouv\u00e9 la date pr\u00e9cise, le 19 septembre. Elle avait emprunt\u00e9 sa voiture, une Jeep Wagoneer et il l\u2019avait r\u00e9cup\u00e9r\u00e9e quelques jours plus tard \u00e0 Vicksburg. Thibodeaux n\u2019avait pas non plus d\u2019id\u00e9e sur la destination de son employ\u00e9e.<\/p>\n\n\n\n<p>Le policier nota qu\u2019il lui faudrait prendre contact avec ses coll\u00e8gues de Louisiane et leur demander si un incident impliquant Jennifer Boudreaux avait \u00e9t\u00e9 signal\u00e9, puis il se mit en qu\u00eate d\u2019une carte du sud des USA et y marqua quelques points : B\u00e2ton-Rouge, Vicksburg, Memphis, Tulsa. Plus de 800 miles en six semaines, qu\u2019est-ce qui pouvait pousser une femme seule \u00e0 se lancer dans un tel voyage ? Et quel \u00e9tait le lien entre Jennifer Boudreaux et Rebecca Page ?<\/p>\n\n\n\n<p>Tsali alla faire part de ses d\u00e9couvertes \u00e0 Mark Lobster. Celui-ci le f\u00e9licita pour les informations obtenues, mais le mit en garde.<\/p>\n\n\n\n<p>\u00ab Ne t\u2019emballe pas trop, \u00e0 l\u2019heure qu\u2019il est, ces femmes sont s\u00fbrement au Kansas, ou m\u00eame plus loin. Le sh\u00e9rif ne va pas nous laisser perdre du temps avec une affaire qui nous d\u00e9passe.<\/p>\n\n\n\n<p>\u2014 Je peux quand m\u00eame passer un ou deux coups de fil en Louisiane.<\/p>\n\n\n\n<p>\u2014 Oui, bien s\u00fbr, mais si cette femme s\u00e8me les cadavres sur sa route, c\u2019est le FBI qui prendra le relais.<\/p>\n\n\n\n<p>\u2014 Oui, je sais bien, mais je voudrais bien trouver ce qui l\u2019a pouss\u00e9e \u00e0 partir sans pr\u00e9venir personne. Il y a forc\u00e9ment eu un \u00e9l\u00e9ment d\u00e9clencheur.<\/p>\n\n\n\n<p>\u2014 Tu feras un bon enqu\u00eateur, Tsali, je le sens, mais n\u2019oublie pas pour qui tu travailles.<\/p>\n\n\n\n<p>\u2014 D\u2019accord, mais ce gamin, il est bien mort chez nous ! On ne peut pas classer l\u2019affaire aussi vite.<\/p>\n\n\n\n<p>\u2014 Ce sera au chef d\u2019en d\u00e9cider. \u00bb<\/p>\n\n\n\n<p><\/p>\n\n\n\n<p>[1] DMV : Department of Motor Vehicles<\/p>\n\n\n\n<p><\/p>\n\n\n\n<p>Continuer la lecture : <a href=\"https:\/\/ellington-photo.com\/ErosWalker\/mortelle-cavale-28\/\">https:\/\/ellington-photo.com\/ErosWalker\/mortelle-cavale-28\/<\/a><\/p>\n\n\n\n<p><\/p>\n","protected":false},"excerpt":{"rendered":"<p>Eclaircissements Claremore, OklahomaLundi 3 novembre 1980, 11h00 Le sergent Lobster et son \u00e9quipier commen\u00e7aient \u00e0 douter du succ\u00e8s de leur d\u00e9marche. Ils avaient lanc\u00e9 un avis de recherche pour les deux femmes dans tout l\u2019Oklahoma, mais les retours avaient tous \u00e9t\u00e9 n\u00e9gatifs. Ni la police &hellip; <\/p>\n","protected":false},"author":1,"featured_media":376,"parent":0,"menu_order":0,"comment_status":"closed","ping_status":"closed","template":"","meta":{"footnotes":""},"class_list":["post-375","page","type-page","status-publish","has-post-thumbnail","hentry"],"yoast_head":"<!-- This site is optimized with the Yoast SEO plugin v27.4 - https:\/\/yoast.com\/product\/yoast-seo-wordpress\/ -->\n<title>Mortelle Cavale (27) - Eros Walker Stories<\/title>\n<meta name=\"robots\" content=\"index, follow, max-snippet:-1, max-image-preview:large, max-video-preview:-1\" \/>\n<link rel=\"canonical\" href=\"https:\/\/ellington-photo.com\/ErosWalker\/mortelle-cavale-27\/\" \/>\n<meta property=\"og:locale\" content=\"fr_FR\" \/>\n<meta property=\"og:type\" content=\"article\" \/>\n<meta property=\"og:title\" content=\"Mortelle Cavale (27) - Eros Walker Stories\" \/>\n<meta property=\"og:description\" content=\"Eclaircissements Claremore, OklahomaLundi 3 novembre 1980, 11h00 Le sergent Lobster et son \u00e9quipier commen\u00e7aient \u00e0 douter du succ\u00e8s de leur d\u00e9marche. Ils avaient lanc\u00e9 un avis de recherche pour les deux femmes dans tout l\u2019Oklahoma, mais les retours avaient tous \u00e9t\u00e9 n\u00e9gatifs. Ni la police &hellip;\" \/>\n<meta property=\"og:url\" content=\"https:\/\/ellington-photo.com\/ErosWalker\/mortelle-cavale-27\/\" \/>\n<meta property=\"og:site_name\" content=\"Eros Walker Stories\" \/>\n<meta property=\"article:modified_time\" content=\"2025-01-02T15:59:18+00:00\" \/>\n<meta property=\"og:image\" content=\"https:\/\/ellington-photo.com\/ErosWalker\/wp-content\/uploads\/2024\/12\/Designer-39.jpeg\" \/>\n\t<meta property=\"og:image:width\" content=\"1024\" \/>\n\t<meta property=\"og:image:height\" content=\"1024\" \/>\n\t<meta property=\"og:image:type\" content=\"image\/jpeg\" \/>\n<meta name=\"twitter:card\" content=\"summary_large_image\" \/>\n<meta name=\"twitter:label1\" content=\"Dur\u00e9e de lecture estim\u00e9e\" \/>\n\t<meta name=\"twitter:data1\" content=\"4 minutes\" \/>\n<script type=\"application\/ld+json\" class=\"yoast-schema-graph\">{\"@context\":\"https:\\\/\\\/schema.org\",\"@graph\":[{\"@type\":\"WebPage\",\"@id\":\"https:\\\/\\\/ellington-photo.com\\\/ErosWalker\\\/mortelle-cavale-27\\\/\",\"url\":\"https:\\\/\\\/ellington-photo.com\\\/ErosWalker\\\/mortelle-cavale-27\\\/\",\"name\":\"Mortelle Cavale (27) - Eros Walker Stories\",\"isPartOf\":{\"@id\":\"https:\\\/\\\/ellington-photo.com\\\/ErosWalker\\\/#website\"},\"primaryImageOfPage\":{\"@id\":\"https:\\\/\\\/ellington-photo.com\\\/ErosWalker\\\/mortelle-cavale-27\\\/#primaryimage\"},\"image\":{\"@id\":\"https:\\\/\\\/ellington-photo.com\\\/ErosWalker\\\/mortelle-cavale-27\\\/#primaryimage\"},\"thumbnailUrl\":\"https:\\\/\\\/ellington-photo.com\\\/ErosWalker\\\/wp-content\\\/uploads\\\/2024\\\/12\\\/Designer-39.jpeg\",\"datePublished\":\"2024-12-31T13:06:05+00:00\",\"dateModified\":\"2025-01-02T15:59:18+00:00\",\"breadcrumb\":{\"@id\":\"https:\\\/\\\/ellington-photo.com\\\/ErosWalker\\\/mortelle-cavale-27\\\/#breadcrumb\"},\"inLanguage\":\"fr-FR\",\"potentialAction\":[{\"@type\":\"ReadAction\",\"target\":[\"https:\\\/\\\/ellington-photo.com\\\/ErosWalker\\\/mortelle-cavale-27\\\/\"]}]},{\"@type\":\"ImageObject\",\"inLanguage\":\"fr-FR\",\"@id\":\"https:\\\/\\\/ellington-photo.com\\\/ErosWalker\\\/mortelle-cavale-27\\\/#primaryimage\",\"url\":\"https:\\\/\\\/ellington-photo.com\\\/ErosWalker\\\/wp-content\\\/uploads\\\/2024\\\/12\\\/Designer-39.jpeg\",\"contentUrl\":\"https:\\\/\\\/ellington-photo.com\\\/ErosWalker\\\/wp-content\\\/uploads\\\/2024\\\/12\\\/Designer-39.jpeg\",\"width\":1024,\"height\":1024},{\"@type\":\"BreadcrumbList\",\"@id\":\"https:\\\/\\\/ellington-photo.com\\\/ErosWalker\\\/mortelle-cavale-27\\\/#breadcrumb\",\"itemListElement\":[{\"@type\":\"ListItem\",\"position\":1,\"name\":\"Accueil\",\"item\":\"https:\\\/\\\/ellington-photo.com\\\/ErosWalker\\\/\"},{\"@type\":\"ListItem\",\"position\":2,\"name\":\"Mortelle Cavale (27)\"}]},{\"@type\":\"WebSite\",\"@id\":\"https:\\\/\\\/ellington-photo.com\\\/ErosWalker\\\/#website\",\"url\":\"https:\\\/\\\/ellington-photo.com\\\/ErosWalker\\\/\",\"name\":\"Eros Walker Stories\",\"description\":\"Litt\u00e9rature et images\",\"publisher\":{\"@id\":\"https:\\\/\\\/ellington-photo.com\\\/ErosWalker\\\/#organization\"},\"potentialAction\":[{\"@type\":\"SearchAction\",\"target\":{\"@type\":\"EntryPoint\",\"urlTemplate\":\"https:\\\/\\\/ellington-photo.com\\\/ErosWalker\\\/?s={search_term_string}\"},\"query-input\":{\"@type\":\"PropertyValueSpecification\",\"valueRequired\":true,\"valueName\":\"search_term_string\"}}],\"inLanguage\":\"fr-FR\"},{\"@type\":\"Organization\",\"@id\":\"https:\\\/\\\/ellington-photo.com\\\/ErosWalker\\\/#organization\",\"name\":\"Eros Walker Stories\",\"url\":\"https:\\\/\\\/ellington-photo.com\\\/ErosWalker\\\/\",\"logo\":{\"@type\":\"ImageObject\",\"inLanguage\":\"fr-FR\",\"@id\":\"https:\\\/\\\/ellington-photo.com\\\/ErosWalker\\\/#\\\/schema\\\/logo\\\/image\\\/\",\"url\":\"https:\\\/\\\/ellington-photo.com\\\/ErosWalker\\\/wp-content\\\/uploads\\\/2025\\\/05\\\/Chat-Noir.jpg\",\"contentUrl\":\"https:\\\/\\\/ellington-photo.com\\\/ErosWalker\\\/wp-content\\\/uploads\\\/2025\\\/05\\\/Chat-Noir.jpg\",\"width\":400,\"height\":391,\"caption\":\"Eros Walker Stories\"},\"image\":{\"@id\":\"https:\\\/\\\/ellington-photo.com\\\/ErosWalker\\\/#\\\/schema\\\/logo\\\/image\\\/\"},\"sameAs\":[\"https:\\\/\\\/www.linkedin.com\\\/in\\\/eros-walker-ab710a298\\\/\"]}]}<\/script>\n<!-- \/ Yoast SEO plugin. -->","yoast_head_json":{"title":"Mortelle Cavale (27) - Eros Walker Stories","robots":{"index":"index","follow":"follow","max-snippet":"max-snippet:-1","max-image-preview":"max-image-preview:large","max-video-preview":"max-video-preview:-1"},"canonical":"https:\/\/ellington-photo.com\/ErosWalker\/mortelle-cavale-27\/","og_locale":"fr_FR","og_type":"article","og_title":"Mortelle Cavale (27) - Eros Walker Stories","og_description":"Eclaircissements Claremore, OklahomaLundi 3 novembre 1980, 11h00 Le sergent Lobster et son \u00e9quipier commen\u00e7aient \u00e0 douter du succ\u00e8s de leur d\u00e9marche. Ils avaient lanc\u00e9 un avis de recherche pour les deux femmes dans tout l\u2019Oklahoma, mais les retours avaient tous \u00e9t\u00e9 n\u00e9gatifs. Ni la police &hellip;","og_url":"https:\/\/ellington-photo.com\/ErosWalker\/mortelle-cavale-27\/","og_site_name":"Eros Walker Stories","article_modified_time":"2025-01-02T15:59:18+00:00","og_image":[{"width":1024,"height":1024,"url":"https:\/\/ellington-photo.com\/ErosWalker\/wp-content\/uploads\/2024\/12\/Designer-39.jpeg","type":"image\/jpeg"}],"twitter_card":"summary_large_image","twitter_misc":{"Dur\u00e9e de lecture estim\u00e9e":"4 minutes"},"schema":{"@context":"https:\/\/schema.org","@graph":[{"@type":"WebPage","@id":"https:\/\/ellington-photo.com\/ErosWalker\/mortelle-cavale-27\/","url":"https:\/\/ellington-photo.com\/ErosWalker\/mortelle-cavale-27\/","name":"Mortelle Cavale (27) - Eros Walker Stories","isPartOf":{"@id":"https:\/\/ellington-photo.com\/ErosWalker\/#website"},"primaryImageOfPage":{"@id":"https:\/\/ellington-photo.com\/ErosWalker\/mortelle-cavale-27\/#primaryimage"},"image":{"@id":"https:\/\/ellington-photo.com\/ErosWalker\/mortelle-cavale-27\/#primaryimage"},"thumbnailUrl":"https:\/\/ellington-photo.com\/ErosWalker\/wp-content\/uploads\/2024\/12\/Designer-39.jpeg","datePublished":"2024-12-31T13:06:05+00:00","dateModified":"2025-01-02T15:59:18+00:00","breadcrumb":{"@id":"https:\/\/ellington-photo.com\/ErosWalker\/mortelle-cavale-27\/#breadcrumb"},"inLanguage":"fr-FR","potentialAction":[{"@type":"ReadAction","target":["https:\/\/ellington-photo.com\/ErosWalker\/mortelle-cavale-27\/"]}]},{"@type":"ImageObject","inLanguage":"fr-FR","@id":"https:\/\/ellington-photo.com\/ErosWalker\/mortelle-cavale-27\/#primaryimage","url":"https:\/\/ellington-photo.com\/ErosWalker\/wp-content\/uploads\/2024\/12\/Designer-39.jpeg","contentUrl":"https:\/\/ellington-photo.com\/ErosWalker\/wp-content\/uploads\/2024\/12\/Designer-39.jpeg","width":1024,"height":1024},{"@type":"BreadcrumbList","@id":"https:\/\/ellington-photo.com\/ErosWalker\/mortelle-cavale-27\/#breadcrumb","itemListElement":[{"@type":"ListItem","position":1,"name":"Accueil","item":"https:\/\/ellington-photo.com\/ErosWalker\/"},{"@type":"ListItem","position":2,"name":"Mortelle Cavale (27)"}]},{"@type":"WebSite","@id":"https:\/\/ellington-photo.com\/ErosWalker\/#website","url":"https:\/\/ellington-photo.com\/ErosWalker\/","name":"Eros Walker Stories","description":"Litt\u00e9rature et images","publisher":{"@id":"https:\/\/ellington-photo.com\/ErosWalker\/#organization"},"potentialAction":[{"@type":"SearchAction","target":{"@type":"EntryPoint","urlTemplate":"https:\/\/ellington-photo.com\/ErosWalker\/?s={search_term_string}"},"query-input":{"@type":"PropertyValueSpecification","valueRequired":true,"valueName":"search_term_string"}}],"inLanguage":"fr-FR"},{"@type":"Organization","@id":"https:\/\/ellington-photo.com\/ErosWalker\/#organization","name":"Eros Walker Stories","url":"https:\/\/ellington-photo.com\/ErosWalker\/","logo":{"@type":"ImageObject","inLanguage":"fr-FR","@id":"https:\/\/ellington-photo.com\/ErosWalker\/#\/schema\/logo\/image\/","url":"https:\/\/ellington-photo.com\/ErosWalker\/wp-content\/uploads\/2025\/05\/Chat-Noir.jpg","contentUrl":"https:\/\/ellington-photo.com\/ErosWalker\/wp-content\/uploads\/2025\/05\/Chat-Noir.jpg","width":400,"height":391,"caption":"Eros Walker Stories"},"image":{"@id":"https:\/\/ellington-photo.com\/ErosWalker\/#\/schema\/logo\/image\/"},"sameAs":["https:\/\/www.linkedin.com\/in\/eros-walker-ab710a298\/"]}]}},"_links":{"self":[{"href":"https:\/\/ellington-photo.com\/ErosWalker\/wp-json\/wp\/v2\/pages\/375","targetHints":{"allow":["GET"]}}],"collection":[{"href":"https:\/\/ellington-photo.com\/ErosWalker\/wp-json\/wp\/v2\/pages"}],"about":[{"href":"https:\/\/ellington-photo.com\/ErosWalker\/wp-json\/wp\/v2\/types\/page"}],"author":[{"embeddable":true,"href":"https:\/\/ellington-photo.com\/ErosWalker\/wp-json\/wp\/v2\/users\/1"}],"replies":[{"embeddable":true,"href":"https:\/\/ellington-photo.com\/ErosWalker\/wp-json\/wp\/v2\/comments?post=375"}],"version-history":[{"count":2,"href":"https:\/\/ellington-photo.com\/ErosWalker\/wp-json\/wp\/v2\/pages\/375\/revisions"}],"predecessor-version":[{"id":381,"href":"https:\/\/ellington-photo.com\/ErosWalker\/wp-json\/wp\/v2\/pages\/375\/revisions\/381"}],"wp:featuredmedia":[{"embeddable":true,"href":"https:\/\/ellington-photo.com\/ErosWalker\/wp-json\/wp\/v2\/media\/376"}],"wp:attachment":[{"href":"https:\/\/ellington-photo.com\/ErosWalker\/wp-json\/wp\/v2\/media?parent=375"}],"curies":[{"name":"wp","href":"https:\/\/api.w.org\/{rel}","templated":true}]}}