{"id":369,"date":"2024-12-31T12:58:51","date_gmt":"2024-12-31T11:58:51","guid":{"rendered":"https:\/\/ellington-photo.com\/ErosWalker\/?page_id=369"},"modified":"2025-01-02T16:59:38","modified_gmt":"2025-01-02T15:59:38","slug":"mortelle-cavale-26","status":"publish","type":"page","link":"https:\/\/ellington-photo.com\/ErosWalker\/mortelle-cavale-26\/","title":{"rendered":"Mortelle Cavale (26)"},"content":{"rendered":"\n<p><strong>Compl\u00e9ment de revenu<\/strong><\/p>\n\n\n\n<p><strong>Topeka<\/strong> <strong>, Kansas<\/strong><br><strong>Samedi 1er novembre 1980, 23h30<\/strong><\/p>\n\n\n\n<p>Les premiers jours \u00e0 la station-service ont \u00e9t\u00e9 plut\u00f4t calmes. Comme je le pressentais, ce n\u2019est pas la grosse affluence autour des pompes en semaine. Il ne m\u2019avait pas fallu trop de temps pour prendre mes marques. Ronnie a un c\u00f4t\u00e9 paternel qui m\u2019agace parfois un peu, mais je suis s\u00fbre que \u00e7a part d\u2019une bonne intention. Il a pris beaucoup de temps pour m\u2019expliquer le fonctionnement de la boutique et les principales choses \u00e0 savoir sur les lubrifiants et accessoires auto. Pour le reste, je ne suis pas d\u00e9pays\u00e9e. Pendant ces premiers jours, j\u2019ai pr\u00e9f\u00e9r\u00e9 que Becky reste un peu \u00e0 l\u2019\u00e9cart. Il sera toujours temps de la solliciter un peu plus tard, si n\u00e9cessaire. Ce qui me surprend le plus, c\u2019est qu\u2019elle s\u2019est donn\u00e9e pour t\u00e2che d\u2019arranger notre nouvel espace de vie. Le logement n\u2019est pas tr\u00e8s spacieux, mais on peut y vivre correctement \u00e0 deux. Il y a deux pi\u00e8ces, un s\u00e9jour avec un coin cuisine et une chambre, plus une petite salle de bain. C\u2019est toujours mieux que notre motel minable. J\u2019ai laiss\u00e9 la chambre \u00e0 Becky et je dors dans le canap\u00e9 du s\u00e9jour. Elle a r\u00e9ussi \u00e0 d\u00e9nicher, je ne sais o\u00f9, quelques objets d\u00e9coratifs, et je dois reconna\u00eetre que \u00e7a donne un petit c\u00f4t\u00e9 cosy.<\/p>\n\n\n\n<p>Hier soir, c\u2019\u00e9tait Halloween, nous avons eu droit \u00e0 la visite de bandes de gamins d\u00e9guis\u00e9s. Ronnie m\u2019avait pr\u00e9venue et autoris\u00e9e \u00e0 puiser dans le stock de la boutique pour les contenter. Il y a eu un petit groupe de jeunes adultes, un peu plus tard, qui ont tent\u00e9 leur chance en qu\u00e9mandant quelques bi\u00e8res, mais je ne me suis pas laiss\u00e9e impressionner. Becky, qui \u00e9tait pr\u00e9sente \u00e0 ce moment, a profit\u00e9 de ce moment pour discuter avec des jeunes de son \u00e2ge. Apr\u00e8s tout, s\u2019ils veulent faire le plein ici plut\u00f4t qu\u2019\u00e0 c\u00f4t\u00e9, pourquoi pas ?<\/p>\n\n\n\n<p>Ce matin, il y a eu plus de monde. J\u2019ai vu passer plusieurs pickups dans le genre du n\u00f4tre. J\u2019ai pos\u00e9 la question \u00e0 un client et appris que les habitants des environs viennent faire les courses pour la semaine dans les magasins de Topeka. C\u2019est aussi l\u2019occasion de sorties en famille. \u00c0 midi, on a d\u00e9j\u00e0 fait autant de ventes qu\u2019en une journ\u00e9e de semaine. En plus de la petite \u00e9picerie, des boissons et de la confiserie, la boutique propose un petit coin bar, avec du caf\u00e9 et des sodas. Ronnie m\u2019a dit qu\u2019il avait envisag\u00e9 de proposer des hot-dogs ou des hamburgers, mais il ne l\u2019a pas encore fait. Je ne tiens pas les comptes de l\u2019entreprise, mais je suis certaine que la boutique rapporte plus que le carburant.<\/p>\n\n\n\n<p>C\u2019est en fin d\u2019apr\u00e8s-midi que les jeunes sont repass\u00e9s. Ils ont achet\u00e9 deux packs de bi\u00e8res et demand\u00e9 si Becky \u00e9tait l\u00e0. Je leur ai dit de faire le tour de l\u2019atelier et d\u2019aller frapper \u00e0 la porte du logement, \u00e0 l\u2019arri\u00e8re. Deux minutes plus tard, je les ai vu repara\u00eetre devant la vitrine, l\u2019un d\u2019eux tenait Becky par la taille. Je les ai regard\u00e9s se diriger vers une Ford Bronco bleue et partir dans un nuage de graviers. J\u2019ai compris que la p\u00e9riode de d\u00e9prime \u00e9tait bien termin\u00e9e.<\/p>\n\n\n\n<p>L\u2019activit\u00e9 s\u2019est un peu calm\u00e9e avec la tomb\u00e9e de la nuit. Ronnie m\u2019a relay\u00e9e \u00e0 la caisse pour me permettre de faire une pause avant que je ne reprenne mon job pour la soir\u00e9e. Il m\u2019a conseill\u00e9 de me reposer un peu en pr\u00e9vision du pic du samedi soir. La recommandation n\u2019\u00e9tait pas inutile. De huit heures \u00e0 onze heures, \u00e7a a \u00e9t\u00e9 un d\u00e9fil\u00e9 permanent, pratiquement que des jeunes, venant acheter des bi\u00e8res et des barres chocolat\u00e9es avant d\u2019aller au cin\u00e9 drive-in voisin ou pour faire le plein avant de partir en vadrouille.<\/p>\n\n\n\n<p>Becky est rentr\u00e9e \u00e0 onze heures et demie. Je venais juste de fermer et de mettre la recette dans le petit coffre \u00e0 l\u2019arri\u00e8re de la boutique. Au premier coup d\u2019\u0153il, j\u2019ai remarqu\u00e9 qu\u2019elle avait pas mal picol\u00e9. Sa d\u00e9marche \u00e9tait un peu moins assur\u00e9e sur ses talons hauts et sa tenue \u00e9tait un peu d\u00e9fraichie. Sa jupe \u00e9tait de travers, son chemisier mal boutonn\u00e9 et ses cheveux en d\u00e9sordre. Elle a sorti cinq billets de son sac et me les a tendus.<\/p>\n\n\n\n<p>\u00ab Tiens, c\u2019est ma part pour la semaine. \u00bb<\/p>\n\n\n\n<p>J\u2019ai pris l\u2019argent et je lui ai demand\u00e9 d\u2019o\u00f9 il venait, me doutant \u00e0 l\u2019avance de la r\u00e9ponse.<\/p>\n\n\n\n<p>\u00ab Ils \u00e9tait cinq, je leur ai demand\u00e9 vingt sacs \u00e0 chacun. Je suis crev\u00e9e, mais on s\u2019est bien \u00e9clat\u00e9s. Je crois que je vais me plaire ici, finalement ! \u00bb<\/p>\n\n\n\n<p>Continuer la lecture : <a href=\"https:\/\/ellington-photo.com\/ErosWalker\/mortelle-cavale-27\/\">https:\/\/ellington-photo.com\/ErosWalker\/mortelle-cavale-27\/<\/a><\/p>\n\n\n\n<p><\/p>\n","protected":false},"excerpt":{"rendered":"<p>Compl\u00e9ment de revenu Topeka , KansasSamedi 1er novembre 1980, 23h30 Les premiers jours \u00e0 la station-service ont \u00e9t\u00e9 plut\u00f4t calmes. Comme je le pressentais, ce n\u2019est pas la grosse affluence autour des pompes en semaine. Il ne m\u2019avait pas fallu trop de temps pour prendre &hellip; <\/p>\n","protected":false},"author":1,"featured_media":378,"parent":0,"menu_order":0,"comment_status":"closed","ping_status":"closed","template":"","meta":{"footnotes":""},"class_list":["post-369","page","type-page","status-publish","has-post-thumbnail","hentry"],"yoast_head":"<!-- This site is optimized with the Yoast SEO plugin v27.4 - https:\/\/yoast.com\/product\/yoast-seo-wordpress\/ -->\n<title>Mortelle Cavale (26) - Eros Walker Stories<\/title>\n<meta name=\"robots\" content=\"index, follow, max-snippet:-1, max-image-preview:large, max-video-preview:-1\" \/>\n<link rel=\"canonical\" href=\"https:\/\/ellington-photo.com\/ErosWalker\/mortelle-cavale-26\/\" \/>\n<meta property=\"og:locale\" content=\"fr_FR\" \/>\n<meta property=\"og:type\" content=\"article\" \/>\n<meta property=\"og:title\" content=\"Mortelle Cavale (26) - Eros Walker Stories\" \/>\n<meta property=\"og:description\" content=\"Compl\u00e9ment de revenu Topeka , KansasSamedi 1er novembre 1980, 23h30 Les premiers jours \u00e0 la station-service ont \u00e9t\u00e9 plut\u00f4t calmes. Comme je le pressentais, ce n\u2019est pas la grosse affluence autour des pompes en semaine. Il ne m\u2019avait pas fallu trop de temps pour prendre &hellip;\" \/>\n<meta property=\"og:url\" content=\"https:\/\/ellington-photo.com\/ErosWalker\/mortelle-cavale-26\/\" \/>\n<meta property=\"og:site_name\" content=\"Eros Walker Stories\" \/>\n<meta property=\"article:modified_time\" content=\"2025-01-02T15:59:38+00:00\" \/>\n<meta property=\"og:image\" content=\"https:\/\/ellington-photo.com\/ErosWalker\/wp-content\/uploads\/2024\/12\/Halloween.webp\" \/>\n\t<meta property=\"og:image:width\" content=\"1792\" \/>\n\t<meta property=\"og:image:height\" content=\"1024\" \/>\n\t<meta property=\"og:image:type\" content=\"image\/webp\" \/>\n<meta name=\"twitter:card\" content=\"summary_large_image\" \/>\n<meta name=\"twitter:label1\" content=\"Dur\u00e9e de lecture estim\u00e9e\" \/>\n\t<meta name=\"twitter:data1\" content=\"4 minutes\" \/>\n<script type=\"application\/ld+json\" class=\"yoast-schema-graph\">{\"@context\":\"https:\\\/\\\/schema.org\",\"@graph\":[{\"@type\":\"WebPage\",\"@id\":\"https:\\\/\\\/ellington-photo.com\\\/ErosWalker\\\/mortelle-cavale-26\\\/\",\"url\":\"https:\\\/\\\/ellington-photo.com\\\/ErosWalker\\\/mortelle-cavale-26\\\/\",\"name\":\"Mortelle Cavale (26) - Eros Walker Stories\",\"isPartOf\":{\"@id\":\"https:\\\/\\\/ellington-photo.com\\\/ErosWalker\\\/#website\"},\"primaryImageOfPage\":{\"@id\":\"https:\\\/\\\/ellington-photo.com\\\/ErosWalker\\\/mortelle-cavale-26\\\/#primaryimage\"},\"image\":{\"@id\":\"https:\\\/\\\/ellington-photo.com\\\/ErosWalker\\\/mortelle-cavale-26\\\/#primaryimage\"},\"thumbnailUrl\":\"https:\\\/\\\/ellington-photo.com\\\/ErosWalker\\\/wp-content\\\/uploads\\\/2024\\\/12\\\/Halloween.webp\",\"datePublished\":\"2024-12-31T11:58:51+00:00\",\"dateModified\":\"2025-01-02T15:59:38+00:00\",\"breadcrumb\":{\"@id\":\"https:\\\/\\\/ellington-photo.com\\\/ErosWalker\\\/mortelle-cavale-26\\\/#breadcrumb\"},\"inLanguage\":\"fr-FR\",\"potentialAction\":[{\"@type\":\"ReadAction\",\"target\":[\"https:\\\/\\\/ellington-photo.com\\\/ErosWalker\\\/mortelle-cavale-26\\\/\"]}]},{\"@type\":\"ImageObject\",\"inLanguage\":\"fr-FR\",\"@id\":\"https:\\\/\\\/ellington-photo.com\\\/ErosWalker\\\/mortelle-cavale-26\\\/#primaryimage\",\"url\":\"https:\\\/\\\/ellington-photo.com\\\/ErosWalker\\\/wp-content\\\/uploads\\\/2024\\\/12\\\/Halloween.webp\",\"contentUrl\":\"https:\\\/\\\/ellington-photo.com\\\/ErosWalker\\\/wp-content\\\/uploads\\\/2024\\\/12\\\/Halloween.webp\",\"width\":1792,\"height\":1024},{\"@type\":\"BreadcrumbList\",\"@id\":\"https:\\\/\\\/ellington-photo.com\\\/ErosWalker\\\/mortelle-cavale-26\\\/#breadcrumb\",\"itemListElement\":[{\"@type\":\"ListItem\",\"position\":1,\"name\":\"Accueil\",\"item\":\"https:\\\/\\\/ellington-photo.com\\\/ErosWalker\\\/\"},{\"@type\":\"ListItem\",\"position\":2,\"name\":\"Mortelle Cavale (26)\"}]},{\"@type\":\"WebSite\",\"@id\":\"https:\\\/\\\/ellington-photo.com\\\/ErosWalker\\\/#website\",\"url\":\"https:\\\/\\\/ellington-photo.com\\\/ErosWalker\\\/\",\"name\":\"Eros Walker Stories\",\"description\":\"Litt\u00e9rature et images\",\"publisher\":{\"@id\":\"https:\\\/\\\/ellington-photo.com\\\/ErosWalker\\\/#organization\"},\"potentialAction\":[{\"@type\":\"SearchAction\",\"target\":{\"@type\":\"EntryPoint\",\"urlTemplate\":\"https:\\\/\\\/ellington-photo.com\\\/ErosWalker\\\/?s={search_term_string}\"},\"query-input\":{\"@type\":\"PropertyValueSpecification\",\"valueRequired\":true,\"valueName\":\"search_term_string\"}}],\"inLanguage\":\"fr-FR\"},{\"@type\":\"Organization\",\"@id\":\"https:\\\/\\\/ellington-photo.com\\\/ErosWalker\\\/#organization\",\"name\":\"Eros Walker Stories\",\"url\":\"https:\\\/\\\/ellington-photo.com\\\/ErosWalker\\\/\",\"logo\":{\"@type\":\"ImageObject\",\"inLanguage\":\"fr-FR\",\"@id\":\"https:\\\/\\\/ellington-photo.com\\\/ErosWalker\\\/#\\\/schema\\\/logo\\\/image\\\/\",\"url\":\"https:\\\/\\\/ellington-photo.com\\\/ErosWalker\\\/wp-content\\\/uploads\\\/2025\\\/05\\\/Chat-Noir.jpg\",\"contentUrl\":\"https:\\\/\\\/ellington-photo.com\\\/ErosWalker\\\/wp-content\\\/uploads\\\/2025\\\/05\\\/Chat-Noir.jpg\",\"width\":400,\"height\":391,\"caption\":\"Eros Walker Stories\"},\"image\":{\"@id\":\"https:\\\/\\\/ellington-photo.com\\\/ErosWalker\\\/#\\\/schema\\\/logo\\\/image\\\/\"},\"sameAs\":[\"https:\\\/\\\/www.linkedin.com\\\/in\\\/eros-walker-ab710a298\\\/\"]}]}<\/script>\n<!-- \/ Yoast SEO plugin. -->","yoast_head_json":{"title":"Mortelle Cavale (26) - Eros Walker Stories","robots":{"index":"index","follow":"follow","max-snippet":"max-snippet:-1","max-image-preview":"max-image-preview:large","max-video-preview":"max-video-preview:-1"},"canonical":"https:\/\/ellington-photo.com\/ErosWalker\/mortelle-cavale-26\/","og_locale":"fr_FR","og_type":"article","og_title":"Mortelle Cavale (26) - Eros Walker Stories","og_description":"Compl\u00e9ment de revenu Topeka , KansasSamedi 1er novembre 1980, 23h30 Les premiers jours \u00e0 la station-service ont \u00e9t\u00e9 plut\u00f4t calmes. Comme je le pressentais, ce n\u2019est pas la grosse affluence autour des pompes en semaine. Il ne m\u2019avait pas fallu trop de temps pour prendre &hellip;","og_url":"https:\/\/ellington-photo.com\/ErosWalker\/mortelle-cavale-26\/","og_site_name":"Eros Walker Stories","article_modified_time":"2025-01-02T15:59:38+00:00","og_image":[{"width":1792,"height":1024,"url":"https:\/\/ellington-photo.com\/ErosWalker\/wp-content\/uploads\/2024\/12\/Halloween.webp","type":"image\/webp"}],"twitter_card":"summary_large_image","twitter_misc":{"Dur\u00e9e de lecture estim\u00e9e":"4 minutes"},"schema":{"@context":"https:\/\/schema.org","@graph":[{"@type":"WebPage","@id":"https:\/\/ellington-photo.com\/ErosWalker\/mortelle-cavale-26\/","url":"https:\/\/ellington-photo.com\/ErosWalker\/mortelle-cavale-26\/","name":"Mortelle Cavale (26) - Eros Walker Stories","isPartOf":{"@id":"https:\/\/ellington-photo.com\/ErosWalker\/#website"},"primaryImageOfPage":{"@id":"https:\/\/ellington-photo.com\/ErosWalker\/mortelle-cavale-26\/#primaryimage"},"image":{"@id":"https:\/\/ellington-photo.com\/ErosWalker\/mortelle-cavale-26\/#primaryimage"},"thumbnailUrl":"https:\/\/ellington-photo.com\/ErosWalker\/wp-content\/uploads\/2024\/12\/Halloween.webp","datePublished":"2024-12-31T11:58:51+00:00","dateModified":"2025-01-02T15:59:38+00:00","breadcrumb":{"@id":"https:\/\/ellington-photo.com\/ErosWalker\/mortelle-cavale-26\/#breadcrumb"},"inLanguage":"fr-FR","potentialAction":[{"@type":"ReadAction","target":["https:\/\/ellington-photo.com\/ErosWalker\/mortelle-cavale-26\/"]}]},{"@type":"ImageObject","inLanguage":"fr-FR","@id":"https:\/\/ellington-photo.com\/ErosWalker\/mortelle-cavale-26\/#primaryimage","url":"https:\/\/ellington-photo.com\/ErosWalker\/wp-content\/uploads\/2024\/12\/Halloween.webp","contentUrl":"https:\/\/ellington-photo.com\/ErosWalker\/wp-content\/uploads\/2024\/12\/Halloween.webp","width":1792,"height":1024},{"@type":"BreadcrumbList","@id":"https:\/\/ellington-photo.com\/ErosWalker\/mortelle-cavale-26\/#breadcrumb","itemListElement":[{"@type":"ListItem","position":1,"name":"Accueil","item":"https:\/\/ellington-photo.com\/ErosWalker\/"},{"@type":"ListItem","position":2,"name":"Mortelle Cavale (26)"}]},{"@type":"WebSite","@id":"https:\/\/ellington-photo.com\/ErosWalker\/#website","url":"https:\/\/ellington-photo.com\/ErosWalker\/","name":"Eros Walker Stories","description":"Litt\u00e9rature et images","publisher":{"@id":"https:\/\/ellington-photo.com\/ErosWalker\/#organization"},"potentialAction":[{"@type":"SearchAction","target":{"@type":"EntryPoint","urlTemplate":"https:\/\/ellington-photo.com\/ErosWalker\/?s={search_term_string}"},"query-input":{"@type":"PropertyValueSpecification","valueRequired":true,"valueName":"search_term_string"}}],"inLanguage":"fr-FR"},{"@type":"Organization","@id":"https:\/\/ellington-photo.com\/ErosWalker\/#organization","name":"Eros Walker Stories","url":"https:\/\/ellington-photo.com\/ErosWalker\/","logo":{"@type":"ImageObject","inLanguage":"fr-FR","@id":"https:\/\/ellington-photo.com\/ErosWalker\/#\/schema\/logo\/image\/","url":"https:\/\/ellington-photo.com\/ErosWalker\/wp-content\/uploads\/2025\/05\/Chat-Noir.jpg","contentUrl":"https:\/\/ellington-photo.com\/ErosWalker\/wp-content\/uploads\/2025\/05\/Chat-Noir.jpg","width":400,"height":391,"caption":"Eros Walker Stories"},"image":{"@id":"https:\/\/ellington-photo.com\/ErosWalker\/#\/schema\/logo\/image\/"},"sameAs":["https:\/\/www.linkedin.com\/in\/eros-walker-ab710a298\/"]}]}},"_links":{"self":[{"href":"https:\/\/ellington-photo.com\/ErosWalker\/wp-json\/wp\/v2\/pages\/369","targetHints":{"allow":["GET"]}}],"collection":[{"href":"https:\/\/ellington-photo.com\/ErosWalker\/wp-json\/wp\/v2\/pages"}],"about":[{"href":"https:\/\/ellington-photo.com\/ErosWalker\/wp-json\/wp\/v2\/types\/page"}],"author":[{"embeddable":true,"href":"https:\/\/ellington-photo.com\/ErosWalker\/wp-json\/wp\/v2\/users\/1"}],"replies":[{"embeddable":true,"href":"https:\/\/ellington-photo.com\/ErosWalker\/wp-json\/wp\/v2\/comments?post=369"}],"version-history":[{"count":2,"href":"https:\/\/ellington-photo.com\/ErosWalker\/wp-json\/wp\/v2\/pages\/369\/revisions"}],"predecessor-version":[{"id":374,"href":"https:\/\/ellington-photo.com\/ErosWalker\/wp-json\/wp\/v2\/pages\/369\/revisions\/374"}],"wp:featuredmedia":[{"embeddable":true,"href":"https:\/\/ellington-photo.com\/ErosWalker\/wp-json\/wp\/v2\/media\/378"}],"wp:attachment":[{"href":"https:\/\/ellington-photo.com\/ErosWalker\/wp-json\/wp\/v2\/media?parent=369"}],"curies":[{"name":"wp","href":"https:\/\/api.w.org\/{rel}","templated":true}]}}