{"id":364,"date":"2024-12-30T14:54:42","date_gmt":"2024-12-30T13:54:42","guid":{"rendered":"https:\/\/ellington-photo.com\/ErosWalker\/?page_id=364"},"modified":"2024-12-31T13:58:39","modified_gmt":"2024-12-31T12:58:39","slug":"mortelle-cavale-25","status":"publish","type":"page","link":"https:\/\/ellington-photo.com\/ErosWalker\/mortelle-cavale-25\/","title":{"rendered":"Mortelle Cavale (25)"},"content":{"rendered":"\n<p><strong>Reconversion<\/strong><\/p>\n\n\n\n<p><strong>Topeka<\/strong> <strong>, Kansas<\/strong><br><strong>Mercredi 29 octobre 1980, 18h00<\/strong><\/p>\n\n\n\n<p>Nous sommes maintenant \u00e0 Topeka depuis trois jours et je dois reconna\u00eetre que les choses ne se passent pas comme je l\u2019esp\u00e9rais. Je vais de bar en restaurant en esp\u00e9rant trouver un emploi. Contrairement \u00e0 Tulsa, la ville ne b\u00e9n\u00e9ficie pas de la manne p\u00e9troli\u00e8re et pour ne rien arranger, le temps se d\u00e9grade. Termin\u00e9es les soir\u00e9es sur les terrasses, les bars ont besoin de moins de personnel. Becky de son c\u00f4t\u00e9 reste choqu\u00e9e par les \u00e9v\u00e9nements d\u2019Oologah. Elle ne sort pratiquement pas de la chambre ou alors, pour aller acheter des pizzas. Depuis que nous sommes arriv\u00e9es, nous n\u2019avons rien gagn\u00e9 et notre p\u00e9cule fond \u00e0 vue d\u2019\u0153il. J\u2019ai contact\u00e9 un marchand de voitures d\u2019occasion qui nous propose 400 dollars pour le pickup. J\u2019h\u00e9site, \u00e7a nous permettrait de vivre une semaine de plus, mais apr\u00e8s nous n\u2019aurons plus de moyen de transport. D\u2019un autre c\u00f4t\u00e9, si on n\u2019a pas de quoi payer l\u2019essence, on n\u2019ira pas loin ! J\u2019ai pos\u00e9 la question \u00e0 Becky, elle n\u2019a pas eu l\u2019air de s\u2019int\u00e9resser \u00e0 la question. Je d\u00e9cide d\u2019attendre jusqu\u2019\u00e0 la fin de la semaine pour prendre une d\u00e9cision.<\/p>\n\n\n\n<p>C\u2019est en faisant ce que je pense \u00eatre le dernier plein de la voiture que j\u2019entrevois une \u00e9claircie. Alors que je me dirige vers la caisse pour payer le carburant, je remarque un petit panneau indiquant que le patron cherche un employ\u00e9 pour tenir la boutique. Je d\u00e9cide de tenter ma chance. J\u2019interroge l\u2019homme derri\u00e8re le comptoir. Il doit avoir une soixante d\u2019ann\u00e9es. La lassitude se lit sur son visage. Son fils, qui travaillait avec lui, vient de se marier et il est parti avec sa femme vivre \u00e0 Kansas City. Le patron me dit qu\u2019il s\u2019appelle Ronald Black, mais pr\u00e9f\u00e8re qu\u2019on l\u2019appelle Ronnie. Il ajoute qu\u2019il aurait aim\u00e9 quelqu\u2019un capable de faire un peu de m\u00e9canique. Ce n\u2019est \u00e9videment pas mon profil. J\u2019argumente tout de m\u00eame un peu, lui expliquant que si je tiens la caisse toute la journ\u00e9e, il aura du temps \u00e0 consacrer aux voitures. Je joue aussi un peu sur ses bons sentiments, insistant sur mon besoin urgent de trouver un travail. Mes arguments portent car il finit par se laisser convaincre. La paye propos\u00e9e n\u2019est pas mirobolante, mais il me permet d\u2019occuper un temps la chambre laiss\u00e9e libre par son fils au-dessus du garage. Le deal me parait honn\u00eate, et n\u2019ayant rien de mieux en vue, nous nous mettons d\u2019accord. Je profite de l\u2019occasion pour lui parler du C10. Je mentionne l\u2019offre qui m\u2019a \u00e9t\u00e9 faite, mais il me d\u00e9conseille de l\u2019accepter.<\/p>\n\n\n\n<p>\u00ab C\u2019est pas une bonne affaire, me dit-il. Vous pouvez en tirer plus que \u00e7a et si vous voulez vraiment la vendre, je vous donnerai une autre adresse, mais avant, nous lui donnerons un petit coup de fraicheur. \u00bb<\/p>\n\n\n\n<p>Nous prenons rendez-vous pour demain matin. Ronnie m\u2019expliquera les sp\u00e9cificit\u00e9s du m\u00e9tier, mais il me rassure, \u00e7a n\u2019a rien de sorcier. Son fils n\u2019est selon lui pas trop fut\u00e9 et il y arrivait tr\u00e8s bien. Je ne sais pas si je dois \u00eatre flatt\u00e9e de la comparaison.<\/p>\n\n\n\n<p>Je rentre au motel avec le diner. \u00c0 Tulsa, je pouvais cuisiner un peu, mais ici, on n\u2019a rien pour pr\u00e9parer les repas et \u00e0 peine une petite table et deux chaises pour manger, m\u00eame si la plupart du temps Becky grignote sur son lit, en regardant des feuilletons idiots \u00e0 la t\u00e9l\u00e9. Bien s\u00fbr, elle n\u2019a pas boug\u00e9 de la journ\u00e9e. Je lui fais part de mon nouveau job. Pour une fois, elle semble int\u00e9ress\u00e9e.<\/p>\n\n\n\n<p>\u00ab Je pourrai t\u2019aider, si tu veux, \u00e7a doit \u00eatre amusant, et puis comme \u00e7a je verrai du monde. \u00bb<\/p>\n\n\n\n<p>Je lui pr\u00e9cise qu\u2019on aura aussi un petit logement \u00e0 disposition. Cette information semble l\u2019int\u00e9resser au plus haut point. J\u2019ai l\u2019impression d\u2019entendre son cerveau \u00e9laborer des plans. Malheureusement, la connaissant, je ne suis pas certaine que \u00e7a corresponde au profil de la boutique.<\/p>\n\n\n\n<p>\u00ab Ne t\u2019emballe pas trop vite, fais-je, c\u2019est une petite station, \u00e0 la sortie de la ville, on ne va pas voir une foule de clients !<\/p>\n\n\n\n<p>\u2014 Peut-\u00eatre que \u00e7a changera quand ils verront qui tient la boutique ! \u00bb<\/p>\n\n\n\n<p>Je n\u2019ai pas envie de doucher son enthousiasme, je la laisse \u00e0 ses pens\u00e9es et je me pr\u00e9pare pour la nuit. Il n\u2019est pas dix heures quand je m\u2019endors, berc\u00e9e par les r\u00e9pliques de la famille Ewing dans <em>Dallas<\/em>.<\/p>\n\n\n\n<p><\/p>\n\n\n\n<p>Continuer la lecture : <a href=\"https:\/\/ellington-photo.com\/ErosWalker\/mortelle-cavale-26\/\">https:\/\/ellington-photo.com\/ErosWalker\/mortelle-cavale-26\/<\/a><\/p>\n\n\n\n<p><\/p>\n","protected":false},"excerpt":{"rendered":"<p>Reconversion Topeka , KansasMercredi 29 octobre 1980, 18h00 Nous sommes maintenant \u00e0 Topeka depuis trois jours et je dois reconna\u00eetre que les choses ne se passent pas comme je l\u2019esp\u00e9rais. Je vais de bar en restaurant en esp\u00e9rant trouver un emploi. Contrairement \u00e0 Tulsa, la &hellip; <\/p>\n","protected":false},"author":1,"featured_media":367,"parent":0,"menu_order":0,"comment_status":"closed","ping_status":"closed","template":"","meta":{"footnotes":""},"class_list":["post-364","page","type-page","status-publish","has-post-thumbnail","hentry"],"yoast_head":"<!-- This site is optimized with the Yoast SEO plugin v27.4 - https:\/\/yoast.com\/product\/yoast-seo-wordpress\/ -->\n<title>Mortelle Cavale (25) - Eros Walker Stories<\/title>\n<meta name=\"robots\" content=\"index, follow, max-snippet:-1, max-image-preview:large, max-video-preview:-1\" \/>\n<link rel=\"canonical\" href=\"https:\/\/ellington-photo.com\/ErosWalker\/mortelle-cavale-25\/\" \/>\n<meta property=\"og:locale\" content=\"fr_FR\" \/>\n<meta property=\"og:type\" content=\"article\" \/>\n<meta property=\"og:title\" content=\"Mortelle Cavale (25) - Eros Walker Stories\" \/>\n<meta property=\"og:description\" content=\"Reconversion Topeka , KansasMercredi 29 octobre 1980, 18h00 Nous sommes maintenant \u00e0 Topeka depuis trois jours et je dois reconna\u00eetre que les choses ne se passent pas comme je l\u2019esp\u00e9rais. Je vais de bar en restaurant en esp\u00e9rant trouver un emploi. Contrairement \u00e0 Tulsa, la &hellip;\" \/>\n<meta property=\"og:url\" content=\"https:\/\/ellington-photo.com\/ErosWalker\/mortelle-cavale-25\/\" \/>\n<meta property=\"og:site_name\" content=\"Eros Walker Stories\" \/>\n<meta property=\"article:modified_time\" content=\"2024-12-31T12:58:39+00:00\" \/>\n<meta property=\"og:image\" content=\"https:\/\/ellington-photo.com\/ErosWalker\/wp-content\/uploads\/2024\/12\/Designer-37.jpeg\" \/>\n\t<meta property=\"og:image:width\" content=\"1024\" \/>\n\t<meta property=\"og:image:height\" content=\"1024\" \/>\n\t<meta property=\"og:image:type\" content=\"image\/jpeg\" \/>\n<meta name=\"twitter:card\" content=\"summary_large_image\" \/>\n<meta name=\"twitter:label1\" content=\"Dur\u00e9e de lecture estim\u00e9e\" \/>\n\t<meta name=\"twitter:data1\" content=\"4 minutes\" \/>\n<script type=\"application\/ld+json\" class=\"yoast-schema-graph\">{\"@context\":\"https:\\\/\\\/schema.org\",\"@graph\":[{\"@type\":\"WebPage\",\"@id\":\"https:\\\/\\\/ellington-photo.com\\\/ErosWalker\\\/mortelle-cavale-25\\\/\",\"url\":\"https:\\\/\\\/ellington-photo.com\\\/ErosWalker\\\/mortelle-cavale-25\\\/\",\"name\":\"Mortelle Cavale (25) - Eros Walker Stories\",\"isPartOf\":{\"@id\":\"https:\\\/\\\/ellington-photo.com\\\/ErosWalker\\\/#website\"},\"primaryImageOfPage\":{\"@id\":\"https:\\\/\\\/ellington-photo.com\\\/ErosWalker\\\/mortelle-cavale-25\\\/#primaryimage\"},\"image\":{\"@id\":\"https:\\\/\\\/ellington-photo.com\\\/ErosWalker\\\/mortelle-cavale-25\\\/#primaryimage\"},\"thumbnailUrl\":\"https:\\\/\\\/ellington-photo.com\\\/ErosWalker\\\/wp-content\\\/uploads\\\/2024\\\/12\\\/Designer-37.jpeg\",\"datePublished\":\"2024-12-30T13:54:42+00:00\",\"dateModified\":\"2024-12-31T12:58:39+00:00\",\"breadcrumb\":{\"@id\":\"https:\\\/\\\/ellington-photo.com\\\/ErosWalker\\\/mortelle-cavale-25\\\/#breadcrumb\"},\"inLanguage\":\"fr-FR\",\"potentialAction\":[{\"@type\":\"ReadAction\",\"target\":[\"https:\\\/\\\/ellington-photo.com\\\/ErosWalker\\\/mortelle-cavale-25\\\/\"]}]},{\"@type\":\"ImageObject\",\"inLanguage\":\"fr-FR\",\"@id\":\"https:\\\/\\\/ellington-photo.com\\\/ErosWalker\\\/mortelle-cavale-25\\\/#primaryimage\",\"url\":\"https:\\\/\\\/ellington-photo.com\\\/ErosWalker\\\/wp-content\\\/uploads\\\/2024\\\/12\\\/Designer-37.jpeg\",\"contentUrl\":\"https:\\\/\\\/ellington-photo.com\\\/ErosWalker\\\/wp-content\\\/uploads\\\/2024\\\/12\\\/Designer-37.jpeg\",\"width\":1024,\"height\":1024},{\"@type\":\"BreadcrumbList\",\"@id\":\"https:\\\/\\\/ellington-photo.com\\\/ErosWalker\\\/mortelle-cavale-25\\\/#breadcrumb\",\"itemListElement\":[{\"@type\":\"ListItem\",\"position\":1,\"name\":\"Accueil\",\"item\":\"https:\\\/\\\/ellington-photo.com\\\/ErosWalker\\\/\"},{\"@type\":\"ListItem\",\"position\":2,\"name\":\"Mortelle Cavale (25)\"}]},{\"@type\":\"WebSite\",\"@id\":\"https:\\\/\\\/ellington-photo.com\\\/ErosWalker\\\/#website\",\"url\":\"https:\\\/\\\/ellington-photo.com\\\/ErosWalker\\\/\",\"name\":\"Eros Walker Stories\",\"description\":\"Litt\u00e9rature et images\",\"publisher\":{\"@id\":\"https:\\\/\\\/ellington-photo.com\\\/ErosWalker\\\/#organization\"},\"potentialAction\":[{\"@type\":\"SearchAction\",\"target\":{\"@type\":\"EntryPoint\",\"urlTemplate\":\"https:\\\/\\\/ellington-photo.com\\\/ErosWalker\\\/?s={search_term_string}\"},\"query-input\":{\"@type\":\"PropertyValueSpecification\",\"valueRequired\":true,\"valueName\":\"search_term_string\"}}],\"inLanguage\":\"fr-FR\"},{\"@type\":\"Organization\",\"@id\":\"https:\\\/\\\/ellington-photo.com\\\/ErosWalker\\\/#organization\",\"name\":\"Eros Walker Stories\",\"url\":\"https:\\\/\\\/ellington-photo.com\\\/ErosWalker\\\/\",\"logo\":{\"@type\":\"ImageObject\",\"inLanguage\":\"fr-FR\",\"@id\":\"https:\\\/\\\/ellington-photo.com\\\/ErosWalker\\\/#\\\/schema\\\/logo\\\/image\\\/\",\"url\":\"https:\\\/\\\/ellington-photo.com\\\/ErosWalker\\\/wp-content\\\/uploads\\\/2025\\\/05\\\/Chat-Noir.jpg\",\"contentUrl\":\"https:\\\/\\\/ellington-photo.com\\\/ErosWalker\\\/wp-content\\\/uploads\\\/2025\\\/05\\\/Chat-Noir.jpg\",\"width\":400,\"height\":391,\"caption\":\"Eros Walker Stories\"},\"image\":{\"@id\":\"https:\\\/\\\/ellington-photo.com\\\/ErosWalker\\\/#\\\/schema\\\/logo\\\/image\\\/\"},\"sameAs\":[\"https:\\\/\\\/www.linkedin.com\\\/in\\\/eros-walker-ab710a298\\\/\"]}]}<\/script>\n<!-- \/ Yoast SEO plugin. -->","yoast_head_json":{"title":"Mortelle Cavale (25) - Eros Walker Stories","robots":{"index":"index","follow":"follow","max-snippet":"max-snippet:-1","max-image-preview":"max-image-preview:large","max-video-preview":"max-video-preview:-1"},"canonical":"https:\/\/ellington-photo.com\/ErosWalker\/mortelle-cavale-25\/","og_locale":"fr_FR","og_type":"article","og_title":"Mortelle Cavale (25) - Eros Walker Stories","og_description":"Reconversion Topeka , KansasMercredi 29 octobre 1980, 18h00 Nous sommes maintenant \u00e0 Topeka depuis trois jours et je dois reconna\u00eetre que les choses ne se passent pas comme je l\u2019esp\u00e9rais. Je vais de bar en restaurant en esp\u00e9rant trouver un emploi. Contrairement \u00e0 Tulsa, la &hellip;","og_url":"https:\/\/ellington-photo.com\/ErosWalker\/mortelle-cavale-25\/","og_site_name":"Eros Walker Stories","article_modified_time":"2024-12-31T12:58:39+00:00","og_image":[{"width":1024,"height":1024,"url":"https:\/\/ellington-photo.com\/ErosWalker\/wp-content\/uploads\/2024\/12\/Designer-37.jpeg","type":"image\/jpeg"}],"twitter_card":"summary_large_image","twitter_misc":{"Dur\u00e9e de lecture estim\u00e9e":"4 minutes"},"schema":{"@context":"https:\/\/schema.org","@graph":[{"@type":"WebPage","@id":"https:\/\/ellington-photo.com\/ErosWalker\/mortelle-cavale-25\/","url":"https:\/\/ellington-photo.com\/ErosWalker\/mortelle-cavale-25\/","name":"Mortelle Cavale (25) - Eros Walker Stories","isPartOf":{"@id":"https:\/\/ellington-photo.com\/ErosWalker\/#website"},"primaryImageOfPage":{"@id":"https:\/\/ellington-photo.com\/ErosWalker\/mortelle-cavale-25\/#primaryimage"},"image":{"@id":"https:\/\/ellington-photo.com\/ErosWalker\/mortelle-cavale-25\/#primaryimage"},"thumbnailUrl":"https:\/\/ellington-photo.com\/ErosWalker\/wp-content\/uploads\/2024\/12\/Designer-37.jpeg","datePublished":"2024-12-30T13:54:42+00:00","dateModified":"2024-12-31T12:58:39+00:00","breadcrumb":{"@id":"https:\/\/ellington-photo.com\/ErosWalker\/mortelle-cavale-25\/#breadcrumb"},"inLanguage":"fr-FR","potentialAction":[{"@type":"ReadAction","target":["https:\/\/ellington-photo.com\/ErosWalker\/mortelle-cavale-25\/"]}]},{"@type":"ImageObject","inLanguage":"fr-FR","@id":"https:\/\/ellington-photo.com\/ErosWalker\/mortelle-cavale-25\/#primaryimage","url":"https:\/\/ellington-photo.com\/ErosWalker\/wp-content\/uploads\/2024\/12\/Designer-37.jpeg","contentUrl":"https:\/\/ellington-photo.com\/ErosWalker\/wp-content\/uploads\/2024\/12\/Designer-37.jpeg","width":1024,"height":1024},{"@type":"BreadcrumbList","@id":"https:\/\/ellington-photo.com\/ErosWalker\/mortelle-cavale-25\/#breadcrumb","itemListElement":[{"@type":"ListItem","position":1,"name":"Accueil","item":"https:\/\/ellington-photo.com\/ErosWalker\/"},{"@type":"ListItem","position":2,"name":"Mortelle Cavale (25)"}]},{"@type":"WebSite","@id":"https:\/\/ellington-photo.com\/ErosWalker\/#website","url":"https:\/\/ellington-photo.com\/ErosWalker\/","name":"Eros Walker Stories","description":"Litt\u00e9rature et images","publisher":{"@id":"https:\/\/ellington-photo.com\/ErosWalker\/#organization"},"potentialAction":[{"@type":"SearchAction","target":{"@type":"EntryPoint","urlTemplate":"https:\/\/ellington-photo.com\/ErosWalker\/?s={search_term_string}"},"query-input":{"@type":"PropertyValueSpecification","valueRequired":true,"valueName":"search_term_string"}}],"inLanguage":"fr-FR"},{"@type":"Organization","@id":"https:\/\/ellington-photo.com\/ErosWalker\/#organization","name":"Eros Walker Stories","url":"https:\/\/ellington-photo.com\/ErosWalker\/","logo":{"@type":"ImageObject","inLanguage":"fr-FR","@id":"https:\/\/ellington-photo.com\/ErosWalker\/#\/schema\/logo\/image\/","url":"https:\/\/ellington-photo.com\/ErosWalker\/wp-content\/uploads\/2025\/05\/Chat-Noir.jpg","contentUrl":"https:\/\/ellington-photo.com\/ErosWalker\/wp-content\/uploads\/2025\/05\/Chat-Noir.jpg","width":400,"height":391,"caption":"Eros Walker Stories"},"image":{"@id":"https:\/\/ellington-photo.com\/ErosWalker\/#\/schema\/logo\/image\/"},"sameAs":["https:\/\/www.linkedin.com\/in\/eros-walker-ab710a298\/"]}]}},"_links":{"self":[{"href":"https:\/\/ellington-photo.com\/ErosWalker\/wp-json\/wp\/v2\/pages\/364","targetHints":{"allow":["GET"]}}],"collection":[{"href":"https:\/\/ellington-photo.com\/ErosWalker\/wp-json\/wp\/v2\/pages"}],"about":[{"href":"https:\/\/ellington-photo.com\/ErosWalker\/wp-json\/wp\/v2\/types\/page"}],"author":[{"embeddable":true,"href":"https:\/\/ellington-photo.com\/ErosWalker\/wp-json\/wp\/v2\/users\/1"}],"replies":[{"embeddable":true,"href":"https:\/\/ellington-photo.com\/ErosWalker\/wp-json\/wp\/v2\/comments?post=364"}],"version-history":[{"count":4,"href":"https:\/\/ellington-photo.com\/ErosWalker\/wp-json\/wp\/v2\/pages\/364\/revisions"}],"predecessor-version":[{"id":373,"href":"https:\/\/ellington-photo.com\/ErosWalker\/wp-json\/wp\/v2\/pages\/364\/revisions\/373"}],"wp:featuredmedia":[{"embeddable":true,"href":"https:\/\/ellington-photo.com\/ErosWalker\/wp-json\/wp\/v2\/media\/367"}],"wp:attachment":[{"href":"https:\/\/ellington-photo.com\/ErosWalker\/wp-json\/wp\/v2\/media?parent=364"}],"curies":[{"name":"wp","href":"https:\/\/api.w.org\/{rel}","templated":true}]}}