{"id":348,"date":"2024-12-30T14:34:03","date_gmt":"2024-12-30T13:34:03","guid":{"rendered":"https:\/\/ellington-photo.com\/ErosWalker\/?page_id=348"},"modified":"2024-12-30T14:52:49","modified_gmt":"2024-12-30T13:52:49","slug":"mortelle-cavale-24","status":"publish","type":"page","link":"https:\/\/ellington-photo.com\/ErosWalker\/mortelle-cavale-24\/","title":{"rendered":"Mortelle Cavale (24)"},"content":{"rendered":"\n<p><strong>Identification<\/strong><\/p>\n\n\n\n<p><strong>Tulsa, Oklahoma<\/strong><br><strong>Lundi 27 octobre 1980, 9h30<\/strong><\/p>\n\n\n\n<p>Le sergent Lobster ayant assur\u00e9 la permanence du week-end \u00e9tait normalement de repos ce lundi matin. Il \u00e9tait toutefois pass\u00e9 au bureau du Sh\u00e9rif pour passer les consignes \u00e0 son \u00e9quipier habituel, Tsali Sands. Tsali, jeune officier d\u2019origine Cherokee, \u00e9tait un enqu\u00eateur prometteur, particuli\u00e8rement efficace pour mener les investigations dans les fichiers des diff\u00e9rentes administrations. Apr\u00e8s quelques coups de t\u00e9l\u00e9phone, il avait r\u00e9ussi \u00e0 identifier le propri\u00e9taire de l\u2019immeuble dans lequel vivaient les deux femmes recherch\u00e9es \u00e0 Tulsa. Le b\u00e2timent tout entier appartenait \u00e0 une compagnie d\u2019assurances qui en avait confi\u00e9 la gestion \u00e0 un agent immobilier situ\u00e9 dans l\u2019East Village District. Apr\u00e8s un coup de t\u00e9l\u00e9phone de confirmation, le jeune officier prit la route pour Tulsa.<\/p>\n\n\n\n<p>Le gestionnaire \u00e9tait en fait une soci\u00e9t\u00e9 importante, disposant de vastes bureaux sur Elgin Avenue. Tsali se pr\u00e9senta et expliqua sa requ\u00eate \u00e0 une jeune r\u00e9ceptionniste qui le dirigea vers un employ\u00e9 \u00e2g\u00e9.<\/p>\n\n\n\n<p>\u00ab Bonjour, je suis l\u2019officier Sands, du bureau du Sh\u00e9rif de Rogers, nous aurions besoin d\u2019identifier deux personnes qui habitent un immeuble dont vous \u00eates les g\u00e9rants.<\/p>\n\n\n\n<p>\u2014 Oui, bien s\u00fbr, j\u2019esp\u00e8re pouvoir vous aider. Pouvez-vous me donner l\u2019adresse de l\u2019immeuble en question ?<\/p>\n\n\n\n<p>\u2014 Il s\u2019agit du 1781, South Cheyenne Avenue.<\/p>\n\n\n\n<p>\u2014 Accordez-moi un moment, je vais aller chercher le dossier de cet immeuble. \u00bb<\/p>\n\n\n\n<p>Sands attendit deux ou trois minutes avant que l\u2019homme revienne avec un volumineux classeur.<\/p>\n\n\n\n<p>\u00ab Je suis d\u00e9sol\u00e9 de l\u2019attente, mais nous commen\u00e7ons tout juste \u00e0 entrer les donn\u00e9es dans l\u2019ordinateur, comme vous le voyez, moi je n\u2019ai pas encore d\u2019\u00e9cran. Ils ont commenc\u00e9 par les jeunes. Voil\u00e0, il y a beaucoup de mouvement dans cet immeuble, les locataires ne restent g\u00e9n\u00e9ralement pas longtemps. Il y a huit appartements. Que pouvez-vous me dire pour identifier le bon ?<\/p>\n\n\n\n<p>\u2014 Le logement a \u00e9t\u00e9 lou\u00e9 par deux femmes, l\u2019une doit avoir \u00e0 peu pr\u00e8s trente-cinq ans, l\u2019autre une vingtaine d\u2019ann\u00e9es.<\/p>\n\n\n\n<p>\u2014 Voyons cela, nous avons cinq logements occup\u00e9s par des couples avec des enfants, deux par des personnes \u00e2g\u00e9es qui vivent seules, il ne nous en reste donc qu\u2019un qui pourrait correspondre.<\/p>\n\n\n\n<p>\u2014 Parfait, que pouvez-vous me dire sur les occupants.<\/p>\n\n\n\n<p>\u2014 Le bail est au nom de Jennifer Boudreaux et Rebecca Page. Madame Boudreaux a d\u00e9clar\u00e9 travailler dans un bar, le Hooker, c\u2019est au bord de la rivi\u00e8re et elle nous a montr\u00e9 son bulletin de salaire. La plus jeune femme n\u2019a pas d\u2019emploi.<\/p>\n\n\n\n<p>\u2014 Depuis combien de temps habitent-elles \u00e0 cette adresse.<\/p>\n\n\n\n<p>\u2014 C\u2019est r\u00e9cent, elles ont sign\u00e9 le bail il y a juste deux semaines, lundi 13.<\/p>\n\n\n\n<p>\u2014 Avez-vous autre chose qui pourrait m\u2019aider ?<\/p>\n\n\n\n<p>\u2014 Non, je suis d\u00e9sol\u00e9. Vous savez, il s\u2019agit de logements modestes, nous nous assurons juste de la solvabilit\u00e9 des locataires. \u00bb<\/p>\n\n\n\n<p>En quittant les bureaux, le policier d\u00e9cida d\u2019aller se renseigner au Hooker. L\u2019\u00e9tablissement venait juste d\u2019ouvrir et il n\u2019y avait encore aucun client. Deux jeunes femmes remettaient de l\u2019ordre dans la salle. Sands demanda \u00e0 parler au patron. Une des filles indiqua une petite pi\u00e8ce au fond de la salle.<\/p>\n\n\n\n<p>\u00ab Bonjour Officier, que puis-je faire pour vous ?<\/p>\n\n\n\n<p>\u2014 Je voudrais que vous me parliez de l\u2019une de vos employ\u00e9es, Jennifer Boudreaux.<\/p>\n\n\n\n<p>\u2014 Qu\u2019est-ce qui lui est arriv\u00e9 ?<\/p>\n\n\n\n<p>\u2014 Je ne peux pas vous donner de d\u00e9tails. Quand l\u2019avez-vous vue pour la derni\u00e8re fois ?<\/p>\n\n\n\n<p>\u2014 C\u2019\u00e9tait samedi, en fin d\u2019apr\u00e8s-midi. Elle a re\u00e7u un coup de t\u00e9l\u00e9phone et elle partie affol\u00e9e, avant la fin de son service.<\/p>\n\n\n\n<p>\u2014 Vous pourriez \u00eatre plus pr\u00e9cis sur l\u2019heure de son d\u00e9part ?<\/p>\n\n\n\n<p>\u2014 Je n\u2019ai pas regard\u00e9, mais il devait \u00eatre \u00e0 peu pr\u00e8s cinq heures.<\/p>\n\n\n\n<p>\u2014 Depuis combien de temps travaille-t-elle pour vous ?<\/p>\n\n\n\n<p>\u2014 Trois semaines, c\u2019est une employ\u00e9e s\u00e9rieuse et travailleuse, je n\u2019ai eu aucun probl\u00e8me avec elle. Elle sert au bar et supervise la salle quand je suis absent ou occup\u00e9.<\/p>\n\n\n\n<p>\u2014 Connaissez-vous Rebecca Page ?<\/p>\n\n\n\n<p>\u2014 Ce nom ne me dit rien, mais je me souviens que Jenny a re\u00e7u de la visite vendredi en fin de journ\u00e9e. Une jolie fille d\u2019\u00e0 peu pr\u00e8s vingt ans. Je lui ai m\u00eame dit qu\u2019elle pouvait travailler ici, si elle le voulait.<\/p>\n\n\n\n<p>\u2014 Que voulait-elle ?<\/p>\n\n\n\n<p>\u2014 Je ne sais pas trop, elles se sont isol\u00e9es pour discuter un moment, puis Jenny m\u2019a dit qu\u2019elle \u00e9tait venue lui dire qu\u2019elle partait pour le week-end. Je n\u2019en sais pas plus.<\/p>\n\n\n\n<p>\u2014 Je vous remercie, je vous laisse ma carte, au cas o\u00f9 Madame Boudreaux reviendrait, je vous serais reconnaissant de bien vouloir nous en avertir. Une derni\u00e8re chose, savez-vous si Madame Boudreaux a une voiture ?<\/p>\n\n\n\n<p>\u2014 Oui, je l\u2019ai d\u00e9j\u00e0 vue dans un vieux pick-up Chevrolet. Un C10 bicolore, orange et cr\u00e8me. J\u2019ai m\u00eame remarqu\u00e9 qu\u2019elle avait une plaque du Tennessee. Pourquoi pensez-vous qu\u2019elle ne reviendra pas ?<\/p>\n\n\n\n<p>\u2014 Une intuition, rien de plus. \u00bb<\/p>\n\n\n\n<p><\/p>\n\n\n\n<p>Continuer la lecture : <a href=\"https:\/\/ellington-photo.com\/ErosWalker\/mortelle-cavale-25\/\">https:\/\/ellington-photo.com\/ErosWalker\/mortelle-cavale-25\/<\/a><\/p>\n\n\n\n<p><\/p>\n","protected":false},"excerpt":{"rendered":"<p>Identification Tulsa, OklahomaLundi 27 octobre 1980, 9h30 Le sergent Lobster ayant assur\u00e9 la permanence du week-end \u00e9tait normalement de repos ce lundi matin. Il \u00e9tait toutefois pass\u00e9 au bureau du Sh\u00e9rif pour passer les consignes \u00e0 son \u00e9quipier habituel, Tsali Sands. Tsali, jeune officier d\u2019origine &hellip; <\/p>\n","protected":false},"author":1,"featured_media":353,"parent":0,"menu_order":0,"comment_status":"closed","ping_status":"closed","template":"","meta":{"footnotes":""},"class_list":["post-348","page","type-page","status-publish","has-post-thumbnail","hentry"],"yoast_head":"<!-- This site is optimized with the Yoast SEO plugin v27.4 - https:\/\/yoast.com\/product\/yoast-seo-wordpress\/ -->\n<title>Mortelle Cavale (24) - Eros Walker Stories<\/title>\n<meta name=\"robots\" content=\"index, follow, max-snippet:-1, max-image-preview:large, max-video-preview:-1\" \/>\n<link rel=\"canonical\" href=\"https:\/\/ellington-photo.com\/ErosWalker\/mortelle-cavale-24\/\" \/>\n<meta property=\"og:locale\" content=\"fr_FR\" \/>\n<meta property=\"og:type\" content=\"article\" \/>\n<meta property=\"og:title\" content=\"Mortelle Cavale (24) - Eros Walker Stories\" \/>\n<meta property=\"og:description\" content=\"Identification Tulsa, OklahomaLundi 27 octobre 1980, 9h30 Le sergent Lobster ayant assur\u00e9 la permanence du week-end \u00e9tait normalement de repos ce lundi matin. Il \u00e9tait toutefois pass\u00e9 au bureau du Sh\u00e9rif pour passer les consignes \u00e0 son \u00e9quipier habituel, Tsali Sands. Tsali, jeune officier d\u2019origine &hellip;\" \/>\n<meta property=\"og:url\" content=\"https:\/\/ellington-photo.com\/ErosWalker\/mortelle-cavale-24\/\" \/>\n<meta property=\"og:site_name\" content=\"Eros Walker Stories\" \/>\n<meta property=\"article:modified_time\" content=\"2024-12-30T13:52:49+00:00\" \/>\n<meta property=\"og:image\" content=\"https:\/\/ellington-photo.com\/ErosWalker\/wp-content\/uploads\/2024\/12\/Bar-Topeka.webp\" \/>\n\t<meta property=\"og:image:width\" content=\"1792\" \/>\n\t<meta property=\"og:image:height\" content=\"1024\" \/>\n\t<meta property=\"og:image:type\" content=\"image\/webp\" \/>\n<meta name=\"twitter:card\" content=\"summary_large_image\" \/>\n<meta name=\"twitter:label1\" content=\"Dur\u00e9e de lecture estim\u00e9e\" \/>\n\t<meta name=\"twitter:data1\" content=\"4 minutes\" \/>\n<script type=\"application\/ld+json\" class=\"yoast-schema-graph\">{\"@context\":\"https:\\\/\\\/schema.org\",\"@graph\":[{\"@type\":\"WebPage\",\"@id\":\"https:\\\/\\\/ellington-photo.com\\\/ErosWalker\\\/mortelle-cavale-24\\\/\",\"url\":\"https:\\\/\\\/ellington-photo.com\\\/ErosWalker\\\/mortelle-cavale-24\\\/\",\"name\":\"Mortelle Cavale (24) - Eros Walker Stories\",\"isPartOf\":{\"@id\":\"https:\\\/\\\/ellington-photo.com\\\/ErosWalker\\\/#website\"},\"primaryImageOfPage\":{\"@id\":\"https:\\\/\\\/ellington-photo.com\\\/ErosWalker\\\/mortelle-cavale-24\\\/#primaryimage\"},\"image\":{\"@id\":\"https:\\\/\\\/ellington-photo.com\\\/ErosWalker\\\/mortelle-cavale-24\\\/#primaryimage\"},\"thumbnailUrl\":\"https:\\\/\\\/ellington-photo.com\\\/ErosWalker\\\/wp-content\\\/uploads\\\/2024\\\/12\\\/Bar-Topeka.webp\",\"datePublished\":\"2024-12-30T13:34:03+00:00\",\"dateModified\":\"2024-12-30T13:52:49+00:00\",\"breadcrumb\":{\"@id\":\"https:\\\/\\\/ellington-photo.com\\\/ErosWalker\\\/mortelle-cavale-24\\\/#breadcrumb\"},\"inLanguage\":\"fr-FR\",\"potentialAction\":[{\"@type\":\"ReadAction\",\"target\":[\"https:\\\/\\\/ellington-photo.com\\\/ErosWalker\\\/mortelle-cavale-24\\\/\"]}]},{\"@type\":\"ImageObject\",\"inLanguage\":\"fr-FR\",\"@id\":\"https:\\\/\\\/ellington-photo.com\\\/ErosWalker\\\/mortelle-cavale-24\\\/#primaryimage\",\"url\":\"https:\\\/\\\/ellington-photo.com\\\/ErosWalker\\\/wp-content\\\/uploads\\\/2024\\\/12\\\/Bar-Topeka.webp\",\"contentUrl\":\"https:\\\/\\\/ellington-photo.com\\\/ErosWalker\\\/wp-content\\\/uploads\\\/2024\\\/12\\\/Bar-Topeka.webp\",\"width\":1792,\"height\":1024},{\"@type\":\"BreadcrumbList\",\"@id\":\"https:\\\/\\\/ellington-photo.com\\\/ErosWalker\\\/mortelle-cavale-24\\\/#breadcrumb\",\"itemListElement\":[{\"@type\":\"ListItem\",\"position\":1,\"name\":\"Accueil\",\"item\":\"https:\\\/\\\/ellington-photo.com\\\/ErosWalker\\\/\"},{\"@type\":\"ListItem\",\"position\":2,\"name\":\"Mortelle Cavale (24)\"}]},{\"@type\":\"WebSite\",\"@id\":\"https:\\\/\\\/ellington-photo.com\\\/ErosWalker\\\/#website\",\"url\":\"https:\\\/\\\/ellington-photo.com\\\/ErosWalker\\\/\",\"name\":\"Eros Walker Stories\",\"description\":\"Litt\u00e9rature et images\",\"publisher\":{\"@id\":\"https:\\\/\\\/ellington-photo.com\\\/ErosWalker\\\/#organization\"},\"potentialAction\":[{\"@type\":\"SearchAction\",\"target\":{\"@type\":\"EntryPoint\",\"urlTemplate\":\"https:\\\/\\\/ellington-photo.com\\\/ErosWalker\\\/?s={search_term_string}\"},\"query-input\":{\"@type\":\"PropertyValueSpecification\",\"valueRequired\":true,\"valueName\":\"search_term_string\"}}],\"inLanguage\":\"fr-FR\"},{\"@type\":\"Organization\",\"@id\":\"https:\\\/\\\/ellington-photo.com\\\/ErosWalker\\\/#organization\",\"name\":\"Eros Walker Stories\",\"url\":\"https:\\\/\\\/ellington-photo.com\\\/ErosWalker\\\/\",\"logo\":{\"@type\":\"ImageObject\",\"inLanguage\":\"fr-FR\",\"@id\":\"https:\\\/\\\/ellington-photo.com\\\/ErosWalker\\\/#\\\/schema\\\/logo\\\/image\\\/\",\"url\":\"https:\\\/\\\/ellington-photo.com\\\/ErosWalker\\\/wp-content\\\/uploads\\\/2025\\\/05\\\/Chat-Noir.jpg\",\"contentUrl\":\"https:\\\/\\\/ellington-photo.com\\\/ErosWalker\\\/wp-content\\\/uploads\\\/2025\\\/05\\\/Chat-Noir.jpg\",\"width\":400,\"height\":391,\"caption\":\"Eros Walker Stories\"},\"image\":{\"@id\":\"https:\\\/\\\/ellington-photo.com\\\/ErosWalker\\\/#\\\/schema\\\/logo\\\/image\\\/\"},\"sameAs\":[\"https:\\\/\\\/www.linkedin.com\\\/in\\\/eros-walker-ab710a298\\\/\"]}]}<\/script>\n<!-- \/ Yoast SEO plugin. -->","yoast_head_json":{"title":"Mortelle Cavale (24) - Eros Walker Stories","robots":{"index":"index","follow":"follow","max-snippet":"max-snippet:-1","max-image-preview":"max-image-preview:large","max-video-preview":"max-video-preview:-1"},"canonical":"https:\/\/ellington-photo.com\/ErosWalker\/mortelle-cavale-24\/","og_locale":"fr_FR","og_type":"article","og_title":"Mortelle Cavale (24) - Eros Walker Stories","og_description":"Identification Tulsa, OklahomaLundi 27 octobre 1980, 9h30 Le sergent Lobster ayant assur\u00e9 la permanence du week-end \u00e9tait normalement de repos ce lundi matin. Il \u00e9tait toutefois pass\u00e9 au bureau du Sh\u00e9rif pour passer les consignes \u00e0 son \u00e9quipier habituel, Tsali Sands. Tsali, jeune officier d\u2019origine &hellip;","og_url":"https:\/\/ellington-photo.com\/ErosWalker\/mortelle-cavale-24\/","og_site_name":"Eros Walker Stories","article_modified_time":"2024-12-30T13:52:49+00:00","og_image":[{"width":1792,"height":1024,"url":"https:\/\/ellington-photo.com\/ErosWalker\/wp-content\/uploads\/2024\/12\/Bar-Topeka.webp","type":"image\/webp"}],"twitter_card":"summary_large_image","twitter_misc":{"Dur\u00e9e de lecture estim\u00e9e":"4 minutes"},"schema":{"@context":"https:\/\/schema.org","@graph":[{"@type":"WebPage","@id":"https:\/\/ellington-photo.com\/ErosWalker\/mortelle-cavale-24\/","url":"https:\/\/ellington-photo.com\/ErosWalker\/mortelle-cavale-24\/","name":"Mortelle Cavale (24) - Eros Walker Stories","isPartOf":{"@id":"https:\/\/ellington-photo.com\/ErosWalker\/#website"},"primaryImageOfPage":{"@id":"https:\/\/ellington-photo.com\/ErosWalker\/mortelle-cavale-24\/#primaryimage"},"image":{"@id":"https:\/\/ellington-photo.com\/ErosWalker\/mortelle-cavale-24\/#primaryimage"},"thumbnailUrl":"https:\/\/ellington-photo.com\/ErosWalker\/wp-content\/uploads\/2024\/12\/Bar-Topeka.webp","datePublished":"2024-12-30T13:34:03+00:00","dateModified":"2024-12-30T13:52:49+00:00","breadcrumb":{"@id":"https:\/\/ellington-photo.com\/ErosWalker\/mortelle-cavale-24\/#breadcrumb"},"inLanguage":"fr-FR","potentialAction":[{"@type":"ReadAction","target":["https:\/\/ellington-photo.com\/ErosWalker\/mortelle-cavale-24\/"]}]},{"@type":"ImageObject","inLanguage":"fr-FR","@id":"https:\/\/ellington-photo.com\/ErosWalker\/mortelle-cavale-24\/#primaryimage","url":"https:\/\/ellington-photo.com\/ErosWalker\/wp-content\/uploads\/2024\/12\/Bar-Topeka.webp","contentUrl":"https:\/\/ellington-photo.com\/ErosWalker\/wp-content\/uploads\/2024\/12\/Bar-Topeka.webp","width":1792,"height":1024},{"@type":"BreadcrumbList","@id":"https:\/\/ellington-photo.com\/ErosWalker\/mortelle-cavale-24\/#breadcrumb","itemListElement":[{"@type":"ListItem","position":1,"name":"Accueil","item":"https:\/\/ellington-photo.com\/ErosWalker\/"},{"@type":"ListItem","position":2,"name":"Mortelle Cavale (24)"}]},{"@type":"WebSite","@id":"https:\/\/ellington-photo.com\/ErosWalker\/#website","url":"https:\/\/ellington-photo.com\/ErosWalker\/","name":"Eros Walker Stories","description":"Litt\u00e9rature et images","publisher":{"@id":"https:\/\/ellington-photo.com\/ErosWalker\/#organization"},"potentialAction":[{"@type":"SearchAction","target":{"@type":"EntryPoint","urlTemplate":"https:\/\/ellington-photo.com\/ErosWalker\/?s={search_term_string}"},"query-input":{"@type":"PropertyValueSpecification","valueRequired":true,"valueName":"search_term_string"}}],"inLanguage":"fr-FR"},{"@type":"Organization","@id":"https:\/\/ellington-photo.com\/ErosWalker\/#organization","name":"Eros Walker Stories","url":"https:\/\/ellington-photo.com\/ErosWalker\/","logo":{"@type":"ImageObject","inLanguage":"fr-FR","@id":"https:\/\/ellington-photo.com\/ErosWalker\/#\/schema\/logo\/image\/","url":"https:\/\/ellington-photo.com\/ErosWalker\/wp-content\/uploads\/2025\/05\/Chat-Noir.jpg","contentUrl":"https:\/\/ellington-photo.com\/ErosWalker\/wp-content\/uploads\/2025\/05\/Chat-Noir.jpg","width":400,"height":391,"caption":"Eros Walker Stories"},"image":{"@id":"https:\/\/ellington-photo.com\/ErosWalker\/#\/schema\/logo\/image\/"},"sameAs":["https:\/\/www.linkedin.com\/in\/eros-walker-ab710a298\/"]}]}},"_links":{"self":[{"href":"https:\/\/ellington-photo.com\/ErosWalker\/wp-json\/wp\/v2\/pages\/348","targetHints":{"allow":["GET"]}}],"collection":[{"href":"https:\/\/ellington-photo.com\/ErosWalker\/wp-json\/wp\/v2\/pages"}],"about":[{"href":"https:\/\/ellington-photo.com\/ErosWalker\/wp-json\/wp\/v2\/types\/page"}],"author":[{"embeddable":true,"href":"https:\/\/ellington-photo.com\/ErosWalker\/wp-json\/wp\/v2\/users\/1"}],"replies":[{"embeddable":true,"href":"https:\/\/ellington-photo.com\/ErosWalker\/wp-json\/wp\/v2\/comments?post=348"}],"version-history":[{"count":2,"href":"https:\/\/ellington-photo.com\/ErosWalker\/wp-json\/wp\/v2\/pages\/348\/revisions"}],"predecessor-version":[{"id":363,"href":"https:\/\/ellington-photo.com\/ErosWalker\/wp-json\/wp\/v2\/pages\/348\/revisions\/363"}],"wp:featuredmedia":[{"embeddable":true,"href":"https:\/\/ellington-photo.com\/ErosWalker\/wp-json\/wp\/v2\/media\/353"}],"wp:attachment":[{"href":"https:\/\/ellington-photo.com\/ErosWalker\/wp-json\/wp\/v2\/media?parent=348"}],"curies":[{"name":"wp","href":"https:\/\/api.w.org\/{rel}","templated":true}]}}