{"id":318,"date":"2024-11-30T14:13:45","date_gmt":"2024-11-30T13:13:45","guid":{"rendered":"https:\/\/ellington-photo.com\/ErosWalker\/?page_id=318"},"modified":"2024-12-30T14:51:21","modified_gmt":"2024-12-30T13:51:21","slug":"mortelle-cavale-22","status":"publish","type":"page","link":"https:\/\/ellington-photo.com\/ErosWalker\/mortelle-cavale-22\/","title":{"rendered":"Mortelle Cavale (22)"},"content":{"rendered":"\n<p><strong>Compl\u00e9ment d\u2019enqu\u00eate<\/strong><\/p>\n\n\n\n<p><strong>Comt\u00e9 de Rogers, Oklahoma<\/strong><br><strong>Dimanche 26 octobre 1980, 10h30<\/strong><\/p>\n\n\n\n<p>Mark Lobster avait un sentiment de doute en rentrant \u00e0 Rogers. La copine de cette Becky, Marcie, avait dit qu\u2019une femme \u00e9tait venue la r\u00e9cup\u00e9rer en fin de journ\u00e9e. Il aurait d\u00fb lui demander plus de pr\u00e9cisions sur la personne qui \u00e9tait pass\u00e9e \u00e0 Oologah et aussi sur la voiture qu\u2019elle conduisait. Rentr\u00e9 au bureau du sh\u00e9rif, apr\u00e8s avoir rendu compte par t\u00e9l\u00e9phone au lieutenant de sa visite infructueuse \u00e0 Tulsa, il d\u00e9cida d\u2019appeler la villa des Thompson. La voix qui lui r\u00e9pondit \u00e9tait une voix d\u2019homme m\u00fbr, probablement pas celle du jeune homme rencontr\u00e9 la veille, ce Louis Beckman.<\/p>\n\n\n\n<p>\u00ab Peter Thompson, annon\u00e7a la voix visiblement accabl\u00e9e.<\/p>\n\n\n\n<p>\u2014 Bonjour Monsieur Thompson, je suis le sergent Lobster, du bureau du sh\u00e9rif. Je suis charg\u00e9 de l\u2019affaire qui s\u2019est d\u00e9roul\u00e9e chez vous. Toutes mes condol\u00e9ances.<\/p>\n\n\n\n<p>\u2014 Merci Sergent, qu\u2019est-ce que je peux faire pour vous ?<\/p>\n\n\n\n<p>\u2014 Je voudrais savoir si l\u2019amie de votre fils, une certaine Marcie Miller est toujours pr\u00e9sente.<\/p>\n\n\n\n<p>\u2014 Oui, elle est l\u00e0. Elle \u00e9tait tr\u00e8s choqu\u00e9e quand je suis arriv\u00e9 hier soir, j\u2019ai pr\u00e9f\u00e9r\u00e9 qu\u2019elle passe la nuit ici. Que lui voulez-vous ?<\/p>\n\n\n\n<p>\u2014 J\u2019aurais besoin de lui poser quelques questions \u00e0 propos de l\u2019autre jeune femme qui \u00e9tait avec votre fils hier, celle qui a tir\u00e9. Auriez-vous l\u2019amabilit\u00e9 de lui demander de m\u2019attendre, je peux \u00eatre chez vous dans quinze minutes.<\/p>\n\n\n\n<p>\u2014 Tr\u00e8s bien, je vais la pr\u00e9venir.<\/p>\n\n\n\n<p>\u2014 Merci beaucoup, \u00e0 tout de suite. \u00bb<\/p>\n\n\n\n<p>Le sergent engagea sa voiture dans le chemin menant au chalet des Thompson. Une Cadillac Fleetwood flambant neuve \u00e9tait parqu\u00e9e sous un abri, \u00e0 c\u00f4t\u00e9 de la Camaro qu\u2019il avait d\u00e9j\u00e0 remarqu\u00e9e la veille. Un homme d\u2019une soixantaine d\u2019ann\u00e9es vint lui ouvrir et se pr\u00e9senta comme Peter Thompson, propri\u00e9taire des lieux et p\u00e8re de la victime.<\/p>\n\n\n\n<p>\u00ab Entrez Sergent, Marcie Miller vous attend. \u00bb<\/p>\n\n\n\n<p>Mark p\u00e9n\u00e9tra dans le vaste salon qu\u2019il n\u2019avait pas eu l\u2019occasion de d\u00e9couvrir la veille, ayant men\u00e9 les premi\u00e8res constatations \u00e0 l\u2019ext\u00e9rieur de la maison. Un feu de bois brulait dans la chemin\u00e9e et une douce chaleur emplissait la pi\u00e8ce. Marcie \u00e9tait assise dans un coin d\u2019un grand canap\u00e9, les jambes repli\u00e9es, comme prostr\u00e9e.<\/p>\n\n\n\n<p>\u00ab Mademoiselle Miller, je suis d\u00e9sol\u00e9 de vous poser de nouvelles questions, mais votre amie Becky n\u2019\u00e9tait pas \u00e0 son domicile ce matin quand je m\u2019y suis pr\u00e9sent\u00e9. J\u2019aurais besoin que vous me donniez quelques pr\u00e9cisions sur la personne qui est venue la chercher hier soir.<\/p>\n\n\n\n<p>\u2014 Je ne la connais pas, je peux juste dire que c\u2019\u00e9tait une femme blonde, pas aimable, elle a refus\u00e9 de me ramener \u00e0 Tulsa.<\/p>\n\n\n\n<p>\u2014 Pourriez-vous me donner quelques pr\u00e9cisions ? Me la d\u00e9crire ?<\/p>\n\n\n\n<p>\u2014 Elle n\u2019est m\u00eame pas descendue de la voiture ! Elle doit avoir entre trente et quarante ans. Quand elle a parl\u00e9 \u00e0 Becky, j\u2019ai trouv\u00e9 qu\u2019elle avait l\u2019accent du Sud.<\/p>\n\n\n\n<p>\u2014 Et la voiture ? demanda le sergent.<\/p>\n\n\n\n<p>\u2014 Un pick-up, pas r\u00e9cent, pas mal caboss\u00e9.<\/p>\n\n\n\n<p>\u2014 Quelle couleur ? Vous avez reconnu la marque ?<\/p>\n\n\n\n<p>\u2014 Orange et blanc, mais tr\u00e8s sale, Chevrolet je crois, mais je ne suis pas s\u00fbre.<\/p>\n\n\n\n<p>\u2014 Becky vous avait parl\u00e9 de cette femme, vous connaissez son nom ?<\/p>\n\n\n\n<p>\u2014 Non, enfin \u00e0 peine, je sais juste qu\u2019elle partageait son appartement avec une amie plus \u00e2g\u00e9e.<\/p>\n\n\n\n<p>\u2014 Mary Anderson ?<\/p>\n\n\n\n<p>\u2014 Je ne l\u2019ai jamais entendue prononcer ce nom.<\/p>\n\n\n\n<p>\u2014 Comment avez-vous fait connaissance avec cette Becky ?<\/p>\n\n\n\n<p>\u2014 C\u2019est Steve qui l\u2019a invit\u00e9e. Je ne la connaissais pas avant ce week-end. Avec Steve et Louis, on est pass\u00e9s chez elle vendredi soir, c\u2019est tout.<\/p>\n\n\n\n<p>\u2014 Et Steve, il la connaissait depuis longtemps ?<\/p>\n\n\n\n<p>\u2014 Je ne sais pas, je ne lui ai pas demand\u00e9. Je crois qu\u2019il faudrait plut\u00f4t demander \u00e7a \u00e0 Louis. Il doit savoir.<\/p>\n\n\n\n<p>\u2014 Il est toujours l\u00e0 ce Louis ?<\/p>\n\n\n\n<p>\u2014 Je pense, il n\u2019avait pas de voiture pour rentrer, on \u00e9tait tous venus dans la voiture de Steve.<\/p>\n\n\n\n<p>\u2014 La Camaro jaune ?<\/p>\n\n\n\n<p>\u2014 Oui, c\u2019est \u00e7a. \u00bb<\/p>\n\n\n\n<p>Louis Beckman \u00e9tait en conversation avec Peter Thompson quand le sergent demanda \u00e0 lui parler.<\/p>\n\n\n\n<p>\u00ab Que pouvez-vous me dire sur cette Becky ? Vous la connaissez depuis longtemps ?<\/p>\n\n\n\n<p>\u2014 Non, je l\u2019ai vue pour la premi\u00e8re fois vendredi. C\u2019\u00e9tait, comment dire, une fille que Steve avait rencontr\u00e9 dans un bar. Il m\u2019avait juste dit que c\u2019\u00e9tait un super coup ! Vous voyez le genre ?<\/p>\n\n\n\n<p>\u2014 Pas vraiment, r\u00e9pliqua le policier.<\/p>\n\n\n\n<p>\u2014 Je crois que Steve lui avait fil\u00e9 un peu de pognon pour qu\u2019elle vienne passer le week-end avec nous.<\/p>\n\n\n\n<p>\u2014 Une prostitu\u00e9e ?<\/p>\n\n\n\n<p>\u2014 Je ne sais pas, c\u2019est s\u00fbr qu\u2019elle a de l\u2019exp\u00e9rience, mais je ne peux pas \u00eatre certain.<\/p>\n\n\n\n<p>\u2014 Et Marcie, c\u2019est aussi une fille rencontr\u00e9e dans un bar ?<\/p>\n\n\n\n<p>\u2014 Oh non ! Marcie on la connait depuis longtemps, on a \u00e9t\u00e9 au coll\u00e8ge ensemble avec Steve, mais la petite amie de Steve n\u2019\u00e9tait pas libre, alors il a voulu faire un compte rond !<\/p>\n\n\n\n<p>\u2014 Vous saviez qu\u2019elle avait une arme avec elle ?<\/p>\n\n\n\n<p>\u2014 Ben non ! Elle l\u2019a sortie quand on a commenc\u00e9 \u00e0 tirer apr\u00e8s la sortie en bateau.<\/p>\n\n\n\n<p>\u2014 Vous avez reconnu le mod\u00e8le du flingue ?<\/p>\n\n\n\n<p>\u2014 C\u2019\u00e9tait un revolver, \u00e7a c\u2019est s\u00fbr, assez gros. Comme ceux que vous utilisez dans la police.<\/p>\n\n\n\n<p>\u2014 Un truc de ce genre l\u00e0 ? demanda Lobster en sortant son arme de service.<\/p>\n\n\n\n<p>\u2014 Oui, \u00e7a ressemblait bien \u00e0 \u00e7a. \u00bb<\/p>\n\n\n\n<p>De retour \u00e0 son bureau, le sergent prit l\u2019initiative de diffuser un avis de recherche pour un pick-up Chevrolet \u00e2g\u00e9, avec deux femmes \u00e0 bord. Il ne se faisait que peu d\u2019illusions sur les chances de succ\u00e8s de cette d\u00e9marche, mais ne pouvait pas l\u2019ignorer. La femme qu\u2019il avait rencontr\u00e9e un peu plus t\u00f4t, Mary Anderson, correspondait \u00e0 la description donn\u00e9e par Marcie, mais si elle n\u2019\u00e9tait pas compl\u00e8tement idiote, elle avait s\u00fbrement d\u00e9j\u00e0 franchi les limites du comt\u00e9, voire de l\u2019 \u00c9tat. Il lui restait \u00e0 d\u00e9terminer les identit\u00e9s compl\u00e8tes des deux femmes, mais pour cela, il lui faudrait passer par le propri\u00e9taire du logement, ce qui risquait d\u2019\u00eatre difficile un dimanche apr\u00e8s-midi.<\/p>\n\n\n\n<p><\/p>\n\n\n\n<p>Continuer la lecture : <a href=\"https:\/\/ellington-photo.com\/ErosWalker\/mortelle-cavale-23\/\">https:\/\/ellington-photo.com\/ErosWalker\/mortelle-cavale-23\/<\/a><\/p>\n\n\n\n<p><\/p>\n","protected":false},"excerpt":{"rendered":"<p>Compl\u00e9ment d\u2019enqu\u00eate Comt\u00e9 de Rogers, OklahomaDimanche 26 octobre 1980, 10h30 Mark Lobster avait un sentiment de doute en rentrant \u00e0 Rogers. La copine de cette Becky, Marcie, avait dit qu\u2019une femme \u00e9tait venue la r\u00e9cup\u00e9rer en fin de journ\u00e9e. Il aurait d\u00fb lui demander plus &hellip; <\/p>\n","protected":false},"author":1,"featured_media":352,"parent":0,"menu_order":0,"comment_status":"closed","ping_status":"closed","template":"","meta":{"footnotes":""},"class_list":["post-318","page","type-page","status-publish","has-post-thumbnail","hentry"],"yoast_head":"<!-- This site is optimized with the Yoast SEO plugin v27.4 - https:\/\/yoast.com\/product\/yoast-seo-wordpress\/ -->\n<title>Mortelle Cavale (22) - Eros Walker Stories<\/title>\n<meta name=\"robots\" content=\"index, follow, max-snippet:-1, max-image-preview:large, max-video-preview:-1\" \/>\n<link rel=\"canonical\" href=\"https:\/\/ellington-photo.com\/ErosWalker\/mortelle-cavale-22\/\" \/>\n<meta property=\"og:locale\" content=\"fr_FR\" \/>\n<meta property=\"og:type\" content=\"article\" \/>\n<meta property=\"og:title\" content=\"Mortelle Cavale (22) - Eros Walker Stories\" \/>\n<meta property=\"og:description\" content=\"Compl\u00e9ment d\u2019enqu\u00eate Comt\u00e9 de Rogers, OklahomaDimanche 26 octobre 1980, 10h30 Mark Lobster avait un sentiment de doute en rentrant \u00e0 Rogers. La copine de cette Becky, Marcie, avait dit qu\u2019une femme \u00e9tait venue la r\u00e9cup\u00e9rer en fin de journ\u00e9e. Il aurait d\u00fb lui demander plus &hellip;\" \/>\n<meta property=\"og:url\" content=\"https:\/\/ellington-photo.com\/ErosWalker\/mortelle-cavale-22\/\" \/>\n<meta property=\"og:site_name\" content=\"Eros Walker Stories\" \/>\n<meta property=\"article:modified_time\" content=\"2024-12-30T13:51:21+00:00\" \/>\n<meta property=\"og:image\" content=\"https:\/\/ellington-photo.com\/ErosWalker\/wp-content\/uploads\/2024\/12\/Designer-35-e1735565782518.jpeg\" \/>\n\t<meta property=\"og:image:width\" content=\"1012\" \/>\n\t<meta property=\"og:image:height\" content=\"816\" \/>\n\t<meta property=\"og:image:type\" content=\"image\/jpeg\" \/>\n<meta name=\"twitter:card\" content=\"summary_large_image\" \/>\n<meta name=\"twitter:label1\" content=\"Dur\u00e9e de lecture estim\u00e9e\" \/>\n\t<meta name=\"twitter:data1\" content=\"5 minutes\" \/>\n<script type=\"application\/ld+json\" class=\"yoast-schema-graph\">{\"@context\":\"https:\\\/\\\/schema.org\",\"@graph\":[{\"@type\":\"WebPage\",\"@id\":\"https:\\\/\\\/ellington-photo.com\\\/ErosWalker\\\/mortelle-cavale-22\\\/\",\"url\":\"https:\\\/\\\/ellington-photo.com\\\/ErosWalker\\\/mortelle-cavale-22\\\/\",\"name\":\"Mortelle Cavale (22) - Eros Walker Stories\",\"isPartOf\":{\"@id\":\"https:\\\/\\\/ellington-photo.com\\\/ErosWalker\\\/#website\"},\"primaryImageOfPage\":{\"@id\":\"https:\\\/\\\/ellington-photo.com\\\/ErosWalker\\\/mortelle-cavale-22\\\/#primaryimage\"},\"image\":{\"@id\":\"https:\\\/\\\/ellington-photo.com\\\/ErosWalker\\\/mortelle-cavale-22\\\/#primaryimage\"},\"thumbnailUrl\":\"https:\\\/\\\/ellington-photo.com\\\/ErosWalker\\\/wp-content\\\/uploads\\\/2024\\\/12\\\/Designer-35-e1735565782518.jpeg\",\"datePublished\":\"2024-11-30T13:13:45+00:00\",\"dateModified\":\"2024-12-30T13:51:21+00:00\",\"breadcrumb\":{\"@id\":\"https:\\\/\\\/ellington-photo.com\\\/ErosWalker\\\/mortelle-cavale-22\\\/#breadcrumb\"},\"inLanguage\":\"fr-FR\",\"potentialAction\":[{\"@type\":\"ReadAction\",\"target\":[\"https:\\\/\\\/ellington-photo.com\\\/ErosWalker\\\/mortelle-cavale-22\\\/\"]}]},{\"@type\":\"ImageObject\",\"inLanguage\":\"fr-FR\",\"@id\":\"https:\\\/\\\/ellington-photo.com\\\/ErosWalker\\\/mortelle-cavale-22\\\/#primaryimage\",\"url\":\"https:\\\/\\\/ellington-photo.com\\\/ErosWalker\\\/wp-content\\\/uploads\\\/2024\\\/12\\\/Designer-35-e1735565782518.jpeg\",\"contentUrl\":\"https:\\\/\\\/ellington-photo.com\\\/ErosWalker\\\/wp-content\\\/uploads\\\/2024\\\/12\\\/Designer-35-e1735565782518.jpeg\",\"width\":1012,\"height\":816},{\"@type\":\"BreadcrumbList\",\"@id\":\"https:\\\/\\\/ellington-photo.com\\\/ErosWalker\\\/mortelle-cavale-22\\\/#breadcrumb\",\"itemListElement\":[{\"@type\":\"ListItem\",\"position\":1,\"name\":\"Accueil\",\"item\":\"https:\\\/\\\/ellington-photo.com\\\/ErosWalker\\\/\"},{\"@type\":\"ListItem\",\"position\":2,\"name\":\"Mortelle Cavale (22)\"}]},{\"@type\":\"WebSite\",\"@id\":\"https:\\\/\\\/ellington-photo.com\\\/ErosWalker\\\/#website\",\"url\":\"https:\\\/\\\/ellington-photo.com\\\/ErosWalker\\\/\",\"name\":\"Eros Walker Stories\",\"description\":\"Litt\u00e9rature et images\",\"publisher\":{\"@id\":\"https:\\\/\\\/ellington-photo.com\\\/ErosWalker\\\/#organization\"},\"potentialAction\":[{\"@type\":\"SearchAction\",\"target\":{\"@type\":\"EntryPoint\",\"urlTemplate\":\"https:\\\/\\\/ellington-photo.com\\\/ErosWalker\\\/?s={search_term_string}\"},\"query-input\":{\"@type\":\"PropertyValueSpecification\",\"valueRequired\":true,\"valueName\":\"search_term_string\"}}],\"inLanguage\":\"fr-FR\"},{\"@type\":\"Organization\",\"@id\":\"https:\\\/\\\/ellington-photo.com\\\/ErosWalker\\\/#organization\",\"name\":\"Eros Walker Stories\",\"url\":\"https:\\\/\\\/ellington-photo.com\\\/ErosWalker\\\/\",\"logo\":{\"@type\":\"ImageObject\",\"inLanguage\":\"fr-FR\",\"@id\":\"https:\\\/\\\/ellington-photo.com\\\/ErosWalker\\\/#\\\/schema\\\/logo\\\/image\\\/\",\"url\":\"https:\\\/\\\/ellington-photo.com\\\/ErosWalker\\\/wp-content\\\/uploads\\\/2025\\\/05\\\/Chat-Noir.jpg\",\"contentUrl\":\"https:\\\/\\\/ellington-photo.com\\\/ErosWalker\\\/wp-content\\\/uploads\\\/2025\\\/05\\\/Chat-Noir.jpg\",\"width\":400,\"height\":391,\"caption\":\"Eros Walker Stories\"},\"image\":{\"@id\":\"https:\\\/\\\/ellington-photo.com\\\/ErosWalker\\\/#\\\/schema\\\/logo\\\/image\\\/\"},\"sameAs\":[\"https:\\\/\\\/www.linkedin.com\\\/in\\\/eros-walker-ab710a298\\\/\"]}]}<\/script>\n<!-- \/ Yoast SEO plugin. -->","yoast_head_json":{"title":"Mortelle Cavale (22) - Eros Walker Stories","robots":{"index":"index","follow":"follow","max-snippet":"max-snippet:-1","max-image-preview":"max-image-preview:large","max-video-preview":"max-video-preview:-1"},"canonical":"https:\/\/ellington-photo.com\/ErosWalker\/mortelle-cavale-22\/","og_locale":"fr_FR","og_type":"article","og_title":"Mortelle Cavale (22) - Eros Walker Stories","og_description":"Compl\u00e9ment d\u2019enqu\u00eate Comt\u00e9 de Rogers, OklahomaDimanche 26 octobre 1980, 10h30 Mark Lobster avait un sentiment de doute en rentrant \u00e0 Rogers. La copine de cette Becky, Marcie, avait dit qu\u2019une femme \u00e9tait venue la r\u00e9cup\u00e9rer en fin de journ\u00e9e. Il aurait d\u00fb lui demander plus &hellip;","og_url":"https:\/\/ellington-photo.com\/ErosWalker\/mortelle-cavale-22\/","og_site_name":"Eros Walker Stories","article_modified_time":"2024-12-30T13:51:21+00:00","og_image":[{"width":1012,"height":816,"url":"https:\/\/ellington-photo.com\/ErosWalker\/wp-content\/uploads\/2024\/12\/Designer-35-e1735565782518.jpeg","type":"image\/jpeg"}],"twitter_card":"summary_large_image","twitter_misc":{"Dur\u00e9e de lecture estim\u00e9e":"5 minutes"},"schema":{"@context":"https:\/\/schema.org","@graph":[{"@type":"WebPage","@id":"https:\/\/ellington-photo.com\/ErosWalker\/mortelle-cavale-22\/","url":"https:\/\/ellington-photo.com\/ErosWalker\/mortelle-cavale-22\/","name":"Mortelle Cavale (22) - Eros Walker Stories","isPartOf":{"@id":"https:\/\/ellington-photo.com\/ErosWalker\/#website"},"primaryImageOfPage":{"@id":"https:\/\/ellington-photo.com\/ErosWalker\/mortelle-cavale-22\/#primaryimage"},"image":{"@id":"https:\/\/ellington-photo.com\/ErosWalker\/mortelle-cavale-22\/#primaryimage"},"thumbnailUrl":"https:\/\/ellington-photo.com\/ErosWalker\/wp-content\/uploads\/2024\/12\/Designer-35-e1735565782518.jpeg","datePublished":"2024-11-30T13:13:45+00:00","dateModified":"2024-12-30T13:51:21+00:00","breadcrumb":{"@id":"https:\/\/ellington-photo.com\/ErosWalker\/mortelle-cavale-22\/#breadcrumb"},"inLanguage":"fr-FR","potentialAction":[{"@type":"ReadAction","target":["https:\/\/ellington-photo.com\/ErosWalker\/mortelle-cavale-22\/"]}]},{"@type":"ImageObject","inLanguage":"fr-FR","@id":"https:\/\/ellington-photo.com\/ErosWalker\/mortelle-cavale-22\/#primaryimage","url":"https:\/\/ellington-photo.com\/ErosWalker\/wp-content\/uploads\/2024\/12\/Designer-35-e1735565782518.jpeg","contentUrl":"https:\/\/ellington-photo.com\/ErosWalker\/wp-content\/uploads\/2024\/12\/Designer-35-e1735565782518.jpeg","width":1012,"height":816},{"@type":"BreadcrumbList","@id":"https:\/\/ellington-photo.com\/ErosWalker\/mortelle-cavale-22\/#breadcrumb","itemListElement":[{"@type":"ListItem","position":1,"name":"Accueil","item":"https:\/\/ellington-photo.com\/ErosWalker\/"},{"@type":"ListItem","position":2,"name":"Mortelle Cavale (22)"}]},{"@type":"WebSite","@id":"https:\/\/ellington-photo.com\/ErosWalker\/#website","url":"https:\/\/ellington-photo.com\/ErosWalker\/","name":"Eros Walker Stories","description":"Litt\u00e9rature et images","publisher":{"@id":"https:\/\/ellington-photo.com\/ErosWalker\/#organization"},"potentialAction":[{"@type":"SearchAction","target":{"@type":"EntryPoint","urlTemplate":"https:\/\/ellington-photo.com\/ErosWalker\/?s={search_term_string}"},"query-input":{"@type":"PropertyValueSpecification","valueRequired":true,"valueName":"search_term_string"}}],"inLanguage":"fr-FR"},{"@type":"Organization","@id":"https:\/\/ellington-photo.com\/ErosWalker\/#organization","name":"Eros Walker Stories","url":"https:\/\/ellington-photo.com\/ErosWalker\/","logo":{"@type":"ImageObject","inLanguage":"fr-FR","@id":"https:\/\/ellington-photo.com\/ErosWalker\/#\/schema\/logo\/image\/","url":"https:\/\/ellington-photo.com\/ErosWalker\/wp-content\/uploads\/2025\/05\/Chat-Noir.jpg","contentUrl":"https:\/\/ellington-photo.com\/ErosWalker\/wp-content\/uploads\/2025\/05\/Chat-Noir.jpg","width":400,"height":391,"caption":"Eros Walker Stories"},"image":{"@id":"https:\/\/ellington-photo.com\/ErosWalker\/#\/schema\/logo\/image\/"},"sameAs":["https:\/\/www.linkedin.com\/in\/eros-walker-ab710a298\/"]}]}},"_links":{"self":[{"href":"https:\/\/ellington-photo.com\/ErosWalker\/wp-json\/wp\/v2\/pages\/318","targetHints":{"allow":["GET"]}}],"collection":[{"href":"https:\/\/ellington-photo.com\/ErosWalker\/wp-json\/wp\/v2\/pages"}],"about":[{"href":"https:\/\/ellington-photo.com\/ErosWalker\/wp-json\/wp\/v2\/types\/page"}],"author":[{"embeddable":true,"href":"https:\/\/ellington-photo.com\/ErosWalker\/wp-json\/wp\/v2\/users\/1"}],"replies":[{"embeddable":true,"href":"https:\/\/ellington-photo.com\/ErosWalker\/wp-json\/wp\/v2\/comments?post=318"}],"version-history":[{"count":3,"href":"https:\/\/ellington-photo.com\/ErosWalker\/wp-json\/wp\/v2\/pages\/318\/revisions"}],"predecessor-version":[{"id":349,"href":"https:\/\/ellington-photo.com\/ErosWalker\/wp-json\/wp\/v2\/pages\/318\/revisions\/349"}],"wp:featuredmedia":[{"embeddable":true,"href":"https:\/\/ellington-photo.com\/ErosWalker\/wp-json\/wp\/v2\/media\/352"}],"wp:attachment":[{"href":"https:\/\/ellington-photo.com\/ErosWalker\/wp-json\/wp\/v2\/media?parent=318"}],"curies":[{"name":"wp","href":"https:\/\/api.w.org\/{rel}","templated":true}]}}