{"id":311,"date":"2024-11-28T18:21:57","date_gmt":"2024-11-28T17:21:57","guid":{"rendered":"https:\/\/ellington-photo.com\/ErosWalker\/?page_id=311"},"modified":"2024-12-30T14:49:30","modified_gmt":"2024-12-30T13:49:30","slug":"mortelle-cavale-20","status":"publish","type":"page","link":"https:\/\/ellington-photo.com\/ErosWalker\/mortelle-cavale-20\/","title":{"rendered":"Mortelle Cavale (20)"},"content":{"rendered":"\n<p><strong>Stand de tir<\/strong><\/p>\n\n\n\n<p><strong>Lake Oologah, Oklahoma<\/strong><br><strong>Samedi 25 octobre 1980, 18h00<\/strong><\/p>\n\n\n\n<p>Nous roulons quelques minutes dans un silence pesant. Becky fait semblant de se captiver pour le paysage, sur sa droite. Moi, je regarde la route, droit devant moi. C\u2019est en arrivant au niveau du m\u00e9morial de Will Rogers que j\u2019\u00e9clate.<\/p>\n\n\n\n<p>\u00ab Tu ne crois pas que tu me dois des explications ? J\u2019ai tout laiss\u00e9 tomb\u00e9 d\u00e8s que tu m\u2019as appel\u00e9e. Alors raconte ! \u00bb<\/p>\n\n\n\n<p>Becky semble h\u00e9siter et commence \u00e0 bredouiller son explication.<\/p>\n\n\n\n<p>\u00ab Tout se passait bien, on avait pass\u00e9 la soir\u00e9e \u00e0 boire de la bi\u00e8re, regarder des conneries \u00e0 la t\u00e9l\u00e9 en faisant tourner des joints et puis on est all\u00e9s se coucher, Marcie avec Louis, et moi avec Steve. Je me suis r\u00e9veill\u00e9e vers dix heures, les autres dormaient encore. Je suis descendue jusqu\u2019au lac, il faisait d\u00e9j\u00e0 assez chaud. Marcie est venue me rejoindre et puis les gar\u00e7ons sont arriv\u00e9s. Ils ont allum\u00e9 un barbecue et on a ouvert des bi\u00e8res. Normal, quoi.<\/p>\n\n\n\n<p>\u2014 Accouche, c\u2019est pas \u00e7a qui m\u2019int\u00e9resse !<\/p>\n\n\n\n<p>\u2014 Apr\u00e8s le repas, on est rest\u00e9s \u00e0 bavarder et \u00e0 somnoler et puis Steve a propos\u00e9 d\u2019aller faire un tour en bateau. Il devait \u00eatre \u00e0 peu pr\u00e8s trois heures. Marcie et moi, on est remont\u00e9es pour chercher nos maillots pendant que les gars pr\u00e9paraient le canot. Steve avait pas mal picol\u00e9, et il avait emport\u00e9 une glaci\u00e8re pleine de canettes. D\u2019un seul coup, il a acc\u00e9l\u00e9r\u00e9 \u00e0 fond. L\u2019avant s\u2019est redress\u00e9 et on a vu un \u00e9norme sillage derri\u00e8re nous. Steve faisait des virages serr\u00e9s, on \u00e9tait ballot\u00e9es dans tous les sens. Marcie et moi, on commen\u00e7ait s\u00e9rieusement \u00e0 avoir la frousse, mais les gar\u00e7ons, \u00e7a les faisait rigoler. On est all\u00e9s comme \u00e7a jusqu\u2019au bout du lac et puis on revenus un peu moins vite.<\/p>\n\n\n\n<p>\u2014 D\u2019accord, mais c\u2019est pas l\u00e0 que tu as sorti le flingue, dis-je avec agacement.<\/p>\n\n\n\n<p>\u2014 Ben non, je l\u2019avais pas emport\u00e9 sur le bateau !<\/p>\n\n\n\n<p>\u2014 Alors passe \u00e0 l\u2019essentiel !<\/p>\n\n\n\n<p>\u2014 Quand on est revenus \u00e0 terre, on est remont\u00e9s jusqu\u2019au chalet. Il y avait un paquet de bouteilles vides un peu partout. Louis a commenc\u00e9 \u00e0 en ramasser et il a demand\u00e9 \u00e0 Steve s\u2019il avait un fusil ou quelque chose comme \u00e7a. Steve a r\u00e9pondu que bien s\u00fbr, il y avait tout ce qu\u2019il fallait et il nous a emmen\u00e9s dans une pi\u00e8ce ferm\u00e9e \u00e0 cl\u00e9. Il a ouvert une armoire, elle \u00e9tait pleine de fusils et de pistolets en tous genres. Il nous a dit de choisir. Marcie a dit qu\u2019elle n\u2019aimait pas \u00e7a et elle est partie dans le salon. Steve a pris un automatique et Louis un genre de fusil de chasse. Moi, je suis rest\u00e9e en arri\u00e8re, sans rien dire. Steve m\u2019a demand\u00e9 ce que je voulais et j\u2019ai r\u00e9pondu que j\u2019avais ce qu\u2019il fallait, alors je suis all\u00e9e chercher ton revolver dans mon sac.<\/p>\n\n\n\n<p>\u2014 Tu pouvais pas plut\u00f4t aller rejoindre ta copine ?<\/p>\n\n\n\n<p>\u2014 Quand je suis redescendue, ils avaient d\u00e9j\u00e0 commenc\u00e9 \u00e0 tirer dans le bois, derri\u00e8re la maison. Ils ont \u00e9t\u00e9 surpris de me voir avec ce truc. Louis m\u2019a demand\u00e9 si je savais m\u2019en servir, alors j\u2019ai commenc\u00e9 \u00e0 tirer sur les bouteilles vides. J\u2019ai manqu\u00e9 la premi\u00e8re, mais j\u2019ai touch\u00e9 les trois suivantes.<\/p>\n\n\n\n<p>\u2014 Joli score !<\/p>\n\n\n\n<p>\u2014 Je croyais que l\u2019arme \u00e9tait vide, vu qu\u2019on avait tir\u00e9 chacune une fois avec. Steve m\u2019a regard\u00e9e et m\u2019a dit : <em>Pas mal, tu as d\u00e9j\u00e0 tir\u00e9 sur autre chose que des canettes ?<\/em> Alors j\u2019ai fait ce qu\u2019on ne doit jamais faire, mais j\u2019\u00e9tais encore \u00e0 moiti\u00e9 bourr\u00e9e, je l\u2019ai mis en joue. Louis a cri\u00e9 : <em>Pas cap\u2019 !<\/em> Et j\u2019ai press\u00e9 la d\u00e9tente encore une fois, j\u2019\u00e9tais persuad\u00e9e qu\u2019il \u00e9tait vide !<\/p>\n\n\n\n<p>\u2014 Tu ne savais pas que je l\u2019avais recharg\u00e9 chez Chad ?<\/p>\n\n\n\n<p>\u2014 Comment j\u2019aurais su ?<\/p>\n\n\n\n<p>\u2014 La moindre des choses, c\u2019est de v\u00e9rifier quand on prend une arme.<\/p>\n\n\n\n<p>\u2014 Oui, bon, je l\u2019ai pas fait, aboie Becky, c\u2019est trop tard de toute fa\u00e7on. Je l\u2019ai tu\u00e9 ! Tu vas me balancer aux flics ?<\/p>\n\n\n\n<p>\u2014 \u00c7a me fait mal de t\u2019entendre parler comme \u00e7a. Si j\u2019avais voulu me d\u00e9barrasser de toi, je n\u2019aurais pas attendu, je l\u2019aurais fait \u00e0 Memphis.<\/p>\n\n\n\n<p>\u2014 Excuse-moi ! pleurniche Becky. Tu comprends, je suis compl\u00e8tement paum\u00e9e. Le type \u00e0 Memphis, c\u2019\u00e9tait pas pareil, c\u2019\u00e9tait pour me d\u00e9fendre, mais l\u00e0\u2026<\/p>\n\n\n\n<p>\u2014 C\u2019est vrai que tu as n\u00e9glig\u00e9 toutes les r\u00e8gles, mais ces gars t\u2019ont pouss\u00e9e trop loin. Tu n\u2019es pas seule responsable. Ce Louis est tout autant coupable que toi. Qu\u2019est-ce que vous avez fait apr\u00e8s ?<\/p>\n\n\n\n<p>\u2014 Louis \u00e9tait compl\u00e8tement abasourdi. Il s\u2019est assis par terre, la t\u00eate entre les mains. Marcie est sortie, elle a regard\u00e9 la sc\u00e8ne et s\u2019est mise \u00e0 crier. Moi je suis rentr\u00e9e pour te t\u00e9l\u00e9phoner.<\/p>\n\n\n\n<p>\u2014 Quelqu\u2019un a appel\u00e9 la police, les secours ?<\/p>\n\n\n\n<p>\u2014 Pas tout de suite, en tout cas. De toute fa\u00e7on, on a bien vu qu\u2019il \u00e9tait mort ! Qu\u2019est-ce qu\u2019on va faire maintenant ?<\/p>\n\n\n\n<p>\u2014 On rentre \u00e0 la maison. On verra bien demain ! \u00bb<\/p>\n\n\n\n<p><\/p>\n\n\n\n<p>Continuer la lecture : <a href=\"https:\/\/ellington-photo.com\/ErosWalker\/mortelle-cavale-21\/\">https:\/\/ellington-photo.com\/ErosWalker\/mortelle-cavale-21\/<\/a><\/p>\n\n\n\n<p><\/p>\n","protected":false},"excerpt":{"rendered":"<p>Stand de tir Lake Oologah, OklahomaSamedi 25 octobre 1980, 18h00 Nous roulons quelques minutes dans un silence pesant. Becky fait semblant de se captiver pour le paysage, sur sa droite. Moi, je regarde la route, droit devant moi. C\u2019est en arrivant au niveau du m\u00e9morial &hellip; <\/p>\n","protected":false},"author":1,"featured_media":361,"parent":0,"menu_order":0,"comment_status":"closed","ping_status":"closed","template":"","meta":{"footnotes":""},"class_list":["post-311","page","type-page","status-publish","has-post-thumbnail","hentry"],"yoast_head":"<!-- This site is optimized with the Yoast SEO plugin v27.4 - https:\/\/yoast.com\/product\/yoast-seo-wordpress\/ -->\n<title>Mortelle Cavale (20) - Eros Walker Stories<\/title>\n<meta name=\"robots\" content=\"index, follow, max-snippet:-1, max-image-preview:large, max-video-preview:-1\" \/>\n<link rel=\"canonical\" href=\"https:\/\/ellington-photo.com\/ErosWalker\/mortelle-cavale-20\/\" \/>\n<meta property=\"og:locale\" content=\"fr_FR\" \/>\n<meta property=\"og:type\" content=\"article\" \/>\n<meta property=\"og:title\" content=\"Mortelle Cavale (20) - Eros Walker Stories\" \/>\n<meta property=\"og:description\" content=\"Stand de tir Lake Oologah, OklahomaSamedi 25 octobre 1980, 18h00 Nous roulons quelques minutes dans un silence pesant. Becky fait semblant de se captiver pour le paysage, sur sa droite. Moi, je regarde la route, droit devant moi. C\u2019est en arrivant au niveau du m\u00e9morial &hellip;\" \/>\n<meta property=\"og:url\" content=\"https:\/\/ellington-photo.com\/ErosWalker\/mortelle-cavale-20\/\" \/>\n<meta property=\"og:site_name\" content=\"Eros Walker Stories\" \/>\n<meta property=\"article:modified_time\" content=\"2024-12-30T13:49:30+00:00\" \/>\n<meta property=\"og:image\" content=\"https:\/\/ellington-photo.com\/ErosWalker\/wp-content\/uploads\/2024\/12\/Designer.png\" \/>\n\t<meta property=\"og:image:width\" content=\"867\" \/>\n\t<meta property=\"og:image:height\" content=\"917\" \/>\n\t<meta property=\"og:image:type\" content=\"image\/png\" \/>\n<meta name=\"twitter:card\" content=\"summary_large_image\" \/>\n<meta name=\"twitter:label1\" content=\"Dur\u00e9e de lecture estim\u00e9e\" \/>\n\t<meta name=\"twitter:data1\" content=\"5 minutes\" \/>\n<script type=\"application\/ld+json\" class=\"yoast-schema-graph\">{\"@context\":\"https:\\\/\\\/schema.org\",\"@graph\":[{\"@type\":\"WebPage\",\"@id\":\"https:\\\/\\\/ellington-photo.com\\\/ErosWalker\\\/mortelle-cavale-20\\\/\",\"url\":\"https:\\\/\\\/ellington-photo.com\\\/ErosWalker\\\/mortelle-cavale-20\\\/\",\"name\":\"Mortelle Cavale (20) - Eros Walker Stories\",\"isPartOf\":{\"@id\":\"https:\\\/\\\/ellington-photo.com\\\/ErosWalker\\\/#website\"},\"primaryImageOfPage\":{\"@id\":\"https:\\\/\\\/ellington-photo.com\\\/ErosWalker\\\/mortelle-cavale-20\\\/#primaryimage\"},\"image\":{\"@id\":\"https:\\\/\\\/ellington-photo.com\\\/ErosWalker\\\/mortelle-cavale-20\\\/#primaryimage\"},\"thumbnailUrl\":\"https:\\\/\\\/ellington-photo.com\\\/ErosWalker\\\/wp-content\\\/uploads\\\/2024\\\/12\\\/Designer.png\",\"datePublished\":\"2024-11-28T17:21:57+00:00\",\"dateModified\":\"2024-12-30T13:49:30+00:00\",\"breadcrumb\":{\"@id\":\"https:\\\/\\\/ellington-photo.com\\\/ErosWalker\\\/mortelle-cavale-20\\\/#breadcrumb\"},\"inLanguage\":\"fr-FR\",\"potentialAction\":[{\"@type\":\"ReadAction\",\"target\":[\"https:\\\/\\\/ellington-photo.com\\\/ErosWalker\\\/mortelle-cavale-20\\\/\"]}]},{\"@type\":\"ImageObject\",\"inLanguage\":\"fr-FR\",\"@id\":\"https:\\\/\\\/ellington-photo.com\\\/ErosWalker\\\/mortelle-cavale-20\\\/#primaryimage\",\"url\":\"https:\\\/\\\/ellington-photo.com\\\/ErosWalker\\\/wp-content\\\/uploads\\\/2024\\\/12\\\/Designer.png\",\"contentUrl\":\"https:\\\/\\\/ellington-photo.com\\\/ErosWalker\\\/wp-content\\\/uploads\\\/2024\\\/12\\\/Designer.png\",\"width\":867,\"height\":917},{\"@type\":\"BreadcrumbList\",\"@id\":\"https:\\\/\\\/ellington-photo.com\\\/ErosWalker\\\/mortelle-cavale-20\\\/#breadcrumb\",\"itemListElement\":[{\"@type\":\"ListItem\",\"position\":1,\"name\":\"Accueil\",\"item\":\"https:\\\/\\\/ellington-photo.com\\\/ErosWalker\\\/\"},{\"@type\":\"ListItem\",\"position\":2,\"name\":\"Mortelle Cavale (20)\"}]},{\"@type\":\"WebSite\",\"@id\":\"https:\\\/\\\/ellington-photo.com\\\/ErosWalker\\\/#website\",\"url\":\"https:\\\/\\\/ellington-photo.com\\\/ErosWalker\\\/\",\"name\":\"Eros Walker Stories\",\"description\":\"Litt\u00e9rature et images\",\"publisher\":{\"@id\":\"https:\\\/\\\/ellington-photo.com\\\/ErosWalker\\\/#organization\"},\"potentialAction\":[{\"@type\":\"SearchAction\",\"target\":{\"@type\":\"EntryPoint\",\"urlTemplate\":\"https:\\\/\\\/ellington-photo.com\\\/ErosWalker\\\/?s={search_term_string}\"},\"query-input\":{\"@type\":\"PropertyValueSpecification\",\"valueRequired\":true,\"valueName\":\"search_term_string\"}}],\"inLanguage\":\"fr-FR\"},{\"@type\":\"Organization\",\"@id\":\"https:\\\/\\\/ellington-photo.com\\\/ErosWalker\\\/#organization\",\"name\":\"Eros Walker Stories\",\"url\":\"https:\\\/\\\/ellington-photo.com\\\/ErosWalker\\\/\",\"logo\":{\"@type\":\"ImageObject\",\"inLanguage\":\"fr-FR\",\"@id\":\"https:\\\/\\\/ellington-photo.com\\\/ErosWalker\\\/#\\\/schema\\\/logo\\\/image\\\/\",\"url\":\"https:\\\/\\\/ellington-photo.com\\\/ErosWalker\\\/wp-content\\\/uploads\\\/2025\\\/05\\\/Chat-Noir.jpg\",\"contentUrl\":\"https:\\\/\\\/ellington-photo.com\\\/ErosWalker\\\/wp-content\\\/uploads\\\/2025\\\/05\\\/Chat-Noir.jpg\",\"width\":400,\"height\":391,\"caption\":\"Eros Walker Stories\"},\"image\":{\"@id\":\"https:\\\/\\\/ellington-photo.com\\\/ErosWalker\\\/#\\\/schema\\\/logo\\\/image\\\/\"},\"sameAs\":[\"https:\\\/\\\/www.linkedin.com\\\/in\\\/eros-walker-ab710a298\\\/\"]}]}<\/script>\n<!-- \/ Yoast SEO plugin. -->","yoast_head_json":{"title":"Mortelle Cavale (20) - Eros Walker Stories","robots":{"index":"index","follow":"follow","max-snippet":"max-snippet:-1","max-image-preview":"max-image-preview:large","max-video-preview":"max-video-preview:-1"},"canonical":"https:\/\/ellington-photo.com\/ErosWalker\/mortelle-cavale-20\/","og_locale":"fr_FR","og_type":"article","og_title":"Mortelle Cavale (20) - Eros Walker Stories","og_description":"Stand de tir Lake Oologah, OklahomaSamedi 25 octobre 1980, 18h00 Nous roulons quelques minutes dans un silence pesant. Becky fait semblant de se captiver pour le paysage, sur sa droite. Moi, je regarde la route, droit devant moi. C\u2019est en arrivant au niveau du m\u00e9morial &hellip;","og_url":"https:\/\/ellington-photo.com\/ErosWalker\/mortelle-cavale-20\/","og_site_name":"Eros Walker Stories","article_modified_time":"2024-12-30T13:49:30+00:00","og_image":[{"width":867,"height":917,"url":"https:\/\/ellington-photo.com\/ErosWalker\/wp-content\/uploads\/2024\/12\/Designer.png","type":"image\/png"}],"twitter_card":"summary_large_image","twitter_misc":{"Dur\u00e9e de lecture estim\u00e9e":"5 minutes"},"schema":{"@context":"https:\/\/schema.org","@graph":[{"@type":"WebPage","@id":"https:\/\/ellington-photo.com\/ErosWalker\/mortelle-cavale-20\/","url":"https:\/\/ellington-photo.com\/ErosWalker\/mortelle-cavale-20\/","name":"Mortelle Cavale (20) - Eros Walker Stories","isPartOf":{"@id":"https:\/\/ellington-photo.com\/ErosWalker\/#website"},"primaryImageOfPage":{"@id":"https:\/\/ellington-photo.com\/ErosWalker\/mortelle-cavale-20\/#primaryimage"},"image":{"@id":"https:\/\/ellington-photo.com\/ErosWalker\/mortelle-cavale-20\/#primaryimage"},"thumbnailUrl":"https:\/\/ellington-photo.com\/ErosWalker\/wp-content\/uploads\/2024\/12\/Designer.png","datePublished":"2024-11-28T17:21:57+00:00","dateModified":"2024-12-30T13:49:30+00:00","breadcrumb":{"@id":"https:\/\/ellington-photo.com\/ErosWalker\/mortelle-cavale-20\/#breadcrumb"},"inLanguage":"fr-FR","potentialAction":[{"@type":"ReadAction","target":["https:\/\/ellington-photo.com\/ErosWalker\/mortelle-cavale-20\/"]}]},{"@type":"ImageObject","inLanguage":"fr-FR","@id":"https:\/\/ellington-photo.com\/ErosWalker\/mortelle-cavale-20\/#primaryimage","url":"https:\/\/ellington-photo.com\/ErosWalker\/wp-content\/uploads\/2024\/12\/Designer.png","contentUrl":"https:\/\/ellington-photo.com\/ErosWalker\/wp-content\/uploads\/2024\/12\/Designer.png","width":867,"height":917},{"@type":"BreadcrumbList","@id":"https:\/\/ellington-photo.com\/ErosWalker\/mortelle-cavale-20\/#breadcrumb","itemListElement":[{"@type":"ListItem","position":1,"name":"Accueil","item":"https:\/\/ellington-photo.com\/ErosWalker\/"},{"@type":"ListItem","position":2,"name":"Mortelle Cavale (20)"}]},{"@type":"WebSite","@id":"https:\/\/ellington-photo.com\/ErosWalker\/#website","url":"https:\/\/ellington-photo.com\/ErosWalker\/","name":"Eros Walker Stories","description":"Litt\u00e9rature et images","publisher":{"@id":"https:\/\/ellington-photo.com\/ErosWalker\/#organization"},"potentialAction":[{"@type":"SearchAction","target":{"@type":"EntryPoint","urlTemplate":"https:\/\/ellington-photo.com\/ErosWalker\/?s={search_term_string}"},"query-input":{"@type":"PropertyValueSpecification","valueRequired":true,"valueName":"search_term_string"}}],"inLanguage":"fr-FR"},{"@type":"Organization","@id":"https:\/\/ellington-photo.com\/ErosWalker\/#organization","name":"Eros Walker Stories","url":"https:\/\/ellington-photo.com\/ErosWalker\/","logo":{"@type":"ImageObject","inLanguage":"fr-FR","@id":"https:\/\/ellington-photo.com\/ErosWalker\/#\/schema\/logo\/image\/","url":"https:\/\/ellington-photo.com\/ErosWalker\/wp-content\/uploads\/2025\/05\/Chat-Noir.jpg","contentUrl":"https:\/\/ellington-photo.com\/ErosWalker\/wp-content\/uploads\/2025\/05\/Chat-Noir.jpg","width":400,"height":391,"caption":"Eros Walker Stories"},"image":{"@id":"https:\/\/ellington-photo.com\/ErosWalker\/#\/schema\/logo\/image\/"},"sameAs":["https:\/\/www.linkedin.com\/in\/eros-walker-ab710a298\/"]}]}},"_links":{"self":[{"href":"https:\/\/ellington-photo.com\/ErosWalker\/wp-json\/wp\/v2\/pages\/311","targetHints":{"allow":["GET"]}}],"collection":[{"href":"https:\/\/ellington-photo.com\/ErosWalker\/wp-json\/wp\/v2\/pages"}],"about":[{"href":"https:\/\/ellington-photo.com\/ErosWalker\/wp-json\/wp\/v2\/types\/page"}],"author":[{"embeddable":true,"href":"https:\/\/ellington-photo.com\/ErosWalker\/wp-json\/wp\/v2\/users\/1"}],"replies":[{"embeddable":true,"href":"https:\/\/ellington-photo.com\/ErosWalker\/wp-json\/wp\/v2\/comments?post=311"}],"version-history":[{"count":2,"href":"https:\/\/ellington-photo.com\/ErosWalker\/wp-json\/wp\/v2\/pages\/311\/revisions"}],"predecessor-version":[{"id":317,"href":"https:\/\/ellington-photo.com\/ErosWalker\/wp-json\/wp\/v2\/pages\/311\/revisions\/317"}],"wp:featuredmedia":[{"embeddable":true,"href":"https:\/\/ellington-photo.com\/ErosWalker\/wp-json\/wp\/v2\/media\/361"}],"wp:attachment":[{"href":"https:\/\/ellington-photo.com\/ErosWalker\/wp-json\/wp\/v2\/media?parent=311"}],"curies":[{"name":"wp","href":"https:\/\/api.w.org\/{rel}","templated":true}]}}