{"id":309,"date":"2024-11-28T18:18:20","date_gmt":"2024-11-28T17:18:20","guid":{"rendered":"https:\/\/ellington-photo.com\/ErosWalker\/?page_id=309"},"modified":"2024-12-30T14:47:08","modified_gmt":"2024-12-30T13:47:08","slug":"mortelle-cavale-19","status":"publish","type":"page","link":"https:\/\/ellington-photo.com\/ErosWalker\/mortelle-cavale-19\/","title":{"rendered":"Mortelle Cavale (19)"},"content":{"rendered":"\n<p><strong>Mission de sauvetage<\/strong><br><strong>Tulsa, Oklahoma<\/strong><\/p>\n\n\n\n<p><strong>Samedi 25 octobre 1980, 17h00<\/strong><\/p>\n\n\n\n<p>Les clients se bousculent autour des \u00e9crans de t\u00e9l\u00e9vision o\u00f9 le match de football est diffus\u00e9. Les Chiefs de Kansas City affrontent les Bears de Chicago au Soldier Field. Les commentaires vont bon train et l\u2019assistance s\u2019embrase \u00e0 chaque action d\u00e9cisive. Une telle affluence est une aubaine pour le commerce. J\u2019ai deux filles qui servent les bi\u00e8res en continu et quatre dans la salle, moi je ne quitte pas le tiroir-caisse. C\u2019est \u00e0 ce moment que Miles, le patron vient me pr\u00e9venir. Becky est au t\u00e9l\u00e9phone et demande \u00e0 me parler au plus vite. Il prend ma place et me conseille de prendre la communication dans son bureau. Mon sang ne fait qu\u2019un tour. Si Becky m\u2019appelle au travail, c\u2019est que c\u2019est s\u00e9rieux. Je me pr\u00e9cipite dans la petite pi\u00e8ce et referme la porte derri\u00e8re moi. Le bruit de fond s\u2019att\u00e9nue. Le combin\u00e9 est pos\u00e9 sur la table de travail.<\/p>\n\n\n\n<p>\u00ab C\u2019est Jenny. Qu\u2019est-ce qui se passe ? Dis-moi qu\u2019il n\u2019est rien arriv\u00e9 de grave ! \u00bb<\/p>\n\n\n\n<p>Il s\u2019\u00e9coule quelques secondes durant lesquelles je ne per\u00e7ois que des sanglots r\u00e9prim\u00e9s puis Becky commence \u00e0 m\u2019expliquer.<\/p>\n\n\n\n<p>\u00ab Jenny, c\u2019est la merde ici ! Je suis vraiment dans le p\u00e9trin. Il faut que tu viennes me chercher, tout de suite.<\/p>\n\n\n\n<p>\u2014 Mais pourquoi ? Explique-moi !<\/p>\n\n\n\n<p>\u2014 C\u2019est Steve, je crois\u2026 qu\u2019il est mort.<\/p>\n\n\n\n<p>\u2014 Mort ? Mais comment ?<\/p>\n\n\n\n<p>\u2014 Qu\u2019est-ce que \u00e7a peut faire ! hurle Becky dans le t\u00e9l\u00e9phone, je veux foutre le camp d\u2019ici, tu comprends ? Les flics vont arriver, ils vont trouver le flingue et\u2026<\/p>\n\n\n\n<p>\u2014 Ok, ok, je vais venir te chercher, mais tu dois d\u2019abord me dire o\u00f9 tu te trouves.<\/p>\n\n\n\n<p>\u2014 Je ne sais pas, dans une maison pr\u00e8s du lac\u2026<\/p>\n\n\n\n<p>\u2014 Comment veux-tu que je trouve, il doit bien y avoir une adresse.<\/p>\n\n\n\n<p>\u2014 Attends, je vais demander. \u00bb<\/p>\n\n\n\n<p>J\u2019entends le bruit du combin\u00e9 qu\u2019on pose, puis des conversations dans le lointain. Des voix affol\u00e9es, \u00e7a crie, \u00e7a pleure. Becky revient en ligne.<\/p>\n\n\n\n<p>\u00ab C\u2019est \u00e0 Oologah, c\u2019est l\u2019extr\u00e9mit\u00e9 du lac. \u00c0 c\u00f4t\u00e9 du golf. Juste apr\u00e8s le barrage.<\/p>\n\n\n\n<p>\u2014 Le nom de la maison, du propri\u00e9taire ?<\/p>\n\n\n\n<p>\u2014 Le nom c\u2019est Thompson, Steve Thompson, et la maison c\u2019est Summer Mansion.<\/p>\n\n\n\n<p>\u2014 Attends, reste en ligne, je vais me renseigner. \u00bb<\/p>\n\n\n\n<p>Je pose le t\u00e9l\u00e9phone et cours trouver Miles au bar. Une minute plus tard, je suis de retour.<\/p>\n\n\n\n<p>\u00ab Tu es toujours l\u00e0 ?<\/p>\n\n\n\n<p>\u2014 Oui, bien s\u00fbr, crie Becky agac\u00e9e. Alors ?<\/p>\n\n\n\n<p>\u2014 J\u2019en ai pour une demi-heure de route au moins. Le temps que je r\u00e9cup\u00e8re le pick-up, un petit peu plus. Tu peux sortir de la maison ?<\/p>\n\n\n\n<p>\u2014 Oui, oui !<\/p>\n\n\n\n<p>\u2014 Alors tu vas m\u2019attendre au bout du barrage, dans trois quarts d\u2019heure. Je fais aussi vite que je peux.<\/p>\n\n\n\n<p>\u2014 D\u2019accord !<\/p>\n\n\n\n<p>\u2014 Becky ! r\u00e9cup\u00e8re le revolver. En cas de probl\u00e8me, balance-le dans le lac, le plus loin possible. \u00bb<\/p>\n\n\n\n<p>Je mets fin \u00e0 la communication et j\u2019attrape mon sac dans notre vestiaire. Quelques explications pour Miles qui me laisse partir, compr\u00e9hensif. Cinq minutes plus tard, je me dirige vers le nord. Je file sur l\u2019autoroute jusqu\u2019\u00e0 Collinsville avant de quitter la route principale pour me diriger vers le lac. Lorsque j\u2019arrive au niveau du golf, je ralentis. Il y a un parking juste \u00e0 l\u2019extr\u00e9mit\u00e9 du barrage. Je m\u2019y arr\u00eate. Il y a encore pas mal de monde, des joueurs de golf principalement, si j\u2019en juge par leurs tenues et les gros sacs qu\u2019ils portent. Je n&rsquo;ai pas remarqu\u00e9 de voiture de police. Je descends et regarde dans toutes les directions. Je rep\u00e8re Becky, elle est avec une autre fille. Un petit coup de klaxon attire leur attention. Elles me remarquent et se dirigent vers moi.<\/p>\n\n\n\n<p>\u00ab C\u2019est pas trop t\u00f4t ! me lance Becky en guise de bienvenue.<\/p>\n\n\n\n<p>\u2014 Merci pour l\u2019accueil, j\u2019ai fait ce que j\u2019ai pu. C\u2019est qui celle-l\u00e0 ?<\/p>\n\n\n\n<p>\u2014 C\u2019est Marcie, une copine, on peut la ramener \u00e0 Tulsa ?<\/p>\n\n\n\n<p>\u2014 Tu vois \u00e9crit <em>Taxi<\/em> sur le toit ? \u00bb<\/p>\n\n\n\n<p>Oui, je sais, c\u2019est pas vraiment charitable, mais \u00e0 ce moment l\u00e0, c\u2019est l\u2019instinct qui commande, et le mien me dit qu\u2019on est dans une grosse mouise, alors pas la peine d\u2019en rajouter.<\/p>\n\n\n\n<p>\u00ab Tu montes et tu me balances tout. Je veux tout savoir ! \u00bb<\/p>\n\n\n\n<p>Becky balance son sac sur le si\u00e8ge et s\u2019installe \u00e0 c\u00f4t\u00e9 de moi, avec sa t\u00eate des mauvais jours. Je commence \u00e0 bien la conna\u00eetre. Elle fait un geste d\u2019excuse de ses mains, \u00e0 l\u2019attention de Marcie, et je d\u00e9marre.<\/p>\n\n\n\n<p><\/p>\n\n\n\n<p>Continuer la lecture : <a href=\"https:\/\/ellington-photo.com\/ErosWalker\/mortelle-cavale-20\/\">https:\/\/ellington-photo.com\/ErosWalker\/mortelle-cavale-20\/<\/a><\/p>\n\n\n\n<p><\/p>\n","protected":false},"excerpt":{"rendered":"<p>Mission de sauvetageTulsa, Oklahoma Samedi 25 octobre 1980, 17h00 Les clients se bousculent autour des \u00e9crans de t\u00e9l\u00e9vision o\u00f9 le match de football est diffus\u00e9. Les Chiefs de Kansas City affrontent les Bears de Chicago au Soldier Field. Les commentaires vont bon train et l\u2019assistance &hellip; <\/p>\n","protected":false},"author":1,"featured_media":359,"parent":0,"menu_order":0,"comment_status":"closed","ping_status":"closed","template":"","meta":{"footnotes":""},"class_list":["post-309","page","type-page","status-publish","has-post-thumbnail","hentry"],"yoast_head":"<!-- This site is optimized with the Yoast SEO plugin v27.4 - https:\/\/yoast.com\/product\/yoast-seo-wordpress\/ -->\n<title>Mortelle Cavale (19) - Eros Walker Stories<\/title>\n<meta name=\"robots\" content=\"index, follow, max-snippet:-1, max-image-preview:large, max-video-preview:-1\" \/>\n<link rel=\"canonical\" href=\"https:\/\/ellington-photo.com\/ErosWalker\/mortelle-cavale-19\/\" \/>\n<meta property=\"og:locale\" content=\"fr_FR\" \/>\n<meta property=\"og:type\" content=\"article\" \/>\n<meta property=\"og:title\" content=\"Mortelle Cavale (19) - Eros Walker Stories\" \/>\n<meta property=\"og:description\" content=\"Mission de sauvetageTulsa, Oklahoma Samedi 25 octobre 1980, 17h00 Les clients se bousculent autour des \u00e9crans de t\u00e9l\u00e9vision o\u00f9 le match de football est diffus\u00e9. Les Chiefs de Kansas City affrontent les Bears de Chicago au Soldier Field. Les commentaires vont bon train et l\u2019assistance &hellip;\" \/>\n<meta property=\"og:url\" content=\"https:\/\/ellington-photo.com\/ErosWalker\/mortelle-cavale-19\/\" \/>\n<meta property=\"og:site_name\" content=\"Eros Walker Stories\" \/>\n<meta property=\"article:modified_time\" content=\"2024-12-30T13:47:08+00:00\" \/>\n<meta property=\"og:image\" content=\"https:\/\/ellington-photo.com\/ErosWalker\/wp-content\/uploads\/2024\/12\/Designer-32.jpeg\" \/>\n\t<meta property=\"og:image:width\" content=\"1024\" \/>\n\t<meta property=\"og:image:height\" content=\"1024\" \/>\n\t<meta property=\"og:image:type\" content=\"image\/jpeg\" \/>\n<meta name=\"twitter:card\" content=\"summary_large_image\" \/>\n<meta name=\"twitter:label1\" content=\"Dur\u00e9e de lecture estim\u00e9e\" \/>\n\t<meta name=\"twitter:data1\" content=\"4 minutes\" \/>\n<script type=\"application\/ld+json\" class=\"yoast-schema-graph\">{\"@context\":\"https:\\\/\\\/schema.org\",\"@graph\":[{\"@type\":\"WebPage\",\"@id\":\"https:\\\/\\\/ellington-photo.com\\\/ErosWalker\\\/mortelle-cavale-19\\\/\",\"url\":\"https:\\\/\\\/ellington-photo.com\\\/ErosWalker\\\/mortelle-cavale-19\\\/\",\"name\":\"Mortelle Cavale (19) - Eros Walker Stories\",\"isPartOf\":{\"@id\":\"https:\\\/\\\/ellington-photo.com\\\/ErosWalker\\\/#website\"},\"primaryImageOfPage\":{\"@id\":\"https:\\\/\\\/ellington-photo.com\\\/ErosWalker\\\/mortelle-cavale-19\\\/#primaryimage\"},\"image\":{\"@id\":\"https:\\\/\\\/ellington-photo.com\\\/ErosWalker\\\/mortelle-cavale-19\\\/#primaryimage\"},\"thumbnailUrl\":\"https:\\\/\\\/ellington-photo.com\\\/ErosWalker\\\/wp-content\\\/uploads\\\/2024\\\/12\\\/Designer-32.jpeg\",\"datePublished\":\"2024-11-28T17:18:20+00:00\",\"dateModified\":\"2024-12-30T13:47:08+00:00\",\"breadcrumb\":{\"@id\":\"https:\\\/\\\/ellington-photo.com\\\/ErosWalker\\\/mortelle-cavale-19\\\/#breadcrumb\"},\"inLanguage\":\"fr-FR\",\"potentialAction\":[{\"@type\":\"ReadAction\",\"target\":[\"https:\\\/\\\/ellington-photo.com\\\/ErosWalker\\\/mortelle-cavale-19\\\/\"]}]},{\"@type\":\"ImageObject\",\"inLanguage\":\"fr-FR\",\"@id\":\"https:\\\/\\\/ellington-photo.com\\\/ErosWalker\\\/mortelle-cavale-19\\\/#primaryimage\",\"url\":\"https:\\\/\\\/ellington-photo.com\\\/ErosWalker\\\/wp-content\\\/uploads\\\/2024\\\/12\\\/Designer-32.jpeg\",\"contentUrl\":\"https:\\\/\\\/ellington-photo.com\\\/ErosWalker\\\/wp-content\\\/uploads\\\/2024\\\/12\\\/Designer-32.jpeg\",\"width\":1024,\"height\":1024},{\"@type\":\"BreadcrumbList\",\"@id\":\"https:\\\/\\\/ellington-photo.com\\\/ErosWalker\\\/mortelle-cavale-19\\\/#breadcrumb\",\"itemListElement\":[{\"@type\":\"ListItem\",\"position\":1,\"name\":\"Accueil\",\"item\":\"https:\\\/\\\/ellington-photo.com\\\/ErosWalker\\\/\"},{\"@type\":\"ListItem\",\"position\":2,\"name\":\"Mortelle Cavale (19)\"}]},{\"@type\":\"WebSite\",\"@id\":\"https:\\\/\\\/ellington-photo.com\\\/ErosWalker\\\/#website\",\"url\":\"https:\\\/\\\/ellington-photo.com\\\/ErosWalker\\\/\",\"name\":\"Eros Walker Stories\",\"description\":\"Litt\u00e9rature et images\",\"publisher\":{\"@id\":\"https:\\\/\\\/ellington-photo.com\\\/ErosWalker\\\/#organization\"},\"potentialAction\":[{\"@type\":\"SearchAction\",\"target\":{\"@type\":\"EntryPoint\",\"urlTemplate\":\"https:\\\/\\\/ellington-photo.com\\\/ErosWalker\\\/?s={search_term_string}\"},\"query-input\":{\"@type\":\"PropertyValueSpecification\",\"valueRequired\":true,\"valueName\":\"search_term_string\"}}],\"inLanguage\":\"fr-FR\"},{\"@type\":\"Organization\",\"@id\":\"https:\\\/\\\/ellington-photo.com\\\/ErosWalker\\\/#organization\",\"name\":\"Eros Walker Stories\",\"url\":\"https:\\\/\\\/ellington-photo.com\\\/ErosWalker\\\/\",\"logo\":{\"@type\":\"ImageObject\",\"inLanguage\":\"fr-FR\",\"@id\":\"https:\\\/\\\/ellington-photo.com\\\/ErosWalker\\\/#\\\/schema\\\/logo\\\/image\\\/\",\"url\":\"https:\\\/\\\/ellington-photo.com\\\/ErosWalker\\\/wp-content\\\/uploads\\\/2025\\\/05\\\/Chat-Noir.jpg\",\"contentUrl\":\"https:\\\/\\\/ellington-photo.com\\\/ErosWalker\\\/wp-content\\\/uploads\\\/2025\\\/05\\\/Chat-Noir.jpg\",\"width\":400,\"height\":391,\"caption\":\"Eros Walker Stories\"},\"image\":{\"@id\":\"https:\\\/\\\/ellington-photo.com\\\/ErosWalker\\\/#\\\/schema\\\/logo\\\/image\\\/\"},\"sameAs\":[\"https:\\\/\\\/www.linkedin.com\\\/in\\\/eros-walker-ab710a298\\\/\"]}]}<\/script>\n<!-- \/ Yoast SEO plugin. -->","yoast_head_json":{"title":"Mortelle Cavale (19) - Eros Walker Stories","robots":{"index":"index","follow":"follow","max-snippet":"max-snippet:-1","max-image-preview":"max-image-preview:large","max-video-preview":"max-video-preview:-1"},"canonical":"https:\/\/ellington-photo.com\/ErosWalker\/mortelle-cavale-19\/","og_locale":"fr_FR","og_type":"article","og_title":"Mortelle Cavale (19) - Eros Walker Stories","og_description":"Mission de sauvetageTulsa, Oklahoma Samedi 25 octobre 1980, 17h00 Les clients se bousculent autour des \u00e9crans de t\u00e9l\u00e9vision o\u00f9 le match de football est diffus\u00e9. Les Chiefs de Kansas City affrontent les Bears de Chicago au Soldier Field. Les commentaires vont bon train et l\u2019assistance &hellip;","og_url":"https:\/\/ellington-photo.com\/ErosWalker\/mortelle-cavale-19\/","og_site_name":"Eros Walker Stories","article_modified_time":"2024-12-30T13:47:08+00:00","og_image":[{"width":1024,"height":1024,"url":"https:\/\/ellington-photo.com\/ErosWalker\/wp-content\/uploads\/2024\/12\/Designer-32.jpeg","type":"image\/jpeg"}],"twitter_card":"summary_large_image","twitter_misc":{"Dur\u00e9e de lecture estim\u00e9e":"4 minutes"},"schema":{"@context":"https:\/\/schema.org","@graph":[{"@type":"WebPage","@id":"https:\/\/ellington-photo.com\/ErosWalker\/mortelle-cavale-19\/","url":"https:\/\/ellington-photo.com\/ErosWalker\/mortelle-cavale-19\/","name":"Mortelle Cavale (19) - Eros Walker Stories","isPartOf":{"@id":"https:\/\/ellington-photo.com\/ErosWalker\/#website"},"primaryImageOfPage":{"@id":"https:\/\/ellington-photo.com\/ErosWalker\/mortelle-cavale-19\/#primaryimage"},"image":{"@id":"https:\/\/ellington-photo.com\/ErosWalker\/mortelle-cavale-19\/#primaryimage"},"thumbnailUrl":"https:\/\/ellington-photo.com\/ErosWalker\/wp-content\/uploads\/2024\/12\/Designer-32.jpeg","datePublished":"2024-11-28T17:18:20+00:00","dateModified":"2024-12-30T13:47:08+00:00","breadcrumb":{"@id":"https:\/\/ellington-photo.com\/ErosWalker\/mortelle-cavale-19\/#breadcrumb"},"inLanguage":"fr-FR","potentialAction":[{"@type":"ReadAction","target":["https:\/\/ellington-photo.com\/ErosWalker\/mortelle-cavale-19\/"]}]},{"@type":"ImageObject","inLanguage":"fr-FR","@id":"https:\/\/ellington-photo.com\/ErosWalker\/mortelle-cavale-19\/#primaryimage","url":"https:\/\/ellington-photo.com\/ErosWalker\/wp-content\/uploads\/2024\/12\/Designer-32.jpeg","contentUrl":"https:\/\/ellington-photo.com\/ErosWalker\/wp-content\/uploads\/2024\/12\/Designer-32.jpeg","width":1024,"height":1024},{"@type":"BreadcrumbList","@id":"https:\/\/ellington-photo.com\/ErosWalker\/mortelle-cavale-19\/#breadcrumb","itemListElement":[{"@type":"ListItem","position":1,"name":"Accueil","item":"https:\/\/ellington-photo.com\/ErosWalker\/"},{"@type":"ListItem","position":2,"name":"Mortelle Cavale (19)"}]},{"@type":"WebSite","@id":"https:\/\/ellington-photo.com\/ErosWalker\/#website","url":"https:\/\/ellington-photo.com\/ErosWalker\/","name":"Eros Walker Stories","description":"Litt\u00e9rature et images","publisher":{"@id":"https:\/\/ellington-photo.com\/ErosWalker\/#organization"},"potentialAction":[{"@type":"SearchAction","target":{"@type":"EntryPoint","urlTemplate":"https:\/\/ellington-photo.com\/ErosWalker\/?s={search_term_string}"},"query-input":{"@type":"PropertyValueSpecification","valueRequired":true,"valueName":"search_term_string"}}],"inLanguage":"fr-FR"},{"@type":"Organization","@id":"https:\/\/ellington-photo.com\/ErosWalker\/#organization","name":"Eros Walker Stories","url":"https:\/\/ellington-photo.com\/ErosWalker\/","logo":{"@type":"ImageObject","inLanguage":"fr-FR","@id":"https:\/\/ellington-photo.com\/ErosWalker\/#\/schema\/logo\/image\/","url":"https:\/\/ellington-photo.com\/ErosWalker\/wp-content\/uploads\/2025\/05\/Chat-Noir.jpg","contentUrl":"https:\/\/ellington-photo.com\/ErosWalker\/wp-content\/uploads\/2025\/05\/Chat-Noir.jpg","width":400,"height":391,"caption":"Eros Walker Stories"},"image":{"@id":"https:\/\/ellington-photo.com\/ErosWalker\/#\/schema\/logo\/image\/"},"sameAs":["https:\/\/www.linkedin.com\/in\/eros-walker-ab710a298\/"]}]}},"_links":{"self":[{"href":"https:\/\/ellington-photo.com\/ErosWalker\/wp-json\/wp\/v2\/pages\/309","targetHints":{"allow":["GET"]}}],"collection":[{"href":"https:\/\/ellington-photo.com\/ErosWalker\/wp-json\/wp\/v2\/pages"}],"about":[{"href":"https:\/\/ellington-photo.com\/ErosWalker\/wp-json\/wp\/v2\/types\/page"}],"author":[{"embeddable":true,"href":"https:\/\/ellington-photo.com\/ErosWalker\/wp-json\/wp\/v2\/users\/1"}],"replies":[{"embeddable":true,"href":"https:\/\/ellington-photo.com\/ErosWalker\/wp-json\/wp\/v2\/comments?post=309"}],"version-history":[{"count":1,"href":"https:\/\/ellington-photo.com\/ErosWalker\/wp-json\/wp\/v2\/pages\/309\/revisions"}],"predecessor-version":[{"id":310,"href":"https:\/\/ellington-photo.com\/ErosWalker\/wp-json\/wp\/v2\/pages\/309\/revisions\/310"}],"wp:featuredmedia":[{"embeddable":true,"href":"https:\/\/ellington-photo.com\/ErosWalker\/wp-json\/wp\/v2\/media\/359"}],"wp:attachment":[{"href":"https:\/\/ellington-photo.com\/ErosWalker\/wp-json\/wp\/v2\/media?parent=309"}],"curies":[{"name":"wp","href":"https:\/\/api.w.org\/{rel}","templated":true}]}}