{"id":305,"date":"2024-11-28T18:12:03","date_gmt":"2024-11-28T17:12:03","guid":{"rendered":"https:\/\/ellington-photo.com\/ErosWalker\/?page_id=305"},"modified":"2024-12-30T14:48:00","modified_gmt":"2024-12-30T13:48:00","slug":"mortelle-cavale-18","status":"publish","type":"page","link":"https:\/\/ellington-photo.com\/ErosWalker\/mortelle-cavale-18\/","title":{"rendered":"Mortelle Cavale (18)"},"content":{"rendered":"\n<p><strong>Invitation Soudaine<\/strong><\/p>\n\n\n\n<p><strong>Tulsa, Oklahoma<\/strong><br><strong>Vendredi 24 octobre 1980, 18h00<\/strong><\/p>\n\n\n\n<p>Nous avons trouv\u00e9 un certain \u00e9quilibre \u00e0 Tulsa. J\u2019ai trouv\u00e9 un travail dans un grand bar du centre ville. C\u2019est un \u00e9tablissement qui emploie surtout des filles jeunes et jolies, qui portent toutes une sorte d\u2019uniforme sexy, un t-shirt \u00e9chancr\u00e9 tr\u00e8s ajust\u00e9 et un mini-short. Moi, j\u2019ai \u00e9t\u00e9 embauch\u00e9e pour seconder le patron, qui a appr\u00e9ci\u00e9 mon exp\u00e9rience. J\u2019ai \u00e9t\u00e9 dispens\u00e9e du short ! Le bar est install\u00e9 au bord de la rivi\u00e8re Arkansas, et propose une grande terrasse. C\u2019est la grosse affluence \u00e0 l\u2019heure de sortie des bureaux. Je prends mon service \u00e0 4 heures jusqu\u2019\u00e0 10 ou 11 heures le soir. La paye est bonne et les clients ne l\u00e9sinent pas sur les pourboires. Sur la base de mon salaire, j\u2019ai pu louer un petit appartement dans un quartier populaire. Becky continue de rapporter de l\u2019argent liquide et contribue g\u00e9n\u00e9reusement \u00e0 nos d\u00e9penses communes. J\u2019ai d\u00e9cid\u00e9 de ne plus m\u2019inqui\u00e9ter pour elle. Apr\u00e8s tout, nous ne sommes que co-locataires.<\/p>\n\n\n\n<p>Il est 18h, c\u2019est l\u2019heure de pointe un vendredi. La temp\u00e9rature est encore tr\u00e8s douce et la terrasse est bond\u00e9e. La bi\u00e8re coule \u00e0 flots. Tout se passe au mieux lorsque je rep\u00e8re Becky qui se fraie un chemin jusqu\u2019au comptoir. \u00c7a ne lui ressemble pas trop de venir me voir au travail. Il doit y avoir quelque chose d\u2019anormal. Je pr\u00e9viens le patron que je m\u2019absente cinq minutes et je fais signe \u00e0 mon amie de me suivre au fond de la salle o\u00f9 nous avons une petite salle de repos.<\/p>\n\n\n\n<p>\u00ab Qu\u2019est-ce qui se passe ? Il est arriv\u00e9 quelque chose ? demand\u00e9-je angoiss\u00e9e.<\/p>\n\n\n\n<p>\u2014 Oh, cool ! me r\u00e9pond Becky. Ne t\u2019inqui\u00e8te pas, il ne s\u2019est rien pass\u00e9, je voulais juste passer te pr\u00e9venir.<\/p>\n\n\n\n<p>\u2014 Me pr\u00e9venir de quoi, \u00e7a ne pouvait pas attendre demain ?<\/p>\n\n\n\n<p>\u2014 Ben non, justement. Je voulais te pr\u00e9venir que je ne rentrerai pas ce soir et peut \u00eatre pas non plus demain soir.<\/p>\n\n\n\n<p>\u2014 Et pourquoi ?<\/p>\n\n\n\n<p>\u2014 On m\u2019a propos\u00e9 de participer \u00e0 un week-end dans un chalet au bord du lac Oologah.<\/p>\n\n\n\n<p>\u2014 Mais qui ?<\/p>\n\n\n\n<p>\u2014 Des amis que j\u2019ai rencontr\u00e9s ces derniers soirs. Ils sont jeunes et sympas, et surtout, pleins de fric. Le chalet, c\u2019est pas le campement de Chad et Mike. On pourra m\u00eame faire du ski nautique sur le lac.<\/p>\n\n\n\n<p>\u2014 Je ne suis pas ta m\u00e8re, ni m\u00eame ta s\u0153ur, et ici, tu es majeure. Ce n\u2019est pas \u00e0 moi de te dire ce que tu peux faire ou pas, mais je n\u2019aime pas trop \u00e7a !<\/p>\n\n\n\n<p>\u2014 Je ne suis pas la seule fille et puis j\u2019ai pris ton flingue, par pr\u00e9caution. \u00bb<\/p>\n\n\n\n<p>Je l\u2019avais presque oubli\u00e9e cette arme. Depuis que nous avons emm\u00e9nag\u00e9, elle est rang\u00e9e dans le tiroir d\u2019une commode.<\/p>\n\n\n\n<p>\u00ab Tu aurais pu m\u2019en parler avant !<\/p>\n\n\n\n<p>\u2014 On me l\u2019a propos\u00e9 tout \u00e0 l\u2019heure. J\u2019ai juste eu le temps de pr\u00e9parer un sac et Steve est pass\u00e9 me prendre.<\/p>\n\n\n\n<p>\u2014 C\u2019est qui Steve ?<\/p>\n\n\n\n<p>\u2014 Le chalet est \u00e0 lui, enfin, c\u2019est le fils du propri\u00e9taire. Son p\u00e8re travaille dans le p\u00e9trole.<\/p>\n\n\n\n<p>\u2014 Vous partez quand ? demand\u00e9-je \u00e0 court d\u2019arguments.<\/p>\n\n\n\n<p>\u2014 Tout de suite, Steve et une autre fille m\u2019attendent dans la voiture. \u00bb<\/p>\n\n\n\n<p>Elle ne me laisse pas le temps de r\u00e9pliquer et part sans se retourner.<\/p>\n\n\n\n<p>\u00ab T\u00e9l\u00e9phone-moi au moins ! \u00bb<\/p>\n\n\n\n<p>Elle me fait juste un signe de la main et sort.<\/p>\n\n\n\n<p>J\u2019ai beau me dire que tous les jeunes de vingt ans profitent de ce genre d\u2019opportunit\u00e9s de nos jours, je ne peux pas m\u2019emp\u00eacher d\u2019\u00e9prouver un moment d\u2019inqui\u00e9tude. Lorsque je reviens au bar, le boss m\u2019interroge du regard.<\/p>\n\n\n\n<p>\u00ab Tout va bien, mon amie voulait juste me dire qu\u2019elle s\u2019absentait pour le week-end.<\/p>\n\n\n\n<p>\u2014 Elle est mignonne, si elle veut travailler ici, je lui trouve une place tout de suite.<\/p>\n\n\n\n<p>\u2014 Elle a d\u00e9j\u00e0 un job, mais merci pour la proposition. \u00bb<\/p>\n\n\n\n<p>Je termine mon service sans probl\u00e8me. Il est presque minuit quand je rentre \u00e0 la maison. Becky n\u2019a pas cherch\u00e9 \u00e0 me contacter, mais je ne suis pas vraiment surprise. De toute fa\u00e7on, je ne peux rien y faire. Elle ne m\u2019a laiss\u00e9 aucun moyen de la joindre. Je ne connais m\u00eame pas le nom de son ami.<\/p>\n\n\n\n<p><\/p>\n\n\n\n<p>Continuer la lecture : <a href=\"https:\/\/ellington-photo.com\/ErosWalker\/mortelle-cavale-19\/\">https:\/\/ellington-photo.com\/ErosWalker\/mortelle-cavale-19\/<\/a><\/p>\n","protected":false},"excerpt":{"rendered":"<p>Invitation Soudaine Tulsa, OklahomaVendredi 24 octobre 1980, 18h00 Nous avons trouv\u00e9 un certain \u00e9quilibre \u00e0 Tulsa. J\u2019ai trouv\u00e9 un travail dans un grand bar du centre ville. C\u2019est un \u00e9tablissement qui emploie surtout des filles jeunes et jolies, qui portent toutes une sorte d\u2019uniforme sexy, &hellip; <\/p>\n","protected":false},"author":1,"featured_media":357,"parent":0,"menu_order":0,"comment_status":"closed","ping_status":"closed","template":"","meta":{"footnotes":""},"class_list":["post-305","page","type-page","status-publish","has-post-thumbnail","hentry"],"yoast_head":"<!-- This site is optimized with the Yoast SEO plugin v27.4 - https:\/\/yoast.com\/product\/yoast-seo-wordpress\/ -->\n<title>Mortelle Cavale (18) - Eros Walker Stories<\/title>\n<meta name=\"robots\" content=\"index, follow, max-snippet:-1, max-image-preview:large, max-video-preview:-1\" \/>\n<link rel=\"canonical\" href=\"https:\/\/ellington-photo.com\/ErosWalker\/mortelle-cavale-18\/\" \/>\n<meta property=\"og:locale\" content=\"fr_FR\" \/>\n<meta property=\"og:type\" content=\"article\" \/>\n<meta property=\"og:title\" content=\"Mortelle Cavale (18) - Eros Walker Stories\" \/>\n<meta property=\"og:description\" content=\"Invitation Soudaine Tulsa, OklahomaVendredi 24 octobre 1980, 18h00 Nous avons trouv\u00e9 un certain \u00e9quilibre \u00e0 Tulsa. J\u2019ai trouv\u00e9 un travail dans un grand bar du centre ville. C\u2019est un \u00e9tablissement qui emploie surtout des filles jeunes et jolies, qui portent toutes une sorte d\u2019uniforme sexy, &hellip;\" \/>\n<meta property=\"og:url\" content=\"https:\/\/ellington-photo.com\/ErosWalker\/mortelle-cavale-18\/\" \/>\n<meta property=\"og:site_name\" content=\"Eros Walker Stories\" \/>\n<meta property=\"article:modified_time\" content=\"2024-12-30T13:48:00+00:00\" \/>\n<meta property=\"og:image\" content=\"https:\/\/ellington-photo.com\/ErosWalker\/wp-content\/uploads\/2024\/12\/Designer-31.jpeg\" \/>\n\t<meta property=\"og:image:width\" content=\"1024\" \/>\n\t<meta property=\"og:image:height\" content=\"1024\" \/>\n\t<meta property=\"og:image:type\" content=\"image\/jpeg\" \/>\n<meta name=\"twitter:card\" content=\"summary_large_image\" \/>\n<meta name=\"twitter:label1\" content=\"Dur\u00e9e de lecture estim\u00e9e\" \/>\n\t<meta name=\"twitter:data1\" content=\"4 minutes\" \/>\n<script type=\"application\/ld+json\" class=\"yoast-schema-graph\">{\"@context\":\"https:\\\/\\\/schema.org\",\"@graph\":[{\"@type\":\"WebPage\",\"@id\":\"https:\\\/\\\/ellington-photo.com\\\/ErosWalker\\\/mortelle-cavale-18\\\/\",\"url\":\"https:\\\/\\\/ellington-photo.com\\\/ErosWalker\\\/mortelle-cavale-18\\\/\",\"name\":\"Mortelle Cavale (18) - Eros Walker Stories\",\"isPartOf\":{\"@id\":\"https:\\\/\\\/ellington-photo.com\\\/ErosWalker\\\/#website\"},\"primaryImageOfPage\":{\"@id\":\"https:\\\/\\\/ellington-photo.com\\\/ErosWalker\\\/mortelle-cavale-18\\\/#primaryimage\"},\"image\":{\"@id\":\"https:\\\/\\\/ellington-photo.com\\\/ErosWalker\\\/mortelle-cavale-18\\\/#primaryimage\"},\"thumbnailUrl\":\"https:\\\/\\\/ellington-photo.com\\\/ErosWalker\\\/wp-content\\\/uploads\\\/2024\\\/12\\\/Designer-31.jpeg\",\"datePublished\":\"2024-11-28T17:12:03+00:00\",\"dateModified\":\"2024-12-30T13:48:00+00:00\",\"breadcrumb\":{\"@id\":\"https:\\\/\\\/ellington-photo.com\\\/ErosWalker\\\/mortelle-cavale-18\\\/#breadcrumb\"},\"inLanguage\":\"fr-FR\",\"potentialAction\":[{\"@type\":\"ReadAction\",\"target\":[\"https:\\\/\\\/ellington-photo.com\\\/ErosWalker\\\/mortelle-cavale-18\\\/\"]}]},{\"@type\":\"ImageObject\",\"inLanguage\":\"fr-FR\",\"@id\":\"https:\\\/\\\/ellington-photo.com\\\/ErosWalker\\\/mortelle-cavale-18\\\/#primaryimage\",\"url\":\"https:\\\/\\\/ellington-photo.com\\\/ErosWalker\\\/wp-content\\\/uploads\\\/2024\\\/12\\\/Designer-31.jpeg\",\"contentUrl\":\"https:\\\/\\\/ellington-photo.com\\\/ErosWalker\\\/wp-content\\\/uploads\\\/2024\\\/12\\\/Designer-31.jpeg\",\"width\":1024,\"height\":1024},{\"@type\":\"BreadcrumbList\",\"@id\":\"https:\\\/\\\/ellington-photo.com\\\/ErosWalker\\\/mortelle-cavale-18\\\/#breadcrumb\",\"itemListElement\":[{\"@type\":\"ListItem\",\"position\":1,\"name\":\"Accueil\",\"item\":\"https:\\\/\\\/ellington-photo.com\\\/ErosWalker\\\/\"},{\"@type\":\"ListItem\",\"position\":2,\"name\":\"Mortelle Cavale (18)\"}]},{\"@type\":\"WebSite\",\"@id\":\"https:\\\/\\\/ellington-photo.com\\\/ErosWalker\\\/#website\",\"url\":\"https:\\\/\\\/ellington-photo.com\\\/ErosWalker\\\/\",\"name\":\"Eros Walker Stories\",\"description\":\"Litt\u00e9rature et images\",\"publisher\":{\"@id\":\"https:\\\/\\\/ellington-photo.com\\\/ErosWalker\\\/#organization\"},\"potentialAction\":[{\"@type\":\"SearchAction\",\"target\":{\"@type\":\"EntryPoint\",\"urlTemplate\":\"https:\\\/\\\/ellington-photo.com\\\/ErosWalker\\\/?s={search_term_string}\"},\"query-input\":{\"@type\":\"PropertyValueSpecification\",\"valueRequired\":true,\"valueName\":\"search_term_string\"}}],\"inLanguage\":\"fr-FR\"},{\"@type\":\"Organization\",\"@id\":\"https:\\\/\\\/ellington-photo.com\\\/ErosWalker\\\/#organization\",\"name\":\"Eros Walker Stories\",\"url\":\"https:\\\/\\\/ellington-photo.com\\\/ErosWalker\\\/\",\"logo\":{\"@type\":\"ImageObject\",\"inLanguage\":\"fr-FR\",\"@id\":\"https:\\\/\\\/ellington-photo.com\\\/ErosWalker\\\/#\\\/schema\\\/logo\\\/image\\\/\",\"url\":\"https:\\\/\\\/ellington-photo.com\\\/ErosWalker\\\/wp-content\\\/uploads\\\/2025\\\/05\\\/Chat-Noir.jpg\",\"contentUrl\":\"https:\\\/\\\/ellington-photo.com\\\/ErosWalker\\\/wp-content\\\/uploads\\\/2025\\\/05\\\/Chat-Noir.jpg\",\"width\":400,\"height\":391,\"caption\":\"Eros Walker Stories\"},\"image\":{\"@id\":\"https:\\\/\\\/ellington-photo.com\\\/ErosWalker\\\/#\\\/schema\\\/logo\\\/image\\\/\"},\"sameAs\":[\"https:\\\/\\\/www.linkedin.com\\\/in\\\/eros-walker-ab710a298\\\/\"]}]}<\/script>\n<!-- \/ Yoast SEO plugin. -->","yoast_head_json":{"title":"Mortelle Cavale (18) - Eros Walker Stories","robots":{"index":"index","follow":"follow","max-snippet":"max-snippet:-1","max-image-preview":"max-image-preview:large","max-video-preview":"max-video-preview:-1"},"canonical":"https:\/\/ellington-photo.com\/ErosWalker\/mortelle-cavale-18\/","og_locale":"fr_FR","og_type":"article","og_title":"Mortelle Cavale (18) - Eros Walker Stories","og_description":"Invitation Soudaine Tulsa, OklahomaVendredi 24 octobre 1980, 18h00 Nous avons trouv\u00e9 un certain \u00e9quilibre \u00e0 Tulsa. J\u2019ai trouv\u00e9 un travail dans un grand bar du centre ville. C\u2019est un \u00e9tablissement qui emploie surtout des filles jeunes et jolies, qui portent toutes une sorte d\u2019uniforme sexy, &hellip;","og_url":"https:\/\/ellington-photo.com\/ErosWalker\/mortelle-cavale-18\/","og_site_name":"Eros Walker Stories","article_modified_time":"2024-12-30T13:48:00+00:00","og_image":[{"width":1024,"height":1024,"url":"https:\/\/ellington-photo.com\/ErosWalker\/wp-content\/uploads\/2024\/12\/Designer-31.jpeg","type":"image\/jpeg"}],"twitter_card":"summary_large_image","twitter_misc":{"Dur\u00e9e de lecture estim\u00e9e":"4 minutes"},"schema":{"@context":"https:\/\/schema.org","@graph":[{"@type":"WebPage","@id":"https:\/\/ellington-photo.com\/ErosWalker\/mortelle-cavale-18\/","url":"https:\/\/ellington-photo.com\/ErosWalker\/mortelle-cavale-18\/","name":"Mortelle Cavale (18) - Eros Walker Stories","isPartOf":{"@id":"https:\/\/ellington-photo.com\/ErosWalker\/#website"},"primaryImageOfPage":{"@id":"https:\/\/ellington-photo.com\/ErosWalker\/mortelle-cavale-18\/#primaryimage"},"image":{"@id":"https:\/\/ellington-photo.com\/ErosWalker\/mortelle-cavale-18\/#primaryimage"},"thumbnailUrl":"https:\/\/ellington-photo.com\/ErosWalker\/wp-content\/uploads\/2024\/12\/Designer-31.jpeg","datePublished":"2024-11-28T17:12:03+00:00","dateModified":"2024-12-30T13:48:00+00:00","breadcrumb":{"@id":"https:\/\/ellington-photo.com\/ErosWalker\/mortelle-cavale-18\/#breadcrumb"},"inLanguage":"fr-FR","potentialAction":[{"@type":"ReadAction","target":["https:\/\/ellington-photo.com\/ErosWalker\/mortelle-cavale-18\/"]}]},{"@type":"ImageObject","inLanguage":"fr-FR","@id":"https:\/\/ellington-photo.com\/ErosWalker\/mortelle-cavale-18\/#primaryimage","url":"https:\/\/ellington-photo.com\/ErosWalker\/wp-content\/uploads\/2024\/12\/Designer-31.jpeg","contentUrl":"https:\/\/ellington-photo.com\/ErosWalker\/wp-content\/uploads\/2024\/12\/Designer-31.jpeg","width":1024,"height":1024},{"@type":"BreadcrumbList","@id":"https:\/\/ellington-photo.com\/ErosWalker\/mortelle-cavale-18\/#breadcrumb","itemListElement":[{"@type":"ListItem","position":1,"name":"Accueil","item":"https:\/\/ellington-photo.com\/ErosWalker\/"},{"@type":"ListItem","position":2,"name":"Mortelle Cavale (18)"}]},{"@type":"WebSite","@id":"https:\/\/ellington-photo.com\/ErosWalker\/#website","url":"https:\/\/ellington-photo.com\/ErosWalker\/","name":"Eros Walker Stories","description":"Litt\u00e9rature et images","publisher":{"@id":"https:\/\/ellington-photo.com\/ErosWalker\/#organization"},"potentialAction":[{"@type":"SearchAction","target":{"@type":"EntryPoint","urlTemplate":"https:\/\/ellington-photo.com\/ErosWalker\/?s={search_term_string}"},"query-input":{"@type":"PropertyValueSpecification","valueRequired":true,"valueName":"search_term_string"}}],"inLanguage":"fr-FR"},{"@type":"Organization","@id":"https:\/\/ellington-photo.com\/ErosWalker\/#organization","name":"Eros Walker Stories","url":"https:\/\/ellington-photo.com\/ErosWalker\/","logo":{"@type":"ImageObject","inLanguage":"fr-FR","@id":"https:\/\/ellington-photo.com\/ErosWalker\/#\/schema\/logo\/image\/","url":"https:\/\/ellington-photo.com\/ErosWalker\/wp-content\/uploads\/2025\/05\/Chat-Noir.jpg","contentUrl":"https:\/\/ellington-photo.com\/ErosWalker\/wp-content\/uploads\/2025\/05\/Chat-Noir.jpg","width":400,"height":391,"caption":"Eros Walker Stories"},"image":{"@id":"https:\/\/ellington-photo.com\/ErosWalker\/#\/schema\/logo\/image\/"},"sameAs":["https:\/\/www.linkedin.com\/in\/eros-walker-ab710a298\/"]}]}},"_links":{"self":[{"href":"https:\/\/ellington-photo.com\/ErosWalker\/wp-json\/wp\/v2\/pages\/305","targetHints":{"allow":["GET"]}}],"collection":[{"href":"https:\/\/ellington-photo.com\/ErosWalker\/wp-json\/wp\/v2\/pages"}],"about":[{"href":"https:\/\/ellington-photo.com\/ErosWalker\/wp-json\/wp\/v2\/types\/page"}],"author":[{"embeddable":true,"href":"https:\/\/ellington-photo.com\/ErosWalker\/wp-json\/wp\/v2\/users\/1"}],"replies":[{"embeddable":true,"href":"https:\/\/ellington-photo.com\/ErosWalker\/wp-json\/wp\/v2\/comments?post=305"}],"version-history":[{"count":3,"href":"https:\/\/ellington-photo.com\/ErosWalker\/wp-json\/wp\/v2\/pages\/305\/revisions"}],"predecessor-version":[{"id":360,"href":"https:\/\/ellington-photo.com\/ErosWalker\/wp-json\/wp\/v2\/pages\/305\/revisions\/360"}],"wp:featuredmedia":[{"embeddable":true,"href":"https:\/\/ellington-photo.com\/ErosWalker\/wp-json\/wp\/v2\/media\/357"}],"wp:attachment":[{"href":"https:\/\/ellington-photo.com\/ErosWalker\/wp-json\/wp\/v2\/media?parent=305"}],"curies":[{"name":"wp","href":"https:\/\/api.w.org\/{rel}","templated":true}]}}