{"id":302,"date":"2024-11-28T18:09:18","date_gmt":"2024-11-28T17:09:18","guid":{"rendered":"https:\/\/ellington-photo.com\/ErosWalker\/?page_id=302"},"modified":"2024-12-30T14:43:12","modified_gmt":"2024-12-30T13:43:12","slug":"mortelle-cavale-17","status":"publish","type":"page","link":"https:\/\/ellington-photo.com\/ErosWalker\/mortelle-cavale-17\/","title":{"rendered":"Mortelle Cavale (17)"},"content":{"rendered":"\n<p><strong>On the road again<\/strong><\/p>\n\n\n\n<p><strong>Ozark Mountains, Arkansa<\/strong>s<br><strong>Samedi 4 octobre 1980, 14h00<\/strong><\/p>\n\n\n\n<p>Nous sommes retourn\u00e9s chez le vieil indien pour d\u00e9jeuner. Chad et Mike nous ont accompagn\u00e9es. Becky avait une sale t\u00eate, comme je l\u2019avais imagin\u00e9. Elle avait \u00e9merg\u00e9 peu avant midi, peu de temps apr\u00e8s Mike. Je lui avait impos\u00e9 une douche, \u00e0 l\u2019eau froide, mais elle avait cat\u00e9goriquement refus\u00e9 de se laver les cheveux. Raven nous a fait du caf\u00e9 tr\u00e8s fort et des pancakes. Chad n\u2019avait pas \u00e9t\u00e9 surpris de ma d\u00e9cision de reprendre la route, mais il n\u2019en avait pas \u00e9t\u00e9 de m\u00eame pour les plus jeunes. Lorsque j\u2019ai dit \u00e0 Becky que j\u2019\u00e9tais d\u00e9termin\u00e9e \u00e0 partir, avec ou sans elle, elle s\u2019est r\u00e9sign\u00e9e. Chad a demand\u00e9 o\u00f9 nous comptions aller. Je me suis souvenu que j\u2019avais parl\u00e9 de Tulsa, la veille.<\/p>\n\n\n\n<p>\u00ab C\u2019est une grande ville, vous pouvez y passer un moment sans que personne ne s\u2019inqui\u00e8te de vous.<\/p>\n\n\n\n<p>\u2014 C\u2019est s\u00fbr que j\u2019aurai plus de chance de trouver du travail qu\u2019en restant ici ! assur\u00e9-je.<\/p>\n\n\n\n<p>\u2014 Qu\u2019est-ce que tu cherches comme job ?<\/p>\n\n\n\n<p>\u2014 J\u2019ai surtout travaill\u00e9 comme barmaid, en Louisiane, comme vendeuse aussi.<\/p>\n\n\n\n<p>\u2014 Vous ne devriez pas avoir trop de mal, intervient Raven, Tulsa est une ville active, et vous ne serez pas d\u00e9pays\u00e9e, c\u2019est aussi un coin plein de p\u00e9trole ! \u00bb<\/p>\n\n\n\n<p>Je ne tiens pas \u00e0 ce que la s\u00e9paration s\u2019\u00e9ternise. Je demande \u00e0 Raven de nous pr\u00e9parer des sandwichs et du caf\u00e9 \u00e0 emporter. Becky a un peu de mal \u00e0 quitter Mike, mais nous finissons par d\u00e9coller. Comme \u00e0 son habitude, Becky commence par faire la gueule puis elle finit par s\u2019endormir. Si j\u2019avais esp\u00e9r\u00e9 de la compagnie, c\u2019est rat\u00e9. Raven m\u2019a dit qu\u2019il fallait compter cinq bonnes heures pour rejoindre Tulsa. Comme je ne tiens pas \u00e0 fatiguer le moteur de notre vieux pick-up, je roule \u00e0 vitesse mod\u00e9r\u00e9e. De toute fa\u00e7on, il n\u2019y a pas d\u2019autoroute et nous sommes pratiquement toujours en for\u00eat. Apr\u00e8s un peu plus d\u2019une heure, nous arrivons dans une zone touristique, la route franchit le lac Norfolk. Je d\u00e9couvre plusieurs petites marinas avec des bateaux de plaisance amarr\u00e9s. Trop t\u00f4t pour faire une pause. Je continue jusqu\u2019\u00e0 Harrison. Un coup d\u2019\u0153il \u00e0 la jauge d\u2019essence me confirme qu\u2019il faut faire une halte. Je rep\u00e8re une station Conoco \u00e0 l\u2019entr\u00e9e de la ville. Un pompiste noir en salopette crasseuse sort de l\u2019atelier en s\u2019essuyant les mains sur un chiffon de couleur ind\u00e9finissable. Je lui demande de faire le plein.<\/p>\n\n\n\n<p>\u00ab Vous v\u2019nez du Tennessee, ma p\u2019tite dame ? \u00c7a fait d\u2019la route.<\/p>\n\n\n\n<p>\u2014 De Memphis, mais on a fait une \u00e9tape en route.<\/p>\n\n\n\n<p>\u2014 Et v\u2019zallez jusqu\u2019o\u00f9 ?<\/p>\n\n\n\n<p>\u2014 Tulsa.<\/p>\n\n\n\n<p>\u2014 V\u2019zavez de la famille \u00e0 Tulsa ?<\/p>\n\n\n\n<p>\u2014 Non, je cherche du travail.<\/p>\n\n\n\n<p>\u2014 Ah oui, c\u2019est s\u00fbr qu\u2019\u00e0 Tulsa, du travail, y\u2019en a. C\u2019est pas comme ici. J\u2019aimerais bien quitter ce coin, moi aussi. On ne nous aime pas trop ici ! \u00bb<\/p>\n\n\n\n<p>Je mets fin \u00e0 cette \u00e9difiante conversation en lui r\u00e9glant le carburant. Je me rends compte que notre p\u00e9cule a fondu. Il faudra vraiment que je bosse \u00e0 Tulsa. Je demande les toilettes et fais signe \u00e0 Becky. En sortant, je prends deux sodas au distributeur.<\/p>\n\n\n\n<p>\u00c0 mon retour, Becky n\u2019est plus dans la voiture. Je la vois appuy\u00e9e \u00e0 la porte de l\u2019atelier, elle semble parler \u00e0 deux pieds qui sortent de sous un ch\u00e2ssis. Je l\u2019appelle. Elle se retourne vers moi et me fait un signe d\u2019agacement. J\u2019insiste et elle revient prendre sa place.<\/p>\n\n\n\n<p>\u00ab Faut toujours que t\u2019arrive au mauvais moment, grince-t-elle entre ses dents.<\/p>\n\n\n\n<p>\u2014 Avec qui tu parlais ?<\/p>\n\n\n\n<p>\u2014 Sam, c\u2019est le neveu du gars qui t\u2019a servi l\u2019essence. On parlait de Tulsa.<\/p>\n\n\n\n<p>\u2014 Ah, et que disait-il \u00e0 propos de Tulsa ?<\/p>\n\n\n\n<p>\u2014 Qu\u2019on peut se faire pas mal de pognon, gr\u00e2ce \u00e0 l\u2019argent du p\u00e9trole. Il y a plein de types qui bossent toute la semaine et qui viennent en ville le week-end pour s\u2019amuser. Tu pourras s\u00fbrement te faire de gros pourboires.<\/p>\n\n\n\n<p>\u2014 Surtout ne me dit pas ce que tu penses faire toi ! \u00bb<\/p>\n\n\n\n<p>Nous repartons en direction de ce nouvel Eldorado. Nous traversons les terres de la nation Cherokee. Les panneaux g\u00e9ants nous le rappellent r\u00e9guli\u00e8rement. Je finis enfin par atteindre les faubourgs de Tulsa. La ville se d\u00e9ploie le long de la rivi\u00e8re Arkansas. La rive ouest semble enti\u00e8rement d\u00e9di\u00e9e aux installations p\u00e9troli\u00e8res. \u00c7a me rappelle un peu B\u00e2ton-Rouge. Je tourne un peu dans le centre, \u00e0 la recherche d\u2019un endroit o\u00f9 nous poser. Je ne vois que les enseignes de chaines trop ch\u00e8res pour notre budget. Je me r\u00e9sous \u00e0 m\u2019\u00e9loigner un peu, je finis par trouver un Motel 6 affichant des prix abordables. Bien entendu, Becky r\u00e2le et me trouve pingre parce que j\u2019ai pris une seule chambre. Je lui explique qu\u2019il ne nous reste pas grand-chose de l\u2019argent gagn\u00e9 \u00e0 Memphis.<\/p>\n\n\n\n<p>\u00ab C\u2019est pas grave, on va en trouver du fric, ici !<\/p>\n\n\n\n<p>\u2014 Alors, \u00e0 ce moment l\u00e0, on changera d\u2019h\u00f4tel. \u00bb<\/p>\n\n\n\n<p><\/p>\n\n\n\n<p>Continuer la lecture : <a href=\"https:\/\/ellington-photo.com\/ErosWalker\/mortelle-cavale-18\/\">https:\/\/ellington-photo.com\/ErosWalker\/mortelle-cavale-1<\/a>8<a href=\"https:\/\/ellington-photo.com\/ErosWalker\/mortelle-cavale-18\/\">\/<\/a><\/p>\n\n\n\n<p><\/p>\n","protected":false},"excerpt":{"rendered":"<p>On the road again Ozark Mountains, ArkansasSamedi 4 octobre 1980, 14h00 Nous sommes retourn\u00e9s chez le vieil indien pour d\u00e9jeuner. Chad et Mike nous ont accompagn\u00e9es. Becky avait une sale t\u00eate, comme je l\u2019avais imagin\u00e9. Elle avait \u00e9merg\u00e9 peu avant midi, peu de temps apr\u00e8s &hellip; <\/p>\n","protected":false},"author":1,"featured_media":356,"parent":0,"menu_order":0,"comment_status":"closed","ping_status":"closed","template":"","meta":{"footnotes":""},"class_list":["post-302","page","type-page","status-publish","has-post-thumbnail","hentry"],"yoast_head":"<!-- This site is optimized with the Yoast SEO plugin v27.4 - https:\/\/yoast.com\/product\/yoast-seo-wordpress\/ -->\n<title>Mortelle Cavale (17) - Eros Walker Stories<\/title>\n<meta name=\"robots\" content=\"index, follow, max-snippet:-1, max-image-preview:large, max-video-preview:-1\" \/>\n<link rel=\"canonical\" href=\"https:\/\/ellington-photo.com\/ErosWalker\/mortelle-cavale-17\/\" \/>\n<meta property=\"og:locale\" content=\"fr_FR\" \/>\n<meta property=\"og:type\" content=\"article\" \/>\n<meta property=\"og:title\" content=\"Mortelle Cavale (17) - Eros Walker Stories\" \/>\n<meta property=\"og:description\" content=\"On the road again Ozark Mountains, ArkansasSamedi 4 octobre 1980, 14h00 Nous sommes retourn\u00e9s chez le vieil indien pour d\u00e9jeuner. Chad et Mike nous ont accompagn\u00e9es. Becky avait une sale t\u00eate, comme je l\u2019avais imagin\u00e9. Elle avait \u00e9merg\u00e9 peu avant midi, peu de temps apr\u00e8s &hellip;\" \/>\n<meta property=\"og:url\" content=\"https:\/\/ellington-photo.com\/ErosWalker\/mortelle-cavale-17\/\" \/>\n<meta property=\"og:site_name\" content=\"Eros Walker Stories\" \/>\n<meta property=\"article:modified_time\" content=\"2024-12-30T13:43:12+00:00\" \/>\n<meta property=\"og:image\" content=\"https:\/\/ellington-photo.com\/ErosWalker\/wp-content\/uploads\/2024\/12\/Designer-30.jpeg\" \/>\n\t<meta property=\"og:image:width\" content=\"1024\" \/>\n\t<meta property=\"og:image:height\" content=\"1024\" \/>\n\t<meta property=\"og:image:type\" content=\"image\/jpeg\" \/>\n<meta name=\"twitter:card\" content=\"summary_large_image\" \/>\n<meta name=\"twitter:label1\" content=\"Dur\u00e9e de lecture estim\u00e9e\" \/>\n\t<meta name=\"twitter:data1\" content=\"5 minutes\" \/>\n<script type=\"application\/ld+json\" class=\"yoast-schema-graph\">{\"@context\":\"https:\\\/\\\/schema.org\",\"@graph\":[{\"@type\":\"WebPage\",\"@id\":\"https:\\\/\\\/ellington-photo.com\\\/ErosWalker\\\/mortelle-cavale-17\\\/\",\"url\":\"https:\\\/\\\/ellington-photo.com\\\/ErosWalker\\\/mortelle-cavale-17\\\/\",\"name\":\"Mortelle Cavale (17) - Eros Walker Stories\",\"isPartOf\":{\"@id\":\"https:\\\/\\\/ellington-photo.com\\\/ErosWalker\\\/#website\"},\"primaryImageOfPage\":{\"@id\":\"https:\\\/\\\/ellington-photo.com\\\/ErosWalker\\\/mortelle-cavale-17\\\/#primaryimage\"},\"image\":{\"@id\":\"https:\\\/\\\/ellington-photo.com\\\/ErosWalker\\\/mortelle-cavale-17\\\/#primaryimage\"},\"thumbnailUrl\":\"https:\\\/\\\/ellington-photo.com\\\/ErosWalker\\\/wp-content\\\/uploads\\\/2024\\\/12\\\/Designer-30.jpeg\",\"datePublished\":\"2024-11-28T17:09:18+00:00\",\"dateModified\":\"2024-12-30T13:43:12+00:00\",\"breadcrumb\":{\"@id\":\"https:\\\/\\\/ellington-photo.com\\\/ErosWalker\\\/mortelle-cavale-17\\\/#breadcrumb\"},\"inLanguage\":\"fr-FR\",\"potentialAction\":[{\"@type\":\"ReadAction\",\"target\":[\"https:\\\/\\\/ellington-photo.com\\\/ErosWalker\\\/mortelle-cavale-17\\\/\"]}]},{\"@type\":\"ImageObject\",\"inLanguage\":\"fr-FR\",\"@id\":\"https:\\\/\\\/ellington-photo.com\\\/ErosWalker\\\/mortelle-cavale-17\\\/#primaryimage\",\"url\":\"https:\\\/\\\/ellington-photo.com\\\/ErosWalker\\\/wp-content\\\/uploads\\\/2024\\\/12\\\/Designer-30.jpeg\",\"contentUrl\":\"https:\\\/\\\/ellington-photo.com\\\/ErosWalker\\\/wp-content\\\/uploads\\\/2024\\\/12\\\/Designer-30.jpeg\",\"width\":1024,\"height\":1024},{\"@type\":\"BreadcrumbList\",\"@id\":\"https:\\\/\\\/ellington-photo.com\\\/ErosWalker\\\/mortelle-cavale-17\\\/#breadcrumb\",\"itemListElement\":[{\"@type\":\"ListItem\",\"position\":1,\"name\":\"Accueil\",\"item\":\"https:\\\/\\\/ellington-photo.com\\\/ErosWalker\\\/\"},{\"@type\":\"ListItem\",\"position\":2,\"name\":\"Mortelle Cavale (17)\"}]},{\"@type\":\"WebSite\",\"@id\":\"https:\\\/\\\/ellington-photo.com\\\/ErosWalker\\\/#website\",\"url\":\"https:\\\/\\\/ellington-photo.com\\\/ErosWalker\\\/\",\"name\":\"Eros Walker Stories\",\"description\":\"Litt\u00e9rature et images\",\"publisher\":{\"@id\":\"https:\\\/\\\/ellington-photo.com\\\/ErosWalker\\\/#organization\"},\"potentialAction\":[{\"@type\":\"SearchAction\",\"target\":{\"@type\":\"EntryPoint\",\"urlTemplate\":\"https:\\\/\\\/ellington-photo.com\\\/ErosWalker\\\/?s={search_term_string}\"},\"query-input\":{\"@type\":\"PropertyValueSpecification\",\"valueRequired\":true,\"valueName\":\"search_term_string\"}}],\"inLanguage\":\"fr-FR\"},{\"@type\":\"Organization\",\"@id\":\"https:\\\/\\\/ellington-photo.com\\\/ErosWalker\\\/#organization\",\"name\":\"Eros Walker Stories\",\"url\":\"https:\\\/\\\/ellington-photo.com\\\/ErosWalker\\\/\",\"logo\":{\"@type\":\"ImageObject\",\"inLanguage\":\"fr-FR\",\"@id\":\"https:\\\/\\\/ellington-photo.com\\\/ErosWalker\\\/#\\\/schema\\\/logo\\\/image\\\/\",\"url\":\"https:\\\/\\\/ellington-photo.com\\\/ErosWalker\\\/wp-content\\\/uploads\\\/2025\\\/05\\\/Chat-Noir.jpg\",\"contentUrl\":\"https:\\\/\\\/ellington-photo.com\\\/ErosWalker\\\/wp-content\\\/uploads\\\/2025\\\/05\\\/Chat-Noir.jpg\",\"width\":400,\"height\":391,\"caption\":\"Eros Walker Stories\"},\"image\":{\"@id\":\"https:\\\/\\\/ellington-photo.com\\\/ErosWalker\\\/#\\\/schema\\\/logo\\\/image\\\/\"},\"sameAs\":[\"https:\\\/\\\/www.linkedin.com\\\/in\\\/eros-walker-ab710a298\\\/\"]}]}<\/script>\n<!-- \/ Yoast SEO plugin. -->","yoast_head_json":{"title":"Mortelle Cavale (17) - Eros Walker Stories","robots":{"index":"index","follow":"follow","max-snippet":"max-snippet:-1","max-image-preview":"max-image-preview:large","max-video-preview":"max-video-preview:-1"},"canonical":"https:\/\/ellington-photo.com\/ErosWalker\/mortelle-cavale-17\/","og_locale":"fr_FR","og_type":"article","og_title":"Mortelle Cavale (17) - Eros Walker Stories","og_description":"On the road again Ozark Mountains, ArkansasSamedi 4 octobre 1980, 14h00 Nous sommes retourn\u00e9s chez le vieil indien pour d\u00e9jeuner. Chad et Mike nous ont accompagn\u00e9es. Becky avait une sale t\u00eate, comme je l\u2019avais imagin\u00e9. Elle avait \u00e9merg\u00e9 peu avant midi, peu de temps apr\u00e8s &hellip;","og_url":"https:\/\/ellington-photo.com\/ErosWalker\/mortelle-cavale-17\/","og_site_name":"Eros Walker Stories","article_modified_time":"2024-12-30T13:43:12+00:00","og_image":[{"width":1024,"height":1024,"url":"https:\/\/ellington-photo.com\/ErosWalker\/wp-content\/uploads\/2024\/12\/Designer-30.jpeg","type":"image\/jpeg"}],"twitter_card":"summary_large_image","twitter_misc":{"Dur\u00e9e de lecture estim\u00e9e":"5 minutes"},"schema":{"@context":"https:\/\/schema.org","@graph":[{"@type":"WebPage","@id":"https:\/\/ellington-photo.com\/ErosWalker\/mortelle-cavale-17\/","url":"https:\/\/ellington-photo.com\/ErosWalker\/mortelle-cavale-17\/","name":"Mortelle Cavale (17) - Eros Walker Stories","isPartOf":{"@id":"https:\/\/ellington-photo.com\/ErosWalker\/#website"},"primaryImageOfPage":{"@id":"https:\/\/ellington-photo.com\/ErosWalker\/mortelle-cavale-17\/#primaryimage"},"image":{"@id":"https:\/\/ellington-photo.com\/ErosWalker\/mortelle-cavale-17\/#primaryimage"},"thumbnailUrl":"https:\/\/ellington-photo.com\/ErosWalker\/wp-content\/uploads\/2024\/12\/Designer-30.jpeg","datePublished":"2024-11-28T17:09:18+00:00","dateModified":"2024-12-30T13:43:12+00:00","breadcrumb":{"@id":"https:\/\/ellington-photo.com\/ErosWalker\/mortelle-cavale-17\/#breadcrumb"},"inLanguage":"fr-FR","potentialAction":[{"@type":"ReadAction","target":["https:\/\/ellington-photo.com\/ErosWalker\/mortelle-cavale-17\/"]}]},{"@type":"ImageObject","inLanguage":"fr-FR","@id":"https:\/\/ellington-photo.com\/ErosWalker\/mortelle-cavale-17\/#primaryimage","url":"https:\/\/ellington-photo.com\/ErosWalker\/wp-content\/uploads\/2024\/12\/Designer-30.jpeg","contentUrl":"https:\/\/ellington-photo.com\/ErosWalker\/wp-content\/uploads\/2024\/12\/Designer-30.jpeg","width":1024,"height":1024},{"@type":"BreadcrumbList","@id":"https:\/\/ellington-photo.com\/ErosWalker\/mortelle-cavale-17\/#breadcrumb","itemListElement":[{"@type":"ListItem","position":1,"name":"Accueil","item":"https:\/\/ellington-photo.com\/ErosWalker\/"},{"@type":"ListItem","position":2,"name":"Mortelle Cavale (17)"}]},{"@type":"WebSite","@id":"https:\/\/ellington-photo.com\/ErosWalker\/#website","url":"https:\/\/ellington-photo.com\/ErosWalker\/","name":"Eros Walker Stories","description":"Litt\u00e9rature et images","publisher":{"@id":"https:\/\/ellington-photo.com\/ErosWalker\/#organization"},"potentialAction":[{"@type":"SearchAction","target":{"@type":"EntryPoint","urlTemplate":"https:\/\/ellington-photo.com\/ErosWalker\/?s={search_term_string}"},"query-input":{"@type":"PropertyValueSpecification","valueRequired":true,"valueName":"search_term_string"}}],"inLanguage":"fr-FR"},{"@type":"Organization","@id":"https:\/\/ellington-photo.com\/ErosWalker\/#organization","name":"Eros Walker Stories","url":"https:\/\/ellington-photo.com\/ErosWalker\/","logo":{"@type":"ImageObject","inLanguage":"fr-FR","@id":"https:\/\/ellington-photo.com\/ErosWalker\/#\/schema\/logo\/image\/","url":"https:\/\/ellington-photo.com\/ErosWalker\/wp-content\/uploads\/2025\/05\/Chat-Noir.jpg","contentUrl":"https:\/\/ellington-photo.com\/ErosWalker\/wp-content\/uploads\/2025\/05\/Chat-Noir.jpg","width":400,"height":391,"caption":"Eros Walker Stories"},"image":{"@id":"https:\/\/ellington-photo.com\/ErosWalker\/#\/schema\/logo\/image\/"},"sameAs":["https:\/\/www.linkedin.com\/in\/eros-walker-ab710a298\/"]}]}},"_links":{"self":[{"href":"https:\/\/ellington-photo.com\/ErosWalker\/wp-json\/wp\/v2\/pages\/302","targetHints":{"allow":["GET"]}}],"collection":[{"href":"https:\/\/ellington-photo.com\/ErosWalker\/wp-json\/wp\/v2\/pages"}],"about":[{"href":"https:\/\/ellington-photo.com\/ErosWalker\/wp-json\/wp\/v2\/types\/page"}],"author":[{"embeddable":true,"href":"https:\/\/ellington-photo.com\/ErosWalker\/wp-json\/wp\/v2\/users\/1"}],"replies":[{"embeddable":true,"href":"https:\/\/ellington-photo.com\/ErosWalker\/wp-json\/wp\/v2\/comments?post=302"}],"version-history":[{"count":1,"href":"https:\/\/ellington-photo.com\/ErosWalker\/wp-json\/wp\/v2\/pages\/302\/revisions"}],"predecessor-version":[{"id":304,"href":"https:\/\/ellington-photo.com\/ErosWalker\/wp-json\/wp\/v2\/pages\/302\/revisions\/304"}],"wp:featuredmedia":[{"embeddable":true,"href":"https:\/\/ellington-photo.com\/ErosWalker\/wp-json\/wp\/v2\/media\/356"}],"wp:attachment":[{"href":"https:\/\/ellington-photo.com\/ErosWalker\/wp-json\/wp\/v2\/media?parent=302"}],"curies":[{"name":"wp","href":"https:\/\/api.w.org\/{rel}","templated":true}]}}