{"id":296,"date":"2024-11-28T13:35:04","date_gmt":"2024-11-28T12:35:04","guid":{"rendered":"https:\/\/ellington-photo.com\/ErosWalker\/?page_id=296"},"modified":"2024-12-13T14:38:22","modified_gmt":"2024-12-13T13:38:22","slug":"mortelle-cavale-16","status":"publish","type":"page","link":"https:\/\/ellington-photo.com\/ErosWalker\/mortelle-cavale-16\/","title":{"rendered":"Mortelle Cavale (16)"},"content":{"rendered":"\n<p><strong>Gueule de bois<\/strong><\/p>\n\n\n\n<p><strong>Ozark Mountains, Arkansas<\/strong><br><strong>Samedi 4 octobre 1980, 8h30<\/strong><\/p>\n\n\n\n<p>C\u2019est la lumi\u00e8re du jour qui me r\u00e9veille. Il me faut un moment pour me rappeler o\u00f9 je suis. J\u2019ai terriblement mal \u00e0 la t\u00eate. Je me redresse p\u00e9niblement pour m\u2019asseoir au bord du lit. Je porte un t-shirt trop grand, et rien d\u2019autre. Mes v\u00eatements sont sur le sol, \u00e9parpill\u00e9s dans le mobil-home. Je ne vois pas mon sac de voyage, j\u2019ai d\u00fb le laisser dans la voiture. Je finis par trouver ce qui tient lieu de salle de bain. Je me glisse dans la petite cabine et fais couler l\u2019eau en grand. Il ne faut pas longtemps pour qu\u2019elle devienne ti\u00e8de, puis glaciale. Je comprends que j\u2019ai vid\u00e9 la r\u00e9serve. Je me s\u00e8che et enfile mon jean, ainsi que le t-shirt de Chad.<\/p>\n\n\n\n<p>Je pousse la porte et je vois mon h\u00f4te, torse nu, en train de boire un caf\u00e9. Je ressens une bouff\u00e9e de d\u00e9sir coupable en allant le rejoindre. Il me regarde comme s\u2019il ne s\u2019\u00e9tait rien pass\u00e9 entre nous et me propose du caf\u00e9. Il y a un r\u00e9cipient isotherme sur la table et quelques mugs. Je me sers. J\u2019ai connu meilleur, mais je m\u2019en contenterai pour ce matin.<\/p>\n\n\n\n<p>\u00ab J\u2019ai une sacr\u00e9e gueule de bois, dis-je, tu aurais de l\u2019Advil ou un truc comme \u00e7a ?<\/p>\n\n\n\n<p>\u2014 C\u2019est vrai que tu as fait honneur \u00e0 la gnole du vieux Bob ! Je vais te chercher \u00e7a. \u00bb<\/p>\n\n\n\n<p>Il revient quelques instants plus tard. J\u2019avale deux comprim\u00e9s avec une gorg\u00e9e de caf\u00e9 et je me laisse tomber sur le canap\u00e9.<\/p>\n\n\n\n<p>\u00ab Tu as vu Becky, demand\u00e9-je ?<\/p>\n\n\n\n<p>\u2014 Non, pas encore, elle doit \u00eatre avec Mike, me r\u00e9pond Chad en d\u00e9signant le second mobile-home. Je crains qu\u2019elle soit encore plus mal en point que toi.<\/p>\n\n\n\n<p>\u2014 Heureusement que je n\u2019ai pas go\u00fbt\u00e9 votre herbe.<\/p>\n\n\n\n<p>\u2014 Tiens, j\u2019ai quelque chose pour toi, avant que j\u2019oublie. \u00bb<\/p>\n\n\n\n<p>Il me tend une petite boite, qui semble assez lourde. Des cartouches !<\/p>\n\n\n\n<p>\u00ab Becky a dit \u00e0 Mike que tu te promenais avec un revolver. Je suppose que tu l\u2019as dans ton sac, tu as raison. Une femme qui se prom\u00e8ne seule risque d\u2019\u00eatre importun\u00e9e. J\u2019en ai toujours un sous le si\u00e8ge de ma voiture. Elle a aussi dit que tu n\u2019avais pas de cartouches de r\u00e9serve.<\/p>\n\n\n\n<p>\u2014 Comment le sait-elle ?<\/p>\n\n\n\n<p>\u2014 En fait, elle ne l\u2019a pas dit comme \u00e7a, c\u2019est moi qui l\u2019ai d\u00e9duit, parce qu\u2019on ne garde pas une arme avec deux chambres vides si on a des munitions pour recharger. Tu sais comment faire ?<\/p>\n\n\n\n<p>\u2014 Bien s\u00fbr, mon p\u00e8re \u00e9tait militaire, il m\u2019a appris \u00e0 me servir d\u2019un flingue. \u00bb<\/p>\n\n\n\n<p>Je pose la boite sur la table. Je sors le Smith &amp; Wesson du fond de mon sac et bascule le barillet. Je l\u2019incline pour aider les \u00e9tuis vides \u00e0 sortir et les remplace par deux cartouches neuves.<\/p>\n\n\n\n<p>\u00ab Belle engin, c\u2019est ton p\u00e8re qui te l\u2019a donn\u00e9 ? C\u2019est un mod\u00e8le MP, non ? \u00bb<\/p>\n\n\n\n<p>J\u2019h\u00e9site un moment, puis je lui raconte. La tentative de viol dans le bar de Billy, l\u2019intervention de Frankie, les deux chasseurs dans la for\u00eat.<\/p>\n\n\n\n<p>\u00ab Donc, tu as pris l\u2019arme de ce flic, et tu dis qu\u2019on ne t\u2019a pas recherch\u00e9e en Louisiane ?<\/p>\n\n\n\n<p>\u2014 Le sh\u00e9rif du coin ne voulait pas se faire ridiculiser, m\u2019a dit Billy !<\/p>\n\n\n\n<p>\u2014 Et au Mississipi ?<\/p>\n\n\n\n<p>\u2014 Je ne sais pas !<\/p>\n\n\n\n<p>\u2014 Et la deuxi\u00e8me balle, c\u2019\u00e9tait o\u00f9 ?<\/p>\n\n\n\n<p>\u2014 Becky, \u00e0 Memphis. Elle avait pris l\u2019arme dans mon sac pour sortir le soir.<\/p>\n\n\n\n<p>\u2014 Sage pr\u00e9caution !<\/p>\n\n\n\n<p>\u2014 Elle a tir\u00e9 sur un type qui voulait qu\u2019elle se prostitue pour lui.<\/p>\n\n\n\n<p>\u2014 L\u00e9gitime d\u00e9fense, prononce Chad en guise d\u2019absolution. \u00c0 votre place, je n\u2019aurais pas h\u00e9sit\u00e9 non plus. \u00bb<\/p>\n\n\n\n<p>Je remets le revolver dans mon sac.<\/p>\n\n\n\n<p>\u00ab Il faudrait penser \u00e0 le nettoyer, ajoute mon nouvel ami. Je peux le faire si tu veux. J\u2019ai ce qu\u2019il faut. \u00bb<\/p>\n\n\n\n<p>Je ressors l\u2019arme et lui tends.<\/p>\n\n\n\n<p>\u00ab Je n\u2019en ai pas pour longtemps, reprends du caf\u00e9 si tu veux.<\/p>\n\n\n\n<p>\u2014 Au fait, je crois que j\u2019ai utilis\u00e9 toute l\u2019eau chaude !<\/p>\n\n\n\n<p>\u2014 \u00c7a n\u2019a pas d\u2019importance, je me suis baign\u00e9 dans le lac ce matin !<\/p>\n\n\n\n<p>\u2014 Elle doit \u00eatre glac\u00e9e !<\/p>\n\n\n\n<p>\u2014 Oui, mais j\u2019ai l\u2019habitude, je le fais tous les jours. \u00bb<\/p>\n\n\n\n<p>Je regarde cet homme des bois, je n\u2019avais pas remarqu\u00e9 comme il \u00e9tait large d\u2019\u00e9paules. Je suis s\u00fbre que si je lui demandais, il accepterait de nous h\u00e9berger plus longtemps, mais je ne veux pas prendre le risque de m\u2019attacher \u00e0 quelqu\u2019un et puis pass\u00e9 les premiers jours, qu\u2019est-ce que je ferais de mes journ\u00e9es dans ce bled, en hiver.<\/p>\n\n\n\n<p><\/p>\n\n\n\n<p>Continuer la lecture : <a href=\"https:\/\/ellington-photo.com\/ErosWalker\/mortelle-cavale-17\/\">https:\/\/ellington-photo.com\/ErosWalker\/mortelle-cavale-17\/<\/a><\/p>\n","protected":false},"excerpt":{"rendered":"<p>Gueule de bois Ozark Mountains, ArkansasSamedi 4 octobre 1980, 8h30 C\u2019est la lumi\u00e8re du jour qui me r\u00e9veille. Il me faut un moment pour me rappeler o\u00f9 je suis. J\u2019ai terriblement mal \u00e0 la t\u00eate. Je me redresse p\u00e9niblement pour m\u2019asseoir au bord du lit. &hellip; <\/p>\n","protected":false},"author":1,"featured_media":344,"parent":0,"menu_order":0,"comment_status":"closed","ping_status":"closed","template":"","meta":{"footnotes":""},"class_list":["post-296","page","type-page","status-publish","has-post-thumbnail","hentry"],"yoast_head":"<!-- This site is optimized with the Yoast SEO plugin v27.4 - https:\/\/yoast.com\/product\/yoast-seo-wordpress\/ -->\n<title>Mortelle Cavale (16) - Eros Walker Stories<\/title>\n<meta name=\"robots\" content=\"index, follow, max-snippet:-1, max-image-preview:large, max-video-preview:-1\" \/>\n<link rel=\"canonical\" href=\"https:\/\/ellington-photo.com\/ErosWalker\/mortelle-cavale-16\/\" \/>\n<meta property=\"og:locale\" content=\"fr_FR\" \/>\n<meta property=\"og:type\" content=\"article\" \/>\n<meta property=\"og:title\" content=\"Mortelle Cavale (16) - Eros Walker Stories\" \/>\n<meta property=\"og:description\" content=\"Gueule de bois Ozark Mountains, ArkansasSamedi 4 octobre 1980, 8h30 C\u2019est la lumi\u00e8re du jour qui me r\u00e9veille. Il me faut un moment pour me rappeler o\u00f9 je suis. J\u2019ai terriblement mal \u00e0 la t\u00eate. Je me redresse p\u00e9niblement pour m\u2019asseoir au bord du lit. &hellip;\" \/>\n<meta property=\"og:url\" content=\"https:\/\/ellington-photo.com\/ErosWalker\/mortelle-cavale-16\/\" \/>\n<meta property=\"og:site_name\" content=\"Eros Walker Stories\" \/>\n<meta property=\"article:modified_time\" content=\"2024-12-13T13:38:22+00:00\" \/>\n<meta property=\"og:image\" content=\"https:\/\/ellington-photo.com\/ErosWalker\/wp-content\/uploads\/2024\/12\/Designer-29-e1734096979346.jpeg\" \/>\n\t<meta property=\"og:image:width\" content=\"1020\" \/>\n\t<meta property=\"og:image:height\" content=\"840\" \/>\n\t<meta property=\"og:image:type\" content=\"image\/jpeg\" \/>\n<meta name=\"twitter:card\" content=\"summary_large_image\" \/>\n<meta name=\"twitter:label1\" content=\"Dur\u00e9e de lecture estim\u00e9e\" \/>\n\t<meta name=\"twitter:data1\" content=\"4 minutes\" \/>\n<script type=\"application\/ld+json\" class=\"yoast-schema-graph\">{\"@context\":\"https:\\\/\\\/schema.org\",\"@graph\":[{\"@type\":\"WebPage\",\"@id\":\"https:\\\/\\\/ellington-photo.com\\\/ErosWalker\\\/mortelle-cavale-16\\\/\",\"url\":\"https:\\\/\\\/ellington-photo.com\\\/ErosWalker\\\/mortelle-cavale-16\\\/\",\"name\":\"Mortelle Cavale (16) - Eros Walker Stories\",\"isPartOf\":{\"@id\":\"https:\\\/\\\/ellington-photo.com\\\/ErosWalker\\\/#website\"},\"primaryImageOfPage\":{\"@id\":\"https:\\\/\\\/ellington-photo.com\\\/ErosWalker\\\/mortelle-cavale-16\\\/#primaryimage\"},\"image\":{\"@id\":\"https:\\\/\\\/ellington-photo.com\\\/ErosWalker\\\/mortelle-cavale-16\\\/#primaryimage\"},\"thumbnailUrl\":\"https:\\\/\\\/ellington-photo.com\\\/ErosWalker\\\/wp-content\\\/uploads\\\/2024\\\/12\\\/Designer-29-e1734096979346.jpeg\",\"datePublished\":\"2024-11-28T12:35:04+00:00\",\"dateModified\":\"2024-12-13T13:38:22+00:00\",\"breadcrumb\":{\"@id\":\"https:\\\/\\\/ellington-photo.com\\\/ErosWalker\\\/mortelle-cavale-16\\\/#breadcrumb\"},\"inLanguage\":\"fr-FR\",\"potentialAction\":[{\"@type\":\"ReadAction\",\"target\":[\"https:\\\/\\\/ellington-photo.com\\\/ErosWalker\\\/mortelle-cavale-16\\\/\"]}]},{\"@type\":\"ImageObject\",\"inLanguage\":\"fr-FR\",\"@id\":\"https:\\\/\\\/ellington-photo.com\\\/ErosWalker\\\/mortelle-cavale-16\\\/#primaryimage\",\"url\":\"https:\\\/\\\/ellington-photo.com\\\/ErosWalker\\\/wp-content\\\/uploads\\\/2024\\\/12\\\/Designer-29-e1734096979346.jpeg\",\"contentUrl\":\"https:\\\/\\\/ellington-photo.com\\\/ErosWalker\\\/wp-content\\\/uploads\\\/2024\\\/12\\\/Designer-29-e1734096979346.jpeg\",\"width\":1020,\"height\":840},{\"@type\":\"BreadcrumbList\",\"@id\":\"https:\\\/\\\/ellington-photo.com\\\/ErosWalker\\\/mortelle-cavale-16\\\/#breadcrumb\",\"itemListElement\":[{\"@type\":\"ListItem\",\"position\":1,\"name\":\"Accueil\",\"item\":\"https:\\\/\\\/ellington-photo.com\\\/ErosWalker\\\/\"},{\"@type\":\"ListItem\",\"position\":2,\"name\":\"Mortelle Cavale (16)\"}]},{\"@type\":\"WebSite\",\"@id\":\"https:\\\/\\\/ellington-photo.com\\\/ErosWalker\\\/#website\",\"url\":\"https:\\\/\\\/ellington-photo.com\\\/ErosWalker\\\/\",\"name\":\"Eros Walker Stories\",\"description\":\"Litt\u00e9rature et images\",\"publisher\":{\"@id\":\"https:\\\/\\\/ellington-photo.com\\\/ErosWalker\\\/#organization\"},\"potentialAction\":[{\"@type\":\"SearchAction\",\"target\":{\"@type\":\"EntryPoint\",\"urlTemplate\":\"https:\\\/\\\/ellington-photo.com\\\/ErosWalker\\\/?s={search_term_string}\"},\"query-input\":{\"@type\":\"PropertyValueSpecification\",\"valueRequired\":true,\"valueName\":\"search_term_string\"}}],\"inLanguage\":\"fr-FR\"},{\"@type\":\"Organization\",\"@id\":\"https:\\\/\\\/ellington-photo.com\\\/ErosWalker\\\/#organization\",\"name\":\"Eros Walker Stories\",\"url\":\"https:\\\/\\\/ellington-photo.com\\\/ErosWalker\\\/\",\"logo\":{\"@type\":\"ImageObject\",\"inLanguage\":\"fr-FR\",\"@id\":\"https:\\\/\\\/ellington-photo.com\\\/ErosWalker\\\/#\\\/schema\\\/logo\\\/image\\\/\",\"url\":\"https:\\\/\\\/ellington-photo.com\\\/ErosWalker\\\/wp-content\\\/uploads\\\/2025\\\/05\\\/Chat-Noir.jpg\",\"contentUrl\":\"https:\\\/\\\/ellington-photo.com\\\/ErosWalker\\\/wp-content\\\/uploads\\\/2025\\\/05\\\/Chat-Noir.jpg\",\"width\":400,\"height\":391,\"caption\":\"Eros Walker Stories\"},\"image\":{\"@id\":\"https:\\\/\\\/ellington-photo.com\\\/ErosWalker\\\/#\\\/schema\\\/logo\\\/image\\\/\"},\"sameAs\":[\"https:\\\/\\\/www.linkedin.com\\\/in\\\/eros-walker-ab710a298\\\/\"]}]}<\/script>\n<!-- \/ Yoast SEO plugin. -->","yoast_head_json":{"title":"Mortelle Cavale (16) - Eros Walker Stories","robots":{"index":"index","follow":"follow","max-snippet":"max-snippet:-1","max-image-preview":"max-image-preview:large","max-video-preview":"max-video-preview:-1"},"canonical":"https:\/\/ellington-photo.com\/ErosWalker\/mortelle-cavale-16\/","og_locale":"fr_FR","og_type":"article","og_title":"Mortelle Cavale (16) - Eros Walker Stories","og_description":"Gueule de bois Ozark Mountains, ArkansasSamedi 4 octobre 1980, 8h30 C\u2019est la lumi\u00e8re du jour qui me r\u00e9veille. Il me faut un moment pour me rappeler o\u00f9 je suis. J\u2019ai terriblement mal \u00e0 la t\u00eate. Je me redresse p\u00e9niblement pour m\u2019asseoir au bord du lit. &hellip;","og_url":"https:\/\/ellington-photo.com\/ErosWalker\/mortelle-cavale-16\/","og_site_name":"Eros Walker Stories","article_modified_time":"2024-12-13T13:38:22+00:00","og_image":[{"width":1020,"height":840,"url":"https:\/\/ellington-photo.com\/ErosWalker\/wp-content\/uploads\/2024\/12\/Designer-29-e1734096979346.jpeg","type":"image\/jpeg"}],"twitter_card":"summary_large_image","twitter_misc":{"Dur\u00e9e de lecture estim\u00e9e":"4 minutes"},"schema":{"@context":"https:\/\/schema.org","@graph":[{"@type":"WebPage","@id":"https:\/\/ellington-photo.com\/ErosWalker\/mortelle-cavale-16\/","url":"https:\/\/ellington-photo.com\/ErosWalker\/mortelle-cavale-16\/","name":"Mortelle Cavale (16) - Eros Walker Stories","isPartOf":{"@id":"https:\/\/ellington-photo.com\/ErosWalker\/#website"},"primaryImageOfPage":{"@id":"https:\/\/ellington-photo.com\/ErosWalker\/mortelle-cavale-16\/#primaryimage"},"image":{"@id":"https:\/\/ellington-photo.com\/ErosWalker\/mortelle-cavale-16\/#primaryimage"},"thumbnailUrl":"https:\/\/ellington-photo.com\/ErosWalker\/wp-content\/uploads\/2024\/12\/Designer-29-e1734096979346.jpeg","datePublished":"2024-11-28T12:35:04+00:00","dateModified":"2024-12-13T13:38:22+00:00","breadcrumb":{"@id":"https:\/\/ellington-photo.com\/ErosWalker\/mortelle-cavale-16\/#breadcrumb"},"inLanguage":"fr-FR","potentialAction":[{"@type":"ReadAction","target":["https:\/\/ellington-photo.com\/ErosWalker\/mortelle-cavale-16\/"]}]},{"@type":"ImageObject","inLanguage":"fr-FR","@id":"https:\/\/ellington-photo.com\/ErosWalker\/mortelle-cavale-16\/#primaryimage","url":"https:\/\/ellington-photo.com\/ErosWalker\/wp-content\/uploads\/2024\/12\/Designer-29-e1734096979346.jpeg","contentUrl":"https:\/\/ellington-photo.com\/ErosWalker\/wp-content\/uploads\/2024\/12\/Designer-29-e1734096979346.jpeg","width":1020,"height":840},{"@type":"BreadcrumbList","@id":"https:\/\/ellington-photo.com\/ErosWalker\/mortelle-cavale-16\/#breadcrumb","itemListElement":[{"@type":"ListItem","position":1,"name":"Accueil","item":"https:\/\/ellington-photo.com\/ErosWalker\/"},{"@type":"ListItem","position":2,"name":"Mortelle Cavale (16)"}]},{"@type":"WebSite","@id":"https:\/\/ellington-photo.com\/ErosWalker\/#website","url":"https:\/\/ellington-photo.com\/ErosWalker\/","name":"Eros Walker Stories","description":"Litt\u00e9rature et images","publisher":{"@id":"https:\/\/ellington-photo.com\/ErosWalker\/#organization"},"potentialAction":[{"@type":"SearchAction","target":{"@type":"EntryPoint","urlTemplate":"https:\/\/ellington-photo.com\/ErosWalker\/?s={search_term_string}"},"query-input":{"@type":"PropertyValueSpecification","valueRequired":true,"valueName":"search_term_string"}}],"inLanguage":"fr-FR"},{"@type":"Organization","@id":"https:\/\/ellington-photo.com\/ErosWalker\/#organization","name":"Eros Walker Stories","url":"https:\/\/ellington-photo.com\/ErosWalker\/","logo":{"@type":"ImageObject","inLanguage":"fr-FR","@id":"https:\/\/ellington-photo.com\/ErosWalker\/#\/schema\/logo\/image\/","url":"https:\/\/ellington-photo.com\/ErosWalker\/wp-content\/uploads\/2025\/05\/Chat-Noir.jpg","contentUrl":"https:\/\/ellington-photo.com\/ErosWalker\/wp-content\/uploads\/2025\/05\/Chat-Noir.jpg","width":400,"height":391,"caption":"Eros Walker Stories"},"image":{"@id":"https:\/\/ellington-photo.com\/ErosWalker\/#\/schema\/logo\/image\/"},"sameAs":["https:\/\/www.linkedin.com\/in\/eros-walker-ab710a298\/"]}]}},"_links":{"self":[{"href":"https:\/\/ellington-photo.com\/ErosWalker\/wp-json\/wp\/v2\/pages\/296","targetHints":{"allow":["GET"]}}],"collection":[{"href":"https:\/\/ellington-photo.com\/ErosWalker\/wp-json\/wp\/v2\/pages"}],"about":[{"href":"https:\/\/ellington-photo.com\/ErosWalker\/wp-json\/wp\/v2\/types\/page"}],"author":[{"embeddable":true,"href":"https:\/\/ellington-photo.com\/ErosWalker\/wp-json\/wp\/v2\/users\/1"}],"replies":[{"embeddable":true,"href":"https:\/\/ellington-photo.com\/ErosWalker\/wp-json\/wp\/v2\/comments?post=296"}],"version-history":[{"count":3,"href":"https:\/\/ellington-photo.com\/ErosWalker\/wp-json\/wp\/v2\/pages\/296\/revisions"}],"predecessor-version":[{"id":303,"href":"https:\/\/ellington-photo.com\/ErosWalker\/wp-json\/wp\/v2\/pages\/296\/revisions\/303"}],"wp:featuredmedia":[{"embeddable":true,"href":"https:\/\/ellington-photo.com\/ErosWalker\/wp-json\/wp\/v2\/media\/344"}],"wp:attachment":[{"href":"https:\/\/ellington-photo.com\/ErosWalker\/wp-json\/wp\/v2\/media?parent=296"}],"curies":[{"name":"wp","href":"https:\/\/api.w.org\/{rel}","templated":true}]}}