{"id":294,"date":"2024-11-28T13:30:58","date_gmt":"2024-11-28T12:30:58","guid":{"rendered":"https:\/\/ellington-photo.com\/ErosWalker\/?page_id=294"},"modified":"2024-12-13T14:30:48","modified_gmt":"2024-12-13T13:30:48","slug":"mortelle-cavale-15","status":"publish","type":"page","link":"https:\/\/ellington-photo.com\/ErosWalker\/mortelle-cavale-15\/","title":{"rendered":"Mortelle Cavale (15)"},"content":{"rendered":"\n<p><strong>Plaisir nautique<\/strong><\/p>\n\n\n\n<p><strong>Ozark Mountains, Arkansas<\/strong><br><strong>Vendredi 3 octobre 1980, 14h00<\/strong><\/p>\n\n\n\n<p>L\u2019endroit ne paye pas de mine. Deux mobile-homes \u00e0 demi en ruine sont install\u00e9s dans une petite clairi\u00e8re qui surplombe les eaux du lac. En contrebas, un bateau \u00e0 moteur est amarr\u00e9 \u00e0 une jet\u00e9e de bois. Une vieille Buick finit de rouiller, \u00e0 moiti\u00e9 mang\u00e9e par la v\u00e9g\u00e9tation. Au milieu, deux canap\u00e9s miteux tiennent lieu de salon de plein air. Becky et Mike sont install\u00e9s sur l\u2019un d\u2019eux, une bi\u00e8re \u00e0 la main. Je stoppe sous les arbres, derri\u00e8re la voiture de Chad.<\/p>\n\n\n\n<p>\u00ab C\u2019est pas franchement reluisant, me dit l\u2019homme, mais c\u2019est chez nous. Tu veux une bi\u00e8re ? \u00bb<\/p>\n\n\n\n<p>Je ne peux pas refuser, je fais un signe d\u2019approbation et je vais rejoindre mon amie. Je m\u2019installe sur le canap\u00e9 libre et Chad vient naturellement s\u2019asseoir \u00e0 c\u00f4t\u00e9 de moi. Les pions semblent pos\u00e9s sur l\u2019\u00e9chiquier. Qui a les blancs ?<\/p>\n\n\n\n<p>Nous restons quelques instants sans parler puis Becky prend la parole.<\/p>\n\n\n\n<p>\u00ab Chad et Mike sont cousins, leurs parents sont morts, c\u2019est tout ce qu\u2019ils leur ont laiss\u00e9 !<\/p>\n\n\n\n<p>\u2014 On se d\u00e9brouille, ajoute Mike, on ne se plaint pas.<\/p>\n\n\n\n<p>\u2014 L\u2019hiver, c\u2019est plut\u00f4t calme, commente Chad, on va \u00e0 la chasse dans les for\u00eats du coin. L\u2019\u00e9t\u00e9, il y a beaucoup de touristes, on rend des services \u00e0 droite, \u00e0 gauche. Il y a toujours des trucs \u00e0 r\u00e9parer, des pelouses \u00e0 tondre\u2026 \u00bb<\/p>\n\n\n\n<p>Mike va chercher une petite bo\u00eete dans un des bungalows, il revient et en sort de quoi rouler un p\u00e9tard.<\/p>\n\n\n\n<p>\u00ab On fait pousser de l\u2019herbe dans une clairi\u00e8re un peu plus loin. Personne ne fait attention \u00e0 nous. Les hommes du sh\u00e9rif ferment les yeux, dit Mike en passant le joint \u00e0 Becky. \u00bb<\/p>\n\n\n\n<p>La jeune femme tire une longue taffe, je comprends que ce n\u2019est pas la premi\u00e8re, puis elle passe la clope \u00e0 Chad. Il inspire longuement avant de se tourner vers moi. Je fais un signe de d\u00e9n\u00e9gation. Je n\u2019ai jamais touch\u00e9 \u00e0 \u00e7a. Je ne vais pas commencer aujourd\u2019hui. Il n\u2019insiste pas et repasse le bedot \u00e0 son cousin. Je sirote ma bi\u00e8re lentement, les deux hommes et Becky en sont d\u00e9j\u00e0 \u00e0 la deuxi\u00e8me. J\u2019ai un pressentiment, \u00e7a va d\u00e9raper. Becky a pos\u00e9 les pieds sur le vieux divan et la t\u00eate sur l\u2019\u00e9paule de Mike. Je vois la main de ce dernier qui s\u2019insinue par le col de son t-shirt. Becky se laisse faire, elle semble dans un autre monde. Chad se l\u00e8ve \u00e0 son tour et va chercher une bouteille sans \u00e9tiquette, ferm\u00e9e d\u2019un simple bouchon de li\u00e8ge. Il l\u2019arrache avec les dents et boit une longue gorg\u00e9e avant de me la tendre. Je la prends avec suspicion.<\/p>\n\n\n\n<p>\u00ab On le fait nous m\u00eame, c\u2019est du bourbon ! Notre grand-p\u00e8re est n\u00e9 dans le Kentucky, il a apport\u00e9 la recette avec lui \u00e0 l\u2019\u00e9poque de la prohibition. \u00bb<\/p>\n\n\n\n<p>Je go\u00fbte avec pr\u00e9caution, l\u2019alcool est violent, je tousse.<\/p>\n\n\n\n<p>\u00ab C\u2019est s\u00fbr que c\u2019est du raide. Il fait au moins cinquante degr\u00e9s, rigole Chad. \u00bb<\/p>\n\n\n\n<p>Je lui rends la bouteille. Pas question de me laisser aller. Il faut que je garde la t\u00eate froide. En face, Mike avance ses pions. Il a ouvert son pantalon et Becky commence \u00e0 s\u2019occuper de lui. Chad les regarde et me dit :<\/p>\n\n\n\n<p>\u00ab On peut les laisser faire leur affaire, tu veux venir faire un tour ? \u00bb<\/p>\n\n\n\n<p>Je n\u2019ai pas trop le choix, je sais que j\u2019ai le revolver dans mon sac, au cas o\u00f9 \u00e7a tournerait au vinaigre. J\u2019accepte de le suivre. Nous descendons jusqu\u2019au bord de l\u2019eau.<\/p>\n\n\n\n<p>\u00ab Une balade sur le lac, \u00e7a te tente ? me demande Chad.<\/p>\n\n\n\n<p>\u2014 Oui, mais pas trop longtemps, on a encore de la route \u00e0 faire ! \u00bb<\/p>\n\n\n\n<p>Il me propose de prendre place dans la petite embarcation, tandis qu\u2019il largue les amarres. Le moteur part du premier coup. Nous partons vers le centre du plan d\u2019eau \u00e0 vitesse soutenue.<\/p>\n\n\n\n<p>\u00ab L\u2019\u00e9t\u00e9, il y a des bateaux partout, commente Chad. Je n\u2019ai pas un instant \u00e0 moi. Il faut toujours que j\u2019aille ici et l\u00e0 pour r\u00e9parer un moteur. Le pire, c\u2019est au moment du Spring Break, l\u00e0, ce sont des quantit\u00e9s de jeunes qui viennent de Kansas City ou m\u00eame de Saint-Louis pour faire la f\u00eate. En m\u00eame temps, c\u2019est bon pour le business\u2026 \u00bb<\/p>\n\n\n\n<p>J\u2019essaie d\u2019imaginer le plan d\u2019eau couvert d\u2019embarcations, de jeunes gens qui se jettent \u00e0 l\u2019eau.<\/p>\n\n\n\n<p>\u00ab Il y en a m\u00eame qui se baignent \u00e0 poil, souffle Chad, les yeux brillants. \u00bb<\/p>\n\n\n\n<p>Soudain, il commence \u00e0 ralentir et coupe le moteur. Je le regarde, surprise.<\/p>\n\n\n\n<p>\u00ab Ici, on sera bien, non ? Personne ne peut nous voir !<\/p>\n\n\n\n<p>\u2014 Nous voir ? demand\u00e9-je, ing\u00e9nue.<\/p>\n\n\n\n<p>\u2014 T\u2019es le genre de nana qui me plait, r\u00e9pond Chad. T\u2019as pas l\u2019air trop nunuche, on peut prendre un peu de bon temps ! \u00bb<\/p>\n\n\n\n<p>Bien s\u00fbr, j\u2019aurais d\u00fb m\u2019en douter. On n\u2019est pas venu pour une promenade romantique. J\u2019ai le revolver de Frankie dans mon sac, mais je ne vois pas ce que j\u2019en ferais. Je ne me sens pas vraiment en danger et puis, je serais bien incapable de ramener le bateau \u00e0 terre. Tout compte fait, si on oublie sa chemise graisseuse, il n\u2019est pas si mal ! J\u2019essaie de compter depuis combien de temps je n\u2019ai pas pass\u00e9 un moment avec un homme, de mon plein gr\u00e9. Il y a bien eu quelques coups d\u2019un soir, j\u2019ai m\u00eame v\u00e9cu quelques semaines avec un prof de lyc\u00e9e, \u00e0 B\u00e2ton-Rouge, mais \u00e7a n\u2019a pas \u00e9t\u00e9 bien loin. Je bouge doucement, la barque tangue quand je me d\u00e9place. J\u2019arrive \u00e0 m\u2019asseoir \u00e0 c\u00f4t\u00e9 de lui et ouvrir son v\u00eatement. Il a le torse velu, comme un ours. Je glisse mes doigts sous l\u2019\u00e9toffe. Il fait de m\u00eame pour moi. Je sens sa main qui s\u2019insinue dans mon soutien-gorge. Je sens une bouff\u00e9e de plaisir monter en moi. Je plaque mes l\u00e8vres sur les siennes. D\u2019une main, je fais sauter le bouton de mon jean. Il comprend le signal.<\/p>\n\n\n\n<p>Nous ne pouvons pas aller plus loin, la taille et l\u2019\u00e9quilibre du bateau ne nous permettent pas plus de fantaisies. Apr\u00e8s quelques minutes, Chad relance la m\u00e9canique et nous rentrons. Quand nous remontons vers les habitations, nous d\u00e9couvrons Becky et Mike, compl\u00e8tement nus sur le canap\u00e9. Mon amie me regarde d\u2019un \u0153il vague et me demande, d\u2019une voix h\u00e9sitante, o\u00f9 nous \u00e9tions pass\u00e9s.<\/p>\n\n\n\n<p>\u00ab Vous ne pouvez pas repartir tout de suite, me dit Chad, elle est compl\u00e8tement stone. Il vaut mieux attendre un moment. \u00bb<\/p>\n\n\n\n<p>J\u2019aurais s\u00fbrement mieux fait de la laisser l\u00e0 et de reprendre la route seule. Je regarde Chad et je lui demande une autre bi\u00e8re.<\/p>\n\n\n\n<p>\u00ab On va \u00e0 l\u2019int\u00e9rieur ? me propose-t-il. \u00bb<\/p>\n\n\n\n<p> <\/p>\n\n\n\n<p>Continuer la lecture : <a href=\"https:\/\/ellington-photo.com\/ErosWalker\/mortelle-cavale-16\/\">https:\/\/ellington-photo.com\/ErosWalker\/mortelle-cavale-16\/<\/a><\/p>\n\n\n\n<p><\/p>\n","protected":false},"excerpt":{"rendered":"<p>Plaisir nautique Ozark Mountains, ArkansasVendredi 3 octobre 1980, 14h00 L\u2019endroit ne paye pas de mine. Deux mobile-homes \u00e0 demi en ruine sont install\u00e9s dans une petite clairi\u00e8re qui surplombe les eaux du lac. En contrebas, un bateau \u00e0 moteur est amarr\u00e9 \u00e0 une jet\u00e9e de &hellip; <\/p>\n","protected":false},"author":1,"featured_media":343,"parent":0,"menu_order":0,"comment_status":"closed","ping_status":"closed","template":"","meta":{"footnotes":""},"class_list":["post-294","page","type-page","status-publish","has-post-thumbnail","hentry"],"yoast_head":"<!-- This site is optimized with the Yoast SEO plugin v27.4 - https:\/\/yoast.com\/product\/yoast-seo-wordpress\/ -->\n<title>Mortelle Cavale (15) - Eros Walker Stories<\/title>\n<meta name=\"robots\" content=\"index, follow, max-snippet:-1, max-image-preview:large, max-video-preview:-1\" \/>\n<link rel=\"canonical\" href=\"https:\/\/ellington-photo.com\/ErosWalker\/mortelle-cavale-15\/\" \/>\n<meta property=\"og:locale\" content=\"fr_FR\" \/>\n<meta property=\"og:type\" content=\"article\" \/>\n<meta property=\"og:title\" content=\"Mortelle Cavale (15) - Eros Walker Stories\" \/>\n<meta property=\"og:description\" content=\"Plaisir nautique Ozark Mountains, ArkansasVendredi 3 octobre 1980, 14h00 L\u2019endroit ne paye pas de mine. Deux mobile-homes \u00e0 demi en ruine sont install\u00e9s dans une petite clairi\u00e8re qui surplombe les eaux du lac. En contrebas, un bateau \u00e0 moteur est amarr\u00e9 \u00e0 une jet\u00e9e de &hellip;\" \/>\n<meta property=\"og:url\" content=\"https:\/\/ellington-photo.com\/ErosWalker\/mortelle-cavale-15\/\" \/>\n<meta property=\"og:site_name\" content=\"Eros Walker Stories\" \/>\n<meta property=\"article:modified_time\" content=\"2024-12-13T13:30:48+00:00\" \/>\n<meta property=\"og:image\" content=\"https:\/\/ellington-photo.com\/ErosWalker\/wp-content\/uploads\/2024\/12\/Designer-28-e1734096638306.jpeg\" \/>\n\t<meta property=\"og:image:width\" content=\"1014\" \/>\n\t<meta property=\"og:image:height\" content=\"840\" \/>\n\t<meta property=\"og:image:type\" content=\"image\/jpeg\" \/>\n<meta name=\"twitter:card\" content=\"summary_large_image\" \/>\n<meta name=\"twitter:label1\" content=\"Dur\u00e9e de lecture estim\u00e9e\" \/>\n\t<meta name=\"twitter:data1\" content=\"6 minutes\" \/>\n<script type=\"application\/ld+json\" class=\"yoast-schema-graph\">{\"@context\":\"https:\\\/\\\/schema.org\",\"@graph\":[{\"@type\":\"WebPage\",\"@id\":\"https:\\\/\\\/ellington-photo.com\\\/ErosWalker\\\/mortelle-cavale-15\\\/\",\"url\":\"https:\\\/\\\/ellington-photo.com\\\/ErosWalker\\\/mortelle-cavale-15\\\/\",\"name\":\"Mortelle Cavale (15) - Eros Walker Stories\",\"isPartOf\":{\"@id\":\"https:\\\/\\\/ellington-photo.com\\\/ErosWalker\\\/#website\"},\"primaryImageOfPage\":{\"@id\":\"https:\\\/\\\/ellington-photo.com\\\/ErosWalker\\\/mortelle-cavale-15\\\/#primaryimage\"},\"image\":{\"@id\":\"https:\\\/\\\/ellington-photo.com\\\/ErosWalker\\\/mortelle-cavale-15\\\/#primaryimage\"},\"thumbnailUrl\":\"https:\\\/\\\/ellington-photo.com\\\/ErosWalker\\\/wp-content\\\/uploads\\\/2024\\\/12\\\/Designer-28-e1734096638306.jpeg\",\"datePublished\":\"2024-11-28T12:30:58+00:00\",\"dateModified\":\"2024-12-13T13:30:48+00:00\",\"breadcrumb\":{\"@id\":\"https:\\\/\\\/ellington-photo.com\\\/ErosWalker\\\/mortelle-cavale-15\\\/#breadcrumb\"},\"inLanguage\":\"fr-FR\",\"potentialAction\":[{\"@type\":\"ReadAction\",\"target\":[\"https:\\\/\\\/ellington-photo.com\\\/ErosWalker\\\/mortelle-cavale-15\\\/\"]}]},{\"@type\":\"ImageObject\",\"inLanguage\":\"fr-FR\",\"@id\":\"https:\\\/\\\/ellington-photo.com\\\/ErosWalker\\\/mortelle-cavale-15\\\/#primaryimage\",\"url\":\"https:\\\/\\\/ellington-photo.com\\\/ErosWalker\\\/wp-content\\\/uploads\\\/2024\\\/12\\\/Designer-28-e1734096638306.jpeg\",\"contentUrl\":\"https:\\\/\\\/ellington-photo.com\\\/ErosWalker\\\/wp-content\\\/uploads\\\/2024\\\/12\\\/Designer-28-e1734096638306.jpeg\",\"width\":1014,\"height\":840},{\"@type\":\"BreadcrumbList\",\"@id\":\"https:\\\/\\\/ellington-photo.com\\\/ErosWalker\\\/mortelle-cavale-15\\\/#breadcrumb\",\"itemListElement\":[{\"@type\":\"ListItem\",\"position\":1,\"name\":\"Accueil\",\"item\":\"https:\\\/\\\/ellington-photo.com\\\/ErosWalker\\\/\"},{\"@type\":\"ListItem\",\"position\":2,\"name\":\"Mortelle Cavale (15)\"}]},{\"@type\":\"WebSite\",\"@id\":\"https:\\\/\\\/ellington-photo.com\\\/ErosWalker\\\/#website\",\"url\":\"https:\\\/\\\/ellington-photo.com\\\/ErosWalker\\\/\",\"name\":\"Eros Walker Stories\",\"description\":\"Litt\u00e9rature et images\",\"publisher\":{\"@id\":\"https:\\\/\\\/ellington-photo.com\\\/ErosWalker\\\/#organization\"},\"potentialAction\":[{\"@type\":\"SearchAction\",\"target\":{\"@type\":\"EntryPoint\",\"urlTemplate\":\"https:\\\/\\\/ellington-photo.com\\\/ErosWalker\\\/?s={search_term_string}\"},\"query-input\":{\"@type\":\"PropertyValueSpecification\",\"valueRequired\":true,\"valueName\":\"search_term_string\"}}],\"inLanguage\":\"fr-FR\"},{\"@type\":\"Organization\",\"@id\":\"https:\\\/\\\/ellington-photo.com\\\/ErosWalker\\\/#organization\",\"name\":\"Eros Walker Stories\",\"url\":\"https:\\\/\\\/ellington-photo.com\\\/ErosWalker\\\/\",\"logo\":{\"@type\":\"ImageObject\",\"inLanguage\":\"fr-FR\",\"@id\":\"https:\\\/\\\/ellington-photo.com\\\/ErosWalker\\\/#\\\/schema\\\/logo\\\/image\\\/\",\"url\":\"https:\\\/\\\/ellington-photo.com\\\/ErosWalker\\\/wp-content\\\/uploads\\\/2025\\\/05\\\/Chat-Noir.jpg\",\"contentUrl\":\"https:\\\/\\\/ellington-photo.com\\\/ErosWalker\\\/wp-content\\\/uploads\\\/2025\\\/05\\\/Chat-Noir.jpg\",\"width\":400,\"height\":391,\"caption\":\"Eros Walker Stories\"},\"image\":{\"@id\":\"https:\\\/\\\/ellington-photo.com\\\/ErosWalker\\\/#\\\/schema\\\/logo\\\/image\\\/\"},\"sameAs\":[\"https:\\\/\\\/www.linkedin.com\\\/in\\\/eros-walker-ab710a298\\\/\"]}]}<\/script>\n<!-- \/ Yoast SEO plugin. -->","yoast_head_json":{"title":"Mortelle Cavale (15) - Eros Walker Stories","robots":{"index":"index","follow":"follow","max-snippet":"max-snippet:-1","max-image-preview":"max-image-preview:large","max-video-preview":"max-video-preview:-1"},"canonical":"https:\/\/ellington-photo.com\/ErosWalker\/mortelle-cavale-15\/","og_locale":"fr_FR","og_type":"article","og_title":"Mortelle Cavale (15) - Eros Walker Stories","og_description":"Plaisir nautique Ozark Mountains, ArkansasVendredi 3 octobre 1980, 14h00 L\u2019endroit ne paye pas de mine. Deux mobile-homes \u00e0 demi en ruine sont install\u00e9s dans une petite clairi\u00e8re qui surplombe les eaux du lac. En contrebas, un bateau \u00e0 moteur est amarr\u00e9 \u00e0 une jet\u00e9e de &hellip;","og_url":"https:\/\/ellington-photo.com\/ErosWalker\/mortelle-cavale-15\/","og_site_name":"Eros Walker Stories","article_modified_time":"2024-12-13T13:30:48+00:00","og_image":[{"width":1014,"height":840,"url":"https:\/\/ellington-photo.com\/ErosWalker\/wp-content\/uploads\/2024\/12\/Designer-28-e1734096638306.jpeg","type":"image\/jpeg"}],"twitter_card":"summary_large_image","twitter_misc":{"Dur\u00e9e de lecture estim\u00e9e":"6 minutes"},"schema":{"@context":"https:\/\/schema.org","@graph":[{"@type":"WebPage","@id":"https:\/\/ellington-photo.com\/ErosWalker\/mortelle-cavale-15\/","url":"https:\/\/ellington-photo.com\/ErosWalker\/mortelle-cavale-15\/","name":"Mortelle Cavale (15) - Eros Walker Stories","isPartOf":{"@id":"https:\/\/ellington-photo.com\/ErosWalker\/#website"},"primaryImageOfPage":{"@id":"https:\/\/ellington-photo.com\/ErosWalker\/mortelle-cavale-15\/#primaryimage"},"image":{"@id":"https:\/\/ellington-photo.com\/ErosWalker\/mortelle-cavale-15\/#primaryimage"},"thumbnailUrl":"https:\/\/ellington-photo.com\/ErosWalker\/wp-content\/uploads\/2024\/12\/Designer-28-e1734096638306.jpeg","datePublished":"2024-11-28T12:30:58+00:00","dateModified":"2024-12-13T13:30:48+00:00","breadcrumb":{"@id":"https:\/\/ellington-photo.com\/ErosWalker\/mortelle-cavale-15\/#breadcrumb"},"inLanguage":"fr-FR","potentialAction":[{"@type":"ReadAction","target":["https:\/\/ellington-photo.com\/ErosWalker\/mortelle-cavale-15\/"]}]},{"@type":"ImageObject","inLanguage":"fr-FR","@id":"https:\/\/ellington-photo.com\/ErosWalker\/mortelle-cavale-15\/#primaryimage","url":"https:\/\/ellington-photo.com\/ErosWalker\/wp-content\/uploads\/2024\/12\/Designer-28-e1734096638306.jpeg","contentUrl":"https:\/\/ellington-photo.com\/ErosWalker\/wp-content\/uploads\/2024\/12\/Designer-28-e1734096638306.jpeg","width":1014,"height":840},{"@type":"BreadcrumbList","@id":"https:\/\/ellington-photo.com\/ErosWalker\/mortelle-cavale-15\/#breadcrumb","itemListElement":[{"@type":"ListItem","position":1,"name":"Accueil","item":"https:\/\/ellington-photo.com\/ErosWalker\/"},{"@type":"ListItem","position":2,"name":"Mortelle Cavale (15)"}]},{"@type":"WebSite","@id":"https:\/\/ellington-photo.com\/ErosWalker\/#website","url":"https:\/\/ellington-photo.com\/ErosWalker\/","name":"Eros Walker Stories","description":"Litt\u00e9rature et images","publisher":{"@id":"https:\/\/ellington-photo.com\/ErosWalker\/#organization"},"potentialAction":[{"@type":"SearchAction","target":{"@type":"EntryPoint","urlTemplate":"https:\/\/ellington-photo.com\/ErosWalker\/?s={search_term_string}"},"query-input":{"@type":"PropertyValueSpecification","valueRequired":true,"valueName":"search_term_string"}}],"inLanguage":"fr-FR"},{"@type":"Organization","@id":"https:\/\/ellington-photo.com\/ErosWalker\/#organization","name":"Eros Walker Stories","url":"https:\/\/ellington-photo.com\/ErosWalker\/","logo":{"@type":"ImageObject","inLanguage":"fr-FR","@id":"https:\/\/ellington-photo.com\/ErosWalker\/#\/schema\/logo\/image\/","url":"https:\/\/ellington-photo.com\/ErosWalker\/wp-content\/uploads\/2025\/05\/Chat-Noir.jpg","contentUrl":"https:\/\/ellington-photo.com\/ErosWalker\/wp-content\/uploads\/2025\/05\/Chat-Noir.jpg","width":400,"height":391,"caption":"Eros Walker Stories"},"image":{"@id":"https:\/\/ellington-photo.com\/ErosWalker\/#\/schema\/logo\/image\/"},"sameAs":["https:\/\/www.linkedin.com\/in\/eros-walker-ab710a298\/"]}]}},"_links":{"self":[{"href":"https:\/\/ellington-photo.com\/ErosWalker\/wp-json\/wp\/v2\/pages\/294","targetHints":{"allow":["GET"]}}],"collection":[{"href":"https:\/\/ellington-photo.com\/ErosWalker\/wp-json\/wp\/v2\/pages"}],"about":[{"href":"https:\/\/ellington-photo.com\/ErosWalker\/wp-json\/wp\/v2\/types\/page"}],"author":[{"embeddable":true,"href":"https:\/\/ellington-photo.com\/ErosWalker\/wp-json\/wp\/v2\/users\/1"}],"replies":[{"embeddable":true,"href":"https:\/\/ellington-photo.com\/ErosWalker\/wp-json\/wp\/v2\/comments?post=294"}],"version-history":[{"count":3,"href":"https:\/\/ellington-photo.com\/ErosWalker\/wp-json\/wp\/v2\/pages\/294\/revisions"}],"predecessor-version":[{"id":299,"href":"https:\/\/ellington-photo.com\/ErosWalker\/wp-json\/wp\/v2\/pages\/294\/revisions\/299"}],"wp:featuredmedia":[{"embeddable":true,"href":"https:\/\/ellington-photo.com\/ErosWalker\/wp-json\/wp\/v2\/media\/343"}],"wp:attachment":[{"href":"https:\/\/ellington-photo.com\/ErosWalker\/wp-json\/wp\/v2\/media?parent=294"}],"curies":[{"name":"wp","href":"https:\/\/api.w.org\/{rel}","templated":true}]}}