{"id":29,"date":"2022-02-25T10:08:01","date_gmt":"2022-02-25T09:08:01","guid":{"rendered":"http:\/\/ellington-photo.com\/ErosWalker\/?page_id=29"},"modified":"2022-03-11T11:20:19","modified_gmt":"2022-03-11T10:20:19","slug":"contes-revisites-erotiques","status":"publish","type":"page","link":"https:\/\/ellington-photo.com\/ErosWalker\/contes-revisites-erotiques\/","title":{"rendered":"Contes revisit\u00e9s"},"content":{"rendered":"\n<p>Vous trouverez ici quelques contes originaires de diff\u00e9rentes r\u00e9gions du monde revisit\u00e9s pour un public averti. L&rsquo;auteur a pris plaisir \u00e0 d\u00e9tourner les mythes enfantins pour le plaisir des plus grands.<\/p>\n\n\n\n<ul class=\"wp-block-list\"><li><a href=\"https:\/\/ellington-photo.com\/ErosWalker\/boucles-dor-et-les-trois-ours\/\" target=\"_blank\" rel=\"noreferrer noopener\">Boucle d&rsquo;Or et les trois ours<\/a><\/li><li><a href=\"https:\/\/ellington-photo.com\/ErosWalker\/?page_id=52\" target=\"_blank\" rel=\"noreferrer noopener\">Lou et la fille en rouge<\/a><\/li><li><a href=\"https:\/\/ellington-photo.com\/ErosWalker\/kolobok-ou-les-mesaventures-de-cindy\/\" target=\"_blank\" rel=\"noreferrer noopener\">Kolobok ou les m\u00e9saventures de Cindy<\/a><\/li><li><a href=\"https:\/\/ellington-photo.com\/ErosWalker\/letoile-amoureuse\/\" target=\"_blank\" rel=\"noreferrer noopener\">L&rsquo;\u00e9toile amoureuse<\/a><\/li><li><a href=\"https:\/\/ellington-photo.com\/ErosWalker\/la-belle-au-bois-dormant\/\" target=\"_blank\" rel=\"noreferrer noopener\">La Belle au bois dormant<\/a><\/li><\/ul>\n\n\n\n<p><\/p>\n\n\n\n<p><\/p>\n\n\n\n<figure class=\"wp-block-image size-full is-resized\"><img loading=\"lazy\" decoding=\"async\" src=\"https:\/\/ellington-photo.com\/ErosWalker\/wp-content\/uploads\/2022\/03\/Kolobok.jpg\" alt=\"\" class=\"wp-image-112\" width=\"277\" height=\"450\" srcset=\"https:\/\/ellington-photo.com\/ErosWalker\/wp-content\/uploads\/2022\/03\/Kolobok.jpg 400w, https:\/\/ellington-photo.com\/ErosWalker\/wp-content\/uploads\/2022\/03\/Kolobok-185x300.jpg 185w\" sizes=\"auto, (max-width: 277px) 100vw, 277px\" \/><\/figure>\n","protected":false},"excerpt":{"rendered":"<p>Vous trouverez ici quelques contes originaires de diff\u00e9rentes r\u00e9gions du monde revisit\u00e9s pour un public averti. L&rsquo;auteur a pris plaisir \u00e0 d\u00e9tourner les mythes enfantins pour le plaisir des plus grands. Boucle d&rsquo;Or et les trois ours Lou et la fille en rouge Kolobok ou &hellip; <\/p>\n","protected":false},"author":1,"featured_media":0,"parent":0,"menu_order":0,"comment_status":"closed","ping_status":"closed","template":"","meta":{"footnotes":""},"class_list":["post-29","page","type-page","status-publish","hentry"],"yoast_head":"<!-- This site is optimized with the Yoast SEO plugin v27.4 - https:\/\/yoast.com\/product\/yoast-seo-wordpress\/ -->\n<title>Contes revisit\u00e9s - Eros Walker Stories<\/title>\n<meta name=\"description\" content=\"Quelques contes pour enfants revisit\u00e9s pour des adultes avertis - \u00e9rotique\" \/>\n<meta name=\"robots\" content=\"index, follow, max-snippet:-1, max-image-preview:large, max-video-preview:-1\" \/>\n<link rel=\"canonical\" href=\"https:\/\/ellington-photo.com\/ErosWalker\/contes-revisites-erotiques\/\" \/>\n<meta property=\"og:locale\" content=\"fr_FR\" \/>\n<meta property=\"og:type\" content=\"article\" \/>\n<meta property=\"og:title\" content=\"Contes revisit\u00e9s - Eros Walker Stories\" \/>\n<meta property=\"og:description\" content=\"Quelques contes pour enfants revisit\u00e9s pour des adultes avertis - \u00e9rotique\" \/>\n<meta property=\"og:url\" content=\"https:\/\/ellington-photo.com\/ErosWalker\/contes-revisites-erotiques\/\" \/>\n<meta property=\"og:site_name\" content=\"Eros Walker Stories\" \/>\n<meta property=\"article:modified_time\" content=\"2022-03-11T10:20:19+00:00\" \/>\n<meta property=\"og:image\" content=\"https:\/\/ellington-photo.com\/ErosWalker\/wp-content\/uploads\/2022\/03\/Kolobok.jpg\" \/>\n<meta name=\"twitter:card\" content=\"summary_large_image\" \/>\n<meta name=\"twitter:label1\" content=\"Dur\u00e9e de lecture estim\u00e9e\" \/>\n\t<meta name=\"twitter:data1\" content=\"1 minute\" \/>\n<script type=\"application\/ld+json\" class=\"yoast-schema-graph\">{\"@context\":\"https:\\\/\\\/schema.org\",\"@graph\":[{\"@type\":\"WebPage\",\"@id\":\"https:\\\/\\\/ellington-photo.com\\\/ErosWalker\\\/contes-revisites-erotiques\\\/\",\"url\":\"https:\\\/\\\/ellington-photo.com\\\/ErosWalker\\\/contes-revisites-erotiques\\\/\",\"name\":\"Contes revisit\u00e9s - Eros Walker Stories\",\"isPartOf\":{\"@id\":\"https:\\\/\\\/ellington-photo.com\\\/ErosWalker\\\/#website\"},\"primaryImageOfPage\":{\"@id\":\"https:\\\/\\\/ellington-photo.com\\\/ErosWalker\\\/contes-revisites-erotiques\\\/#primaryimage\"},\"image\":{\"@id\":\"https:\\\/\\\/ellington-photo.com\\\/ErosWalker\\\/contes-revisites-erotiques\\\/#primaryimage\"},\"thumbnailUrl\":\"https:\\\/\\\/ellington-photo.com\\\/ErosWalker\\\/wp-content\\\/uploads\\\/2022\\\/03\\\/Kolobok.jpg\",\"datePublished\":\"2022-02-25T09:08:01+00:00\",\"dateModified\":\"2022-03-11T10:20:19+00:00\",\"description\":\"Quelques contes pour enfants revisit\u00e9s pour des adultes avertis - \u00e9rotique\",\"breadcrumb\":{\"@id\":\"https:\\\/\\\/ellington-photo.com\\\/ErosWalker\\\/contes-revisites-erotiques\\\/#breadcrumb\"},\"inLanguage\":\"fr-FR\",\"potentialAction\":[{\"@type\":\"ReadAction\",\"target\":[\"https:\\\/\\\/ellington-photo.com\\\/ErosWalker\\\/contes-revisites-erotiques\\\/\"]}]},{\"@type\":\"ImageObject\",\"inLanguage\":\"fr-FR\",\"@id\":\"https:\\\/\\\/ellington-photo.com\\\/ErosWalker\\\/contes-revisites-erotiques\\\/#primaryimage\",\"url\":\"https:\\\/\\\/ellington-photo.com\\\/ErosWalker\\\/wp-content\\\/uploads\\\/2022\\\/03\\\/Kolobok.jpg\",\"contentUrl\":\"https:\\\/\\\/ellington-photo.com\\\/ErosWalker\\\/wp-content\\\/uploads\\\/2022\\\/03\\\/Kolobok.jpg\",\"width\":400,\"height\":650},{\"@type\":\"BreadcrumbList\",\"@id\":\"https:\\\/\\\/ellington-photo.com\\\/ErosWalker\\\/contes-revisites-erotiques\\\/#breadcrumb\",\"itemListElement\":[{\"@type\":\"ListItem\",\"position\":1,\"name\":\"Accueil\",\"item\":\"https:\\\/\\\/ellington-photo.com\\\/ErosWalker\\\/\"},{\"@type\":\"ListItem\",\"position\":2,\"name\":\"Contes revisit\u00e9s\"}]},{\"@type\":\"WebSite\",\"@id\":\"https:\\\/\\\/ellington-photo.com\\\/ErosWalker\\\/#website\",\"url\":\"https:\\\/\\\/ellington-photo.com\\\/ErosWalker\\\/\",\"name\":\"Eros Walker Stories\",\"description\":\"Litt\u00e9rature et images\",\"publisher\":{\"@id\":\"https:\\\/\\\/ellington-photo.com\\\/ErosWalker\\\/#organization\"},\"potentialAction\":[{\"@type\":\"SearchAction\",\"target\":{\"@type\":\"EntryPoint\",\"urlTemplate\":\"https:\\\/\\\/ellington-photo.com\\\/ErosWalker\\\/?s={search_term_string}\"},\"query-input\":{\"@type\":\"PropertyValueSpecification\",\"valueRequired\":true,\"valueName\":\"search_term_string\"}}],\"inLanguage\":\"fr-FR\"},{\"@type\":\"Organization\",\"@id\":\"https:\\\/\\\/ellington-photo.com\\\/ErosWalker\\\/#organization\",\"name\":\"Eros Walker Stories\",\"url\":\"https:\\\/\\\/ellington-photo.com\\\/ErosWalker\\\/\",\"logo\":{\"@type\":\"ImageObject\",\"inLanguage\":\"fr-FR\",\"@id\":\"https:\\\/\\\/ellington-photo.com\\\/ErosWalker\\\/#\\\/schema\\\/logo\\\/image\\\/\",\"url\":\"https:\\\/\\\/ellington-photo.com\\\/ErosWalker\\\/wp-content\\\/uploads\\\/2025\\\/05\\\/Chat-Noir.jpg\",\"contentUrl\":\"https:\\\/\\\/ellington-photo.com\\\/ErosWalker\\\/wp-content\\\/uploads\\\/2025\\\/05\\\/Chat-Noir.jpg\",\"width\":400,\"height\":391,\"caption\":\"Eros Walker Stories\"},\"image\":{\"@id\":\"https:\\\/\\\/ellington-photo.com\\\/ErosWalker\\\/#\\\/schema\\\/logo\\\/image\\\/\"},\"sameAs\":[\"https:\\\/\\\/www.linkedin.com\\\/in\\\/eros-walker-ab710a298\\\/\"]}]}<\/script>\n<!-- \/ Yoast SEO plugin. -->","yoast_head_json":{"title":"Contes revisit\u00e9s - Eros Walker Stories","description":"Quelques contes pour enfants revisit\u00e9s pour des adultes avertis - \u00e9rotique","robots":{"index":"index","follow":"follow","max-snippet":"max-snippet:-1","max-image-preview":"max-image-preview:large","max-video-preview":"max-video-preview:-1"},"canonical":"https:\/\/ellington-photo.com\/ErosWalker\/contes-revisites-erotiques\/","og_locale":"fr_FR","og_type":"article","og_title":"Contes revisit\u00e9s - Eros Walker Stories","og_description":"Quelques contes pour enfants revisit\u00e9s pour des adultes avertis - \u00e9rotique","og_url":"https:\/\/ellington-photo.com\/ErosWalker\/contes-revisites-erotiques\/","og_site_name":"Eros Walker Stories","article_modified_time":"2022-03-11T10:20:19+00:00","og_image":[{"url":"https:\/\/ellington-photo.com\/ErosWalker\/wp-content\/uploads\/2022\/03\/Kolobok.jpg","type":"","width":"","height":""}],"twitter_card":"summary_large_image","twitter_misc":{"Dur\u00e9e de lecture estim\u00e9e":"1 minute"},"schema":{"@context":"https:\/\/schema.org","@graph":[{"@type":"WebPage","@id":"https:\/\/ellington-photo.com\/ErosWalker\/contes-revisites-erotiques\/","url":"https:\/\/ellington-photo.com\/ErosWalker\/contes-revisites-erotiques\/","name":"Contes revisit\u00e9s - Eros Walker Stories","isPartOf":{"@id":"https:\/\/ellington-photo.com\/ErosWalker\/#website"},"primaryImageOfPage":{"@id":"https:\/\/ellington-photo.com\/ErosWalker\/contes-revisites-erotiques\/#primaryimage"},"image":{"@id":"https:\/\/ellington-photo.com\/ErosWalker\/contes-revisites-erotiques\/#primaryimage"},"thumbnailUrl":"https:\/\/ellington-photo.com\/ErosWalker\/wp-content\/uploads\/2022\/03\/Kolobok.jpg","datePublished":"2022-02-25T09:08:01+00:00","dateModified":"2022-03-11T10:20:19+00:00","description":"Quelques contes pour enfants revisit\u00e9s pour des adultes avertis - \u00e9rotique","breadcrumb":{"@id":"https:\/\/ellington-photo.com\/ErosWalker\/contes-revisites-erotiques\/#breadcrumb"},"inLanguage":"fr-FR","potentialAction":[{"@type":"ReadAction","target":["https:\/\/ellington-photo.com\/ErosWalker\/contes-revisites-erotiques\/"]}]},{"@type":"ImageObject","inLanguage":"fr-FR","@id":"https:\/\/ellington-photo.com\/ErosWalker\/contes-revisites-erotiques\/#primaryimage","url":"https:\/\/ellington-photo.com\/ErosWalker\/wp-content\/uploads\/2022\/03\/Kolobok.jpg","contentUrl":"https:\/\/ellington-photo.com\/ErosWalker\/wp-content\/uploads\/2022\/03\/Kolobok.jpg","width":400,"height":650},{"@type":"BreadcrumbList","@id":"https:\/\/ellington-photo.com\/ErosWalker\/contes-revisites-erotiques\/#breadcrumb","itemListElement":[{"@type":"ListItem","position":1,"name":"Accueil","item":"https:\/\/ellington-photo.com\/ErosWalker\/"},{"@type":"ListItem","position":2,"name":"Contes revisit\u00e9s"}]},{"@type":"WebSite","@id":"https:\/\/ellington-photo.com\/ErosWalker\/#website","url":"https:\/\/ellington-photo.com\/ErosWalker\/","name":"Eros Walker Stories","description":"Litt\u00e9rature et images","publisher":{"@id":"https:\/\/ellington-photo.com\/ErosWalker\/#organization"},"potentialAction":[{"@type":"SearchAction","target":{"@type":"EntryPoint","urlTemplate":"https:\/\/ellington-photo.com\/ErosWalker\/?s={search_term_string}"},"query-input":{"@type":"PropertyValueSpecification","valueRequired":true,"valueName":"search_term_string"}}],"inLanguage":"fr-FR"},{"@type":"Organization","@id":"https:\/\/ellington-photo.com\/ErosWalker\/#organization","name":"Eros Walker Stories","url":"https:\/\/ellington-photo.com\/ErosWalker\/","logo":{"@type":"ImageObject","inLanguage":"fr-FR","@id":"https:\/\/ellington-photo.com\/ErosWalker\/#\/schema\/logo\/image\/","url":"https:\/\/ellington-photo.com\/ErosWalker\/wp-content\/uploads\/2025\/05\/Chat-Noir.jpg","contentUrl":"https:\/\/ellington-photo.com\/ErosWalker\/wp-content\/uploads\/2025\/05\/Chat-Noir.jpg","width":400,"height":391,"caption":"Eros Walker Stories"},"image":{"@id":"https:\/\/ellington-photo.com\/ErosWalker\/#\/schema\/logo\/image\/"},"sameAs":["https:\/\/www.linkedin.com\/in\/eros-walker-ab710a298\/"]}]}},"_links":{"self":[{"href":"https:\/\/ellington-photo.com\/ErosWalker\/wp-json\/wp\/v2\/pages\/29","targetHints":{"allow":["GET"]}}],"collection":[{"href":"https:\/\/ellington-photo.com\/ErosWalker\/wp-json\/wp\/v2\/pages"}],"about":[{"href":"https:\/\/ellington-photo.com\/ErosWalker\/wp-json\/wp\/v2\/types\/page"}],"author":[{"embeddable":true,"href":"https:\/\/ellington-photo.com\/ErosWalker\/wp-json\/wp\/v2\/users\/1"}],"replies":[{"embeddable":true,"href":"https:\/\/ellington-photo.com\/ErosWalker\/wp-json\/wp\/v2\/comments?post=29"}],"version-history":[{"count":10,"href":"https:\/\/ellington-photo.com\/ErosWalker\/wp-json\/wp\/v2\/pages\/29\/revisions"}],"predecessor-version":[{"id":114,"href":"https:\/\/ellington-photo.com\/ErosWalker\/wp-json\/wp\/v2\/pages\/29\/revisions\/114"}],"wp:attachment":[{"href":"https:\/\/ellington-photo.com\/ErosWalker\/wp-json\/wp\/v2\/media?parent=29"}],"curies":[{"name":"wp","href":"https:\/\/api.w.org\/{rel}","templated":true}]}}