{"id":289,"date":"2024-11-28T13:24:29","date_gmt":"2024-11-28T12:24:29","guid":{"rendered":"https:\/\/ellington-photo.com\/ErosWalker\/?page_id=289"},"modified":"2024-12-13T09:04:12","modified_gmt":"2024-12-13T08:04:12","slug":"mortelle-cavale-14","status":"publish","type":"page","link":"https:\/\/ellington-photo.com\/ErosWalker\/mortelle-cavale-14\/","title":{"rendered":"Mortelle Cavale (14)"},"content":{"rendered":"\n<p><strong>Une invitation<\/strong><\/p>\n\n\n\n<p><strong>Ozark Mountains, Arkansas<\/strong><br><strong>Vendredi 3 octobre 1980, 12h00<\/strong><\/p>\n\n\n\n<p>Becky a lu la totalit\u00e9 du <em>Commercial Appeal<\/em>, le quotidien de Memphis. Elle n\u2019y a trouv\u00e9 aucune allusion aux \u00e9v\u00e9nements de la nuit pr\u00e9c\u00e9dente. Je ne suis pas surprise, le temps que la police d\u00e9couvre le corps et fasse les premi\u00e8res constatations, il \u00e9tait sans doute trop tard pour l\u2019\u00e9dition du matin. Il est midi lorsque nous arrivons \u00e0 Cherokee Village. Je commence \u00e0 en avoir assez de conduire et j\u2019ai faim. Depuis la plaine du Mississipi, le paysage a bien chang\u00e9, ce sont maintenant des collines bois\u00e9es qui ont remplac\u00e9 les grandes plaines. \u00c0 l\u2019exception des premiers kilom\u00e8tres o\u00f9 elle m\u2019a fait la lecture des titres, Becky n\u2019a pas \u00e9t\u00e9 bavarde, sa nuit a \u00e9t\u00e9 courte et elle a somnol\u00e9 presque tout le temps. Elle se r\u00e9veille quand j\u2019arr\u00eate le pick-up sur le petit parking au centre du village.<\/p>\n\n\n\n<p>\u00ab On est o\u00f9 ? demande-t-elle en s\u2019\u00e9tirant.<\/p>\n\n\n\n<p>\u2014 Cherokee Village, \u00e0 l\u2019entr\u00e9e des monts Ozark.<\/p>\n\n\n\n<p>\u2014 On est toujours dans l\u2019Arkansas ?<\/p>\n\n\n\n<p>\u2014 Oui, mais pas tr\u00e8s loin du Missouri. On va manger quelque chose ?<\/p>\n\n\n\n<p>\u2014 Je n\u2019ai pas faim, me r\u00e9pond-elle, je vais aller marcher un peu. \u00bb<\/p>\n\n\n\n<p>J\u2019ai renonc\u00e9 \u00e0 changer son hygi\u00e8ne de vie. J\u2019ai compris qu\u2019elle ne vit pas au m\u00eame rythme que moi. Quoi qu\u2019il arrive, elle ne pourra pas aller bien loin. Le panneau \u00e0 l\u2019entr\u00e9e de la ville annon\u00e7ait moins de quatre mille habitants et si j\u2019en juge par la taille du centre, ils doivent \u00eatre pour la plupart dispers\u00e9s dans les bois. Je me dirige vers ce qui semble \u00eatre le seul \u00e9tablissement ouvert dans le secteur, \u00e0 proximit\u00e9 du lac. Il n\u2019y a pratiquement personne, je m\u2019installe au bar. Un homme \u00e2g\u00e9 vient vers moi. Il ne fait aucun doute qu\u2019il descend directement d\u2019une tribu locale.<\/p>\n\n\n\n<p>\u00ab Bonjour, je m\u2019appelle Raven, je suis le patron de ce restaurant, que puis-je vous servir ? Nous avons des burgers, des salades ou des sandwichs \u00e0 la dinde.<\/p>\n\n\n\n<p>\u2014 Bonjour, moi c\u2019est Jenny, je prendrai une salade C\u00e9sar, avec un Dr Pepper.<\/p>\n\n\n\n<p>\u2014 C\u2019est not\u00e9, Jenny. Dites-moi, vous n\u2019\u00eates pas d\u2019ici on dirait. Vous venez du sud ?<\/p>\n\n\n\n<p>\u2014 Gagn\u00e9, je suis n\u00e9e en Louisiane, mais l\u00e0, je viens de Nashville, dis-je en mentant d\u00e9lib\u00e9r\u00e9ment. Je voyage avec ma petite s\u0153ur, mais elle a pr\u00e9f\u00e9r\u00e9 aller marcher au bord du lac.<\/p>\n\n\n\n<p>\u2014 Nashville, \u00e7a fait dr\u00f4lement loin dites donc ! Vous venez faire du tourisme dans la r\u00e9gion ? C\u2019est un peu tard, la saison est termin\u00e9e. La plupart des h\u00f4tels ont ferm\u00e9. Il n\u2019y a plus que quelques chasseurs qui viennent le week-end.<\/p>\n\n\n\n<p>\u2014 Non, on ne fait que passer, on va \u00e0 Tulsa, une affaire de famille. Il faut qu\u2019on y soit demain. \u00bb<\/p>\n\n\n\n<p>Je ne sais pas pourquoi, mais \u00e7a me vient naturellement, je commence \u00e0 me sentir un peu parano\u00efaque. Ce vieil indien n\u2019a aucune raison de nous \u00eatre hostile et dans une heure nous serons reparties, mais je ne peux m\u2019emp\u00eacher d\u2019inventer une histoire.<\/p>\n\n\n\n<p>\u00ab Vous avez encore de la route !<\/p>\n\n\n\n<p>\u2014 Oui, j\u2019aimerais bien arriver avant la nuit. \u00bb<\/p>\n\n\n\n<p>Raven disparait dans sa cuisine apr\u00e8s m\u2019avoir servi mon soda. Il revient quelques minutes plus tard avec mon repas. La portion est monstrueuse. Apr\u00e8s en avoir mang\u00e9 la moiti\u00e9, je lui demande de m\u2019emballer le reste pour la route. Je ne doute pas que Becky aura faim, t\u00f4t ou tard. Je lui demande \u00e9galement un grand caf\u00e9 \u00e0 emporter. Je retourne \u00e0 la voiture. Becky n\u2019est pas \u00e0 proximit\u00e9. Je d\u00e9pose les restes du repas et le caf\u00e9 avant de me diriger vers le lac. J\u2019aper\u00e7ois la jeune femme en grande conversation avec deux types. Je m\u2019approche un peu. L\u2019un doit avoir \u00e0 peu pr\u00e8s mon \u00e2ge, plut\u00f4t bel homme, il porte une tenue de travail macul\u00e9e de graisse. L\u2019autre est plus jeune, la tignasse en bataille. Il n\u2019a probablement pas pris de douche depuis un moment. En me voyant arriver, Becky me montre du doigt.<\/p>\n\n\n\n<p>\u00ab C\u2019est ma s\u0153ur, Jenny. Elle est cool. Jenny, je te pr\u00e9sente Chad et Mike. Chad r\u00e9pare les bateaux sur le lac et Mike travaille sur des chantiers. Ils vivent dans un chalet, dans les bois pr\u00e8s d\u2019ici. Ils m\u2019ont propos\u00e9 d\u2019aller boire une bi\u00e8re avec eux. \u00bb<\/p>\n\n\n\n<p>Je regarde les deux hommes et Becky. Je n\u2019ai pas de mal \u00e0 imaginer leurs pens\u00e9es du moment.<\/p>\n\n\n\n<p>\u00ab Je crois que \u00e7a ne va pas \u00eatre possible, dis-je, on a encore pas mal de route.<\/p>\n\n\n\n<p>\u2014 Pour aller o\u00f9 ? Personne ne nous attend nulle part !<\/p>\n\n\n\n<p>\u2014 Tu sais bien que nous devons \u00eatre \u00e0 Tulsa ce soir. Il y a encore plus de cinq heures de route.<\/p>\n\n\n\n<p>\u2014 Tulsa ? Pourquoi veux-tu aller \u00e0 Tulsa ? \u00bb<\/p>\n\n\n\n<p>Becky n\u2019a de toute \u00e9vidence pas la m\u00eame prudence que moi. Elle ne vit que pour l\u2019instant pr\u00e9sent et le pr\u00e9sent, pour elle, se r\u00e9sume \u00e0 deux mecs baraqu\u00e9s qui cherchent \u00e0 passer un bon moment avant de retourner au travail. J\u2019h\u00e9site un instant, pesant le pour et surtout le contre. Ai-je vraiment le droit de refuser un moment de d\u00e9tente \u00e0 la jeune femme ? Risquons-nous r\u00e9ellement quelque chose en acceptant de suivre ces deux hommes. Apr\u00e8s tout, nous n\u2019allons pas passer le reste de notre vie en nous m\u00e9fiant de tout le monde. Et pour plus de s\u00e9curit\u00e9, je glisserai le Smith &amp; Wesson dans mon sac \u00e0 main.<\/p>\n\n\n\n<p>\u00ab OK, dis-je, mais on ne reste pas longtemps, on a encore de la route.<\/p>\n\n\n\n<p>\u2014 Super, Mike a une moto, je pars avec lui, tu n\u2019as qu\u2019\u00e0 suivre Chad avec la voiture !<\/p>\n\n\n\n<p>\u2014 Mais, tu n\u2019as pas de casque\u2026 \u00bb<\/p>\n\n\n\n<p>Peine perdue, elle est d\u00e9j\u00e0 partie derri\u00e8re le jeune homme en direction d\u2019un vieil engin, s\u00fbrement plus ag\u00e9 qu\u2019eux. Je regarde la moto partir dans un nuage de fum\u00e9e.<\/p>\n\n\n\n<p>\u00ab Bon, vous me suivez alors ! me dit le d\u00e9nomm\u00e9 Chad. Vous \u00eates gar\u00e9e o\u00f9 ? Pr\u00e8s du diner, je pr\u00e9sume. Je vous retrouve l\u00e0-bas dans deux minutes. \u00bb<\/p>\n\n\n\n<p>Je retourne \u00e0 la voiture. Je fouille dans mon sac de voyage pour attraper le flingue avant que Chad ne me rejoigne. Il arrive dans un 4&#215;4 aussi vieux que notre C10, mais avec des roues surdimensionn\u00e9es. Il me fait signe de le suivre et nous partons vers la for\u00eat. Nous ne roulons pas longtemps. Chad quitte la route pour s\u2019engager sur un chemin qui descend vers le lac.<\/p>\n\n\n\n<p><\/p>\n\n\n\n<p>Continuer la lecture : <a href=\"https:\/\/ellington-photo.com\/ErosWalker\/mortelle-cavale-15\/\">https:\/\/ellington-photo.com\/ErosWalker\/mortelle-cavale-15\/<\/a><\/p>\n\n\n\n<p><\/p>\n","protected":false},"excerpt":{"rendered":"<p>Une invitation Ozark Mountains, ArkansasVendredi 3 octobre 1980, 12h00 Becky a lu la totalit\u00e9 du Commercial Appeal, le quotidien de Memphis. Elle n\u2019y a trouv\u00e9 aucune allusion aux \u00e9v\u00e9nements de la nuit pr\u00e9c\u00e9dente. Je ne suis pas surprise, le temps que la police d\u00e9couvre le &hellip; <\/p>\n","protected":false},"author":1,"featured_media":341,"parent":0,"menu_order":0,"comment_status":"closed","ping_status":"closed","template":"","meta":{"footnotes":""},"class_list":["post-289","page","type-page","status-publish","has-post-thumbnail","hentry"],"yoast_head":"<!-- This site is optimized with the Yoast SEO plugin v27.4 - https:\/\/yoast.com\/product\/yoast-seo-wordpress\/ -->\n<title>Mortelle Cavale (14) - Eros Walker Stories<\/title>\n<meta name=\"robots\" content=\"index, follow, max-snippet:-1, max-image-preview:large, max-video-preview:-1\" \/>\n<link rel=\"canonical\" href=\"https:\/\/ellington-photo.com\/ErosWalker\/mortelle-cavale-14\/\" \/>\n<meta property=\"og:locale\" content=\"fr_FR\" \/>\n<meta property=\"og:type\" content=\"article\" \/>\n<meta property=\"og:title\" content=\"Mortelle Cavale (14) - Eros Walker Stories\" \/>\n<meta property=\"og:description\" content=\"Une invitation Ozark Mountains, ArkansasVendredi 3 octobre 1980, 12h00 Becky a lu la totalit\u00e9 du Commercial Appeal, le quotidien de Memphis. Elle n\u2019y a trouv\u00e9 aucune allusion aux \u00e9v\u00e9nements de la nuit pr\u00e9c\u00e9dente. Je ne suis pas surprise, le temps que la police d\u00e9couvre le &hellip;\" \/>\n<meta property=\"og:url\" content=\"https:\/\/ellington-photo.com\/ErosWalker\/mortelle-cavale-14\/\" \/>\n<meta property=\"og:site_name\" content=\"Eros Walker Stories\" \/>\n<meta property=\"article:modified_time\" content=\"2024-12-13T08:04:12+00:00\" \/>\n<meta property=\"og:image\" content=\"https:\/\/ellington-photo.com\/ErosWalker\/wp-content\/uploads\/2024\/12\/Designer-26-e1734077043716.jpeg\" \/>\n\t<meta property=\"og:image:width\" content=\"1020\" \/>\n\t<meta property=\"og:image:height\" content=\"750\" \/>\n\t<meta property=\"og:image:type\" content=\"image\/jpeg\" \/>\n<meta name=\"twitter:card\" content=\"summary_large_image\" \/>\n<meta name=\"twitter:label1\" content=\"Dur\u00e9e de lecture estim\u00e9e\" \/>\n\t<meta name=\"twitter:data1\" content=\"6 minutes\" \/>\n<script type=\"application\/ld+json\" class=\"yoast-schema-graph\">{\"@context\":\"https:\\\/\\\/schema.org\",\"@graph\":[{\"@type\":\"WebPage\",\"@id\":\"https:\\\/\\\/ellington-photo.com\\\/ErosWalker\\\/mortelle-cavale-14\\\/\",\"url\":\"https:\\\/\\\/ellington-photo.com\\\/ErosWalker\\\/mortelle-cavale-14\\\/\",\"name\":\"Mortelle Cavale (14) - Eros Walker Stories\",\"isPartOf\":{\"@id\":\"https:\\\/\\\/ellington-photo.com\\\/ErosWalker\\\/#website\"},\"primaryImageOfPage\":{\"@id\":\"https:\\\/\\\/ellington-photo.com\\\/ErosWalker\\\/mortelle-cavale-14\\\/#primaryimage\"},\"image\":{\"@id\":\"https:\\\/\\\/ellington-photo.com\\\/ErosWalker\\\/mortelle-cavale-14\\\/#primaryimage\"},\"thumbnailUrl\":\"https:\\\/\\\/ellington-photo.com\\\/ErosWalker\\\/wp-content\\\/uploads\\\/2024\\\/12\\\/Designer-26-e1734077043716.jpeg\",\"datePublished\":\"2024-11-28T12:24:29+00:00\",\"dateModified\":\"2024-12-13T08:04:12+00:00\",\"breadcrumb\":{\"@id\":\"https:\\\/\\\/ellington-photo.com\\\/ErosWalker\\\/mortelle-cavale-14\\\/#breadcrumb\"},\"inLanguage\":\"fr-FR\",\"potentialAction\":[{\"@type\":\"ReadAction\",\"target\":[\"https:\\\/\\\/ellington-photo.com\\\/ErosWalker\\\/mortelle-cavale-14\\\/\"]}]},{\"@type\":\"ImageObject\",\"inLanguage\":\"fr-FR\",\"@id\":\"https:\\\/\\\/ellington-photo.com\\\/ErosWalker\\\/mortelle-cavale-14\\\/#primaryimage\",\"url\":\"https:\\\/\\\/ellington-photo.com\\\/ErosWalker\\\/wp-content\\\/uploads\\\/2024\\\/12\\\/Designer-26-e1734077043716.jpeg\",\"contentUrl\":\"https:\\\/\\\/ellington-photo.com\\\/ErosWalker\\\/wp-content\\\/uploads\\\/2024\\\/12\\\/Designer-26-e1734077043716.jpeg\",\"width\":1020,\"height\":750},{\"@type\":\"BreadcrumbList\",\"@id\":\"https:\\\/\\\/ellington-photo.com\\\/ErosWalker\\\/mortelle-cavale-14\\\/#breadcrumb\",\"itemListElement\":[{\"@type\":\"ListItem\",\"position\":1,\"name\":\"Accueil\",\"item\":\"https:\\\/\\\/ellington-photo.com\\\/ErosWalker\\\/\"},{\"@type\":\"ListItem\",\"position\":2,\"name\":\"Mortelle Cavale (14)\"}]},{\"@type\":\"WebSite\",\"@id\":\"https:\\\/\\\/ellington-photo.com\\\/ErosWalker\\\/#website\",\"url\":\"https:\\\/\\\/ellington-photo.com\\\/ErosWalker\\\/\",\"name\":\"Eros Walker Stories\",\"description\":\"Litt\u00e9rature et images\",\"publisher\":{\"@id\":\"https:\\\/\\\/ellington-photo.com\\\/ErosWalker\\\/#organization\"},\"potentialAction\":[{\"@type\":\"SearchAction\",\"target\":{\"@type\":\"EntryPoint\",\"urlTemplate\":\"https:\\\/\\\/ellington-photo.com\\\/ErosWalker\\\/?s={search_term_string}\"},\"query-input\":{\"@type\":\"PropertyValueSpecification\",\"valueRequired\":true,\"valueName\":\"search_term_string\"}}],\"inLanguage\":\"fr-FR\"},{\"@type\":\"Organization\",\"@id\":\"https:\\\/\\\/ellington-photo.com\\\/ErosWalker\\\/#organization\",\"name\":\"Eros Walker Stories\",\"url\":\"https:\\\/\\\/ellington-photo.com\\\/ErosWalker\\\/\",\"logo\":{\"@type\":\"ImageObject\",\"inLanguage\":\"fr-FR\",\"@id\":\"https:\\\/\\\/ellington-photo.com\\\/ErosWalker\\\/#\\\/schema\\\/logo\\\/image\\\/\",\"url\":\"https:\\\/\\\/ellington-photo.com\\\/ErosWalker\\\/wp-content\\\/uploads\\\/2025\\\/05\\\/Chat-Noir.jpg\",\"contentUrl\":\"https:\\\/\\\/ellington-photo.com\\\/ErosWalker\\\/wp-content\\\/uploads\\\/2025\\\/05\\\/Chat-Noir.jpg\",\"width\":400,\"height\":391,\"caption\":\"Eros Walker Stories\"},\"image\":{\"@id\":\"https:\\\/\\\/ellington-photo.com\\\/ErosWalker\\\/#\\\/schema\\\/logo\\\/image\\\/\"},\"sameAs\":[\"https:\\\/\\\/www.linkedin.com\\\/in\\\/eros-walker-ab710a298\\\/\"]}]}<\/script>\n<!-- \/ Yoast SEO plugin. -->","yoast_head_json":{"title":"Mortelle Cavale (14) - Eros Walker Stories","robots":{"index":"index","follow":"follow","max-snippet":"max-snippet:-1","max-image-preview":"max-image-preview:large","max-video-preview":"max-video-preview:-1"},"canonical":"https:\/\/ellington-photo.com\/ErosWalker\/mortelle-cavale-14\/","og_locale":"fr_FR","og_type":"article","og_title":"Mortelle Cavale (14) - Eros Walker Stories","og_description":"Une invitation Ozark Mountains, ArkansasVendredi 3 octobre 1980, 12h00 Becky a lu la totalit\u00e9 du Commercial Appeal, le quotidien de Memphis. Elle n\u2019y a trouv\u00e9 aucune allusion aux \u00e9v\u00e9nements de la nuit pr\u00e9c\u00e9dente. Je ne suis pas surprise, le temps que la police d\u00e9couvre le &hellip;","og_url":"https:\/\/ellington-photo.com\/ErosWalker\/mortelle-cavale-14\/","og_site_name":"Eros Walker Stories","article_modified_time":"2024-12-13T08:04:12+00:00","og_image":[{"width":1020,"height":750,"url":"https:\/\/ellington-photo.com\/ErosWalker\/wp-content\/uploads\/2024\/12\/Designer-26-e1734077043716.jpeg","type":"image\/jpeg"}],"twitter_card":"summary_large_image","twitter_misc":{"Dur\u00e9e de lecture estim\u00e9e":"6 minutes"},"schema":{"@context":"https:\/\/schema.org","@graph":[{"@type":"WebPage","@id":"https:\/\/ellington-photo.com\/ErosWalker\/mortelle-cavale-14\/","url":"https:\/\/ellington-photo.com\/ErosWalker\/mortelle-cavale-14\/","name":"Mortelle Cavale (14) - Eros Walker Stories","isPartOf":{"@id":"https:\/\/ellington-photo.com\/ErosWalker\/#website"},"primaryImageOfPage":{"@id":"https:\/\/ellington-photo.com\/ErosWalker\/mortelle-cavale-14\/#primaryimage"},"image":{"@id":"https:\/\/ellington-photo.com\/ErosWalker\/mortelle-cavale-14\/#primaryimage"},"thumbnailUrl":"https:\/\/ellington-photo.com\/ErosWalker\/wp-content\/uploads\/2024\/12\/Designer-26-e1734077043716.jpeg","datePublished":"2024-11-28T12:24:29+00:00","dateModified":"2024-12-13T08:04:12+00:00","breadcrumb":{"@id":"https:\/\/ellington-photo.com\/ErosWalker\/mortelle-cavale-14\/#breadcrumb"},"inLanguage":"fr-FR","potentialAction":[{"@type":"ReadAction","target":["https:\/\/ellington-photo.com\/ErosWalker\/mortelle-cavale-14\/"]}]},{"@type":"ImageObject","inLanguage":"fr-FR","@id":"https:\/\/ellington-photo.com\/ErosWalker\/mortelle-cavale-14\/#primaryimage","url":"https:\/\/ellington-photo.com\/ErosWalker\/wp-content\/uploads\/2024\/12\/Designer-26-e1734077043716.jpeg","contentUrl":"https:\/\/ellington-photo.com\/ErosWalker\/wp-content\/uploads\/2024\/12\/Designer-26-e1734077043716.jpeg","width":1020,"height":750},{"@type":"BreadcrumbList","@id":"https:\/\/ellington-photo.com\/ErosWalker\/mortelle-cavale-14\/#breadcrumb","itemListElement":[{"@type":"ListItem","position":1,"name":"Accueil","item":"https:\/\/ellington-photo.com\/ErosWalker\/"},{"@type":"ListItem","position":2,"name":"Mortelle Cavale (14)"}]},{"@type":"WebSite","@id":"https:\/\/ellington-photo.com\/ErosWalker\/#website","url":"https:\/\/ellington-photo.com\/ErosWalker\/","name":"Eros Walker Stories","description":"Litt\u00e9rature et images","publisher":{"@id":"https:\/\/ellington-photo.com\/ErosWalker\/#organization"},"potentialAction":[{"@type":"SearchAction","target":{"@type":"EntryPoint","urlTemplate":"https:\/\/ellington-photo.com\/ErosWalker\/?s={search_term_string}"},"query-input":{"@type":"PropertyValueSpecification","valueRequired":true,"valueName":"search_term_string"}}],"inLanguage":"fr-FR"},{"@type":"Organization","@id":"https:\/\/ellington-photo.com\/ErosWalker\/#organization","name":"Eros Walker Stories","url":"https:\/\/ellington-photo.com\/ErosWalker\/","logo":{"@type":"ImageObject","inLanguage":"fr-FR","@id":"https:\/\/ellington-photo.com\/ErosWalker\/#\/schema\/logo\/image\/","url":"https:\/\/ellington-photo.com\/ErosWalker\/wp-content\/uploads\/2025\/05\/Chat-Noir.jpg","contentUrl":"https:\/\/ellington-photo.com\/ErosWalker\/wp-content\/uploads\/2025\/05\/Chat-Noir.jpg","width":400,"height":391,"caption":"Eros Walker Stories"},"image":{"@id":"https:\/\/ellington-photo.com\/ErosWalker\/#\/schema\/logo\/image\/"},"sameAs":["https:\/\/www.linkedin.com\/in\/eros-walker-ab710a298\/"]}]}},"_links":{"self":[{"href":"https:\/\/ellington-photo.com\/ErosWalker\/wp-json\/wp\/v2\/pages\/289","targetHints":{"allow":["GET"]}}],"collection":[{"href":"https:\/\/ellington-photo.com\/ErosWalker\/wp-json\/wp\/v2\/pages"}],"about":[{"href":"https:\/\/ellington-photo.com\/ErosWalker\/wp-json\/wp\/v2\/types\/page"}],"author":[{"embeddable":true,"href":"https:\/\/ellington-photo.com\/ErosWalker\/wp-json\/wp\/v2\/users\/1"}],"replies":[{"embeddable":true,"href":"https:\/\/ellington-photo.com\/ErosWalker\/wp-json\/wp\/v2\/comments?post=289"}],"version-history":[{"count":2,"href":"https:\/\/ellington-photo.com\/ErosWalker\/wp-json\/wp\/v2\/pages\/289\/revisions"}],"predecessor-version":[{"id":291,"href":"https:\/\/ellington-photo.com\/ErosWalker\/wp-json\/wp\/v2\/pages\/289\/revisions\/291"}],"wp:featuredmedia":[{"embeddable":true,"href":"https:\/\/ellington-photo.com\/ErosWalker\/wp-json\/wp\/v2\/media\/341"}],"wp:attachment":[{"href":"https:\/\/ellington-photo.com\/ErosWalker\/wp-json\/wp\/v2\/media?parent=289"}],"curies":[{"name":"wp","href":"https:\/\/api.w.org\/{rel}","templated":true}]}}