{"id":275,"date":"2024-11-28T08:56:40","date_gmt":"2024-11-28T07:56:40","guid":{"rendered":"https:\/\/ellington-photo.com\/ErosWalker\/?page_id=275"},"modified":"2024-12-12T09:26:33","modified_gmt":"2024-12-12T08:26:33","slug":"mortelle-cavale-13","status":"publish","type":"page","link":"https:\/\/ellington-photo.com\/ErosWalker\/mortelle-cavale-13\/","title":{"rendered":"Mortelle Cavale (13)"},"content":{"rendered":"\n<p><strong>L\u00e9gitime d\u00e9fense<\/strong><\/p>\n\n\n\n<p><strong>Memphis, Tennessee<\/strong><br><strong>Vendredi 3 octobre 1980, 10h00<\/strong><\/p>\n\n\n\n<p>Ce vendredi est mon dernier jour de travail chez Wendy. Elle regrette mon d\u00e9part, mais respecte mon choix. Elle me dit que je pourrai toujours revenir travailler chez elle en cas de besoin. Depuis notre arriv\u00e9e \u00e0 Memphis, j\u2019ai fait quelques emplettes et je d\u00e9cide de commencer \u00e0 ranger mes affaires. Je sors mon sac de voyage de sous mon lit. Je le trouve un peu trop l\u00e9ger. Lorsque je l\u2019ouvre, je constate que le revolver a disparu. Il ne peut y avoir qu\u2019une explication. Je frappe \u00e0 la porte de la chambre de Becky. Je l\u2019ai entendue rentrer dans la nuit, je n\u2019ai pas fait attention \u00e0 l\u2019heure. Elle dort profond\u00e9ment. Je tire les rideaux pour la r\u00e9veiller. Elle \u00e9merge assez vite.<\/p>\n\n\n\n<p>\u00ab C\u2019est pas aujourd\u2019hui qu\u2019on part ! Pourquoi tu me r\u00e9veilles si t\u00f4t ?<\/p>\n\n\n\n<p>\u2014 O\u00f9 est mon flingue ? demand\u00e9-je s\u00e8chement.<\/p>\n\n\n\n<p>\u2014 Dans mon sac, me r\u00e9pond ing\u00e9nument la jeune femme. Pourquoi ?<\/p>\n\n\n\n<p>\u2014 D\u2019abord, tu aurais pu me demander avant de le prendre et ensuite, si tu t\u2019\u00e9tais fait arr\u00eater avec cette arme dans ton sac, tu \u00e9tais bonne pour la prison !<\/p>\n\n\n\n<p>\u2014 Tu le transportais bien, toi !<\/p>\n\n\n\n<p>\u2014 Oui, mais moi, je ne me prostitue pas dans les bars !<\/p>\n\n\n\n<p>\u2014 Justement, c\u2019\u00e9tait pour me sentir en s\u00e9curit\u00e9, se d\u00e9fend Becky. \u00bb<\/p>\n\n\n\n<p>J\u2019attrape son sac sur la table et je l\u2019ouvre pour reprendre le revolver. Je l\u2019examine attentivement, m\u00e9fiante. Il y a maintenant deux chambres vides dans le barillet.<\/p>\n\n\n\n<p>\u00ab Tu l\u2019as utilis\u00e9 ? m\u2019\u00e9cri\u00e9-je.<\/p>\n\n\n\n<p>\u2014 C\u2019est pour \u00e7a que je le trimbalais, pas pour faire joli !<\/p>\n\n\n\n<p>\u2014 Quand ? O\u00f9 ?<\/p>\n\n\n\n<p>\u2014 Cette nuit, dans une ruelle derri\u00e8re un bar. J\u2019\u00e9tais sortie avec un type et il a commenc\u00e9 \u00e0 \u00eatre agressif. Il m\u2019a dit qu\u2019il fallait que je travaille pour lui maintenant.<\/p>\n\n\n\n<p>\u2014 Je t\u2019avais pr\u00e9venue !<\/p>\n\n\n\n<p>\u2014 Oui, je sais, pas la peine de la ramener ! Comme il me faisait mal, je me suis d\u00e9battue et j\u2019ai sorti le flingue. Il a dit que je ne savais pas m\u2019en servir, que je n\u2019oserais pas. Cet idiot ne savait pas que j\u2019avais appris. Alors quand il est revenu vers moi, j\u2019ai tir\u00e9.<\/p>\n\n\n\n<p>\u2014 Tu l\u2019as touch\u00e9 ?<\/p>\n\n\n\n<p>\u2014 Qu\u2019est-ce que tu crois, bien s\u00fbr ! Je ne pouvais pas le rater. C\u2019\u00e9tait de la l\u00e9gitime d\u00e9fense, non ?<\/p>\n\n\n\n<p>\u2014 Qu\u2019est-ce que tu as fait apr\u00e8s ?<\/p>\n\n\n\n<p>\u2014 Tu crois pas que j\u2019allais lui faire du bouche \u00e0 bouche ! Je me suis tir\u00e9e et je suis rentr\u00e9e ici.<\/p>\n\n\n\n<p>\u2014 Quelqu\u2019un t\u2019a vue ?<\/p>\n\n\n\n<p>\u2014 Non, je crois pas, en tout cas personne n\u2019a appel\u00e9 au secours. Il n\u2019y avait aucune fen\u00eatre allum\u00e9e.<\/p>\n\n\n\n<p>\u2014 Quand tu es partie, ce type \u00e9tait vivant ?<\/p>\n\n\n\n<p>\u2014 Je t\u2019ai dit que j\u2019ai pas v\u00e9rifi\u00e9 ! Je m\u2019en fous si je l\u2019ai tu\u00e9, c\u2019\u00e9tait un salaud.<\/p>\n\n\n\n<p>\u2014 Et dans le bar, il y quelqu\u2019un qui te connait ?<\/p>\n\n\n\n<p>\u2014 J\u2019ai discut\u00e9 avec le barman, plusieurs fois, et avec le patron aussi. Ils me laissaient faire mes petites affaires tant que \u00e7a se passait dehors. Ils ne connaissent que mon pr\u00e9nom.<\/p>\n\n\n\n<p>\u2014 Un pr\u00e9nom et un signalement, c\u2019est d\u00e9j\u00e0 beaucoup. \u00c0 l\u2019heure qu\u2019il est, ils ont d\u00e9j\u00e0 d\u00fb commencer \u00e0 interroger les voisins du bar. Fais ta valise, on se barre tout de suite. \u00bb<\/p>\n\n\n\n<p>Sans attendre de r\u00e9ponse, je retourne dans ma chambre avec le Smith et Wesson. Je devrais peut-\u00eatre m\u2019en d\u00e9barrasser, mais il nous a d\u00e9j\u00e0 sauv\u00e9 la mise deux fois. Je le fourre au fond de mon sac et je jette tous mes v\u00eatements en vrac par-dessus.<\/p>\n\n\n\n<p>\u00ab Retrouve-moi \u00e0 la voiture au plus vite, je vais voir Mo\u00efse pour r\u00e9gler la chambre. \u00bb<\/p>\n\n\n\n<p>L\u2019h\u00f4telier est derri\u00e8re son comptoir, comme \u00e0 son habitude, j\u2019ai l\u2019impression qu\u2019il fait ses comptes. Je lui explique qu\u2019il nous faut partir un peu plus t\u00f4t que pr\u00e9vu.<\/p>\n\n\n\n<p>\u00ab Ne vous inqui\u00e9tez pas, je pensais bien que \u00e7a finirait comme \u00e7a. Je l\u2019ai compris tout de suite, je sais bien que ce n\u2019est pas votre s\u0153ur, et je sais bien aussi ce qu\u2019elle fait la nuit. Surveillez-la bien, si vous pouvez, avant qu\u2019il ne lui arrive de gros ennuis. Ne me dites pas o\u00f9 vous allez, comme \u00e7a je n\u2019aurai pas \u00e0 mentir si la police m\u2019interroge.<\/p>\n\n\n\n<p>\u2014 Je ne vous remercierai jamais assez, Mo\u00efse, vous avez vraiment \u00e9t\u00e9 tr\u00e8s gentil pour nous.<\/p>\n\n\n\n<p>\u2014 Vous savez, je vis seul aujourd\u2019hui, mais j\u2019ai aussi eu une fille, qui aurait \u00e0 peu pr\u00e8s l\u2019\u00e2ge de Becky aujourd\u2019hui. Si je m\u2019en \u00e9tais mieux occup\u00e9, elle serait sans doute toujours l\u00e0 aujourd\u2019hui. \u00bb<\/p>\n\n\n\n<p>Je vois une larme couler derri\u00e8re le verre de ses lunettes. Je ne sais quoi dire. Becky arrive \u00e0 ce moment.<\/p>\n\n\n\n<p>\u00ab Alors, on y va ? Salut Mo\u00efse ! \u00bb<\/p>\n\n\n\n<p>Elle fait un geste de la main et sort dans la rue, je la suis sans rien ajouter. Avant de monter en voiture, je prends le journal local dans une bo\u00eete sur le trottoir. Becky me fera la lecture dans la voiture. Nous passons le pont sur le Mississipi, de l\u2019autre c\u00f4t\u00e9 c\u2019est l\u2019Arkansas. Un peu de temps de gagn\u00e9.<\/p>\n\n\n\n<p><\/p>\n\n\n\n<p>Continuer la lecture : <a href=\"https:\/\/ellington-photo.com\/ErosWalker\/mortelle-cavale-14\/\">https:\/\/ellington-photo.com\/ErosWalker\/mortelle-cavale-14\/<\/a><\/p>\n\n\n\n<p><\/p>\n","protected":false},"excerpt":{"rendered":"<p>L\u00e9gitime d\u00e9fense Memphis, TennesseeVendredi 3 octobre 1980, 10h00 Ce vendredi est mon dernier jour de travail chez Wendy. Elle regrette mon d\u00e9part, mais respecte mon choix. Elle me dit que je pourrai toujours revenir travailler chez elle en cas de besoin. Depuis notre arriv\u00e9e \u00e0 &hellip; <\/p>\n","protected":false},"author":1,"featured_media":340,"parent":0,"menu_order":0,"comment_status":"closed","ping_status":"closed","template":"","meta":{"footnotes":""},"class_list":["post-275","page","type-page","status-publish","has-post-thumbnail","hentry"],"yoast_head":"<!-- This site is optimized with the Yoast SEO plugin v27.4 - https:\/\/yoast.com\/product\/yoast-seo-wordpress\/ -->\n<title>Mortelle Cavale (13) - Eros Walker Stories<\/title>\n<meta name=\"robots\" content=\"index, follow, max-snippet:-1, max-image-preview:large, max-video-preview:-1\" \/>\n<link rel=\"canonical\" href=\"https:\/\/ellington-photo.com\/ErosWalker\/mortelle-cavale-13\/\" \/>\n<meta property=\"og:locale\" content=\"fr_FR\" \/>\n<meta property=\"og:type\" content=\"article\" \/>\n<meta property=\"og:title\" content=\"Mortelle Cavale (13) - Eros Walker Stories\" \/>\n<meta property=\"og:description\" content=\"L\u00e9gitime d\u00e9fense Memphis, TennesseeVendredi 3 octobre 1980, 10h00 Ce vendredi est mon dernier jour de travail chez Wendy. Elle regrette mon d\u00e9part, mais respecte mon choix. Elle me dit que je pourrai toujours revenir travailler chez elle en cas de besoin. Depuis notre arriv\u00e9e \u00e0 &hellip;\" \/>\n<meta property=\"og:url\" content=\"https:\/\/ellington-photo.com\/ErosWalker\/mortelle-cavale-13\/\" \/>\n<meta property=\"og:site_name\" content=\"Eros Walker Stories\" \/>\n<meta property=\"article:modified_time\" content=\"2024-12-12T08:26:33+00:00\" \/>\n<meta property=\"og:image\" content=\"https:\/\/ellington-photo.com\/ErosWalker\/wp-content\/uploads\/2024\/12\/Designer-25-e1733991985302.jpeg\" \/>\n\t<meta property=\"og:image:width\" content=\"1002\" \/>\n\t<meta property=\"og:image:height\" content=\"754\" \/>\n\t<meta property=\"og:image:type\" content=\"image\/jpeg\" \/>\n<meta name=\"twitter:card\" content=\"summary_large_image\" \/>\n<meta name=\"twitter:label1\" content=\"Dur\u00e9e de lecture estim\u00e9e\" \/>\n\t<meta name=\"twitter:data1\" content=\"5 minutes\" \/>\n<script type=\"application\/ld+json\" class=\"yoast-schema-graph\">{\"@context\":\"https:\\\/\\\/schema.org\",\"@graph\":[{\"@type\":\"WebPage\",\"@id\":\"https:\\\/\\\/ellington-photo.com\\\/ErosWalker\\\/mortelle-cavale-13\\\/\",\"url\":\"https:\\\/\\\/ellington-photo.com\\\/ErosWalker\\\/mortelle-cavale-13\\\/\",\"name\":\"Mortelle Cavale (13) - Eros Walker Stories\",\"isPartOf\":{\"@id\":\"https:\\\/\\\/ellington-photo.com\\\/ErosWalker\\\/#website\"},\"primaryImageOfPage\":{\"@id\":\"https:\\\/\\\/ellington-photo.com\\\/ErosWalker\\\/mortelle-cavale-13\\\/#primaryimage\"},\"image\":{\"@id\":\"https:\\\/\\\/ellington-photo.com\\\/ErosWalker\\\/mortelle-cavale-13\\\/#primaryimage\"},\"thumbnailUrl\":\"https:\\\/\\\/ellington-photo.com\\\/ErosWalker\\\/wp-content\\\/uploads\\\/2024\\\/12\\\/Designer-25-e1733991985302.jpeg\",\"datePublished\":\"2024-11-28T07:56:40+00:00\",\"dateModified\":\"2024-12-12T08:26:33+00:00\",\"breadcrumb\":{\"@id\":\"https:\\\/\\\/ellington-photo.com\\\/ErosWalker\\\/mortelle-cavale-13\\\/#breadcrumb\"},\"inLanguage\":\"fr-FR\",\"potentialAction\":[{\"@type\":\"ReadAction\",\"target\":[\"https:\\\/\\\/ellington-photo.com\\\/ErosWalker\\\/mortelle-cavale-13\\\/\"]}]},{\"@type\":\"ImageObject\",\"inLanguage\":\"fr-FR\",\"@id\":\"https:\\\/\\\/ellington-photo.com\\\/ErosWalker\\\/mortelle-cavale-13\\\/#primaryimage\",\"url\":\"https:\\\/\\\/ellington-photo.com\\\/ErosWalker\\\/wp-content\\\/uploads\\\/2024\\\/12\\\/Designer-25-e1733991985302.jpeg\",\"contentUrl\":\"https:\\\/\\\/ellington-photo.com\\\/ErosWalker\\\/wp-content\\\/uploads\\\/2024\\\/12\\\/Designer-25-e1733991985302.jpeg\",\"width\":1002,\"height\":754},{\"@type\":\"BreadcrumbList\",\"@id\":\"https:\\\/\\\/ellington-photo.com\\\/ErosWalker\\\/mortelle-cavale-13\\\/#breadcrumb\",\"itemListElement\":[{\"@type\":\"ListItem\",\"position\":1,\"name\":\"Accueil\",\"item\":\"https:\\\/\\\/ellington-photo.com\\\/ErosWalker\\\/\"},{\"@type\":\"ListItem\",\"position\":2,\"name\":\"Mortelle Cavale (13)\"}]},{\"@type\":\"WebSite\",\"@id\":\"https:\\\/\\\/ellington-photo.com\\\/ErosWalker\\\/#website\",\"url\":\"https:\\\/\\\/ellington-photo.com\\\/ErosWalker\\\/\",\"name\":\"Eros Walker Stories\",\"description\":\"Litt\u00e9rature et images\",\"publisher\":{\"@id\":\"https:\\\/\\\/ellington-photo.com\\\/ErosWalker\\\/#organization\"},\"potentialAction\":[{\"@type\":\"SearchAction\",\"target\":{\"@type\":\"EntryPoint\",\"urlTemplate\":\"https:\\\/\\\/ellington-photo.com\\\/ErosWalker\\\/?s={search_term_string}\"},\"query-input\":{\"@type\":\"PropertyValueSpecification\",\"valueRequired\":true,\"valueName\":\"search_term_string\"}}],\"inLanguage\":\"fr-FR\"},{\"@type\":\"Organization\",\"@id\":\"https:\\\/\\\/ellington-photo.com\\\/ErosWalker\\\/#organization\",\"name\":\"Eros Walker Stories\",\"url\":\"https:\\\/\\\/ellington-photo.com\\\/ErosWalker\\\/\",\"logo\":{\"@type\":\"ImageObject\",\"inLanguage\":\"fr-FR\",\"@id\":\"https:\\\/\\\/ellington-photo.com\\\/ErosWalker\\\/#\\\/schema\\\/logo\\\/image\\\/\",\"url\":\"https:\\\/\\\/ellington-photo.com\\\/ErosWalker\\\/wp-content\\\/uploads\\\/2025\\\/05\\\/Chat-Noir.jpg\",\"contentUrl\":\"https:\\\/\\\/ellington-photo.com\\\/ErosWalker\\\/wp-content\\\/uploads\\\/2025\\\/05\\\/Chat-Noir.jpg\",\"width\":400,\"height\":391,\"caption\":\"Eros Walker Stories\"},\"image\":{\"@id\":\"https:\\\/\\\/ellington-photo.com\\\/ErosWalker\\\/#\\\/schema\\\/logo\\\/image\\\/\"},\"sameAs\":[\"https:\\\/\\\/www.linkedin.com\\\/in\\\/eros-walker-ab710a298\\\/\"]}]}<\/script>\n<!-- \/ Yoast SEO plugin. -->","yoast_head_json":{"title":"Mortelle Cavale (13) - Eros Walker Stories","robots":{"index":"index","follow":"follow","max-snippet":"max-snippet:-1","max-image-preview":"max-image-preview:large","max-video-preview":"max-video-preview:-1"},"canonical":"https:\/\/ellington-photo.com\/ErosWalker\/mortelle-cavale-13\/","og_locale":"fr_FR","og_type":"article","og_title":"Mortelle Cavale (13) - Eros Walker Stories","og_description":"L\u00e9gitime d\u00e9fense Memphis, TennesseeVendredi 3 octobre 1980, 10h00 Ce vendredi est mon dernier jour de travail chez Wendy. Elle regrette mon d\u00e9part, mais respecte mon choix. Elle me dit que je pourrai toujours revenir travailler chez elle en cas de besoin. Depuis notre arriv\u00e9e \u00e0 &hellip;","og_url":"https:\/\/ellington-photo.com\/ErosWalker\/mortelle-cavale-13\/","og_site_name":"Eros Walker Stories","article_modified_time":"2024-12-12T08:26:33+00:00","og_image":[{"width":1002,"height":754,"url":"https:\/\/ellington-photo.com\/ErosWalker\/wp-content\/uploads\/2024\/12\/Designer-25-e1733991985302.jpeg","type":"image\/jpeg"}],"twitter_card":"summary_large_image","twitter_misc":{"Dur\u00e9e de lecture estim\u00e9e":"5 minutes"},"schema":{"@context":"https:\/\/schema.org","@graph":[{"@type":"WebPage","@id":"https:\/\/ellington-photo.com\/ErosWalker\/mortelle-cavale-13\/","url":"https:\/\/ellington-photo.com\/ErosWalker\/mortelle-cavale-13\/","name":"Mortelle Cavale (13) - Eros Walker Stories","isPartOf":{"@id":"https:\/\/ellington-photo.com\/ErosWalker\/#website"},"primaryImageOfPage":{"@id":"https:\/\/ellington-photo.com\/ErosWalker\/mortelle-cavale-13\/#primaryimage"},"image":{"@id":"https:\/\/ellington-photo.com\/ErosWalker\/mortelle-cavale-13\/#primaryimage"},"thumbnailUrl":"https:\/\/ellington-photo.com\/ErosWalker\/wp-content\/uploads\/2024\/12\/Designer-25-e1733991985302.jpeg","datePublished":"2024-11-28T07:56:40+00:00","dateModified":"2024-12-12T08:26:33+00:00","breadcrumb":{"@id":"https:\/\/ellington-photo.com\/ErosWalker\/mortelle-cavale-13\/#breadcrumb"},"inLanguage":"fr-FR","potentialAction":[{"@type":"ReadAction","target":["https:\/\/ellington-photo.com\/ErosWalker\/mortelle-cavale-13\/"]}]},{"@type":"ImageObject","inLanguage":"fr-FR","@id":"https:\/\/ellington-photo.com\/ErosWalker\/mortelle-cavale-13\/#primaryimage","url":"https:\/\/ellington-photo.com\/ErosWalker\/wp-content\/uploads\/2024\/12\/Designer-25-e1733991985302.jpeg","contentUrl":"https:\/\/ellington-photo.com\/ErosWalker\/wp-content\/uploads\/2024\/12\/Designer-25-e1733991985302.jpeg","width":1002,"height":754},{"@type":"BreadcrumbList","@id":"https:\/\/ellington-photo.com\/ErosWalker\/mortelle-cavale-13\/#breadcrumb","itemListElement":[{"@type":"ListItem","position":1,"name":"Accueil","item":"https:\/\/ellington-photo.com\/ErosWalker\/"},{"@type":"ListItem","position":2,"name":"Mortelle Cavale (13)"}]},{"@type":"WebSite","@id":"https:\/\/ellington-photo.com\/ErosWalker\/#website","url":"https:\/\/ellington-photo.com\/ErosWalker\/","name":"Eros Walker Stories","description":"Litt\u00e9rature et images","publisher":{"@id":"https:\/\/ellington-photo.com\/ErosWalker\/#organization"},"potentialAction":[{"@type":"SearchAction","target":{"@type":"EntryPoint","urlTemplate":"https:\/\/ellington-photo.com\/ErosWalker\/?s={search_term_string}"},"query-input":{"@type":"PropertyValueSpecification","valueRequired":true,"valueName":"search_term_string"}}],"inLanguage":"fr-FR"},{"@type":"Organization","@id":"https:\/\/ellington-photo.com\/ErosWalker\/#organization","name":"Eros Walker Stories","url":"https:\/\/ellington-photo.com\/ErosWalker\/","logo":{"@type":"ImageObject","inLanguage":"fr-FR","@id":"https:\/\/ellington-photo.com\/ErosWalker\/#\/schema\/logo\/image\/","url":"https:\/\/ellington-photo.com\/ErosWalker\/wp-content\/uploads\/2025\/05\/Chat-Noir.jpg","contentUrl":"https:\/\/ellington-photo.com\/ErosWalker\/wp-content\/uploads\/2025\/05\/Chat-Noir.jpg","width":400,"height":391,"caption":"Eros Walker Stories"},"image":{"@id":"https:\/\/ellington-photo.com\/ErosWalker\/#\/schema\/logo\/image\/"},"sameAs":["https:\/\/www.linkedin.com\/in\/eros-walker-ab710a298\/"]}]}},"_links":{"self":[{"href":"https:\/\/ellington-photo.com\/ErosWalker\/wp-json\/wp\/v2\/pages\/275","targetHints":{"allow":["GET"]}}],"collection":[{"href":"https:\/\/ellington-photo.com\/ErosWalker\/wp-json\/wp\/v2\/pages"}],"about":[{"href":"https:\/\/ellington-photo.com\/ErosWalker\/wp-json\/wp\/v2\/types\/page"}],"author":[{"embeddable":true,"href":"https:\/\/ellington-photo.com\/ErosWalker\/wp-json\/wp\/v2\/users\/1"}],"replies":[{"embeddable":true,"href":"https:\/\/ellington-photo.com\/ErosWalker\/wp-json\/wp\/v2\/comments?post=275"}],"version-history":[{"count":5,"href":"https:\/\/ellington-photo.com\/ErosWalker\/wp-json\/wp\/v2\/pages\/275\/revisions"}],"predecessor-version":[{"id":300,"href":"https:\/\/ellington-photo.com\/ErosWalker\/wp-json\/wp\/v2\/pages\/275\/revisions\/300"}],"wp:featuredmedia":[{"embeddable":true,"href":"https:\/\/ellington-photo.com\/ErosWalker\/wp-json\/wp\/v2\/media\/340"}],"wp:attachment":[{"href":"https:\/\/ellington-photo.com\/ErosWalker\/wp-json\/wp\/v2\/media?parent=275"}],"curies":[{"name":"wp","href":"https:\/\/api.w.org\/{rel}","templated":true}]}}