{"id":272,"date":"2024-11-28T08:52:04","date_gmt":"2024-11-28T07:52:04","guid":{"rendered":"https:\/\/ellington-photo.com\/ErosWalker\/?page_id=272"},"modified":"2024-12-10T17:33:56","modified_gmt":"2024-12-10T16:33:56","slug":"mortelle-cavale-12","status":"publish","type":"page","link":"https:\/\/ellington-photo.com\/ErosWalker\/mortelle-cavale-12\/","title":{"rendered":"Mortelle Cavale (12)"},"content":{"rendered":"\n<p><strong>C\u2019est pas une Cadillac<\/strong><\/p>\n\n\n\n<p><strong>Memphis, Tennessee<\/strong><br><strong>Mercredi 1er octobre 1980, 10h00<\/strong><\/p>\n\n\n\n<p>La semaine n\u2019a pas apport\u00e9 de nouvelle surprise. Nous avons d\u00e9m\u00e9nag\u00e9 au deuxi\u00e8me \u00e9tage, nous avons maintenant chacune notre chambre. Comme Becky passe de plus en plus de temps dehors et rentre chaque nuit un peu plus tard, c\u2019est plus confortable pour moi.<\/p>\n\n\n\n<p>Nous nous \u00e9tions donn\u00e9 une semaine avant d\u2019envisager de quitter Memphis. Il est temps de reparler du sujet. Je vais r\u00e9veiller Becky. Elle est d\u2019un naturel facile et se l\u00e8ve sans protester. J\u2019ai pris le temps d\u2019aller chercher deux caf\u00e9s et des donuts. Elle se jette sur la nourriture. Je lui laisse quelques minutes avant d\u2019attaquer.<\/p>\n\n\n\n<p>\u00ab Tu te souviens de notre conversation, jeudi dernier ?<\/p>\n\n\n\n<p>\u2014 Bien s\u00fbr, on s\u2019\u00e9tait dit qu\u2019on mettrait les bouts apr\u00e8s une semaine, on y est, c\u2019est \u00e7a ?<\/p>\n\n\n\n<p>\u2014 Oui, il est temps de se demander ce qu\u2019on veut faire, toi et moi. Pour ma part, je ne vais pas passer le reste de ma vie \u00e0 d\u00e9m\u00e9nager \u00e0 tout bout de champ.<\/p>\n\n\n\n<p>\u2014 Oui, je te comprends, tu veux refaire ta vie, te poser quelque part, te marier, avoir des enfants\u2026<\/p>\n\n\n\n<p>\u2014 Non, ce n\u2019est pas \u00e7a, enfin, pas vraiment.<\/p>\n\n\n\n<p>\u2014 Tu sais, j\u2019ai pas besoin que tu restes avec moi, je peux me d\u00e9brouiller toute seule, me r\u00e9pond Becky.<\/p>\n\n\n\n<p>\u2014 Tu ne crois pas qu\u2019on pourrait repartir sur d\u2019autres bases, plus stables ?<\/p>\n\n\n\n<p>\u2014 J\u2019en ai rien \u00e0 foutre d\u2019une famille et tout \u00e7a. Moi, \u00e7a me va bien de vivre au jour le jour. Enfin, si tu veux qu\u2019on fasse un bout de route ensemble, je t\u2019ai dit qu\u2019on aurait assez de fric pour se payer une bagnole. J\u2019ai r\u00e9ussi \u00e0 amasser neuf cents dollars. Qu\u2019est-ce qu\u2019on peut se payer avec \u00e7a ?<\/p>\n\n\n\n<p>\u2014 S\u00fbrement pas une Cadillac, mais on doit pouvoir trouver un pick-up avec un peu de kilom\u00e8tres ! Si tu me fais confiance, je peux voir ce qu\u2019on trouve cet apr\u00e8s-midi, pendant ma pause.<\/p>\n\n\n\n<p>\u2014 Je vais demander \u00e0 Mo\u00efse s\u2019il connait un revendeur, et je viendrai avec toi.<\/p>\n\n\n\n<p>\u2014 Je ne veux pas d\u2019une voiture vol\u00e9e ! m\u2019emport\u00e9-je.<\/p>\n\n\n\n<p>\u2014 Cool Jenny ! Mo\u00efse est clean, il connait du monde parce qu\u2019il vit ici depuis plus de cinquante ans. C\u2019est pas un gangster. \u00bb<\/p>\n\n\n\n<p>Je vais prendre mon service. Je retrouve Becky \u00e0 l\u2019h\u00f4tel durant la pause de l\u2019apr\u00e8s-midi. Elle est en pleine discussion avec Mo\u00efse.<\/p>\n\n\n\n<p>\u00ab Mo\u00efse a accept\u00e9 de nous emmener chez un des ses amis. Il craint qu\u2019on se fasse arnaquer si on y va toutes les deux, plaisante Becky. Et puis surtout, c\u2019est un peu loin pour y aller \u00e0 pied.<\/p>\n\n\n\n<p>\u2014 \u00c7a ne vous d\u00e9range pas de nous conduire ? C\u2019est vrai ?<\/p>\n\n\n\n<p>\u2014 Pas du tout, au contraire, \u00e7a me fait plaisir de vous aider. Vous avez besoin d\u2019un petit coup de main pour vous relancer, pas vrai ? Vous allez voir, au premier coup d\u2019\u0153il, le garage de Fergus ne paye pas de mine, mais c\u2019est un type r\u00e9glo. Il ne vous refourguera pas une vieille caisse qui tombera en rade sit\u00f4t les limites de la ville franchies. \u00bb<\/p>\n\n\n\n<p>C\u2019est vrai que Mo\u00efse \u00e0 l\u2019air de bien nous appr\u00e9cier. Il est toujours aimable, il nous a d\u00e9pann\u00e9 quand nous avions besoin de petits mat\u00e9riels et puis je dois reconna\u00eetre que je n\u2019ai jamais achet\u00e9 de voiture de ma vie.<\/p>\n\n\n\n<p><em>Garage<\/em> est un terme pompeux pour d\u00e9signer le commerce de Fergus. Pour moi, \u00e7a tient plus d\u2019un terrain vague sur lequel sont stock\u00e9es quelques dizaines de voitures, de tous types. Fergus lui-m\u00eame est un vieil homme qui se tient dans une cabane en t\u00f4le \u00e0 proximit\u00e9 de l\u2019entr\u00e9e. Il est assis dans un fauteuil \u00e0 l\u2019air bancal, derri\u00e8re une table en bois surcharg\u00e9e de papiers, factures, prospectus, dont certains sont tach\u00e9s de graisse. Fix\u00e9e en hauteur dans un angle, une petite t\u00e9l\u00e9 en noir et blanc diffuse un match de base-ball. Mo\u00efse nous pr\u00e9sente et explique ce que nous cherchons, il insiste sur la modestie de notre budget. Le vendeur semble r\u00e9fl\u00e9chir un moment puis s\u2019adressant \u00e0 nous, il explique :<\/p>\n\n\n\n<p>\u00ab Je crois que j\u2019ai un Chevrolet C10, il a appartenu \u00e0 un fermier du coin qui s\u2019en servait pour aller dans ses champs. La carrosserie est un peu fatigu\u00e9e, et \u00e7a fait un moment qu\u2019elle n\u2019est pas pass\u00e9e au car-wash, mais la m\u00e9canique est saine et il a peu de kilom\u00e8tres. Avec \u00e7a, vous pouvez passer partout. Allez le voir, s\u2019il vous convient, je vous le laisse pour huit cents dollars, parce que vous \u00eates des amies de Mo\u00efse. \u00bb<\/p>\n\n\n\n<p>Il me tend un trousseau de cl\u00e9s et me donne quelques explications. Mo\u00efse nous accompagne au fond du parking. Fergus n\u2019a pas cherch\u00e9 \u00e0 nous mentir sur l\u2019\u00e9tat du v\u00e9hicule. La couleur originale est difficile \u00e0 distinguer sous la couche de poussi\u00e8re. Mo\u00efse fait le tour du v\u00e9hicule, regarde l\u2019\u00e9tat des pneus et me demande les cl\u00e9s. Il se met au volant. Le moteur d\u00e9marre du premier coup. Il ouvre le capot et v\u00e9rifie le niveau d\u2019huile et l\u2019eau dans le radiateur.<\/p>\n\n\n\n<p>\u00ab Je crois que vous pouvez rouler tranquille, le moteur tourne rond, les pneus sont corrects et les niveaux sont bons. Il vous reste juste \u00e0 faire le plein d\u2019essence et passer par une station de lavage. \u00bb<\/p>\n\n\n\n<p>Becky, comme \u00e0 son habitude, manifeste joyeusement son enthousiasme.<\/p>\n\n\n\n<p>\u00ab Ma premi\u00e8re voiture, c\u2019est trop cool !<\/p>\n\n\n\n<p>\u2014 Tu as le permis ?<\/p>\n\n\n\n<p>\u2014 Non, mais c\u2019est pas grave, c\u2019est toi qui conduiras.<\/p>\n\n\n\n<p>\u2014 Allez faire les papiers avec Fergus, moi je ram\u00e8ne la voiture jusqu\u2019au bureau. \u00bb<\/p>\n\n\n\n<p>Une demi-heure plus tard, Mo\u00efse repart de son c\u00f4t\u00e9 et nous nous mettons en qu\u00eate d\u2019une station-service. Il est plus de dix-huit heures quand je gare notre nouvelle acquisition \u00e0 proximit\u00e9 de l\u2019h\u00f4tel. J\u2019ai juste le temps d\u2019aller reprendre mon service pour la soir\u00e9e chez Wendy. Il me faut lui annoncer que je la quitte \u00e0 la fin de la semaine.<\/p>\n\n\n\n<p><\/p>\n\n\n\n<p>Continuer la lecture : <a href=\"https:\/\/ellington-photo.com\/ErosWalker\/mortelle-cavale-13\/\">https:\/\/ellington-photo.com\/ErosWalker\/mortelle-cavale-13\/<\/a><\/p>\n\n\n\n<p><\/p>\n","protected":false},"excerpt":{"rendered":"<p>C\u2019est pas une Cadillac Memphis, TennesseeMercredi 1er octobre 1980, 10h00 La semaine n\u2019a pas apport\u00e9 de nouvelle surprise. Nous avons d\u00e9m\u00e9nag\u00e9 au deuxi\u00e8me \u00e9tage, nous avons maintenant chacune notre chambre. Comme Becky passe de plus en plus de temps dehors et rentre chaque nuit un &hellip; <\/p>\n","protected":false},"author":1,"featured_media":339,"parent":0,"menu_order":0,"comment_status":"closed","ping_status":"closed","template":"","meta":{"footnotes":""},"class_list":["post-272","page","type-page","status-publish","has-post-thumbnail","hentry"],"yoast_head":"<!-- This site is optimized with the Yoast SEO plugin v27.4 - https:\/\/yoast.com\/product\/yoast-seo-wordpress\/ -->\n<title>Mortelle Cavale (12) - Eros Walker Stories<\/title>\n<meta name=\"robots\" content=\"index, follow, max-snippet:-1, max-image-preview:large, max-video-preview:-1\" \/>\n<link rel=\"canonical\" href=\"https:\/\/ellington-photo.com\/ErosWalker\/mortelle-cavale-12\/\" \/>\n<meta property=\"og:locale\" content=\"fr_FR\" \/>\n<meta property=\"og:type\" content=\"article\" \/>\n<meta property=\"og:title\" content=\"Mortelle Cavale (12) - Eros Walker Stories\" \/>\n<meta property=\"og:description\" content=\"C\u2019est pas une Cadillac Memphis, TennesseeMercredi 1er octobre 1980, 10h00 La semaine n\u2019a pas apport\u00e9 de nouvelle surprise. Nous avons d\u00e9m\u00e9nag\u00e9 au deuxi\u00e8me \u00e9tage, nous avons maintenant chacune notre chambre. Comme Becky passe de plus en plus de temps dehors et rentre chaque nuit un &hellip;\" \/>\n<meta property=\"og:url\" content=\"https:\/\/ellington-photo.com\/ErosWalker\/mortelle-cavale-12\/\" \/>\n<meta property=\"og:site_name\" content=\"Eros Walker Stories\" \/>\n<meta property=\"article:modified_time\" content=\"2024-12-10T16:33:56+00:00\" \/>\n<meta property=\"og:image\" content=\"https:\/\/ellington-photo.com\/ErosWalker\/wp-content\/uploads\/2024\/12\/Designer-24.jpeg\" \/>\n\t<meta property=\"og:image:width\" content=\"1024\" \/>\n\t<meta property=\"og:image:height\" content=\"1024\" \/>\n\t<meta property=\"og:image:type\" content=\"image\/jpeg\" \/>\n<meta name=\"twitter:card\" content=\"summary_large_image\" \/>\n<meta name=\"twitter:label1\" content=\"Dur\u00e9e de lecture estim\u00e9e\" \/>\n\t<meta name=\"twitter:data1\" content=\"5 minutes\" \/>\n<script type=\"application\/ld+json\" class=\"yoast-schema-graph\">{\"@context\":\"https:\\\/\\\/schema.org\",\"@graph\":[{\"@type\":\"WebPage\",\"@id\":\"https:\\\/\\\/ellington-photo.com\\\/ErosWalker\\\/mortelle-cavale-12\\\/\",\"url\":\"https:\\\/\\\/ellington-photo.com\\\/ErosWalker\\\/mortelle-cavale-12\\\/\",\"name\":\"Mortelle Cavale (12) - Eros Walker Stories\",\"isPartOf\":{\"@id\":\"https:\\\/\\\/ellington-photo.com\\\/ErosWalker\\\/#website\"},\"primaryImageOfPage\":{\"@id\":\"https:\\\/\\\/ellington-photo.com\\\/ErosWalker\\\/mortelle-cavale-12\\\/#primaryimage\"},\"image\":{\"@id\":\"https:\\\/\\\/ellington-photo.com\\\/ErosWalker\\\/mortelle-cavale-12\\\/#primaryimage\"},\"thumbnailUrl\":\"https:\\\/\\\/ellington-photo.com\\\/ErosWalker\\\/wp-content\\\/uploads\\\/2024\\\/12\\\/Designer-24.jpeg\",\"datePublished\":\"2024-11-28T07:52:04+00:00\",\"dateModified\":\"2024-12-10T16:33:56+00:00\",\"breadcrumb\":{\"@id\":\"https:\\\/\\\/ellington-photo.com\\\/ErosWalker\\\/mortelle-cavale-12\\\/#breadcrumb\"},\"inLanguage\":\"fr-FR\",\"potentialAction\":[{\"@type\":\"ReadAction\",\"target\":[\"https:\\\/\\\/ellington-photo.com\\\/ErosWalker\\\/mortelle-cavale-12\\\/\"]}]},{\"@type\":\"ImageObject\",\"inLanguage\":\"fr-FR\",\"@id\":\"https:\\\/\\\/ellington-photo.com\\\/ErosWalker\\\/mortelle-cavale-12\\\/#primaryimage\",\"url\":\"https:\\\/\\\/ellington-photo.com\\\/ErosWalker\\\/wp-content\\\/uploads\\\/2024\\\/12\\\/Designer-24.jpeg\",\"contentUrl\":\"https:\\\/\\\/ellington-photo.com\\\/ErosWalker\\\/wp-content\\\/uploads\\\/2024\\\/12\\\/Designer-24.jpeg\",\"width\":1024,\"height\":1024},{\"@type\":\"BreadcrumbList\",\"@id\":\"https:\\\/\\\/ellington-photo.com\\\/ErosWalker\\\/mortelle-cavale-12\\\/#breadcrumb\",\"itemListElement\":[{\"@type\":\"ListItem\",\"position\":1,\"name\":\"Accueil\",\"item\":\"https:\\\/\\\/ellington-photo.com\\\/ErosWalker\\\/\"},{\"@type\":\"ListItem\",\"position\":2,\"name\":\"Mortelle Cavale (12)\"}]},{\"@type\":\"WebSite\",\"@id\":\"https:\\\/\\\/ellington-photo.com\\\/ErosWalker\\\/#website\",\"url\":\"https:\\\/\\\/ellington-photo.com\\\/ErosWalker\\\/\",\"name\":\"Eros Walker Stories\",\"description\":\"Litt\u00e9rature et images\",\"publisher\":{\"@id\":\"https:\\\/\\\/ellington-photo.com\\\/ErosWalker\\\/#organization\"},\"potentialAction\":[{\"@type\":\"SearchAction\",\"target\":{\"@type\":\"EntryPoint\",\"urlTemplate\":\"https:\\\/\\\/ellington-photo.com\\\/ErosWalker\\\/?s={search_term_string}\"},\"query-input\":{\"@type\":\"PropertyValueSpecification\",\"valueRequired\":true,\"valueName\":\"search_term_string\"}}],\"inLanguage\":\"fr-FR\"},{\"@type\":\"Organization\",\"@id\":\"https:\\\/\\\/ellington-photo.com\\\/ErosWalker\\\/#organization\",\"name\":\"Eros Walker Stories\",\"url\":\"https:\\\/\\\/ellington-photo.com\\\/ErosWalker\\\/\",\"logo\":{\"@type\":\"ImageObject\",\"inLanguage\":\"fr-FR\",\"@id\":\"https:\\\/\\\/ellington-photo.com\\\/ErosWalker\\\/#\\\/schema\\\/logo\\\/image\\\/\",\"url\":\"https:\\\/\\\/ellington-photo.com\\\/ErosWalker\\\/wp-content\\\/uploads\\\/2025\\\/05\\\/Chat-Noir.jpg\",\"contentUrl\":\"https:\\\/\\\/ellington-photo.com\\\/ErosWalker\\\/wp-content\\\/uploads\\\/2025\\\/05\\\/Chat-Noir.jpg\",\"width\":400,\"height\":391,\"caption\":\"Eros Walker Stories\"},\"image\":{\"@id\":\"https:\\\/\\\/ellington-photo.com\\\/ErosWalker\\\/#\\\/schema\\\/logo\\\/image\\\/\"},\"sameAs\":[\"https:\\\/\\\/www.linkedin.com\\\/in\\\/eros-walker-ab710a298\\\/\"]}]}<\/script>\n<!-- \/ Yoast SEO plugin. -->","yoast_head_json":{"title":"Mortelle Cavale (12) - Eros Walker Stories","robots":{"index":"index","follow":"follow","max-snippet":"max-snippet:-1","max-image-preview":"max-image-preview:large","max-video-preview":"max-video-preview:-1"},"canonical":"https:\/\/ellington-photo.com\/ErosWalker\/mortelle-cavale-12\/","og_locale":"fr_FR","og_type":"article","og_title":"Mortelle Cavale (12) - Eros Walker Stories","og_description":"C\u2019est pas une Cadillac Memphis, TennesseeMercredi 1er octobre 1980, 10h00 La semaine n\u2019a pas apport\u00e9 de nouvelle surprise. Nous avons d\u00e9m\u00e9nag\u00e9 au deuxi\u00e8me \u00e9tage, nous avons maintenant chacune notre chambre. Comme Becky passe de plus en plus de temps dehors et rentre chaque nuit un &hellip;","og_url":"https:\/\/ellington-photo.com\/ErosWalker\/mortelle-cavale-12\/","og_site_name":"Eros Walker Stories","article_modified_time":"2024-12-10T16:33:56+00:00","og_image":[{"width":1024,"height":1024,"url":"https:\/\/ellington-photo.com\/ErosWalker\/wp-content\/uploads\/2024\/12\/Designer-24.jpeg","type":"image\/jpeg"}],"twitter_card":"summary_large_image","twitter_misc":{"Dur\u00e9e de lecture estim\u00e9e":"5 minutes"},"schema":{"@context":"https:\/\/schema.org","@graph":[{"@type":"WebPage","@id":"https:\/\/ellington-photo.com\/ErosWalker\/mortelle-cavale-12\/","url":"https:\/\/ellington-photo.com\/ErosWalker\/mortelle-cavale-12\/","name":"Mortelle Cavale (12) - Eros Walker Stories","isPartOf":{"@id":"https:\/\/ellington-photo.com\/ErosWalker\/#website"},"primaryImageOfPage":{"@id":"https:\/\/ellington-photo.com\/ErosWalker\/mortelle-cavale-12\/#primaryimage"},"image":{"@id":"https:\/\/ellington-photo.com\/ErosWalker\/mortelle-cavale-12\/#primaryimage"},"thumbnailUrl":"https:\/\/ellington-photo.com\/ErosWalker\/wp-content\/uploads\/2024\/12\/Designer-24.jpeg","datePublished":"2024-11-28T07:52:04+00:00","dateModified":"2024-12-10T16:33:56+00:00","breadcrumb":{"@id":"https:\/\/ellington-photo.com\/ErosWalker\/mortelle-cavale-12\/#breadcrumb"},"inLanguage":"fr-FR","potentialAction":[{"@type":"ReadAction","target":["https:\/\/ellington-photo.com\/ErosWalker\/mortelle-cavale-12\/"]}]},{"@type":"ImageObject","inLanguage":"fr-FR","@id":"https:\/\/ellington-photo.com\/ErosWalker\/mortelle-cavale-12\/#primaryimage","url":"https:\/\/ellington-photo.com\/ErosWalker\/wp-content\/uploads\/2024\/12\/Designer-24.jpeg","contentUrl":"https:\/\/ellington-photo.com\/ErosWalker\/wp-content\/uploads\/2024\/12\/Designer-24.jpeg","width":1024,"height":1024},{"@type":"BreadcrumbList","@id":"https:\/\/ellington-photo.com\/ErosWalker\/mortelle-cavale-12\/#breadcrumb","itemListElement":[{"@type":"ListItem","position":1,"name":"Accueil","item":"https:\/\/ellington-photo.com\/ErosWalker\/"},{"@type":"ListItem","position":2,"name":"Mortelle Cavale (12)"}]},{"@type":"WebSite","@id":"https:\/\/ellington-photo.com\/ErosWalker\/#website","url":"https:\/\/ellington-photo.com\/ErosWalker\/","name":"Eros Walker Stories","description":"Litt\u00e9rature et images","publisher":{"@id":"https:\/\/ellington-photo.com\/ErosWalker\/#organization"},"potentialAction":[{"@type":"SearchAction","target":{"@type":"EntryPoint","urlTemplate":"https:\/\/ellington-photo.com\/ErosWalker\/?s={search_term_string}"},"query-input":{"@type":"PropertyValueSpecification","valueRequired":true,"valueName":"search_term_string"}}],"inLanguage":"fr-FR"},{"@type":"Organization","@id":"https:\/\/ellington-photo.com\/ErosWalker\/#organization","name":"Eros Walker Stories","url":"https:\/\/ellington-photo.com\/ErosWalker\/","logo":{"@type":"ImageObject","inLanguage":"fr-FR","@id":"https:\/\/ellington-photo.com\/ErosWalker\/#\/schema\/logo\/image\/","url":"https:\/\/ellington-photo.com\/ErosWalker\/wp-content\/uploads\/2025\/05\/Chat-Noir.jpg","contentUrl":"https:\/\/ellington-photo.com\/ErosWalker\/wp-content\/uploads\/2025\/05\/Chat-Noir.jpg","width":400,"height":391,"caption":"Eros Walker Stories"},"image":{"@id":"https:\/\/ellington-photo.com\/ErosWalker\/#\/schema\/logo\/image\/"},"sameAs":["https:\/\/www.linkedin.com\/in\/eros-walker-ab710a298\/"]}]}},"_links":{"self":[{"href":"https:\/\/ellington-photo.com\/ErosWalker\/wp-json\/wp\/v2\/pages\/272","targetHints":{"allow":["GET"]}}],"collection":[{"href":"https:\/\/ellington-photo.com\/ErosWalker\/wp-json\/wp\/v2\/pages"}],"about":[{"href":"https:\/\/ellington-photo.com\/ErosWalker\/wp-json\/wp\/v2\/types\/page"}],"author":[{"embeddable":true,"href":"https:\/\/ellington-photo.com\/ErosWalker\/wp-json\/wp\/v2\/users\/1"}],"replies":[{"embeddable":true,"href":"https:\/\/ellington-photo.com\/ErosWalker\/wp-json\/wp\/v2\/comments?post=272"}],"version-history":[{"count":2,"href":"https:\/\/ellington-photo.com\/ErosWalker\/wp-json\/wp\/v2\/pages\/272\/revisions"}],"predecessor-version":[{"id":287,"href":"https:\/\/ellington-photo.com\/ErosWalker\/wp-json\/wp\/v2\/pages\/272\/revisions\/287"}],"wp:featuredmedia":[{"embeddable":true,"href":"https:\/\/ellington-photo.com\/ErosWalker\/wp-json\/wp\/v2\/media\/339"}],"wp:attachment":[{"href":"https:\/\/ellington-photo.com\/ErosWalker\/wp-json\/wp\/v2\/media?parent=272"}],"curies":[{"name":"wp","href":"https:\/\/api.w.org\/{rel}","templated":true}]}}