{"id":269,"date":"2024-11-28T08:45:15","date_gmt":"2024-11-28T07:45:15","guid":{"rendered":"https:\/\/ellington-photo.com\/ErosWalker\/?page_id=269"},"modified":"2024-12-10T17:01:29","modified_gmt":"2024-12-10T16:01:29","slug":"mortelle-cavale-11","status":"publish","type":"page","link":"https:\/\/ellington-photo.com\/ErosWalker\/mortelle-cavale-11\/","title":{"rendered":"Mortelle Cavale (11)"},"content":{"rendered":"\n<p><strong>Nouvelles perspectives<\/strong><\/p>\n\n\n\n<p><strong>Memphis, Tennessee<\/strong><br><strong>Jeudi 25 septembre 1980, 11h00<\/strong><\/p>\n\n\n\n<p>Ce matin, je me pr\u00e9pare pour mon nouveau boulot. J\u2019ai fait quelques heures d\u2019int\u00e9rim dans un bar ces deux derniers jours, ce qui m\u2019a permis de gagner quelques dollars, mais j\u2019esp\u00e8re que l\u00e0, ce sera plus s\u00e9rieux. Je n\u2019ai pas vraiment eu l\u2019occasion d\u2019\u00e9changer avec Becky les jours pr\u00e9c\u00e9dents. J\u2019\u00e9tais couch\u00e9e quand elle rentrait, et elle dormait encore quand je partais. Hier matin, j\u2019ai trouv\u00e9 cinquante dollars sur la table et encore quarante ce matin. Elle m\u2019a aussi achet\u00e9 des v\u00eatements neufs, un jean, une chemise bleue brod\u00e9e et trois t-shirts. Je n\u2019ose pas imaginer ce qu\u2019elle fait pour gagner autant d\u2019argent. J\u2019\u00e9trenne ma nouvelle tenue, elle a l\u2019\u0153il, elle me va parfaitement.<\/p>\n\n\n\n<p>Ma nouvelle patronne est plut\u00f4t cool. Elle se fait appeler Wendy par ses employ\u00e9s et certains de ses clients. Elle m\u2019explique que le midi, ce sont surtout des habitu\u00e9s qui fr\u00e9quentent l\u2019\u00e9tablissement. Des employ\u00e9s des commerces du quartier pour la plupart. Ils ont leurs petites manies et habitudes. Je la rassure, je sais g\u00e9rer ce genre de pratiques. De fait, le service se d\u00e9roule sans probl\u00e8me. \u00c0 trois heures, c\u2019est la pause, je d\u00e9cide de repasser \u00e0 l\u2019h\u00f4tel pour voir si Becky est l\u00e0. Je la trouve au comptoir, en pleine conversation avec le r\u00e9ceptionniste. C\u2019est toujours le m\u00eame homme, le matin, le midi comme le soir. Peut-\u00eatre qu\u2019il dort sur place. Quand ils me voient entrer, ils s\u2019interrompent. Que sont-ils en train de comploter dans mon dos ? J\u2019indique \u00e0 la jeune femme que je monte dans la chambre et que j\u2019ai un pack de six avec moi. Elle me rejoint quelques minutes plus tard.<\/p>\n\n\n\n<p>\u00ab On ne s\u2019est pas beaucoup vues ces derniers jours, dis-je en lui tendant une bouteille.<\/p>\n\n\n\n<p>\u2014 C\u2019est vrai, tu travailles le jour, et moi la nuit.<\/p>\n\n\n\n<p>\u2014 Merci pour les v\u00eatements, c\u2019est juste ma taille ! Et pour l\u2019argent aussi.<\/p>\n\n\n\n<p>\u2014 On pourrait peut-\u00eatre en profiter pour chercher quelque chose d\u2019un peu plus grand. Mo\u00efse, me dit qu\u2019il y a deux chambres communicantes au deuxi\u00e8me, avec un salle de bain partag\u00e9e.<\/p>\n\n\n\n<p>\u2014 Mo\u00efse, c\u2019est le r\u00e9ceptionniste ?<\/p>\n\n\n\n<p>\u2014 En fait, l\u2019h\u00f4tel lui appartient. Il me donne des conseils pour bosser le soir. \u00bb<\/p>\n\n\n\n<p>Allons bon, je croyais que nous \u00e9tions dans un \u00e9tablissement honn\u00eate.<\/p>\n\n\n\n<p>\u00ab Rassure-toi, il n\u2019y a pas de filles qui travaillent ici, compl\u00e8te Becky en voyant mon air maussade. Mo\u00efse a pas mal d\u2019amis dans le quartier, mais ce n\u2019est pas un prox\u00e9n\u00e8te. Il m\u2019a donn\u00e9 quelques adresses.<\/p>\n\n\n\n<p>\u2014 Je n\u2019aime pas ce que tu fais, Becky, tu le sais. Tu pourrais trouver un travail plus convenable.<\/p>\n\n\n\n<p>\u2014 Je n\u2019ai pas envie de trimer dix heures pas jour pour gagner trente dollars \u00e0 la fin de la journ\u00e9e, quand je peux me faire quatre fois plus dans la soir\u00e9e, et me faire payer \u00e0 boire en prime.<\/p>\n\n\n\n<p>\u2014 Il faudra combien de temps avant que tu te fasses mettre le grapin dessus par un nouveau mac ? C\u2019est bien pour \u00e7a que tu as quitt\u00e9 Jackson sans rien emporter ? Ton copain qui avait un automatique !<\/p>\n\n\n\n<p>\u2014 Je ne risque rien si je bouge tout le temps. Mo\u00efse m\u2019a donn\u00e9 des tuyaux s\u00e9rieux, des endroits <em>safe<\/em>.<\/p>\n\n\n\n<p>\u2014 Il te faudra combien de temps pour en avoir fait le tour ? Et apr\u00e8s il te faudra encore prendre la route !<\/p>\n\n\n\n<p>\u2014 Et toi, qui te balade avec pour tout bagage un roman et un flingue, tu fuis qui ? \u00bb<\/p>\n\n\n\n<p>Touch\u00e9, qui suis-je pour lui apprendre la vie ? J\u2019ai agress\u00e9 deux types et tir\u00e9 sur un troisi\u00e8me, en moins de vingt-quatre heures. Je d\u00e9cide de lui raconter ce qui s\u2019est pass\u00e9 le week-end dernier.<\/p>\n\n\n\n<p>\u00ab Tu vois, on est dans la m\u00eame gal\u00e8re ! On reste ici une semaine et puis on fout le camp, avant qu\u2019on s\u2019int\u00e9resse trop \u00e0 nous. Si on ne d\u00e9pense pas tout, je peux rapporter cinq cents dollars d\u2019ici l\u00e0. On pourra s\u2019acheter une vieille caisse d\u2019occasion. J\u2019ai pas envie de continuer en bus.<\/p>\n\n\n\n<p>\u2014 Tu voudrais aller o\u00f9 ?<\/p>\n\n\n\n<p>\u2014 Je ne sais pas, je m\u2019en fous, dans l\u2019Arkansas ou le Missouri ! C\u2019est pareil, de toute fa\u00e7on. On connait personne et personne ne nous connait. \u00bb<\/p>\n\n\n\n<p>C\u2019est idiot, mais je sens que je commence \u00e0 m\u2019attacher \u00e0 cette gamine. \u00c0 son \u00e2ge, j\u2019\u00e9tais d\u00e9j\u00e0 mari\u00e9e et j\u2019avais une petite vie modeste, mais tranquille. Elle, elle n\u2019a personne et si je ne veille pas un peu sur elle, elle finira t\u00f4t ou tard sur le trottoir.<\/p>\n\n\n\n<p><\/p>\n\n\n\n<p>Continuer la lecture : <a href=\"https:\/\/ellington-photo.com\/ErosWalker\/mortelle-cavale-12\/\">https:\/\/ellington-photo.com\/ErosWalker\/mortelle-cavale-12\/<\/a><\/p>\n\n\n\n<p><\/p>\n","protected":false},"excerpt":{"rendered":"<p>Nouvelles perspectives Memphis, TennesseeJeudi 25 septembre 1980, 11h00 Ce matin, je me pr\u00e9pare pour mon nouveau boulot. J\u2019ai fait quelques heures d\u2019int\u00e9rim dans un bar ces deux derniers jours, ce qui m\u2019a permis de gagner quelques dollars, mais j\u2019esp\u00e8re que l\u00e0, ce sera plus s\u00e9rieux. &hellip; <\/p>\n","protected":false},"author":1,"featured_media":338,"parent":0,"menu_order":0,"comment_status":"closed","ping_status":"closed","template":"","meta":{"footnotes":""},"class_list":["post-269","page","type-page","status-publish","has-post-thumbnail","hentry"],"yoast_head":"<!-- This site is optimized with the Yoast SEO plugin v27.4 - https:\/\/yoast.com\/product\/yoast-seo-wordpress\/ -->\n<title>Mortelle Cavale (11) - Eros Walker Stories<\/title>\n<meta name=\"robots\" content=\"index, follow, max-snippet:-1, max-image-preview:large, max-video-preview:-1\" \/>\n<link rel=\"canonical\" href=\"https:\/\/ellington-photo.com\/ErosWalker\/mortelle-cavale-11\/\" \/>\n<meta property=\"og:locale\" content=\"fr_FR\" \/>\n<meta property=\"og:type\" content=\"article\" \/>\n<meta property=\"og:title\" content=\"Mortelle Cavale (11) - Eros Walker Stories\" \/>\n<meta property=\"og:description\" content=\"Nouvelles perspectives Memphis, TennesseeJeudi 25 septembre 1980, 11h00 Ce matin, je me pr\u00e9pare pour mon nouveau boulot. J\u2019ai fait quelques heures d\u2019int\u00e9rim dans un bar ces deux derniers jours, ce qui m\u2019a permis de gagner quelques dollars, mais j\u2019esp\u00e8re que l\u00e0, ce sera plus s\u00e9rieux. &hellip;\" \/>\n<meta property=\"og:url\" content=\"https:\/\/ellington-photo.com\/ErosWalker\/mortelle-cavale-11\/\" \/>\n<meta property=\"og:site_name\" content=\"Eros Walker Stories\" \/>\n<meta property=\"article:modified_time\" content=\"2024-12-10T16:01:29+00:00\" \/>\n<meta property=\"og:image\" content=\"https:\/\/ellington-photo.com\/ErosWalker\/wp-content\/uploads\/2024\/12\/Designer-23-e1733846470851.jpeg\" \/>\n\t<meta property=\"og:image:width\" content=\"1022\" \/>\n\t<meta property=\"og:image:height\" content=\"826\" \/>\n\t<meta property=\"og:image:type\" content=\"image\/jpeg\" \/>\n<meta name=\"twitter:card\" content=\"summary_large_image\" \/>\n<meta name=\"twitter:label1\" content=\"Dur\u00e9e de lecture estim\u00e9e\" \/>\n\t<meta name=\"twitter:data1\" content=\"4 minutes\" \/>\n<script type=\"application\/ld+json\" class=\"yoast-schema-graph\">{\"@context\":\"https:\\\/\\\/schema.org\",\"@graph\":[{\"@type\":\"WebPage\",\"@id\":\"https:\\\/\\\/ellington-photo.com\\\/ErosWalker\\\/mortelle-cavale-11\\\/\",\"url\":\"https:\\\/\\\/ellington-photo.com\\\/ErosWalker\\\/mortelle-cavale-11\\\/\",\"name\":\"Mortelle Cavale (11) - Eros Walker Stories\",\"isPartOf\":{\"@id\":\"https:\\\/\\\/ellington-photo.com\\\/ErosWalker\\\/#website\"},\"primaryImageOfPage\":{\"@id\":\"https:\\\/\\\/ellington-photo.com\\\/ErosWalker\\\/mortelle-cavale-11\\\/#primaryimage\"},\"image\":{\"@id\":\"https:\\\/\\\/ellington-photo.com\\\/ErosWalker\\\/mortelle-cavale-11\\\/#primaryimage\"},\"thumbnailUrl\":\"https:\\\/\\\/ellington-photo.com\\\/ErosWalker\\\/wp-content\\\/uploads\\\/2024\\\/12\\\/Designer-23-e1733846470851.jpeg\",\"datePublished\":\"2024-11-28T07:45:15+00:00\",\"dateModified\":\"2024-12-10T16:01:29+00:00\",\"breadcrumb\":{\"@id\":\"https:\\\/\\\/ellington-photo.com\\\/ErosWalker\\\/mortelle-cavale-11\\\/#breadcrumb\"},\"inLanguage\":\"fr-FR\",\"potentialAction\":[{\"@type\":\"ReadAction\",\"target\":[\"https:\\\/\\\/ellington-photo.com\\\/ErosWalker\\\/mortelle-cavale-11\\\/\"]}]},{\"@type\":\"ImageObject\",\"inLanguage\":\"fr-FR\",\"@id\":\"https:\\\/\\\/ellington-photo.com\\\/ErosWalker\\\/mortelle-cavale-11\\\/#primaryimage\",\"url\":\"https:\\\/\\\/ellington-photo.com\\\/ErosWalker\\\/wp-content\\\/uploads\\\/2024\\\/12\\\/Designer-23-e1733846470851.jpeg\",\"contentUrl\":\"https:\\\/\\\/ellington-photo.com\\\/ErosWalker\\\/wp-content\\\/uploads\\\/2024\\\/12\\\/Designer-23-e1733846470851.jpeg\",\"width\":1022,\"height\":826},{\"@type\":\"BreadcrumbList\",\"@id\":\"https:\\\/\\\/ellington-photo.com\\\/ErosWalker\\\/mortelle-cavale-11\\\/#breadcrumb\",\"itemListElement\":[{\"@type\":\"ListItem\",\"position\":1,\"name\":\"Accueil\",\"item\":\"https:\\\/\\\/ellington-photo.com\\\/ErosWalker\\\/\"},{\"@type\":\"ListItem\",\"position\":2,\"name\":\"Mortelle Cavale (11)\"}]},{\"@type\":\"WebSite\",\"@id\":\"https:\\\/\\\/ellington-photo.com\\\/ErosWalker\\\/#website\",\"url\":\"https:\\\/\\\/ellington-photo.com\\\/ErosWalker\\\/\",\"name\":\"Eros Walker Stories\",\"description\":\"Litt\u00e9rature et images\",\"publisher\":{\"@id\":\"https:\\\/\\\/ellington-photo.com\\\/ErosWalker\\\/#organization\"},\"potentialAction\":[{\"@type\":\"SearchAction\",\"target\":{\"@type\":\"EntryPoint\",\"urlTemplate\":\"https:\\\/\\\/ellington-photo.com\\\/ErosWalker\\\/?s={search_term_string}\"},\"query-input\":{\"@type\":\"PropertyValueSpecification\",\"valueRequired\":true,\"valueName\":\"search_term_string\"}}],\"inLanguage\":\"fr-FR\"},{\"@type\":\"Organization\",\"@id\":\"https:\\\/\\\/ellington-photo.com\\\/ErosWalker\\\/#organization\",\"name\":\"Eros Walker Stories\",\"url\":\"https:\\\/\\\/ellington-photo.com\\\/ErosWalker\\\/\",\"logo\":{\"@type\":\"ImageObject\",\"inLanguage\":\"fr-FR\",\"@id\":\"https:\\\/\\\/ellington-photo.com\\\/ErosWalker\\\/#\\\/schema\\\/logo\\\/image\\\/\",\"url\":\"https:\\\/\\\/ellington-photo.com\\\/ErosWalker\\\/wp-content\\\/uploads\\\/2025\\\/05\\\/Chat-Noir.jpg\",\"contentUrl\":\"https:\\\/\\\/ellington-photo.com\\\/ErosWalker\\\/wp-content\\\/uploads\\\/2025\\\/05\\\/Chat-Noir.jpg\",\"width\":400,\"height\":391,\"caption\":\"Eros Walker Stories\"},\"image\":{\"@id\":\"https:\\\/\\\/ellington-photo.com\\\/ErosWalker\\\/#\\\/schema\\\/logo\\\/image\\\/\"},\"sameAs\":[\"https:\\\/\\\/www.linkedin.com\\\/in\\\/eros-walker-ab710a298\\\/\"]}]}<\/script>\n<!-- \/ Yoast SEO plugin. -->","yoast_head_json":{"title":"Mortelle Cavale (11) - Eros Walker Stories","robots":{"index":"index","follow":"follow","max-snippet":"max-snippet:-1","max-image-preview":"max-image-preview:large","max-video-preview":"max-video-preview:-1"},"canonical":"https:\/\/ellington-photo.com\/ErosWalker\/mortelle-cavale-11\/","og_locale":"fr_FR","og_type":"article","og_title":"Mortelle Cavale (11) - Eros Walker Stories","og_description":"Nouvelles perspectives Memphis, TennesseeJeudi 25 septembre 1980, 11h00 Ce matin, je me pr\u00e9pare pour mon nouveau boulot. J\u2019ai fait quelques heures d\u2019int\u00e9rim dans un bar ces deux derniers jours, ce qui m\u2019a permis de gagner quelques dollars, mais j\u2019esp\u00e8re que l\u00e0, ce sera plus s\u00e9rieux. &hellip;","og_url":"https:\/\/ellington-photo.com\/ErosWalker\/mortelle-cavale-11\/","og_site_name":"Eros Walker Stories","article_modified_time":"2024-12-10T16:01:29+00:00","og_image":[{"width":1022,"height":826,"url":"https:\/\/ellington-photo.com\/ErosWalker\/wp-content\/uploads\/2024\/12\/Designer-23-e1733846470851.jpeg","type":"image\/jpeg"}],"twitter_card":"summary_large_image","twitter_misc":{"Dur\u00e9e de lecture estim\u00e9e":"4 minutes"},"schema":{"@context":"https:\/\/schema.org","@graph":[{"@type":"WebPage","@id":"https:\/\/ellington-photo.com\/ErosWalker\/mortelle-cavale-11\/","url":"https:\/\/ellington-photo.com\/ErosWalker\/mortelle-cavale-11\/","name":"Mortelle Cavale (11) - Eros Walker Stories","isPartOf":{"@id":"https:\/\/ellington-photo.com\/ErosWalker\/#website"},"primaryImageOfPage":{"@id":"https:\/\/ellington-photo.com\/ErosWalker\/mortelle-cavale-11\/#primaryimage"},"image":{"@id":"https:\/\/ellington-photo.com\/ErosWalker\/mortelle-cavale-11\/#primaryimage"},"thumbnailUrl":"https:\/\/ellington-photo.com\/ErosWalker\/wp-content\/uploads\/2024\/12\/Designer-23-e1733846470851.jpeg","datePublished":"2024-11-28T07:45:15+00:00","dateModified":"2024-12-10T16:01:29+00:00","breadcrumb":{"@id":"https:\/\/ellington-photo.com\/ErosWalker\/mortelle-cavale-11\/#breadcrumb"},"inLanguage":"fr-FR","potentialAction":[{"@type":"ReadAction","target":["https:\/\/ellington-photo.com\/ErosWalker\/mortelle-cavale-11\/"]}]},{"@type":"ImageObject","inLanguage":"fr-FR","@id":"https:\/\/ellington-photo.com\/ErosWalker\/mortelle-cavale-11\/#primaryimage","url":"https:\/\/ellington-photo.com\/ErosWalker\/wp-content\/uploads\/2024\/12\/Designer-23-e1733846470851.jpeg","contentUrl":"https:\/\/ellington-photo.com\/ErosWalker\/wp-content\/uploads\/2024\/12\/Designer-23-e1733846470851.jpeg","width":1022,"height":826},{"@type":"BreadcrumbList","@id":"https:\/\/ellington-photo.com\/ErosWalker\/mortelle-cavale-11\/#breadcrumb","itemListElement":[{"@type":"ListItem","position":1,"name":"Accueil","item":"https:\/\/ellington-photo.com\/ErosWalker\/"},{"@type":"ListItem","position":2,"name":"Mortelle Cavale (11)"}]},{"@type":"WebSite","@id":"https:\/\/ellington-photo.com\/ErosWalker\/#website","url":"https:\/\/ellington-photo.com\/ErosWalker\/","name":"Eros Walker Stories","description":"Litt\u00e9rature et images","publisher":{"@id":"https:\/\/ellington-photo.com\/ErosWalker\/#organization"},"potentialAction":[{"@type":"SearchAction","target":{"@type":"EntryPoint","urlTemplate":"https:\/\/ellington-photo.com\/ErosWalker\/?s={search_term_string}"},"query-input":{"@type":"PropertyValueSpecification","valueRequired":true,"valueName":"search_term_string"}}],"inLanguage":"fr-FR"},{"@type":"Organization","@id":"https:\/\/ellington-photo.com\/ErosWalker\/#organization","name":"Eros Walker Stories","url":"https:\/\/ellington-photo.com\/ErosWalker\/","logo":{"@type":"ImageObject","inLanguage":"fr-FR","@id":"https:\/\/ellington-photo.com\/ErosWalker\/#\/schema\/logo\/image\/","url":"https:\/\/ellington-photo.com\/ErosWalker\/wp-content\/uploads\/2025\/05\/Chat-Noir.jpg","contentUrl":"https:\/\/ellington-photo.com\/ErosWalker\/wp-content\/uploads\/2025\/05\/Chat-Noir.jpg","width":400,"height":391,"caption":"Eros Walker Stories"},"image":{"@id":"https:\/\/ellington-photo.com\/ErosWalker\/#\/schema\/logo\/image\/"},"sameAs":["https:\/\/www.linkedin.com\/in\/eros-walker-ab710a298\/"]}]}},"_links":{"self":[{"href":"https:\/\/ellington-photo.com\/ErosWalker\/wp-json\/wp\/v2\/pages\/269","targetHints":{"allow":["GET"]}}],"collection":[{"href":"https:\/\/ellington-photo.com\/ErosWalker\/wp-json\/wp\/v2\/pages"}],"about":[{"href":"https:\/\/ellington-photo.com\/ErosWalker\/wp-json\/wp\/v2\/types\/page"}],"author":[{"embeddable":true,"href":"https:\/\/ellington-photo.com\/ErosWalker\/wp-json\/wp\/v2\/users\/1"}],"replies":[{"embeddable":true,"href":"https:\/\/ellington-photo.com\/ErosWalker\/wp-json\/wp\/v2\/comments?post=269"}],"version-history":[{"count":4,"href":"https:\/\/ellington-photo.com\/ErosWalker\/wp-json\/wp\/v2\/pages\/269\/revisions"}],"predecessor-version":[{"id":283,"href":"https:\/\/ellington-photo.com\/ErosWalker\/wp-json\/wp\/v2\/pages\/269\/revisions\/283"}],"wp:featuredmedia":[{"embeddable":true,"href":"https:\/\/ellington-photo.com\/ErosWalker\/wp-json\/wp\/v2\/media\/338"}],"wp:attachment":[{"href":"https:\/\/ellington-photo.com\/ErosWalker\/wp-json\/wp\/v2\/media?parent=269"}],"curies":[{"name":"wp","href":"https:\/\/api.w.org\/{rel}","templated":true}]}}