{"id":262,"date":"2024-11-26T16:37:13","date_gmt":"2024-11-26T15:37:13","guid":{"rendered":"https:\/\/ellington-photo.com\/ErosWalker\/?page_id=262"},"modified":"2024-12-09T17:31:48","modified_gmt":"2024-12-09T16:31:48","slug":"mortelle-cavale-9","status":"publish","type":"page","link":"https:\/\/ellington-photo.com\/ErosWalker\/mortelle-cavale-9\/","title":{"rendered":"Mortelle Cavale (9)"},"content":{"rendered":"\n<p><strong>Indiscr\u00e9tion<\/strong><\/p>\n\n\n\n<p><strong>Memphis, Tennessee<\/strong><br><strong>Lundi 22 septembre 1980, 15h00<\/strong><\/p>\n\n\n\n<p>Nous arrivons enfin \u00e0 Memphis. Je descends du bus avec mon petit sac de voyage. Becky est sur mes talons. Elle va chercher son bagage, une vieille valise en carton qui ne doit pas contenir beaucoup plus de v\u00eatements que mon sac. Pas la peine de compter sur elle pour me d\u00e9panner. Nous sortons du terminal et je m\u2019aper\u00e7ois que nous sommes \u00e0 proximit\u00e9 de l\u2019a\u00e9roport. Je me renseigne aupr\u00e8s d\u2019un employ\u00e9. Le centre ville est encore \u00e0 quinze kilom\u00e8tres. Il me sugg\u00e8re d\u2019aller prendre la navette qui dessert l\u2019a\u00e9roport, il y a un arr\u00eat \u00e0 proximit\u00e9. Nous attendons un moment en compagnie de quelques autres voyageurs pas mieux organis\u00e9s que nous. Nous avons le temps d\u2019\u00e9changer quelques mots et j\u2019obtiens l\u2019adresse d\u2019un h\u00f4tel bon march\u00e9, pas tr\u00e8s loin de Beale Street, r\u00e9put\u00e9e pour ses nombreux \u00e9tablissements consacr\u00e9s \u00e0 la musique. Becky est toute excit\u00e9e \u00e0 cette id\u00e9e. J\u2019essaie de mod\u00e9rer son enthousiasme. Nos finances ne nous permettrons pas de payer plus de trois ou quatre nuits. Il nous faudra imp\u00e9rativement trouver une source de revenus. Pour ce qui me concerne, je ne m\u2019inqui\u00e8te pas trop, dans une ville de cette taille, je trouverai sans doute un job de serveuse, mais je n\u2019ai pas l\u2019intention d\u2019entretenir Becky. Il lui faudra aussi trouver quelque chose. Je l\u2019interroge \u00e0 ce sujet. Sa r\u00e9ponse me semble un peu \u00e9vasive. Quand je lui demande qui payait sa pension \u00e0 Jackson, elle \u00e9lude la question. Je d\u00e9cide d\u2019abandonner la discussion. Notre bus arrive enfin. Trois quarts d\u2019heure plus tard, apr\u00e8s avoir travers\u00e9 toutes les banlieues de la ville, nous voil\u00e0 enfin au c\u0153ur de la cit\u00e9. Nous avons mang\u00e9 un sandwich sur le trajet, mais je meurs de faim. Je ne peux pas attendre l\u2019heure du diner. J\u2019entraine Becky dans un diner et je commande un sandwich et des pancakes, avec un grand soda. Becky est aussi affam\u00e9e que moi. Pendant que nous mangeons, je reviens sur le sujet de ses ressources. \u00c0 son \u00e2ge, je travaillais dans une boutique depuis quatre ans. Je ne gagnais pas beaucoup, mais tout de m\u00eame de quoi vivre modestement. Je n\u2019en apprends gu\u00e8re plus. Elle m\u2019explique qu\u2019elle a travaill\u00e9 dans des bars et des bo\u00eetes de nuit, de fa\u00e7on occasionnelle. Je commence \u00e0 m\u2019inqui\u00e9ter un peu, mais apr\u00e8s tout, nous ne sommes pas li\u00e9es pour la vie.<\/p>\n\n\n\n<p>L\u2019h\u00f4tel se situe dans une petite rue un peu en retrait de Beale Street. C\u2019est une construction de briques rouges \u00e9troite avec une entr\u00e9e accessible par quelques marches. La r\u00e9ception se limite \u00e0 un petit comptoir de bois derri\u00e8re lequel somnole un vieil homme noir. Je toussote pour attirer son attention. Il se redresse et nous consid\u00e8re avec surprise. Nous ne sommes visiblement pas le genre de clients qu\u2019il accueille habituellement. Je me pr\u00e9sente et j\u2019explique que je voyage avec ma s\u0153ur. Je lui demande s\u2019il a une chambre avec deux lits pour cinq nuits. Il chausse des lunettes et consulte un registre.<\/p>\n\n\n\n<p>\u00ab Je peux vous proposer la 12. C\u2019est au premier \u00e9tage, il y a un lavabo dans la chambre mais les toilettes et la salle de bains sont sur le palier. Pour cinq nuits, \u00e7a vous fera cent vingt cinq dollars et je vous demanderai de payer les deux premi\u00e8res nuit d\u2019avance. \u00bb<\/p>\n\n\n\n<p>Je regarde Becky. Elle me fait un signe d\u2019approbation. Je tends cinq billets de dix \u00e0 l\u2019homme qui nous donne la cl\u00e9. Nous montons un escalier \u00e9troit \u00e0 la moquette us\u00e9e jusqu\u2019\u00e0 la corde. La chambre 12 est juste en face de nous. La pi\u00e8ce a de toute \u00e9vidence connu des jours meilleurs, mais dans l\u2019ensemble, c\u2019est propre et il n\u2019y a pas d\u2019odeur d\u00e9plaisante. Becky se jette sur le lit le plus proche de la fen\u00eatre. Je pose mon sac et je m\u2019assieds sur l\u2019autre pieu. Le matelas s\u2019enfonce un peu, mais pas trop. Je cherche du regard o\u00f9 ranger mes maigres possessions. Je ne vois rien, en dehors d\u2019une petite table et d\u2019une chaise. Je sors des sous-v\u00eatements propres et mes affaires de toilette et annonce \u00e0 Becky que je vais prendre une douche.<\/p>\n\n\n\n<p>Je reviens dix minutes plus tard, les cheveux envelopp\u00e9s dans une serviette. Becky est assise sur mon lit, le flingue \u00e0 la main.<\/p>\n\n\n\n<p>\u00ab Qu\u2019est-ce que tu fous avec \u00e7a ! m\u2019\u00e9cri\u00e9-je. Tu as fouill\u00e9 dans mon sac ?<\/p>\n\n\n\n<p>\u2014 Tu l\u2019avais laiss\u00e9 ouvert, je voulais lire quelques pages de ton roman et j\u2019ai vu la crosse du revolver. Tu sais t\u2019en servir ? Tu l\u2019as d\u00e9j\u00e0 utilis\u00e9 ? \u00bb<\/p>\n\n\n\n<p>Je m\u2019approche doucement et je lui prends l\u2019arme des mains.<\/p>\n\n\n\n<p>\u00ab Oui, je sais m\u2019en servir et oui, je l\u2019ai d\u00e9j\u00e0 utilis\u00e9. Tu vois, il manque une balle. Je lui montre la chambre vide.<\/p>\n\n\n\n<p>\u2014 G\u00e9nial, tu me racontes ? C\u2019\u00e9tait contre qui ? Tu as braqu\u00e9 une banque avec ?<\/p>\n\n\n\n<p>\u2014 Qu\u2019est-ce que tu vas imaginer ? Si j\u2019avais braqu\u00e9 une banque, je ne voyagerais pas avec cent dollars en poche soupir\u00e9-je.<\/p>\n\n\n\n<p>\u2014 Alors, tu as tir\u00e9 sur qui ? \u00bb<\/p>\n\n\n\n<p>Je pr\u00e9f\u00e8re m\u2019en tirer par un mensonge. Je ne vais pas lui raconter ce qui s\u2019est pass\u00e9 dans la for\u00eat.<\/p>\n\n\n\n<p>\u00ab J\u2019ai tir\u00e9 en l\u2019air pour d\u00e9courager deux types qui me collaient un peu trop dans la rue.<\/p>\n\n\n\n<p>\u2014 S\u00e9rieux ? La vache ! Moi aussi j\u2019ai eu copain qui en avait un, c\u2019\u00e9tait un automatique\u2026 \u00bb<\/p>\n\n\n\n<p>En disant cela, elle s\u2019interrompt soudain et se mord la l\u00e8vre. Je capte le message, mais ne r\u00e9agis pas. Cette fille me cache quelque chose, trop t\u00f4t pour chercher \u00e0 en savoir plus. Je remets le Smith &amp; Wesson dans mon sac et je ferme la fermeture avant de le glisser sous mon lit. Je la sermonne pour le principe. Je lui propose de nous habiller pour sortir. Pour ce qui me concerne, le choix est vite fait. Elle ouvre sa petite valise. Elle en sort une mini-jupe et un haut ajust\u00e9 qui lui laisse les \u00e9paules nues. Elle se d\u00e9shabille devant moi sans fa\u00e7on. Mes soup\u00e7ons se renforcent, mais ce n\u2019est pas le moment d\u2019en parler. C\u2019est l\u2019heure de faire la tourn\u00e9e des bars, \u00e0 la recherche d\u2019un boulot.<\/p>\n\n\n\n<p><\/p>\n\n\n\n<p>Continuer la lecture : <a href=\"https:\/\/ellington-photo.com\/ErosWalker\/mortelle-cavale-10\/\">https:\/\/ellington-photo.com\/ErosWalker\/mortelle-cavale-10\/<\/a><\/p>\n\n\n\n<p><\/p>\n","protected":false},"excerpt":{"rendered":"<p>Indiscr\u00e9tion Memphis, TennesseeLundi 22 septembre 1980, 15h00 Nous arrivons enfin \u00e0 Memphis. Je descends du bus avec mon petit sac de voyage. Becky est sur mes talons. Elle va chercher son bagage, une vieille valise en carton qui ne doit pas contenir beaucoup plus de &hellip; <\/p>\n","protected":false},"author":1,"featured_media":335,"parent":0,"menu_order":0,"comment_status":"closed","ping_status":"closed","template":"","meta":{"footnotes":""},"class_list":["post-262","page","type-page","status-publish","has-post-thumbnail","hentry"],"yoast_head":"<!-- This site is optimized with the Yoast SEO plugin v27.4 - https:\/\/yoast.com\/product\/yoast-seo-wordpress\/ -->\n<title>Mortelle Cavale (9) - Eros Walker Stories<\/title>\n<meta name=\"robots\" content=\"index, follow, max-snippet:-1, max-image-preview:large, max-video-preview:-1\" \/>\n<link rel=\"canonical\" href=\"https:\/\/ellington-photo.com\/ErosWalker\/mortelle-cavale-9\/\" \/>\n<meta property=\"og:locale\" content=\"fr_FR\" \/>\n<meta property=\"og:type\" content=\"article\" \/>\n<meta property=\"og:title\" content=\"Mortelle Cavale (9) - Eros Walker Stories\" \/>\n<meta property=\"og:description\" content=\"Indiscr\u00e9tion Memphis, TennesseeLundi 22 septembre 1980, 15h00 Nous arrivons enfin \u00e0 Memphis. Je descends du bus avec mon petit sac de voyage. Becky est sur mes talons. Elle va chercher son bagage, une vieille valise en carton qui ne doit pas contenir beaucoup plus de &hellip;\" \/>\n<meta property=\"og:url\" content=\"https:\/\/ellington-photo.com\/ErosWalker\/mortelle-cavale-9\/\" \/>\n<meta property=\"og:site_name\" content=\"Eros Walker Stories\" \/>\n<meta property=\"article:modified_time\" content=\"2024-12-09T16:31:48+00:00\" \/>\n<meta property=\"og:image\" content=\"https:\/\/ellington-photo.com\/ErosWalker\/wp-content\/uploads\/2024\/12\/Designer-20.jpeg\" \/>\n\t<meta property=\"og:image:width\" content=\"1024\" \/>\n\t<meta property=\"og:image:height\" content=\"1024\" \/>\n\t<meta property=\"og:image:type\" content=\"image\/jpeg\" \/>\n<meta name=\"twitter:card\" content=\"summary_large_image\" \/>\n<meta name=\"twitter:label1\" content=\"Dur\u00e9e de lecture estim\u00e9e\" \/>\n\t<meta name=\"twitter:data1\" content=\"6 minutes\" \/>\n<script type=\"application\/ld+json\" class=\"yoast-schema-graph\">{\"@context\":\"https:\\\/\\\/schema.org\",\"@graph\":[{\"@type\":\"WebPage\",\"@id\":\"https:\\\/\\\/ellington-photo.com\\\/ErosWalker\\\/mortelle-cavale-9\\\/\",\"url\":\"https:\\\/\\\/ellington-photo.com\\\/ErosWalker\\\/mortelle-cavale-9\\\/\",\"name\":\"Mortelle Cavale (9) - Eros Walker Stories\",\"isPartOf\":{\"@id\":\"https:\\\/\\\/ellington-photo.com\\\/ErosWalker\\\/#website\"},\"primaryImageOfPage\":{\"@id\":\"https:\\\/\\\/ellington-photo.com\\\/ErosWalker\\\/mortelle-cavale-9\\\/#primaryimage\"},\"image\":{\"@id\":\"https:\\\/\\\/ellington-photo.com\\\/ErosWalker\\\/mortelle-cavale-9\\\/#primaryimage\"},\"thumbnailUrl\":\"https:\\\/\\\/ellington-photo.com\\\/ErosWalker\\\/wp-content\\\/uploads\\\/2024\\\/12\\\/Designer-20.jpeg\",\"datePublished\":\"2024-11-26T15:37:13+00:00\",\"dateModified\":\"2024-12-09T16:31:48+00:00\",\"breadcrumb\":{\"@id\":\"https:\\\/\\\/ellington-photo.com\\\/ErosWalker\\\/mortelle-cavale-9\\\/#breadcrumb\"},\"inLanguage\":\"fr-FR\",\"potentialAction\":[{\"@type\":\"ReadAction\",\"target\":[\"https:\\\/\\\/ellington-photo.com\\\/ErosWalker\\\/mortelle-cavale-9\\\/\"]}]},{\"@type\":\"ImageObject\",\"inLanguage\":\"fr-FR\",\"@id\":\"https:\\\/\\\/ellington-photo.com\\\/ErosWalker\\\/mortelle-cavale-9\\\/#primaryimage\",\"url\":\"https:\\\/\\\/ellington-photo.com\\\/ErosWalker\\\/wp-content\\\/uploads\\\/2024\\\/12\\\/Designer-20.jpeg\",\"contentUrl\":\"https:\\\/\\\/ellington-photo.com\\\/ErosWalker\\\/wp-content\\\/uploads\\\/2024\\\/12\\\/Designer-20.jpeg\",\"width\":1024,\"height\":1024},{\"@type\":\"BreadcrumbList\",\"@id\":\"https:\\\/\\\/ellington-photo.com\\\/ErosWalker\\\/mortelle-cavale-9\\\/#breadcrumb\",\"itemListElement\":[{\"@type\":\"ListItem\",\"position\":1,\"name\":\"Accueil\",\"item\":\"https:\\\/\\\/ellington-photo.com\\\/ErosWalker\\\/\"},{\"@type\":\"ListItem\",\"position\":2,\"name\":\"Mortelle Cavale (9)\"}]},{\"@type\":\"WebSite\",\"@id\":\"https:\\\/\\\/ellington-photo.com\\\/ErosWalker\\\/#website\",\"url\":\"https:\\\/\\\/ellington-photo.com\\\/ErosWalker\\\/\",\"name\":\"Eros Walker Stories\",\"description\":\"Litt\u00e9rature et images\",\"publisher\":{\"@id\":\"https:\\\/\\\/ellington-photo.com\\\/ErosWalker\\\/#organization\"},\"potentialAction\":[{\"@type\":\"SearchAction\",\"target\":{\"@type\":\"EntryPoint\",\"urlTemplate\":\"https:\\\/\\\/ellington-photo.com\\\/ErosWalker\\\/?s={search_term_string}\"},\"query-input\":{\"@type\":\"PropertyValueSpecification\",\"valueRequired\":true,\"valueName\":\"search_term_string\"}}],\"inLanguage\":\"fr-FR\"},{\"@type\":\"Organization\",\"@id\":\"https:\\\/\\\/ellington-photo.com\\\/ErosWalker\\\/#organization\",\"name\":\"Eros Walker Stories\",\"url\":\"https:\\\/\\\/ellington-photo.com\\\/ErosWalker\\\/\",\"logo\":{\"@type\":\"ImageObject\",\"inLanguage\":\"fr-FR\",\"@id\":\"https:\\\/\\\/ellington-photo.com\\\/ErosWalker\\\/#\\\/schema\\\/logo\\\/image\\\/\",\"url\":\"https:\\\/\\\/ellington-photo.com\\\/ErosWalker\\\/wp-content\\\/uploads\\\/2025\\\/05\\\/Chat-Noir.jpg\",\"contentUrl\":\"https:\\\/\\\/ellington-photo.com\\\/ErosWalker\\\/wp-content\\\/uploads\\\/2025\\\/05\\\/Chat-Noir.jpg\",\"width\":400,\"height\":391,\"caption\":\"Eros Walker Stories\"},\"image\":{\"@id\":\"https:\\\/\\\/ellington-photo.com\\\/ErosWalker\\\/#\\\/schema\\\/logo\\\/image\\\/\"},\"sameAs\":[\"https:\\\/\\\/www.linkedin.com\\\/in\\\/eros-walker-ab710a298\\\/\"]}]}<\/script>\n<!-- \/ Yoast SEO plugin. -->","yoast_head_json":{"title":"Mortelle Cavale (9) - Eros Walker Stories","robots":{"index":"index","follow":"follow","max-snippet":"max-snippet:-1","max-image-preview":"max-image-preview:large","max-video-preview":"max-video-preview:-1"},"canonical":"https:\/\/ellington-photo.com\/ErosWalker\/mortelle-cavale-9\/","og_locale":"fr_FR","og_type":"article","og_title":"Mortelle Cavale (9) - Eros Walker Stories","og_description":"Indiscr\u00e9tion Memphis, TennesseeLundi 22 septembre 1980, 15h00 Nous arrivons enfin \u00e0 Memphis. Je descends du bus avec mon petit sac de voyage. Becky est sur mes talons. Elle va chercher son bagage, une vieille valise en carton qui ne doit pas contenir beaucoup plus de &hellip;","og_url":"https:\/\/ellington-photo.com\/ErosWalker\/mortelle-cavale-9\/","og_site_name":"Eros Walker Stories","article_modified_time":"2024-12-09T16:31:48+00:00","og_image":[{"width":1024,"height":1024,"url":"https:\/\/ellington-photo.com\/ErosWalker\/wp-content\/uploads\/2024\/12\/Designer-20.jpeg","type":"image\/jpeg"}],"twitter_card":"summary_large_image","twitter_misc":{"Dur\u00e9e de lecture estim\u00e9e":"6 minutes"},"schema":{"@context":"https:\/\/schema.org","@graph":[{"@type":"WebPage","@id":"https:\/\/ellington-photo.com\/ErosWalker\/mortelle-cavale-9\/","url":"https:\/\/ellington-photo.com\/ErosWalker\/mortelle-cavale-9\/","name":"Mortelle Cavale (9) - Eros Walker Stories","isPartOf":{"@id":"https:\/\/ellington-photo.com\/ErosWalker\/#website"},"primaryImageOfPage":{"@id":"https:\/\/ellington-photo.com\/ErosWalker\/mortelle-cavale-9\/#primaryimage"},"image":{"@id":"https:\/\/ellington-photo.com\/ErosWalker\/mortelle-cavale-9\/#primaryimage"},"thumbnailUrl":"https:\/\/ellington-photo.com\/ErosWalker\/wp-content\/uploads\/2024\/12\/Designer-20.jpeg","datePublished":"2024-11-26T15:37:13+00:00","dateModified":"2024-12-09T16:31:48+00:00","breadcrumb":{"@id":"https:\/\/ellington-photo.com\/ErosWalker\/mortelle-cavale-9\/#breadcrumb"},"inLanguage":"fr-FR","potentialAction":[{"@type":"ReadAction","target":["https:\/\/ellington-photo.com\/ErosWalker\/mortelle-cavale-9\/"]}]},{"@type":"ImageObject","inLanguage":"fr-FR","@id":"https:\/\/ellington-photo.com\/ErosWalker\/mortelle-cavale-9\/#primaryimage","url":"https:\/\/ellington-photo.com\/ErosWalker\/wp-content\/uploads\/2024\/12\/Designer-20.jpeg","contentUrl":"https:\/\/ellington-photo.com\/ErosWalker\/wp-content\/uploads\/2024\/12\/Designer-20.jpeg","width":1024,"height":1024},{"@type":"BreadcrumbList","@id":"https:\/\/ellington-photo.com\/ErosWalker\/mortelle-cavale-9\/#breadcrumb","itemListElement":[{"@type":"ListItem","position":1,"name":"Accueil","item":"https:\/\/ellington-photo.com\/ErosWalker\/"},{"@type":"ListItem","position":2,"name":"Mortelle Cavale (9)"}]},{"@type":"WebSite","@id":"https:\/\/ellington-photo.com\/ErosWalker\/#website","url":"https:\/\/ellington-photo.com\/ErosWalker\/","name":"Eros Walker Stories","description":"Litt\u00e9rature et images","publisher":{"@id":"https:\/\/ellington-photo.com\/ErosWalker\/#organization"},"potentialAction":[{"@type":"SearchAction","target":{"@type":"EntryPoint","urlTemplate":"https:\/\/ellington-photo.com\/ErosWalker\/?s={search_term_string}"},"query-input":{"@type":"PropertyValueSpecification","valueRequired":true,"valueName":"search_term_string"}}],"inLanguage":"fr-FR"},{"@type":"Organization","@id":"https:\/\/ellington-photo.com\/ErosWalker\/#organization","name":"Eros Walker Stories","url":"https:\/\/ellington-photo.com\/ErosWalker\/","logo":{"@type":"ImageObject","inLanguage":"fr-FR","@id":"https:\/\/ellington-photo.com\/ErosWalker\/#\/schema\/logo\/image\/","url":"https:\/\/ellington-photo.com\/ErosWalker\/wp-content\/uploads\/2025\/05\/Chat-Noir.jpg","contentUrl":"https:\/\/ellington-photo.com\/ErosWalker\/wp-content\/uploads\/2025\/05\/Chat-Noir.jpg","width":400,"height":391,"caption":"Eros Walker Stories"},"image":{"@id":"https:\/\/ellington-photo.com\/ErosWalker\/#\/schema\/logo\/image\/"},"sameAs":["https:\/\/www.linkedin.com\/in\/eros-walker-ab710a298\/"]}]}},"_links":{"self":[{"href":"https:\/\/ellington-photo.com\/ErosWalker\/wp-json\/wp\/v2\/pages\/262","targetHints":{"allow":["GET"]}}],"collection":[{"href":"https:\/\/ellington-photo.com\/ErosWalker\/wp-json\/wp\/v2\/pages"}],"about":[{"href":"https:\/\/ellington-photo.com\/ErosWalker\/wp-json\/wp\/v2\/types\/page"}],"author":[{"embeddable":true,"href":"https:\/\/ellington-photo.com\/ErosWalker\/wp-json\/wp\/v2\/users\/1"}],"replies":[{"embeddable":true,"href":"https:\/\/ellington-photo.com\/ErosWalker\/wp-json\/wp\/v2\/comments?post=262"}],"version-history":[{"count":2,"href":"https:\/\/ellington-photo.com\/ErosWalker\/wp-json\/wp\/v2\/pages\/262\/revisions"}],"predecessor-version":[{"id":273,"href":"https:\/\/ellington-photo.com\/ErosWalker\/wp-json\/wp\/v2\/pages\/262\/revisions\/273"}],"wp:featuredmedia":[{"embeddable":true,"href":"https:\/\/ellington-photo.com\/ErosWalker\/wp-json\/wp\/v2\/media\/335"}],"wp:attachment":[{"href":"https:\/\/ellington-photo.com\/ErosWalker\/wp-json\/wp\/v2\/media?parent=262"}],"curies":[{"name":"wp","href":"https:\/\/api.w.org\/{rel}","templated":true}]}}