{"id":255,"date":"2024-11-26T09:26:22","date_gmt":"2024-11-26T08:26:22","guid":{"rendered":"https:\/\/ellington-photo.com\/ErosWalker\/?page_id=255"},"modified":"2024-12-09T17:30:37","modified_gmt":"2024-12-09T16:30:37","slug":"mortelle-cavale-7","status":"publish","type":"page","link":"https:\/\/ellington-photo.com\/ErosWalker\/mortelle-cavale-7\/","title":{"rendered":"Mortelle Cavale (7)"},"content":{"rendered":"\n<p><strong>Un petit job<\/strong><\/p>\n\n\n\n<p><strong>Vicksburg, Mississipi<\/strong><br><strong>Samedi 20 septembre, 10h30<\/strong><\/p>\n\n\n\n<p>Ma situation n\u2019est pas d\u00e9sesp\u00e9r\u00e9e, mais je dois s\u00e9rieusement trouver un moyen de gagner un peu d\u2019argent. Il faudra aussi que je trouve un autre moyen de transport, la Jeep de Billy est un peu trop reconnaissable si les flics lancent un avis de recherche. \u00c0 Vicksburg, les voitures immatricul\u00e9es en Louisiane ne doivent pas manquer, mais au-del\u00e0, ce sera plus curieux. Il me faut aussi une nouvelle carte, ou mieux, un atlas, mais je n\u2019aurai jamais l\u2019audace de le voler dans une librairie. Il me faut un petit boulot, juste le temps du week-end, pour gagner quelques dollars avant de reprendre la route.<\/p>\n\n\n\n<p>Je me dirige vers le centre de Vicksburg, je laisse sur ma gauche la bifurcation vers le pont et la Louisiane et je remonte de long de la rivi\u00e8re Yazoo. Le parking de la gare me parait le bon endroit pour abandonner la Wagoneer. Si on la retrouve, on pensera peut-\u00eatre que j\u2019ai pris le train pour Jackson. Je r\u00e9cup\u00e8re mes v\u00eatements sales, je range le flingue dans mon sac \u00e0 main et je pars \u00e0 pied vers les rues commer\u00e7antes. Je sacrifie encore quelques dollars dans une boutique bon march\u00e9 pour m\u2019acheter des sous-v\u00eatements et des affaires de toilette. Je prends aussi un petit sac de voyage. Je rentre dans un coffee shop. J\u2019en profite pour essayer de me donner meilleure allure. Je me lave les dents, je me rafraichis le visage et surtout, je me donne un s\u00e9rieux coup de brosse dans les cheveux. Je regarde le miroir, il me semble que suis assez pr\u00e9sentable pour me mettre en qu\u00eate d\u2019un job.<\/p>\n\n\n\n<p>De retour dans la salle presque vide, je questionne la serveuse. Elle est sympa et appelle le patron. C\u2019est un homme jovial qui m\u2019explique que lui-m\u00eame n\u2019a pas besoin de personnel suppl\u00e9mentaire, mais me conseille d\u2019aller me pr\u00e9senter dans un bar \u00e0 quelques blocs. Il me note le nom de l\u2019\u00e9tablissement et celui du propri\u00e9taire. Muni de ce pr\u00e9cieux s\u00e9same, je me dirige vers l\u2019adresse indiqu\u00e9e. Je remonte Washington Street jusqu\u2019au croisement avec Main Street. Je n\u2019ai pas de mal \u00e0 trouver le Walnut Bar. C\u2019est un \u00e9tablissement important, un grand comptoir de bois est \u00e9quip\u00e9 de plusieurs postes de tirage de bi\u00e8res. Il y a des \u00e9crans de t\u00e9l\u00e9 qui diffusent des rediffusions de matchs, base-ball, basket, football, m\u00eame de la boxe. \u00c0 cette heure matinale, il n\u2019y a pas grand monde. Je m\u2019adresse au gar\u00e7on derri\u00e8re le bar et demande \u00e0 parler au patron. Un grand type avec une carrure de lineman, des cheveux longs et une barbe fournie vient vers moi. Je lui expose mon exp\u00e9rience et mon besoin de travailler quelques jours. J\u2019invente une histoire de voiture en panne que je n\u2019ai pas les moyens de r\u00e9parer pour justifier ma d\u00e9marche. Il ne me pose pas de questions. Il m\u2019examine rapidement et me d\u00e9clare qu\u2019il a une tenue \u00e0 ma taille. Je peux commencer \u00e0 deux heures et assurer le service jusqu\u2019\u00e0 la fermeture et aussi celui du dimanche. Il se trouve qu\u2019une de ses serveuses habituelles est malade et qu\u2019il n\u2019a personne pour la remplacer. Il me propose cinquante dollars par jour plus les pourboires. C\u2019est plus que ce que me donnait Billy. J\u2019accepte sans h\u00e9siter. Comme je le sens enclin \u00e0 m\u2019aider, je lui demande \u00e9galement s\u2019il connait un endroit o\u00f9 je pourrais dormir le temps de mon s\u00e9jour \u00e0 Vicksburg. Il note l\u2019adresse d\u2019une pension avec un mot de recommandation et me tend un billet de vingt, \u00e0 titre d\u2019avance. Je suis combl\u00e9e. Il y a donc quand m\u00eame des types bien dans ce pays.<\/p>\n\n\n\n<p>L\u2019adresse correspond \u00e0 une petite maison, \u00e0 quelque distance du centre, mais accessible \u00e0 pied. Je me pr\u00e9sente \u00e0 une femme \u00e2g\u00e9e. Elle prend le temps de lire le billet et me fait entrer. La chambre est \u00e0 dix dollars la nuit, \u00e0 payer d\u2019avance. La salle de bain est commune. Je ne suis pas en situation de faire la difficile. Je lui donne mon accord et elle me conduit \u00e0 l\u2019\u00e9tage. C\u2019est une pi\u00e8ce de taille modeste, meubl\u00e9e dans un style un peu d\u00e9suet, je me dis que \u00e7a a d\u00fb \u00eatre une chambre d\u2019adolescente, sa fille peut-\u00eatre. Le lit est un peu mou, mais les draps sont propres. Je lui donne les dix dollars et demande si je peux utiliser la salle de bain tout de suite. Elle me l\u2019indique et redescend.<\/p>\n\n\n\n<p>Je fais couler un bain chaud. Le temps que la baignoire se remplisse, je lave ma chemise dans le lavabo. C\u2019est pas la grande lessive, mais \u00e7a \u00e9liminera l\u2019odeur de transpiration. Je me glisse dans l\u2019eau et je me laisse aller un moment. Je pense \u00e0 ma situation, pas question de m\u2019\u00e9terniser dans le Mississipi. Je ne peux pas non plus revenir en Louisiane. Je dois continuer vers le nord. L\u2019\u00c9tat le plus proche, c\u2019est l\u2019Arkansas. Je n\u2019y ai jamais mis les pieds. Qu\u2019est-ce que je serais all\u00e9e y faire ? Il faudra que je me renseigne. Il y a s\u00fbrement des bus qui partent pour Little Rock. Dix minutes plus tard, je suis de retour dans ma chambre. Je me s\u00e8che les cheveux et j\u2019\u00e9tends ma chemise sur le dossier d\u2019une chaise. Demain matin, je demanderai \u00e0 ma logeuse si elle a un fer \u00e0 repasser. Le temps a pass\u00e9 vite, il me reste juste le temps de d\u00e9jeuner avant d\u2019aller au travail.<\/p>\n\n\n\n<p><\/p>\n\n\n\n<p>Continuer la lecture : <a href=\"https:\/\/ellington-photo.com\/ErosWalker\/mortelle-cavale-8\/\">https:\/\/ellington-photo.com\/ErosWalker\/mortelle-cavale-8\/<\/a><\/p>\n\n\n\n<p><\/p>\n","protected":false},"excerpt":{"rendered":"<p>Un petit job Vicksburg, MississipiSamedi 20 septembre, 10h30 Ma situation n\u2019est pas d\u00e9sesp\u00e9r\u00e9e, mais je dois s\u00e9rieusement trouver un moyen de gagner un peu d\u2019argent. Il faudra aussi que je trouve un autre moyen de transport, la Jeep de Billy est un peu trop reconnaissable &hellip; <\/p>\n","protected":false},"author":1,"featured_media":337,"parent":0,"menu_order":0,"comment_status":"closed","ping_status":"closed","template":"","meta":{"footnotes":""},"class_list":["post-255","page","type-page","status-publish","has-post-thumbnail","hentry"],"yoast_head":"<!-- This site is optimized with the Yoast SEO plugin v27.4 - https:\/\/yoast.com\/product\/yoast-seo-wordpress\/ -->\n<title>Mortelle Cavale (7) - Eros Walker Stories<\/title>\n<meta name=\"robots\" content=\"index, follow, max-snippet:-1, max-image-preview:large, max-video-preview:-1\" \/>\n<link rel=\"canonical\" href=\"https:\/\/ellington-photo.com\/ErosWalker\/mortelle-cavale-7\/\" \/>\n<meta property=\"og:locale\" content=\"fr_FR\" \/>\n<meta property=\"og:type\" content=\"article\" \/>\n<meta property=\"og:title\" content=\"Mortelle Cavale (7) - Eros Walker Stories\" \/>\n<meta property=\"og:description\" content=\"Un petit job Vicksburg, MississipiSamedi 20 septembre, 10h30 Ma situation n\u2019est pas d\u00e9sesp\u00e9r\u00e9e, mais je dois s\u00e9rieusement trouver un moyen de gagner un peu d\u2019argent. Il faudra aussi que je trouve un autre moyen de transport, la Jeep de Billy est un peu trop reconnaissable &hellip;\" \/>\n<meta property=\"og:url\" content=\"https:\/\/ellington-photo.com\/ErosWalker\/mortelle-cavale-7\/\" \/>\n<meta property=\"og:site_name\" content=\"Eros Walker Stories\" \/>\n<meta property=\"article:modified_time\" content=\"2024-12-09T16:30:37+00:00\" \/>\n<meta property=\"og:image\" content=\"https:\/\/ellington-photo.com\/ErosWalker\/wp-content\/uploads\/2024\/12\/Designer-17.jpeg\" \/>\n\t<meta property=\"og:image:width\" content=\"1024\" \/>\n\t<meta property=\"og:image:height\" content=\"1024\" \/>\n\t<meta property=\"og:image:type\" content=\"image\/jpeg\" \/>\n<meta name=\"twitter:card\" content=\"summary_large_image\" \/>\n<meta name=\"twitter:label1\" content=\"Dur\u00e9e de lecture estim\u00e9e\" \/>\n\t<meta name=\"twitter:data1\" content=\"5 minutes\" \/>\n<script type=\"application\/ld+json\" class=\"yoast-schema-graph\">{\"@context\":\"https:\\\/\\\/schema.org\",\"@graph\":[{\"@type\":\"WebPage\",\"@id\":\"https:\\\/\\\/ellington-photo.com\\\/ErosWalker\\\/mortelle-cavale-7\\\/\",\"url\":\"https:\\\/\\\/ellington-photo.com\\\/ErosWalker\\\/mortelle-cavale-7\\\/\",\"name\":\"Mortelle Cavale (7) - Eros Walker Stories\",\"isPartOf\":{\"@id\":\"https:\\\/\\\/ellington-photo.com\\\/ErosWalker\\\/#website\"},\"primaryImageOfPage\":{\"@id\":\"https:\\\/\\\/ellington-photo.com\\\/ErosWalker\\\/mortelle-cavale-7\\\/#primaryimage\"},\"image\":{\"@id\":\"https:\\\/\\\/ellington-photo.com\\\/ErosWalker\\\/mortelle-cavale-7\\\/#primaryimage\"},\"thumbnailUrl\":\"https:\\\/\\\/ellington-photo.com\\\/ErosWalker\\\/wp-content\\\/uploads\\\/2024\\\/12\\\/Designer-17.jpeg\",\"datePublished\":\"2024-11-26T08:26:22+00:00\",\"dateModified\":\"2024-12-09T16:30:37+00:00\",\"breadcrumb\":{\"@id\":\"https:\\\/\\\/ellington-photo.com\\\/ErosWalker\\\/mortelle-cavale-7\\\/#breadcrumb\"},\"inLanguage\":\"fr-FR\",\"potentialAction\":[{\"@type\":\"ReadAction\",\"target\":[\"https:\\\/\\\/ellington-photo.com\\\/ErosWalker\\\/mortelle-cavale-7\\\/\"]}]},{\"@type\":\"ImageObject\",\"inLanguage\":\"fr-FR\",\"@id\":\"https:\\\/\\\/ellington-photo.com\\\/ErosWalker\\\/mortelle-cavale-7\\\/#primaryimage\",\"url\":\"https:\\\/\\\/ellington-photo.com\\\/ErosWalker\\\/wp-content\\\/uploads\\\/2024\\\/12\\\/Designer-17.jpeg\",\"contentUrl\":\"https:\\\/\\\/ellington-photo.com\\\/ErosWalker\\\/wp-content\\\/uploads\\\/2024\\\/12\\\/Designer-17.jpeg\",\"width\":1024,\"height\":1024},{\"@type\":\"BreadcrumbList\",\"@id\":\"https:\\\/\\\/ellington-photo.com\\\/ErosWalker\\\/mortelle-cavale-7\\\/#breadcrumb\",\"itemListElement\":[{\"@type\":\"ListItem\",\"position\":1,\"name\":\"Accueil\",\"item\":\"https:\\\/\\\/ellington-photo.com\\\/ErosWalker\\\/\"},{\"@type\":\"ListItem\",\"position\":2,\"name\":\"Mortelle Cavale (7)\"}]},{\"@type\":\"WebSite\",\"@id\":\"https:\\\/\\\/ellington-photo.com\\\/ErosWalker\\\/#website\",\"url\":\"https:\\\/\\\/ellington-photo.com\\\/ErosWalker\\\/\",\"name\":\"Eros Walker Stories\",\"description\":\"Litt\u00e9rature et images\",\"publisher\":{\"@id\":\"https:\\\/\\\/ellington-photo.com\\\/ErosWalker\\\/#organization\"},\"potentialAction\":[{\"@type\":\"SearchAction\",\"target\":{\"@type\":\"EntryPoint\",\"urlTemplate\":\"https:\\\/\\\/ellington-photo.com\\\/ErosWalker\\\/?s={search_term_string}\"},\"query-input\":{\"@type\":\"PropertyValueSpecification\",\"valueRequired\":true,\"valueName\":\"search_term_string\"}}],\"inLanguage\":\"fr-FR\"},{\"@type\":\"Organization\",\"@id\":\"https:\\\/\\\/ellington-photo.com\\\/ErosWalker\\\/#organization\",\"name\":\"Eros Walker Stories\",\"url\":\"https:\\\/\\\/ellington-photo.com\\\/ErosWalker\\\/\",\"logo\":{\"@type\":\"ImageObject\",\"inLanguage\":\"fr-FR\",\"@id\":\"https:\\\/\\\/ellington-photo.com\\\/ErosWalker\\\/#\\\/schema\\\/logo\\\/image\\\/\",\"url\":\"https:\\\/\\\/ellington-photo.com\\\/ErosWalker\\\/wp-content\\\/uploads\\\/2025\\\/05\\\/Chat-Noir.jpg\",\"contentUrl\":\"https:\\\/\\\/ellington-photo.com\\\/ErosWalker\\\/wp-content\\\/uploads\\\/2025\\\/05\\\/Chat-Noir.jpg\",\"width\":400,\"height\":391,\"caption\":\"Eros Walker Stories\"},\"image\":{\"@id\":\"https:\\\/\\\/ellington-photo.com\\\/ErosWalker\\\/#\\\/schema\\\/logo\\\/image\\\/\"},\"sameAs\":[\"https:\\\/\\\/www.linkedin.com\\\/in\\\/eros-walker-ab710a298\\\/\"]}]}<\/script>\n<!-- \/ Yoast SEO plugin. -->","yoast_head_json":{"title":"Mortelle Cavale (7) - Eros Walker Stories","robots":{"index":"index","follow":"follow","max-snippet":"max-snippet:-1","max-image-preview":"max-image-preview:large","max-video-preview":"max-video-preview:-1"},"canonical":"https:\/\/ellington-photo.com\/ErosWalker\/mortelle-cavale-7\/","og_locale":"fr_FR","og_type":"article","og_title":"Mortelle Cavale (7) - Eros Walker Stories","og_description":"Un petit job Vicksburg, MississipiSamedi 20 septembre, 10h30 Ma situation n\u2019est pas d\u00e9sesp\u00e9r\u00e9e, mais je dois s\u00e9rieusement trouver un moyen de gagner un peu d\u2019argent. Il faudra aussi que je trouve un autre moyen de transport, la Jeep de Billy est un peu trop reconnaissable &hellip;","og_url":"https:\/\/ellington-photo.com\/ErosWalker\/mortelle-cavale-7\/","og_site_name":"Eros Walker Stories","article_modified_time":"2024-12-09T16:30:37+00:00","og_image":[{"width":1024,"height":1024,"url":"https:\/\/ellington-photo.com\/ErosWalker\/wp-content\/uploads\/2024\/12\/Designer-17.jpeg","type":"image\/jpeg"}],"twitter_card":"summary_large_image","twitter_misc":{"Dur\u00e9e de lecture estim\u00e9e":"5 minutes"},"schema":{"@context":"https:\/\/schema.org","@graph":[{"@type":"WebPage","@id":"https:\/\/ellington-photo.com\/ErosWalker\/mortelle-cavale-7\/","url":"https:\/\/ellington-photo.com\/ErosWalker\/mortelle-cavale-7\/","name":"Mortelle Cavale (7) - Eros Walker Stories","isPartOf":{"@id":"https:\/\/ellington-photo.com\/ErosWalker\/#website"},"primaryImageOfPage":{"@id":"https:\/\/ellington-photo.com\/ErosWalker\/mortelle-cavale-7\/#primaryimage"},"image":{"@id":"https:\/\/ellington-photo.com\/ErosWalker\/mortelle-cavale-7\/#primaryimage"},"thumbnailUrl":"https:\/\/ellington-photo.com\/ErosWalker\/wp-content\/uploads\/2024\/12\/Designer-17.jpeg","datePublished":"2024-11-26T08:26:22+00:00","dateModified":"2024-12-09T16:30:37+00:00","breadcrumb":{"@id":"https:\/\/ellington-photo.com\/ErosWalker\/mortelle-cavale-7\/#breadcrumb"},"inLanguage":"fr-FR","potentialAction":[{"@type":"ReadAction","target":["https:\/\/ellington-photo.com\/ErosWalker\/mortelle-cavale-7\/"]}]},{"@type":"ImageObject","inLanguage":"fr-FR","@id":"https:\/\/ellington-photo.com\/ErosWalker\/mortelle-cavale-7\/#primaryimage","url":"https:\/\/ellington-photo.com\/ErosWalker\/wp-content\/uploads\/2024\/12\/Designer-17.jpeg","contentUrl":"https:\/\/ellington-photo.com\/ErosWalker\/wp-content\/uploads\/2024\/12\/Designer-17.jpeg","width":1024,"height":1024},{"@type":"BreadcrumbList","@id":"https:\/\/ellington-photo.com\/ErosWalker\/mortelle-cavale-7\/#breadcrumb","itemListElement":[{"@type":"ListItem","position":1,"name":"Accueil","item":"https:\/\/ellington-photo.com\/ErosWalker\/"},{"@type":"ListItem","position":2,"name":"Mortelle Cavale (7)"}]},{"@type":"WebSite","@id":"https:\/\/ellington-photo.com\/ErosWalker\/#website","url":"https:\/\/ellington-photo.com\/ErosWalker\/","name":"Eros Walker Stories","description":"Litt\u00e9rature et images","publisher":{"@id":"https:\/\/ellington-photo.com\/ErosWalker\/#organization"},"potentialAction":[{"@type":"SearchAction","target":{"@type":"EntryPoint","urlTemplate":"https:\/\/ellington-photo.com\/ErosWalker\/?s={search_term_string}"},"query-input":{"@type":"PropertyValueSpecification","valueRequired":true,"valueName":"search_term_string"}}],"inLanguage":"fr-FR"},{"@type":"Organization","@id":"https:\/\/ellington-photo.com\/ErosWalker\/#organization","name":"Eros Walker Stories","url":"https:\/\/ellington-photo.com\/ErosWalker\/","logo":{"@type":"ImageObject","inLanguage":"fr-FR","@id":"https:\/\/ellington-photo.com\/ErosWalker\/#\/schema\/logo\/image\/","url":"https:\/\/ellington-photo.com\/ErosWalker\/wp-content\/uploads\/2025\/05\/Chat-Noir.jpg","contentUrl":"https:\/\/ellington-photo.com\/ErosWalker\/wp-content\/uploads\/2025\/05\/Chat-Noir.jpg","width":400,"height":391,"caption":"Eros Walker Stories"},"image":{"@id":"https:\/\/ellington-photo.com\/ErosWalker\/#\/schema\/logo\/image\/"},"sameAs":["https:\/\/www.linkedin.com\/in\/eros-walker-ab710a298\/"]}]}},"_links":{"self":[{"href":"https:\/\/ellington-photo.com\/ErosWalker\/wp-json\/wp\/v2\/pages\/255","targetHints":{"allow":["GET"]}}],"collection":[{"href":"https:\/\/ellington-photo.com\/ErosWalker\/wp-json\/wp\/v2\/pages"}],"about":[{"href":"https:\/\/ellington-photo.com\/ErosWalker\/wp-json\/wp\/v2\/types\/page"}],"author":[{"embeddable":true,"href":"https:\/\/ellington-photo.com\/ErosWalker\/wp-json\/wp\/v2\/users\/1"}],"replies":[{"embeddable":true,"href":"https:\/\/ellington-photo.com\/ErosWalker\/wp-json\/wp\/v2\/comments?post=255"}],"version-history":[{"count":2,"href":"https:\/\/ellington-photo.com\/ErosWalker\/wp-json\/wp\/v2\/pages\/255\/revisions"}],"predecessor-version":[{"id":261,"href":"https:\/\/ellington-photo.com\/ErosWalker\/wp-json\/wp\/v2\/pages\/255\/revisions\/261"}],"wp:featuredmedia":[{"embeddable":true,"href":"https:\/\/ellington-photo.com\/ErosWalker\/wp-json\/wp\/v2\/media\/337"}],"wp:attachment":[{"href":"https:\/\/ellington-photo.com\/ErosWalker\/wp-json\/wp\/v2\/media?parent=255"}],"curies":[{"name":"wp","href":"https:\/\/api.w.org\/{rel}","templated":true}]}}