{"id":245,"date":"2024-11-25T15:46:23","date_gmt":"2024-11-25T14:46:23","guid":{"rendered":"https:\/\/ellington-photo.com\/ErosWalker\/?page_id=245"},"modified":"2024-12-03T08:58:46","modified_gmt":"2024-12-03T07:58:46","slug":"mortelle-cavale-5","status":"publish","type":"page","link":"https:\/\/ellington-photo.com\/ErosWalker\/mortelle-cavale-5\/","title":{"rendered":"Mortelle Cavale (5)"},"content":{"rendered":"\n<p><strong>Mauvais r\u00e9veil<\/strong><\/p>\n\n\n\n<p><strong>For\u00eat d\u2019Homochitto, Mississipi<\/strong><br><strong>Samedi 20 septembre 1980, 6h00<\/strong><\/p>\n\n\n\n<p>J\u2019entends du bruit \u00e0 l\u2019ext\u00e9rieur, un bruit de moteur, un gros v\u00e9hicule. Je regarde l\u2019heure sur le tableau de bord, six heures. J\u2019ai dormi quatre heures. Je me sens engourdie, j\u2019ai froid. Je scrute l\u2019ext\u00e9rieur. Un pick-up Ford F250 s\u2019est arr\u00eat\u00e9 \u00e0 quelques dizaines de m\u00e8tres. Je vois deux hommes en descendre, v\u00eatus de tenues de chasse. Les armes qu\u2019ils sortent du camion me le confirment. Ils discutent entre eux et l\u2019un des deux montre ma voiture du doigt. Je ne suis pas rassur\u00e9e, j\u2019attrape le revolver de Frankie et je le dissimule entre mes cuisses. Ils se dirigent vers moi, le fusil \u00e0 l\u2019\u00e9paule. Je pourrais sans doute d\u00e9marrer et m\u2019enfuir, mais je me sens bloqu\u00e9e. C\u2019est \u00e7a la peur qui vous paralyse ? Ils sont maintenant au niveau de ma porti\u00e8re et me font des signes. Je comprends qu\u2019ils veulent que je descende ma vitre. J\u2019ai la main droite sur la crosse du SW, j\u2019arme le chien. L\u2019un des hommes commence \u00e0 agiter la carrosserie. Je descends la vitre.<\/p>\n\n\n\n<p>\u00ab Qu\u2019est-ce que tu fais l\u00e0 de si bonne heure ? Tu as pass\u00e9 la nuit ici ? C\u2019est pas prudent tu sais, tu pourrais faire des mauvaises rencontres, pas vrai Al ?<\/p>\n\n\n\n<p>\u2014 Pour s\u00fbr, un joli petit lot comme cette souris, \u00e7a pourrait donner des id\u00e9es, r\u00e9pond le d\u00e9nomm\u00e9 Al.<\/p>\n\n\n\n<p>\u2014 Remarque, elle a l\u2019air crev\u00e9e, c\u2019est peut-\u00eatre pas un si bon coup !<\/p>\n\n\n\n<p>\u2014 Je m\u2019en fous, Stan, c\u2019est pas sa gueule qui m\u2019int\u00e9resse. Elle a l\u2019air d\u2019avoir de beaux nichons. Tu voudrais pas nous les montrer ? \u00bb<\/p>\n\n\n\n<p>Et voil\u00e0, \u00e7a recommence, j\u2019ai peut-\u00eatre tu\u00e9 un homme qui voulait me violer il y a moins de vingt-quatre heures et je me retrouve \u00e0 devoir me d\u00e9fendre contre deux connards arm\u00e9s.<\/p>\n\n\n\n<p>\u00ab Non, je ne vais rien vous montrer du tout, je vais juste me tirer d\u2019ici en vitesse, cri\u00e9-je en actionnant le d\u00e9marreur.<\/p>\n\n\n\n<p>\u2014 Tu vas aller nulle part, r\u00e9plique Stan, pas tout de suite. Tu vas arr\u00eater ton moteur et descendre de la voiture. \u00bb<\/p>\n\n\n\n<p>Je cogite \u00e0 toute vitesse, il y en a un \u00e0 ma hauteur, si je tire par la fen\u00eatre, je ne peux pas le manquer. L\u2019autre est \u00e0 ma gauche, devant le pare-chocs. S\u2019il ne s\u2019\u00e9carte pas, je lui passe dessus. Je passe en Drive et ma main droite empoigne la crosse du flingue. Je le brandis par la fen\u00eatre et je tire. Stan s\u2019\u00e9croule, je ne sais pas o\u00f9 je l\u2019ai touch\u00e9, je m\u2019en fous. Al essaie d\u2019attraper son fusil. Je ne lui en laisse pas le temps. J\u2019\u00e9crase l\u2019acc\u00e9l\u00e9rateur. Je le heurte avec mon aile gauche. Je fais un demi-tour rapide pour quitter le parking. Dans le r\u00e9tro, je vois Al qui se rel\u00e8ve et qui \u00e9paule. J\u2019entends le bruit du coup de feu, mais je ne d\u00e9tecte pas d\u2019impact. Je retrouve la route et je roule aussi vite que l\u2019\u00e9tat de la chauss\u00e9e le permet. Arriv\u00e9e \u00e0 une bifurcation, je prends en direction du nord. Je suis \u00e0 nouveau en cavale, je suppose que le tireur va s\u2019occuper de son copain avant de me poursuivre. Il va lui falloir un peu de temps pour alerter quelqu\u2019un, le patelin le plus proche est au moins \u00e0 dix miles. Je n\u2019ai aucun remords, apr\u00e8s tout, hier comme ce matin, j\u2019\u00e9tais en \u00e9tat de l\u00e9gitime d\u00e9fense. Il n\u2019emp\u00eache, je n\u2019ai pas trop envie de discuter de \u00e7a avec le Sh\u00e9rif du coin, enferm\u00e9e dans une cellule crasseuse. Je me croyais tranquille pour un moment au Mississipi. La tr\u00eave n\u2019a pas dur\u00e9 longtemps.<\/p>\n\n\n\n<p>Je conduis pendant \u00e0 peu pr\u00e8s une heure. Il fait grand jour \u00e0 pr\u00e9sent. C\u2019est vrai que j\u2019ai une sale gueule. Je ne suis pas descendue de la voiture depuis la pause de Woodville. Il faut que je m\u2019arr\u00eate quelque part, que je trouve des fringues propres, que je mange quelque chose. Je ralentis pour jeter un \u0153il sur la carte. J\u2019arrive \u00e0 la bordure nord, bient\u00f4t elle ne me servira plus \u00e0 rien. Une agglom\u00e9ration, juste \u00e0 la limite, Fayette. J\u2019esp\u00e8re que je trouverai une sup\u00e9rette. Pour les fringues, je me d\u00e9brouillerai. Au point o\u00f9 j\u2019en suis, une chemise qui s\u00e8che sur un fil fera l\u2019affaire. J\u2019entre dans l\u2019agglom\u00e9ration. Au bout de quelques centaines de m\u00e8tres j\u2019arrive au carrefour central. Je rep\u00e8re un Seven Eleven. Je gare la Jeep un peu \u00e0 l\u2019\u00e9cart, pas la peine de se faire trop remarquer avec une plaque de Louisiane. J\u2019ach\u00e8te un caf\u00e9, un sandwich et des barres chocolat\u00e9es. Je prends aussi deux bouteilles d\u2019eau. J\u2019y laisse un billet de cinq. Retour \u00e0 la voiture, je mange le sandwich et je bois le caf\u00e9 au volant. Je me sens un peu mieux, mais j\u2019ai toujours un besoin pressant. Il y a une station Texaco \u00e0 la sortie de la ville. Je mets pour trois dollars d\u2019essence et je profite des toilettes. Il y a quelques maisons \u00e0 proximit\u00e9. \u00c0 cette heure matinale, il n\u2019y a personne dans les jardins. Il a fait beau ces derniers jours, des lessives sont rest\u00e9es attach\u00e9es sur les fils toute la nuit. Je rafle un t-shirt et une culotte qui semblent \u00e0 peu pr\u00e8s \u00e0 ma taille. Pas besoin de s\u2019attarder, je retrouve la Wagoneer et je repars. Une pancarte indique la direction de Vicksburg. J\u2019essaie de me souvenir du cours de g\u00e9ographie au coll\u00e8ge. Vicksburg, c\u2019est sur le Mississipi, de l\u2019autre c\u00f4t\u00e9, c\u2019est encore la Louisiane. Je m\u2019arr\u00eate \u00e0 l\u2019\u00e9cart de la route pour me changer. Ma chemise et mon soutif puent la sueur et la crasse, je les roule en boule et je les jette \u00e0 l\u2019arri\u00e8re de la Jeep. Pour le jean, je n\u2019ai pas le choix, je le garde. J\u2019enfile le t-shirt \u00e0 m\u00eame la peau. Il est un peu grand, tant mieux. Je n\u2019ai plus que vingt dollars en poche, mais j\u2019ai le plein d\u2019essence.<\/p>\n\n\n\n<p>Continuer la lecture : <a href=\"https:\/\/ellington-photo.com\/ErosWalker\/mortelle-cavale-5\/\">https:\/\/ellington-<\/a><a href=\"https:\/\/ellington-photo.com\/ErosWalker\/mortelle-cavale-6\/\">photo.com\/ErosWalker\/mortelle-cavale-<\/a>6\/<\/p>\n\n\n\n<p><\/p>\n","protected":false},"excerpt":{"rendered":"<p>Mauvais r\u00e9veil For\u00eat d\u2019Homochitto, MississipiSamedi 20 septembre 1980, 6h00 J\u2019entends du bruit \u00e0 l\u2019ext\u00e9rieur, un bruit de moteur, un gros v\u00e9hicule. Je regarde l\u2019heure sur le tableau de bord, six heures. J\u2019ai dormi quatre heures. Je me sens engourdie, j\u2019ai froid. Je scrute l\u2019ext\u00e9rieur. Un &hellip; <\/p>\n","protected":false},"author":1,"featured_media":331,"parent":0,"menu_order":0,"comment_status":"closed","ping_status":"closed","template":"","meta":{"footnotes":""},"class_list":["post-245","page","type-page","status-publish","has-post-thumbnail","hentry"],"yoast_head":"<!-- This site is optimized with the Yoast SEO plugin v27.4 - https:\/\/yoast.com\/product\/yoast-seo-wordpress\/ -->\n<title>Mortelle Cavale (5) - Eros Walker Stories<\/title>\n<meta name=\"robots\" content=\"index, follow, max-snippet:-1, max-image-preview:large, max-video-preview:-1\" \/>\n<link rel=\"canonical\" href=\"https:\/\/ellington-photo.com\/ErosWalker\/mortelle-cavale-5\/\" \/>\n<meta property=\"og:locale\" content=\"fr_FR\" \/>\n<meta property=\"og:type\" content=\"article\" \/>\n<meta property=\"og:title\" content=\"Mortelle Cavale (5) - Eros Walker Stories\" \/>\n<meta property=\"og:description\" content=\"Mauvais r\u00e9veil For\u00eat d\u2019Homochitto, MississipiSamedi 20 septembre 1980, 6h00 J\u2019entends du bruit \u00e0 l\u2019ext\u00e9rieur, un bruit de moteur, un gros v\u00e9hicule. Je regarde l\u2019heure sur le tableau de bord, six heures. J\u2019ai dormi quatre heures. Je me sens engourdie, j\u2019ai froid. Je scrute l\u2019ext\u00e9rieur. Un &hellip;\" \/>\n<meta property=\"og:url\" content=\"https:\/\/ellington-photo.com\/ErosWalker\/mortelle-cavale-5\/\" \/>\n<meta property=\"og:site_name\" content=\"Eros Walker Stories\" \/>\n<meta property=\"article:modified_time\" content=\"2024-12-03T07:58:46+00:00\" \/>\n<meta property=\"og:image\" content=\"https:\/\/ellington-photo.com\/ErosWalker\/wp-content\/uploads\/2024\/12\/Chasseurs-1.jpg\" \/>\n\t<meta property=\"og:image:width\" content=\"1024\" \/>\n\t<meta property=\"og:image:height\" content=\"1024\" \/>\n\t<meta property=\"og:image:type\" content=\"image\/jpeg\" \/>\n<meta name=\"twitter:card\" content=\"summary_large_image\" \/>\n<meta name=\"twitter:label1\" content=\"Dur\u00e9e de lecture estim\u00e9e\" \/>\n\t<meta name=\"twitter:data1\" content=\"5 minutes\" \/>\n<script type=\"application\/ld+json\" class=\"yoast-schema-graph\">{\"@context\":\"https:\\\/\\\/schema.org\",\"@graph\":[{\"@type\":\"WebPage\",\"@id\":\"https:\\\/\\\/ellington-photo.com\\\/ErosWalker\\\/mortelle-cavale-5\\\/\",\"url\":\"https:\\\/\\\/ellington-photo.com\\\/ErosWalker\\\/mortelle-cavale-5\\\/\",\"name\":\"Mortelle Cavale (5) - Eros Walker Stories\",\"isPartOf\":{\"@id\":\"https:\\\/\\\/ellington-photo.com\\\/ErosWalker\\\/#website\"},\"primaryImageOfPage\":{\"@id\":\"https:\\\/\\\/ellington-photo.com\\\/ErosWalker\\\/mortelle-cavale-5\\\/#primaryimage\"},\"image\":{\"@id\":\"https:\\\/\\\/ellington-photo.com\\\/ErosWalker\\\/mortelle-cavale-5\\\/#primaryimage\"},\"thumbnailUrl\":\"https:\\\/\\\/ellington-photo.com\\\/ErosWalker\\\/wp-content\\\/uploads\\\/2024\\\/12\\\/Chasseurs-1.jpg\",\"datePublished\":\"2024-11-25T14:46:23+00:00\",\"dateModified\":\"2024-12-03T07:58:46+00:00\",\"breadcrumb\":{\"@id\":\"https:\\\/\\\/ellington-photo.com\\\/ErosWalker\\\/mortelle-cavale-5\\\/#breadcrumb\"},\"inLanguage\":\"fr-FR\",\"potentialAction\":[{\"@type\":\"ReadAction\",\"target\":[\"https:\\\/\\\/ellington-photo.com\\\/ErosWalker\\\/mortelle-cavale-5\\\/\"]}]},{\"@type\":\"ImageObject\",\"inLanguage\":\"fr-FR\",\"@id\":\"https:\\\/\\\/ellington-photo.com\\\/ErosWalker\\\/mortelle-cavale-5\\\/#primaryimage\",\"url\":\"https:\\\/\\\/ellington-photo.com\\\/ErosWalker\\\/wp-content\\\/uploads\\\/2024\\\/12\\\/Chasseurs-1.jpg\",\"contentUrl\":\"https:\\\/\\\/ellington-photo.com\\\/ErosWalker\\\/wp-content\\\/uploads\\\/2024\\\/12\\\/Chasseurs-1.jpg\",\"width\":1024,\"height\":1024},{\"@type\":\"BreadcrumbList\",\"@id\":\"https:\\\/\\\/ellington-photo.com\\\/ErosWalker\\\/mortelle-cavale-5\\\/#breadcrumb\",\"itemListElement\":[{\"@type\":\"ListItem\",\"position\":1,\"name\":\"Accueil\",\"item\":\"https:\\\/\\\/ellington-photo.com\\\/ErosWalker\\\/\"},{\"@type\":\"ListItem\",\"position\":2,\"name\":\"Mortelle Cavale (5)\"}]},{\"@type\":\"WebSite\",\"@id\":\"https:\\\/\\\/ellington-photo.com\\\/ErosWalker\\\/#website\",\"url\":\"https:\\\/\\\/ellington-photo.com\\\/ErosWalker\\\/\",\"name\":\"Eros Walker Stories\",\"description\":\"Litt\u00e9rature et images\",\"publisher\":{\"@id\":\"https:\\\/\\\/ellington-photo.com\\\/ErosWalker\\\/#organization\"},\"potentialAction\":[{\"@type\":\"SearchAction\",\"target\":{\"@type\":\"EntryPoint\",\"urlTemplate\":\"https:\\\/\\\/ellington-photo.com\\\/ErosWalker\\\/?s={search_term_string}\"},\"query-input\":{\"@type\":\"PropertyValueSpecification\",\"valueRequired\":true,\"valueName\":\"search_term_string\"}}],\"inLanguage\":\"fr-FR\"},{\"@type\":\"Organization\",\"@id\":\"https:\\\/\\\/ellington-photo.com\\\/ErosWalker\\\/#organization\",\"name\":\"Eros Walker Stories\",\"url\":\"https:\\\/\\\/ellington-photo.com\\\/ErosWalker\\\/\",\"logo\":{\"@type\":\"ImageObject\",\"inLanguage\":\"fr-FR\",\"@id\":\"https:\\\/\\\/ellington-photo.com\\\/ErosWalker\\\/#\\\/schema\\\/logo\\\/image\\\/\",\"url\":\"https:\\\/\\\/ellington-photo.com\\\/ErosWalker\\\/wp-content\\\/uploads\\\/2025\\\/05\\\/Chat-Noir.jpg\",\"contentUrl\":\"https:\\\/\\\/ellington-photo.com\\\/ErosWalker\\\/wp-content\\\/uploads\\\/2025\\\/05\\\/Chat-Noir.jpg\",\"width\":400,\"height\":391,\"caption\":\"Eros Walker Stories\"},\"image\":{\"@id\":\"https:\\\/\\\/ellington-photo.com\\\/ErosWalker\\\/#\\\/schema\\\/logo\\\/image\\\/\"},\"sameAs\":[\"https:\\\/\\\/www.linkedin.com\\\/in\\\/eros-walker-ab710a298\\\/\"]}]}<\/script>\n<!-- \/ Yoast SEO plugin. -->","yoast_head_json":{"title":"Mortelle Cavale (5) - Eros Walker Stories","robots":{"index":"index","follow":"follow","max-snippet":"max-snippet:-1","max-image-preview":"max-image-preview:large","max-video-preview":"max-video-preview:-1"},"canonical":"https:\/\/ellington-photo.com\/ErosWalker\/mortelle-cavale-5\/","og_locale":"fr_FR","og_type":"article","og_title":"Mortelle Cavale (5) - Eros Walker Stories","og_description":"Mauvais r\u00e9veil For\u00eat d\u2019Homochitto, MississipiSamedi 20 septembre 1980, 6h00 J\u2019entends du bruit \u00e0 l\u2019ext\u00e9rieur, un bruit de moteur, un gros v\u00e9hicule. Je regarde l\u2019heure sur le tableau de bord, six heures. J\u2019ai dormi quatre heures. Je me sens engourdie, j\u2019ai froid. Je scrute l\u2019ext\u00e9rieur. Un &hellip;","og_url":"https:\/\/ellington-photo.com\/ErosWalker\/mortelle-cavale-5\/","og_site_name":"Eros Walker Stories","article_modified_time":"2024-12-03T07:58:46+00:00","og_image":[{"width":1024,"height":1024,"url":"https:\/\/ellington-photo.com\/ErosWalker\/wp-content\/uploads\/2024\/12\/Chasseurs-1.jpg","type":"image\/jpeg"}],"twitter_card":"summary_large_image","twitter_misc":{"Dur\u00e9e de lecture estim\u00e9e":"5 minutes"},"schema":{"@context":"https:\/\/schema.org","@graph":[{"@type":"WebPage","@id":"https:\/\/ellington-photo.com\/ErosWalker\/mortelle-cavale-5\/","url":"https:\/\/ellington-photo.com\/ErosWalker\/mortelle-cavale-5\/","name":"Mortelle Cavale (5) - Eros Walker Stories","isPartOf":{"@id":"https:\/\/ellington-photo.com\/ErosWalker\/#website"},"primaryImageOfPage":{"@id":"https:\/\/ellington-photo.com\/ErosWalker\/mortelle-cavale-5\/#primaryimage"},"image":{"@id":"https:\/\/ellington-photo.com\/ErosWalker\/mortelle-cavale-5\/#primaryimage"},"thumbnailUrl":"https:\/\/ellington-photo.com\/ErosWalker\/wp-content\/uploads\/2024\/12\/Chasseurs-1.jpg","datePublished":"2024-11-25T14:46:23+00:00","dateModified":"2024-12-03T07:58:46+00:00","breadcrumb":{"@id":"https:\/\/ellington-photo.com\/ErosWalker\/mortelle-cavale-5\/#breadcrumb"},"inLanguage":"fr-FR","potentialAction":[{"@type":"ReadAction","target":["https:\/\/ellington-photo.com\/ErosWalker\/mortelle-cavale-5\/"]}]},{"@type":"ImageObject","inLanguage":"fr-FR","@id":"https:\/\/ellington-photo.com\/ErosWalker\/mortelle-cavale-5\/#primaryimage","url":"https:\/\/ellington-photo.com\/ErosWalker\/wp-content\/uploads\/2024\/12\/Chasseurs-1.jpg","contentUrl":"https:\/\/ellington-photo.com\/ErosWalker\/wp-content\/uploads\/2024\/12\/Chasseurs-1.jpg","width":1024,"height":1024},{"@type":"BreadcrumbList","@id":"https:\/\/ellington-photo.com\/ErosWalker\/mortelle-cavale-5\/#breadcrumb","itemListElement":[{"@type":"ListItem","position":1,"name":"Accueil","item":"https:\/\/ellington-photo.com\/ErosWalker\/"},{"@type":"ListItem","position":2,"name":"Mortelle Cavale (5)"}]},{"@type":"WebSite","@id":"https:\/\/ellington-photo.com\/ErosWalker\/#website","url":"https:\/\/ellington-photo.com\/ErosWalker\/","name":"Eros Walker Stories","description":"Litt\u00e9rature et images","publisher":{"@id":"https:\/\/ellington-photo.com\/ErosWalker\/#organization"},"potentialAction":[{"@type":"SearchAction","target":{"@type":"EntryPoint","urlTemplate":"https:\/\/ellington-photo.com\/ErosWalker\/?s={search_term_string}"},"query-input":{"@type":"PropertyValueSpecification","valueRequired":true,"valueName":"search_term_string"}}],"inLanguage":"fr-FR"},{"@type":"Organization","@id":"https:\/\/ellington-photo.com\/ErosWalker\/#organization","name":"Eros Walker Stories","url":"https:\/\/ellington-photo.com\/ErosWalker\/","logo":{"@type":"ImageObject","inLanguage":"fr-FR","@id":"https:\/\/ellington-photo.com\/ErosWalker\/#\/schema\/logo\/image\/","url":"https:\/\/ellington-photo.com\/ErosWalker\/wp-content\/uploads\/2025\/05\/Chat-Noir.jpg","contentUrl":"https:\/\/ellington-photo.com\/ErosWalker\/wp-content\/uploads\/2025\/05\/Chat-Noir.jpg","width":400,"height":391,"caption":"Eros Walker Stories"},"image":{"@id":"https:\/\/ellington-photo.com\/ErosWalker\/#\/schema\/logo\/image\/"},"sameAs":["https:\/\/www.linkedin.com\/in\/eros-walker-ab710a298\/"]}]}},"_links":{"self":[{"href":"https:\/\/ellington-photo.com\/ErosWalker\/wp-json\/wp\/v2\/pages\/245","targetHints":{"allow":["GET"]}}],"collection":[{"href":"https:\/\/ellington-photo.com\/ErosWalker\/wp-json\/wp\/v2\/pages"}],"about":[{"href":"https:\/\/ellington-photo.com\/ErosWalker\/wp-json\/wp\/v2\/types\/page"}],"author":[{"embeddable":true,"href":"https:\/\/ellington-photo.com\/ErosWalker\/wp-json\/wp\/v2\/users\/1"}],"replies":[{"embeddable":true,"href":"https:\/\/ellington-photo.com\/ErosWalker\/wp-json\/wp\/v2\/comments?post=245"}],"version-history":[{"count":4,"href":"https:\/\/ellington-photo.com\/ErosWalker\/wp-json\/wp\/v2\/pages\/245\/revisions"}],"predecessor-version":[{"id":260,"href":"https:\/\/ellington-photo.com\/ErosWalker\/wp-json\/wp\/v2\/pages\/245\/revisions\/260"}],"wp:featuredmedia":[{"embeddable":true,"href":"https:\/\/ellington-photo.com\/ErosWalker\/wp-json\/wp\/v2\/media\/331"}],"wp:attachment":[{"href":"https:\/\/ellington-photo.com\/ErosWalker\/wp-json\/wp\/v2\/media?parent=245"}],"curies":[{"name":"wp","href":"https:\/\/api.w.org\/{rel}","templated":true}]}}