{"id":243,"date":"2024-11-25T15:41:07","date_gmt":"2024-11-25T14:41:07","guid":{"rendered":"https:\/\/ellington-photo.com\/ErosWalker\/?page_id=243"},"modified":"2024-12-03T09:01:13","modified_gmt":"2024-12-03T08:01:13","slug":"mortelle-cavale-4","status":"publish","type":"page","link":"https:\/\/ellington-photo.com\/ErosWalker\/mortelle-cavale-4\/","title":{"rendered":"Mortelle Cavale (4)"},"content":{"rendered":"\n<p><strong>Initiation<\/strong><\/p>\n\n\n\n<p><strong>Woodville, Mississipi<\/strong><br><strong>Samedi 20 septembre 1980<\/strong><\/p>\n\n\n\n<p>Le gar\u00e7on repose son livre et me regarde avec attention. Je sens qu\u2019il s\u2019interroge sur le s\u00e9rieux de ma proposition. Je relance la conversation.<\/p>\n\n\n\n<p>\u00ab Comment t\u2019appelles-tu ?<\/p>\n\n\n\n<p>\u2014 Travis, M\u2019dame, Travis Floyd. Je suis le fils du m\u00e9decin de la ville.<\/p>\n\n\n\n<p>\u2014 Appelle-moi Jenny, comme tout le monde, quel \u00e2ge as-tu Travis ? Vingt ans ?<\/p>\n\n\n\n<p>\u2014 J\u2019aurai dix-huit ans le mois prochain. Je termine ma classe de 12e au lyc\u00e9e de Wilkinson. L\u2019ann\u00e9e prochaine, j\u2019esp\u00e8re entrer \u00e0 l\u2019universit\u00e9, \u00e0 Jackson ou \u00e0 B\u00e2ton-Rouge. Vous allez o\u00f9 comme \u00e7a, si je peux me permettre ?<\/p>\n\n\n\n<p>\u2014 Je ne sais pas trop encore, j\u2019h\u00e9site entre Memphis et Little Rock.<\/p>\n\n\n\n<p>\u2014 Vous \u00eates s\u00e9rieuse ? Vous avez l\u2019air fatigu\u00e9e, vous ne devriez pas repartir tout de suite.<\/p>\n\n\n\n<p>\u2014 Je vais faire un petit somme dans ma voiture.<\/p>\n\n\n\n<p>\u2014 Euh, excusez-moi, demande Travis g\u00ean\u00e9, ce que vous m\u2019avez propos\u00e9, pour payer l\u2019essence, c\u2019\u00e9tait pour rigoler ? \u00bb<\/p>\n\n\n\n<p>Ce gar\u00e7on travaille le week-end, sans doute pour se payer une voiture ou en pr\u00e9vision de ses \u00e9tudes. Est-ce qu\u2019il a d\u00e9j\u00e0 couch\u00e9 avec une femme ? Je n\u2019ai pas pour habitude de me jeter sur le premier m\u00e2le venu et je viens de manquer de me faire violer chez Billy. Qu\u2019est-ce qui m\u2019a pris de balancer \u00e7a. En m\u00eame temps, je n\u2019irai pas loin avec les trente malheureux dollars que j\u2019ai dans mon sac.<\/p>\n\n\n\n<p>\u00ab Tu as d\u00e9j\u00e0 fait \u00e7a ? Je veux dire en payant.<\/p>\n\n\n\n<p>\u2014 Non, M\u2019dame\u2026 enfin Jenny, avoue-t-il l\u2019air penaud. Je vous l\u2019ai dit, c\u2019est une toute petite ville ici.<\/p>\n\n\n\n<p>\u2014 Et \u00e7a te ferait plaisir ? Je suis peut-\u00eatre un peu vieille pour toi.<\/p>\n\n\n\n<p>\u2014 Oh non, Jenny, vous \u00eates une tr\u00e8s belle femme.<\/p>\n\n\n\n<p>\u2014 Il y a un endroit un peu plus tranquille par ici ?<\/p>\n\n\n\n<p>\u2014 Un petit bureau derri\u00e8re.<\/p>\n\n\n\n<p>\u2014 Montre-moi ! \u00bb<\/p>\n\n\n\n<p>Travis va \u00e0 la porte et la verrouille en pla\u00e7ant le panneau <em>Ferm\u00e9<\/em>. Puis il se dirige vers le fond de la boutique. Une petite pi\u00e8ce encombr\u00e9e sert tout \u00e0 la fois de remise, de bureau et de lieu de repos. Il y a un vieux canap\u00e9 contre un mur. Je lui commande de s\u2019y installer pendant que j\u2019entreprends de d\u00e9boutonner ma chemise. Je vois ses yeux s\u2019agrandir quand il d\u00e9couvre le soutien-gorge blanc. Je fais glisser mon pantalon et je m\u2019approche de lui.<\/p>\n\n\n\n<p>\u00ab Vas-y, tu peux les toucher ! \u00bb<\/p>\n\n\n\n<p>Il reste t\u00e9tanis\u00e9. Je prends sa main et la pose sur mon sein. Il s\u2019enhardit et commence \u00e0 le malaxer. Je le mod\u00e8re gentiment. Je fais glisser les bretelles et d\u00e9voile ma poitrine.<\/p>\n\n\n\n<p>\u00ab Tu veux y go\u00fbter ?<\/p>\n\n\n\n<p>\u2014 Je peux ? \u00bb<\/p>\n\n\n\n<p>Je m\u2019assieds \u00e0 c\u00f4t\u00e9 de lui. Il enfouit sa t\u00eate entre mes seins, comme un enfant. Je remarque la bosse dans son pantalon. J\u2019y porte la main. Je sens son corps se tendre. J\u2019insiste et il se laisse aller. Je lui demande d\u2019\u00f4ter le bouton de son pantalon. Il s\u2019ex\u00e9cute et je lib\u00e8re son membre. J\u2019y ai \u00e0 peine pos\u00e9 la main qu\u2019il envoie un grand jet de sperme.<\/p>\n\n\n\n<p>\u00ab Je suis d\u00e9sol\u00e9, Jenny, je ne voulais pas faire \u00e7a, pas comme \u00e7a !<\/p>\n\n\n\n<p>\u2014 Ce n\u2019est pas grave, mon gar\u00e7on, c\u2019\u00e9tait la premi\u00e8re fois, n\u2019est-ce pas ? \u00bb<\/p>\n\n\n\n<p>Son visage rougit jusqu\u2019aux oreilles. Il me fait un oui timide de la t\u00eate.<\/p>\n\n\n\n<p>\u00ab Ne t\u2019inqui\u00e8te pas, tu trouveras une gentille fille et vous prendrez beaucoup de plaisir ensemble. Pense juste \u00e0 te prot\u00e9ger !<\/p>\n\n\n\n<p>\u2014 Vous \u00eates super cool, Jenny. Ne vous inqui\u00e9tez pas pour l\u2019essence et le caf\u00e9. Le patron n\u2019y verra que du feu. J\u2019ai rien enregistr\u00e9 dans la caisse. \u00bb<\/p>\n\n\n\n<p>Je me rhabille et je sors, je r\u00e9cup\u00e8re mon gobelet sur le comptoir. Le caf\u00e9 est ti\u00e8de, je vais m\u2019en servir un autre avant de repartir vers la voiture. Je ressors la vieille carte. M\u00eame si j\u2019ai chang\u00e9 d\u2019 \u00c9tat, je pr\u00e9f\u00e8re rester \u00e0 l\u2019\u00e9cart des grands axes. Depuis Woodville, il n\u2019y a que deux routes. La 61 remonte vers Natchez et le fleuve. L\u2019autre, la 563, part vers Wilkinson et la for\u00eat d\u2019Homochitto. C\u2019est cette derni\u00e8re que je choisis. Je n\u2019ai pas l\u2019intention de rouler toute la nuit, il va me falloir trouver un endroit pour me reposer. Je roule dans la for\u00eat, sans croiser personne. Qui aurait l\u2019id\u00e9e de passer dans ce coin en pleine nuit. Wilkinson n&rsquo;est qu\u2019un point sur la carte, \u00e0 la jonction de deux routes. Je continue encore un moment, je m\u2019enfonce plus profond encore dans les bois. Je distingue \u00e0 peine les \u00e9toiles entre les branches des arbres qui bordent la route. Je finis par trouver un parking, un peu \u00e0 l\u2019\u00e9cart de la route. Il n\u2019y a pas d\u2019autre voiture. Je ne suis pas vraiment rassur\u00e9e, mais je n\u2019ai pas trop le choix. Je verrouille les porti\u00e8res et je sors de la bo\u00eete \u00e0 gants le Smith et Wesson de Frankie. Je le pose \u00e0 la place passager et incline le dossier de mon si\u00e8ge. Il ne me faut pas plus de cinq minutes pour sombrer dans un sommeil lourd.<br><br><br>Continuer la lecture : <a href=\"https:\/\/ellington-photo.com\/ErosWalker\/mortelle-cavale-5\/\">https:\/\/ellington-photo.com\/ErosWalker\/mortelle-cavale-<\/a>5\/<\/p>\n","protected":false},"excerpt":{"rendered":"<p>Initiation Woodville, MississipiSamedi 20 septembre 1980 Le gar\u00e7on repose son livre et me regarde avec attention. Je sens qu\u2019il s\u2019interroge sur le s\u00e9rieux de ma proposition. Je relance la conversation. \u00ab Comment t\u2019appelles-tu ? \u2014 Travis, M\u2019dame, Travis Floyd. Je suis le fils du m\u00e9decin &hellip; <\/p>\n","protected":false},"author":1,"featured_media":326,"parent":0,"menu_order":0,"comment_status":"closed","ping_status":"closed","template":"","meta":{"footnotes":""},"class_list":["post-243","page","type-page","status-publish","has-post-thumbnail","hentry"],"yoast_head":"<!-- This site is optimized with the Yoast SEO plugin v27.4 - https:\/\/yoast.com\/product\/yoast-seo-wordpress\/ -->\n<title>Mortelle Cavale (4) - Eros Walker Stories<\/title>\n<meta name=\"robots\" content=\"index, follow, max-snippet:-1, max-image-preview:large, max-video-preview:-1\" \/>\n<link rel=\"canonical\" href=\"https:\/\/ellington-photo.com\/ErosWalker\/mortelle-cavale-4\/\" \/>\n<meta property=\"og:locale\" content=\"fr_FR\" \/>\n<meta property=\"og:type\" content=\"article\" \/>\n<meta property=\"og:title\" content=\"Mortelle Cavale (4) - Eros Walker Stories\" \/>\n<meta property=\"og:description\" content=\"Initiation Woodville, MississipiSamedi 20 septembre 1980 Le gar\u00e7on repose son livre et me regarde avec attention. Je sens qu\u2019il s\u2019interroge sur le s\u00e9rieux de ma proposition. Je relance la conversation. \u00ab Comment t\u2019appelles-tu ? \u2014 Travis, M\u2019dame, Travis Floyd. Je suis le fils du m\u00e9decin &hellip;\" \/>\n<meta property=\"og:url\" content=\"https:\/\/ellington-photo.com\/ErosWalker\/mortelle-cavale-4\/\" \/>\n<meta property=\"og:site_name\" content=\"Eros Walker Stories\" \/>\n<meta property=\"article:modified_time\" content=\"2024-12-03T08:01:13+00:00\" \/>\n<meta property=\"og:image\" content=\"https:\/\/ellington-photo.com\/ErosWalker\/wp-content\/uploads\/2024\/12\/Station-Service.jpg\" \/>\n\t<meta property=\"og:image:width\" content=\"1024\" \/>\n\t<meta property=\"og:image:height\" content=\"1024\" \/>\n\t<meta property=\"og:image:type\" content=\"image\/jpeg\" \/>\n<meta name=\"twitter:card\" content=\"summary_large_image\" \/>\n<meta name=\"twitter:label1\" content=\"Dur\u00e9e de lecture estim\u00e9e\" \/>\n\t<meta name=\"twitter:data1\" content=\"5 minutes\" \/>\n<script type=\"application\/ld+json\" class=\"yoast-schema-graph\">{\"@context\":\"https:\\\/\\\/schema.org\",\"@graph\":[{\"@type\":\"WebPage\",\"@id\":\"https:\\\/\\\/ellington-photo.com\\\/ErosWalker\\\/mortelle-cavale-4\\\/\",\"url\":\"https:\\\/\\\/ellington-photo.com\\\/ErosWalker\\\/mortelle-cavale-4\\\/\",\"name\":\"Mortelle Cavale (4) - Eros Walker Stories\",\"isPartOf\":{\"@id\":\"https:\\\/\\\/ellington-photo.com\\\/ErosWalker\\\/#website\"},\"primaryImageOfPage\":{\"@id\":\"https:\\\/\\\/ellington-photo.com\\\/ErosWalker\\\/mortelle-cavale-4\\\/#primaryimage\"},\"image\":{\"@id\":\"https:\\\/\\\/ellington-photo.com\\\/ErosWalker\\\/mortelle-cavale-4\\\/#primaryimage\"},\"thumbnailUrl\":\"https:\\\/\\\/ellington-photo.com\\\/ErosWalker\\\/wp-content\\\/uploads\\\/2024\\\/12\\\/Station-Service.jpg\",\"datePublished\":\"2024-11-25T14:41:07+00:00\",\"dateModified\":\"2024-12-03T08:01:13+00:00\",\"breadcrumb\":{\"@id\":\"https:\\\/\\\/ellington-photo.com\\\/ErosWalker\\\/mortelle-cavale-4\\\/#breadcrumb\"},\"inLanguage\":\"fr-FR\",\"potentialAction\":[{\"@type\":\"ReadAction\",\"target\":[\"https:\\\/\\\/ellington-photo.com\\\/ErosWalker\\\/mortelle-cavale-4\\\/\"]}]},{\"@type\":\"ImageObject\",\"inLanguage\":\"fr-FR\",\"@id\":\"https:\\\/\\\/ellington-photo.com\\\/ErosWalker\\\/mortelle-cavale-4\\\/#primaryimage\",\"url\":\"https:\\\/\\\/ellington-photo.com\\\/ErosWalker\\\/wp-content\\\/uploads\\\/2024\\\/12\\\/Station-Service.jpg\",\"contentUrl\":\"https:\\\/\\\/ellington-photo.com\\\/ErosWalker\\\/wp-content\\\/uploads\\\/2024\\\/12\\\/Station-Service.jpg\",\"width\":1024,\"height\":1024},{\"@type\":\"BreadcrumbList\",\"@id\":\"https:\\\/\\\/ellington-photo.com\\\/ErosWalker\\\/mortelle-cavale-4\\\/#breadcrumb\",\"itemListElement\":[{\"@type\":\"ListItem\",\"position\":1,\"name\":\"Accueil\",\"item\":\"https:\\\/\\\/ellington-photo.com\\\/ErosWalker\\\/\"},{\"@type\":\"ListItem\",\"position\":2,\"name\":\"Mortelle Cavale (4)\"}]},{\"@type\":\"WebSite\",\"@id\":\"https:\\\/\\\/ellington-photo.com\\\/ErosWalker\\\/#website\",\"url\":\"https:\\\/\\\/ellington-photo.com\\\/ErosWalker\\\/\",\"name\":\"Eros Walker Stories\",\"description\":\"Litt\u00e9rature et images\",\"publisher\":{\"@id\":\"https:\\\/\\\/ellington-photo.com\\\/ErosWalker\\\/#organization\"},\"potentialAction\":[{\"@type\":\"SearchAction\",\"target\":{\"@type\":\"EntryPoint\",\"urlTemplate\":\"https:\\\/\\\/ellington-photo.com\\\/ErosWalker\\\/?s={search_term_string}\"},\"query-input\":{\"@type\":\"PropertyValueSpecification\",\"valueRequired\":true,\"valueName\":\"search_term_string\"}}],\"inLanguage\":\"fr-FR\"},{\"@type\":\"Organization\",\"@id\":\"https:\\\/\\\/ellington-photo.com\\\/ErosWalker\\\/#organization\",\"name\":\"Eros Walker Stories\",\"url\":\"https:\\\/\\\/ellington-photo.com\\\/ErosWalker\\\/\",\"logo\":{\"@type\":\"ImageObject\",\"inLanguage\":\"fr-FR\",\"@id\":\"https:\\\/\\\/ellington-photo.com\\\/ErosWalker\\\/#\\\/schema\\\/logo\\\/image\\\/\",\"url\":\"https:\\\/\\\/ellington-photo.com\\\/ErosWalker\\\/wp-content\\\/uploads\\\/2025\\\/05\\\/Chat-Noir.jpg\",\"contentUrl\":\"https:\\\/\\\/ellington-photo.com\\\/ErosWalker\\\/wp-content\\\/uploads\\\/2025\\\/05\\\/Chat-Noir.jpg\",\"width\":400,\"height\":391,\"caption\":\"Eros Walker Stories\"},\"image\":{\"@id\":\"https:\\\/\\\/ellington-photo.com\\\/ErosWalker\\\/#\\\/schema\\\/logo\\\/image\\\/\"},\"sameAs\":[\"https:\\\/\\\/www.linkedin.com\\\/in\\\/eros-walker-ab710a298\\\/\"]}]}<\/script>\n<!-- \/ Yoast SEO plugin. -->","yoast_head_json":{"title":"Mortelle Cavale (4) - Eros Walker Stories","robots":{"index":"index","follow":"follow","max-snippet":"max-snippet:-1","max-image-preview":"max-image-preview:large","max-video-preview":"max-video-preview:-1"},"canonical":"https:\/\/ellington-photo.com\/ErosWalker\/mortelle-cavale-4\/","og_locale":"fr_FR","og_type":"article","og_title":"Mortelle Cavale (4) - Eros Walker Stories","og_description":"Initiation Woodville, MississipiSamedi 20 septembre 1980 Le gar\u00e7on repose son livre et me regarde avec attention. Je sens qu\u2019il s\u2019interroge sur le s\u00e9rieux de ma proposition. Je relance la conversation. \u00ab Comment t\u2019appelles-tu ? \u2014 Travis, M\u2019dame, Travis Floyd. Je suis le fils du m\u00e9decin &hellip;","og_url":"https:\/\/ellington-photo.com\/ErosWalker\/mortelle-cavale-4\/","og_site_name":"Eros Walker Stories","article_modified_time":"2024-12-03T08:01:13+00:00","og_image":[{"width":1024,"height":1024,"url":"https:\/\/ellington-photo.com\/ErosWalker\/wp-content\/uploads\/2024\/12\/Station-Service.jpg","type":"image\/jpeg"}],"twitter_card":"summary_large_image","twitter_misc":{"Dur\u00e9e de lecture estim\u00e9e":"5 minutes"},"schema":{"@context":"https:\/\/schema.org","@graph":[{"@type":"WebPage","@id":"https:\/\/ellington-photo.com\/ErosWalker\/mortelle-cavale-4\/","url":"https:\/\/ellington-photo.com\/ErosWalker\/mortelle-cavale-4\/","name":"Mortelle Cavale (4) - Eros Walker Stories","isPartOf":{"@id":"https:\/\/ellington-photo.com\/ErosWalker\/#website"},"primaryImageOfPage":{"@id":"https:\/\/ellington-photo.com\/ErosWalker\/mortelle-cavale-4\/#primaryimage"},"image":{"@id":"https:\/\/ellington-photo.com\/ErosWalker\/mortelle-cavale-4\/#primaryimage"},"thumbnailUrl":"https:\/\/ellington-photo.com\/ErosWalker\/wp-content\/uploads\/2024\/12\/Station-Service.jpg","datePublished":"2024-11-25T14:41:07+00:00","dateModified":"2024-12-03T08:01:13+00:00","breadcrumb":{"@id":"https:\/\/ellington-photo.com\/ErosWalker\/mortelle-cavale-4\/#breadcrumb"},"inLanguage":"fr-FR","potentialAction":[{"@type":"ReadAction","target":["https:\/\/ellington-photo.com\/ErosWalker\/mortelle-cavale-4\/"]}]},{"@type":"ImageObject","inLanguage":"fr-FR","@id":"https:\/\/ellington-photo.com\/ErosWalker\/mortelle-cavale-4\/#primaryimage","url":"https:\/\/ellington-photo.com\/ErosWalker\/wp-content\/uploads\/2024\/12\/Station-Service.jpg","contentUrl":"https:\/\/ellington-photo.com\/ErosWalker\/wp-content\/uploads\/2024\/12\/Station-Service.jpg","width":1024,"height":1024},{"@type":"BreadcrumbList","@id":"https:\/\/ellington-photo.com\/ErosWalker\/mortelle-cavale-4\/#breadcrumb","itemListElement":[{"@type":"ListItem","position":1,"name":"Accueil","item":"https:\/\/ellington-photo.com\/ErosWalker\/"},{"@type":"ListItem","position":2,"name":"Mortelle Cavale (4)"}]},{"@type":"WebSite","@id":"https:\/\/ellington-photo.com\/ErosWalker\/#website","url":"https:\/\/ellington-photo.com\/ErosWalker\/","name":"Eros Walker Stories","description":"Litt\u00e9rature et images","publisher":{"@id":"https:\/\/ellington-photo.com\/ErosWalker\/#organization"},"potentialAction":[{"@type":"SearchAction","target":{"@type":"EntryPoint","urlTemplate":"https:\/\/ellington-photo.com\/ErosWalker\/?s={search_term_string}"},"query-input":{"@type":"PropertyValueSpecification","valueRequired":true,"valueName":"search_term_string"}}],"inLanguage":"fr-FR"},{"@type":"Organization","@id":"https:\/\/ellington-photo.com\/ErosWalker\/#organization","name":"Eros Walker Stories","url":"https:\/\/ellington-photo.com\/ErosWalker\/","logo":{"@type":"ImageObject","inLanguage":"fr-FR","@id":"https:\/\/ellington-photo.com\/ErosWalker\/#\/schema\/logo\/image\/","url":"https:\/\/ellington-photo.com\/ErosWalker\/wp-content\/uploads\/2025\/05\/Chat-Noir.jpg","contentUrl":"https:\/\/ellington-photo.com\/ErosWalker\/wp-content\/uploads\/2025\/05\/Chat-Noir.jpg","width":400,"height":391,"caption":"Eros Walker Stories"},"image":{"@id":"https:\/\/ellington-photo.com\/ErosWalker\/#\/schema\/logo\/image\/"},"sameAs":["https:\/\/www.linkedin.com\/in\/eros-walker-ab710a298\/"]}]}},"_links":{"self":[{"href":"https:\/\/ellington-photo.com\/ErosWalker\/wp-json\/wp\/v2\/pages\/243","targetHints":{"allow":["GET"]}}],"collection":[{"href":"https:\/\/ellington-photo.com\/ErosWalker\/wp-json\/wp\/v2\/pages"}],"about":[{"href":"https:\/\/ellington-photo.com\/ErosWalker\/wp-json\/wp\/v2\/types\/page"}],"author":[{"embeddable":true,"href":"https:\/\/ellington-photo.com\/ErosWalker\/wp-json\/wp\/v2\/users\/1"}],"replies":[{"embeddable":true,"href":"https:\/\/ellington-photo.com\/ErosWalker\/wp-json\/wp\/v2\/comments?post=243"}],"version-history":[{"count":2,"href":"https:\/\/ellington-photo.com\/ErosWalker\/wp-json\/wp\/v2\/pages\/243\/revisions"}],"predecessor-version":[{"id":332,"href":"https:\/\/ellington-photo.com\/ErosWalker\/wp-json\/wp\/v2\/pages\/243\/revisions\/332"}],"wp:featuredmedia":[{"embeddable":true,"href":"https:\/\/ellington-photo.com\/ErosWalker\/wp-json\/wp\/v2\/media\/326"}],"wp:attachment":[{"href":"https:\/\/ellington-photo.com\/ErosWalker\/wp-json\/wp\/v2\/media?parent=243"}],"curies":[{"name":"wp","href":"https:\/\/api.w.org\/{rel}","templated":true}]}}