{"id":239,"date":"2024-11-25T15:32:31","date_gmt":"2024-11-25T14:32:31","guid":{"rendered":"https:\/\/ellington-photo.com\/ErosWalker\/?page_id=239"},"modified":"2024-12-02T14:34:13","modified_gmt":"2024-12-02T13:34:13","slug":"mortelle-cavale-3","status":"publish","type":"page","link":"https:\/\/ellington-photo.com\/ErosWalker\/mortelle-cavale-3\/","title":{"rendered":"Mortelle Cavale (3)"},"content":{"rendered":"\n<h2 class=\"wp-block-heading\">L\u2019agression<\/h2>\n\n\n\n<p><strong>Saint-Gabriel, Louisiane<\/strong><br><strong>Vendredi 19 septembre 1980<\/strong><\/p>\n\n\n\n<p>La journ\u00e9e avait plut\u00f4t bien commenc\u00e9. Pour une fois, j\u2019avais r\u00e9ussi \u00e0 attraper le bus de 10h30, ce qui m\u2019avait permis d\u2019arriver \u00e0 l\u2019heure au travail. C\u2019est vrai que Billy n\u2019est pas tr\u00e8s \u00e0 cheval sur les horaires, mais je sais que j\u2019ai plut\u00f4t tendance \u00e0 arriver un peu en retard et je suis oblig\u00e9e de compenser le soir. \u00c0 11h00, il n\u2019y avait pas grand monde dans la salle. Le rush des petits-d\u00e9jeuners \u00e9tait pass\u00e9 et la pause de midi \u00e9tait encore assez loin. J\u2019ai crois\u00e9 Mary, qui assure le service le matin. On a bavard\u00e9 quelques minutes en fumant une cigarette. Billy \u00e9tait occup\u00e9 \u00e0 l\u2019arri\u00e8re, \u00e0 r\u00e9ceptionner une livraison. Mary est assez sympa comme coll\u00e8gue, mais je ne dirais pas que nous sommes amies. D\u00e9j\u00e0, nous n\u2019avons pas le m\u00eame \u00e2ge, Mary doit avoir au moins cinquante ans. Je pense qu\u2019elle en pince un peu pour le patron, mais je n\u2019ai jamais vu Billy rentrer dans son jeu. S\u2019il y a vraiment quelque chose entre eux, c\u2019est bien cach\u00e9. Que dire sur Billy ? C\u2019est un vrai gars du pays, qui connait tous les recoins du bayou. Quand il a un peu de temps libre, il part p\u00eacher ou chasser l\u2019alligator. Il en a m\u00eame fait empailler un, qui tr\u00f4ne au dessus du bar ! Billy, c\u2019est un grand type d\u2019au moins six pieds de haut, large d\u2019\u00e9paules avec des bras comme des troncs d\u2019arbre. Il manipule les f\u00fbts de bi\u00e8re comme moi les canettes. Je l\u2019ai toujours vu avec une barbe en broussaille et ses cheveux poivre et sel d\u00e9coiff\u00e9s, v\u00eatu d\u2019une chemise et d\u2019un pantalon de jean, des bottes aux pieds. C\u2019est pas un violent Billy, il n\u2019a m\u00eame pas besoin d\u2019\u00e9lever la voix pour calmer les plus excit\u00e9s, sa carrure suffit \u00e0 les ramener \u00e0 la raison. \u00c7a ne l\u2019emp\u00eache pas d\u2019avoir un fusil sous le comptoir, mais il ne l\u2019a jamais sorti en ma pr\u00e9sence. En bref, c\u2019est un bon gros nounours, qu\u2019on n\u2019a pas trop envie d\u2019emmerder. J\u2019aurais bien aim\u00e9 avoir un p\u00e8re comme \u00e7a, au lieu d\u2019un militaire qui voulait que tout marche au pas dans la maison. Billy ne parle pas trop de sa famille et on n\u2019a pas trop envie de lui poser de questions sur ce sujet. Je crois qu\u2019il a une fille, qui vit maintenant en Alaska, avec son ex-femme. Il n\u2019y a pas de photos dans son petit bureau. Par contre, il est tr\u00e8s fier d\u2019avoir servi en Cor\u00e9e, il \u00e9tait dans l\u2019Air Force, m\u00e9canicien je crois. Il y a un portrait de lui, en uniforme, posant devant un avion, un Sabre m\u2019a-t-il dit un jour.<\/p>\n\n\n\n<p>Le bar lui-m\u00eame n\u2019est pas vraiment classe, plut\u00f4t un lieu o\u00f9 on se retrouve pour boire des bi\u00e8res apr\u00e8s le travail. Le matin et le midi, on sert des repas, pour les gars qui conduisent les camions citernes venant des raffineries ou des usines chimiques du coin. C\u2019est pas ce qui manque dans le delta. Le d\u00e9cor, c\u2019est surtout des embl\u00e8mes des \u00e9quipes locales, base-ball, football, basket et des enseignes de marques de bi\u00e8re, en n\u00e9on de couleur. C\u2019est sympa le soir. Il y a un gros juke-box dans un coin avec une petite piste de danse, pour les jeunes. Il y a un peu de rock et de country, mais surtout de la musique du coin, des groupes cajuns, un peu de blues aussi.<\/p>\n\n\n\n<p>La journ\u00e9e s\u2019\u00e9tait d\u00e9roul\u00e9e normalement ce vendredi, jusqu\u2019au pic du soir. Le vendredi, c\u2019est toujours assez charg\u00e9, alors je reste g\u00e9n\u00e9ralement un peu plus tard. Toutes les tables \u00e9taient occup\u00e9es et il fallait jouer des coudes pour se faire un chemin jusqu\u2019au bar. Je n\u2019arr\u00eatais pas de servir des bi\u00e8res. C\u2019est \u00e0 ce moment-l\u00e0, il devait \u00eatre sept ou huit heures que ce gars est entr\u00e9. Je ne l\u2019avais encore jamais vu, ce qui est assez rare, vu que le soir, on n\u2019a g\u00e9n\u00e9ralement que des habitu\u00e9s. Il s\u2019est fray\u00e9 un chemin jusqu\u2019au comptoir, ce qui n\u2019a plu \u00e0 tout le monde et il m\u2019a demand\u00e9 une bi\u00e8re et un whisky. Il \u00e9tait du genre dragueur s\u00e9duisant. Les cheveux bruns coiff\u00e9s en arri\u00e8re, une barbe de trois jours avec un regard sombre et p\u00e9n\u00e9trant. Un peu le genre de Marlon Brando dans <em>A Streetcar Named Desire<\/em>[1]. Il portait l\u2019uniforme d\u2019une marque d\u2019essence. J\u2019ai appris \u00e0 me m\u00e9fier de ce genre de types. Il a bu sa bi\u00e8re et enfil\u00e9 son whisky d\u2019un trait, puis il m\u2019a redemand\u00e9 la m\u00eame chose. Je l\u2019ai resservi et il a engag\u00e9 la conversation. Moi, vous pensez bien qu\u2019en plein coup de feu, je n\u2019avais pas le temps de bavarder. J\u2019ai juste compris qu\u2019il s\u2019appelait Henry, Henry March a-t-il pr\u00e9cis\u00e9. Il avait un probl\u00e8me avec son camion et il ne pourrait pas repartir avant le lendemain. J\u2019ai pig\u00e9 qu\u2019il avait l\u2019intention de passer toute la soir\u00e9e au bar. Au quatri\u00e8me verre, il a demand\u00e9 \u00e0 quelle heure je terminais. Au suivant, il m\u2019a propos\u00e9 de le rejoindre dans sa cabine apr\u00e8s mon service. \u00c0 chaque fois, j\u2019ai esquiv\u00e9, filant \u00e0 l\u2019autre bout du rade pour servir un autre client. J\u2019ai gliss\u00e9 un mot \u00e0 Billy qui est all\u00e9 lui parler. J\u2019ai vu Henry prendre sa bi\u00e8re et aller s\u2019installer \u00e0 une table qui se lib\u00e9rait.<\/p>\n\n\n\n<p>Vers neuf heures, la salle a commenc\u00e9 \u00e0 se vider. Le comptoir s\u2019est progressivement lib\u00e9r\u00e9. Henry, lui \u00e9tait toujours assis \u00e0 sa table, une bouteille \u00e0 la main. Billy m\u2019a dit que je pouvais y aller, qu\u2019il assurerait la fermeture. Je me suis dirig\u00e9e vers la petite pi\u00e8ce qui nous sert de vestiaire, \u00e0 c\u00f4t\u00e9 des toilettes. Je me suis chang\u00e9e, j\u2019ai remis mon chemisier blanc et mon jean, je me suis recoiff\u00e9e et maquill\u00e9e. Quand je suis sortie de la pi\u00e8ce, Henry \u00e9tait adoss\u00e9 au mur, en face de la porte. J\u2019ai pens\u00e9 qu\u2019il attendait que les toilettes se lib\u00e8rent, mais j\u2019ai vite compris mon erreur.<\/p>\n\n\n\n<p>\u00ab J\u2019attends ta r\u00e9ponse !<\/p>\n\n\n\n<p>\u2014 Quelle r\u00e9ponse ? ai-je demand\u00e9.<\/p>\n\n\n\n<p>\u2014 La question que je t\u2019ai pos\u00e9e tout \u00e0 l\u2019heure. Je t\u2019ai demand\u00e9 si tu voulais venir faire un tour dans mon camion. \u00bb<\/p>\n\n\n\n<p>J\u2019ai commenc\u00e9 \u00e0 m\u2019inqui\u00e9ter. Il n\u2019y avait presque personne dans la salle. Billy devait \u00eatre derri\u00e8re le comptoir.<\/p>\n\n\n\n<p>\u00ab T\u2019es plut\u00f4t mon genre, une belle poup\u00e9e, t\u2019es bien mieux comme \u00e7a qu\u2019avec ta tenue de serveuse ! \u00bb<\/p>\n\n\n\n<p>Henry s\u2019est rapproch\u00e9, il a mis les mains sur le mur, autour de ma t\u00eate, et j\u2019ai vu ses l\u00e8vres s\u2019approcher. J\u2019ai d\u00e9tourn\u00e9 la t\u00eate. Alors il a pos\u00e9 ses mains sur ma poitrine, me pelotant les seins. Je ne savais pas quoi faire. J\u2019ai remarqu\u00e9 la bouteille de bi\u00e8re qu\u2019il avait pos\u00e9e sur la console, \u00e0 c\u00f4t\u00e9 de la porte des toilettes. J\u2019ai r\u00e9ussi \u00e0 m\u2019en emparer et \u00e0 lui fracasser sur la tempe. \u00c7a l\u2019a bien sonn\u00e9. J\u2019ai vu un peu de sang couler, il s\u2019est adoss\u00e9 \u00e0 la cloison en portant sa main \u00e0 la t\u00eate. J\u2019en ai profit\u00e9 pour foutre le camp.<\/p>\n\n\n\n<p>Mon cerveau carburait \u00e0 toute vitesse. Il fallait que je parte d\u2019ici, il n\u2019allait pas rester assomm\u00e9 bien longtemps. Pas question d\u2019attendre le bus. Je me suis gliss\u00e9e dans le bureau de Billy. Les cl\u00e9s de sa voiture, une antique Jeep, \u00e9taient accroch\u00e9es au-dessus de sa table de travail, comme toujours. Je les ai  rafl\u00e9es en vitesse et je suis sortie aussi calmement que possible. Cinq minutes plus tard, je roulais sur la route 30 en direction de B\u00e2ton-Rouge.<br><\/p>\n\n\n\n<p>[1] Un tramway nomm\u00e9 D\u00e9sir<br><\/p>\n\n\n\n<p>Continuer la lecture : <a href=\"https:\/\/ellington-photo.com\/ErosWalker\/mortelle-cavale-4\/\">https:\/\/ellington-photo.com\/ErosWalker\/mortelle-cavale-4\/<\/a><br>\u00a0<\/p>\n","protected":false},"excerpt":{"rendered":"<p>L\u2019agression Saint-Gabriel, LouisianeVendredi 19 septembre 1980 La journ\u00e9e avait plut\u00f4t bien commenc\u00e9. Pour une fois, j\u2019avais r\u00e9ussi \u00e0 attraper le bus de 10h30, ce qui m\u2019avait permis d\u2019arriver \u00e0 l\u2019heure au travail. C\u2019est vrai que Billy n\u2019est pas tr\u00e8s \u00e0 cheval sur les horaires, mais &hellip; <\/p>\n","protected":false},"author":1,"featured_media":329,"parent":0,"menu_order":0,"comment_status":"closed","ping_status":"closed","template":"","meta":{"footnotes":""},"class_list":["post-239","page","type-page","status-publish","has-post-thumbnail","hentry"],"yoast_head":"<!-- This site is optimized with the Yoast SEO plugin v27.4 - https:\/\/yoast.com\/product\/yoast-seo-wordpress\/ -->\n<title>Mortelle Cavale (3) - Eros Walker Stories<\/title>\n<meta name=\"robots\" content=\"index, follow, max-snippet:-1, max-image-preview:large, max-video-preview:-1\" \/>\n<link rel=\"canonical\" href=\"https:\/\/ellington-photo.com\/ErosWalker\/mortelle-cavale-3\/\" \/>\n<meta property=\"og:locale\" content=\"fr_FR\" \/>\n<meta property=\"og:type\" content=\"article\" \/>\n<meta property=\"og:title\" content=\"Mortelle Cavale (3) - Eros Walker Stories\" \/>\n<meta property=\"og:description\" content=\"L\u2019agression Saint-Gabriel, LouisianeVendredi 19 septembre 1980 La journ\u00e9e avait plut\u00f4t bien commenc\u00e9. Pour une fois, j\u2019avais r\u00e9ussi \u00e0 attraper le bus de 10h30, ce qui m\u2019avait permis d\u2019arriver \u00e0 l\u2019heure au travail. C\u2019est vrai que Billy n\u2019est pas tr\u00e8s \u00e0 cheval sur les horaires, mais &hellip;\" \/>\n<meta property=\"og:url\" content=\"https:\/\/ellington-photo.com\/ErosWalker\/mortelle-cavale-3\/\" \/>\n<meta property=\"og:site_name\" content=\"Eros Walker Stories\" \/>\n<meta property=\"article:modified_time\" content=\"2024-12-02T13:34:13+00:00\" \/>\n<meta property=\"og:image\" content=\"https:\/\/ellington-photo.com\/ErosWalker\/wp-content\/uploads\/2024\/12\/Designer-15.jpeg\" \/>\n\t<meta property=\"og:image:width\" content=\"1024\" \/>\n\t<meta property=\"og:image:height\" content=\"1024\" \/>\n\t<meta property=\"og:image:type\" content=\"image\/jpeg\" \/>\n<meta name=\"twitter:card\" content=\"summary_large_image\" \/>\n<meta name=\"twitter:label1\" content=\"Dur\u00e9e de lecture estim\u00e9e\" \/>\n\t<meta name=\"twitter:data1\" content=\"7 minutes\" \/>\n<script type=\"application\/ld+json\" class=\"yoast-schema-graph\">{\"@context\":\"https:\\\/\\\/schema.org\",\"@graph\":[{\"@type\":\"WebPage\",\"@id\":\"https:\\\/\\\/ellington-photo.com\\\/ErosWalker\\\/mortelle-cavale-3\\\/\",\"url\":\"https:\\\/\\\/ellington-photo.com\\\/ErosWalker\\\/mortelle-cavale-3\\\/\",\"name\":\"Mortelle Cavale (3) - Eros Walker Stories\",\"isPartOf\":{\"@id\":\"https:\\\/\\\/ellington-photo.com\\\/ErosWalker\\\/#website\"},\"primaryImageOfPage\":{\"@id\":\"https:\\\/\\\/ellington-photo.com\\\/ErosWalker\\\/mortelle-cavale-3\\\/#primaryimage\"},\"image\":{\"@id\":\"https:\\\/\\\/ellington-photo.com\\\/ErosWalker\\\/mortelle-cavale-3\\\/#primaryimage\"},\"thumbnailUrl\":\"https:\\\/\\\/ellington-photo.com\\\/ErosWalker\\\/wp-content\\\/uploads\\\/2024\\\/12\\\/Designer-15.jpeg\",\"datePublished\":\"2024-11-25T14:32:31+00:00\",\"dateModified\":\"2024-12-02T13:34:13+00:00\",\"breadcrumb\":{\"@id\":\"https:\\\/\\\/ellington-photo.com\\\/ErosWalker\\\/mortelle-cavale-3\\\/#breadcrumb\"},\"inLanguage\":\"fr-FR\",\"potentialAction\":[{\"@type\":\"ReadAction\",\"target\":[\"https:\\\/\\\/ellington-photo.com\\\/ErosWalker\\\/mortelle-cavale-3\\\/\"]}]},{\"@type\":\"ImageObject\",\"inLanguage\":\"fr-FR\",\"@id\":\"https:\\\/\\\/ellington-photo.com\\\/ErosWalker\\\/mortelle-cavale-3\\\/#primaryimage\",\"url\":\"https:\\\/\\\/ellington-photo.com\\\/ErosWalker\\\/wp-content\\\/uploads\\\/2024\\\/12\\\/Designer-15.jpeg\",\"contentUrl\":\"https:\\\/\\\/ellington-photo.com\\\/ErosWalker\\\/wp-content\\\/uploads\\\/2024\\\/12\\\/Designer-15.jpeg\",\"width\":1024,\"height\":1024},{\"@type\":\"BreadcrumbList\",\"@id\":\"https:\\\/\\\/ellington-photo.com\\\/ErosWalker\\\/mortelle-cavale-3\\\/#breadcrumb\",\"itemListElement\":[{\"@type\":\"ListItem\",\"position\":1,\"name\":\"Accueil\",\"item\":\"https:\\\/\\\/ellington-photo.com\\\/ErosWalker\\\/\"},{\"@type\":\"ListItem\",\"position\":2,\"name\":\"Mortelle Cavale (3)\"}]},{\"@type\":\"WebSite\",\"@id\":\"https:\\\/\\\/ellington-photo.com\\\/ErosWalker\\\/#website\",\"url\":\"https:\\\/\\\/ellington-photo.com\\\/ErosWalker\\\/\",\"name\":\"Eros Walker Stories\",\"description\":\"Litt\u00e9rature et images\",\"publisher\":{\"@id\":\"https:\\\/\\\/ellington-photo.com\\\/ErosWalker\\\/#organization\"},\"potentialAction\":[{\"@type\":\"SearchAction\",\"target\":{\"@type\":\"EntryPoint\",\"urlTemplate\":\"https:\\\/\\\/ellington-photo.com\\\/ErosWalker\\\/?s={search_term_string}\"},\"query-input\":{\"@type\":\"PropertyValueSpecification\",\"valueRequired\":true,\"valueName\":\"search_term_string\"}}],\"inLanguage\":\"fr-FR\"},{\"@type\":\"Organization\",\"@id\":\"https:\\\/\\\/ellington-photo.com\\\/ErosWalker\\\/#organization\",\"name\":\"Eros Walker Stories\",\"url\":\"https:\\\/\\\/ellington-photo.com\\\/ErosWalker\\\/\",\"logo\":{\"@type\":\"ImageObject\",\"inLanguage\":\"fr-FR\",\"@id\":\"https:\\\/\\\/ellington-photo.com\\\/ErosWalker\\\/#\\\/schema\\\/logo\\\/image\\\/\",\"url\":\"https:\\\/\\\/ellington-photo.com\\\/ErosWalker\\\/wp-content\\\/uploads\\\/2025\\\/05\\\/Chat-Noir.jpg\",\"contentUrl\":\"https:\\\/\\\/ellington-photo.com\\\/ErosWalker\\\/wp-content\\\/uploads\\\/2025\\\/05\\\/Chat-Noir.jpg\",\"width\":400,\"height\":391,\"caption\":\"Eros Walker Stories\"},\"image\":{\"@id\":\"https:\\\/\\\/ellington-photo.com\\\/ErosWalker\\\/#\\\/schema\\\/logo\\\/image\\\/\"},\"sameAs\":[\"https:\\\/\\\/www.linkedin.com\\\/in\\\/eros-walker-ab710a298\\\/\"]}]}<\/script>\n<!-- \/ Yoast SEO plugin. -->","yoast_head_json":{"title":"Mortelle Cavale (3) - Eros Walker Stories","robots":{"index":"index","follow":"follow","max-snippet":"max-snippet:-1","max-image-preview":"max-image-preview:large","max-video-preview":"max-video-preview:-1"},"canonical":"https:\/\/ellington-photo.com\/ErosWalker\/mortelle-cavale-3\/","og_locale":"fr_FR","og_type":"article","og_title":"Mortelle Cavale (3) - Eros Walker Stories","og_description":"L\u2019agression Saint-Gabriel, LouisianeVendredi 19 septembre 1980 La journ\u00e9e avait plut\u00f4t bien commenc\u00e9. Pour une fois, j\u2019avais r\u00e9ussi \u00e0 attraper le bus de 10h30, ce qui m\u2019avait permis d\u2019arriver \u00e0 l\u2019heure au travail. C\u2019est vrai que Billy n\u2019est pas tr\u00e8s \u00e0 cheval sur les horaires, mais &hellip;","og_url":"https:\/\/ellington-photo.com\/ErosWalker\/mortelle-cavale-3\/","og_site_name":"Eros Walker Stories","article_modified_time":"2024-12-02T13:34:13+00:00","og_image":[{"width":1024,"height":1024,"url":"https:\/\/ellington-photo.com\/ErosWalker\/wp-content\/uploads\/2024\/12\/Designer-15.jpeg","type":"image\/jpeg"}],"twitter_card":"summary_large_image","twitter_misc":{"Dur\u00e9e de lecture estim\u00e9e":"7 minutes"},"schema":{"@context":"https:\/\/schema.org","@graph":[{"@type":"WebPage","@id":"https:\/\/ellington-photo.com\/ErosWalker\/mortelle-cavale-3\/","url":"https:\/\/ellington-photo.com\/ErosWalker\/mortelle-cavale-3\/","name":"Mortelle Cavale (3) - Eros Walker Stories","isPartOf":{"@id":"https:\/\/ellington-photo.com\/ErosWalker\/#website"},"primaryImageOfPage":{"@id":"https:\/\/ellington-photo.com\/ErosWalker\/mortelle-cavale-3\/#primaryimage"},"image":{"@id":"https:\/\/ellington-photo.com\/ErosWalker\/mortelle-cavale-3\/#primaryimage"},"thumbnailUrl":"https:\/\/ellington-photo.com\/ErosWalker\/wp-content\/uploads\/2024\/12\/Designer-15.jpeg","datePublished":"2024-11-25T14:32:31+00:00","dateModified":"2024-12-02T13:34:13+00:00","breadcrumb":{"@id":"https:\/\/ellington-photo.com\/ErosWalker\/mortelle-cavale-3\/#breadcrumb"},"inLanguage":"fr-FR","potentialAction":[{"@type":"ReadAction","target":["https:\/\/ellington-photo.com\/ErosWalker\/mortelle-cavale-3\/"]}]},{"@type":"ImageObject","inLanguage":"fr-FR","@id":"https:\/\/ellington-photo.com\/ErosWalker\/mortelle-cavale-3\/#primaryimage","url":"https:\/\/ellington-photo.com\/ErosWalker\/wp-content\/uploads\/2024\/12\/Designer-15.jpeg","contentUrl":"https:\/\/ellington-photo.com\/ErosWalker\/wp-content\/uploads\/2024\/12\/Designer-15.jpeg","width":1024,"height":1024},{"@type":"BreadcrumbList","@id":"https:\/\/ellington-photo.com\/ErosWalker\/mortelle-cavale-3\/#breadcrumb","itemListElement":[{"@type":"ListItem","position":1,"name":"Accueil","item":"https:\/\/ellington-photo.com\/ErosWalker\/"},{"@type":"ListItem","position":2,"name":"Mortelle Cavale (3)"}]},{"@type":"WebSite","@id":"https:\/\/ellington-photo.com\/ErosWalker\/#website","url":"https:\/\/ellington-photo.com\/ErosWalker\/","name":"Eros Walker Stories","description":"Litt\u00e9rature et images","publisher":{"@id":"https:\/\/ellington-photo.com\/ErosWalker\/#organization"},"potentialAction":[{"@type":"SearchAction","target":{"@type":"EntryPoint","urlTemplate":"https:\/\/ellington-photo.com\/ErosWalker\/?s={search_term_string}"},"query-input":{"@type":"PropertyValueSpecification","valueRequired":true,"valueName":"search_term_string"}}],"inLanguage":"fr-FR"},{"@type":"Organization","@id":"https:\/\/ellington-photo.com\/ErosWalker\/#organization","name":"Eros Walker Stories","url":"https:\/\/ellington-photo.com\/ErosWalker\/","logo":{"@type":"ImageObject","inLanguage":"fr-FR","@id":"https:\/\/ellington-photo.com\/ErosWalker\/#\/schema\/logo\/image\/","url":"https:\/\/ellington-photo.com\/ErosWalker\/wp-content\/uploads\/2025\/05\/Chat-Noir.jpg","contentUrl":"https:\/\/ellington-photo.com\/ErosWalker\/wp-content\/uploads\/2025\/05\/Chat-Noir.jpg","width":400,"height":391,"caption":"Eros Walker Stories"},"image":{"@id":"https:\/\/ellington-photo.com\/ErosWalker\/#\/schema\/logo\/image\/"},"sameAs":["https:\/\/www.linkedin.com\/in\/eros-walker-ab710a298\/"]}]}},"_links":{"self":[{"href":"https:\/\/ellington-photo.com\/ErosWalker\/wp-json\/wp\/v2\/pages\/239","targetHints":{"allow":["GET"]}}],"collection":[{"href":"https:\/\/ellington-photo.com\/ErosWalker\/wp-json\/wp\/v2\/pages"}],"about":[{"href":"https:\/\/ellington-photo.com\/ErosWalker\/wp-json\/wp\/v2\/types\/page"}],"author":[{"embeddable":true,"href":"https:\/\/ellington-photo.com\/ErosWalker\/wp-json\/wp\/v2\/users\/1"}],"replies":[{"embeddable":true,"href":"https:\/\/ellington-photo.com\/ErosWalker\/wp-json\/wp\/v2\/comments?post=239"}],"version-history":[{"count":2,"href":"https:\/\/ellington-photo.com\/ErosWalker\/wp-json\/wp\/v2\/pages\/239\/revisions"}],"predecessor-version":[{"id":242,"href":"https:\/\/ellington-photo.com\/ErosWalker\/wp-json\/wp\/v2\/pages\/239\/revisions\/242"}],"wp:featuredmedia":[{"embeddable":true,"href":"https:\/\/ellington-photo.com\/ErosWalker\/wp-json\/wp\/v2\/media\/329"}],"wp:attachment":[{"href":"https:\/\/ellington-photo.com\/ErosWalker\/wp-json\/wp\/v2\/media?parent=239"}],"curies":[{"name":"wp","href":"https:\/\/api.w.org\/{rel}","templated":true}]}}