{"id":235,"date":"2024-11-25T15:24:54","date_gmt":"2024-11-25T14:24:54","guid":{"rendered":"https:\/\/ellington-photo.com\/ErosWalker\/?page_id=235"},"modified":"2024-12-02T14:30:13","modified_gmt":"2024-12-02T13:30:13","slug":"mortelle-cavale-2","status":"publish","type":"page","link":"https:\/\/ellington-photo.com\/ErosWalker\/mortelle-cavale-2\/","title":{"rendered":"Mortelle Cavale (2)"},"content":{"rendered":"\n<p><strong>Jennifer<\/strong><\/p>\n\n\n\n<p>Je m\u2019appelle Jennifer Boudreaux, mais tout le monde m\u2019appelle Jenny. Je suis n\u00e9e le 4 juillet 1945, \u00e0 Alexandria dans le nord de la Louisiane. Mon p\u00e8re \u00e9tait sergent-instructeur dans l\u2019Infanterie, bas\u00e9 au camp de Beauregard. Il avait \u00e9t\u00e9 mobilis\u00e9 en 1942 et avait particip\u00e9 aux combats d\u2019Afrique du Nord avant de d\u00e9barquer en Italie, en septembre 1943. Bless\u00e9 dans les premiers jours de la campagne, il avait \u00e9t\u00e9 rapatri\u00e9 aux Etats-Unis au d\u00e9but de 1944. Affect\u00e9 \u00e0 l\u2019entrainement des recrues apr\u00e8s sa convalescence, il avait fait la connaissance de ma m\u00e8re lors d\u2019une permission \u00e0 Lafayette. Ils s\u2019\u00e9taient mari\u00e9s rapidement et s\u2019\u00e9taient install\u00e9s dans une petite maison mise \u00e0 disposition par l\u2019Army dans le p\u00e9rim\u00e8tre du camp. C\u2019est ainsi que j\u2019ai vu le jour \u00e0 la maternit\u00e9 de l\u2019h\u00f4pital de la base, juste pour la f\u00eate nationale, deux mois apr\u00e8s la fin de la guerre en Europe.<\/p>\n\n\n\n<p>\u00c0 Alexandria, ma m\u00e8re ne travaillait pas, mais quand mon p\u00e8re a quitt\u00e9 l\u2019arm\u00e9e en 1952 et que nous sommes revenus nous installer \u00e0 Lafayette, elle a pris un emploi comme vendeuse dans un magasin de v\u00eatements. Mon p\u00e8re s\u2019est fait embaucher dans l\u2019une des raffineries de p\u00e9trole qui s\u2019installaient dans le delta. Sans \u00eatre vraiment ais\u00e9s, nous vivions agr\u00e9ablement, avec une jolie maison, des amis. Mon p\u00e8re s\u2019\u00e9tait achet\u00e9 une nouvelle voiture, une Chevrolet Bel Air, rouge, avec le toit blanc. Nous partions souvent le dimanche faire des promenades sur les routes de la r\u00e9gion et m\u00eame parfois jusqu\u2019\u00e0 la mer. Mon p\u00e8re aimait particuli\u00e8rement la route qui suit la c\u00f4te, entre les lacs et l\u2019oc\u00e9an. Cette p\u00e9riode heureuse s\u2019est termin\u00e9e en 1958, j\u2019avais treize ans. Un accident s\u2019\u00e9tait produit dans l\u2019installation que mon p\u00e8re \u00e9tait en train de r\u00e9parer. Il \u00e9tait mort trois jours plus tard.<\/p>\n\n\n\n<p>La compagnie nous a vers\u00e9 un petit p\u00e9cule, mais rapidement, il nous a fallu r\u00e9duire notre train de vie et nous limiter au petit salaire de ma m\u00e8re. Malgr\u00e9 les heures suppl\u00e9mentaires, nous arrivions tout juste \u00e0 boucler les fins de mois. D\u00e8s mes seize ans, je me suis mise en qu\u00eate d\u2019un emploi pour soulager maman. Il n\u2019\u00e9tait plus question de continuer ma scolarit\u00e9. J\u2019ai fait diff\u00e9rents petits boulots, dans des commerces ou des restaurants de la ville. Les gar\u00e7ons me trouvaient plut\u00f4t \u00e0 leur go\u00fbt, j\u2019ai eu pas mal de flirts, mais la plupart n\u2019avaient qu\u2019une id\u00e9e, m\u2019attirer dans leur lit et \u00e7a, au d\u00e9but des ann\u00e9es 1960, dans le sud des \u00c9tats-Unis, ce n\u2019\u00e9tait pas vraiment bien vu. Frankie Chance \u00e9tait l\u2019un de ceux l\u00e0.<\/p>\n\n\n\n<p>Je me suis mari\u00e9e \u00e0 dix-huit ans, en 1963, c\u2019\u00e9tait quelques jours avant l\u2019assassinat de JF Kennedy. Luke Morris \u00e9tait m\u00e9canicien, employ\u00e9 de la soci\u00e9t\u00e9 des transports publics de B\u00e2ton-Rouge. Lui aussi avait v\u00e9cu \u00e0 Lafayette, o\u00f9 ses parents habitaient encore. Je l\u2019ai crois\u00e9 pour la premi\u00e8re fois dans une soir\u00e9e organis\u00e9e par une amie commune. Par la suite, il est venu plusieurs fois manger dans le diner o\u00f9 je travaillais. La c\u00e9r\u00e9monie a \u00e9t\u00e9 assez simple, nous n\u2019avions l\u2019un comme l\u2019autre que peu de famille. Ma m\u00e8re avait tenu \u00e0 ce que le mariage soit c\u00e9l\u00e9br\u00e9 dans la petite \u00e9glise qu\u2019elle fr\u00e9quentait tous les dimanches. Il faisait encore tr\u00e8s doux en cette fin d\u2019octobre et tout le monde s\u2019est retrouv\u00e9 dans le jardin de la maison des parents de Luke. Deux jours plus tard, je partais pour B\u00e2ton-Rouge aux c\u00f4t\u00e9s de mon nouveau mari. Luke vivait dans un petit appartement \u00e0 proximit\u00e9 de son lieu de travail, dans les faubourgs de la ville. Il aurait aim\u00e9 que je reste \u00e0 la maison, mais je voulais travailler pour qu\u2019on puisse s\u2019offrir un logement plus grand et mieux situ\u00e9. \u00c7a a \u00e9t\u00e9 le sujet de notre premi\u00e8re dispute, mais j\u2019ai obtenu gain de cause et je me suis fait embaucher dans un grand magasin du centre-ville. J\u2019\u00e9tais mignonne et je pr\u00e9sentais bien, on m\u2019a affect\u00e9e au rayon Lingerie. J\u2019ai ador\u00e9 ce travail. Luke s\u2019est finalement accommod\u00e9 de cette situation, qui nous avait permis de d\u00e9m\u00e9nager et de vivre plus agr\u00e9ablement. Les choses se sont d\u00e9grad\u00e9es quand il a commenc\u00e9 \u00e0 rentrer plus tard \u00e0 la maison. Au d\u00e9but, il m\u2019a expliqu\u00e9 qu\u2019on lui avait propos\u00e9 des heures suppl\u00e9mentaires, puis il a pr\u00e9text\u00e9 des r\u00e9unions syndicales. Jusqu\u2019au jour o\u00f9 j\u2019ai rep\u00e9r\u00e9 les traces de rouge \u00e0 l\u00e8vres sur le col de sa chemise. L\u2019explication qui a suivi a fait du bruit dans la maison. Luke est parti en claquant la porte. Il n\u2019est revenu que trois jours plus tard, compl\u00e8tement ivre. Quand il a essay\u00e9 de me frapper, je l\u2019ai jet\u00e9 dehors, ses v\u00eatements dans une valise. Le lendemain, un policier est venu m\u2019annoncer qu\u2019on avait retrouv\u00e9 sa voiture accident\u00e9e sur le bord de la route 10, en direction de Lafayette. Je me retrouvais veuve \u00e0 23 ans.<\/p>\n\n\n\n<p>N&rsquo;allez pas croire qu\u2019en 1968 la vie \u00e9tait facile pour une jeune femme sans \u00e9ducation, dans le sud du pays. Rien \u00e0 voir avec les joyeuses bandes de hippies des campus de Californie. Par chance, nous n\u2019avions pas eu d\u2019enfant. Je n\u2019avais pas envie d\u2019un nouveau mari, mais je n\u2019avais ni le courage ni les moyens de quitter la r\u00e9gion. Lorsque le magasin dans lequel je travaillais a ferm\u00e9, en 1970, je suis retourn\u00e9e travailler dans les bars. C\u2019est comme \u00e7a que j\u2019ai fini par arriver chez Billy \u00e0 Saint Gabriel. L\u2019endroit n\u2019est pas vraiment haut de gamme, c\u2019est plut\u00f4t un relais pour les camionneurs qui viennent charger dans les usines qui s\u2019alignent tout le long du fleuve. Billy, de son vrai nom Willam Thibodeaux est un bon patron, qui paye assez bien, et les clients sont g\u00e9n\u00e9reux c\u00f4t\u00e9 pourboire, pourvu qu\u2019on s\u2019accommode de leurs plaisanteries grivoises. Certains aimeraient bien aller plus loin, c\u2019est s\u00fbr, mais Billy est intraitable l\u00e0-dessus. Pas question de tapiner chez lui ou sur le parking de son \u00e9tablissement. J\u2019ai travaill\u00e9 trois ans chez Billy, jusqu\u2019\u00e0 cette soir\u00e9e du 19 septembre o\u00f9 les choses ont d\u00e9rap\u00e9.<\/p>\n\n\n\n<p>Continuer la lecture : <a href=\"https:\/\/ellington-photo.com\/ErosWalker\/mortelle-cavale-3\/\">https:\/\/ellington-photo.com\/ErosWalker\/mortelle-cavale-3\/<\/a><\/p>\n","protected":false},"excerpt":{"rendered":"<p>Jennifer Je m\u2019appelle Jennifer Boudreaux, mais tout le monde m\u2019appelle Jenny. Je suis n\u00e9e le 4 juillet 1945, \u00e0 Alexandria dans le nord de la Louisiane. Mon p\u00e8re \u00e9tait sergent-instructeur dans l\u2019Infanterie, bas\u00e9 au camp de Beauregard. Il avait \u00e9t\u00e9 mobilis\u00e9 en 1942 et avait &hellip; <\/p>\n","protected":false},"author":1,"featured_media":328,"parent":0,"menu_order":0,"comment_status":"closed","ping_status":"closed","template":"","meta":{"footnotes":""},"class_list":["post-235","page","type-page","status-publish","has-post-thumbnail","hentry"],"yoast_head":"<!-- This site is optimized with the Yoast SEO plugin v27.4 - https:\/\/yoast.com\/product\/yoast-seo-wordpress\/ -->\n<title>Mortelle Cavale (2) - Eros Walker Stories<\/title>\n<meta name=\"robots\" content=\"index, follow, max-snippet:-1, max-image-preview:large, max-video-preview:-1\" \/>\n<link rel=\"canonical\" href=\"https:\/\/ellington-photo.com\/ErosWalker\/mortelle-cavale-2\/\" \/>\n<meta property=\"og:locale\" content=\"fr_FR\" \/>\n<meta property=\"og:type\" content=\"article\" \/>\n<meta property=\"og:title\" content=\"Mortelle Cavale (2) - Eros Walker Stories\" \/>\n<meta property=\"og:description\" content=\"Jennifer Je m\u2019appelle Jennifer Boudreaux, mais tout le monde m\u2019appelle Jenny. Je suis n\u00e9e le 4 juillet 1945, \u00e0 Alexandria dans le nord de la Louisiane. Mon p\u00e8re \u00e9tait sergent-instructeur dans l\u2019Infanterie, bas\u00e9 au camp de Beauregard. Il avait \u00e9t\u00e9 mobilis\u00e9 en 1942 et avait &hellip;\" \/>\n<meta property=\"og:url\" content=\"https:\/\/ellington-photo.com\/ErosWalker\/mortelle-cavale-2\/\" \/>\n<meta property=\"og:site_name\" content=\"Eros Walker Stories\" \/>\n<meta property=\"article:modified_time\" content=\"2024-12-02T13:30:13+00:00\" \/>\n<meta property=\"og:image\" content=\"https:\/\/ellington-photo.com\/ErosWalker\/wp-content\/uploads\/2024\/12\/Designer-14.jpeg\" \/>\n\t<meta property=\"og:image:width\" content=\"1024\" \/>\n\t<meta property=\"og:image:height\" content=\"1024\" \/>\n\t<meta property=\"og:image:type\" content=\"image\/jpeg\" \/>\n<meta name=\"twitter:card\" content=\"summary_large_image\" \/>\n<meta name=\"twitter:label1\" content=\"Dur\u00e9e de lecture estim\u00e9e\" \/>\n\t<meta name=\"twitter:data1\" content=\"6 minutes\" \/>\n<script type=\"application\/ld+json\" class=\"yoast-schema-graph\">{\"@context\":\"https:\\\/\\\/schema.org\",\"@graph\":[{\"@type\":\"WebPage\",\"@id\":\"https:\\\/\\\/ellington-photo.com\\\/ErosWalker\\\/mortelle-cavale-2\\\/\",\"url\":\"https:\\\/\\\/ellington-photo.com\\\/ErosWalker\\\/mortelle-cavale-2\\\/\",\"name\":\"Mortelle Cavale (2) - Eros Walker Stories\",\"isPartOf\":{\"@id\":\"https:\\\/\\\/ellington-photo.com\\\/ErosWalker\\\/#website\"},\"primaryImageOfPage\":{\"@id\":\"https:\\\/\\\/ellington-photo.com\\\/ErosWalker\\\/mortelle-cavale-2\\\/#primaryimage\"},\"image\":{\"@id\":\"https:\\\/\\\/ellington-photo.com\\\/ErosWalker\\\/mortelle-cavale-2\\\/#primaryimage\"},\"thumbnailUrl\":\"https:\\\/\\\/ellington-photo.com\\\/ErosWalker\\\/wp-content\\\/uploads\\\/2024\\\/12\\\/Designer-14.jpeg\",\"datePublished\":\"2024-11-25T14:24:54+00:00\",\"dateModified\":\"2024-12-02T13:30:13+00:00\",\"breadcrumb\":{\"@id\":\"https:\\\/\\\/ellington-photo.com\\\/ErosWalker\\\/mortelle-cavale-2\\\/#breadcrumb\"},\"inLanguage\":\"fr-FR\",\"potentialAction\":[{\"@type\":\"ReadAction\",\"target\":[\"https:\\\/\\\/ellington-photo.com\\\/ErosWalker\\\/mortelle-cavale-2\\\/\"]}]},{\"@type\":\"ImageObject\",\"inLanguage\":\"fr-FR\",\"@id\":\"https:\\\/\\\/ellington-photo.com\\\/ErosWalker\\\/mortelle-cavale-2\\\/#primaryimage\",\"url\":\"https:\\\/\\\/ellington-photo.com\\\/ErosWalker\\\/wp-content\\\/uploads\\\/2024\\\/12\\\/Designer-14.jpeg\",\"contentUrl\":\"https:\\\/\\\/ellington-photo.com\\\/ErosWalker\\\/wp-content\\\/uploads\\\/2024\\\/12\\\/Designer-14.jpeg\",\"width\":1024,\"height\":1024},{\"@type\":\"BreadcrumbList\",\"@id\":\"https:\\\/\\\/ellington-photo.com\\\/ErosWalker\\\/mortelle-cavale-2\\\/#breadcrumb\",\"itemListElement\":[{\"@type\":\"ListItem\",\"position\":1,\"name\":\"Accueil\",\"item\":\"https:\\\/\\\/ellington-photo.com\\\/ErosWalker\\\/\"},{\"@type\":\"ListItem\",\"position\":2,\"name\":\"Mortelle Cavale (2)\"}]},{\"@type\":\"WebSite\",\"@id\":\"https:\\\/\\\/ellington-photo.com\\\/ErosWalker\\\/#website\",\"url\":\"https:\\\/\\\/ellington-photo.com\\\/ErosWalker\\\/\",\"name\":\"Eros Walker Stories\",\"description\":\"Litt\u00e9rature et images\",\"publisher\":{\"@id\":\"https:\\\/\\\/ellington-photo.com\\\/ErosWalker\\\/#organization\"},\"potentialAction\":[{\"@type\":\"SearchAction\",\"target\":{\"@type\":\"EntryPoint\",\"urlTemplate\":\"https:\\\/\\\/ellington-photo.com\\\/ErosWalker\\\/?s={search_term_string}\"},\"query-input\":{\"@type\":\"PropertyValueSpecification\",\"valueRequired\":true,\"valueName\":\"search_term_string\"}}],\"inLanguage\":\"fr-FR\"},{\"@type\":\"Organization\",\"@id\":\"https:\\\/\\\/ellington-photo.com\\\/ErosWalker\\\/#organization\",\"name\":\"Eros Walker Stories\",\"url\":\"https:\\\/\\\/ellington-photo.com\\\/ErosWalker\\\/\",\"logo\":{\"@type\":\"ImageObject\",\"inLanguage\":\"fr-FR\",\"@id\":\"https:\\\/\\\/ellington-photo.com\\\/ErosWalker\\\/#\\\/schema\\\/logo\\\/image\\\/\",\"url\":\"https:\\\/\\\/ellington-photo.com\\\/ErosWalker\\\/wp-content\\\/uploads\\\/2025\\\/05\\\/Chat-Noir.jpg\",\"contentUrl\":\"https:\\\/\\\/ellington-photo.com\\\/ErosWalker\\\/wp-content\\\/uploads\\\/2025\\\/05\\\/Chat-Noir.jpg\",\"width\":400,\"height\":391,\"caption\":\"Eros Walker Stories\"},\"image\":{\"@id\":\"https:\\\/\\\/ellington-photo.com\\\/ErosWalker\\\/#\\\/schema\\\/logo\\\/image\\\/\"},\"sameAs\":[\"https:\\\/\\\/www.linkedin.com\\\/in\\\/eros-walker-ab710a298\\\/\"]}]}<\/script>\n<!-- \/ Yoast SEO plugin. -->","yoast_head_json":{"title":"Mortelle Cavale (2) - Eros Walker Stories","robots":{"index":"index","follow":"follow","max-snippet":"max-snippet:-1","max-image-preview":"max-image-preview:large","max-video-preview":"max-video-preview:-1"},"canonical":"https:\/\/ellington-photo.com\/ErosWalker\/mortelle-cavale-2\/","og_locale":"fr_FR","og_type":"article","og_title":"Mortelle Cavale (2) - Eros Walker Stories","og_description":"Jennifer Je m\u2019appelle Jennifer Boudreaux, mais tout le monde m\u2019appelle Jenny. Je suis n\u00e9e le 4 juillet 1945, \u00e0 Alexandria dans le nord de la Louisiane. Mon p\u00e8re \u00e9tait sergent-instructeur dans l\u2019Infanterie, bas\u00e9 au camp de Beauregard. Il avait \u00e9t\u00e9 mobilis\u00e9 en 1942 et avait &hellip;","og_url":"https:\/\/ellington-photo.com\/ErosWalker\/mortelle-cavale-2\/","og_site_name":"Eros Walker Stories","article_modified_time":"2024-12-02T13:30:13+00:00","og_image":[{"width":1024,"height":1024,"url":"https:\/\/ellington-photo.com\/ErosWalker\/wp-content\/uploads\/2024\/12\/Designer-14.jpeg","type":"image\/jpeg"}],"twitter_card":"summary_large_image","twitter_misc":{"Dur\u00e9e de lecture estim\u00e9e":"6 minutes"},"schema":{"@context":"https:\/\/schema.org","@graph":[{"@type":"WebPage","@id":"https:\/\/ellington-photo.com\/ErosWalker\/mortelle-cavale-2\/","url":"https:\/\/ellington-photo.com\/ErosWalker\/mortelle-cavale-2\/","name":"Mortelle Cavale (2) - Eros Walker Stories","isPartOf":{"@id":"https:\/\/ellington-photo.com\/ErosWalker\/#website"},"primaryImageOfPage":{"@id":"https:\/\/ellington-photo.com\/ErosWalker\/mortelle-cavale-2\/#primaryimage"},"image":{"@id":"https:\/\/ellington-photo.com\/ErosWalker\/mortelle-cavale-2\/#primaryimage"},"thumbnailUrl":"https:\/\/ellington-photo.com\/ErosWalker\/wp-content\/uploads\/2024\/12\/Designer-14.jpeg","datePublished":"2024-11-25T14:24:54+00:00","dateModified":"2024-12-02T13:30:13+00:00","breadcrumb":{"@id":"https:\/\/ellington-photo.com\/ErosWalker\/mortelle-cavale-2\/#breadcrumb"},"inLanguage":"fr-FR","potentialAction":[{"@type":"ReadAction","target":["https:\/\/ellington-photo.com\/ErosWalker\/mortelle-cavale-2\/"]}]},{"@type":"ImageObject","inLanguage":"fr-FR","@id":"https:\/\/ellington-photo.com\/ErosWalker\/mortelle-cavale-2\/#primaryimage","url":"https:\/\/ellington-photo.com\/ErosWalker\/wp-content\/uploads\/2024\/12\/Designer-14.jpeg","contentUrl":"https:\/\/ellington-photo.com\/ErosWalker\/wp-content\/uploads\/2024\/12\/Designer-14.jpeg","width":1024,"height":1024},{"@type":"BreadcrumbList","@id":"https:\/\/ellington-photo.com\/ErosWalker\/mortelle-cavale-2\/#breadcrumb","itemListElement":[{"@type":"ListItem","position":1,"name":"Accueil","item":"https:\/\/ellington-photo.com\/ErosWalker\/"},{"@type":"ListItem","position":2,"name":"Mortelle Cavale (2)"}]},{"@type":"WebSite","@id":"https:\/\/ellington-photo.com\/ErosWalker\/#website","url":"https:\/\/ellington-photo.com\/ErosWalker\/","name":"Eros Walker Stories","description":"Litt\u00e9rature et images","publisher":{"@id":"https:\/\/ellington-photo.com\/ErosWalker\/#organization"},"potentialAction":[{"@type":"SearchAction","target":{"@type":"EntryPoint","urlTemplate":"https:\/\/ellington-photo.com\/ErosWalker\/?s={search_term_string}"},"query-input":{"@type":"PropertyValueSpecification","valueRequired":true,"valueName":"search_term_string"}}],"inLanguage":"fr-FR"},{"@type":"Organization","@id":"https:\/\/ellington-photo.com\/ErosWalker\/#organization","name":"Eros Walker Stories","url":"https:\/\/ellington-photo.com\/ErosWalker\/","logo":{"@type":"ImageObject","inLanguage":"fr-FR","@id":"https:\/\/ellington-photo.com\/ErosWalker\/#\/schema\/logo\/image\/","url":"https:\/\/ellington-photo.com\/ErosWalker\/wp-content\/uploads\/2025\/05\/Chat-Noir.jpg","contentUrl":"https:\/\/ellington-photo.com\/ErosWalker\/wp-content\/uploads\/2025\/05\/Chat-Noir.jpg","width":400,"height":391,"caption":"Eros Walker Stories"},"image":{"@id":"https:\/\/ellington-photo.com\/ErosWalker\/#\/schema\/logo\/image\/"},"sameAs":["https:\/\/www.linkedin.com\/in\/eros-walker-ab710a298\/"]}]}},"_links":{"self":[{"href":"https:\/\/ellington-photo.com\/ErosWalker\/wp-json\/wp\/v2\/pages\/235","targetHints":{"allow":["GET"]}}],"collection":[{"href":"https:\/\/ellington-photo.com\/ErosWalker\/wp-json\/wp\/v2\/pages"}],"about":[{"href":"https:\/\/ellington-photo.com\/ErosWalker\/wp-json\/wp\/v2\/types\/page"}],"author":[{"embeddable":true,"href":"https:\/\/ellington-photo.com\/ErosWalker\/wp-json\/wp\/v2\/users\/1"}],"replies":[{"embeddable":true,"href":"https:\/\/ellington-photo.com\/ErosWalker\/wp-json\/wp\/v2\/comments?post=235"}],"version-history":[{"count":3,"href":"https:\/\/ellington-photo.com\/ErosWalker\/wp-json\/wp\/v2\/pages\/235\/revisions"}],"predecessor-version":[{"id":241,"href":"https:\/\/ellington-photo.com\/ErosWalker\/wp-json\/wp\/v2\/pages\/235\/revisions\/241"}],"wp:featuredmedia":[{"embeddable":true,"href":"https:\/\/ellington-photo.com\/ErosWalker\/wp-json\/wp\/v2\/media\/328"}],"wp:attachment":[{"href":"https:\/\/ellington-photo.com\/ErosWalker\/wp-json\/wp\/v2\/media?parent=235"}],"curies":[{"name":"wp","href":"https:\/\/api.w.org\/{rel}","templated":true}]}}