{"id":232,"date":"2024-11-25T11:24:32","date_gmt":"2024-11-25T10:24:32","guid":{"rendered":"https:\/\/ellington-photo.com\/ErosWalker\/?page_id=232"},"modified":"2024-12-02T14:25:48","modified_gmt":"2024-12-02T13:25:48","slug":"mortelle-cavale-1","status":"publish","type":"page","link":"https:\/\/ellington-photo.com\/ErosWalker\/mortelle-cavale-1\/","title":{"rendered":"Mortelle Cavale"},"content":{"rendered":"\n<p><strong>La fuite<\/strong><\/p>\n\n\n\n<p><strong>Route 30, Nord de Saint-Gabriel, Louisiane<\/strong><br><strong>Vendredi 19 septembre 1980, 22h00<\/strong><\/p>\n\n\n\n<p class=\"has-text-align-left\">\u00c7a fait maintenant une vingtaine de minutes que je roule vers le nord. J\u2019ai quitt\u00e9 le bar par la route 30, en direction de B\u00e2ton-Rouge. Je viens de passer au niveau du bayou Elbow et je remarque les lumi\u00e8res bleues dans mon r\u00e9troviseur. Elles se rapprochent rapidement. La voiture devait \u00eatre planqu\u00e9e derri\u00e8re un panneau publicitaire, je ne l\u2019ai pas rep\u00e9r\u00e9e. Je jette un coup d\u2019\u0153il au compteur, merde, soixante-dix ! Je n\u2019ai pas besoin de \u00e7a. Les phares sont maintenant juste derri\u00e8re moi. Je me range sur le bas-c\u00f4t\u00e9 et j\u2019attends sagement derri\u00e8re le volant. Dans le miroir, j\u2019observe l\u2019adjoint qui descend et s\u2019approche de moi. Je le reconnais, c\u2019est Frankie. Frank Chance, je le connais bien, on a fr\u00e9quent\u00e9 le m\u00eame coll\u00e8ge \u00e0 Lafayette. On a m\u00eame flirt\u00e9 un peu plus tard, mais je n\u2019ai pas voulu aller plus loin. Depuis, Frankie me bat froid. Il passe souvent au bar, mais j\u2019essaie de l\u2019\u00e9viter.<\/p>\n\n\n\n<p class=\"has-text-align-left\">\u00ab Tiens, tiens, qui voil\u00e0 ? demande le policier. Ce serait pas Jenny Boudreaux qui vient de passer devant moi \u00e0 plus de soixante dix \u00e0 l\u2019heure ? Et cette voiture, on dirait que c\u2019est pas la tienne.<\/p>\n\n\n\n<p class=\"has-text-align-left\">\u2014 Salut Frankie, tu sais bien que je n\u2019ai pas de voiture.<\/p>\n\n\n\n<p class=\"has-text-align-left\">\u2014 Ouais, c\u2019est bien la vieille poubelle de Billy. Oui, c\u2019est \u00e7a, une Jeep Wagoneer de 1970, il n\u2019y en a plus beaucoup dans le secteur. Surtout avec un sticker <em>Vote Carter<\/em> sur le pare-chocs. Il a le sens de l\u2019humour Billy, pas vrai ?<\/p>\n\n\n\n<p class=\"has-text-align-left\">\u2014 J\u2019avais besoin de rentrer chez moi rapidement, je ne pouvais pas attendre le bus.<\/p>\n\n\n\n<p class=\"has-text-align-left\">\u2014 Et Billy t\u2019a gentiment dit : <em>bien s\u00fbr ma ch\u00e9rie, prend ma voiture !<\/em><\/p>\n\n\n\n<p class=\"has-text-align-left\">\u2014 Non, pas tout \u00e0 fait, mais je sais qu\u2019il n\u2019en a pas besoin, il habite au-dessus du bar. Je la ram\u00e8nerai demain matin.<\/p>\n\n\n\n<p class=\"has-text-align-left\">\u2014 Ce qui est ennuyeux, c\u2019est qu\u2019on a re\u00e7u un appel il y a un quart d\u2019heure, un client du bar qui a \u00e9t\u00e9 bless\u00e9. Il a re\u00e7u un coup \u00e0 la t\u00eate, il est salement amoch\u00e9. Alors, je me disais que tu pourrais peut-\u00eatre me donner quelques \u00e9l\u00e9ments. Commence par sortir de cette voiture, gentiment. \u00bb<\/p>\n\n\n\n<p class=\"has-text-align-left\">Je n\u2019ai pas d\u2019autre option. Je l\u00e2che le volant et je descends de la Jeep.<\/p>\n\n\n\n<p class=\"has-text-align-left\">\u00ab Tourne-toi et pose les mains sur le toit. Ecarte les jambes. \u00bb<\/p>\n\n\n\n<p class=\"has-text-align-left\">Ce salaud commence \u00e0 me palper. Les bras d\u2019abord, puis le buste, je sens ses mains qui s\u2019attardent sur mes seins, ce que je ne lui avais jamais permis avant. Il descend, il insiste plus que n\u00e9cessaire sur mes cuisses.<\/p>\n\n\n\n<p class=\"has-text-align-left\">\u00ab Alors ma belle, quel effet \u00e7a te fait. On aurait pu avoir des bons moments tous les deux. Remarque, \u00e7a peut encore se faire. Personne ne sait que je t\u2019ai intercept\u00e9e sur cette route. \u00bb<\/p>\n\n\n\n<p class=\"has-text-align-left\">Qu\u2019est-ce qu\u2019il s\u2019imagine ce gros lourdaud. Dans son uniforme, avec tout son barda sur lui et son chapeau ridicule, il se croit irr\u00e9sistible. Il est accroupi derri\u00e8re moi. Je prends un peu d\u2019\u00e9lan et lui balance ma botte dans le ventre. Il tombe sur les fesses, l\u2019air \u00e9tonn\u00e9. Je me baisse et arrache son flingue. Je le pointe sur lui.<\/p>\n\n\n\n<p class=\"has-text-align-left\">\u00ab Rel\u00e8ve-toi, tout doucement, et file-moi les menottes. Pas de conneries, je sais me servir d\u2019un revolver. \u00bb<\/p>\n\n\n\n<p class=\"has-text-align-left\">Pour lui montrer ma d\u00e9termination, je rel\u00e8ve le chien. Il tend les mains en avant, l\u2019air implorant.<\/p>\n\n\n\n<p class=\"has-text-align-left\">\u00ab Tu fais moins le malin ! Les menottes, j\u2019ai dit et retourne \u00e0 ta voiture, lentement. \u00bb<\/p>\n\n\n\n<p class=\"has-text-align-left\">Je lui entrave les poignets sur le volant, puis j\u2019arrache les fils de la radio.<br>Je d\u00e9sarme le revolver et le glisse dans ma ceinture. L\u2019adr\u00e9naline retombe rapidement. Je n\u2019ai plus que quelques minutes devant moi pour foutre le camp. Oui, mais o\u00f9 ? On ne tardera pas \u00e0 retrouver Frankie et tous les flics de Louisiane vont se mettre \u00e0 me courir apr\u00e8s. Je ne peux pas retourner chez moi, c\u2019est le premier endroit o\u00f9 ils vont me chercher. Il me faut fuir, partir le plus loin possible, je d\u00e9cide de filer vers le nord, de toute fa\u00e7on, je n\u2019ai pas trop le choix. Je suis coinc\u00e9e par le fleuve d\u2019un c\u00f4t\u00e9 et la ville de B\u00e2ton-Rouge de l\u2019autre. Je roule un peu puis je m\u2019arr\u00eate dans un endroit isol\u00e9. Je fouille dans la voiture et je mets la main sur une vieille carte Rand Mc Nally. La fronti\u00e8re la plus proche est \u00e0 Norwood, \u00e0 cinquante miles. Au moins deux heures de route si je veux \u00e9viter de traverser la ville. Dans deux heures, je peux \u00eatre dans le Mississipi. Un coup d\u2019\u0153il \u00e0 la jauge d\u2019essence, un peu plus de la moiti\u00e9, \u00e7a suffira pour aller jusque l\u00e0, mais pas beaucoup plus loin et je n\u2019ai pas plus de trente dollars sur moi. J\u2019aviserai plus tard, pour le moment, il faut mettre de la distance entre moi et la paroisse d\u2019Iberville.<\/p>\n\n\n\n<p class=\"has-text-align-left\">Combien de temps leur faut-il pour mettre en place des barrages sur les routes ? Le temps que Frankie soit en mesure de donner mon signalement, qu\u2019ils le communiquent, en pleine nuit, je dois avoir au moins une heure devant moi. Je prends le risque de rouler jusqu\u2019\u00e0 l\u2019entr\u00e9e de la ville, puis je passe le fleuve par le premier pont. Je longe les zones industrielles puis je d\u00e9cide de faire un crochet vers l\u2019ouest, pour \u00e9viter la route directe, la plus \u00e9vidente. Je remonte le Mississipi par la rive droite, jusqu\u2019au John James Audubon Bridge. Saint Francisville, Wakefield, je ne suis pas inqui\u00e9t\u00e9e. Je roule \u00e0 une allure raisonnable, mais je ne vois aucun uniforme. Je continue plein nord sur la route 61. Il est un peu plus d\u2019une heure du matin quand je franchis la limite de l\u2019\u00e9tat. Je roule encore un quart d\u2019heure avant d\u2019arriver \u00e0 Woodville, un trou paum\u00e9 qui porte bien son nom, en plein milieu de la for\u00eat. Je m\u2019arr\u00eate \u00e0 la station-service \u00e0 l\u2019entr\u00e9e du bled. J\u2019ai besoin d\u2019aller aux toilettes, de boire un caf\u00e9 et de faire le point. Je me dirige vers le comptoir, un jeune homme l\u00e8ve le nez et pose son livre en me voyant approcher. Je jette un coup d\u2019\u0153il au titre : <em>The Bourne Identity<\/em>[1]<em>. <\/em>Je lui demande de m\u2019indiquer les toilettes et la machine \u00e0 caf\u00e9. Il me fait un geste vague de la main, d\u00e9signant le fond de la boutique et se replonge dans son bouquin. Quand je ressors, j\u2019ai un peu meilleure mine, j\u2019ai aussi d\u00e9boutonn\u00e9 le haut de mon chemisier. Je me sers un gobelet d\u2019une boisson brun\u00e2tre et reviens vers la caisse.<\/p>\n\n\n\n<p class=\"has-text-align-left\">\u00ab Il ne doit pas passer beaucoup de monde par ici, en pleine nuit.<\/p>\n\n\n\n<p class=\"has-text-align-left\">\u2014 \u00c7a, vous pouvez le dire, j\u2019ai du mal \u00e0 ne pas m\u2019endormir. Heureusement que j\u2019ai de la lecture.<\/p>\n\n\n\n<p class=\"has-text-align-left\">\u2014 Tu pr\u00e9f\u00e8rerais pas \u00eatre au lit avec ta petite amie ?<\/p>\n\n\n\n<p class=\"has-text-align-left\">\u2014 En r\u00eave peut-\u00eatre, mais ici, \u00e7a risque pas d\u2019arriver. Tout le monde se connait, et ma copine, c\u2019est la fille du pasteur !<\/p>\n\n\n\n<p class=\"has-text-align-left\">\u2014 Avec une femme de passage, alors ? Ni vu ni connu et je repars ! J\u2019ai juste besoin de dix dollars pour payer l\u2019essence. \u00bb<\/p>\n\n\n\n<p><\/p>\n\n\n\n<p>[1] En fran\u00e7ais, \u00ab La m\u00e9moire dans la peau \u00bb, roman de Robert Ludlum.<\/p>\n\n\n\n<p>Continuer la lecture : <a href=\"https:\/\/ellington-photo.com\/ErosWalker\/mortelle-cavale-2\/\">https:\/\/ellington-photo.com\/ErosWalker\/mortelle-cavale-2\/<\/a><\/p>\n","protected":false},"excerpt":{"rendered":"<p>La fuite Route 30, Nord de Saint-Gabriel, LouisianeVendredi 19 septembre 1980, 22h00 \u00c7a fait maintenant une vingtaine de minutes que je roule vers le nord. J\u2019ai quitt\u00e9 le bar par la route 30, en direction de B\u00e2ton-Rouge. Je viens de passer au niveau du bayou &hellip; <\/p>\n","protected":false},"author":1,"featured_media":327,"parent":0,"menu_order":0,"comment_status":"closed","ping_status":"closed","template":"","meta":{"footnotes":""},"class_list":["post-232","page","type-page","status-publish","has-post-thumbnail","hentry"],"yoast_head":"<!-- This site is optimized with the Yoast SEO plugin v27.4 - https:\/\/yoast.com\/product\/yoast-seo-wordpress\/ -->\n<title>Mortelle Cavale - Eros Walker Stories<\/title>\n<meta name=\"description\" content=\"Fuite nocturne en Louisiane : un r\u00e9cit captivant ; R\u00e9cit d\u2019\u00e9vasion : suspense sur les routes am\u00e9ricaines ; Fiction en Louisiane : une h\u00e9ro\u00efne face au danger ; Suspense dans un d\u00e9cor rural des ann\u00e9es 1980\" \/>\n<meta name=\"robots\" content=\"index, follow, max-snippet:-1, max-image-preview:large, max-video-preview:-1\" \/>\n<link rel=\"canonical\" href=\"https:\/\/ellington-photo.com\/ErosWalker\/mortelle-cavale-1\/\" \/>\n<meta property=\"og:locale\" content=\"fr_FR\" \/>\n<meta property=\"og:type\" content=\"article\" \/>\n<meta property=\"og:title\" content=\"Mortelle Cavale - Eros Walker Stories\" \/>\n<meta property=\"og:description\" content=\"Fuite nocturne en Louisiane : un r\u00e9cit captivant ; R\u00e9cit d\u2019\u00e9vasion : suspense sur les routes am\u00e9ricaines ; Fiction en Louisiane : une h\u00e9ro\u00efne face au danger ; Suspense dans un d\u00e9cor rural des ann\u00e9es 1980\" \/>\n<meta property=\"og:url\" content=\"https:\/\/ellington-photo.com\/ErosWalker\/mortelle-cavale-1\/\" \/>\n<meta property=\"og:site_name\" content=\"Eros Walker Stories\" \/>\n<meta property=\"article:modified_time\" content=\"2024-12-02T13:25:48+00:00\" \/>\n<meta property=\"og:image\" content=\"https:\/\/ellington-photo.com\/ErosWalker\/wp-content\/uploads\/2024\/12\/Designer-13.jpeg\" \/>\n\t<meta property=\"og:image:width\" content=\"1024\" \/>\n\t<meta property=\"og:image:height\" content=\"1024\" \/>\n\t<meta property=\"og:image:type\" content=\"image\/jpeg\" \/>\n<meta name=\"twitter:card\" content=\"summary_large_image\" \/>\n<meta name=\"twitter:label1\" content=\"Dur\u00e9e de lecture estim\u00e9e\" \/>\n\t<meta name=\"twitter:data1\" content=\"6 minutes\" \/>\n<script type=\"application\/ld+json\" class=\"yoast-schema-graph\">{\"@context\":\"https:\\\/\\\/schema.org\",\"@graph\":[{\"@type\":\"WebPage\",\"@id\":\"https:\\\/\\\/ellington-photo.com\\\/ErosWalker\\\/mortelle-cavale-1\\\/\",\"url\":\"https:\\\/\\\/ellington-photo.com\\\/ErosWalker\\\/mortelle-cavale-1\\\/\",\"name\":\"Mortelle Cavale - Eros Walker Stories\",\"isPartOf\":{\"@id\":\"https:\\\/\\\/ellington-photo.com\\\/ErosWalker\\\/#website\"},\"primaryImageOfPage\":{\"@id\":\"https:\\\/\\\/ellington-photo.com\\\/ErosWalker\\\/mortelle-cavale-1\\\/#primaryimage\"},\"image\":{\"@id\":\"https:\\\/\\\/ellington-photo.com\\\/ErosWalker\\\/mortelle-cavale-1\\\/#primaryimage\"},\"thumbnailUrl\":\"https:\\\/\\\/ellington-photo.com\\\/ErosWalker\\\/wp-content\\\/uploads\\\/2024\\\/12\\\/Designer-13.jpeg\",\"datePublished\":\"2024-11-25T10:24:32+00:00\",\"dateModified\":\"2024-12-02T13:25:48+00:00\",\"description\":\"Fuite nocturne en Louisiane : un r\u00e9cit captivant ; R\u00e9cit d\u2019\u00e9vasion : suspense sur les routes am\u00e9ricaines ; Fiction en Louisiane : une h\u00e9ro\u00efne face au danger ; Suspense dans un d\u00e9cor rural des ann\u00e9es 1980\",\"breadcrumb\":{\"@id\":\"https:\\\/\\\/ellington-photo.com\\\/ErosWalker\\\/mortelle-cavale-1\\\/#breadcrumb\"},\"inLanguage\":\"fr-FR\",\"potentialAction\":[{\"@type\":\"ReadAction\",\"target\":[\"https:\\\/\\\/ellington-photo.com\\\/ErosWalker\\\/mortelle-cavale-1\\\/\"]}]},{\"@type\":\"ImageObject\",\"inLanguage\":\"fr-FR\",\"@id\":\"https:\\\/\\\/ellington-photo.com\\\/ErosWalker\\\/mortelle-cavale-1\\\/#primaryimage\",\"url\":\"https:\\\/\\\/ellington-photo.com\\\/ErosWalker\\\/wp-content\\\/uploads\\\/2024\\\/12\\\/Designer-13.jpeg\",\"contentUrl\":\"https:\\\/\\\/ellington-photo.com\\\/ErosWalker\\\/wp-content\\\/uploads\\\/2024\\\/12\\\/Designer-13.jpeg\",\"width\":1024,\"height\":1024},{\"@type\":\"BreadcrumbList\",\"@id\":\"https:\\\/\\\/ellington-photo.com\\\/ErosWalker\\\/mortelle-cavale-1\\\/#breadcrumb\",\"itemListElement\":[{\"@type\":\"ListItem\",\"position\":1,\"name\":\"Accueil\",\"item\":\"https:\\\/\\\/ellington-photo.com\\\/ErosWalker\\\/\"},{\"@type\":\"ListItem\",\"position\":2,\"name\":\"Mortelle Cavale\"}]},{\"@type\":\"WebSite\",\"@id\":\"https:\\\/\\\/ellington-photo.com\\\/ErosWalker\\\/#website\",\"url\":\"https:\\\/\\\/ellington-photo.com\\\/ErosWalker\\\/\",\"name\":\"Eros Walker Stories\",\"description\":\"Litt\u00e9rature et images\",\"publisher\":{\"@id\":\"https:\\\/\\\/ellington-photo.com\\\/ErosWalker\\\/#organization\"},\"potentialAction\":[{\"@type\":\"SearchAction\",\"target\":{\"@type\":\"EntryPoint\",\"urlTemplate\":\"https:\\\/\\\/ellington-photo.com\\\/ErosWalker\\\/?s={search_term_string}\"},\"query-input\":{\"@type\":\"PropertyValueSpecification\",\"valueRequired\":true,\"valueName\":\"search_term_string\"}}],\"inLanguage\":\"fr-FR\"},{\"@type\":\"Organization\",\"@id\":\"https:\\\/\\\/ellington-photo.com\\\/ErosWalker\\\/#organization\",\"name\":\"Eros Walker Stories\",\"url\":\"https:\\\/\\\/ellington-photo.com\\\/ErosWalker\\\/\",\"logo\":{\"@type\":\"ImageObject\",\"inLanguage\":\"fr-FR\",\"@id\":\"https:\\\/\\\/ellington-photo.com\\\/ErosWalker\\\/#\\\/schema\\\/logo\\\/image\\\/\",\"url\":\"https:\\\/\\\/ellington-photo.com\\\/ErosWalker\\\/wp-content\\\/uploads\\\/2025\\\/05\\\/Chat-Noir.jpg\",\"contentUrl\":\"https:\\\/\\\/ellington-photo.com\\\/ErosWalker\\\/wp-content\\\/uploads\\\/2025\\\/05\\\/Chat-Noir.jpg\",\"width\":400,\"height\":391,\"caption\":\"Eros Walker Stories\"},\"image\":{\"@id\":\"https:\\\/\\\/ellington-photo.com\\\/ErosWalker\\\/#\\\/schema\\\/logo\\\/image\\\/\"},\"sameAs\":[\"https:\\\/\\\/www.linkedin.com\\\/in\\\/eros-walker-ab710a298\\\/\"]}]}<\/script>\n<!-- \/ Yoast SEO plugin. -->","yoast_head_json":{"title":"Mortelle Cavale - Eros Walker Stories","description":"Fuite nocturne en Louisiane : un r\u00e9cit captivant ; R\u00e9cit d\u2019\u00e9vasion : suspense sur les routes am\u00e9ricaines ; Fiction en Louisiane : une h\u00e9ro\u00efne face au danger ; Suspense dans un d\u00e9cor rural des ann\u00e9es 1980","robots":{"index":"index","follow":"follow","max-snippet":"max-snippet:-1","max-image-preview":"max-image-preview:large","max-video-preview":"max-video-preview:-1"},"canonical":"https:\/\/ellington-photo.com\/ErosWalker\/mortelle-cavale-1\/","og_locale":"fr_FR","og_type":"article","og_title":"Mortelle Cavale - Eros Walker Stories","og_description":"Fuite nocturne en Louisiane : un r\u00e9cit captivant ; R\u00e9cit d\u2019\u00e9vasion : suspense sur les routes am\u00e9ricaines ; Fiction en Louisiane : une h\u00e9ro\u00efne face au danger ; Suspense dans un d\u00e9cor rural des ann\u00e9es 1980","og_url":"https:\/\/ellington-photo.com\/ErosWalker\/mortelle-cavale-1\/","og_site_name":"Eros Walker Stories","article_modified_time":"2024-12-02T13:25:48+00:00","og_image":[{"width":1024,"height":1024,"url":"https:\/\/ellington-photo.com\/ErosWalker\/wp-content\/uploads\/2024\/12\/Designer-13.jpeg","type":"image\/jpeg"}],"twitter_card":"summary_large_image","twitter_misc":{"Dur\u00e9e de lecture estim\u00e9e":"6 minutes"},"schema":{"@context":"https:\/\/schema.org","@graph":[{"@type":"WebPage","@id":"https:\/\/ellington-photo.com\/ErosWalker\/mortelle-cavale-1\/","url":"https:\/\/ellington-photo.com\/ErosWalker\/mortelle-cavale-1\/","name":"Mortelle Cavale - Eros Walker Stories","isPartOf":{"@id":"https:\/\/ellington-photo.com\/ErosWalker\/#website"},"primaryImageOfPage":{"@id":"https:\/\/ellington-photo.com\/ErosWalker\/mortelle-cavale-1\/#primaryimage"},"image":{"@id":"https:\/\/ellington-photo.com\/ErosWalker\/mortelle-cavale-1\/#primaryimage"},"thumbnailUrl":"https:\/\/ellington-photo.com\/ErosWalker\/wp-content\/uploads\/2024\/12\/Designer-13.jpeg","datePublished":"2024-11-25T10:24:32+00:00","dateModified":"2024-12-02T13:25:48+00:00","description":"Fuite nocturne en Louisiane : un r\u00e9cit captivant ; R\u00e9cit d\u2019\u00e9vasion : suspense sur les routes am\u00e9ricaines ; Fiction en Louisiane : une h\u00e9ro\u00efne face au danger ; Suspense dans un d\u00e9cor rural des ann\u00e9es 1980","breadcrumb":{"@id":"https:\/\/ellington-photo.com\/ErosWalker\/mortelle-cavale-1\/#breadcrumb"},"inLanguage":"fr-FR","potentialAction":[{"@type":"ReadAction","target":["https:\/\/ellington-photo.com\/ErosWalker\/mortelle-cavale-1\/"]}]},{"@type":"ImageObject","inLanguage":"fr-FR","@id":"https:\/\/ellington-photo.com\/ErosWalker\/mortelle-cavale-1\/#primaryimage","url":"https:\/\/ellington-photo.com\/ErosWalker\/wp-content\/uploads\/2024\/12\/Designer-13.jpeg","contentUrl":"https:\/\/ellington-photo.com\/ErosWalker\/wp-content\/uploads\/2024\/12\/Designer-13.jpeg","width":1024,"height":1024},{"@type":"BreadcrumbList","@id":"https:\/\/ellington-photo.com\/ErosWalker\/mortelle-cavale-1\/#breadcrumb","itemListElement":[{"@type":"ListItem","position":1,"name":"Accueil","item":"https:\/\/ellington-photo.com\/ErosWalker\/"},{"@type":"ListItem","position":2,"name":"Mortelle Cavale"}]},{"@type":"WebSite","@id":"https:\/\/ellington-photo.com\/ErosWalker\/#website","url":"https:\/\/ellington-photo.com\/ErosWalker\/","name":"Eros Walker Stories","description":"Litt\u00e9rature et images","publisher":{"@id":"https:\/\/ellington-photo.com\/ErosWalker\/#organization"},"potentialAction":[{"@type":"SearchAction","target":{"@type":"EntryPoint","urlTemplate":"https:\/\/ellington-photo.com\/ErosWalker\/?s={search_term_string}"},"query-input":{"@type":"PropertyValueSpecification","valueRequired":true,"valueName":"search_term_string"}}],"inLanguage":"fr-FR"},{"@type":"Organization","@id":"https:\/\/ellington-photo.com\/ErosWalker\/#organization","name":"Eros Walker Stories","url":"https:\/\/ellington-photo.com\/ErosWalker\/","logo":{"@type":"ImageObject","inLanguage":"fr-FR","@id":"https:\/\/ellington-photo.com\/ErosWalker\/#\/schema\/logo\/image\/","url":"https:\/\/ellington-photo.com\/ErosWalker\/wp-content\/uploads\/2025\/05\/Chat-Noir.jpg","contentUrl":"https:\/\/ellington-photo.com\/ErosWalker\/wp-content\/uploads\/2025\/05\/Chat-Noir.jpg","width":400,"height":391,"caption":"Eros Walker Stories"},"image":{"@id":"https:\/\/ellington-photo.com\/ErosWalker\/#\/schema\/logo\/image\/"},"sameAs":["https:\/\/www.linkedin.com\/in\/eros-walker-ab710a298\/"]}]}},"_links":{"self":[{"href":"https:\/\/ellington-photo.com\/ErosWalker\/wp-json\/wp\/v2\/pages\/232","targetHints":{"allow":["GET"]}}],"collection":[{"href":"https:\/\/ellington-photo.com\/ErosWalker\/wp-json\/wp\/v2\/pages"}],"about":[{"href":"https:\/\/ellington-photo.com\/ErosWalker\/wp-json\/wp\/v2\/types\/page"}],"author":[{"embeddable":true,"href":"https:\/\/ellington-photo.com\/ErosWalker\/wp-json\/wp\/v2\/users\/1"}],"replies":[{"embeddable":true,"href":"https:\/\/ellington-photo.com\/ErosWalker\/wp-json\/wp\/v2\/comments?post=232"}],"version-history":[{"count":3,"href":"https:\/\/ellington-photo.com\/ErosWalker\/wp-json\/wp\/v2\/pages\/232\/revisions"}],"predecessor-version":[{"id":314,"href":"https:\/\/ellington-photo.com\/ErosWalker\/wp-json\/wp\/v2\/pages\/232\/revisions\/314"}],"wp:featuredmedia":[{"embeddable":true,"href":"https:\/\/ellington-photo.com\/ErosWalker\/wp-json\/wp\/v2\/media\/327"}],"wp:attachment":[{"href":"https:\/\/ellington-photo.com\/ErosWalker\/wp-json\/wp\/v2\/media?parent=232"}],"curies":[{"name":"wp","href":"https:\/\/api.w.org\/{rel}","templated":true}]}}